{"id":16159,"date":"2016-11-10T11:44:21","date_gmt":"2016-11-10T11:44:21","guid":{"rendered":"http:\/\/www.ledizioni.it\/?page_id=16159"},"modified":"2025-11-24T18:40:27","modified_gmt":"2025-11-24T16:40:27","slug":"comparatismi","status":"publish","type":"page","link":"https:\/\/www.ledizioni.it\/en\/comparatismi\/","title":{"rendered":"Comparatismi"},"content":{"rendered":"<p style=\"text-align: center;\"><a href=\"http:\/\/www.ledijournals.com\/ojs\/index.php\/comparatismi\/index\"><strong>Comparatismi.<br \/>\nRivista della Consulta di Critica letteraria e Letterature comparate<\/strong><\/a><\/p>\n<p style=\"text-align: justify;\">\u00abComparatismi\u00bb \u00e8 la rivista \u00e8 la rivista fondata dalla <a href=\"http:\/\/Consulta di Critica letteraria e Letterature comparate\">Consulta di critica letteraria e letterature comparate<\/a>. Si propone come\u00a0un luogo di ricerca e di dialogo tra le\u00a0diverse posizioni teoriche, critiche e metodologiche, focalizzandosi in particolare sui generi letterari, la comparatistica, il linguaggio della poesia, l&#8217;ermeneutica, \u00a0lo storytelling, la teoria della letteratura, la storia della critica, la semiotica del testo, la teoria e la storia della traduzione. L\u2019ambito di pertinenza investe la\u00a0letteratura, la pubblicit\u00e0, le life stories, i serial televisivi, il cinema, i graphic novel: intende accogliere contributi che rappresentino l\u2019attuale spettro di indagini rivolte alla letteratura, alla narrativit\u00e0 (nel senso pi\u00f9 ampio) e pi\u00f9 in generale alla comunicazione estetica.\u00a0\u00abComparatismi\u00bb\u00a0pubblica altres\u00ec contributi inediti e traduzioni di opere di autori stranieri che in anni recenti abbiano prodotto risultati di rilievo. Adotta l\u2019accesso aperto per favorire la diffusione e la discussione dei risultati della ricerca.<\/p>\n<div id=\"group\">\n<div id=\"group\"><strong>Coordinatori<\/strong><br \/>\nStefano Calabrese, Universit\u00e0 degli Studi di Modena e Reggio Emilia<br \/>\nFabio Vittorini, Universit\u00e0 IULM &#8211; Milano<strong>Comitato direttivo<\/strong><br \/>\nGiovanni Bottiroli, gi\u00e0 Universit\u00e0 degli studi di Bergamo<br \/>\nTiziana de Rogatis, Universit\u00e0 di Siena Stranieri<br \/>\nFederico Fastelli, Universit\u00e0 degli Studi di Firenze<br \/>\nMichela Meschini, Universit\u00e0 di Macerata<br \/>\nGiampiero Moretti, Universit\u00e0 di Napoli L&#8217;Orientale<br \/>\nVanessa Pietrantonio, Universit\u00e0 degli studi di Bologna<br \/>\nPaolo Proietti, Universit\u00e0 IULM<br \/>\nDagmar Reichardt, Latvian Academy of Culture<br \/>\nFranca Sinopoli, Universit\u00e0 La Sapienza &#8211; Roma<br \/>\nAndrea Tagliapietra, Universit\u00e0 C\u00e0 Foscari<\/p>\n<\/div>\n<div><\/div>\n<div><strong>Comitato scientifico<\/strong><br \/>\nRaffaella Bertazzoli, Universit\u00e0 degli Studi di Verona<br \/>\nCorin Braga, Universitatea Babes-Bolyai, Cluj Napoca<br \/>\nAlberto Casadei, Universit\u00e0 degli Studi di Pisa<br \/>\nRoberto Deidier, Universit\u00e0 degli Studi di Enna Kore<br \/>\nLorenzo Marchese, Universit\u00e0 degli studi di Palermo<br \/>\nGiuseppe Mazzotta, Yale University<br \/>\nAndrea Mirabile, Vanderbilt University<br \/>\nErnestina Pellegrini, Universit\u00e0 degli Studi di Firenze<br \/>\nTimoth\u00e9e Picard, Universit\u00e9 Rennes 2<br \/>\nGianni Puglisi, Universit\u00e0 IULM<br \/>\nFrancesca Seaman, DePauw University<br \/>\nMassimo Stella, Universit\u00e0 C\u00e0 Foscari<br \/>\nRoberto Talamo, Universit\u00e0 Telematica Pegaso<br \/>\nJean-Jacques Wunenburger, Universit\u00e9 Jean Moulin Lyon 3<br \/>\nGiovanna Zaganelli, Universit\u00e0 per Stranieri di Perugia<strong>Comitato Editoriale<\/strong><br \/>\nToni Marino, Universit\u00e0 degli studi di Perugia Stranieri (Managing Editor)<br \/>\nValentina Conti, Universit\u00e0 degli Studi di Modena e Reggio Emilia<br \/>\nFrancesca Medaglia, Sapienza Universit\u00e0 di Roma<br \/>\nFrancesca Monateri<br \/>\nDiego Salvadori, Universit\u00e0 degli Studi di Firenze<\/p>\n<\/div>\n<div class=\"member\">\n<p style=\"text-align: center;\"><strong><span style=\"text-decoration: underline;\">RIVISTA IN OPEN ACCESS, CONSULTABILE ONLINE <a href=\"http:\/\/www.ledijournals.com\/ojs\/index.php\/comparatismi\/index\" target=\"_blank\" rel=\"noopener\">QUI<\/a><\/span><\/strong><\/p>\n<\/div>\n<\/div>","protected":false},"excerpt":{"rendered":"<p>Comparatismi. Rivista della Consulta di Critica letteraria e Letterature comparate \u00abComparatismi\u00bb \u00e8 la rivista \u00e8 la rivista fondata dalla Consulta<\/p>","protected":false},"author":1,"featured_media":16162,"parent":0,"menu_order":0,"comment_status":"closed","ping_status":"closed","template":"","meta":{"_acf_changed":false,"footnotes":""},"class_list":["post-16159","page","type-page","status-publish","has-post-thumbnail","hentry"],"acf":[],"yoast_head":"<!-- This site is optimized with the Yoast SEO plugin v27.3 - https:\/\/yoast.com\/product\/yoast-seo-wordpress\/ -->\n<title>Comparatismi -<\/title>\n<meta name=\"description\" content=\"Ledizioni - Innovative Publishing. Casa editrice universitaria. Open Access. eBook, ePub. Creative Commons.\" \/>\n<meta name=\"robots\" content=\"index, follow, max-snippet:-1, max-image-preview:large, max-video-preview:-1\" \/>\n<link rel=\"canonical\" href=\"https:\/\/www.ledizioni.it\/en\/comparatismi\/\" \/>\n<meta property=\"og:locale\" content=\"en_GB\" \/>\n<meta property=\"og:type\" content=\"article\" \/>\n<meta property=\"og:title\" content=\"Comparatismi -\" \/>\n<meta property=\"og:description\" content=\"Ledizioni - Innovative Publishing. Casa editrice universitaria. Open Access. eBook, ePub. Creative Commons.\" \/>\n<meta property=\"og:url\" content=\"https:\/\/www.ledizioni.it\/en\/comparatismi\/\" \/>\n<meta property=\"og:site_name\" content=\"Ledizioni\" \/>\n<meta property=\"article:publisher\" content=\"https:\/\/www.facebook.com\/pages\/Ledizioni-LediPublishing\/109120559173329\" \/>\n<meta property=\"article:modified_time\" content=\"2025-11-24T16:40:27+00:00\" \/>\n<meta property=\"og:image\" content=\"https:\/\/www.ledizioni.it\/stag\/wp-content\/uploads\/2016\/11\/Compa.jpg\" \/>\n\t<meta property=\"og:image:width\" content=\"1472\" \/>\n\t<meta property=\"og:image:height\" content=\"2132\" \/>\n\t<meta property=\"og:image:type\" content=\"image\/jpeg\" \/>\n<meta name=\"twitter:card\" content=\"summary_large_image\" \/>\n<meta name=\"twitter:site\" content=\"@ledizioni\" \/>\n<meta name=\"twitter:label1\" content=\"Estimated reading time\" \/>\n\t<meta name=\"twitter:data1\" content=\"3 minutes\" \/>\n<script type=\"application\/ld+json\" class=\"yoast-schema-graph\">{\"@context\":\"https:\\\/\\\/schema.org\",\"@graph\":[{\"@type\":\"WebPage\",\"@id\":\"https:\\\/\\\/www.ledizioni.it\\\/comparatismi\\\/\",\"url\":\"https:\\\/\\\/www.ledizioni.it\\\/comparatismi\\\/\",\"name\":\"Comparatismi -\",\"isPartOf\":{\"@id\":\"https:\\\/\\\/www.ledizioni.it\\\/#website\"},\"primaryImageOfPage\":{\"@id\":\"https:\\\/\\\/www.ledizioni.it\\\/comparatismi\\\/#primaryimage\"},\"image\":{\"@id\":\"https:\\\/\\\/www.ledizioni.it\\\/comparatismi\\\/#primaryimage\"},\"thumbnailUrl\":\"https:\\\/\\\/www.ledizioni.it\\\/stag\\\/wp-content\\\/uploads\\\/2016\\\/11\\\/Compa.jpg\",\"datePublished\":\"2016-11-10T11:44:21+00:00\",\"dateModified\":\"2025-11-24T16:40:27+00:00\",\"description\":\"Ledizioni - Innovative Publishing. Casa editrice universitaria. Open Access. eBook, ePub. Creative Commons.\",\"inLanguage\":\"en-GB\",\"potentialAction\":[{\"@type\":\"ReadAction\",\"target\":[\"https:\\\/\\\/www.ledizioni.it\\\/comparatismi\\\/\"]}]},{\"@type\":\"ImageObject\",\"inLanguage\":\"en-GB\",\"@id\":\"https:\\\/\\\/www.ledizioni.it\\\/comparatismi\\\/#primaryimage\",\"url\":\"https:\\\/\\\/www.ledizioni.it\\\/stag\\\/wp-content\\\/uploads\\\/2016\\\/11\\\/Compa.jpg\",\"contentUrl\":\"https:\\\/\\\/www.ledizioni.it\\\/stag\\\/wp-content\\\/uploads\\\/2016\\\/11\\\/Compa.jpg\",\"width\":1472,\"height\":2132},{\"@type\":\"WebSite\",\"@id\":\"https:\\\/\\\/www.ledizioni.it\\\/#website\",\"url\":\"https:\\\/\\\/www.ledizioni.it\\\/\",\"name\":\"Ledizioni\",\"description\":\"The Innovative LediPublishing Company - Casa Editrice Universitaria\",\"publisher\":{\"@id\":\"https:\\\/\\\/www.ledizioni.it\\\/#organization\"},\"potentialAction\":[{\"@type\":\"SearchAction\",\"target\":{\"@type\":\"EntryPoint\",\"urlTemplate\":\"https:\\\/\\\/www.ledizioni.it\\\/?s={search_term_string}\"},\"query-input\":{\"@type\":\"PropertyValueSpecification\",\"valueRequired\":true,\"valueName\":\"search_term_string\"}}],\"inLanguage\":\"en-GB\"},{\"@type\":\"Organization\",\"@id\":\"https:\\\/\\\/www.ledizioni.it\\\/#organization\",\"name\":\"Ledizioni\",\"url\":\"https:\\\/\\\/www.ledizioni.it\\\/\",\"logo\":{\"@type\":\"ImageObject\",\"inLanguage\":\"en-GB\",\"@id\":\"https:\\\/\\\/www.ledizioni.it\\\/#\\\/schema\\\/logo\\\/image\\\/\",\"url\":\"https:\\\/\\\/www.ledizioni.it\\\/stag\\\/wp-content\\\/uploads\\\/2023\\\/10\\\/newlogoledizioni500x110_2-1.jpg\",\"contentUrl\":\"https:\\\/\\\/www.ledizioni.it\\\/stag\\\/wp-content\\\/uploads\\\/2023\\\/10\\\/newlogoledizioni500x110_2-1.jpg\",\"width\":354,\"height\":87,\"caption\":\"Ledizioni\"},\"image\":{\"@id\":\"https:\\\/\\\/www.ledizioni.it\\\/#\\\/schema\\\/logo\\\/image\\\/\"},\"sameAs\":[\"https:\\\/\\\/www.facebook.com\\\/pages\\\/Ledizioni-LediPublishing\\\/109120559173329\",\"https:\\\/\\\/x.com\\\/ledizioni\"]}]}<\/script>\n<!-- \/ Yoast SEO plugin. -->","yoast_head_json":{"title":"Comparatismi -","description":"Ledizioni - Innovative Publishing. Casa editrice universitaria. Open Access. eBook, ePub. Creative Commons.","robots":{"index":"index","follow":"follow","max-snippet":"max-snippet:-1","max-image-preview":"max-image-preview:large","max-video-preview":"max-video-preview:-1"},"canonical":"https:\/\/www.ledizioni.it\/en\/comparatismi\/","og_locale":"en_GB","og_type":"article","og_title":"Comparatismi -","og_description":"Ledizioni - Innovative Publishing. Casa editrice universitaria. Open Access. eBook, ePub. Creative Commons.","og_url":"https:\/\/www.ledizioni.it\/en\/comparatismi\/","og_site_name":"Ledizioni","article_publisher":"https:\/\/www.facebook.com\/pages\/Ledizioni-LediPublishing\/109120559173329","article_modified_time":"2025-11-24T16:40:27+00:00","og_image":[{"width":1472,"height":2132,"url":"https:\/\/www.ledizioni.it\/stag\/wp-content\/uploads\/2016\/11\/Compa.jpg","type":"image\/jpeg"}],"twitter_card":"summary_large_image","twitter_site":"@ledizioni","twitter_misc":{"Estimated reading time":"3 minutes"},"schema":{"@context":"https:\/\/schema.org","@graph":[{"@type":"WebPage","@id":"https:\/\/www.ledizioni.it\/comparatismi\/","url":"https:\/\/www.ledizioni.it\/comparatismi\/","name":"Comparatismi -","isPartOf":{"@id":"https:\/\/www.ledizioni.it\/#website"},"primaryImageOfPage":{"@id":"https:\/\/www.ledizioni.it\/comparatismi\/#primaryimage"},"image":{"@id":"https:\/\/www.ledizioni.it\/comparatismi\/#primaryimage"},"thumbnailUrl":"https:\/\/www.ledizioni.it\/stag\/wp-content\/uploads\/2016\/11\/Compa.jpg","datePublished":"2016-11-10T11:44:21+00:00","dateModified":"2025-11-24T16:40:27+00:00","description":"Ledizioni - Innovative Publishing. Casa editrice universitaria. Open Access. eBook, ePub. Creative Commons.","inLanguage":"en-GB","potentialAction":[{"@type":"ReadAction","target":["https:\/\/www.ledizioni.it\/comparatismi\/"]}]},{"@type":"ImageObject","inLanguage":"en-GB","@id":"https:\/\/www.ledizioni.it\/comparatismi\/#primaryimage","url":"https:\/\/www.ledizioni.it\/stag\/wp-content\/uploads\/2016\/11\/Compa.jpg","contentUrl":"https:\/\/www.ledizioni.it\/stag\/wp-content\/uploads\/2016\/11\/Compa.jpg","width":1472,"height":2132},{"@type":"WebSite","@id":"https:\/\/www.ledizioni.it\/#website","url":"https:\/\/www.ledizioni.it\/","name":"Ledizioni","description":"The Innovative LediPublishing Company - Casa Editrice Universitaria","publisher":{"@id":"https:\/\/www.ledizioni.it\/#organization"},"potentialAction":[{"@type":"SearchAction","target":{"@type":"EntryPoint","urlTemplate":"https:\/\/www.ledizioni.it\/?s={search_term_string}"},"query-input":{"@type":"PropertyValueSpecification","valueRequired":true,"valueName":"search_term_string"}}],"inLanguage":"en-GB"},{"@type":"Organization","@id":"https:\/\/www.ledizioni.it\/#organization","name":"Ledizioni","url":"https:\/\/www.ledizioni.it\/","logo":{"@type":"ImageObject","inLanguage":"en-GB","@id":"https:\/\/www.ledizioni.it\/#\/schema\/logo\/image\/","url":"https:\/\/www.ledizioni.it\/stag\/wp-content\/uploads\/2023\/10\/newlogoledizioni500x110_2-1.jpg","contentUrl":"https:\/\/www.ledizioni.it\/stag\/wp-content\/uploads\/2023\/10\/newlogoledizioni500x110_2-1.jpg","width":354,"height":87,"caption":"Ledizioni"},"image":{"@id":"https:\/\/www.ledizioni.it\/#\/schema\/logo\/image\/"},"sameAs":["https:\/\/www.facebook.com\/pages\/Ledizioni-LediPublishing\/109120559173329","https:\/\/x.com\/ledizioni"]}]}},"jetpack_sharing_enabled":true,"_links":{"self":[{"href":"https:\/\/www.ledizioni.it\/en\/wp-json\/wp\/v2\/pages\/16159","targetHints":{"allow":["GET"]}}],"collection":[{"href":"https:\/\/www.ledizioni.it\/en\/wp-json\/wp\/v2\/pages"}],"about":[{"href":"https:\/\/www.ledizioni.it\/en\/wp-json\/wp\/v2\/types\/page"}],"author":[{"embeddable":true,"href":"https:\/\/www.ledizioni.it\/en\/wp-json\/wp\/v2\/users\/1"}],"replies":[{"embeddable":true,"href":"https:\/\/www.ledizioni.it\/en\/wp-json\/wp\/v2\/comments?post=16159"}],"version-history":[{"count":7,"href":"https:\/\/www.ledizioni.it\/en\/wp-json\/wp\/v2\/pages\/16159\/revisions"}],"predecessor-version":[{"id":84117,"href":"https:\/\/www.ledizioni.it\/en\/wp-json\/wp\/v2\/pages\/16159\/revisions\/84117"}],"wp:featuredmedia":[{"embeddable":true,"href":"https:\/\/www.ledizioni.it\/en\/wp-json\/wp\/v2\/media\/16162"}],"wp:attachment":[{"href":"https:\/\/www.ledizioni.it\/en\/wp-json\/wp\/v2\/media?parent=16159"}],"curies":[{"name":"wp","href":"https:\/\/api.w.org\/{rel}","templated":true}]}}