{"id":268,"date":"2011-04-01T11:17:52","date_gmt":"2011-04-01T11:17:52","guid":{"rendered":"http:\/\/www.ledizioni.it\/site\/?page_id=268"},"modified":"2013-08-30T10:59:44","modified_gmt":"2013-08-30T10:59:44","slug":"sociologia-delleducazione","status":"publish","type":"page","link":"https:\/\/www.ledizioni.it\/en\/collane\/467-2\/sociologia-delleducazione\/","title":{"rendered":"Sociologia dell&#8217;educazione"},"content":{"rendered":"<h4><\/h4>\n<h4><span style=\"color: #000000;\">Comitato Scientifico:<\/span><\/h4>\n<p>Luisa Ribolzi &#8211; Universit\u00e0 di Genova<br \/>\nAlessandro Cavalli &#8211; Universit\u00e0 di Pavia<br \/>\nSilvio Scanagatta &#8211; Universit\u00e0 di Padova<br \/>\nPaolo Trivellato &#8211; Universit\u00e0 di Milano Bicocca<\/p>\n<h4><span style=\"color: #000000;\">Ambito e scopo:<\/span><\/h4>\n<p>La collana Sociologia dell&#8217;educazione si pone lo scopo rendere disponibili volumi specialistici inerenti svariate tematiche riguardanti la sociologia dell&#8217;educazione, i processi di apprendimento e di insegnamento.<\/p>\n<h3 style=\"text-align: center;\"><strong><span style=\"color: #ff0000;\">I TITOLI DI QUESTA COLLANA<\/span><\/strong><\/h3>\n<div class=\"woocommerce columns-4\">\n<div class=\"products elements-grid wd-products-holder  wd-spacing-10 grid-columns-4 pagination-pagination align-items-start row\" data-source=\"main_loop\" data-min_price=\"\" data-max_price=\"\" data-columns=\"4\">\n<div class=\"product-grid-item product wd-hover-info-alt  col-lg-3 col-md-3 col-6 first  type-product post-6721 status-publish instock product_cat-sociologia-delleducazione product_tag-educazione product_tag-elearning product_tag-scuola product_tag-tecnologia has-post-thumbnail shipping-taxable purchasable product-type-simple\" data-loop=\"1\" data-id=\"6721\">\n\t\t\t\t\n\t<div class=\"product-wrapper\">\n\t<div class=\"product-element-top wd-quick-shop\">\n\t\t<a href=\"https:\/\/www.ledizioni.it\/en\/product\/valeria-pandolfini-dal-gessetto-alla-tastiera\/\" class=\"product-image-link\">\n\t\t\t<img fetchpriority=\"high\" decoding=\"async\" width=\"300\" height=\"390\" src=\"https:\/\/www.ledizioni.it\/stag\/wp-content\/uploads\/2011\/11\/GESSETTO-300x390.png\" class=\"attachment-woocommerce_thumbnail size-woocommerce_thumbnail wp-image-21077\" alt=\"\" srcset=\"https:\/\/www.ledizioni.it\/stag\/wp-content\/uploads\/2011\/11\/GESSETTO-300x390.png 300w, https:\/\/www.ledizioni.it\/stag\/wp-content\/uploads\/2011\/11\/GESSETTO-192x250.png 192w, https:\/\/www.ledizioni.it\/stag\/wp-content\/uploads\/2011\/11\/GESSETTO-231x300.png 231w, https:\/\/www.ledizioni.it\/stag\/wp-content\/uploads\/2011\/11\/GESSETTO-9x12.png 9w, https:\/\/www.ledizioni.it\/stag\/wp-content\/uploads\/2011\/11\/GESSETTO-369x480.png 369w, https:\/\/www.ledizioni.it\/stag\/wp-content\/uploads\/2011\/11\/GESSETTO.png 400w\" sizes=\"(max-width: 300px) 100vw, 300px\" \/>\t\t<\/a>\n\n\t\t\t<\/div>\n\n\t<div class=\"top-information wd-fill\">\n\n\t\t<h3 class=\"wd-entities-title\"><a href=\"https:\/\/www.ledizioni.it\/en\/product\/valeria-pandolfini-dal-gessetto-alla-tastiera\/\">DAL GESSETTO ALLA TASTIERA<\/a><\/h3>\t\t\t\t<div class=\"wd-product-cats\">\n\t\t\t<a href=\"https:\/\/www.ledizioni.it\/en\/product-category\/sociology\/sociologia-delleducazione\/\" rel=\"tag\">Sociologia dell&#039;educazione<\/a>\t\t<\/div>\n\t\t\n\t\t\t\t\t\t\n\t<span class=\"price\"><span class=\"woocommerce-Price-amount amount\"><bdi>28,00&nbsp;<span class=\"woocommerce-Price-currencySymbol\">&euro;<\/span><\/bdi><\/span><\/span>\n\n\t\t<div class=\"wd-add-btn wd-add-btn-replace\">\n\t\t\t<a title='Quick View' class='shopengine-quickview-trigger se-btn'\n\t\t\t\t\tdata-source-url='https:\/\/www.ledizioni.it\/en\/product\/valeria-pandolfini-dal-gessetto-alla-tastiera\/'\n\t\t\t\t\thref='https:\/\/www.ledizioni.it\/en\/product\/valeria-pandolfini-dal-gessetto-alla-tastiera\/'>\n\t\t\t\t\t<i class=\"shopengine-icon-quick_view_1\"><\/i>\n\t\t\t\t<\/a><a href=\"\/en\/wp-json\/wp\/v2\/pages\/268?add-to-cart=6721\" data-quantity=\"1\" class=\"button product_type_simple add_to_cart_button ajax_add_to_cart add-to-cart-loop\" data-product_id=\"6721\" data-product_sku=\"9788895994307\" aria-label=\"Add to basket: \u201cDAL GESSETTO ALLA TASTIERA\u201d\" rel=\"nofollow\" data-success_message=\"\u201cDAL GESSETTO ALLA TASTIERA\u201d has been added to your cart\" data-no-translation-aria-label=\"\" data-no-translation-data-success_message=\"\"><span data-no-translation=\"\" data-trp-gettext=\"\">Add to basket<\/span><\/a>\t\t\t\t\t<\/div>\n\t<\/div>\n\n\t<div class=\"wd-buttons wd-pos-r-t color-scheme-light\">\n\t\t\t\t\t\t<div class=\"wd-compare-btn product-compare-button wd-action-btn wd-style-icon wd-compare-icon\">\n\t\t\t<a href=\"https:\/\/www.ledizioni.it\/en\/compare\/\" data-id=\"6721\" rel=\"nofollow\" data-added-text=\"Compare products\">\n\t\t\t\t<span>Compare<\/span>\n\t\t\t<\/a>\n\t\t<\/div>\n\t\t\t\t\t\t<div class=\"quick-view wd-action-btn wd-style-icon wd-quick-view-icon\">\n\t\t\t<a\n\t\t\t\thref=\"https:\/\/www.ledizioni.it\/en\/product\/valeria-pandolfini-dal-gessetto-alla-tastiera\/\"\n\t\t\t\tclass=\"open-quick-view quick-view-button\"\n\t\t\t\trel=\"nofollow\"\n\t\t\t\tdata-id=\"6721\"\n\t\t\t\t>Quick view<\/a>\n\t\t<\/div>\n\t\t\t\t\t\t\t<div class=\"wd-wishlist-btn wd-action-btn wd-style-icon wd-wishlist-icon\">\n\t\t\t\t<a class=\"\" href=\"https:\/\/www.ledizioni.it\/en\/product\/valeria-pandolfini-dal-gessetto-alla-tastiera\/\" data-key=\"8ac7610091\" data-product-id=\"6721\" rel=\"nofollow\" data-added-text=\"Browse Wishlist\">\n\t\t\t\t\t<span>Add to wishlist<\/span>\n\t\t\t\t<\/a>\n\t\t\t<\/div>\n\t\t\t<\/div>\n\n<\/div>\n\n\n<\/div>\n<\/div><\/div>","protected":false},"excerpt":{"rendered":"<p>Comitato Scientifico: Luisa Ribolzi &#8211; Universit\u00e0 di Genova Alessandro Cavalli &#8211; Universit\u00e0 di Pavia Silvio Scanagatta &#8211; Universit\u00e0 di Padova<\/p>","protected":false},"author":1,"featured_media":0,"parent":467,"menu_order":0,"comment_status":"open","ping_status":"closed","template":"","meta":{"_acf_changed":false,"footnotes":""},"class_list":["post-268","page","type-page","status-publish","hentry"],"acf":[],"yoast_head":"<!-- This site is optimized with the Yoast SEO plugin v27.3 - https:\/\/yoast.com\/product\/yoast-seo-wordpress\/ -->\n<title>Sociologia dell&#039;educazione -<\/title>\n<meta name=\"description\" content=\"Ledizioni - Innovative Publishing. Casa editrice universitaria. Open Access. eBook, ePub. Creative Commons.\" \/>\n<meta name=\"robots\" content=\"index, follow, max-snippet:-1, max-image-preview:large, max-video-preview:-1\" \/>\n<link rel=\"canonical\" href=\"https:\/\/www.ledizioni.it\/en\/collane\/467-2\/sociologia-delleducazione\/\" \/>\n<meta property=\"og:locale\" content=\"en_GB\" \/>\n<meta property=\"og:type\" content=\"article\" \/>\n<meta property=\"og:title\" content=\"Sociologia dell&#039;educazione -\" \/>\n<meta property=\"og:description\" content=\"Ledizioni - Innovative Publishing. Casa editrice universitaria. Open Access. eBook, ePub. Creative Commons.\" \/>\n<meta property=\"og:url\" content=\"https:\/\/www.ledizioni.it\/en\/collane\/467-2\/sociologia-delleducazione\/\" \/>\n<meta property=\"og:site_name\" content=\"Ledizioni\" \/>\n<meta property=\"article:publisher\" content=\"https:\/\/www.facebook.com\/pages\/Ledizioni-LediPublishing\/109120559173329\" \/>\n<meta property=\"article:modified_time\" content=\"2013-08-30T10:59:44+00:00\" \/>\n<meta name=\"twitter:card\" content=\"summary_large_image\" \/>\n<meta name=\"twitter:site\" content=\"@ledizioni\" \/>\n<script type=\"application\/ld+json\" class=\"yoast-schema-graph\">{\"@context\":\"https:\\\/\\\/schema.org\",\"@graph\":[{\"@type\":\"WebPage\",\"@id\":\"https:\\\/\\\/www.ledizioni.it\\\/collane\\\/467-2\\\/sociologia-delleducazione\\\/\",\"url\":\"https:\\\/\\\/www.ledizioni.it\\\/collane\\\/467-2\\\/sociologia-delleducazione\\\/\",\"name\":\"Sociologia dell'educazione -\",\"isPartOf\":{\"@id\":\"https:\\\/\\\/www.ledizioni.it\\\/#website\"},\"datePublished\":\"2011-04-01T11:17:52+00:00\",\"dateModified\":\"2013-08-30T10:59:44+00:00\",\"description\":\"Ledizioni - Innovative Publishing. Casa editrice universitaria. Open Access. eBook, ePub. Creative Commons.\",\"breadcrumb\":{\"@id\":\"https:\\\/\\\/www.ledizioni.it\\\/collane\\\/467-2\\\/sociologia-delleducazione\\\/#breadcrumb\"},\"inLanguage\":\"en-GB\",\"potentialAction\":[{\"@type\":\"ReadAction\",\"target\":[\"https:\\\/\\\/www.ledizioni.it\\\/collane\\\/467-2\\\/sociologia-delleducazione\\\/\"]}]},{\"@type\":\"BreadcrumbList\",\"@id\":\"https:\\\/\\\/www.ledizioni.it\\\/collane\\\/467-2\\\/sociologia-delleducazione\\\/#breadcrumb\",\"itemListElement\":[{\"@type\":\"ListItem\",\"position\":1,\"name\":\"Collane\",\"item\":\"https:\\\/\\\/www.ledizioni.it\\\/collane\\\/\"},{\"@type\":\"ListItem\",\"position\":2,\"name\":\"Sociologia\",\"item\":\"https:\\\/\\\/www.ledizioni.it\\\/collane\\\/467-2\\\/\"},{\"@type\":\"ListItem\",\"position\":3,\"name\":\"Sociologia dell&#8217;educazione\"}]},{\"@type\":\"WebSite\",\"@id\":\"https:\\\/\\\/www.ledizioni.it\\\/#website\",\"url\":\"https:\\\/\\\/www.ledizioni.it\\\/\",\"name\":\"Ledizioni\",\"description\":\"The Innovative LediPublishing Company - Casa Editrice Universitaria\",\"publisher\":{\"@id\":\"https:\\\/\\\/www.ledizioni.it\\\/#organization\"},\"potentialAction\":[{\"@type\":\"SearchAction\",\"target\":{\"@type\":\"EntryPoint\",\"urlTemplate\":\"https:\\\/\\\/www.ledizioni.it\\\/?s={search_term_string}\"},\"query-input\":{\"@type\":\"PropertyValueSpecification\",\"valueRequired\":true,\"valueName\":\"search_term_string\"}}],\"inLanguage\":\"en-GB\"},{\"@type\":\"Organization\",\"@id\":\"https:\\\/\\\/www.ledizioni.it\\\/#organization\",\"name\":\"Ledizioni\",\"url\":\"https:\\\/\\\/www.ledizioni.it\\\/\",\"logo\":{\"@type\":\"ImageObject\",\"inLanguage\":\"en-GB\",\"@id\":\"https:\\\/\\\/www.ledizioni.it\\\/#\\\/schema\\\/logo\\\/image\\\/\",\"url\":\"https:\\\/\\\/www.ledizioni.it\\\/stag\\\/wp-content\\\/uploads\\\/2023\\\/10\\\/newlogoledizioni500x110_2-1.jpg\",\"contentUrl\":\"https:\\\/\\\/www.ledizioni.it\\\/stag\\\/wp-content\\\/uploads\\\/2023\\\/10\\\/newlogoledizioni500x110_2-1.jpg\",\"width\":354,\"height\":87,\"caption\":\"Ledizioni\"},\"image\":{\"@id\":\"https:\\\/\\\/www.ledizioni.it\\\/#\\\/schema\\\/logo\\\/image\\\/\"},\"sameAs\":[\"https:\\\/\\\/www.facebook.com\\\/pages\\\/Ledizioni-LediPublishing\\\/109120559173329\",\"https:\\\/\\\/x.com\\\/ledizioni\"]}]}<\/script>\n<!-- \/ Yoast SEO plugin. -->","yoast_head_json":{"title":"Sociologia dell'educazione -","description":"Ledizioni - Innovative Publishing. Casa editrice universitaria. Open Access. eBook, ePub. Creative Commons.","robots":{"index":"index","follow":"follow","max-snippet":"max-snippet:-1","max-image-preview":"max-image-preview:large","max-video-preview":"max-video-preview:-1"},"canonical":"https:\/\/www.ledizioni.it\/en\/collane\/467-2\/sociologia-delleducazione\/","og_locale":"en_GB","og_type":"article","og_title":"Sociologia dell'educazione -","og_description":"Ledizioni - Innovative Publishing. Casa editrice universitaria. Open Access. eBook, ePub. Creative Commons.","og_url":"https:\/\/www.ledizioni.it\/en\/collane\/467-2\/sociologia-delleducazione\/","og_site_name":"Ledizioni","article_publisher":"https:\/\/www.facebook.com\/pages\/Ledizioni-LediPublishing\/109120559173329","article_modified_time":"2013-08-30T10:59:44+00:00","twitter_card":"summary_large_image","twitter_site":"@ledizioni","schema":{"@context":"https:\/\/schema.org","@graph":[{"@type":"WebPage","@id":"https:\/\/www.ledizioni.it\/collane\/467-2\/sociologia-delleducazione\/","url":"https:\/\/www.ledizioni.it\/collane\/467-2\/sociologia-delleducazione\/","name":"Sociologia dell'educazione -","isPartOf":{"@id":"https:\/\/www.ledizioni.it\/#website"},"datePublished":"2011-04-01T11:17:52+00:00","dateModified":"2013-08-30T10:59:44+00:00","description":"Ledizioni - Innovative Publishing. Casa editrice universitaria. Open Access. eBook, ePub. Creative Commons.","breadcrumb":{"@id":"https:\/\/www.ledizioni.it\/collane\/467-2\/sociologia-delleducazione\/#breadcrumb"},"inLanguage":"en-GB","potentialAction":[{"@type":"ReadAction","target":["https:\/\/www.ledizioni.it\/collane\/467-2\/sociologia-delleducazione\/"]}]},{"@type":"BreadcrumbList","@id":"https:\/\/www.ledizioni.it\/collane\/467-2\/sociologia-delleducazione\/#breadcrumb","itemListElement":[{"@type":"ListItem","position":1,"name":"Collane","item":"https:\/\/www.ledizioni.it\/collane\/"},{"@type":"ListItem","position":2,"name":"Sociologia","item":"https:\/\/www.ledizioni.it\/collane\/467-2\/"},{"@type":"ListItem","position":3,"name":"Sociologia dell&#8217;educazione"}]},{"@type":"WebSite","@id":"https:\/\/www.ledizioni.it\/#website","url":"https:\/\/www.ledizioni.it\/","name":"Ledizioni","description":"The Innovative LediPublishing Company - Casa Editrice Universitaria","publisher":{"@id":"https:\/\/www.ledizioni.it\/#organization"},"potentialAction":[{"@type":"SearchAction","target":{"@type":"EntryPoint","urlTemplate":"https:\/\/www.ledizioni.it\/?s={search_term_string}"},"query-input":{"@type":"PropertyValueSpecification","valueRequired":true,"valueName":"search_term_string"}}],"inLanguage":"en-GB"},{"@type":"Organization","@id":"https:\/\/www.ledizioni.it\/#organization","name":"Ledizioni","url":"https:\/\/www.ledizioni.it\/","logo":{"@type":"ImageObject","inLanguage":"en-GB","@id":"https:\/\/www.ledizioni.it\/#\/schema\/logo\/image\/","url":"https:\/\/www.ledizioni.it\/stag\/wp-content\/uploads\/2023\/10\/newlogoledizioni500x110_2-1.jpg","contentUrl":"https:\/\/www.ledizioni.it\/stag\/wp-content\/uploads\/2023\/10\/newlogoledizioni500x110_2-1.jpg","width":354,"height":87,"caption":"Ledizioni"},"image":{"@id":"https:\/\/www.ledizioni.it\/#\/schema\/logo\/image\/"},"sameAs":["https:\/\/www.facebook.com\/pages\/Ledizioni-LediPublishing\/109120559173329","https:\/\/x.com\/ledizioni"]}]}},"jetpack_sharing_enabled":true,"_links":{"self":[{"href":"https:\/\/www.ledizioni.it\/en\/wp-json\/wp\/v2\/pages\/268","targetHints":{"allow":["GET"]}}],"collection":[{"href":"https:\/\/www.ledizioni.it\/en\/wp-json\/wp\/v2\/pages"}],"about":[{"href":"https:\/\/www.ledizioni.it\/en\/wp-json\/wp\/v2\/types\/page"}],"author":[{"embeddable":true,"href":"https:\/\/www.ledizioni.it\/en\/wp-json\/wp\/v2\/users\/1"}],"replies":[{"embeddable":true,"href":"https:\/\/www.ledizioni.it\/en\/wp-json\/wp\/v2\/comments?post=268"}],"version-history":[{"count":2,"href":"https:\/\/www.ledizioni.it\/en\/wp-json\/wp\/v2\/pages\/268\/revisions"}],"predecessor-version":[{"id":62450,"href":"https:\/\/www.ledizioni.it\/en\/wp-json\/wp\/v2\/pages\/268\/revisions\/62450"}],"up":[{"embeddable":true,"href":"https:\/\/www.ledizioni.it\/en\/wp-json\/wp\/v2\/pages\/467"}],"wp:attachment":[{"href":"https:\/\/www.ledizioni.it\/en\/wp-json\/wp\/v2\/media?parent=268"}],"curies":[{"name":"wp","href":"https:\/\/api.w.org\/{rel}","templated":true}]}}