{"id":4294,"date":"2012-05-08T15:27:46","date_gmt":"2012-05-08T13:27:46","guid":{"rendered":"http:\/\/www.ledizioni.it\/sito\/?page_id=4294"},"modified":"2023-12-12T10:41:02","modified_gmt":"2023-12-12T08:41:02","slug":"presentazioni-libri","status":"publish","type":"page","link":"https:\/\/www.ledizioni.it\/en\/eventi\/presentazioni-libri\/","title":{"rendered":"Presentazioni Libri"},"content":{"rendered":"<h3>09\/04\/2013 &#8211; L&#8217; editoria fra cartaceo e digitale<\/h3>\n<div><\/div>\n<div><em><em><img fetchpriority=\"high\" decoding=\"async\" class=\"alignleft\" title=\"Gino Roncaglia - Editoria\" src=\"http:\/\/www.ledizioni.it\/sito\/wp-content\/uploads\/2012\/11\/copertina_3d-267x300.jpg\" alt=\"\" width=\"267\" height=\"300\" \/>Videochat su Rai Letteratura con l&#8217;autore Gino Roncaglia, conduce Isabella Donfrancesco<a href=\"http:\/\/www.ledizioni.it\/sito\/wp-content\/uploads\/2012\/08\/Copertina_web1.jpg\"><br \/>\n<\/a><\/em><\/em><\/div>\n<p>Maggiori informazioni, diretta streaming e chat <a title=\"RaiLetteratura\" href=\"http:\/\/www.letteratura.rai.it\/categorie\/videochat\/55\/1\/default.aspx\">qui<\/a><\/p>\n<p>Quando? Marted\u00ec 09\/04\/2013 dalle 15.00 alle 15.35<\/p>\n<p><a title=\"Gino Roncaglia - Editoria\" href=\"http:\/\/www.ledizioni.it\/en\/sito\/2012\/11\/leditoria-fra-cartaceo-e-digitale-gino-roncaglia\/\" target=\"_blank\" rel=\"noopener\">Informazioni sul libro qui<\/a><\/p>\n<p>&nbsp;<\/p>\n<p>&nbsp;<\/p>\n<p>&nbsp;<\/p>\n<p>&nbsp;<\/p>\n<p>&nbsp;<\/p>\n<p>&nbsp;<br \/>\n&#8211; &#8211; &#8211; &#8211; &#8211; &#8211; &#8211; &#8211; &#8211; &#8211; &#8211; &#8211; &#8211; &#8211; &#8211; &#8211; &#8211; &#8211; &#8211; &#8211; &#8211; &#8211; &#8211; &#8211; &#8211; &#8211; &#8211; &#8211; &#8211; &#8211; &#8211; &#8211; &#8211; &#8211; &#8211; &#8211; &#8211; &#8211; &#8211; &#8211; &#8211; &#8211; &#8211; &#8211; &#8211; &#8211; &#8211; &#8211; &#8211; &#8211; &#8211; &#8211; &#8211; &#8212; &#8211; &#8211; &#8211; &#8211; &#8211; &#8211; &#8211; &#8211;<\/p>\n<h3>23\/04\/2013 &#8211; Le borgate del fascismo. Storia urbana, politica e sociale della periferia romana<\/h3>\n<div><\/div>\n<div><em><em><a href=\"http:\/\/www.ledizioni.it\/sito\/wp-content\/uploads\/2012\/08\/Copertina_web1.jpg\"><img decoding=\"async\" class=\"alignleft\" title=\"Luciano Villani - Borgate del fascismo\" src=\"http:\/\/www.ledizioni.it\/sito\/wp-content\/uploads\/2012\/05\/3dcopertina.villani7501-222x300.jpg\" alt=\"\" width=\"222\" height=\"300\" \/><\/a><strong>Introduce:<\/strong>Vittorio Vidotto<\/em><\/em><strong>Intervengono:<\/strong> Claudia Mattogno, Fernando Salsano<br \/>\n<strong>Dove:<\/strong> Biblioteca di storia moderna e contemporanea &#8211; Palazzo Mattei di Giove<br \/>\nVia Michelangelo Caetani 32 &#8211; Roma<br \/>\n<strong>Quando:<\/strong> Marted\u00ec 23 aprile 2013, ore 17.00<\/div>\n<p><a href=\"http:\/\/www.ledizioni.it\/sito\/wp-content\/uploads\/2012\/05\/locandina-villani-1.pdf\">Scarica la locandina<\/a><br \/>\nLe borgate nate in epoca fascista rappresentano una pagina fondamentale della storia di Roma contemporanea. Additate come i luoghi pi\u00f9 malfamati della citt\u00e0, specchio dei suoi contrasti socio-economici e urbanistici, in esse pu\u00f2 riassumersi il modo disordinato in cui la capitale \u00e8 cresciuta e si \u00e8 sviluppata. Avamposti dell\u2019espansione edilizia del secondo dopoguerra, le borgate hanno costituito il luogo d\u2019approdo per migliaia di famiglie dalle molteplici provenienze.<\/p>\n<p>Sar\u00e0 Presente l&#8217;autore Luciano Villani. <a href=\"http:\/\/www.ledizioni.it\/en\/sito\/2012\/05\/le-borgate-del-fascismo-luciano-villani\/\" target=\"_blank\" rel=\"noopener\">Maggiori informazioni sul volume qui<\/a><br \/>\n&#8211; &#8211; &#8211; &#8211; &#8211; &#8211; &#8211; &#8211; &#8211; &#8211; &#8211; &#8211; &#8211; &#8211; &#8211; &#8211; &#8211; &#8211; &#8211; &#8211; &#8211; &#8211; &#8211; &#8211; &#8211; &#8211; &#8211; &#8211; &#8211; &#8211; &#8211; &#8211; &#8211; &#8211; &#8211; &#8211; &#8211; &#8211; &#8211; &#8211; &#8211; &#8211; &#8211; &#8211; &#8211; &#8211; &#8211; &#8211; &#8211; &#8211; &#8211; &#8211; &#8211; &#8212; &#8211; &#8211; &#8211; &#8211; &#8211; &#8211; &#8211; &#8211;<br \/>\n_____________________________________________________________<\/p>\n<h3>26\/10\/2012 &#8211; COME UN ALTRO MONDO: I GRUPPI AMA E LA CONDIVISIONE DEL LUTTO<\/h3>\n<div><\/div>\n<div><em><a href=\"http:\/\/www.ledizioni.it\/sito\/wp-content\/uploads\/2012\/08\/Copertina_web1.jpg\"><img decoding=\"async\" class=\"alignleft size-medium wp-image-4814\" title=\"Copertina_web\" src=\"http:\/\/www.ledizioni.it\/sito\/wp-content\/uploads\/2012\/08\/Copertina_web1-195x300.jpg\" alt=\"\" width=\"195\" height=\"300\" \/><\/a>Il libro \u201cCome un altro mondo\u201d \u00e8 un viaggio attraverso le emozioni, le dinamiche interiori e le pratiche comunicative e relazionali che riguardano il lutto, inteso come vissuto che coinvolge il dolente e il mondo intorno a lui. <\/em><\/div>\n<p>20.30-22.30 Fagagna <wbr> <a title=\"Majano\" href=\"http:\/\/www.soms-majano.it\/dove-siamo.html\" target=\"_blank\" rel=\"noopener\">Informazioni qui<\/a><\/wbr><\/p>\n<p>Perdere una persona cara \u00e8 un\u2019esperienza sconvolgente, che interviene drasticamente nel quotidiano, mettendo in discussione i punti di riferimento, le piccole certezze costruite nell\u2019arco di una vita. Il libro \u201cCome un altro mondo\u201d \u00e8 un viaggio attraverso le emozioni, le dinamiche interiori e le pratiche comunicative e relazionali che riguardano il lutto, inteso come vissuto che coinvolge il dolente e il mondo intorno a lui. Durante l\u2019incontro saranno approfonditi soprattutto alcuni aspetti relativi alla partecipazione ai gruppi AMA, a partire dalla voce di chi ne ha fatto esperienza.<\/p>\n<p>Sar\u00e0 Presente l&#8217;autrice Alessandra Micalizzi. <a title=\"Micalizzi - Come un altro mondo\" href=\"http:\/\/www.ledizioni.it\/en\/sito\/2012\/08\/come-un-altro-mondo-alessandra-micalizzi\/\" target=\"_blank\" rel=\"noopener\">La scheda del libro \u00e8 qui. <\/a><\/p>\n<p>&#8211; &#8211; &#8211; &#8211; &#8211; &#8211; &#8211; &#8211; &#8211; &#8211; &#8211; &#8211; &#8211; &#8211; &#8211; &#8211; &#8211; &#8211; &#8211; &#8211; &#8211; &#8211; &#8211; &#8211; &#8211; &#8211; &#8211; &#8211; &#8211; &#8211; &#8211; &#8211; &#8211; &#8211; &#8211; &#8211; &#8211; &#8211; &#8211; &#8211; &#8211; &#8211; &#8211; &#8211; &#8211; &#8211; &#8211; &#8211; &#8211; &#8211; &#8211; &#8211; &#8211; &#8212; &#8211; &#8211; &#8211; &#8211; &#8211; &#8211; &#8211; &#8211; -_____________________________________________________________<\/p>\n<h3><a href=\"http:\/\/www.ledizioni.it\/en\/sito\/eventi\/presentazioni-libri\/presentazione-strutture-del-successo\/\">15\/06\/2012 &#8211; Workshop &#8220;Strutture del Successo&#8221;<\/a><\/h3>\n<div><a href=\"http:\/\/www.ledizioni.it\/sito\/wp-content\/uploads\/2011\/08\/3D_750.jpg\"><img loading=\"lazy\" decoding=\"async\" class=\"alignleft size-medium wp-image-4481\" title=\"3D_750\" src=\"http:\/\/www.ledizioni.it\/sito\/wp-content\/uploads\/2011\/08\/3D_750-213x300.jpg\" alt=\"\" width=\"128\" height=\"180\" \/><\/a><\/div>\n<div>Esiste un modo per capire da cosa dipende il successo?<br \/>\nUn\u2019opportunit\u00e0 per assaggiare e sperimentare l\u2019efficiacia delle costellazioni manageriali<\/div>\n<p>BlendTower <wbr> \u2013 Piazza 4 Novembre, 7 \u2013 Milano<\/wbr><\/p>\n<p>ll workshop \u00e8 un breve viaggio alla scoperta delle strutture di fondo che influenzano il successo di un\u2019azienda e un\u2019occasione per condividere un approccio che permetta di accedere a quella parte nascosta del sapere che chiamiamo intuizione. L\u2019approccio illustrato \u00e8 quello delle \u201ccostellazioni sistemiche\u201d applicate alle organizzazioni.<\/p>\n<p>&#8211; &#8211; &#8211; &#8211; &#8211; &#8211; &#8211; &#8211; &#8211; &#8211; &#8211; &#8211; &#8211; &#8211; &#8211; &#8211; &#8211; &#8211; &#8211; &#8211; &#8211; &#8211; &#8211; &#8211; &#8211; &#8211; &#8211; &#8211; &#8211; &#8211; &#8211; &#8211; &#8211; &#8211; &#8211; &#8211; &#8211; &#8211; &#8211; &#8211; &#8211; &#8211; &#8211; &#8211; &#8211; &#8211; &#8211; &#8211; &#8211; &#8211; &#8211; &#8211; &#8211; &#8212; &#8211; &#8211; &#8211; &#8211; &#8211; &#8211; &#8211; &#8211; &#8211;<\/p>\n<h3><a href=\"http:\/\/www.ledizioni.it\/en\/sito\/eventi\/presentazioni-libri\/annuario-di-antropologia-arte\/\"><span style=\"color: #000000;\">30\/05\/2012 &#8211; ore 17,30 &#8211; \u201cArte, antropologia e contemporaneita&#8217;\u201d.<\/span><\/a><\/h3>\n<h3><a href=\"http:\/\/www.ledizioni.it\/en\/sito\/eventi\/presentazioni-libri\/annuario-di-antropologia-arte\/\"><img loading=\"lazy\" decoding=\"async\" class=\"alignleft size-medium wp-image-4362\" title=\"3d.copertina.annuario\" src=\"http:\/\/www.ledizioni.it\/sito\/wp-content\/uploads\/2012\/02\/3d.copertina.annuario1-222x300.jpg\" alt=\"\" width=\"133\" height=\"180\" \/><\/a><a href=\"http:\/\/www.ledizioni.it\/en\/sito\/eventi\/presentazioni-libri\/annuario-di-antropologia-arte\/\"><span style=\"color: #000000;\">Presentazione del nuovo numero della rivista Annuario di Antropologia dedicato all'&#8221;Arte&#8221;<\/span><\/a><\/h3>\n<p>L\u2019incontro si terr\u00e0 nella Sala convegni di Palazzo Reale, Piazza Duomo 14 (3\u00b0 piano), Milano.<\/p>\n<p>Ugo Fabietti (Universit\u00e0 di Milano Bicocca, direttore dell\u2019Annuario di Antropologia), Roberto Pinto (Universit\u00e0 di Trento), Maria Luisa Ciminelli (Universit\u00e0 Ca\u2019 Foscari di Venezia) e Ivan Bargna (Universit\u00e0 di Milano Bicocca) discuteranno di arte, antropologia e contemporaneit\u00e0 in occasione della pubblicazione del numero monografico dedicato all\u2019arte della rivista Annuario di Antropologia (Ledizioni, Milano), curato da Ivan Bargna.<br \/>\n&#8211; &#8211; &#8211; &#8211; &#8211; &#8211; &#8211; &#8211; &#8211; &#8211; &#8211; &#8211; &#8211; &#8211; &#8211; &#8211; &#8211; &#8211; &#8211; &#8211; &#8211; &#8211; &#8211; &#8211; &#8211; &#8211; &#8211; &#8211; &#8211; &#8211; &#8211; &#8211; &#8211; &#8211; &#8211; &#8211; &#8211; &#8211; &#8211; &#8211; &#8211; &#8211; &#8211; &#8211; &#8211; &#8211; &#8211; &#8211; &#8211; &#8211; &#8211; &#8211; &#8211; &#8212; &#8211; &#8211; &#8211; &#8211; &#8211; &#8211; &#8211; &#8211; &#8211;<\/p>\n<h3><a href=\"http:\/\/www.ledizioni.it\/en\/sito\/eventi\/presentazioni-libri\/lettura-digitale-e-il-web\/\">10\/05\/2012 &#8211; Presentazione del Libro &#8220;La Lettura Digitale e il Web&#8221; @ FieraLibro di Torino<\/a><\/h3>\n<h3><a href=\"http:\/\/www.ledizioni.it\/sito\/wp-content\/uploads\/2011\/11\/Libri_Web_grande.jpg\"><img loading=\"lazy\" decoding=\"async\" class=\"alignleft size-thumbnail wp-image-3098\" title=\"Libri_Web_grande\" src=\"http:\/\/www.ledizioni.it\/sito\/wp-content\/uploads\/2011\/11\/Libri_Web_grande-150x150.jpg\" alt=\"\" width=\"90\" height=\"120\" \/><\/a><span style=\"color: #000000;\">Leggere, in Rete. Il progetto Ledita per la lettura digitale &#8211; Book to the future<\/span><\/h3>\n<div>\n<div>domenica 13.05.2012 alle 15.00 &#8211; padiglione 2<\/div>\n<p>a cura di LeDita.it<br \/>\nIntervengono: Nicola Cavalli (@Ledizioni),\u00a0Noemi Cuffia (@tazzinadi),\u00a0eFFE (@abcdeeFFe), Marco Giacomello (@mgiacomello), Laura Ingallinella (@lauraingalli), Marta Manfioletti (#martamanfio), Silvia Surano (@SilviaSurano), Marta Traverso (@MartaTraverso)<\/p>\n<\/div>\n<p>&#8211; &#8211; &#8211; &#8211; &#8211; &#8211; &#8211; &#8211; &#8211; &#8211; &#8211; &#8211; &#8211; &#8211; &#8211; &#8211; &#8211; &#8211; &#8211; &#8211; &#8211; &#8211; &#8211; &#8211; &#8211; &#8211; &#8211; &#8211; &#8211; &#8211; &#8211; &#8211; &#8211; &#8211; &#8211; &#8211; &#8211; &#8211; &#8211; &#8211; &#8211; &#8211; &#8211; &#8211; &#8211; &#8211; &#8211; &#8211; &#8211; &#8211; &#8211; &#8211; &#8211; &#8212; &#8211; &#8211; &#8211; &#8211; &#8211; &#8211; &#8211; &#8211; &#8211;<\/p>\n<h3>20\/04\/2011 &#8211; Genius_01 di Cinzia Di Mauro<\/h3>\n<h3>10\/03\/2011 &#8211; Genius_01 @ Libreria Cavallotto<\/h3>\n<p><a href=\"http:\/\/www.ledizioni.it\/en\/2010\/12\/genius-01\/\"><img loading=\"lazy\" decoding=\"async\" class=\"alignleft\" title=\"Genius_01\" src=\"http:\/\/www.litenet.it\/facebook\/genius\/images\/genius_01_copertina_thumb.jpg\" alt=\"\" width=\"67\" height=\"84\" \/><\/a><\/p>\n<p>Presentazione di <strong>Genius_01<\/strong> presso la<strong> libreria Cavallotto<\/strong><\/p>\n<p>&nbsp;<\/p>\n<p>&nbsp;<\/p>\n<p>&nbsp;<\/p>\n<p>&nbsp;<\/p>","protected":false},"excerpt":{"rendered":"<p>09\/04\/2013 &#8211; L&#8217; editoria fra cartaceo e digitale Videochat su Rai Letteratura con l&#8217;autore Gino Roncaglia, conduce Isabella Donfrancesco Maggiori<\/p>","protected":false},"author":1,"featured_media":0,"parent":1767,"menu_order":0,"comment_status":"closed","ping_status":"closed","template":"","meta":{"_acf_changed":false,"footnotes":""},"class_list":["post-4294","page","type-page","status-publish","hentry"],"acf":[],"yoast_head":"<!-- This site is optimized with the Yoast SEO plugin v27.4 - https:\/\/yoast.com\/product\/yoast-seo-wordpress\/ -->\n<title>Presentazioni Libri -<\/title>\n<meta name=\"description\" content=\"Ledizioni - Innovative Publishing. Casa editrice universitaria. Open Access. eBook, ePub. Creative Commons.\" \/>\n<meta name=\"robots\" content=\"index, follow, max-snippet:-1, max-image-preview:large, max-video-preview:-1\" \/>\n<link rel=\"canonical\" href=\"https:\/\/www.ledizioni.it\/en\/eventi\/presentazioni-libri\/\" \/>\n<meta property=\"og:locale\" content=\"en_GB\" \/>\n<meta property=\"og:type\" content=\"article\" \/>\n<meta property=\"og:title\" content=\"Presentazioni Libri -\" \/>\n<meta property=\"og:description\" content=\"Ledizioni - Innovative Publishing. Casa editrice universitaria. Open Access. eBook, ePub. Creative Commons.\" \/>\n<meta property=\"og:url\" content=\"https:\/\/www.ledizioni.it\/en\/eventi\/presentazioni-libri\/\" \/>\n<meta property=\"og:site_name\" content=\"Ledizioni\" \/>\n<meta property=\"article:publisher\" content=\"https:\/\/www.facebook.com\/pages\/Ledizioni-LediPublishing\/109120559173329\" \/>\n<meta property=\"article:modified_time\" content=\"2023-12-12T08:41:02+00:00\" \/>\n<meta property=\"og:image\" content=\"http:\/\/www.ledizioni.it\/sito\/wp-content\/uploads\/2012\/11\/copertina_3d-267x300.jpg\" \/>\n<meta name=\"twitter:card\" content=\"summary_large_image\" \/>\n<meta name=\"twitter:site\" content=\"@ledizioni\" \/>\n<meta name=\"twitter:label1\" content=\"Estimated reading time\" \/>\n\t<meta name=\"twitter:data1\" content=\"5 minutes\" \/>\n<script type=\"application\/ld+json\" class=\"yoast-schema-graph\">{\"@context\":\"https:\\\/\\\/schema.org\",\"@graph\":[{\"@type\":\"WebPage\",\"@id\":\"https:\\\/\\\/www.ledizioni.it\\\/en\\\/eventi\\\/presentazioni-libri\\\/\",\"url\":\"https:\\\/\\\/www.ledizioni.it\\\/en\\\/eventi\\\/presentazioni-libri\\\/\",\"name\":\"Presentazioni Libri -\",\"isPartOf\":{\"@id\":\"https:\\\/\\\/www.ledizioni.it\\\/#website\"},\"primaryImageOfPage\":{\"@id\":\"https:\\\/\\\/www.ledizioni.it\\\/en\\\/eventi\\\/presentazioni-libri\\\/#primaryimage\"},\"image\":{\"@id\":\"https:\\\/\\\/www.ledizioni.it\\\/en\\\/eventi\\\/presentazioni-libri\\\/#primaryimage\"},\"thumbnailUrl\":\"http:\\\/\\\/www.ledizioni.it\\\/sito\\\/wp-content\\\/uploads\\\/2012\\\/11\\\/copertina_3d-267x300.jpg\",\"datePublished\":\"2012-05-08T13:27:46+00:00\",\"dateModified\":\"2023-12-12T08:41:02+00:00\",\"description\":\"Ledizioni - Innovative Publishing. Casa editrice universitaria. Open Access. eBook, ePub. Creative Commons.\",\"breadcrumb\":{\"@id\":\"https:\\\/\\\/www.ledizioni.it\\\/en\\\/eventi\\\/presentazioni-libri\\\/#breadcrumb\"},\"inLanguage\":\"en-GB\",\"potentialAction\":[{\"@type\":\"ReadAction\",\"target\":[\"https:\\\/\\\/www.ledizioni.it\\\/en\\\/eventi\\\/presentazioni-libri\\\/\"]}]},{\"@type\":\"ImageObject\",\"inLanguage\":\"en-GB\",\"@id\":\"https:\\\/\\\/www.ledizioni.it\\\/en\\\/eventi\\\/presentazioni-libri\\\/#primaryimage\",\"url\":\"http:\\\/\\\/www.ledizioni.it\\\/sito\\\/wp-content\\\/uploads\\\/2012\\\/11\\\/copertina_3d-267x300.jpg\",\"contentUrl\":\"http:\\\/\\\/www.ledizioni.it\\\/sito\\\/wp-content\\\/uploads\\\/2012\\\/11\\\/copertina_3d-267x300.jpg\"},{\"@type\":\"BreadcrumbList\",\"@id\":\"https:\\\/\\\/www.ledizioni.it\\\/en\\\/eventi\\\/presentazioni-libri\\\/#breadcrumb\",\"itemListElement\":[{\"@type\":\"ListItem\",\"position\":1,\"name\":\"Eventi\",\"item\":\"https:\\\/\\\/www.ledizioni.it\\\/en\\\/eventi\\\/\"},{\"@type\":\"ListItem\",\"position\":2,\"name\":\"Presentazioni Libri\"}]},{\"@type\":\"WebSite\",\"@id\":\"https:\\\/\\\/www.ledizioni.it\\\/#website\",\"url\":\"https:\\\/\\\/www.ledizioni.it\\\/\",\"name\":\"Ledizioni\",\"description\":\"The Innovative LediPublishing Company - Casa Editrice Universitaria\",\"publisher\":{\"@id\":\"https:\\\/\\\/www.ledizioni.it\\\/#organization\"},\"potentialAction\":[{\"@type\":\"SearchAction\",\"target\":{\"@type\":\"EntryPoint\",\"urlTemplate\":\"https:\\\/\\\/www.ledizioni.it\\\/?s={search_term_string}\"},\"query-input\":{\"@type\":\"PropertyValueSpecification\",\"valueRequired\":true,\"valueName\":\"search_term_string\"}}],\"inLanguage\":\"en-GB\"},{\"@type\":\"Organization\",\"@id\":\"https:\\\/\\\/www.ledizioni.it\\\/#organization\",\"name\":\"Ledizioni\",\"url\":\"https:\\\/\\\/www.ledizioni.it\\\/\",\"logo\":{\"@type\":\"ImageObject\",\"inLanguage\":\"en-GB\",\"@id\":\"https:\\\/\\\/www.ledizioni.it\\\/#\\\/schema\\\/logo\\\/image\\\/\",\"url\":\"https:\\\/\\\/www.ledizioni.it\\\/stag\\\/wp-content\\\/uploads\\\/2023\\\/10\\\/newlogoledizioni500x110_2-1.jpg\",\"contentUrl\":\"https:\\\/\\\/www.ledizioni.it\\\/stag\\\/wp-content\\\/uploads\\\/2023\\\/10\\\/newlogoledizioni500x110_2-1.jpg\",\"width\":354,\"height\":87,\"caption\":\"Ledizioni\"},\"image\":{\"@id\":\"https:\\\/\\\/www.ledizioni.it\\\/#\\\/schema\\\/logo\\\/image\\\/\"},\"sameAs\":[\"https:\\\/\\\/www.facebook.com\\\/pages\\\/Ledizioni-LediPublishing\\\/109120559173329\",\"https:\\\/\\\/x.com\\\/ledizioni\"]}]}<\/script>\n<!-- \/ Yoast SEO plugin. -->","yoast_head_json":{"title":"Presentazioni Libri -","description":"Ledizioni - Innovative Publishing. Casa editrice universitaria. Open Access. eBook, ePub. Creative Commons.","robots":{"index":"index","follow":"follow","max-snippet":"max-snippet:-1","max-image-preview":"max-image-preview:large","max-video-preview":"max-video-preview:-1"},"canonical":"https:\/\/www.ledizioni.it\/en\/eventi\/presentazioni-libri\/","og_locale":"en_GB","og_type":"article","og_title":"Presentazioni Libri -","og_description":"Ledizioni - Innovative Publishing. Casa editrice universitaria. Open Access. eBook, ePub. Creative Commons.","og_url":"https:\/\/www.ledizioni.it\/en\/eventi\/presentazioni-libri\/","og_site_name":"Ledizioni","article_publisher":"https:\/\/www.facebook.com\/pages\/Ledizioni-LediPublishing\/109120559173329","article_modified_time":"2023-12-12T08:41:02+00:00","og_image":[{"url":"http:\/\/www.ledizioni.it\/sito\/wp-content\/uploads\/2012\/11\/copertina_3d-267x300.jpg","type":"","width":"","height":""}],"twitter_card":"summary_large_image","twitter_site":"@ledizioni","twitter_misc":{"Estimated reading time":"5 minutes"},"schema":{"@context":"https:\/\/schema.org","@graph":[{"@type":"WebPage","@id":"https:\/\/www.ledizioni.it\/en\/eventi\/presentazioni-libri\/","url":"https:\/\/www.ledizioni.it\/en\/eventi\/presentazioni-libri\/","name":"Presentazioni Libri -","isPartOf":{"@id":"https:\/\/www.ledizioni.it\/#website"},"primaryImageOfPage":{"@id":"https:\/\/www.ledizioni.it\/en\/eventi\/presentazioni-libri\/#primaryimage"},"image":{"@id":"https:\/\/www.ledizioni.it\/en\/eventi\/presentazioni-libri\/#primaryimage"},"thumbnailUrl":"http:\/\/www.ledizioni.it\/sito\/wp-content\/uploads\/2012\/11\/copertina_3d-267x300.jpg","datePublished":"2012-05-08T13:27:46+00:00","dateModified":"2023-12-12T08:41:02+00:00","description":"Ledizioni - Innovative Publishing. Casa editrice universitaria. Open Access. eBook, ePub. Creative Commons.","breadcrumb":{"@id":"https:\/\/www.ledizioni.it\/en\/eventi\/presentazioni-libri\/#breadcrumb"},"inLanguage":"en-GB","potentialAction":[{"@type":"ReadAction","target":["https:\/\/www.ledizioni.it\/en\/eventi\/presentazioni-libri\/"]}]},{"@type":"ImageObject","inLanguage":"en-GB","@id":"https:\/\/www.ledizioni.it\/en\/eventi\/presentazioni-libri\/#primaryimage","url":"http:\/\/www.ledizioni.it\/sito\/wp-content\/uploads\/2012\/11\/copertina_3d-267x300.jpg","contentUrl":"http:\/\/www.ledizioni.it\/sito\/wp-content\/uploads\/2012\/11\/copertina_3d-267x300.jpg"},{"@type":"BreadcrumbList","@id":"https:\/\/www.ledizioni.it\/en\/eventi\/presentazioni-libri\/#breadcrumb","itemListElement":[{"@type":"ListItem","position":1,"name":"Eventi","item":"https:\/\/www.ledizioni.it\/en\/eventi\/"},{"@type":"ListItem","position":2,"name":"Presentazioni Libri"}]},{"@type":"WebSite","@id":"https:\/\/www.ledizioni.it\/#website","url":"https:\/\/www.ledizioni.it\/","name":"Ledizioni","description":"The Innovative LediPublishing Company - Casa Editrice Universitaria","publisher":{"@id":"https:\/\/www.ledizioni.it\/#organization"},"potentialAction":[{"@type":"SearchAction","target":{"@type":"EntryPoint","urlTemplate":"https:\/\/www.ledizioni.it\/?s={search_term_string}"},"query-input":{"@type":"PropertyValueSpecification","valueRequired":true,"valueName":"search_term_string"}}],"inLanguage":"en-GB"},{"@type":"Organization","@id":"https:\/\/www.ledizioni.it\/#organization","name":"Ledizioni","url":"https:\/\/www.ledizioni.it\/","logo":{"@type":"ImageObject","inLanguage":"en-GB","@id":"https:\/\/www.ledizioni.it\/#\/schema\/logo\/image\/","url":"https:\/\/www.ledizioni.it\/stag\/wp-content\/uploads\/2023\/10\/newlogoledizioni500x110_2-1.jpg","contentUrl":"https:\/\/www.ledizioni.it\/stag\/wp-content\/uploads\/2023\/10\/newlogoledizioni500x110_2-1.jpg","width":354,"height":87,"caption":"Ledizioni"},"image":{"@id":"https:\/\/www.ledizioni.it\/#\/schema\/logo\/image\/"},"sameAs":["https:\/\/www.facebook.com\/pages\/Ledizioni-LediPublishing\/109120559173329","https:\/\/x.com\/ledizioni"]}]}},"jetpack_sharing_enabled":true,"_links":{"self":[{"href":"https:\/\/www.ledizioni.it\/en\/wp-json\/wp\/v2\/pages\/4294","targetHints":{"allow":["GET"]}}],"collection":[{"href":"https:\/\/www.ledizioni.it\/en\/wp-json\/wp\/v2\/pages"}],"about":[{"href":"https:\/\/www.ledizioni.it\/en\/wp-json\/wp\/v2\/types\/page"}],"author":[{"embeddable":true,"href":"https:\/\/www.ledizioni.it\/en\/wp-json\/wp\/v2\/users\/1"}],"replies":[{"embeddable":true,"href":"https:\/\/www.ledizioni.it\/en\/wp-json\/wp\/v2\/comments?post=4294"}],"version-history":[{"count":1,"href":"https:\/\/www.ledizioni.it\/en\/wp-json\/wp\/v2\/pages\/4294\/revisions"}],"predecessor-version":[{"id":61293,"href":"https:\/\/www.ledizioni.it\/en\/wp-json\/wp\/v2\/pages\/4294\/revisions\/61293"}],"up":[{"embeddable":true,"href":"https:\/\/www.ledizioni.it\/en\/wp-json\/wp\/v2\/pages\/1767"}],"wp:attachment":[{"href":"https:\/\/www.ledizioni.it\/en\/wp-json\/wp\/v2\/media?parent=4294"}],"curies":[{"name":"wp","href":"https:\/\/api.w.org\/{rel}","templated":true}]}}