{"id":9735,"date":"2015-03-16T09:04:11","date_gmt":"2015-03-16T09:04:11","guid":{"rendered":"http:\/\/www.ledizioni.it\/?page_id=9735"},"modified":"2015-06-17T07:56:23","modified_gmt":"2015-06-17T07:56:23","slug":"call-for-papers-la-famiglia-una-prospettiva-multidisciplinare","status":"publish","type":"page","link":"https:\/\/www.ledizioni.it\/en\/collane\/societa\/horisma\/call-for-papers-la-famiglia-una-prospettiva-multidisciplinare\/","title":{"rendered":"Call for papers &#8211; La famiglia, una prospettiva multidisciplinare"},"content":{"rendered":"<h1 style=\"text-align: center;\">H\u00f3risma 1<\/h1>\n<h3 style=\"text-align: center;\"><span style=\"text-decoration: underline;\">Deadline posticipata al 30 Giugno 2015<\/span><\/h3>\n<p style=\"text-align: justify;\"><a href=\"http:\/\/www.ledizioni.it\/en\/collane\/societa\/horisma\/\"><em>H\u00f3risma <\/em><\/a>\u00e8 una collana di pubblicazioni scientifiche edita da Ledizioni (Milano) che\u00a0si propone di pubblicare e diffondere analisi multidisciplinari a carattere teorico ed empirico di giovani studiosi disponibili a varcare i confini della propria disciplina, favorendo l\u2019approfondimento collettivo di una tematica.<\/p>\n<p style=\"text-align: justify;\">I membri dell\u2019Advisory Board hanno il piacere di invitare giovani studiosi (dottorandi, dottori di ricerca, assegnisti, ricercatori) a partecipare ad un progetto di approfondimento teorico ed empirico realizzato secondo un approccio multidisciplinare. L\u2019iniziativa \u00e8 finanziata dall\u2019<a href=\"http:\/\/www.unimi.it\/\">Universit\u00e0 degli Studi di Milano<\/a> e dall\u2019<a href=\"http:\/\/www.unimib.it\/go\/101\/Home\/Italiano\">Universit\u00e0 degli Studi di Milano-Bicocca<\/a>. Gli studi selezionati saranno pubblicati in un <strong>volume collettaneo <\/strong>entro la fine del 2015. Gli autori parteciperanno in qualit\u00e0 di relatori ad un <strong>convegno<\/strong> che si terr\u00e0 il 23 ed il 24 settembre 2015 presso l\u2019Universit\u00e0 degli Studi di Milano e presso l\u2019Universit\u00e0 degli Studi di Milano\u2013Bicocca. In tale occasione l\u2019autore del contributo ritenuto pi\u00f9 meritevole dall\u2019Advisory Board ricever\u00e0 un <strong>premio<\/strong> del valore di 200 euro.<\/p>\n<p style=\"text-align: justify;\">Il tema della <em>call for paper <\/em>\u00e8 lo studio della costituzione e dello sviluppo della famiglia con un\u2019attenzione particolare ai mutamenti relativi alle condizioni economiche, socio-culturali, socio-strutturali e territoriali.<\/p>\n<p style=\"text-align: justify;\">Le trasformazioni del mondo del lavoro, i cambiamenti demografici e sociali hanno influenzato \u2013 e continuano a influenzare \u2013 il passaggio alla vita adulta e i processi di formazione della famiglia.<\/p>\n<p style=\"text-align: justify;\">L\u2019obiettivo della pubblicazione \u00e8 promuovere un\u00a0confronto multidisciplinare\u00a0attorno seguenti ambiti tematici:<\/p>\n<ul style=\"text-align: justify;\">\n<li>le conseguenze della flessibilizzazione e della precarizzazione del mercato del lavoro sulla famiglia e sulla crescita dei figli che vivono in essa;<\/li>\n<li>il ruolo della famiglia di origine come fonte di protezione sociale, sostegno e supporto nelle fasi di transizione all\u2019adultit\u00e0, nei percorsi di inserimento nel mercato del lavoro, nei passaggi tra un lavoro e un altro, nella formazione di una famiglia e nell\u2019avere figli;<\/li>\n<li>l\u2019equilibrio tra famiglia e lavoro delle giovani coppie di fronte a forme di lavoro flessibili e all\u2019esigenza di conciliare vita professionale e familiare, con possibile analisi del ruolo dei servizi all\u2019infanzia;<\/li>\n<li>la genitorialit\u00e0 e la sua tutela nel contesto socio-normativo.<\/li>\n<\/ul>\n<p style=\"text-align: justify;\">Saranno privilegiati i contributi che, pur approfondendo i contenuti, tematiche e metodi di ricerca di una disciplina, adottino una prospettiva di tipo multidisciplinare o approfondiscano casi-studio specifici.<\/p>\n<p style=\"text-align: justify;\">Chi fosse interessato a pubblicare un <strong>contributo<\/strong> <strong>inedito<\/strong> su queste tematiche \u00e8 pregato di inviare un <strong>abstract<\/strong> della lunghezza massima di 2.000 caratteri (spazi inclusi) unitamente al proprio <em>curriculum vitae et studiorum<\/em> e ad un elenco delle pubblicazioni scientifiche <strong>entro il<\/strong> <strong>30 giugno 2015<\/strong> all\u2019indirizzo di posta elettronica <strong>famiglia.horisma@gmail.com<\/strong><\/p>\n<p style=\"text-align: justify;\">Gli abstracts saranno oggetto di una <em>blind review<\/em> da parte del Comitato Scientifico di <em>H\u00f3risma<\/em> formato da:<\/p>\n<ul style=\"text-align: justify;\">\n<li>Patrizia Borsellino (ordinario di Filosofia del Diritto \u2013 Universit\u00e0 degli Studi di Milano-Bicocca)<\/li>\n<li>Yuri Kazepov (ordinario di <em>Internationale Stadtsoziologie <\/em>\u2013 Universit\u00e0 di Vienna)<\/li>\n<li>Davide Maggi (associato di Economia aziendale \u2013 Universit\u00e0 degli Studi del Piemonte Orientale)<\/li>\n<li>Monica Martinelli (ricercatrice di Sociologia \u2013 Universit\u00e0 Cattolica di Milano)<\/li>\n<li>Michel Misse (associato di <em>Sociologia do Crime e da Viol\u00eancia<\/em>\u2013 Universidade Federal do Rio de Janeiro)<\/li>\n<li>Giuseppe Mosconi (ordinario di Sociologia del Diritto \u2013 Universit\u00e0 degli Studi di Padova)<\/li>\n<li>Luigi Pannarale (ordinario di Sociologia del Diritto \u2013 Universit\u00e0 degli Studi di Bari)<\/li>\n<li>Emilio Reyneri (ordinario di Sociologia\u2013 Universit\u00e0 degli Studi di Milano-Bicocca)<\/li>\n<li>Roberta Sala (ricercatrice di Filosofia Politica \u2013 Universit\u00e0 \u201cVita-Salute San Raffaele\u201d di Milano)<\/li>\n<li>Emilio Santoro (ordinario di Sociologia del diritto \u2013 Universit\u00e0 degli Studi di Firenze)<\/li>\n<li>Guglielmo Scaramellini (ordinario di Geografia \u2013 Universit\u00e0 Statale di Milano)<\/li>\n<li>Francesco Tesauro (ordinario di Diritto Tributario \u2013 Universit\u00e0 degli Studi di Milano-Bicocca)<\/li>\n<\/ul>\n<p style=\"text-align: justify;\">La valutazione avverr\u00e0 in base ai seguenti criteri: pertinenza e rilevanza della proposta rispetto al progetto, originalit\u00e0 della ricerca, chiarezza degli obiettivi presentati, qualit\u00e0 dei riferimenti bibliografici, rigore metodologico. L\u2019esito della valutazione verr\u00e0 comunicato a ciascun candidato entro il 15 luglio 2015.<\/p>\n<p style=\"text-align: justify;\">Il contributo potr\u00e0 essere redatto in italiano o inglese secondo i criteri editoriali che saranno comunicati a ciascun autore e non dovr\u00e0 superare la lunghezza massima di 35.000 caratteri (spazi inclusi). Il contributo dovr\u00e0 essere trasmesso entro il 15 settembre 2015.<\/p>\n<p style=\"text-align: justify;\"><strong>Date da ricordare:<br \/>\n<\/strong><strong style=\"line-height: 1.5;\">&#8211; chiusura <em>call for papers<\/em>: 30 giugno 2015<br \/>\n<\/strong><strong>&#8211; notifica accettazione <em>paper<\/em>: 15 luglio 2015<br \/>\n<\/strong><strong>&#8211; consegna <em>paper<\/em>: 15 settembre 2015<br \/>\n<\/strong><strong>&#8211; convegno: 23-24 settembre 2015<br \/>\n<\/strong><strong>Per informazioni:<\/strong><\/p>\n<p style=\"text-align: justify;\"><strong>Email: <a href=\"mailto:famiglia.horisma@gmail.com\">famiglia.horisma@gmail.com<\/a><\/strong><\/p>\n<p style=\"text-align: justify;\"><strong>\u00a0<\/strong><\/p>\n<p style=\"text-align: justify;\"><strong>\u00a0<\/strong><\/p>\n<p style=\"text-align: justify;\"><strong>\u00a0<\/strong><\/p>\n<p style=\"text-align: justify;\"><em>Il progetto \u00e8 stato finanziato con il bando \u201c1000 lire\u201d dell\u2019Universit\u00e0 degli Studi Milano-Bicocca, in collaborazione con le associazioni ASB, LDS e SI, e\u00a0 il bando \u201cAttivit\u00e0 Culturali\u201d dell\u2019Universit\u00e0 degli Studi di Milano.<\/em><\/p>","protected":false},"excerpt":{"rendered":"<p>H\u00f3risma 1 Deadline posticipata al 30 Giugno 2015 H\u00f3risma \u00e8 una collana di pubblicazioni scientifiche edita da Ledizioni (Milano) che\u00a0si<\/p>","protected":false},"author":1,"featured_media":0,"parent":9133,"menu_order":0,"comment_status":"open","ping_status":"open","template":"","meta":{"_acf_changed":false,"footnotes":""},"class_list":["post-9735","page","type-page","status-publish","hentry"],"acf":[],"yoast_head":"<!-- This site is optimized with the Yoast SEO plugin v27.4 - https:\/\/yoast.com\/product\/yoast-seo-wordpress\/ -->\n<title>Call for papers - La famiglia, una prospettiva multidisciplinare -<\/title>\n<meta name=\"description\" content=\"Ledizioni - Innovative Publishing. Casa editrice universitaria. Open Access. eBook, ePub. Creative Commons.\" \/>\n<meta name=\"robots\" content=\"index, follow, max-snippet:-1, max-image-preview:large, max-video-preview:-1\" \/>\n<link rel=\"canonical\" href=\"https:\/\/www.ledizioni.it\/en\/collane\/societa\/horisma\/call-for-papers-la-famiglia-una-prospettiva-multidisciplinare\/\" \/>\n<meta property=\"og:locale\" content=\"en_GB\" \/>\n<meta property=\"og:type\" content=\"article\" \/>\n<meta property=\"og:title\" content=\"Call for papers - La famiglia, una prospettiva multidisciplinare -\" \/>\n<meta property=\"og:description\" content=\"Ledizioni - Innovative Publishing. Casa editrice universitaria. Open Access. eBook, ePub. Creative Commons.\" \/>\n<meta property=\"og:url\" content=\"https:\/\/www.ledizioni.it\/en\/collane\/societa\/horisma\/call-for-papers-la-famiglia-una-prospettiva-multidisciplinare\/\" \/>\n<meta property=\"og:site_name\" content=\"Ledizioni\" \/>\n<meta property=\"article:publisher\" content=\"https:\/\/www.facebook.com\/pages\/Ledizioni-LediPublishing\/109120559173329\" \/>\n<meta property=\"article:modified_time\" content=\"2015-06-17T07:56:23+00:00\" \/>\n<meta name=\"twitter:card\" content=\"summary_large_image\" \/>\n<meta name=\"twitter:site\" content=\"@ledizioni\" \/>\n<meta name=\"twitter:label1\" content=\"Estimated reading time\" \/>\n\t<meta name=\"twitter:data1\" content=\"4 minutes\" \/>\n<script type=\"application\/ld+json\" class=\"yoast-schema-graph\">{\"@context\":\"https:\\\/\\\/schema.org\",\"@graph\":[{\"@type\":\"WebPage\",\"@id\":\"https:\\\/\\\/www.ledizioni.it\\\/collane\\\/societa\\\/horisma\\\/call-for-papers-la-famiglia-una-prospettiva-multidisciplinare\\\/\",\"url\":\"https:\\\/\\\/www.ledizioni.it\\\/collane\\\/societa\\\/horisma\\\/call-for-papers-la-famiglia-una-prospettiva-multidisciplinare\\\/\",\"name\":\"Call for papers - La famiglia, una prospettiva multidisciplinare -\",\"isPartOf\":{\"@id\":\"https:\\\/\\\/www.ledizioni.it\\\/#website\"},\"datePublished\":\"2015-03-16T09:04:11+00:00\",\"dateModified\":\"2015-06-17T07:56:23+00:00\",\"description\":\"Ledizioni - Innovative Publishing. Casa editrice universitaria. Open Access. eBook, ePub. Creative Commons.\",\"breadcrumb\":{\"@id\":\"https:\\\/\\\/www.ledizioni.it\\\/collane\\\/societa\\\/horisma\\\/call-for-papers-la-famiglia-una-prospettiva-multidisciplinare\\\/#breadcrumb\"},\"inLanguage\":\"en-GB\",\"potentialAction\":[{\"@type\":\"ReadAction\",\"target\":[\"https:\\\/\\\/www.ledizioni.it\\\/collane\\\/societa\\\/horisma\\\/call-for-papers-la-famiglia-una-prospettiva-multidisciplinare\\\/\"]}]},{\"@type\":\"BreadcrumbList\",\"@id\":\"https:\\\/\\\/www.ledizioni.it\\\/collane\\\/societa\\\/horisma\\\/call-for-papers-la-famiglia-una-prospettiva-multidisciplinare\\\/#breadcrumb\",\"itemListElement\":[{\"@type\":\"ListItem\",\"position\":1,\"name\":\"Collane\",\"item\":\"https:\\\/\\\/www.ledizioni.it\\\/collane\\\/\"},{\"@type\":\"ListItem\",\"position\":2,\"name\":\"Societa&#8217;\",\"item\":\"https:\\\/\\\/www.ledizioni.it\\\/collane\\\/societa\\\/\"},{\"@type\":\"ListItem\",\"position\":3,\"name\":\"H\u00f3risma\",\"item\":\"https:\\\/\\\/www.ledizioni.it\\\/collane\\\/societa\\\/horisma\\\/\"},{\"@type\":\"ListItem\",\"position\":4,\"name\":\"Call for papers &#8211; La famiglia, una prospettiva multidisciplinare\"}]},{\"@type\":\"WebSite\",\"@id\":\"https:\\\/\\\/www.ledizioni.it\\\/#website\",\"url\":\"https:\\\/\\\/www.ledizioni.it\\\/\",\"name\":\"Ledizioni\",\"description\":\"The Innovative LediPublishing Company - Casa Editrice Universitaria\",\"publisher\":{\"@id\":\"https:\\\/\\\/www.ledizioni.it\\\/#organization\"},\"potentialAction\":[{\"@type\":\"SearchAction\",\"target\":{\"@type\":\"EntryPoint\",\"urlTemplate\":\"https:\\\/\\\/www.ledizioni.it\\\/?s={search_term_string}\"},\"query-input\":{\"@type\":\"PropertyValueSpecification\",\"valueRequired\":true,\"valueName\":\"search_term_string\"}}],\"inLanguage\":\"en-GB\"},{\"@type\":\"Organization\",\"@id\":\"https:\\\/\\\/www.ledizioni.it\\\/#organization\",\"name\":\"Ledizioni\",\"url\":\"https:\\\/\\\/www.ledizioni.it\\\/\",\"logo\":{\"@type\":\"ImageObject\",\"inLanguage\":\"en-GB\",\"@id\":\"https:\\\/\\\/www.ledizioni.it\\\/#\\\/schema\\\/logo\\\/image\\\/\",\"url\":\"https:\\\/\\\/www.ledizioni.it\\\/stag\\\/wp-content\\\/uploads\\\/2023\\\/10\\\/newlogoledizioni500x110_2-1.jpg\",\"contentUrl\":\"https:\\\/\\\/www.ledizioni.it\\\/stag\\\/wp-content\\\/uploads\\\/2023\\\/10\\\/newlogoledizioni500x110_2-1.jpg\",\"width\":354,\"height\":87,\"caption\":\"Ledizioni\"},\"image\":{\"@id\":\"https:\\\/\\\/www.ledizioni.it\\\/#\\\/schema\\\/logo\\\/image\\\/\"},\"sameAs\":[\"https:\\\/\\\/www.facebook.com\\\/pages\\\/Ledizioni-LediPublishing\\\/109120559173329\",\"https:\\\/\\\/x.com\\\/ledizioni\"]}]}<\/script>\n<!-- \/ Yoast SEO plugin. -->","yoast_head_json":{"title":"Call for papers - La famiglia, una prospettiva multidisciplinare -","description":"Ledizioni - Innovative Publishing. Casa editrice universitaria. Open Access. eBook, ePub. Creative Commons.","robots":{"index":"index","follow":"follow","max-snippet":"max-snippet:-1","max-image-preview":"max-image-preview:large","max-video-preview":"max-video-preview:-1"},"canonical":"https:\/\/www.ledizioni.it\/en\/collane\/societa\/horisma\/call-for-papers-la-famiglia-una-prospettiva-multidisciplinare\/","og_locale":"en_GB","og_type":"article","og_title":"Call for papers - La famiglia, una prospettiva multidisciplinare -","og_description":"Ledizioni - Innovative Publishing. Casa editrice universitaria. Open Access. eBook, ePub. Creative Commons.","og_url":"https:\/\/www.ledizioni.it\/en\/collane\/societa\/horisma\/call-for-papers-la-famiglia-una-prospettiva-multidisciplinare\/","og_site_name":"Ledizioni","article_publisher":"https:\/\/www.facebook.com\/pages\/Ledizioni-LediPublishing\/109120559173329","article_modified_time":"2015-06-17T07:56:23+00:00","twitter_card":"summary_large_image","twitter_site":"@ledizioni","twitter_misc":{"Estimated reading time":"4 minutes"},"schema":{"@context":"https:\/\/schema.org","@graph":[{"@type":"WebPage","@id":"https:\/\/www.ledizioni.it\/collane\/societa\/horisma\/call-for-papers-la-famiglia-una-prospettiva-multidisciplinare\/","url":"https:\/\/www.ledizioni.it\/collane\/societa\/horisma\/call-for-papers-la-famiglia-una-prospettiva-multidisciplinare\/","name":"Call for papers - La famiglia, una prospettiva multidisciplinare -","isPartOf":{"@id":"https:\/\/www.ledizioni.it\/#website"},"datePublished":"2015-03-16T09:04:11+00:00","dateModified":"2015-06-17T07:56:23+00:00","description":"Ledizioni - Innovative Publishing. Casa editrice universitaria. Open Access. eBook, ePub. Creative Commons.","breadcrumb":{"@id":"https:\/\/www.ledizioni.it\/collane\/societa\/horisma\/call-for-papers-la-famiglia-una-prospettiva-multidisciplinare\/#breadcrumb"},"inLanguage":"en-GB","potentialAction":[{"@type":"ReadAction","target":["https:\/\/www.ledizioni.it\/collane\/societa\/horisma\/call-for-papers-la-famiglia-una-prospettiva-multidisciplinare\/"]}]},{"@type":"BreadcrumbList","@id":"https:\/\/www.ledizioni.it\/collane\/societa\/horisma\/call-for-papers-la-famiglia-una-prospettiva-multidisciplinare\/#breadcrumb","itemListElement":[{"@type":"ListItem","position":1,"name":"Collane","item":"https:\/\/www.ledizioni.it\/collane\/"},{"@type":"ListItem","position":2,"name":"Societa&#8217;","item":"https:\/\/www.ledizioni.it\/collane\/societa\/"},{"@type":"ListItem","position":3,"name":"H\u00f3risma","item":"https:\/\/www.ledizioni.it\/collane\/societa\/horisma\/"},{"@type":"ListItem","position":4,"name":"Call for papers &#8211; La famiglia, una prospettiva multidisciplinare"}]},{"@type":"WebSite","@id":"https:\/\/www.ledizioni.it\/#website","url":"https:\/\/www.ledizioni.it\/","name":"Ledizioni","description":"The Innovative LediPublishing Company - Casa Editrice Universitaria","publisher":{"@id":"https:\/\/www.ledizioni.it\/#organization"},"potentialAction":[{"@type":"SearchAction","target":{"@type":"EntryPoint","urlTemplate":"https:\/\/www.ledizioni.it\/?s={search_term_string}"},"query-input":{"@type":"PropertyValueSpecification","valueRequired":true,"valueName":"search_term_string"}}],"inLanguage":"en-GB"},{"@type":"Organization","@id":"https:\/\/www.ledizioni.it\/#organization","name":"Ledizioni","url":"https:\/\/www.ledizioni.it\/","logo":{"@type":"ImageObject","inLanguage":"en-GB","@id":"https:\/\/www.ledizioni.it\/#\/schema\/logo\/image\/","url":"https:\/\/www.ledizioni.it\/stag\/wp-content\/uploads\/2023\/10\/newlogoledizioni500x110_2-1.jpg","contentUrl":"https:\/\/www.ledizioni.it\/stag\/wp-content\/uploads\/2023\/10\/newlogoledizioni500x110_2-1.jpg","width":354,"height":87,"caption":"Ledizioni"},"image":{"@id":"https:\/\/www.ledizioni.it\/#\/schema\/logo\/image\/"},"sameAs":["https:\/\/www.facebook.com\/pages\/Ledizioni-LediPublishing\/109120559173329","https:\/\/x.com\/ledizioni"]}]}},"jetpack_sharing_enabled":true,"_links":{"self":[{"href":"https:\/\/www.ledizioni.it\/en\/wp-json\/wp\/v2\/pages\/9735","targetHints":{"allow":["GET"]}}],"collection":[{"href":"https:\/\/www.ledizioni.it\/en\/wp-json\/wp\/v2\/pages"}],"about":[{"href":"https:\/\/www.ledizioni.it\/en\/wp-json\/wp\/v2\/types\/page"}],"author":[{"embeddable":true,"href":"https:\/\/www.ledizioni.it\/en\/wp-json\/wp\/v2\/users\/1"}],"replies":[{"embeddable":true,"href":"https:\/\/www.ledizioni.it\/en\/wp-json\/wp\/v2\/comments?post=9735"}],"version-history":[{"count":11,"href":"https:\/\/www.ledizioni.it\/en\/wp-json\/wp\/v2\/pages\/9735\/revisions"}],"predecessor-version":[{"id":12437,"href":"https:\/\/www.ledizioni.it\/en\/wp-json\/wp\/v2\/pages\/9735\/revisions\/12437"}],"up":[{"embeddable":true,"href":"https:\/\/www.ledizioni.it\/en\/wp-json\/wp\/v2\/pages\/9133"}],"wp:attachment":[{"href":"https:\/\/www.ledizioni.it\/en\/wp-json\/wp\/v2\/media?parent=9735"}],"curies":[{"name":"wp","href":"https:\/\/api.w.org\/{rel}","templated":true}]}}