{"id":9745,"date":"2015-03-16T09:14:52","date_gmt":"2015-03-16T09:14:52","guid":{"rendered":"http:\/\/www.ledizioni.it\/?page_id=9745"},"modified":"2015-06-17T07:59:42","modified_gmt":"2015-06-17T07:59:42","slug":"call-for-papers-sicurezza-in-citta-pratiche-di-controllo-allinterno-dello-spazio-urbano","status":"publish","type":"page","link":"https:\/\/www.ledizioni.it\/en\/collane\/societa\/horisma\/call-for-papers-sicurezza-in-citta-pratiche-di-controllo-allinterno-dello-spazio-urbano\/","title":{"rendered":"Call for papers &#8211; Sicurezza in citt\u00e0. Pratiche di controllo all&#8217;interno dello spazio urbano"},"content":{"rendered":"<p>&nbsp;<\/p>\n<h1 style=\"text-align: center;\"><em>H\u00f3risma 3<\/em><\/h1>\n<p>&nbsp;<\/p>\n<h3 style=\"text-align: center;\"><span style=\"text-decoration: underline;\">Deadline posticipata al 30 Giugno 2015<\/span><\/h3>\n<p style=\"text-align: justify;\"><a href=\"http:\/\/www.ledizioni.it\/en\/collane\/societa\/horisma\/\"><em>H\u00f3risma <\/em><\/a>\u00e8 una collana di pubblicazioni scientifiche edita da Ledizioni (Milano) che\u00a0si propone di pubblicare e diffondere analisi multidisciplinari a carattere teorico ed empirico di giovani studiosi disponibili a varcare i confini della propria disciplina, favorendo l\u2019approfondimento collettivo di una tematica.<\/p>\n<p style=\"text-align: justify;\">L\u2019obiettivo della call <em>Sicurezza in citt\u00e0. Pratiche di controllo all&#8217;interno dello spazio urbano <\/em>\u00e8 di mettere in rilievo le molteplici connessioni ricorrenti tra contesto urbano e pratiche securitarie, ponendo attenzione particolare ai meccanismi di controllo formale e informale attivati anche attraverso l\u2019utilizzo di nuove tecnologie nell\u2019ambito dei pi\u00fa differenti settori della vita sociale (sanit\u00e1, economia, istruzione, ecc.).<\/p>\n<p style=\"text-align: justify;\">Sia all\u2019interno del dibattito accademico, che nella retorica politica, si discute molto di sicurezza urbana. Ciononostante, resta ancora da esplorare in che modo la\u201csicurezza urbana\u201d possa differenziarsi da altre accezioni di sicurezza. Le citt\u00e0 infatti possiedono caratteristiche che le distinguono da altri contesti geografici, tra le quali la coesistenza di gruppi sociali diversi.<\/p>\n<p style=\"text-align: justify;\">Il volume pertanto intende contribuire alla teorizzazione del concetto di \u201csicurezza urbana\u201d rispondendo a una o pi\u00f9 delle seguenti domande: In che modo il contesto urbano determina le espressioni pi\u00f9 visibili e quelle meno facilmente individuabili di fenomeni quali criminalit\u00e0, violenza e disordine? Quali sono gli attori sociali che all\u2019interno delle citt\u00e0 influenzano maggiormente le pratiche di controllo per contrastare o diminuire questi fenomeni? Quali conflitti sociali emergono come conseguenza diretta delle pratiche di controllo dispiegate dentro le citt\u00e0? Le amministrazioni locali sono pi\u00f9 o meno adatte delle autorit\u00e0 nazionali nel determinare la percezione di sicurezza o di insicurezza dei cittadini? E ancora, in che modo le specificit\u00e0 e la storia di ogni citt\u00e0 determinano le modalit\u00e0 di controllo che vengono messe in pratica?<\/p>\n<p style=\"text-align: justify;\"><span style=\"text-decoration: underline;\">Sono accettati contributi in italiano, inglese, spagnolo, portoghese e francese.<\/span><\/p>\n<p style=\"text-align: justify;\">Saranno privilegiati i contributi che, pur approfondendo i contenuti, tematiche e metodi di ricerca di una disciplina, adottino una prospettiva di tipo multidisciplinare per l\u2019approfondimento di casi-studio specifici.<\/p>\n<p style=\"text-align: justify;\">Per partecipare, si invitano giovani studiosi (dottorandi, dottori di ricerca, assegnisti, ricercatori) a inviare un abstract in lingua italiana o inglese di lunghezza non superiore a 2.000 caratteri, spazi inclusi entro il 15 giugno 2015 al seguente indirizzo e-mail<\/p>\n<p style=\"text-align: justify;\">\u00a0<strong>sicurezza.horisma@gmail.com<\/strong>.<\/p>\n<p style=\"text-align: justify;\">Gli autori si impegnano formalmente a sottoporre solo contributi originali e non ancora pubblicati o inviati per pubblicazione anche in diversa lingua.<\/p>\n<p style=\"text-align: justify;\">Gli abstracts saranno oggetto di una <em>blind review<\/em> da parte del Comitato Scientifico di <em>H\u00f3risma<\/em> formato da:<\/p>\n<ul style=\"text-align: justify;\">\n<li>Patrizia Borsellino (ordinario di Filosofia del Diritto \u2013 Universit\u00e0 degli Studi di Milano-Bicocca)<\/li>\n<li>Yuri Kazepov (ordinario di <em>Internationale Stadtsoziologie <\/em>\u2013 Universit\u00e0 di Vienna)<\/li>\n<li>Davide Maggi (associato di Economia aziendale \u2013 Universit\u00e0 degli Studi del Piemonte Orientale)<\/li>\n<li>Monica Martinelli (ricercatrice di Sociologia \u2013 Universit\u00e0 Cattolica di Milano)<\/li>\n<li>Michel Misse (associato di <em>Sociologia do Crime e da Viol\u00eancia<\/em>\u2013 Universidade Federal do Rio de Janeiro)<\/li>\n<li>Giuseppe Mosconi (ordinario di Sociologia del Diritto \u2013 Universit\u00e0 degli Studi di Padova)<\/li>\n<li>Luigi Pannarale (ordinario di Sociologia del Diritto \u2013 Universit\u00e0 degli Studi di Bari)<\/li>\n<li>Emilio Reyneri (ordinario di Sociologia \u2013 Universit\u00e0 degli Studi di Milano-Bicocca)<\/li>\n<li>Roberta Sala (ricercatrice di Filosofia Politica \u2013 Universit\u00e0 Vita-Salute San Raffaele, Milano)<\/li>\n<li>Emilio Santoro (ordinario di Sociologia del Diritto \u2013 Universit\u00e0 degli Studi di Firenze)<\/li>\n<li>Guglielmo Scaramellini (ordinario di Geografia \u2013Universit\u00e0 Statale di Milano)<\/li>\n<li>Francesco Tesauro (ordinario di Diritto Tributario \u2013 Universit\u00e0 degli Studi di Milano-Bicocca)<\/li>\n<\/ul>\n<p style=\"text-align: justify;\">La valutazione dei contributi avverr\u00e0 in base ai seguenti elementi: rilevanza del tema proposto, originalit\u00e0 e chiarezza, qualit\u00e0 dei riferimenti bibliografici, rigore metodologico.<\/p>\n<p style=\"text-align: justify;\">Entro il 15 luglio 2015, gli autori riceveranno comunicazione di accettazione del loro contributo. Entro il 15 settembre 2015, gli autori degli abstract selezionati dovranno far pervenire un saggio per la pubblicazione della lunghezza massima di 35.000 caratteri (note, spazi e biliografia) inclusi che tenga conto degli eventuali suggerimenti proposti dal Comitato Scientifico e che sia coerente con i criteri editoriali che verranno contestualmente forniti.<\/p>\n<p style=\"text-align: justify;\">Gli autori selezionati saranno, altres\u00ec, invitati a partecipare al convegno \u201cHorisma\u201d che si terr\u00e0 in data 23 e 24 settembre 2015, presso l\u2019Universit\u00e0 degli Studi di Milano e presso l\u2019Universit\u00e0 degli Studi di Milano\u2013Bicocca, presentando una breve relazione (20 minuti) sul loro lavoro.<\/p>\n<p style=\"text-align: justify;\">Il contributo scientifico ritenuto pi\u00f9 meritevole dall\u2019Advisory Board durante il convegno <em>H\u00f3risma<\/em> sar\u00e0 premiato con un gettone di presenza del valore di 200,00 euro.<\/p>\n<p style=\"text-align: justify;\">Entro la fine del 2015 \u00e8 prevista la pubblicazione dei contributi in un volume collettaneo all\u2019interno della collana editoriale <em>H\u00f3risma.<\/em><\/p>\n<p style=\"text-align: justify;\"><strong>Date da ricordare:<br \/>\n<\/strong><strong>&#8211; chiusura <em>call for papers<\/em>: 30 giugno 2015<br \/>\n<\/strong><strong>&#8211; notifica accettazione <em>paper<\/em>: 15 luglio 2015<br \/>\n<\/strong><strong>&#8211; consegna <em>paper<\/em>: 15 settembre 2015<br \/>\n<\/strong><strong>&#8211; convegno: 23-24 settembre 2015<\/strong><\/p>\n<p style=\"text-align: justify;\"><strong>Per informazioni:<br \/>\n<\/strong><strong>Email: <a href=\"mailto:sicurezza.horisma@gmail.com\">sicurezza.horisma@gmail.com<\/a><\/strong><\/p>\n<p style=\"text-align: justify;\"><em>Il progetto \u00e8 stato finanziato con il bando \u201c1000 lire\u201d dell\u2019Universit\u00e0 degli Studi Milano-Bicocca, in collaborazione con le associazioni ASB, LDS e SI, e\u00a0 il bando \u201cAttivit\u00e0 Culturali\u201d dell\u2019Universit\u00e0 degli Studi di Milano.<\/em><\/p>\n<p style=\"text-align: justify;\"><a href=\"http:\/\/www.ledizioni.it\/en\/security-in-the-city-practices-of-control-in-the-contemporary-urban-spaces\/\" target=\"_blank\">English version<\/a><\/p>","protected":false},"excerpt":{"rendered":"<p>&nbsp; H\u00f3risma 3 &nbsp; Deadline posticipata al 30 Giugno 2015 H\u00f3risma \u00e8 una collana di pubblicazioni scientifiche edita da Ledizioni<\/p>","protected":false},"author":1,"featured_media":0,"parent":9133,"menu_order":0,"comment_status":"open","ping_status":"open","template":"","meta":{"_acf_changed":false,"footnotes":""},"class_list":["post-9745","page","type-page","status-publish","hentry"],"acf":[],"yoast_head":"<!-- This site is optimized with the Yoast SEO plugin v27.4 - https:\/\/yoast.com\/product\/yoast-seo-wordpress\/ -->\n<title>Call for papers - Sicurezza in citt\u00e0. Pratiche di controllo all&#039;interno dello spazio urbano -<\/title>\n<meta name=\"description\" content=\"Ledizioni - Innovative Publishing. Casa editrice universitaria. Open Access. eBook, ePub. Creative Commons.\" \/>\n<meta name=\"robots\" content=\"index, follow, max-snippet:-1, max-image-preview:large, max-video-preview:-1\" \/>\n<link rel=\"canonical\" href=\"https:\/\/www.ledizioni.it\/en\/collane\/societa\/horisma\/call-for-papers-sicurezza-in-citta-pratiche-di-controllo-allinterno-dello-spazio-urbano\/\" \/>\n<meta property=\"og:locale\" content=\"en_GB\" \/>\n<meta property=\"og:type\" content=\"article\" \/>\n<meta property=\"og:title\" content=\"Call for papers - Sicurezza in citt\u00e0. Pratiche di controllo all&#039;interno dello spazio urbano -\" \/>\n<meta property=\"og:description\" content=\"Ledizioni - Innovative Publishing. Casa editrice universitaria. Open Access. eBook, ePub. Creative Commons.\" \/>\n<meta property=\"og:url\" content=\"https:\/\/www.ledizioni.it\/en\/collane\/societa\/horisma\/call-for-papers-sicurezza-in-citta-pratiche-di-controllo-allinterno-dello-spazio-urbano\/\" \/>\n<meta property=\"og:site_name\" content=\"Ledizioni\" \/>\n<meta property=\"article:publisher\" content=\"https:\/\/www.facebook.com\/pages\/Ledizioni-LediPublishing\/109120559173329\" \/>\n<meta property=\"article:modified_time\" content=\"2015-06-17T07:59:42+00:00\" \/>\n<meta name=\"twitter:card\" content=\"summary_large_image\" \/>\n<meta name=\"twitter:site\" content=\"@ledizioni\" \/>\n<meta name=\"twitter:label1\" content=\"Estimated reading time\" \/>\n\t<meta name=\"twitter:data1\" content=\"4 minutes\" \/>\n<script type=\"application\/ld+json\" class=\"yoast-schema-graph\">{\"@context\":\"https:\\\/\\\/schema.org\",\"@graph\":[{\"@type\":\"WebPage\",\"@id\":\"https:\\\/\\\/www.ledizioni.it\\\/collane\\\/societa\\\/horisma\\\/call-for-papers-sicurezza-in-citta-pratiche-di-controllo-allinterno-dello-spazio-urbano\\\/\",\"url\":\"https:\\\/\\\/www.ledizioni.it\\\/collane\\\/societa\\\/horisma\\\/call-for-papers-sicurezza-in-citta-pratiche-di-controllo-allinterno-dello-spazio-urbano\\\/\",\"name\":\"Call for papers - Sicurezza in citt\u00e0. Pratiche di controllo all'interno dello spazio urbano -\",\"isPartOf\":{\"@id\":\"https:\\\/\\\/www.ledizioni.it\\\/#website\"},\"datePublished\":\"2015-03-16T09:14:52+00:00\",\"dateModified\":\"2015-06-17T07:59:42+00:00\",\"description\":\"Ledizioni - Innovative Publishing. Casa editrice universitaria. Open Access. eBook, ePub. Creative Commons.\",\"breadcrumb\":{\"@id\":\"https:\\\/\\\/www.ledizioni.it\\\/collane\\\/societa\\\/horisma\\\/call-for-papers-sicurezza-in-citta-pratiche-di-controllo-allinterno-dello-spazio-urbano\\\/#breadcrumb\"},\"inLanguage\":\"en-GB\",\"potentialAction\":[{\"@type\":\"ReadAction\",\"target\":[\"https:\\\/\\\/www.ledizioni.it\\\/collane\\\/societa\\\/horisma\\\/call-for-papers-sicurezza-in-citta-pratiche-di-controllo-allinterno-dello-spazio-urbano\\\/\"]}]},{\"@type\":\"BreadcrumbList\",\"@id\":\"https:\\\/\\\/www.ledizioni.it\\\/collane\\\/societa\\\/horisma\\\/call-for-papers-sicurezza-in-citta-pratiche-di-controllo-allinterno-dello-spazio-urbano\\\/#breadcrumb\",\"itemListElement\":[{\"@type\":\"ListItem\",\"position\":1,\"name\":\"Collane\",\"item\":\"https:\\\/\\\/www.ledizioni.it\\\/collane\\\/\"},{\"@type\":\"ListItem\",\"position\":2,\"name\":\"Societa&#8217;\",\"item\":\"https:\\\/\\\/www.ledizioni.it\\\/collane\\\/societa\\\/\"},{\"@type\":\"ListItem\",\"position\":3,\"name\":\"H\u00f3risma\",\"item\":\"https:\\\/\\\/www.ledizioni.it\\\/collane\\\/societa\\\/horisma\\\/\"},{\"@type\":\"ListItem\",\"position\":4,\"name\":\"Call for papers &#8211; Sicurezza in citt\u00e0. Pratiche di controllo all&#8217;interno dello spazio urbano\"}]},{\"@type\":\"WebSite\",\"@id\":\"https:\\\/\\\/www.ledizioni.it\\\/#website\",\"url\":\"https:\\\/\\\/www.ledizioni.it\\\/\",\"name\":\"Ledizioni\",\"description\":\"The Innovative LediPublishing Company - Casa Editrice Universitaria\",\"publisher\":{\"@id\":\"https:\\\/\\\/www.ledizioni.it\\\/#organization\"},\"potentialAction\":[{\"@type\":\"SearchAction\",\"target\":{\"@type\":\"EntryPoint\",\"urlTemplate\":\"https:\\\/\\\/www.ledizioni.it\\\/?s={search_term_string}\"},\"query-input\":{\"@type\":\"PropertyValueSpecification\",\"valueRequired\":true,\"valueName\":\"search_term_string\"}}],\"inLanguage\":\"en-GB\"},{\"@type\":\"Organization\",\"@id\":\"https:\\\/\\\/www.ledizioni.it\\\/#organization\",\"name\":\"Ledizioni\",\"url\":\"https:\\\/\\\/www.ledizioni.it\\\/\",\"logo\":{\"@type\":\"ImageObject\",\"inLanguage\":\"en-GB\",\"@id\":\"https:\\\/\\\/www.ledizioni.it\\\/#\\\/schema\\\/logo\\\/image\\\/\",\"url\":\"https:\\\/\\\/www.ledizioni.it\\\/stag\\\/wp-content\\\/uploads\\\/2023\\\/10\\\/newlogoledizioni500x110_2-1.jpg\",\"contentUrl\":\"https:\\\/\\\/www.ledizioni.it\\\/stag\\\/wp-content\\\/uploads\\\/2023\\\/10\\\/newlogoledizioni500x110_2-1.jpg\",\"width\":354,\"height\":87,\"caption\":\"Ledizioni\"},\"image\":{\"@id\":\"https:\\\/\\\/www.ledizioni.it\\\/#\\\/schema\\\/logo\\\/image\\\/\"},\"sameAs\":[\"https:\\\/\\\/www.facebook.com\\\/pages\\\/Ledizioni-LediPublishing\\\/109120559173329\",\"https:\\\/\\\/x.com\\\/ledizioni\"]}]}<\/script>\n<!-- \/ Yoast SEO plugin. -->","yoast_head_json":{"title":"Call for papers - Sicurezza in citt\u00e0. Pratiche di controllo all'interno dello spazio urbano -","description":"Ledizioni - Innovative Publishing. Casa editrice universitaria. Open Access. eBook, ePub. Creative Commons.","robots":{"index":"index","follow":"follow","max-snippet":"max-snippet:-1","max-image-preview":"max-image-preview:large","max-video-preview":"max-video-preview:-1"},"canonical":"https:\/\/www.ledizioni.it\/en\/collane\/societa\/horisma\/call-for-papers-sicurezza-in-citta-pratiche-di-controllo-allinterno-dello-spazio-urbano\/","og_locale":"en_GB","og_type":"article","og_title":"Call for papers - Sicurezza in citt\u00e0. Pratiche di controllo all'interno dello spazio urbano -","og_description":"Ledizioni - Innovative Publishing. Casa editrice universitaria. Open Access. eBook, ePub. Creative Commons.","og_url":"https:\/\/www.ledizioni.it\/en\/collane\/societa\/horisma\/call-for-papers-sicurezza-in-citta-pratiche-di-controllo-allinterno-dello-spazio-urbano\/","og_site_name":"Ledizioni","article_publisher":"https:\/\/www.facebook.com\/pages\/Ledizioni-LediPublishing\/109120559173329","article_modified_time":"2015-06-17T07:59:42+00:00","twitter_card":"summary_large_image","twitter_site":"@ledizioni","twitter_misc":{"Estimated reading time":"4 minutes"},"schema":{"@context":"https:\/\/schema.org","@graph":[{"@type":"WebPage","@id":"https:\/\/www.ledizioni.it\/collane\/societa\/horisma\/call-for-papers-sicurezza-in-citta-pratiche-di-controllo-allinterno-dello-spazio-urbano\/","url":"https:\/\/www.ledizioni.it\/collane\/societa\/horisma\/call-for-papers-sicurezza-in-citta-pratiche-di-controllo-allinterno-dello-spazio-urbano\/","name":"Call for papers - Sicurezza in citt\u00e0. Pratiche di controllo all'interno dello spazio urbano -","isPartOf":{"@id":"https:\/\/www.ledizioni.it\/#website"},"datePublished":"2015-03-16T09:14:52+00:00","dateModified":"2015-06-17T07:59:42+00:00","description":"Ledizioni - Innovative Publishing. Casa editrice universitaria. Open Access. eBook, ePub. Creative Commons.","breadcrumb":{"@id":"https:\/\/www.ledizioni.it\/collane\/societa\/horisma\/call-for-papers-sicurezza-in-citta-pratiche-di-controllo-allinterno-dello-spazio-urbano\/#breadcrumb"},"inLanguage":"en-GB","potentialAction":[{"@type":"ReadAction","target":["https:\/\/www.ledizioni.it\/collane\/societa\/horisma\/call-for-papers-sicurezza-in-citta-pratiche-di-controllo-allinterno-dello-spazio-urbano\/"]}]},{"@type":"BreadcrumbList","@id":"https:\/\/www.ledizioni.it\/collane\/societa\/horisma\/call-for-papers-sicurezza-in-citta-pratiche-di-controllo-allinterno-dello-spazio-urbano\/#breadcrumb","itemListElement":[{"@type":"ListItem","position":1,"name":"Collane","item":"https:\/\/www.ledizioni.it\/collane\/"},{"@type":"ListItem","position":2,"name":"Societa&#8217;","item":"https:\/\/www.ledizioni.it\/collane\/societa\/"},{"@type":"ListItem","position":3,"name":"H\u00f3risma","item":"https:\/\/www.ledizioni.it\/collane\/societa\/horisma\/"},{"@type":"ListItem","position":4,"name":"Call for papers &#8211; Sicurezza in citt\u00e0. Pratiche di controllo all&#8217;interno dello spazio urbano"}]},{"@type":"WebSite","@id":"https:\/\/www.ledizioni.it\/#website","url":"https:\/\/www.ledizioni.it\/","name":"Ledizioni","description":"The Innovative LediPublishing Company - Casa Editrice Universitaria","publisher":{"@id":"https:\/\/www.ledizioni.it\/#organization"},"potentialAction":[{"@type":"SearchAction","target":{"@type":"EntryPoint","urlTemplate":"https:\/\/www.ledizioni.it\/?s={search_term_string}"},"query-input":{"@type":"PropertyValueSpecification","valueRequired":true,"valueName":"search_term_string"}}],"inLanguage":"en-GB"},{"@type":"Organization","@id":"https:\/\/www.ledizioni.it\/#organization","name":"Ledizioni","url":"https:\/\/www.ledizioni.it\/","logo":{"@type":"ImageObject","inLanguage":"en-GB","@id":"https:\/\/www.ledizioni.it\/#\/schema\/logo\/image\/","url":"https:\/\/www.ledizioni.it\/stag\/wp-content\/uploads\/2023\/10\/newlogoledizioni500x110_2-1.jpg","contentUrl":"https:\/\/www.ledizioni.it\/stag\/wp-content\/uploads\/2023\/10\/newlogoledizioni500x110_2-1.jpg","width":354,"height":87,"caption":"Ledizioni"},"image":{"@id":"https:\/\/www.ledizioni.it\/#\/schema\/logo\/image\/"},"sameAs":["https:\/\/www.facebook.com\/pages\/Ledizioni-LediPublishing\/109120559173329","https:\/\/x.com\/ledizioni"]}]}},"jetpack_sharing_enabled":true,"_links":{"self":[{"href":"https:\/\/www.ledizioni.it\/en\/wp-json\/wp\/v2\/pages\/9745","targetHints":{"allow":["GET"]}}],"collection":[{"href":"https:\/\/www.ledizioni.it\/en\/wp-json\/wp\/v2\/pages"}],"about":[{"href":"https:\/\/www.ledizioni.it\/en\/wp-json\/wp\/v2\/types\/page"}],"author":[{"embeddable":true,"href":"https:\/\/www.ledizioni.it\/en\/wp-json\/wp\/v2\/users\/1"}],"replies":[{"embeddable":true,"href":"https:\/\/www.ledizioni.it\/en\/wp-json\/wp\/v2\/comments?post=9745"}],"version-history":[{"count":8,"href":"https:\/\/www.ledizioni.it\/en\/wp-json\/wp\/v2\/pages\/9745\/revisions"}],"predecessor-version":[{"id":12440,"href":"https:\/\/www.ledizioni.it\/en\/wp-json\/wp\/v2\/pages\/9745\/revisions\/12440"}],"up":[{"embeddable":true,"href":"https:\/\/www.ledizioni.it\/en\/wp-json\/wp\/v2\/pages\/9133"}],"wp:attachment":[{"href":"https:\/\/www.ledizioni.it\/en\/wp-json\/wp\/v2\/media?parent=9745"}],"curies":[{"name":"wp","href":"https:\/\/api.w.org\/{rel}","templated":true}]}}