{"id":9750,"date":"2015-03-16T09:22:02","date_gmt":"2015-03-16T09:22:02","guid":{"rendered":"http:\/\/www.ledizioni.it\/?page_id=9750"},"modified":"2015-06-17T07:59:31","modified_gmt":"2015-06-17T07:59:31","slug":"call-for-papers-le-uguaglianze-diritti-risorse-sfide-per-il-futuro","status":"publish","type":"page","link":"https:\/\/www.ledizioni.it\/en\/collane\/societa\/horisma\/call-for-papers-le-uguaglianze-diritti-risorse-sfide-per-il-futuro\/","title":{"rendered":"Call for papers &#8211; Le uguaglianze: diritti, risorse, sfide per il futuro"},"content":{"rendered":"<p>&nbsp;<\/p>\n<h1 style=\"text-align: center;\"><strong>Giovani studiosi si confrontano sul conflitto intergenerazionale<\/strong><\/h1>\n<p>&nbsp;<\/p>\n<h2 style=\"text-align: center;\"><em>H\u00f2risma 4<\/em><\/h2>\n<p>&nbsp;<\/p>\n<h3 style=\"text-align: center;\"><span style=\"text-decoration: underline;\">Deadline posticipata al 30 Giugno 2015<\/span><\/h3>\n<p style=\"text-align: justify;\"><em><a href=\"http:\/\/www.ledizioni.it\/en\/collane\/societa\/horisma\/\">H\u00f2risma<\/a><\/em> \u00e8 una collana di pubblicazioni accademiche edita dalla casa editrice <em><a href=\"http:\/\/www.ledizioni.it\/en\/chi-siamo\/\">Ledizioni<\/a><\/em>. I membri dell\u2019Advisory Board hanno il piacere di invitare giovani studiosi (dottorandi, dottori di ricerca, assegnisti, ricercatori) a partecipare ad un progetto di approfondimento teorico ed empirico realizzato secondo un approccio multidisciplinare. L\u2019iniziativa \u00e8 finanziata dall\u2019<a href=\"http:\/\/www.unimi.it\/\">Universit\u00e0 degli Studi di Milano<\/a> e dall\u2019<a href=\"http:\/\/www.unimib.it\/go\/101\/Home\/Italiano\">Universit\u00e0 degli Studi di Milano-Bicocca<\/a>. Gli studi selezionati saranno pubblicati in un <strong>volume collettaneo <\/strong>entro la fine del 2015. Gli autori parteciperanno in qualit\u00e0 di relatori ad un <strong>convegno<\/strong> che si terr\u00e0 il 23 ed il 24 settembre 2015 presso l\u2019Universit\u00e0 degli Studi di Milano e presso l\u2019Universit\u00e0 degli Studi di Milano\u2013Bicocca. In tale occasione l\u2019autore del contributo ritenuto pi\u00f9 meritevole dall\u2019Advisory Board ricever\u00e0 un <strong>premio<\/strong> del valore di 200 euro.<\/p>\n<p style=\"text-align: justify;\">Il tema della <em>call for paper<\/em> \u00e8 l\u2019<strong>uguaglianza<\/strong>. Questo concetto, declinato in vari ambiti (antropologico, sociologico, economico, giuridico <em>et cetera<\/em>), \u00e8 stato oggetto di riflessione e ragione di conflitto per secoli, fino a diventare il vero e proprio cardine degli Stati moderni: nell\u2019et\u00e0 contemporanea il principio di uguaglianza \u2013 formale e sostanziale \u2013 \u00e8 cristallizzato nelle Costituzioni europee e nelle convenzioni internazionali, dalla Costituzione italiana alla Carta dei Diritti Fondamentali dell\u2019Unione Europea, passando attraverso la Convenzione Europea dei Diritti dell\u2019Uomo.<\/p>\n<p style=\"text-align: justify;\">L\u2019uguaglianza non \u00e8 soltanto uno strumento di tutela per i diritti dei consociati, ma \u00e8 anche parametro di allocazione delle risorse all\u2019interno delle comunit\u00e0. La crisi economica mondiale sta sconvolgendo questo assetto a tal punto da mettere in discussione lo stesso ruolo dello Stato quale soggetto cui sono demandate le scelte sulla spesa pubblica e sul suo finanziamento, oggi fondato sul binomio indebitamento\/prelievo fiscale. Per la gestione della \u03c0\u03cc\u03bb\u03b9\u03c2 \u00e8 diventata fondamentale l\u2019architettura del sistema tributario: gli obiettivi della \u201cgiusta imposta\u201d da prelevare e quelli \u2013 strumentali al primo \u2013 del \u201cgiusto procedimento\u201d attraverso cui riscuoterla e del \u201cgiusto processo\u201d mediante il quale ottenere tutela giurisdizionale dovrebbero essere perseguiti alla luce del principio di <strong>uguaglianza tributaria<\/strong> e del canone di ragionevolezza, suo corollario. La realt\u00e0 che viviamo \u00e8 per\u00f2 assai diversa: la ricchezza non soltanto \u00e8 concentrata nelle mani di pochi a scapito dei pi\u00f9, ma si va sempre pi\u00f9 accentuando il suo spostamento verso la popolazione pi\u00f9 anziana. La stretta correlazione tra tributi e diseguaglianze sociali e intergenerazionali, denunciata da economisti come Piketty, Saez e Stantcheva, pu\u00f2 per\u00f2 essere ribaltata: \u00e8 questa la <em>ratio<\/em> ultima che giustifica i progetti di revisione delle cosiddette <em>tax expenditures<\/em> cos\u00ec come i tentativi di rimodulazione di alcuni prelievi coattivi (come quelli sulle \u201cpensioni d\u2019oro\u201d).<\/p>\n<p style=\"text-align: justify;\">Il rapporto tra diverse generazioni \u00e8 un luogo privilegiato per analizzare la dicotomia uguaglianza\/disuguaglianza sia in termini di accesso alle risorse, sia di fruizione di diritti ritenuti acquisiti ma di fatto indisponibili per la generazione successiva. Il marcato rallentamento demografico dell\u2019Italia (2013 e 2014 sono i primi due anni in cui le morti hanno superato le nascite dal 1918 \u2013 dati ISTAT) e in generale di tutto il mondo occidentale mette in luce numerose sfide per il futuro da diversi punti di vista (economico, sociale, giuridico, culturale, ecc.). Quali politiche pubbliche possono risolvere questa empasse? Quali risposte pu\u00f2 dare la societ\u00e0 civile? Quali sono i rischi a cui andiamo incontro senza operare nessuna correzione di rotta? Questi sono solo alcuni degli interrogativi sull\u2019<strong>uguaglianza intergenerazionale<\/strong> a cui risulta sempre pi\u00f9 urgente cercare di rispondere.<\/p>\n<p style=\"text-align: justify;\">Chi fosse interessato a pubblicare un <strong>contributo<\/strong> <strong>inedito<\/strong> su queste tematiche \u00e8 pregato di inviare un <strong>abstract<\/strong> della lunghezza massima di 2.000 caratteri (spazi inclusi) unitamente al proprio <em>curriculum vitae et studiorum<\/em> e ad un elenco delle pubblicazioni scientifiche <strong>entro il<\/strong> <strong>15 giugno 2015<\/strong> all\u2019indirizzo di posta <a href=\"mailto:uguaglianza.horisma@gmail.com\">uguaglianza.horisma@gmail.com<\/a>.<\/p>\n<p style=\"text-align: justify;\">Gli abstracts saranno oggetto di una <em>blind review<\/em> da parte del Comitato Scientifico di <em>H\u00f2risma<\/em> formato da:<\/p>\n<ul style=\"text-align: justify;\">\n<li>Patrizia Borsellino (ordinario di Filosofia del Diritto \u2013 Universit\u00e0 degli Studi di Milano-Bicocca)<\/li>\n<li>Yuri Kazepov (ordinario di <em>Internationale Stadtsoziologie <\/em>\u2013 Universit\u00e0 di Vienna)<\/li>\n<li>Davide Maggi (associato di Economia aziendale \u2013 Universit\u00e0 degli Studi del Piemonte Orientale)<\/li>\n<li>Monica Martinelli (ricercatrice di Sociologia \u2013 Universit\u00e0 Cattolica di Milano)<\/li>\n<li>Michel Misse (associato di <em>Sociologia do Crime e da Viol\u00eancia<\/em>\u2013 Universidade Federal do Rio de Janeiro)<\/li>\n<li>Giuseppe Mosconi (ordinario di Sociologia del Diritto \u2013 Universit\u00e0 degli Studi di Padova)<\/li>\n<li>Luigi Pannarale (ordinario di Sociologia del Diritto \u2013 Universit\u00e0 degli Studi di Bari)<\/li>\n<li>Emilio Reyneri (ordinario di Sociologia \u2013 Universit\u00e0 degli Studi di Milano-Bicocca)<\/li>\n<li>Roberta Sala (ricercatrice di Filosofia Politica \u2013 Universit\u00e0 Vita-Salute San Raffaele, Milano)<\/li>\n<li>Emilio Santoro (ordinario di Sociologia del Diritto \u2013 Universit\u00e0 degli Studi di Firenze)<\/li>\n<li>Guglielmo Scaramellini (ordinario di Geografia \u2013- Universit\u00e0 Statale di Milano)<\/li>\n<li>Francesco Tesauro (ordinario di Diritto Tributario \u2013 Universit\u00e0 degli Studi di Milano-Bicocca)<\/li>\n<\/ul>\n<p style=\"text-align: justify;\">La valutazione avverr\u00e0 in base ai seguenti criteri: pertinenza e rilevanza della proposta rispetto al progetto, originalit\u00e0 della ricerca, chiarezza degli obiettivi presentati, qualit\u00e0 dei riferimenti bibliografici, rigore metodologico. L\u2019esito della valutazione verr\u00e0 comunicato a ciascun candidato entro il 15 luglio 2015.<\/p>\n<p style=\"text-align: justify;\">Il contributo potr\u00e0 essere redatto in italiano o inglese secondo i criteri editoriali che saranno comunicati a ciascun autore e non dovr\u00e0 superare la lunghezza massima di 35.000 caratteri (spazi inclusi). Il contributo dovr\u00e0 essere trasmesso entro il 15 settembre 2015.<\/p>\n<p style=\"text-align: justify;\"><strong>Date da ricordare: <\/strong><\/p>\n<p style=\"text-align: justify;\"><strong>&#8211; chiusura <em>call for papers<\/em>: 30 giugno 2015<br \/>\n<\/strong><strong>&#8211; notifica accettazione <em>paper<\/em>: 15 luglio 2015<br \/>\n<\/strong><strong>&#8211; consegna <em>paper<\/em>: 15 settembre 2015<br \/>\n<\/strong><strong>&#8211; convegno: 23-24 settembre 2015<\/strong><\/p>\n<p style=\"text-align: justify;\"><strong>Per informazioni:<br \/>\n<\/strong><strong style=\"line-height: 1.5;\">E-mail <\/strong><a style=\"line-height: 1.5;\" href=\"mailto:uguaglianza.horisma@gmail.com\">uguaglianza.horisma@gmail.com<\/a><\/p>\n<p style=\"text-align: justify;\"><a href=\"http:\/\/www.ledizioni.it\/en\/collane\/societa\/horisma\/call-for-papers-equalities-rights-resources-challenges-for-the-future\/\">English version<\/a><\/p>\n<p style=\"text-align: justify;\"><em>Il progetto \u00e8 stato finanziato con il bando \u201c1000 lire\u201d dell\u2019Universit\u00e0 degli Studi Milano-Bicocca, in collaborazione con le associazioni ASB, LDS e SI, e il bando \u201cAttivit\u00e0 Culturali\u201d dell\u2019Universit\u00e0 degli Studi di Milano.<\/em><\/p>","protected":false},"excerpt":{"rendered":"<p>&nbsp; Giovani studiosi si confrontano sul conflitto intergenerazionale &nbsp; H\u00f2risma 4 &nbsp; Deadline posticipata al 30 Giugno 2015 H\u00f2risma \u00e8<\/p>","protected":false},"author":1,"featured_media":0,"parent":9133,"menu_order":0,"comment_status":"open","ping_status":"open","template":"","meta":{"_acf_changed":false,"footnotes":""},"class_list":["post-9750","page","type-page","status-publish","hentry"],"acf":[],"yoast_head":"<!-- This site is optimized with the Yoast SEO plugin v27.3 - https:\/\/yoast.com\/product\/yoast-seo-wordpress\/ -->\n<title>Call for papers - Le uguaglianze: diritti, risorse, sfide per il futuro -<\/title>\n<meta name=\"description\" content=\"Ledizioni - Innovative Publishing. Casa editrice universitaria. Open Access. eBook, ePub. Creative Commons.\" \/>\n<meta name=\"robots\" content=\"index, follow, max-snippet:-1, max-image-preview:large, max-video-preview:-1\" \/>\n<link rel=\"canonical\" href=\"https:\/\/www.ledizioni.it\/en\/collane\/societa\/horisma\/call-for-papers-le-uguaglianze-diritti-risorse-sfide-per-il-futuro\/\" \/>\n<meta property=\"og:locale\" content=\"en_GB\" \/>\n<meta property=\"og:type\" content=\"article\" \/>\n<meta property=\"og:title\" content=\"Call for papers - Le uguaglianze: diritti, risorse, sfide per il futuro -\" \/>\n<meta property=\"og:description\" content=\"Ledizioni - Innovative Publishing. Casa editrice universitaria. Open Access. eBook, ePub. Creative Commons.\" \/>\n<meta property=\"og:url\" content=\"https:\/\/www.ledizioni.it\/en\/collane\/societa\/horisma\/call-for-papers-le-uguaglianze-diritti-risorse-sfide-per-il-futuro\/\" \/>\n<meta property=\"og:site_name\" content=\"Ledizioni\" \/>\n<meta property=\"article:publisher\" content=\"https:\/\/www.facebook.com\/pages\/Ledizioni-LediPublishing\/109120559173329\" \/>\n<meta property=\"article:modified_time\" content=\"2015-06-17T07:59:31+00:00\" \/>\n<meta name=\"twitter:card\" content=\"summary_large_image\" \/>\n<meta name=\"twitter:site\" content=\"@ledizioni\" \/>\n<meta name=\"twitter:label1\" content=\"Estimated reading time\" \/>\n\t<meta name=\"twitter:data1\" content=\"5 minutes\" \/>\n<script type=\"application\/ld+json\" class=\"yoast-schema-graph\">{\"@context\":\"https:\\\/\\\/schema.org\",\"@graph\":[{\"@type\":\"WebPage\",\"@id\":\"https:\\\/\\\/www.ledizioni.it\\\/collane\\\/societa\\\/horisma\\\/call-for-papers-le-uguaglianze-diritti-risorse-sfide-per-il-futuro\\\/\",\"url\":\"https:\\\/\\\/www.ledizioni.it\\\/collane\\\/societa\\\/horisma\\\/call-for-papers-le-uguaglianze-diritti-risorse-sfide-per-il-futuro\\\/\",\"name\":\"Call for papers - Le uguaglianze: diritti, risorse, sfide per il futuro -\",\"isPartOf\":{\"@id\":\"https:\\\/\\\/www.ledizioni.it\\\/#website\"},\"datePublished\":\"2015-03-16T09:22:02+00:00\",\"dateModified\":\"2015-06-17T07:59:31+00:00\",\"description\":\"Ledizioni - Innovative Publishing. Casa editrice universitaria. Open Access. eBook, ePub. Creative Commons.\",\"breadcrumb\":{\"@id\":\"https:\\\/\\\/www.ledizioni.it\\\/collane\\\/societa\\\/horisma\\\/call-for-papers-le-uguaglianze-diritti-risorse-sfide-per-il-futuro\\\/#breadcrumb\"},\"inLanguage\":\"en-GB\",\"potentialAction\":[{\"@type\":\"ReadAction\",\"target\":[\"https:\\\/\\\/www.ledizioni.it\\\/collane\\\/societa\\\/horisma\\\/call-for-papers-le-uguaglianze-diritti-risorse-sfide-per-il-futuro\\\/\"]}]},{\"@type\":\"BreadcrumbList\",\"@id\":\"https:\\\/\\\/www.ledizioni.it\\\/collane\\\/societa\\\/horisma\\\/call-for-papers-le-uguaglianze-diritti-risorse-sfide-per-il-futuro\\\/#breadcrumb\",\"itemListElement\":[{\"@type\":\"ListItem\",\"position\":1,\"name\":\"Collane\",\"item\":\"https:\\\/\\\/www.ledizioni.it\\\/collane\\\/\"},{\"@type\":\"ListItem\",\"position\":2,\"name\":\"Societa&#8217;\",\"item\":\"https:\\\/\\\/www.ledizioni.it\\\/collane\\\/societa\\\/\"},{\"@type\":\"ListItem\",\"position\":3,\"name\":\"H\u00f3risma\",\"item\":\"https:\\\/\\\/www.ledizioni.it\\\/collane\\\/societa\\\/horisma\\\/\"},{\"@type\":\"ListItem\",\"position\":4,\"name\":\"Call for papers &#8211; Le uguaglianze: diritti, risorse, sfide per il futuro\"}]},{\"@type\":\"WebSite\",\"@id\":\"https:\\\/\\\/www.ledizioni.it\\\/#website\",\"url\":\"https:\\\/\\\/www.ledizioni.it\\\/\",\"name\":\"Ledizioni\",\"description\":\"The Innovative LediPublishing Company - Casa Editrice Universitaria\",\"publisher\":{\"@id\":\"https:\\\/\\\/www.ledizioni.it\\\/#organization\"},\"potentialAction\":[{\"@type\":\"SearchAction\",\"target\":{\"@type\":\"EntryPoint\",\"urlTemplate\":\"https:\\\/\\\/www.ledizioni.it\\\/?s={search_term_string}\"},\"query-input\":{\"@type\":\"PropertyValueSpecification\",\"valueRequired\":true,\"valueName\":\"search_term_string\"}}],\"inLanguage\":\"en-GB\"},{\"@type\":\"Organization\",\"@id\":\"https:\\\/\\\/www.ledizioni.it\\\/#organization\",\"name\":\"Ledizioni\",\"url\":\"https:\\\/\\\/www.ledizioni.it\\\/\",\"logo\":{\"@type\":\"ImageObject\",\"inLanguage\":\"en-GB\",\"@id\":\"https:\\\/\\\/www.ledizioni.it\\\/#\\\/schema\\\/logo\\\/image\\\/\",\"url\":\"https:\\\/\\\/www.ledizioni.it\\\/stag\\\/wp-content\\\/uploads\\\/2023\\\/10\\\/newlogoledizioni500x110_2-1.jpg\",\"contentUrl\":\"https:\\\/\\\/www.ledizioni.it\\\/stag\\\/wp-content\\\/uploads\\\/2023\\\/10\\\/newlogoledizioni500x110_2-1.jpg\",\"width\":354,\"height\":87,\"caption\":\"Ledizioni\"},\"image\":{\"@id\":\"https:\\\/\\\/www.ledizioni.it\\\/#\\\/schema\\\/logo\\\/image\\\/\"},\"sameAs\":[\"https:\\\/\\\/www.facebook.com\\\/pages\\\/Ledizioni-LediPublishing\\\/109120559173329\",\"https:\\\/\\\/x.com\\\/ledizioni\"]}]}<\/script>\n<!-- \/ Yoast SEO plugin. -->","yoast_head_json":{"title":"Call for papers - Le uguaglianze: diritti, risorse, sfide per il futuro -","description":"Ledizioni - Innovative Publishing. Casa editrice universitaria. Open Access. eBook, ePub. Creative Commons.","robots":{"index":"index","follow":"follow","max-snippet":"max-snippet:-1","max-image-preview":"max-image-preview:large","max-video-preview":"max-video-preview:-1"},"canonical":"https:\/\/www.ledizioni.it\/en\/collane\/societa\/horisma\/call-for-papers-le-uguaglianze-diritti-risorse-sfide-per-il-futuro\/","og_locale":"en_GB","og_type":"article","og_title":"Call for papers - Le uguaglianze: diritti, risorse, sfide per il futuro -","og_description":"Ledizioni - Innovative Publishing. Casa editrice universitaria. Open Access. eBook, ePub. Creative Commons.","og_url":"https:\/\/www.ledizioni.it\/en\/collane\/societa\/horisma\/call-for-papers-le-uguaglianze-diritti-risorse-sfide-per-il-futuro\/","og_site_name":"Ledizioni","article_publisher":"https:\/\/www.facebook.com\/pages\/Ledizioni-LediPublishing\/109120559173329","article_modified_time":"2015-06-17T07:59:31+00:00","twitter_card":"summary_large_image","twitter_site":"@ledizioni","twitter_misc":{"Estimated reading time":"5 minutes"},"schema":{"@context":"https:\/\/schema.org","@graph":[{"@type":"WebPage","@id":"https:\/\/www.ledizioni.it\/collane\/societa\/horisma\/call-for-papers-le-uguaglianze-diritti-risorse-sfide-per-il-futuro\/","url":"https:\/\/www.ledizioni.it\/collane\/societa\/horisma\/call-for-papers-le-uguaglianze-diritti-risorse-sfide-per-il-futuro\/","name":"Call for papers - Le uguaglianze: diritti, risorse, sfide per il futuro -","isPartOf":{"@id":"https:\/\/www.ledizioni.it\/#website"},"datePublished":"2015-03-16T09:22:02+00:00","dateModified":"2015-06-17T07:59:31+00:00","description":"Ledizioni - Innovative Publishing. Casa editrice universitaria. Open Access. eBook, ePub. Creative Commons.","breadcrumb":{"@id":"https:\/\/www.ledizioni.it\/collane\/societa\/horisma\/call-for-papers-le-uguaglianze-diritti-risorse-sfide-per-il-futuro\/#breadcrumb"},"inLanguage":"en-GB","potentialAction":[{"@type":"ReadAction","target":["https:\/\/www.ledizioni.it\/collane\/societa\/horisma\/call-for-papers-le-uguaglianze-diritti-risorse-sfide-per-il-futuro\/"]}]},{"@type":"BreadcrumbList","@id":"https:\/\/www.ledizioni.it\/collane\/societa\/horisma\/call-for-papers-le-uguaglianze-diritti-risorse-sfide-per-il-futuro\/#breadcrumb","itemListElement":[{"@type":"ListItem","position":1,"name":"Collane","item":"https:\/\/www.ledizioni.it\/collane\/"},{"@type":"ListItem","position":2,"name":"Societa&#8217;","item":"https:\/\/www.ledizioni.it\/collane\/societa\/"},{"@type":"ListItem","position":3,"name":"H\u00f3risma","item":"https:\/\/www.ledizioni.it\/collane\/societa\/horisma\/"},{"@type":"ListItem","position":4,"name":"Call for papers &#8211; Le uguaglianze: diritti, risorse, sfide per il futuro"}]},{"@type":"WebSite","@id":"https:\/\/www.ledizioni.it\/#website","url":"https:\/\/www.ledizioni.it\/","name":"Ledizioni","description":"The Innovative LediPublishing Company - Casa Editrice Universitaria","publisher":{"@id":"https:\/\/www.ledizioni.it\/#organization"},"potentialAction":[{"@type":"SearchAction","target":{"@type":"EntryPoint","urlTemplate":"https:\/\/www.ledizioni.it\/?s={search_term_string}"},"query-input":{"@type":"PropertyValueSpecification","valueRequired":true,"valueName":"search_term_string"}}],"inLanguage":"en-GB"},{"@type":"Organization","@id":"https:\/\/www.ledizioni.it\/#organization","name":"Ledizioni","url":"https:\/\/www.ledizioni.it\/","logo":{"@type":"ImageObject","inLanguage":"en-GB","@id":"https:\/\/www.ledizioni.it\/#\/schema\/logo\/image\/","url":"https:\/\/www.ledizioni.it\/stag\/wp-content\/uploads\/2023\/10\/newlogoledizioni500x110_2-1.jpg","contentUrl":"https:\/\/www.ledizioni.it\/stag\/wp-content\/uploads\/2023\/10\/newlogoledizioni500x110_2-1.jpg","width":354,"height":87,"caption":"Ledizioni"},"image":{"@id":"https:\/\/www.ledizioni.it\/#\/schema\/logo\/image\/"},"sameAs":["https:\/\/www.facebook.com\/pages\/Ledizioni-LediPublishing\/109120559173329","https:\/\/x.com\/ledizioni"]}]}},"jetpack_sharing_enabled":true,"_links":{"self":[{"href":"https:\/\/www.ledizioni.it\/en\/wp-json\/wp\/v2\/pages\/9750","targetHints":{"allow":["GET"]}}],"collection":[{"href":"https:\/\/www.ledizioni.it\/en\/wp-json\/wp\/v2\/pages"}],"about":[{"href":"https:\/\/www.ledizioni.it\/en\/wp-json\/wp\/v2\/types\/page"}],"author":[{"embeddable":true,"href":"https:\/\/www.ledizioni.it\/en\/wp-json\/wp\/v2\/users\/1"}],"replies":[{"embeddable":true,"href":"https:\/\/www.ledizioni.it\/en\/wp-json\/wp\/v2\/comments?post=9750"}],"version-history":[{"count":7,"href":"https:\/\/www.ledizioni.it\/en\/wp-json\/wp\/v2\/pages\/9750\/revisions"}],"predecessor-version":[{"id":12439,"href":"https:\/\/www.ledizioni.it\/en\/wp-json\/wp\/v2\/pages\/9750\/revisions\/12439"}],"up":[{"embeddable":true,"href":"https:\/\/www.ledizioni.it\/en\/wp-json\/wp\/v2\/pages\/9133"}],"wp:attachment":[{"href":"https:\/\/www.ledizioni.it\/en\/wp-json\/wp\/v2\/media?parent=9750"}],"curies":[{"name":"wp","href":"https:\/\/api.w.org\/{rel}","templated":true}]}}