{"id":10159,"date":"2015-05-21T08:10:07","date_gmt":"2015-05-21T06:10:07","guid":{"rendered":"http:\/\/www.ledizioni.it\/prodotto\/quaderni-del-master-in-immigrazione-genere-modelli-familiari-e-strategie-di-integrazione-n-2\/"},"modified":"2022-07-31T06:45:09","modified_gmt":"2022-07-31T04:45:09","slug":"quaderni-del-master-in-immigrazione-genere-modelli-familiari-e-strategie-di-integrazione-n-2","status":"publish","type":"product","link":"https:\/\/www.ledizioni.it\/en\/product\/quaderni-del-master-in-immigrazione-genere-modelli-familiari-e-strategie-di-integrazione-n-2\/","title":{"rendered":"Quaderni del Master in &#8220;Immigrazione, Genere, Modelli Familiari e Strategie di Integrazione&#8221;, n. 2"},"content":{"rendered":"<p style=\"text-align: justify;\">Il Quaderno vuole essere uno spazio aperto a quanti portano il proprio contributo all\u2019interno del Master di 1\u00b0 livello in \u201cImmigrazione, genere, modelli familiari e strategie di integrazione\u201d promosso nell\u2019ambito del Centro Interdipartimentale di Studi di Genere e afferente al Dipartimento di Scienze Politiche e Sociali dell\u2019Universit\u00e0 di Pavia. Master che ogni anno si arricchisce della presenza di studiosi, ricercatori ed operatori che indagano e affrontano, con il loro lavoro, i tanti aspetti del fenomeno delle mobilit\u00e0 umane e che mostrano in ci\u00f2 particolare sensibilit\u00e0 ai temi di genere. Il Quaderno, nato con l\u2019intenzione di valorizzare e premiare l\u2019impegno dei nostri studenti pubblicando una sintesi dei loro migliori lavori di tesi, si arricchisce quest\u2019anno del contributo di alcuni giovani ricercatori e si apre con un intervento di Laura Balbo e Luigi Manconi che hanno inaugurato, lo scorso anno, la sesta edizione del Master.<br \/>\nIl Master nasce dalla considerazione che troppo spesso la progettazione e la gestione di interventi a favore dell\u2019integrazione degli immigrati non tengono conto delle differenze di genere e della complessit\u00e0 che definisce l\u2019universo dell\u2019immigrazione, sottovalutando l\u2019urgenza di offrire risposte adeguate alle domande che da l\u00ec provengono. Ci\u00f2 \u00e8 una grave omissione per una serie di motivi: perch\u00e9 alle donne debbono essere destinate misure specifiche volte a combattere il doppio rischio di esclusione sociale a cui sono esposte in quanto donne e in quanto migranti; perch\u00e9 l\u2019esperienza dei Paesi di pi\u00f9 antica immigrazione conferma la funzione stabilizzante e di mediazione tra sfera pubblica e sfera privata che le donne immigrate svolgono all\u2019interno delle loro famiglie; perch\u00e9 come lavoratrici la maggior parte di loro offre servizi di accudimento e assistenza presso le famiglie italiane, svolgendo anche in questo caso un compito insostituibile; perch\u00e9 quanto pi\u00f9 gli immigrati e le loro famiglie saranno integrati nel tessuto sociale del nostro Paese, tanto pi\u00f9 saranno alti i benefici di cui noi, autoctoni e immigrati, potremo godere.<\/p>\n<p style=\"text-align: justify;\"><strong>Autori inclusi in questo volume:<\/strong><br \/>\nLuigi Manconi, Laura Balbo, Claudia Bianca Ceffa, Arianna Poletti, Federica Viscomi, Filippo Doria, Emanuela Dal Zotto, Angelo Scotto, Alexandru Laurentiu Cohal, Giulia Fagnoni, Martina Frattini, Matteo Minetti, Martina Stelzig.<\/p>\n<p style=\"text-align: justify;\"><strong>Comitato scientifico:<\/strong><br \/>\nAnna Rita Calabr\u00f2 (Coordinatore del Master e Direttore del Centro Interdipartimentale di Studi di Genere), Marina Chini, Maria Antonietta Confalonieri, Giovanni Cordini, Silvia Illari, Antonietta Marchi, Caterina Mauri, Antonio Morone, Maria Assunta Zanetti.<\/p>\n<p><strong>DATI BIBLIOGRAFICI<\/strong><\/p>\n<p>Autore: AA. VV.<br \/>\nEditore: Ledizioni<br \/>\nCollana: <a href=\"https:\/\/www.ledizioni.it\/en\/product-category\/politica\/quaderni-del-master-in-immigrazione\/\" target=\"_blank\" rel=\"noopener\">Quaderni del Master in Immigrazione, Genere, Modelli Familiari e Strategie di Integrazione<\/a><br \/>\nFormato: Brossura 17 x 24 &#8211; ePub<br \/>\nPubblicato in: 2015<br \/>\nISBN cartaceo: 9788867053254<br \/>\nISBN ebook: 9788867053421<br \/>\nPrezzo cartaceo: 18,00 \u20ac<br \/>\nPrezzo ebook: 4.99\u20ac<\/p>\n<ul>\n<li>Sono disponibili i formati ePub di alcuni degli articoli del volume <a href=\"http:\/\/www.ledizioni.it\/en\/collane\/societa\/quaderni-del-master-immigrazione-genere-modelli-familiari-e-strategie-di-integrazione\/\" target=\"_blank\" rel=\"noopener\">in questa pagina<\/a><\/li>\n<\/ul>\n<p><a href=\"http:\/\/www.mondadoristore.it\/Quaderni-del-Master-in-autori-vari\/eab\/selfespress\/9788867053254\/\" target=\"_blank\" rel=\"noopener\"><img decoding=\"async\" class=\"alignnone size-full wp-image-14398 aligncenter\" src=\"http:\/\/www.ledizioni.it\/stag\/wp-content\/uploads\/2012\/06\/red-podok.jpg\" alt=\"Pod MondadoriStore\" width=\"200\" height=\"82\" \/><\/a><\/p>","protected":false},"excerpt":{"rendered":"<p>Il Quaderno vuole essere uno spazio aperto a quanti portano il proprio contributo all\u2019interno del Master di 1\u00b0 livello in<\/p>","protected":false},"featured_media":10161,"comment_status":"open","ping_status":"closed","template":"","meta":{"_acf_changed":false},"product_brand":[],"product_cat":[783],"product_tag":[554,742,822,781],"class_list":{"0":"post-10159","1":"product","2":"type-product","3":"status-publish","4":"has-post-thumbnail","6":"product_cat-quaderni-del-master-in-immigrazione","7":"product_tag-donne","8":"product_tag-femminismo","9":"product_tag-migrazioni","10":"product_tag-studi-di-genere","11":"pa_formato-cartaceo","12":"pa_formato-ebook-in-epub","13":"pa_lingua-francese","14":"pa_lingua-italiano","16":"first","17":"instock","18":"featured","19":"shipping-taxable","20":"purchasable","21":"product-type-variable"},"acf":[],"yoast_head":"<!-- This site is optimized with the Yoast SEO plugin v27.3 - https:\/\/yoast.com\/product\/yoast-seo-wordpress\/ -->\n<title>Quaderni del Master in &quot;Immigrazione, genere, modelli familiari e strategie di integrazione&quot;, n. 1<\/title>\n<meta name=\"description\" content=\"Il primo di una serie di Quaderni sui temi delle migrazioni. Per quanti portano il proprio contributo all\u2019interno del Master in \u201cImmigrazione, Genere, Modelli Familiari e Strategie di Integrazione dell\u2019Universit\u00e0 degli Studi di Pavia\u201d.\" \/>\n<meta name=\"robots\" content=\"index, follow, max-snippet:-1, max-image-preview:large, max-video-preview:-1\" \/>\n<link rel=\"canonical\" href=\"https:\/\/www.ledizioni.it\/en\/product\/quaderni-del-master-in-immigrazione-genere-modelli-familiari-e-strategie-di-integrazione-n-2\/\" \/>\n<meta property=\"og:locale\" content=\"en_GB\" \/>\n<meta property=\"og:type\" content=\"article\" \/>\n<meta property=\"og:title\" content=\"Quaderni del Master in &quot;Immigrazione, genere, modelli familiari e strategie di integrazione&quot;, n. 1\" \/>\n<meta property=\"og:description\" content=\"Il primo di una serie di Quaderni sui temi delle migrazioni. Per quanti portano il proprio contributo all\u2019interno del Master in \u201cImmigrazione, Genere, Modelli Familiari e Strategie di Integrazione dell\u2019Universit\u00e0 degli Studi di Pavia\u201d.\" \/>\n<meta property=\"og:url\" content=\"https:\/\/www.ledizioni.it\/en\/product\/quaderni-del-master-in-immigrazione-genere-modelli-familiari-e-strategie-di-integrazione-n-2\/\" \/>\n<meta property=\"og:site_name\" content=\"Ledizioni\" \/>\n<meta property=\"article:publisher\" content=\"https:\/\/www.facebook.com\/pages\/Ledizioni-LediPublishing\/109120559173329\" \/>\n<meta property=\"article:modified_time\" content=\"2022-07-31T04:45:09+00:00\" \/>\n<meta property=\"og:image\" content=\"https:\/\/www.ledizioni.it\/stag\/wp-content\/uploads\/2015\/05\/Copertina3D1.jpg\" \/>\n\t<meta property=\"og:image:width\" content=\"1415\" \/>\n\t<meta property=\"og:image:height\" content=\"1884\" \/>\n\t<meta property=\"og:image:type\" content=\"image\/jpeg\" \/>\n<meta name=\"twitter:card\" content=\"summary_large_image\" \/>\n<meta name=\"twitter:site\" content=\"@ledizioni\" \/>\n<meta name=\"twitter:label1\" content=\"Estimated reading time\" \/>\n\t<meta name=\"twitter:data1\" content=\"2 minutes\" \/>\n<script type=\"application\/ld+json\" class=\"yoast-schema-graph\">{\"@context\":\"https:\\\/\\\/schema.org\",\"@graph\":[{\"@type\":\"WebPage\",\"@id\":\"https:\\\/\\\/www.ledizioni.it\\\/prodotto\\\/quaderni-del-master-in-immigrazione-genere-modelli-familiari-e-strategie-di-integrazione-n-2\\\/\",\"url\":\"https:\\\/\\\/www.ledizioni.it\\\/prodotto\\\/quaderni-del-master-in-immigrazione-genere-modelli-familiari-e-strategie-di-integrazione-n-2\\\/\",\"name\":\"Quaderni del Master in \\\"Immigrazione, genere, modelli familiari e strategie di integrazione\\\", n. 1\",\"isPartOf\":{\"@id\":\"https:\\\/\\\/www.ledizioni.it\\\/#website\"},\"primaryImageOfPage\":{\"@id\":\"https:\\\/\\\/www.ledizioni.it\\\/prodotto\\\/quaderni-del-master-in-immigrazione-genere-modelli-familiari-e-strategie-di-integrazione-n-2\\\/#primaryimage\"},\"image\":{\"@id\":\"https:\\\/\\\/www.ledizioni.it\\\/prodotto\\\/quaderni-del-master-in-immigrazione-genere-modelli-familiari-e-strategie-di-integrazione-n-2\\\/#primaryimage\"},\"thumbnailUrl\":\"https:\\\/\\\/www.ledizioni.it\\\/stag\\\/wp-content\\\/uploads\\\/2015\\\/05\\\/Copertina3D1.jpg\",\"datePublished\":\"2015-05-21T06:10:07+00:00\",\"dateModified\":\"2022-07-31T04:45:09+00:00\",\"description\":\"Il primo di una serie di Quaderni sui temi delle migrazioni. Per quanti portano il proprio contributo all\u2019interno del Master in \u201cImmigrazione, Genere, Modelli Familiari e Strategie di Integrazione dell\u2019Universit\u00e0 degli Studi di Pavia\u201d.\",\"breadcrumb\":{\"@id\":\"https:\\\/\\\/www.ledizioni.it\\\/prodotto\\\/quaderni-del-master-in-immigrazione-genere-modelli-familiari-e-strategie-di-integrazione-n-2\\\/#breadcrumb\"},\"inLanguage\":\"en-GB\",\"potentialAction\":[{\"@type\":\"ReadAction\",\"target\":[\"https:\\\/\\\/www.ledizioni.it\\\/prodotto\\\/quaderni-del-master-in-immigrazione-genere-modelli-familiari-e-strategie-di-integrazione-n-2\\\/\"]}]},{\"@type\":\"ImageObject\",\"inLanguage\":\"en-GB\",\"@id\":\"https:\\\/\\\/www.ledizioni.it\\\/prodotto\\\/quaderni-del-master-in-immigrazione-genere-modelli-familiari-e-strategie-di-integrazione-n-2\\\/#primaryimage\",\"url\":\"https:\\\/\\\/www.ledizioni.it\\\/stag\\\/wp-content\\\/uploads\\\/2015\\\/05\\\/Copertina3D1.jpg\",\"contentUrl\":\"https:\\\/\\\/www.ledizioni.it\\\/stag\\\/wp-content\\\/uploads\\\/2015\\\/05\\\/Copertina3D1.jpg\",\"width\":1415,\"height\":1884},{\"@type\":\"BreadcrumbList\",\"@id\":\"https:\\\/\\\/www.ledizioni.it\\\/prodotto\\\/quaderni-del-master-in-immigrazione-genere-modelli-familiari-e-strategie-di-integrazione-n-2\\\/#breadcrumb\",\"itemListElement\":[{\"@type\":\"ListItem\",\"position\":1,\"name\":\"Shop\",\"item\":\"https:\\\/\\\/www.ledizioni.it\\\/shop-2\\\/\"},{\"@type\":\"ListItem\",\"position\":2,\"name\":\"Quaderni del Master in &#8220;Immigrazione, Genere, Modelli Familiari e Strategie di Integrazione&#8221;, n. 2\"}]},{\"@type\":\"WebSite\",\"@id\":\"https:\\\/\\\/www.ledizioni.it\\\/#website\",\"url\":\"https:\\\/\\\/www.ledizioni.it\\\/\",\"name\":\"Ledizioni\",\"description\":\"The Innovative LediPublishing Company - Casa Editrice Universitaria\",\"publisher\":{\"@id\":\"https:\\\/\\\/www.ledizioni.it\\\/#organization\"},\"potentialAction\":[{\"@type\":\"SearchAction\",\"target\":{\"@type\":\"EntryPoint\",\"urlTemplate\":\"https:\\\/\\\/www.ledizioni.it\\\/?s={search_term_string}\"},\"query-input\":{\"@type\":\"PropertyValueSpecification\",\"valueRequired\":true,\"valueName\":\"search_term_string\"}}],\"inLanguage\":\"en-GB\"},{\"@type\":\"Organization\",\"@id\":\"https:\\\/\\\/www.ledizioni.it\\\/#organization\",\"name\":\"Ledizioni\",\"url\":\"https:\\\/\\\/www.ledizioni.it\\\/\",\"logo\":{\"@type\":\"ImageObject\",\"inLanguage\":\"en-GB\",\"@id\":\"https:\\\/\\\/www.ledizioni.it\\\/#\\\/schema\\\/logo\\\/image\\\/\",\"url\":\"https:\\\/\\\/www.ledizioni.it\\\/stag\\\/wp-content\\\/uploads\\\/2023\\\/10\\\/newlogoledizioni500x110_2-1.jpg\",\"contentUrl\":\"https:\\\/\\\/www.ledizioni.it\\\/stag\\\/wp-content\\\/uploads\\\/2023\\\/10\\\/newlogoledizioni500x110_2-1.jpg\",\"width\":354,\"height\":87,\"caption\":\"Ledizioni\"},\"image\":{\"@id\":\"https:\\\/\\\/www.ledizioni.it\\\/#\\\/schema\\\/logo\\\/image\\\/\"},\"sameAs\":[\"https:\\\/\\\/www.facebook.com\\\/pages\\\/Ledizioni-LediPublishing\\\/109120559173329\",\"https:\\\/\\\/x.com\\\/ledizioni\"]}]}<\/script>\n<!-- \/ Yoast SEO plugin. -->","yoast_head_json":{"title":"Quaderni del Master in \"Immigrazione, genere, modelli familiari e strategie di integrazione\", n. 1","description":"Il primo di una serie di Quaderni sui temi delle migrazioni. Per quanti portano il proprio contributo all\u2019interno del Master in \u201cImmigrazione, Genere, Modelli Familiari e Strategie di Integrazione dell\u2019Universit\u00e0 degli Studi di Pavia\u201d.","robots":{"index":"index","follow":"follow","max-snippet":"max-snippet:-1","max-image-preview":"max-image-preview:large","max-video-preview":"max-video-preview:-1"},"canonical":"https:\/\/www.ledizioni.it\/en\/product\/quaderni-del-master-in-immigrazione-genere-modelli-familiari-e-strategie-di-integrazione-n-2\/","og_locale":"en_GB","og_type":"article","og_title":"Quaderni del Master in \"Immigrazione, genere, modelli familiari e strategie di integrazione\", n. 1","og_description":"Il primo di una serie di Quaderni sui temi delle migrazioni. Per quanti portano il proprio contributo all\u2019interno del Master in \u201cImmigrazione, Genere, Modelli Familiari e Strategie di Integrazione dell\u2019Universit\u00e0 degli Studi di Pavia\u201d.","og_url":"https:\/\/www.ledizioni.it\/en\/product\/quaderni-del-master-in-immigrazione-genere-modelli-familiari-e-strategie-di-integrazione-n-2\/","og_site_name":"Ledizioni","article_publisher":"https:\/\/www.facebook.com\/pages\/Ledizioni-LediPublishing\/109120559173329","article_modified_time":"2022-07-31T04:45:09+00:00","og_image":[{"width":1415,"height":1884,"url":"https:\/\/www.ledizioni.it\/stag\/wp-content\/uploads\/2015\/05\/Copertina3D1.jpg","type":"image\/jpeg"}],"twitter_card":"summary_large_image","twitter_site":"@ledizioni","twitter_misc":{"Estimated reading time":"2 minutes"},"schema":{"@context":"https:\/\/schema.org","@graph":[{"@type":"WebPage","@id":"https:\/\/www.ledizioni.it\/prodotto\/quaderni-del-master-in-immigrazione-genere-modelli-familiari-e-strategie-di-integrazione-n-2\/","url":"https:\/\/www.ledizioni.it\/prodotto\/quaderni-del-master-in-immigrazione-genere-modelli-familiari-e-strategie-di-integrazione-n-2\/","name":"Quaderni del Master in \"Immigrazione, genere, modelli familiari e strategie di integrazione\", n. 1","isPartOf":{"@id":"https:\/\/www.ledizioni.it\/#website"},"primaryImageOfPage":{"@id":"https:\/\/www.ledizioni.it\/prodotto\/quaderni-del-master-in-immigrazione-genere-modelli-familiari-e-strategie-di-integrazione-n-2\/#primaryimage"},"image":{"@id":"https:\/\/www.ledizioni.it\/prodotto\/quaderni-del-master-in-immigrazione-genere-modelli-familiari-e-strategie-di-integrazione-n-2\/#primaryimage"},"thumbnailUrl":"https:\/\/www.ledizioni.it\/stag\/wp-content\/uploads\/2015\/05\/Copertina3D1.jpg","datePublished":"2015-05-21T06:10:07+00:00","dateModified":"2022-07-31T04:45:09+00:00","description":"Il primo di una serie di Quaderni sui temi delle migrazioni. Per quanti portano il proprio contributo all\u2019interno del Master in \u201cImmigrazione, Genere, Modelli Familiari e Strategie di Integrazione dell\u2019Universit\u00e0 degli Studi di Pavia\u201d.","breadcrumb":{"@id":"https:\/\/www.ledizioni.it\/prodotto\/quaderni-del-master-in-immigrazione-genere-modelli-familiari-e-strategie-di-integrazione-n-2\/#breadcrumb"},"inLanguage":"en-GB","potentialAction":[{"@type":"ReadAction","target":["https:\/\/www.ledizioni.it\/prodotto\/quaderni-del-master-in-immigrazione-genere-modelli-familiari-e-strategie-di-integrazione-n-2\/"]}]},{"@type":"ImageObject","inLanguage":"en-GB","@id":"https:\/\/www.ledizioni.it\/prodotto\/quaderni-del-master-in-immigrazione-genere-modelli-familiari-e-strategie-di-integrazione-n-2\/#primaryimage","url":"https:\/\/www.ledizioni.it\/stag\/wp-content\/uploads\/2015\/05\/Copertina3D1.jpg","contentUrl":"https:\/\/www.ledizioni.it\/stag\/wp-content\/uploads\/2015\/05\/Copertina3D1.jpg","width":1415,"height":1884},{"@type":"BreadcrumbList","@id":"https:\/\/www.ledizioni.it\/prodotto\/quaderni-del-master-in-immigrazione-genere-modelli-familiari-e-strategie-di-integrazione-n-2\/#breadcrumb","itemListElement":[{"@type":"ListItem","position":1,"name":"Shop","item":"https:\/\/www.ledizioni.it\/shop-2\/"},{"@type":"ListItem","position":2,"name":"Quaderni del Master in &#8220;Immigrazione, Genere, Modelli Familiari e Strategie di Integrazione&#8221;, n. 2"}]},{"@type":"WebSite","@id":"https:\/\/www.ledizioni.it\/#website","url":"https:\/\/www.ledizioni.it\/","name":"Ledizioni","description":"The Innovative LediPublishing Company - Casa Editrice Universitaria","publisher":{"@id":"https:\/\/www.ledizioni.it\/#organization"},"potentialAction":[{"@type":"SearchAction","target":{"@type":"EntryPoint","urlTemplate":"https:\/\/www.ledizioni.it\/?s={search_term_string}"},"query-input":{"@type":"PropertyValueSpecification","valueRequired":true,"valueName":"search_term_string"}}],"inLanguage":"en-GB"},{"@type":"Organization","@id":"https:\/\/www.ledizioni.it\/#organization","name":"Ledizioni","url":"https:\/\/www.ledizioni.it\/","logo":{"@type":"ImageObject","inLanguage":"en-GB","@id":"https:\/\/www.ledizioni.it\/#\/schema\/logo\/image\/","url":"https:\/\/www.ledizioni.it\/stag\/wp-content\/uploads\/2023\/10\/newlogoledizioni500x110_2-1.jpg","contentUrl":"https:\/\/www.ledizioni.it\/stag\/wp-content\/uploads\/2023\/10\/newlogoledizioni500x110_2-1.jpg","width":354,"height":87,"caption":"Ledizioni"},"image":{"@id":"https:\/\/www.ledizioni.it\/#\/schema\/logo\/image\/"},"sameAs":["https:\/\/www.facebook.com\/pages\/Ledizioni-LediPublishing\/109120559173329","https:\/\/x.com\/ledizioni"]}]}},"jetpack_sharing_enabled":true,"_links":{"self":[{"href":"https:\/\/www.ledizioni.it\/en\/wp-json\/wp\/v2\/product\/10159","targetHints":{"allow":["GET"]}}],"collection":[{"href":"https:\/\/www.ledizioni.it\/en\/wp-json\/wp\/v2\/product"}],"about":[{"href":"https:\/\/www.ledizioni.it\/en\/wp-json\/wp\/v2\/types\/product"}],"replies":[{"embeddable":true,"href":"https:\/\/www.ledizioni.it\/en\/wp-json\/wp\/v2\/comments?post=10159"}],"version-history":[{"count":1,"href":"https:\/\/www.ledizioni.it\/en\/wp-json\/wp\/v2\/product\/10159\/revisions"}],"predecessor-version":[{"id":12362,"href":"https:\/\/www.ledizioni.it\/en\/wp-json\/wp\/v2\/product\/10159\/revisions\/12362"}],"wp:featuredmedia":[{"embeddable":true,"href":"https:\/\/www.ledizioni.it\/en\/wp-json\/wp\/v2\/media\/10161"}],"wp:attachment":[{"href":"https:\/\/www.ledizioni.it\/en\/wp-json\/wp\/v2\/media?parent=10159"}],"wp:term":[{"taxonomy":"product_brand","embeddable":true,"href":"https:\/\/www.ledizioni.it\/en\/wp-json\/wp\/v2\/product_brand?post=10159"},{"taxonomy":"product_cat","embeddable":true,"href":"https:\/\/www.ledizioni.it\/en\/wp-json\/wp\/v2\/product_cat?post=10159"},{"taxonomy":"product_tag","embeddable":true,"href":"https:\/\/www.ledizioni.it\/en\/wp-json\/wp\/v2\/product_tag?post=10159"}],"curies":[{"name":"wp","href":"https:\/\/api.w.org\/{rel}","templated":true}]}}