{"id":12358,"date":"2015-05-27T10:35:17","date_gmt":"2015-05-27T10:35:17","guid":{"rendered":"http:\/\/www.ledizioni.it\/?post_type=product&#038;p=12358"},"modified":"2021-05-28T16:33:30","modified_gmt":"2021-05-28T14:33:30","slug":"accogliamoli-tutti-luigi-manconi-dialoga-con-laura-balbo","status":"publish","type":"product","link":"https:\/\/www.ledizioni.it\/en\/product\/accogliamoli-tutti-luigi-manconi-dialoga-con-laura-balbo\/","title":{"rendered":"&#8220;Accogliamoli tutti&#8221;: Luigi Manconi dialoga con Laura Balbo"},"content":{"rendered":"<p style=\"text-align: justify;\">Dialogo tratto dal volume 2 de <em class=\"Italic CharOverride-4\">&#8220;<a href=\"http:\/\/www.ledizioni.it\/en\/product\/quaderni-del-master-in-immigrazione-genere-modelli-familiari-e-strategie-di-integrazione-n-2\/\" target=\"_blank\" rel=\"noopener\">Quaderni del Master in Immigrazione, genere, modelli familiari e strategie di integrazione<\/a>&#8220;. <\/em>In esso, i due autori discutono delle varie opportunit\u00e0 e difficolt\u00e0 derivanti dall&#8217;integrazione degli immigrati nella societ\u00e0 attuale, e dei preconcetti che purtroppo ancora impediscono un inquadramento obiettivo della questione.<\/p>\n<p>ISBN ePub: 9788867053377<br \/>\nPREZZO ePub: 0.99\u20ac<\/p>","protected":false},"excerpt":{"rendered":"<p>Dialogo tratto dal volume 2 de &#8220;Quaderni del Master in Immigrazione, genere, modelli familiari e strategie di integrazione&#8220;. In esso,<\/p>","protected":false},"featured_media":38867,"comment_status":"open","ping_status":"closed","template":"","meta":{"_acf_changed":false},"product_brand":[],"product_cat":[783],"product_tag":[],"class_list":{"0":"post-12358","1":"product","2":"type-product","3":"status-publish","4":"has-post-thumbnail","6":"product_cat-quaderni-del-master-in-immigrazione","7":"pa_formato-ebook-in-epub","8":"pa_lingua-italiano","10":"first","11":"instock","12":"featured","13":"downloadable","14":"virtual","15":"purchasable","16":"product-type-simple"},"acf":[],"yoast_head":"<!-- This site is optimized with the Yoast SEO plugin v27.3 - https:\/\/yoast.com\/product\/yoast-seo-wordpress\/ -->\n<title>&quot;Accogliamoli tutti&quot;: Luigi Manconi dialoga con Laura Balbo -<\/title>\n<meta name=\"description\" content=\"Tratto dal volume 2 de &quot;Quaderni del Master in Immigrazione, genere, modelli familiari e strategie di integrazione&quot;.\" \/>\n<meta name=\"robots\" content=\"index, follow, max-snippet:-1, max-image-preview:large, max-video-preview:-1\" \/>\n<link rel=\"canonical\" href=\"https:\/\/www.ledizioni.it\/en\/product\/accogliamoli-tutti-luigi-manconi-dialoga-con-laura-balbo\/\" \/>\n<meta property=\"og:locale\" content=\"en_GB\" \/>\n<meta property=\"og:type\" content=\"article\" \/>\n<meta property=\"og:title\" content=\"&quot;Accogliamoli tutti&quot;: Luigi Manconi dialoga con Laura Balbo -\" \/>\n<meta property=\"og:description\" content=\"Tratto dal volume 2 de &quot;Quaderni del Master in Immigrazione, genere, modelli familiari e strategie di integrazione&quot;.\" \/>\n<meta property=\"og:url\" content=\"https:\/\/www.ledizioni.it\/en\/product\/accogliamoli-tutti-luigi-manconi-dialoga-con-laura-balbo\/\" \/>\n<meta property=\"og:site_name\" content=\"Ledizioni\" \/>\n<meta property=\"article:publisher\" content=\"https:\/\/www.facebook.com\/pages\/Ledizioni-LediPublishing\/109120559173329\" \/>\n<meta property=\"article:modified_time\" content=\"2021-05-28T14:33:30+00:00\" \/>\n<meta property=\"og:image\" content=\"https:\/\/www.ledizioni.it\/stag\/wp-content\/uploads\/2015\/05\/Cop1xsito-1.jpg\" \/>\n\t<meta property=\"og:image:width\" content=\"512\" \/>\n\t<meta property=\"og:image:height\" content=\"709\" \/>\n\t<meta property=\"og:image:type\" content=\"image\/jpeg\" \/>\n<meta name=\"twitter:card\" content=\"summary_large_image\" \/>\n<meta name=\"twitter:site\" content=\"@ledizioni\" \/>\n<script type=\"application\/ld+json\" class=\"yoast-schema-graph\">{\"@context\":\"https:\\\/\\\/schema.org\",\"@graph\":[{\"@type\":\"WebPage\",\"@id\":\"https:\\\/\\\/www.ledizioni.it\\\/en\\\/product\\\/accogliamoli-tutti-luigi-manconi-dialoga-con-laura-balbo\\\/\",\"url\":\"https:\\\/\\\/www.ledizioni.it\\\/en\\\/product\\\/accogliamoli-tutti-luigi-manconi-dialoga-con-laura-balbo\\\/\",\"name\":\"\\\"Accogliamoli tutti\\\": Luigi Manconi dialoga con Laura Balbo -\",\"isPartOf\":{\"@id\":\"https:\\\/\\\/www.ledizioni.it\\\/#website\"},\"primaryImageOfPage\":{\"@id\":\"https:\\\/\\\/www.ledizioni.it\\\/en\\\/product\\\/accogliamoli-tutti-luigi-manconi-dialoga-con-laura-balbo\\\/#primaryimage\"},\"image\":{\"@id\":\"https:\\\/\\\/www.ledizioni.it\\\/en\\\/product\\\/accogliamoli-tutti-luigi-manconi-dialoga-con-laura-balbo\\\/#primaryimage\"},\"thumbnailUrl\":\"https:\\\/\\\/www.ledizioni.it\\\/stag\\\/wp-content\\\/uploads\\\/2015\\\/05\\\/Cop1xsito-1.jpg\",\"datePublished\":\"2015-05-27T10:35:17+00:00\",\"dateModified\":\"2021-05-28T14:33:30+00:00\",\"description\":\"Tratto dal volume 2 de \\\"Quaderni del Master in Immigrazione, genere, modelli familiari e strategie di integrazione\\\".\",\"breadcrumb\":{\"@id\":\"https:\\\/\\\/www.ledizioni.it\\\/en\\\/product\\\/accogliamoli-tutti-luigi-manconi-dialoga-con-laura-balbo\\\/#breadcrumb\"},\"inLanguage\":\"en-GB\",\"potentialAction\":[{\"@type\":\"ReadAction\",\"target\":[\"https:\\\/\\\/www.ledizioni.it\\\/en\\\/product\\\/accogliamoli-tutti-luigi-manconi-dialoga-con-laura-balbo\\\/\"]}]},{\"@type\":\"ImageObject\",\"inLanguage\":\"en-GB\",\"@id\":\"https:\\\/\\\/www.ledizioni.it\\\/en\\\/product\\\/accogliamoli-tutti-luigi-manconi-dialoga-con-laura-balbo\\\/#primaryimage\",\"url\":\"https:\\\/\\\/www.ledizioni.it\\\/stag\\\/wp-content\\\/uploads\\\/2015\\\/05\\\/Cop1xsito-1.jpg\",\"contentUrl\":\"https:\\\/\\\/www.ledizioni.it\\\/stag\\\/wp-content\\\/uploads\\\/2015\\\/05\\\/Cop1xsito-1.jpg\",\"width\":512,\"height\":709},{\"@type\":\"BreadcrumbList\",\"@id\":\"https:\\\/\\\/www.ledizioni.it\\\/en\\\/product\\\/accogliamoli-tutti-luigi-manconi-dialoga-con-laura-balbo\\\/#breadcrumb\",\"itemListElement\":[{\"@type\":\"ListItem\",\"position\":1,\"name\":\"Shop\",\"item\":\"https:\\\/\\\/www.ledizioni.it\\\/shop-2\\\/\"},{\"@type\":\"ListItem\",\"position\":2,\"name\":\"&#8220;Accogliamoli tutti&#8221;: Luigi Manconi dialoga con Laura Balbo\"}]},{\"@type\":\"WebSite\",\"@id\":\"https:\\\/\\\/www.ledizioni.it\\\/#website\",\"url\":\"https:\\\/\\\/www.ledizioni.it\\\/\",\"name\":\"Ledizioni\",\"description\":\"The Innovative LediPublishing Company - Casa Editrice Universitaria\",\"publisher\":{\"@id\":\"https:\\\/\\\/www.ledizioni.it\\\/#organization\"},\"potentialAction\":[{\"@type\":\"SearchAction\",\"target\":{\"@type\":\"EntryPoint\",\"urlTemplate\":\"https:\\\/\\\/www.ledizioni.it\\\/?s={search_term_string}\"},\"query-input\":{\"@type\":\"PropertyValueSpecification\",\"valueRequired\":true,\"valueName\":\"search_term_string\"}}],\"inLanguage\":\"en-GB\"},{\"@type\":\"Organization\",\"@id\":\"https:\\\/\\\/www.ledizioni.it\\\/#organization\",\"name\":\"Ledizioni\",\"url\":\"https:\\\/\\\/www.ledizioni.it\\\/\",\"logo\":{\"@type\":\"ImageObject\",\"inLanguage\":\"en-GB\",\"@id\":\"https:\\\/\\\/www.ledizioni.it\\\/#\\\/schema\\\/logo\\\/image\\\/\",\"url\":\"https:\\\/\\\/www.ledizioni.it\\\/stag\\\/wp-content\\\/uploads\\\/2023\\\/10\\\/newlogoledizioni500x110_2-1.jpg\",\"contentUrl\":\"https:\\\/\\\/www.ledizioni.it\\\/stag\\\/wp-content\\\/uploads\\\/2023\\\/10\\\/newlogoledizioni500x110_2-1.jpg\",\"width\":354,\"height\":87,\"caption\":\"Ledizioni\"},\"image\":{\"@id\":\"https:\\\/\\\/www.ledizioni.it\\\/#\\\/schema\\\/logo\\\/image\\\/\"},\"sameAs\":[\"https:\\\/\\\/www.facebook.com\\\/pages\\\/Ledizioni-LediPublishing\\\/109120559173329\",\"https:\\\/\\\/x.com\\\/ledizioni\"]}]}<\/script>\n<!-- \/ Yoast SEO plugin. -->","yoast_head_json":{"title":"\"Accogliamoli tutti\": Luigi Manconi dialoga con Laura Balbo -","description":"Tratto dal volume 2 de \"Quaderni del Master in Immigrazione, genere, modelli familiari e strategie di integrazione\".","robots":{"index":"index","follow":"follow","max-snippet":"max-snippet:-1","max-image-preview":"max-image-preview:large","max-video-preview":"max-video-preview:-1"},"canonical":"https:\/\/www.ledizioni.it\/en\/product\/accogliamoli-tutti-luigi-manconi-dialoga-con-laura-balbo\/","og_locale":"en_GB","og_type":"article","og_title":"\"Accogliamoli tutti\": Luigi Manconi dialoga con Laura Balbo -","og_description":"Tratto dal volume 2 de \"Quaderni del Master in Immigrazione, genere, modelli familiari e strategie di integrazione\".","og_url":"https:\/\/www.ledizioni.it\/en\/product\/accogliamoli-tutti-luigi-manconi-dialoga-con-laura-balbo\/","og_site_name":"Ledizioni","article_publisher":"https:\/\/www.facebook.com\/pages\/Ledizioni-LediPublishing\/109120559173329","article_modified_time":"2021-05-28T14:33:30+00:00","og_image":[{"width":512,"height":709,"url":"https:\/\/www.ledizioni.it\/stag\/wp-content\/uploads\/2015\/05\/Cop1xsito-1.jpg","type":"image\/jpeg"}],"twitter_card":"summary_large_image","twitter_site":"@ledizioni","schema":{"@context":"https:\/\/schema.org","@graph":[{"@type":"WebPage","@id":"https:\/\/www.ledizioni.it\/en\/product\/accogliamoli-tutti-luigi-manconi-dialoga-con-laura-balbo\/","url":"https:\/\/www.ledizioni.it\/en\/product\/accogliamoli-tutti-luigi-manconi-dialoga-con-laura-balbo\/","name":"\"Accogliamoli tutti\": Luigi Manconi dialoga con Laura Balbo -","isPartOf":{"@id":"https:\/\/www.ledizioni.it\/#website"},"primaryImageOfPage":{"@id":"https:\/\/www.ledizioni.it\/en\/product\/accogliamoli-tutti-luigi-manconi-dialoga-con-laura-balbo\/#primaryimage"},"image":{"@id":"https:\/\/www.ledizioni.it\/en\/product\/accogliamoli-tutti-luigi-manconi-dialoga-con-laura-balbo\/#primaryimage"},"thumbnailUrl":"https:\/\/www.ledizioni.it\/stag\/wp-content\/uploads\/2015\/05\/Cop1xsito-1.jpg","datePublished":"2015-05-27T10:35:17+00:00","dateModified":"2021-05-28T14:33:30+00:00","description":"Tratto dal volume 2 de \"Quaderni del Master in Immigrazione, genere, modelli familiari e strategie di integrazione\".","breadcrumb":{"@id":"https:\/\/www.ledizioni.it\/en\/product\/accogliamoli-tutti-luigi-manconi-dialoga-con-laura-balbo\/#breadcrumb"},"inLanguage":"en-GB","potentialAction":[{"@type":"ReadAction","target":["https:\/\/www.ledizioni.it\/en\/product\/accogliamoli-tutti-luigi-manconi-dialoga-con-laura-balbo\/"]}]},{"@type":"ImageObject","inLanguage":"en-GB","@id":"https:\/\/www.ledizioni.it\/en\/product\/accogliamoli-tutti-luigi-manconi-dialoga-con-laura-balbo\/#primaryimage","url":"https:\/\/www.ledizioni.it\/stag\/wp-content\/uploads\/2015\/05\/Cop1xsito-1.jpg","contentUrl":"https:\/\/www.ledizioni.it\/stag\/wp-content\/uploads\/2015\/05\/Cop1xsito-1.jpg","width":512,"height":709},{"@type":"BreadcrumbList","@id":"https:\/\/www.ledizioni.it\/en\/product\/accogliamoli-tutti-luigi-manconi-dialoga-con-laura-balbo\/#breadcrumb","itemListElement":[{"@type":"ListItem","position":1,"name":"Shop","item":"https:\/\/www.ledizioni.it\/shop-2\/"},{"@type":"ListItem","position":2,"name":"&#8220;Accogliamoli tutti&#8221;: Luigi Manconi dialoga con Laura Balbo"}]},{"@type":"WebSite","@id":"https:\/\/www.ledizioni.it\/#website","url":"https:\/\/www.ledizioni.it\/","name":"Ledizioni","description":"The Innovative LediPublishing Company - Casa Editrice Universitaria","publisher":{"@id":"https:\/\/www.ledizioni.it\/#organization"},"potentialAction":[{"@type":"SearchAction","target":{"@type":"EntryPoint","urlTemplate":"https:\/\/www.ledizioni.it\/?s={search_term_string}"},"query-input":{"@type":"PropertyValueSpecification","valueRequired":true,"valueName":"search_term_string"}}],"inLanguage":"en-GB"},{"@type":"Organization","@id":"https:\/\/www.ledizioni.it\/#organization","name":"Ledizioni","url":"https:\/\/www.ledizioni.it\/","logo":{"@type":"ImageObject","inLanguage":"en-GB","@id":"https:\/\/www.ledizioni.it\/#\/schema\/logo\/image\/","url":"https:\/\/www.ledizioni.it\/stag\/wp-content\/uploads\/2023\/10\/newlogoledizioni500x110_2-1.jpg","contentUrl":"https:\/\/www.ledizioni.it\/stag\/wp-content\/uploads\/2023\/10\/newlogoledizioni500x110_2-1.jpg","width":354,"height":87,"caption":"Ledizioni"},"image":{"@id":"https:\/\/www.ledizioni.it\/#\/schema\/logo\/image\/"},"sameAs":["https:\/\/www.facebook.com\/pages\/Ledizioni-LediPublishing\/109120559173329","https:\/\/x.com\/ledizioni"]}]}},"jetpack_sharing_enabled":true,"_links":{"self":[{"href":"https:\/\/www.ledizioni.it\/en\/wp-json\/wp\/v2\/product\/12358","targetHints":{"allow":["GET"]}}],"collection":[{"href":"https:\/\/www.ledizioni.it\/en\/wp-json\/wp\/v2\/product"}],"about":[{"href":"https:\/\/www.ledizioni.it\/en\/wp-json\/wp\/v2\/types\/product"}],"replies":[{"embeddable":true,"href":"https:\/\/www.ledizioni.it\/en\/wp-json\/wp\/v2\/comments?post=12358"}],"version-history":[{"count":0,"href":"https:\/\/www.ledizioni.it\/en\/wp-json\/wp\/v2\/product\/12358\/revisions"}],"wp:featuredmedia":[{"embeddable":true,"href":"https:\/\/www.ledizioni.it\/en\/wp-json\/wp\/v2\/media\/38867"}],"wp:attachment":[{"href":"https:\/\/www.ledizioni.it\/en\/wp-json\/wp\/v2\/media?parent=12358"}],"wp:term":[{"taxonomy":"product_brand","embeddable":true,"href":"https:\/\/www.ledizioni.it\/en\/wp-json\/wp\/v2\/product_brand?post=12358"},{"taxonomy":"product_cat","embeddable":true,"href":"https:\/\/www.ledizioni.it\/en\/wp-json\/wp\/v2\/product_cat?post=12358"},{"taxonomy":"product_tag","embeddable":true,"href":"https:\/\/www.ledizioni.it\/en\/wp-json\/wp\/v2\/product_tag?post=12358"}],"curies":[{"name":"wp","href":"https:\/\/api.w.org\/{rel}","templated":true}]}}