{"id":12456,"date":"2015-06-19T15:15:40","date_gmt":"2015-06-19T15:15:40","guid":{"rendered":"http:\/\/www.ledizioni.it\/prodotto\/la-grace-de-montrer-son-ame-dans-le-vetement\/"},"modified":"2020-02-08T14:38:42","modified_gmt":"2020-02-08T12:38:42","slug":"la-grace-de-montrer-son-ame-dans-le-vetement","status":"publish","type":"product","link":"https:\/\/www.ledizioni.it\/en\/product\/la-grace-de-montrer-son-ame-dans-le-vetement\/","title":{"rendered":"\u00abLA GR\u00c2CE DE MONTRER SON \u00c2ME DANS LE V\u00caTEMENT\u00bb Scrivere di tessuti, abiti, accessori. Studi in Onore di Liana Nissim"},"content":{"rendered":"<p style=\"text-align: justify;\">Eminente francesista, Liana Nissim ha dedicato la sua intensa attivit\u00e0 di ricerca al XIX secolo, in particolare a Gustave Flaubert e St\u00e9phane Mallarm\u00e9. I suoi studi si sono concentrati anche sulle letterature francofone dell\u2019Africa Nera e del Qu\u00e9bec, che ha contribuito a introdurre in Italia e a diffondere su scala internazionale. Questo trittico di volumi \u00abLa gr\u00e2ce de montrer son \u00e2me dans le v\u00eatement\u00bb. Scrivere di tessuti, abiti e accessori illustra e approfondisce in molteplici direzioni una tematica a lei cara e ampiamente presente nei suoi lavori. Tramite la ricchezza delle metodologie e delle prospettive critiche, la comunit\u00e0 scientifica che ha condiviso con lei la passione per la ricerca e la dedizione alla vita universitaria vuole renderle un omaggio riconoscente.<\/p>\n<p style=\"text-align: justify;\"><strong>CONTRIBUTI PER QUESTO VOLUME DI<\/strong>: Stefano Allovio, Margareth Amatulli, Pascale Auraix-Jonchi\u00e8re, Gianfranca Balestra, Graziano Benelli, Claude Benoit, Valerio Bini, Gabriella Bosco, Giorgio Botta, Cristina Brancaglion, Maria Cerullo, Adriana Colombini Mantovani, Mirella Conenna, Sara Vecchiato, Ren\u00e9 Corona, Gian Luigi di Bernardini, Giovanni Dotoli, Jacques Dubois, Chiara Elefante, Antonella Emina, Franca Franchi, Enrica Galazzi, Stefano Genetti, Gabriella Giansante, Anna Giaufret, Micaela Rossi, Maria Chiara Gnocchi, Paul Mathieu, Daniela Mauri, Francesca Melzi d\u2019Eril Kaucisvili, Jada Miconi, Chiara Molinari, Fr\u00e9d\u00e9ric Monneyron, Vidoolah Mootoosamy, MariaCristina Pedrazzini, Alba Pessini, Paola Placella, Yannick Preumont, Paola Puccini, Elena Quaglia, Manuela Raccanello, Maria Emanuela Raffi, Nata\u0161a Raschi, Silvia Riva, Paola Salerni, Fabio Scotto, Anna Paola Soncini, Eleonora Sparvoli, Valeria Sperti, Giovanni Tallarico, Bernard Urbani, Davide Vago, Claudio Vinti, Lina Zecchi, Anna Zoppellari, Olympe Bh\u00ealy-Quenum.<\/p>\n<p>&nbsp;<\/p>\n<h3 style=\"text-align: justify;\"><strong>DATI BIBLIOGRAFICI<\/strong><\/h3>\n<p style=\"text-align: justify;\">A cura di: Marco Modenesi, Maria Benedetta Collini e Francesca Paraboschi<br \/>\nEditore: Ledizioni<br \/>\nCollana: <a href=\"http:\/\/www.ledizioni.it\/en\/collane\/letteratura\/disegni\/\">Di\/Segni<\/a><br \/>\nFormato: Brossura<br \/>\nPubblicato in: Giugno 2015<br \/>\nISBN: 9788867052868 (cartaceo)<br \/>\nPrezzo cartaceo: 36,00 \u20ac<\/p>\n<p><a href=\"https:\/\/www.amazon.it\/gp\/product\/8867052861\/ref=as_li_tl?ie=UTF8&amp;camp=3414&amp;creative=21718&amp;creativeASIN=8867057839&amp;linkCode=as2&amp;tag=ledizioni-21&amp;linkId=21587617ce23b3075bd3743ada8c92c3\" target=\"_blank\" rel=\"noopener\"><img decoding=\"async\" class=\"aligncenter size-medium wp-image-23060\" src=\"https:\/\/www.ledizioni.it\/stag\/wp-content\/uploads\/2018\/10\/pulsante-amazon-1-300x104.jpg\" alt=\"\" width=\"150\" height=\"50\" \/><\/a><img decoding=\"async\" style=\"border: none !important; margin: 0px !important;\" src=\"\/\/ir-it.amazon-adsystem.com\/e\/ir?t=ledizioni-21&amp;l=am2&amp;o=29&amp;a=8867057839\" alt=\"\" width=\"1\" height=\"1\" border=\"0\" \/><\/p>","protected":false},"excerpt":{"rendered":"<p>Eminente francesista, Liana Nissim ha dedicato la sua intensa attivit\u00e0 di ricerca al XIX secolo, in particolare a Gustave Flaubert<\/p>","protected":false},"featured_media":12458,"comment_status":"open","ping_status":"closed","template":"","meta":{"_acf_changed":false},"product_brand":[],"product_cat":[1080],"product_tag":[984,986,981,764,983],"class_list":{"0":"post-12456","1":"product","2":"type-product","3":"status-publish","4":"has-post-thumbnail","6":"product_cat-disegni","7":"product_tag-flaubert","8":"product_tag-francesistica","9":"product_tag-liana-nissim","10":"product_tag-open-access-2","11":"product_tag-quebec","12":"pa_formato-cartaceo","13":"pa_formato-ebook-in-pdf","14":"pa_lingua-francese","15":"pa_lingua-italiano","17":"first","18":"instock","19":"featured","20":"shipping-taxable","21":"purchasable","22":"product-type-variable"},"acf":[],"yoast_head":"<!-- This site is optimized with the Yoast SEO plugin v27.4 - https:\/\/yoast.com\/product\/yoast-seo-wordpress\/ -->\n<title>Studi in Onore di Liana NissimM. Modenesi, M.B. Collini e F. Paraboschi (a cura di), \u00abLA GR\u00c2CE DE MONTRER SON \u00c2ME DANS LE V\u00caTEMENT\u00bb Scrivere di tessuti, abiti, accessori<\/title>\n<meta name=\"description\" content=\"Ledizioni - Innovative Publishing. Casa editrice universitaria. Open Access. eBook, ePub. Creative Commons.\" \/>\n<meta name=\"robots\" content=\"index, follow, max-snippet:-1, max-image-preview:large, max-video-preview:-1\" \/>\n<link rel=\"canonical\" href=\"https:\/\/www.ledizioni.it\/en\/product\/la-grace-de-montrer-son-ame-dans-le-vetement\/\" \/>\n<meta property=\"og:locale\" content=\"en_GB\" \/>\n<meta property=\"og:type\" content=\"article\" \/>\n<meta property=\"og:title\" content=\"Studi in Onore di Liana NissimM. Modenesi, M.B. Collini e F. Paraboschi (a cura di), \u00abLA GR\u00c2CE DE MONTRER SON \u00c2ME DANS LE V\u00caTEMENT\u00bb Scrivere di tessuti, abiti, accessori\" \/>\n<meta property=\"og:description\" content=\"Ledizioni - Innovative Publishing. Casa editrice universitaria. Open Access. eBook, ePub. Creative Commons.\" \/>\n<meta property=\"og:url\" content=\"https:\/\/www.ledizioni.it\/en\/product\/la-grace-de-montrer-son-ame-dans-le-vetement\/\" \/>\n<meta property=\"og:site_name\" content=\"Ledizioni\" \/>\n<meta property=\"article:publisher\" content=\"https:\/\/www.facebook.com\/pages\/Ledizioni-LediPublishing\/109120559173329\" \/>\n<meta property=\"article:modified_time\" content=\"2020-02-08T12:38:42+00:00\" \/>\n<meta property=\"og:image\" content=\"https:\/\/www.ledizioni.it\/stag\/wp-content\/uploads\/2015\/06\/cover_3d_ok1.jpg\" \/>\n\t<meta property=\"og:image:width\" content=\"1444\" \/>\n\t<meta property=\"og:image:height\" content=\"1926\" \/>\n\t<meta property=\"og:image:type\" content=\"image\/jpeg\" \/>\n<meta name=\"twitter:card\" content=\"summary_large_image\" \/>\n<meta name=\"twitter:site\" content=\"@ledizioni\" \/>\n<meta name=\"twitter:label1\" content=\"Estimated reading time\" \/>\n\t<meta name=\"twitter:data1\" content=\"1 minute\" \/>\n<script type=\"application\/ld+json\" class=\"yoast-schema-graph\">{\"@context\":\"https:\\\/\\\/schema.org\",\"@graph\":[{\"@type\":\"WebPage\",\"@id\":\"https:\\\/\\\/www.ledizioni.it\\\/prodotto\\\/la-grace-de-montrer-son-ame-dans-le-vetement\\\/\",\"url\":\"https:\\\/\\\/www.ledizioni.it\\\/prodotto\\\/la-grace-de-montrer-son-ame-dans-le-vetement\\\/\",\"name\":\"Studi in Onore di Liana NissimM. Modenesi, M.B. Collini e F. Paraboschi (a cura di), \u00abLA GR\u00c2CE DE MONTRER SON \u00c2ME DANS LE V\u00caTEMENT\u00bb Scrivere di tessuti, abiti, accessori\",\"isPartOf\":{\"@id\":\"https:\\\/\\\/www.ledizioni.it\\\/#website\"},\"primaryImageOfPage\":{\"@id\":\"https:\\\/\\\/www.ledizioni.it\\\/prodotto\\\/la-grace-de-montrer-son-ame-dans-le-vetement\\\/#primaryimage\"},\"image\":{\"@id\":\"https:\\\/\\\/www.ledizioni.it\\\/prodotto\\\/la-grace-de-montrer-son-ame-dans-le-vetement\\\/#primaryimage\"},\"thumbnailUrl\":\"https:\\\/\\\/www.ledizioni.it\\\/stag\\\/wp-content\\\/uploads\\\/2015\\\/06\\\/cover_3d_ok1.jpg\",\"datePublished\":\"2015-06-19T15:15:40+00:00\",\"dateModified\":\"2020-02-08T12:38:42+00:00\",\"description\":\"Ledizioni - Innovative Publishing. Casa editrice universitaria. Open Access. eBook, ePub. Creative Commons.\",\"breadcrumb\":{\"@id\":\"https:\\\/\\\/www.ledizioni.it\\\/prodotto\\\/la-grace-de-montrer-son-ame-dans-le-vetement\\\/#breadcrumb\"},\"inLanguage\":\"en-GB\",\"potentialAction\":[{\"@type\":\"ReadAction\",\"target\":[\"https:\\\/\\\/www.ledizioni.it\\\/prodotto\\\/la-grace-de-montrer-son-ame-dans-le-vetement\\\/\"]}]},{\"@type\":\"ImageObject\",\"inLanguage\":\"en-GB\",\"@id\":\"https:\\\/\\\/www.ledizioni.it\\\/prodotto\\\/la-grace-de-montrer-son-ame-dans-le-vetement\\\/#primaryimage\",\"url\":\"https:\\\/\\\/www.ledizioni.it\\\/stag\\\/wp-content\\\/uploads\\\/2015\\\/06\\\/cover_3d_ok1.jpg\",\"contentUrl\":\"https:\\\/\\\/www.ledizioni.it\\\/stag\\\/wp-content\\\/uploads\\\/2015\\\/06\\\/cover_3d_ok1.jpg\",\"width\":1444,\"height\":1926},{\"@type\":\"BreadcrumbList\",\"@id\":\"https:\\\/\\\/www.ledizioni.it\\\/prodotto\\\/la-grace-de-montrer-son-ame-dans-le-vetement\\\/#breadcrumb\",\"itemListElement\":[{\"@type\":\"ListItem\",\"position\":1,\"name\":\"Shop\",\"item\":\"https:\\\/\\\/www.ledizioni.it\\\/shop-2\\\/\"},{\"@type\":\"ListItem\",\"position\":2,\"name\":\"\u00abLA GR\u00c2CE DE MONTRER SON \u00c2ME DANS LE V\u00caTEMENT\u00bb Scrivere di tessuti, abiti, accessori. Studi in Onore di Liana Nissim\"}]},{\"@type\":\"WebSite\",\"@id\":\"https:\\\/\\\/www.ledizioni.it\\\/#website\",\"url\":\"https:\\\/\\\/www.ledizioni.it\\\/\",\"name\":\"Ledizioni\",\"description\":\"The Innovative LediPublishing Company - Casa Editrice Universitaria\",\"publisher\":{\"@id\":\"https:\\\/\\\/www.ledizioni.it\\\/#organization\"},\"potentialAction\":[{\"@type\":\"SearchAction\",\"target\":{\"@type\":\"EntryPoint\",\"urlTemplate\":\"https:\\\/\\\/www.ledizioni.it\\\/?s={search_term_string}\"},\"query-input\":{\"@type\":\"PropertyValueSpecification\",\"valueRequired\":true,\"valueName\":\"search_term_string\"}}],\"inLanguage\":\"en-GB\"},{\"@type\":\"Organization\",\"@id\":\"https:\\\/\\\/www.ledizioni.it\\\/#organization\",\"name\":\"Ledizioni\",\"url\":\"https:\\\/\\\/www.ledizioni.it\\\/\",\"logo\":{\"@type\":\"ImageObject\",\"inLanguage\":\"en-GB\",\"@id\":\"https:\\\/\\\/www.ledizioni.it\\\/#\\\/schema\\\/logo\\\/image\\\/\",\"url\":\"https:\\\/\\\/www.ledizioni.it\\\/stag\\\/wp-content\\\/uploads\\\/2023\\\/10\\\/newlogoledizioni500x110_2-1.jpg\",\"contentUrl\":\"https:\\\/\\\/www.ledizioni.it\\\/stag\\\/wp-content\\\/uploads\\\/2023\\\/10\\\/newlogoledizioni500x110_2-1.jpg\",\"width\":354,\"height\":87,\"caption\":\"Ledizioni\"},\"image\":{\"@id\":\"https:\\\/\\\/www.ledizioni.it\\\/#\\\/schema\\\/logo\\\/image\\\/\"},\"sameAs\":[\"https:\\\/\\\/www.facebook.com\\\/pages\\\/Ledizioni-LediPublishing\\\/109120559173329\",\"https:\\\/\\\/x.com\\\/ledizioni\"]}]}<\/script>\n<!-- \/ Yoast SEO plugin. -->","yoast_head_json":{"title":"Studi in Onore di Liana NissimM. Modenesi, M.B. Collini e F. Paraboschi (a cura di), \u00abLA GR\u00c2CE DE MONTRER SON \u00c2ME DANS LE V\u00caTEMENT\u00bb Scrivere di tessuti, abiti, accessori","description":"Ledizioni - Innovative Publishing. Casa editrice universitaria. Open Access. eBook, ePub. Creative Commons.","robots":{"index":"index","follow":"follow","max-snippet":"max-snippet:-1","max-image-preview":"max-image-preview:large","max-video-preview":"max-video-preview:-1"},"canonical":"https:\/\/www.ledizioni.it\/en\/product\/la-grace-de-montrer-son-ame-dans-le-vetement\/","og_locale":"en_GB","og_type":"article","og_title":"Studi in Onore di Liana NissimM. Modenesi, M.B. Collini e F. Paraboschi (a cura di), \u00abLA GR\u00c2CE DE MONTRER SON \u00c2ME DANS LE V\u00caTEMENT\u00bb Scrivere di tessuti, abiti, accessori","og_description":"Ledizioni - Innovative Publishing. Casa editrice universitaria. Open Access. eBook, ePub. Creative Commons.","og_url":"https:\/\/www.ledizioni.it\/en\/product\/la-grace-de-montrer-son-ame-dans-le-vetement\/","og_site_name":"Ledizioni","article_publisher":"https:\/\/www.facebook.com\/pages\/Ledizioni-LediPublishing\/109120559173329","article_modified_time":"2020-02-08T12:38:42+00:00","og_image":[{"width":1444,"height":1926,"url":"https:\/\/www.ledizioni.it\/stag\/wp-content\/uploads\/2015\/06\/cover_3d_ok1.jpg","type":"image\/jpeg"}],"twitter_card":"summary_large_image","twitter_site":"@ledizioni","twitter_misc":{"Estimated reading time":"1 minute"},"schema":{"@context":"https:\/\/schema.org","@graph":[{"@type":"WebPage","@id":"https:\/\/www.ledizioni.it\/prodotto\/la-grace-de-montrer-son-ame-dans-le-vetement\/","url":"https:\/\/www.ledizioni.it\/prodotto\/la-grace-de-montrer-son-ame-dans-le-vetement\/","name":"Studi in Onore di Liana NissimM. Modenesi, M.B. Collini e F. Paraboschi (a cura di), \u00abLA GR\u00c2CE DE MONTRER SON \u00c2ME DANS LE V\u00caTEMENT\u00bb Scrivere di tessuti, abiti, accessori","isPartOf":{"@id":"https:\/\/www.ledizioni.it\/#website"},"primaryImageOfPage":{"@id":"https:\/\/www.ledizioni.it\/prodotto\/la-grace-de-montrer-son-ame-dans-le-vetement\/#primaryimage"},"image":{"@id":"https:\/\/www.ledizioni.it\/prodotto\/la-grace-de-montrer-son-ame-dans-le-vetement\/#primaryimage"},"thumbnailUrl":"https:\/\/www.ledizioni.it\/stag\/wp-content\/uploads\/2015\/06\/cover_3d_ok1.jpg","datePublished":"2015-06-19T15:15:40+00:00","dateModified":"2020-02-08T12:38:42+00:00","description":"Ledizioni - Innovative Publishing. Casa editrice universitaria. Open Access. eBook, ePub. Creative Commons.","breadcrumb":{"@id":"https:\/\/www.ledizioni.it\/prodotto\/la-grace-de-montrer-son-ame-dans-le-vetement\/#breadcrumb"},"inLanguage":"en-GB","potentialAction":[{"@type":"ReadAction","target":["https:\/\/www.ledizioni.it\/prodotto\/la-grace-de-montrer-son-ame-dans-le-vetement\/"]}]},{"@type":"ImageObject","inLanguage":"en-GB","@id":"https:\/\/www.ledizioni.it\/prodotto\/la-grace-de-montrer-son-ame-dans-le-vetement\/#primaryimage","url":"https:\/\/www.ledizioni.it\/stag\/wp-content\/uploads\/2015\/06\/cover_3d_ok1.jpg","contentUrl":"https:\/\/www.ledizioni.it\/stag\/wp-content\/uploads\/2015\/06\/cover_3d_ok1.jpg","width":1444,"height":1926},{"@type":"BreadcrumbList","@id":"https:\/\/www.ledizioni.it\/prodotto\/la-grace-de-montrer-son-ame-dans-le-vetement\/#breadcrumb","itemListElement":[{"@type":"ListItem","position":1,"name":"Shop","item":"https:\/\/www.ledizioni.it\/shop-2\/"},{"@type":"ListItem","position":2,"name":"\u00abLA GR\u00c2CE DE MONTRER SON \u00c2ME DANS LE V\u00caTEMENT\u00bb Scrivere di tessuti, abiti, accessori. Studi in Onore di Liana Nissim"}]},{"@type":"WebSite","@id":"https:\/\/www.ledizioni.it\/#website","url":"https:\/\/www.ledizioni.it\/","name":"Ledizioni","description":"The Innovative LediPublishing Company - Casa Editrice Universitaria","publisher":{"@id":"https:\/\/www.ledizioni.it\/#organization"},"potentialAction":[{"@type":"SearchAction","target":{"@type":"EntryPoint","urlTemplate":"https:\/\/www.ledizioni.it\/?s={search_term_string}"},"query-input":{"@type":"PropertyValueSpecification","valueRequired":true,"valueName":"search_term_string"}}],"inLanguage":"en-GB"},{"@type":"Organization","@id":"https:\/\/www.ledizioni.it\/#organization","name":"Ledizioni","url":"https:\/\/www.ledizioni.it\/","logo":{"@type":"ImageObject","inLanguage":"en-GB","@id":"https:\/\/www.ledizioni.it\/#\/schema\/logo\/image\/","url":"https:\/\/www.ledizioni.it\/stag\/wp-content\/uploads\/2023\/10\/newlogoledizioni500x110_2-1.jpg","contentUrl":"https:\/\/www.ledizioni.it\/stag\/wp-content\/uploads\/2023\/10\/newlogoledizioni500x110_2-1.jpg","width":354,"height":87,"caption":"Ledizioni"},"image":{"@id":"https:\/\/www.ledizioni.it\/#\/schema\/logo\/image\/"},"sameAs":["https:\/\/www.facebook.com\/pages\/Ledizioni-LediPublishing\/109120559173329","https:\/\/x.com\/ledizioni"]}]}},"jetpack_sharing_enabled":true,"_links":{"self":[{"href":"https:\/\/www.ledizioni.it\/en\/wp-json\/wp\/v2\/product\/12456","targetHints":{"allow":["GET"]}}],"collection":[{"href":"https:\/\/www.ledizioni.it\/en\/wp-json\/wp\/v2\/product"}],"about":[{"href":"https:\/\/www.ledizioni.it\/en\/wp-json\/wp\/v2\/types\/product"}],"replies":[{"embeddable":true,"href":"https:\/\/www.ledizioni.it\/en\/wp-json\/wp\/v2\/comments?post=12456"}],"version-history":[{"count":1,"href":"https:\/\/www.ledizioni.it\/en\/wp-json\/wp\/v2\/product\/12456\/revisions"}],"predecessor-version":[{"id":12463,"href":"https:\/\/www.ledizioni.it\/en\/wp-json\/wp\/v2\/product\/12456\/revisions\/12463"}],"wp:featuredmedia":[{"embeddable":true,"href":"https:\/\/www.ledizioni.it\/en\/wp-json\/wp\/v2\/media\/12458"}],"wp:attachment":[{"href":"https:\/\/www.ledizioni.it\/en\/wp-json\/wp\/v2\/media?parent=12456"}],"wp:term":[{"taxonomy":"product_brand","embeddable":true,"href":"https:\/\/www.ledizioni.it\/en\/wp-json\/wp\/v2\/product_brand?post=12456"},{"taxonomy":"product_cat","embeddable":true,"href":"https:\/\/www.ledizioni.it\/en\/wp-json\/wp\/v2\/product_cat?post=12456"},{"taxonomy":"product_tag","embeddable":true,"href":"https:\/\/www.ledizioni.it\/en\/wp-json\/wp\/v2\/product_tag?post=12456"}],"curies":[{"name":"wp","href":"https:\/\/api.w.org\/{rel}","templated":true}]}}