{"id":12540,"date":"2015-07-13T12:23:12","date_gmt":"2015-07-13T10:23:12","guid":{"rendered":"http:\/\/www.ledizioni.it\/prodotto\/antonio-aimi-emilia-perassi-a-cura-di-herencia-muchik-en-el-bosque-de-pomac\/"},"modified":"2021-05-28T15:28:07","modified_gmt":"2021-05-28T13:28:07","slug":"antonio-aimi-emilia-perassi-a-cura-di-herencia-muchik-en-el-bosque-de-pomac","status":"publish","type":"product","link":"https:\/\/www.ledizioni.it\/en\/product\/antonio-aimi-emilia-perassi-a-cura-di-herencia-muchik-en-el-bosque-de-pomac\/","title":{"rendered":"HERENCIA MUCHIK EN EL BOSQUE DE P\u00d3MAC"},"content":{"rendered":"<p style=\"text-align: justify;\">Este libro recoge los trabajos de investigaci\u00f3n que se realizaron en el marco del Proyecto PROPOMAC, una importante experiencia de cooperaci\u00f3n al desarrollo, financiada por el FIP (Fondo Italo Peruano), y ejecutado por C\u00e1ritas del Per\u00fa, en calidad de Unidad Ejecutora, por el MNS (Museo Nacional de Sic\u00e1n), responsable de los aspectos arqueol\u00f3gicos, y por la UNIMI (Universidad de Mil\u00e1n), en calidad de supervisor cient\u00edfico.<br \/>\nEl proyecto se desarroll\u00f3 entre 2010 y 2013 con el fin de valorizar la zona del SHBP (Santuario Hist\u00f3rico Bosque de P\u00f3mac), un \u00e1rea natural protegida de la regi\u00f3n de Lambayeque, \u00faltimo ejemplo existente del bosque seco tropical que antiguamente se encontraba en otros valles de la Costa Norte de Per\u00fa. M\u00e1s all\u00e1 de su inter\u00e9s a nivel ecol\u00f3gico, el SHBP resulta ser un verdadero e impresionante sitio arqueol\u00f3gico, que, en un paisaje excepcional y \u00fanico en todo el Per\u00fa, exhibe important\u00edsimas construcciones de la cultura Lambayeque (800 \u2013 1350 d. C.), cuyas cumbres se elevan hacia el cielo en el medio de una selva de algarrobos.<\/p>\n<h3 style=\"text-align: justify;\"><strong><span style=\"color: #000000;\">DATI BIBLIOGRAFICI<\/span><\/strong><\/h3>\n<p style=\"text-align: justify;\">a cura di: Antonio Aimi, Emilia Perassi<br \/>\nEditore: Ledizioni<br \/>\nFormato: Brossura<br \/>\nPubblicato in: Giugno 2015<br \/>\nISBN: 9788867053469 (cartaceo)<br \/>\nPrezzo: 18 \u20ac (cartaceo)\/ 0.00 \u20ac (pdf)<\/p>\n<p style=\"text-align: justify;\"><em><strong>\u00a0<\/strong><\/em><\/p>","protected":false},"excerpt":{"rendered":"<p>Este libro recoge los trabajos de investigaci\u00f3n que se realizaron en el marco del Proyecto PROPOMAC, una importante experiencia de<\/p>","protected":false},"featured_media":12547,"comment_status":"open","ping_status":"closed","template":"","meta":{"_acf_changed":false},"product_brand":[],"product_cat":[1404],"product_tag":[996,2590,995,1499,764,997],"class_list":{"0":"post-12540","1":"product","2":"type-product","3":"status-publish","4":"has-post-thumbnail","6":"product_cat-archeo","7":"product_tag-caritas","8":"product_tag-cooperazione","9":"product_tag-investigazione","10":"product_tag-spagnolo","11":"product_tag-open-access-2","12":"product_tag-peru","13":"pa_formato-cartaceo","14":"pa_formato-ebook-in-pdf","15":"pa_lingua-spagnolo","17":"first","18":"instock","19":"featured","20":"shipping-taxable","21":"purchasable","22":"product-type-variable"},"acf":[],"yoast_head":"<!-- This site is optimized with the Yoast SEO plugin v27.3 - https:\/\/yoast.com\/product\/yoast-seo-wordpress\/ -->\n<title>HERENCIA MUCHIK EN EL BOSQUE DE P\u00f3MAC<\/title>\n<meta name=\"description\" content=\"Este libro recoge los trabajos de investigaci\u00f3n que se realizaron en el marco del Proyecto PROPOMAC\" \/>\n<meta name=\"robots\" content=\"index, follow, max-snippet:-1, max-image-preview:large, max-video-preview:-1\" \/>\n<link rel=\"canonical\" href=\"https:\/\/www.ledizioni.it\/en\/product\/antonio-aimi-emilia-perassi-a-cura-di-herencia-muchik-en-el-bosque-de-pomac\/\" \/>\n<meta property=\"og:locale\" content=\"en_GB\" \/>\n<meta property=\"og:type\" content=\"article\" \/>\n<meta property=\"og:title\" content=\"HERENCIA MUCHIK EN EL BOSQUE DE P\u00f3MAC\" \/>\n<meta property=\"og:description\" content=\"Este libro recoge los trabajos de investigaci\u00f3n que se realizaron en el marco del Proyecto PROPOMAC\" \/>\n<meta property=\"og:url\" content=\"https:\/\/www.ledizioni.it\/en\/product\/antonio-aimi-emilia-perassi-a-cura-di-herencia-muchik-en-el-bosque-de-pomac\/\" \/>\n<meta property=\"og:site_name\" content=\"Ledizioni\" \/>\n<meta property=\"article:publisher\" content=\"https:\/\/www.facebook.com\/pages\/Ledizioni-LediPublishing\/109120559173329\" \/>\n<meta property=\"article:modified_time\" content=\"2021-05-28T13:28:07+00:00\" \/>\n<meta property=\"og:image\" content=\"https:\/\/www.ledizioni.it\/stag\/wp-content\/uploads\/2015\/07\/3dxsito.jpg\" \/>\n\t<meta property=\"og:image:width\" content=\"1439\" \/>\n\t<meta property=\"og:image:height\" content=\"1926\" \/>\n\t<meta property=\"og:image:type\" content=\"image\/jpeg\" \/>\n<meta name=\"twitter:card\" content=\"summary_large_image\" \/>\n<meta name=\"twitter:site\" content=\"@ledizioni\" \/>\n<meta name=\"twitter:label1\" content=\"Estimated reading time\" \/>\n\t<meta name=\"twitter:data1\" content=\"1 minute\" \/>\n<script type=\"application\/ld+json\" class=\"yoast-schema-graph\">{\"@context\":\"https:\\\/\\\/schema.org\",\"@graph\":[{\"@type\":\"WebPage\",\"@id\":\"https:\\\/\\\/www.ledizioni.it\\\/en\\\/product\\\/antonio-aimi-emilia-perassi-a-cura-di-herencia-muchik-en-el-bosque-de-pomac\\\/\",\"url\":\"https:\\\/\\\/www.ledizioni.it\\\/en\\\/product\\\/antonio-aimi-emilia-perassi-a-cura-di-herencia-muchik-en-el-bosque-de-pomac\\\/\",\"name\":\"HERENCIA MUCHIK EN EL BOSQUE DE P\u00f3MAC\",\"isPartOf\":{\"@id\":\"https:\\\/\\\/www.ledizioni.it\\\/#website\"},\"primaryImageOfPage\":{\"@id\":\"https:\\\/\\\/www.ledizioni.it\\\/en\\\/product\\\/antonio-aimi-emilia-perassi-a-cura-di-herencia-muchik-en-el-bosque-de-pomac\\\/#primaryimage\"},\"image\":{\"@id\":\"https:\\\/\\\/www.ledizioni.it\\\/en\\\/product\\\/antonio-aimi-emilia-perassi-a-cura-di-herencia-muchik-en-el-bosque-de-pomac\\\/#primaryimage\"},\"thumbnailUrl\":\"https:\\\/\\\/www.ledizioni.it\\\/stag\\\/wp-content\\\/uploads\\\/2015\\\/07\\\/3dxsito.jpg\",\"datePublished\":\"2015-07-13T10:23:12+00:00\",\"dateModified\":\"2021-05-28T13:28:07+00:00\",\"description\":\"Este libro recoge los trabajos de investigaci\u00f3n que se realizaron en el marco del Proyecto PROPOMAC\",\"breadcrumb\":{\"@id\":\"https:\\\/\\\/www.ledizioni.it\\\/en\\\/product\\\/antonio-aimi-emilia-perassi-a-cura-di-herencia-muchik-en-el-bosque-de-pomac\\\/#breadcrumb\"},\"inLanguage\":\"en-GB\",\"potentialAction\":[{\"@type\":\"ReadAction\",\"target\":[\"https:\\\/\\\/www.ledizioni.it\\\/en\\\/product\\\/antonio-aimi-emilia-perassi-a-cura-di-herencia-muchik-en-el-bosque-de-pomac\\\/\"]}]},{\"@type\":\"ImageObject\",\"inLanguage\":\"en-GB\",\"@id\":\"https:\\\/\\\/www.ledizioni.it\\\/en\\\/product\\\/antonio-aimi-emilia-perassi-a-cura-di-herencia-muchik-en-el-bosque-de-pomac\\\/#primaryimage\",\"url\":\"https:\\\/\\\/www.ledizioni.it\\\/stag\\\/wp-content\\\/uploads\\\/2015\\\/07\\\/3dxsito.jpg\",\"contentUrl\":\"https:\\\/\\\/www.ledizioni.it\\\/stag\\\/wp-content\\\/uploads\\\/2015\\\/07\\\/3dxsito.jpg\",\"width\":1439,\"height\":1926},{\"@type\":\"BreadcrumbList\",\"@id\":\"https:\\\/\\\/www.ledizioni.it\\\/en\\\/product\\\/antonio-aimi-emilia-perassi-a-cura-di-herencia-muchik-en-el-bosque-de-pomac\\\/#breadcrumb\",\"itemListElement\":[{\"@type\":\"ListItem\",\"position\":1,\"name\":\"Shop\",\"item\":\"https:\\\/\\\/www.ledizioni.it\\\/shop-2\\\/\"},{\"@type\":\"ListItem\",\"position\":2,\"name\":\"HERENCIA MUCHIK EN EL BOSQUE DE P\u00d3MAC\"}]},{\"@type\":\"WebSite\",\"@id\":\"https:\\\/\\\/www.ledizioni.it\\\/#website\",\"url\":\"https:\\\/\\\/www.ledizioni.it\\\/\",\"name\":\"Ledizioni\",\"description\":\"The Innovative LediPublishing Company - Casa Editrice Universitaria\",\"publisher\":{\"@id\":\"https:\\\/\\\/www.ledizioni.it\\\/#organization\"},\"potentialAction\":[{\"@type\":\"SearchAction\",\"target\":{\"@type\":\"EntryPoint\",\"urlTemplate\":\"https:\\\/\\\/www.ledizioni.it\\\/?s={search_term_string}\"},\"query-input\":{\"@type\":\"PropertyValueSpecification\",\"valueRequired\":true,\"valueName\":\"search_term_string\"}}],\"inLanguage\":\"en-GB\"},{\"@type\":\"Organization\",\"@id\":\"https:\\\/\\\/www.ledizioni.it\\\/#organization\",\"name\":\"Ledizioni\",\"url\":\"https:\\\/\\\/www.ledizioni.it\\\/\",\"logo\":{\"@type\":\"ImageObject\",\"inLanguage\":\"en-GB\",\"@id\":\"https:\\\/\\\/www.ledizioni.it\\\/#\\\/schema\\\/logo\\\/image\\\/\",\"url\":\"https:\\\/\\\/www.ledizioni.it\\\/stag\\\/wp-content\\\/uploads\\\/2023\\\/10\\\/newlogoledizioni500x110_2-1.jpg\",\"contentUrl\":\"https:\\\/\\\/www.ledizioni.it\\\/stag\\\/wp-content\\\/uploads\\\/2023\\\/10\\\/newlogoledizioni500x110_2-1.jpg\",\"width\":354,\"height\":87,\"caption\":\"Ledizioni\"},\"image\":{\"@id\":\"https:\\\/\\\/www.ledizioni.it\\\/#\\\/schema\\\/logo\\\/image\\\/\"},\"sameAs\":[\"https:\\\/\\\/www.facebook.com\\\/pages\\\/Ledizioni-LediPublishing\\\/109120559173329\",\"https:\\\/\\\/x.com\\\/ledizioni\"]}]}<\/script>\n<!-- \/ Yoast SEO plugin. -->","yoast_head_json":{"title":"HERENCIA MUCHIK EN EL BOSQUE DE P\u00f3MAC","description":"Este libro recoge los trabajos de investigaci\u00f3n que se realizaron en el marco del Proyecto PROPOMAC","robots":{"index":"index","follow":"follow","max-snippet":"max-snippet:-1","max-image-preview":"max-image-preview:large","max-video-preview":"max-video-preview:-1"},"canonical":"https:\/\/www.ledizioni.it\/en\/product\/antonio-aimi-emilia-perassi-a-cura-di-herencia-muchik-en-el-bosque-de-pomac\/","og_locale":"en_GB","og_type":"article","og_title":"HERENCIA MUCHIK EN EL BOSQUE DE P\u00f3MAC","og_description":"Este libro recoge los trabajos de investigaci\u00f3n que se realizaron en el marco del Proyecto PROPOMAC","og_url":"https:\/\/www.ledizioni.it\/en\/product\/antonio-aimi-emilia-perassi-a-cura-di-herencia-muchik-en-el-bosque-de-pomac\/","og_site_name":"Ledizioni","article_publisher":"https:\/\/www.facebook.com\/pages\/Ledizioni-LediPublishing\/109120559173329","article_modified_time":"2021-05-28T13:28:07+00:00","og_image":[{"width":1439,"height":1926,"url":"https:\/\/www.ledizioni.it\/stag\/wp-content\/uploads\/2015\/07\/3dxsito.jpg","type":"image\/jpeg"}],"twitter_card":"summary_large_image","twitter_site":"@ledizioni","twitter_misc":{"Estimated reading time":"1 minute"},"schema":{"@context":"https:\/\/schema.org","@graph":[{"@type":"WebPage","@id":"https:\/\/www.ledizioni.it\/en\/product\/antonio-aimi-emilia-perassi-a-cura-di-herencia-muchik-en-el-bosque-de-pomac\/","url":"https:\/\/www.ledizioni.it\/en\/product\/antonio-aimi-emilia-perassi-a-cura-di-herencia-muchik-en-el-bosque-de-pomac\/","name":"HERENCIA MUCHIK EN EL BOSQUE DE P\u00f3MAC","isPartOf":{"@id":"https:\/\/www.ledizioni.it\/#website"},"primaryImageOfPage":{"@id":"https:\/\/www.ledizioni.it\/en\/product\/antonio-aimi-emilia-perassi-a-cura-di-herencia-muchik-en-el-bosque-de-pomac\/#primaryimage"},"image":{"@id":"https:\/\/www.ledizioni.it\/en\/product\/antonio-aimi-emilia-perassi-a-cura-di-herencia-muchik-en-el-bosque-de-pomac\/#primaryimage"},"thumbnailUrl":"https:\/\/www.ledizioni.it\/stag\/wp-content\/uploads\/2015\/07\/3dxsito.jpg","datePublished":"2015-07-13T10:23:12+00:00","dateModified":"2021-05-28T13:28:07+00:00","description":"Este libro recoge los trabajos de investigaci\u00f3n que se realizaron en el marco del Proyecto PROPOMAC","breadcrumb":{"@id":"https:\/\/www.ledizioni.it\/en\/product\/antonio-aimi-emilia-perassi-a-cura-di-herencia-muchik-en-el-bosque-de-pomac\/#breadcrumb"},"inLanguage":"en-GB","potentialAction":[{"@type":"ReadAction","target":["https:\/\/www.ledizioni.it\/en\/product\/antonio-aimi-emilia-perassi-a-cura-di-herencia-muchik-en-el-bosque-de-pomac\/"]}]},{"@type":"ImageObject","inLanguage":"en-GB","@id":"https:\/\/www.ledizioni.it\/en\/product\/antonio-aimi-emilia-perassi-a-cura-di-herencia-muchik-en-el-bosque-de-pomac\/#primaryimage","url":"https:\/\/www.ledizioni.it\/stag\/wp-content\/uploads\/2015\/07\/3dxsito.jpg","contentUrl":"https:\/\/www.ledizioni.it\/stag\/wp-content\/uploads\/2015\/07\/3dxsito.jpg","width":1439,"height":1926},{"@type":"BreadcrumbList","@id":"https:\/\/www.ledizioni.it\/en\/product\/antonio-aimi-emilia-perassi-a-cura-di-herencia-muchik-en-el-bosque-de-pomac\/#breadcrumb","itemListElement":[{"@type":"ListItem","position":1,"name":"Shop","item":"https:\/\/www.ledizioni.it\/shop-2\/"},{"@type":"ListItem","position":2,"name":"HERENCIA MUCHIK EN EL BOSQUE DE P\u00d3MAC"}]},{"@type":"WebSite","@id":"https:\/\/www.ledizioni.it\/#website","url":"https:\/\/www.ledizioni.it\/","name":"Ledizioni","description":"The Innovative LediPublishing Company - Casa Editrice Universitaria","publisher":{"@id":"https:\/\/www.ledizioni.it\/#organization"},"potentialAction":[{"@type":"SearchAction","target":{"@type":"EntryPoint","urlTemplate":"https:\/\/www.ledizioni.it\/?s={search_term_string}"},"query-input":{"@type":"PropertyValueSpecification","valueRequired":true,"valueName":"search_term_string"}}],"inLanguage":"en-GB"},{"@type":"Organization","@id":"https:\/\/www.ledizioni.it\/#organization","name":"Ledizioni","url":"https:\/\/www.ledizioni.it\/","logo":{"@type":"ImageObject","inLanguage":"en-GB","@id":"https:\/\/www.ledizioni.it\/#\/schema\/logo\/image\/","url":"https:\/\/www.ledizioni.it\/stag\/wp-content\/uploads\/2023\/10\/newlogoledizioni500x110_2-1.jpg","contentUrl":"https:\/\/www.ledizioni.it\/stag\/wp-content\/uploads\/2023\/10\/newlogoledizioni500x110_2-1.jpg","width":354,"height":87,"caption":"Ledizioni"},"image":{"@id":"https:\/\/www.ledizioni.it\/#\/schema\/logo\/image\/"},"sameAs":["https:\/\/www.facebook.com\/pages\/Ledizioni-LediPublishing\/109120559173329","https:\/\/x.com\/ledizioni"]}]}},"jetpack_sharing_enabled":true,"_links":{"self":[{"href":"https:\/\/www.ledizioni.it\/en\/wp-json\/wp\/v2\/product\/12540","targetHints":{"allow":["GET"]}}],"collection":[{"href":"https:\/\/www.ledizioni.it\/en\/wp-json\/wp\/v2\/product"}],"about":[{"href":"https:\/\/www.ledizioni.it\/en\/wp-json\/wp\/v2\/types\/product"}],"replies":[{"embeddable":true,"href":"https:\/\/www.ledizioni.it\/en\/wp-json\/wp\/v2\/comments?post=12540"}],"version-history":[{"count":0,"href":"https:\/\/www.ledizioni.it\/en\/wp-json\/wp\/v2\/product\/12540\/revisions"}],"wp:featuredmedia":[{"embeddable":true,"href":"https:\/\/www.ledizioni.it\/en\/wp-json\/wp\/v2\/media\/12547"}],"wp:attachment":[{"href":"https:\/\/www.ledizioni.it\/en\/wp-json\/wp\/v2\/media?parent=12540"}],"wp:term":[{"taxonomy":"product_brand","embeddable":true,"href":"https:\/\/www.ledizioni.it\/en\/wp-json\/wp\/v2\/product_brand?post=12540"},{"taxonomy":"product_cat","embeddable":true,"href":"https:\/\/www.ledizioni.it\/en\/wp-json\/wp\/v2\/product_cat?post=12540"},{"taxonomy":"product_tag","embeddable":true,"href":"https:\/\/www.ledizioni.it\/en\/wp-json\/wp\/v2\/product_tag?post=12540"}],"curies":[{"name":"wp","href":"https:\/\/api.w.org\/{rel}","templated":true}]}}