{"id":12580,"date":"2015-07-23T14:36:18","date_gmt":"2015-07-23T12:36:18","guid":{"rendered":"http:\/\/www.ledizioni.it\/prodotto\/davide-colombo-foscolo-e-i-commentatori-danteschi\/"},"modified":"2021-06-23T16:37:57","modified_gmt":"2021-06-23T14:37:57","slug":"davide-colombo-foscolo-e-i-commentatori-danteschi","status":"publish","type":"product","link":"https:\/\/www.ledizioni.it\/en\/product\/davide-colombo-foscolo-e-i-commentatori-danteschi\/","title":{"rendered":"FOSCOLO E I COMMENTATORI DANTESCHI"},"content":{"rendered":"<p style=\"text-align: justify;\">Questo libro \u00e8 la prima messa a fuoco del rapporto fra Ugo Foscolo e il secolare commento alla Commedia di Dante. Singoli aspetti dell\u2019edizione dantesca curata da Foscolo durante l\u2019esilio inglese sono gi\u00e0 stati vagliati, ma questa ricerca assume una prospettiva pi\u00f9 ampia, poich\u00e9 esplora fonti inedite o poco note in diversi linguaggi e in diversi contesti culturali. Desunto da Giambattista Vico il criterio ecdotico della prosodia vocalica della Commedia, Foscolo allestisce un apparato di taglio filologico paragonabile a quello di Quirico Viviani, in cui assume come testo-base la vulgata della Crusca, fruita secondo le revisioni di Giovanni Antonio Volpi e di Gaetano Poggiali. I dantisti veronesi, Giovanni Iacopo Dionisi e Bartolomeo Perazzini, gli mettono a disposizione ignoti documenti d\u2019archivio, la cui pertinenza e veridicit\u00e0 sono spesso riscontrate grazie al commento di Baldassarre Lombardi, in base al principio euristico della \u00abscienza dei fatti\u00bb vichiana. Il risultato \u00e8 un \u00ablibro da Italiani\u00bb \u2013 in forma di Library Book \u2013 parallelo al progetto di traduzione omerica, in cui Foscolo ridiscute alcuni snodi della propria biografia letteraria (ad esempio l\u2019eredit\u00e0 alfieriana, contesa con Niccol\u00f2 Giosafatte Biagioli, o quella pariniana, contesa con Vincenzo Monti).<\/p>\n<p>&nbsp;<\/p>\n<h3 style=\"text-align: justify;\"><strong><span style=\"color: #000000;\">DATI BIBLIOGRAFICI<\/span><\/strong><\/h3>\n<p style=\"text-align: justify;\">Autori: Davide Colombo<br \/>\nEditore: Ledizioni<br \/>\nCollana: <a title=\"la ragione critica\" href=\"https:\/\/www.ledizioni.it\/en\/product-category\/umanistici\/la-ragione-critica\/\">La Ragione Critica<\/a><br \/>\nFormato: Brossura<br \/>\nPubblicato in: Luglio 2015<br \/>\nISBN cartaceo: 9788867052684<br \/>\nPrezzo cartaceo: 22,00 \u20ac<\/p>\n<p><a href=\"http:\/\/www.mondadoristore.it\/Foscolo-e-i-commentatori-Colombo-Davide\/eab\/selfespress\/9788867052684\/\" target=\"_blank\" rel=\"noopener\"><img decoding=\"async\" class=\"alignnone size-full wp-image-14398 aligncenter\" src=\"http:\/\/www.ledizioni.it\/stag\/wp-content\/uploads\/2012\/06\/red-podok.jpg\" alt=\"Pod MondadoriStore\" width=\"200\" height=\"82\" \/><\/a><br \/>\n<a href=\"https:\/\/www.amazon.it\/gp\/product\/8867052683\/ref=as_li_tl?ie=UTF8&amp;camp=3414&amp;creative=21718&amp;creativeASIN=8867057839&amp;linkCode=as2&amp;tag=ledizioni-21&amp;linkId=21587617ce23b3075bd3743ada8c92c3\" target=\"_blank\" rel=\"noopener\"><img decoding=\"async\" class=\"aligncenter size-medium wp-image-23060\" src=\"https:\/\/www.ledizioni.it\/stag\/wp-content\/uploads\/2018\/10\/pulsante-amazon-1-300x104.jpg\" alt=\"\" width=\"150\" height=\"50\" \/><\/a><img decoding=\"async\" style=\"border: none !important; margin: 0px !important;\" src=\"\/\/ir-it.amazon-adsystem.com\/e\/ir?t=ledizioni-21&amp;l=am2&amp;o=29&amp;a=8867057839\" alt=\"\" width=\"1\" height=\"1\" border=\"0\" \/><\/p>","protected":false},"excerpt":{"rendered":"<p>Questo libro \u00e8 la prima messa a fuoco del rapporto fra Ugo Foscolo e il secolare commento alla Commedia di<\/p>","protected":false},"featured_media":12581,"comment_status":"open","ping_status":"closed","template":"","meta":{"_acf_changed":false},"product_brand":[],"product_cat":[370],"product_tag":[657,1075,999],"class_list":{"0":"post-12580","1":"product","2":"type-product","3":"status-publish","4":"has-post-thumbnail","6":"product_cat-la-ragione-critica","7":"product_tag-biografia","8":"product_tag-commedia","9":"product_tag-dante","10":"pa_formato-cartaceo","11":"pa_lingua-italiano","13":"first","14":"instock","15":"featured","16":"shipping-taxable","17":"purchasable","18":"product-type-simple"},"acf":[],"yoast_head":"<!-- This site is optimized with the Yoast SEO plugin v27.3 - https:\/\/yoast.com\/product\/yoast-seo-wordpress\/ -->\n<title>Davide Colombo, Foscolo e i commentatori danteschi<\/title>\n<meta name=\"description\" content=\"Questo libro \u00e8 la prima messa a fuoco del rapporto fra Ugo Foscolo e il secolare commento alla Commedia di Dante.\" \/>\n<meta name=\"robots\" content=\"index, follow, max-snippet:-1, max-image-preview:large, max-video-preview:-1\" \/>\n<link rel=\"canonical\" href=\"https:\/\/www.ledizioni.it\/en\/product\/davide-colombo-foscolo-e-i-commentatori-danteschi\/\" \/>\n<meta property=\"og:locale\" content=\"en_GB\" \/>\n<meta property=\"og:type\" content=\"article\" \/>\n<meta property=\"og:title\" content=\"Davide Colombo, Foscolo e i commentatori danteschi\" \/>\n<meta property=\"og:description\" content=\"Questo libro \u00e8 la prima messa a fuoco del rapporto fra Ugo Foscolo e il secolare commento alla Commedia di Dante.\" \/>\n<meta property=\"og:url\" content=\"https:\/\/www.ledizioni.it\/en\/product\/davide-colombo-foscolo-e-i-commentatori-danteschi\/\" \/>\n<meta property=\"og:site_name\" content=\"Ledizioni\" \/>\n<meta property=\"article:publisher\" content=\"https:\/\/www.facebook.com\/pages\/Ledizioni-LediPublishing\/109120559173329\" \/>\n<meta property=\"article:modified_time\" content=\"2021-06-23T14:37:57+00:00\" \/>\n<meta property=\"og:image\" content=\"https:\/\/www.ledizioni.it\/stag\/wp-content\/uploads\/2015\/07\/3dpersitoledizion9.jpg\" \/>\n\t<meta property=\"og:image:width\" content=\"1469\" \/>\n\t<meta property=\"og:image:height\" content=\"1968\" \/>\n\t<meta property=\"og:image:type\" content=\"image\/jpeg\" \/>\n<meta name=\"twitter:card\" content=\"summary_large_image\" \/>\n<meta name=\"twitter:site\" content=\"@ledizioni\" \/>\n<meta name=\"twitter:label1\" content=\"Estimated reading time\" \/>\n\t<meta name=\"twitter:data1\" content=\"1 minute\" \/>\n<script type=\"application\/ld+json\" class=\"yoast-schema-graph\">{\"@context\":\"https:\\\/\\\/schema.org\",\"@graph\":[{\"@type\":\"WebPage\",\"@id\":\"https:\\\/\\\/www.ledizioni.it\\\/en\\\/product\\\/davide-colombo-foscolo-e-i-commentatori-danteschi\\\/\",\"url\":\"https:\\\/\\\/www.ledizioni.it\\\/en\\\/product\\\/davide-colombo-foscolo-e-i-commentatori-danteschi\\\/\",\"name\":\"Davide Colombo, Foscolo e i commentatori danteschi\",\"isPartOf\":{\"@id\":\"https:\\\/\\\/www.ledizioni.it\\\/#website\"},\"primaryImageOfPage\":{\"@id\":\"https:\\\/\\\/www.ledizioni.it\\\/en\\\/product\\\/davide-colombo-foscolo-e-i-commentatori-danteschi\\\/#primaryimage\"},\"image\":{\"@id\":\"https:\\\/\\\/www.ledizioni.it\\\/en\\\/product\\\/davide-colombo-foscolo-e-i-commentatori-danteschi\\\/#primaryimage\"},\"thumbnailUrl\":\"https:\\\/\\\/www.ledizioni.it\\\/stag\\\/wp-content\\\/uploads\\\/2015\\\/07\\\/3dpersitoledizion9.jpg\",\"datePublished\":\"2015-07-23T12:36:18+00:00\",\"dateModified\":\"2021-06-23T14:37:57+00:00\",\"description\":\"Questo libro \u00e8 la prima messa a fuoco del rapporto fra Ugo Foscolo e il secolare commento alla Commedia di Dante.\",\"breadcrumb\":{\"@id\":\"https:\\\/\\\/www.ledizioni.it\\\/en\\\/product\\\/davide-colombo-foscolo-e-i-commentatori-danteschi\\\/#breadcrumb\"},\"inLanguage\":\"en-GB\",\"potentialAction\":[{\"@type\":\"ReadAction\",\"target\":[\"https:\\\/\\\/www.ledizioni.it\\\/en\\\/product\\\/davide-colombo-foscolo-e-i-commentatori-danteschi\\\/\"]}]},{\"@type\":\"ImageObject\",\"inLanguage\":\"en-GB\",\"@id\":\"https:\\\/\\\/www.ledizioni.it\\\/en\\\/product\\\/davide-colombo-foscolo-e-i-commentatori-danteschi\\\/#primaryimage\",\"url\":\"https:\\\/\\\/www.ledizioni.it\\\/stag\\\/wp-content\\\/uploads\\\/2015\\\/07\\\/3dpersitoledizion9.jpg\",\"contentUrl\":\"https:\\\/\\\/www.ledizioni.it\\\/stag\\\/wp-content\\\/uploads\\\/2015\\\/07\\\/3dpersitoledizion9.jpg\",\"width\":1469,\"height\":1968},{\"@type\":\"BreadcrumbList\",\"@id\":\"https:\\\/\\\/www.ledizioni.it\\\/en\\\/product\\\/davide-colombo-foscolo-e-i-commentatori-danteschi\\\/#breadcrumb\",\"itemListElement\":[{\"@type\":\"ListItem\",\"position\":1,\"name\":\"Shop\",\"item\":\"https:\\\/\\\/www.ledizioni.it\\\/shop-2\\\/\"},{\"@type\":\"ListItem\",\"position\":2,\"name\":\"FOSCOLO E I COMMENTATORI DANTESCHI\"}]},{\"@type\":\"WebSite\",\"@id\":\"https:\\\/\\\/www.ledizioni.it\\\/#website\",\"url\":\"https:\\\/\\\/www.ledizioni.it\\\/\",\"name\":\"Ledizioni\",\"description\":\"The Innovative LediPublishing Company - Casa Editrice Universitaria\",\"publisher\":{\"@id\":\"https:\\\/\\\/www.ledizioni.it\\\/#organization\"},\"potentialAction\":[{\"@type\":\"SearchAction\",\"target\":{\"@type\":\"EntryPoint\",\"urlTemplate\":\"https:\\\/\\\/www.ledizioni.it\\\/?s={search_term_string}\"},\"query-input\":{\"@type\":\"PropertyValueSpecification\",\"valueRequired\":true,\"valueName\":\"search_term_string\"}}],\"inLanguage\":\"en-GB\"},{\"@type\":\"Organization\",\"@id\":\"https:\\\/\\\/www.ledizioni.it\\\/#organization\",\"name\":\"Ledizioni\",\"url\":\"https:\\\/\\\/www.ledizioni.it\\\/\",\"logo\":{\"@type\":\"ImageObject\",\"inLanguage\":\"en-GB\",\"@id\":\"https:\\\/\\\/www.ledizioni.it\\\/#\\\/schema\\\/logo\\\/image\\\/\",\"url\":\"https:\\\/\\\/www.ledizioni.it\\\/stag\\\/wp-content\\\/uploads\\\/2023\\\/10\\\/newlogoledizioni500x110_2-1.jpg\",\"contentUrl\":\"https:\\\/\\\/www.ledizioni.it\\\/stag\\\/wp-content\\\/uploads\\\/2023\\\/10\\\/newlogoledizioni500x110_2-1.jpg\",\"width\":354,\"height\":87,\"caption\":\"Ledizioni\"},\"image\":{\"@id\":\"https:\\\/\\\/www.ledizioni.it\\\/#\\\/schema\\\/logo\\\/image\\\/\"},\"sameAs\":[\"https:\\\/\\\/www.facebook.com\\\/pages\\\/Ledizioni-LediPublishing\\\/109120559173329\",\"https:\\\/\\\/x.com\\\/ledizioni\"]}]}<\/script>\n<!-- \/ Yoast SEO plugin. -->","yoast_head_json":{"title":"Davide Colombo, Foscolo e i commentatori danteschi","description":"Questo libro \u00e8 la prima messa a fuoco del rapporto fra Ugo Foscolo e il secolare commento alla Commedia di Dante.","robots":{"index":"index","follow":"follow","max-snippet":"max-snippet:-1","max-image-preview":"max-image-preview:large","max-video-preview":"max-video-preview:-1"},"canonical":"https:\/\/www.ledizioni.it\/en\/product\/davide-colombo-foscolo-e-i-commentatori-danteschi\/","og_locale":"en_GB","og_type":"article","og_title":"Davide Colombo, Foscolo e i commentatori danteschi","og_description":"Questo libro \u00e8 la prima messa a fuoco del rapporto fra Ugo Foscolo e il secolare commento alla Commedia di Dante.","og_url":"https:\/\/www.ledizioni.it\/en\/product\/davide-colombo-foscolo-e-i-commentatori-danteschi\/","og_site_name":"Ledizioni","article_publisher":"https:\/\/www.facebook.com\/pages\/Ledizioni-LediPublishing\/109120559173329","article_modified_time":"2021-06-23T14:37:57+00:00","og_image":[{"width":1469,"height":1968,"url":"https:\/\/www.ledizioni.it\/stag\/wp-content\/uploads\/2015\/07\/3dpersitoledizion9.jpg","type":"image\/jpeg"}],"twitter_card":"summary_large_image","twitter_site":"@ledizioni","twitter_misc":{"Estimated reading time":"1 minute"},"schema":{"@context":"https:\/\/schema.org","@graph":[{"@type":"WebPage","@id":"https:\/\/www.ledizioni.it\/en\/product\/davide-colombo-foscolo-e-i-commentatori-danteschi\/","url":"https:\/\/www.ledizioni.it\/en\/product\/davide-colombo-foscolo-e-i-commentatori-danteschi\/","name":"Davide Colombo, Foscolo e i commentatori danteschi","isPartOf":{"@id":"https:\/\/www.ledizioni.it\/#website"},"primaryImageOfPage":{"@id":"https:\/\/www.ledizioni.it\/en\/product\/davide-colombo-foscolo-e-i-commentatori-danteschi\/#primaryimage"},"image":{"@id":"https:\/\/www.ledizioni.it\/en\/product\/davide-colombo-foscolo-e-i-commentatori-danteschi\/#primaryimage"},"thumbnailUrl":"https:\/\/www.ledizioni.it\/stag\/wp-content\/uploads\/2015\/07\/3dpersitoledizion9.jpg","datePublished":"2015-07-23T12:36:18+00:00","dateModified":"2021-06-23T14:37:57+00:00","description":"Questo libro \u00e8 la prima messa a fuoco del rapporto fra Ugo Foscolo e il secolare commento alla Commedia di Dante.","breadcrumb":{"@id":"https:\/\/www.ledizioni.it\/en\/product\/davide-colombo-foscolo-e-i-commentatori-danteschi\/#breadcrumb"},"inLanguage":"en-GB","potentialAction":[{"@type":"ReadAction","target":["https:\/\/www.ledizioni.it\/en\/product\/davide-colombo-foscolo-e-i-commentatori-danteschi\/"]}]},{"@type":"ImageObject","inLanguage":"en-GB","@id":"https:\/\/www.ledizioni.it\/en\/product\/davide-colombo-foscolo-e-i-commentatori-danteschi\/#primaryimage","url":"https:\/\/www.ledizioni.it\/stag\/wp-content\/uploads\/2015\/07\/3dpersitoledizion9.jpg","contentUrl":"https:\/\/www.ledizioni.it\/stag\/wp-content\/uploads\/2015\/07\/3dpersitoledizion9.jpg","width":1469,"height":1968},{"@type":"BreadcrumbList","@id":"https:\/\/www.ledizioni.it\/en\/product\/davide-colombo-foscolo-e-i-commentatori-danteschi\/#breadcrumb","itemListElement":[{"@type":"ListItem","position":1,"name":"Shop","item":"https:\/\/www.ledizioni.it\/shop-2\/"},{"@type":"ListItem","position":2,"name":"FOSCOLO E I COMMENTATORI DANTESCHI"}]},{"@type":"WebSite","@id":"https:\/\/www.ledizioni.it\/#website","url":"https:\/\/www.ledizioni.it\/","name":"Ledizioni","description":"The Innovative LediPublishing Company - Casa Editrice Universitaria","publisher":{"@id":"https:\/\/www.ledizioni.it\/#organization"},"potentialAction":[{"@type":"SearchAction","target":{"@type":"EntryPoint","urlTemplate":"https:\/\/www.ledizioni.it\/?s={search_term_string}"},"query-input":{"@type":"PropertyValueSpecification","valueRequired":true,"valueName":"search_term_string"}}],"inLanguage":"en-GB"},{"@type":"Organization","@id":"https:\/\/www.ledizioni.it\/#organization","name":"Ledizioni","url":"https:\/\/www.ledizioni.it\/","logo":{"@type":"ImageObject","inLanguage":"en-GB","@id":"https:\/\/www.ledizioni.it\/#\/schema\/logo\/image\/","url":"https:\/\/www.ledizioni.it\/stag\/wp-content\/uploads\/2023\/10\/newlogoledizioni500x110_2-1.jpg","contentUrl":"https:\/\/www.ledizioni.it\/stag\/wp-content\/uploads\/2023\/10\/newlogoledizioni500x110_2-1.jpg","width":354,"height":87,"caption":"Ledizioni"},"image":{"@id":"https:\/\/www.ledizioni.it\/#\/schema\/logo\/image\/"},"sameAs":["https:\/\/www.facebook.com\/pages\/Ledizioni-LediPublishing\/109120559173329","https:\/\/x.com\/ledizioni"]}]}},"jetpack_sharing_enabled":true,"_links":{"self":[{"href":"https:\/\/www.ledizioni.it\/en\/wp-json\/wp\/v2\/product\/12580","targetHints":{"allow":["GET"]}}],"collection":[{"href":"https:\/\/www.ledizioni.it\/en\/wp-json\/wp\/v2\/product"}],"about":[{"href":"https:\/\/www.ledizioni.it\/en\/wp-json\/wp\/v2\/types\/product"}],"replies":[{"embeddable":true,"href":"https:\/\/www.ledizioni.it\/en\/wp-json\/wp\/v2\/comments?post=12580"}],"version-history":[{"count":1,"href":"https:\/\/www.ledizioni.it\/en\/wp-json\/wp\/v2\/product\/12580\/revisions"}],"predecessor-version":[{"id":14401,"href":"https:\/\/www.ledizioni.it\/en\/wp-json\/wp\/v2\/product\/12580\/revisions\/14401"}],"wp:featuredmedia":[{"embeddable":true,"href":"https:\/\/www.ledizioni.it\/en\/wp-json\/wp\/v2\/media\/12581"}],"wp:attachment":[{"href":"https:\/\/www.ledizioni.it\/en\/wp-json\/wp\/v2\/media?parent=12580"}],"wp:term":[{"taxonomy":"product_brand","embeddable":true,"href":"https:\/\/www.ledizioni.it\/en\/wp-json\/wp\/v2\/product_brand?post=12580"},{"taxonomy":"product_cat","embeddable":true,"href":"https:\/\/www.ledizioni.it\/en\/wp-json\/wp\/v2\/product_cat?post=12580"},{"taxonomy":"product_tag","embeddable":true,"href":"https:\/\/www.ledizioni.it\/en\/wp-json\/wp\/v2\/product_tag?post=12580"}],"curies":[{"name":"wp","href":"https:\/\/api.w.org\/{rel}","templated":true}]}}