{"id":12742,"date":"2015-09-16T14:19:44","date_gmt":"2015-09-16T12:19:44","guid":{"rendered":"http:\/\/www.ledizioni.it\/prodotto\/valutazione-economica-degli-effetti-sanitari-dellinquinamento-atmosferico-la-metodologia-delleea\/"},"modified":"2024-01-26T03:14:01","modified_gmt":"2024-01-26T01:14:01","slug":"valutazione-economica-degli-effetti-sanitari-dellinquinamento-atmosferico-la-metodologia-delleea","status":"publish","type":"product","link":"https:\/\/www.ledizioni.it\/en\/product\/valutazione-economica-degli-effetti-sanitari-dellinquinamento-atmosferico-la-metodologia-delleea\/","title":{"rendered":"VALUTAZIONE ECONOMICA DEGLI EFFETTI SANITARI DELL\u2019INQUINAMENTO ATMOSFERICO: LA METODOLOGIA DELL\u2019EEA"},"content":{"rendered":"<p class=\"p1\"><em><strong>Atti del workshop di Taranto, 23\/24 Luglio 2012<\/strong><\/em><\/p>\n<p class=\"p1\" style=\"text-align: justify;\"><span class=\"s1\">Nell\u2019Unione Europea, la scarsa qualit\u00e0 dell\u2019aria \u00e8 la prima causa ambientale di morte prematura e presenta un costo in termini di vite umane pi\u00f9 elevato di quello degli incidenti stradali. L\u2019inquinamento dell\u2019aria \u00e8 causa, inoltre, di perdita di giorni di lavoro e di elevati costi sanitari e sociali, poich\u00e9 colpisce in misura maggiore le fasce di popolazione pi\u00f9 vulnerabili (bambini, anziani, asmatici e soggetti svantaggiati dal punto di vista socioeconomico). <\/span>L\u2019emissione e la concentrazione d\u2019inquinanti nell\u2019aria, se da un lato sono certamente collegate a fenomeni di scala nazionale ed extra-nazionale, dall\u2019altro mostrano una rilevante variabilit\u00e0 locale che \u00e8 legata a scelte economico\u2013produttive oltre che ad aspetti sociali e ad altre componenti ambientali.<\/p>\n<p class=\"p1\" style=\"text-align: justify;\">In questa prospettiva, la lotta all\u2019inquinamento e la prevenzione dei rischi per la salute sono intimamente legate e costituiscono sicuramente una priorit\u00e0 da perseguire a livello locale, nazionale e internazionale, attraverso politiche mirate che sappiano trovare il giusto equilibrio tra il rispetto dei parametri di stabilit\u00e0 economica e i costi per la collettivit\u00e0 derivanti dall\u2019impatto degli inquinanti sulla salute; esse rappresentano inoltre, allo stesso tempo, anche un impegno che coinvolge tutti, sia a livello istituzionale, sia a livello di singoli cittadini. In questo senso, sono molto promettenti i recenti sviluppi tecnologici (APP su smartphone), che consentono i contributi della cittadinanza attiva al monitoraggio della qualit\u00e0 dell\u2019aria.<\/p>\n<p style=\"text-align: justify;\"><strong>DATI BIBLIOGRAFICI<\/strong><\/p>\n<p style=\"text-align: justify;\">Titolo:\u00a0Valutazione economica degli effetti sanitari dell\u2019inquinamento atmosferico: la metodologia dell\u2019EEA<br \/>\nAutore: a cura di Giorgio Assennato<br \/>\nPubblicazione:\u00a0settembre 2015<br \/>\nISBN ebook: 9788867053803<br \/>\nISBN cartaceo:9788867053308<br \/>\nPDF scaricabile gratuitamente<\/p>","protected":false},"excerpt":{"rendered":"<p>Atti del workshop di Taranto, 23\/24 Luglio 2012 Nell\u2019Unione Europea, la scarsa qualit\u00e0 dell\u2019aria \u00e8 la prima causa ambientale di<\/p>","protected":false},"featured_media":12745,"comment_status":"open","ping_status":"closed","template":"","meta":{"_acf_changed":false},"product_brand":[],"product_cat":[2456],"product_tag":[1151,1157,2491,1156,764,1152,1189,1502,1564],"class_list":{"0":"post-12742","1":"product","2":"type-product","3":"status-publish","4":"has-post-thumbnail","6":"product_cat-beni","7":"product_tag-arpa","8":"product_tag-eea","9":"product_tag-etica-ambientale","10":"product_tag-inquinamento","11":"product_tag-open-access-2","12":"product_tag-puglia","13":"product_tag-risorse-didattiche-gratuite","14":"product_tag-salute","15":"product_tag-sistema-sanitario","16":"pa_formato-cartaceo","17":"pa_formato-ebook-in-epub","18":"pa_formato-ebook-in-pdf","19":"pa_lingua-italiano","21":"first","22":"instock","23":"featured","24":"shipping-taxable","25":"purchasable","26":"product-type-variable","27":"has-default-attributes"},"acf":[],"yoast_head":"<!-- This site is optimized with the Yoast SEO plugin v27.3 - https:\/\/yoast.com\/product\/yoast-seo-wordpress\/ -->\n<title>Valutazione economica degli effetti sanitari dell\u2019inquinamento atmosferico<\/title>\n<meta name=\"description\" content=\"Atti del Workshop di Taranto del 23\/24 luglio 2012\" \/>\n<meta name=\"robots\" content=\"index, follow, max-snippet:-1, max-image-preview:large, max-video-preview:-1\" \/>\n<link rel=\"canonical\" href=\"https:\/\/www.ledizioni.it\/en\/product\/valutazione-economica-degli-effetti-sanitari-dellinquinamento-atmosferico-la-metodologia-delleea\/\" \/>\n<meta property=\"og:locale\" content=\"en_GB\" \/>\n<meta property=\"og:type\" content=\"article\" \/>\n<meta property=\"og:title\" content=\"Valutazione economica degli effetti sanitari dell\u2019inquinamento atmosferico\" \/>\n<meta property=\"og:description\" content=\"Atti del Workshop di Taranto del 23\/24 luglio 2012\" \/>\n<meta property=\"og:url\" content=\"https:\/\/www.ledizioni.it\/en\/product\/valutazione-economica-degli-effetti-sanitari-dellinquinamento-atmosferico-la-metodologia-delleea\/\" \/>\n<meta property=\"og:site_name\" content=\"Ledizioni\" \/>\n<meta property=\"article:publisher\" content=\"https:\/\/www.facebook.com\/pages\/Ledizioni-LediPublishing\/109120559173329\" \/>\n<meta property=\"article:modified_time\" content=\"2024-01-26T01:14:01+00:00\" \/>\n<meta property=\"og:image\" content=\"https:\/\/www.ledizioni.it\/stag\/wp-content\/uploads\/2015\/09\/COVER3D.jpg\" \/>\n\t<meta property=\"og:image:width\" content=\"1594\" \/>\n\t<meta property=\"og:image:height\" content=\"1974\" \/>\n\t<meta property=\"og:image:type\" content=\"image\/jpeg\" \/>\n<meta name=\"twitter:card\" content=\"summary_large_image\" \/>\n<meta name=\"twitter:site\" content=\"@ledizioni\" \/>\n<meta name=\"twitter:label1\" content=\"Estimated reading time\" \/>\n\t<meta name=\"twitter:data1\" content=\"1 minute\" \/>\n<script type=\"application\/ld+json\" class=\"yoast-schema-graph\">{\"@context\":\"https:\\\/\\\/schema.org\",\"@graph\":[{\"@type\":\"WebPage\",\"@id\":\"https:\\\/\\\/www.ledizioni.it\\\/prodotto\\\/valutazione-economica-degli-effetti-sanitari-dellinquinamento-atmosferico-la-metodologia-delleea\\\/\",\"url\":\"https:\\\/\\\/www.ledizioni.it\\\/prodotto\\\/valutazione-economica-degli-effetti-sanitari-dellinquinamento-atmosferico-la-metodologia-delleea\\\/\",\"name\":\"Valutazione economica degli effetti sanitari dell\u2019inquinamento atmosferico\",\"isPartOf\":{\"@id\":\"https:\\\/\\\/www.ledizioni.it\\\/#website\"},\"primaryImageOfPage\":{\"@id\":\"https:\\\/\\\/www.ledizioni.it\\\/prodotto\\\/valutazione-economica-degli-effetti-sanitari-dellinquinamento-atmosferico-la-metodologia-delleea\\\/#primaryimage\"},\"image\":{\"@id\":\"https:\\\/\\\/www.ledizioni.it\\\/prodotto\\\/valutazione-economica-degli-effetti-sanitari-dellinquinamento-atmosferico-la-metodologia-delleea\\\/#primaryimage\"},\"thumbnailUrl\":\"https:\\\/\\\/www.ledizioni.it\\\/stag\\\/wp-content\\\/uploads\\\/2015\\\/09\\\/COVER3D.jpg\",\"datePublished\":\"2015-09-16T12:19:44+00:00\",\"dateModified\":\"2024-01-26T01:14:01+00:00\",\"description\":\"Atti del Workshop di Taranto del 23\\\/24 luglio 2012\",\"breadcrumb\":{\"@id\":\"https:\\\/\\\/www.ledizioni.it\\\/prodotto\\\/valutazione-economica-degli-effetti-sanitari-dellinquinamento-atmosferico-la-metodologia-delleea\\\/#breadcrumb\"},\"inLanguage\":\"en-GB\",\"potentialAction\":[{\"@type\":\"ReadAction\",\"target\":[\"https:\\\/\\\/www.ledizioni.it\\\/prodotto\\\/valutazione-economica-degli-effetti-sanitari-dellinquinamento-atmosferico-la-metodologia-delleea\\\/\"]}]},{\"@type\":\"ImageObject\",\"inLanguage\":\"en-GB\",\"@id\":\"https:\\\/\\\/www.ledizioni.it\\\/prodotto\\\/valutazione-economica-degli-effetti-sanitari-dellinquinamento-atmosferico-la-metodologia-delleea\\\/#primaryimage\",\"url\":\"https:\\\/\\\/www.ledizioni.it\\\/stag\\\/wp-content\\\/uploads\\\/2015\\\/09\\\/COVER3D.jpg\",\"contentUrl\":\"https:\\\/\\\/www.ledizioni.it\\\/stag\\\/wp-content\\\/uploads\\\/2015\\\/09\\\/COVER3D.jpg\",\"width\":1594,\"height\":1974},{\"@type\":\"BreadcrumbList\",\"@id\":\"https:\\\/\\\/www.ledizioni.it\\\/prodotto\\\/valutazione-economica-degli-effetti-sanitari-dellinquinamento-atmosferico-la-metodologia-delleea\\\/#breadcrumb\",\"itemListElement\":[{\"@type\":\"ListItem\",\"position\":1,\"name\":\"Shop\",\"item\":\"https:\\\/\\\/www.ledizioni.it\\\/shop-2\\\/\"},{\"@type\":\"ListItem\",\"position\":2,\"name\":\"VALUTAZIONE ECONOMICA DEGLI EFFETTI SANITARI DELL\u2019INQUINAMENTO ATMOSFERICO: LA METODOLOGIA DELL\u2019EEA\"}]},{\"@type\":\"WebSite\",\"@id\":\"https:\\\/\\\/www.ledizioni.it\\\/#website\",\"url\":\"https:\\\/\\\/www.ledizioni.it\\\/\",\"name\":\"Ledizioni\",\"description\":\"The Innovative LediPublishing Company - Casa Editrice Universitaria\",\"publisher\":{\"@id\":\"https:\\\/\\\/www.ledizioni.it\\\/#organization\"},\"potentialAction\":[{\"@type\":\"SearchAction\",\"target\":{\"@type\":\"EntryPoint\",\"urlTemplate\":\"https:\\\/\\\/www.ledizioni.it\\\/?s={search_term_string}\"},\"query-input\":{\"@type\":\"PropertyValueSpecification\",\"valueRequired\":true,\"valueName\":\"search_term_string\"}}],\"inLanguage\":\"en-GB\"},{\"@type\":\"Organization\",\"@id\":\"https:\\\/\\\/www.ledizioni.it\\\/#organization\",\"name\":\"Ledizioni\",\"url\":\"https:\\\/\\\/www.ledizioni.it\\\/\",\"logo\":{\"@type\":\"ImageObject\",\"inLanguage\":\"en-GB\",\"@id\":\"https:\\\/\\\/www.ledizioni.it\\\/#\\\/schema\\\/logo\\\/image\\\/\",\"url\":\"https:\\\/\\\/www.ledizioni.it\\\/stag\\\/wp-content\\\/uploads\\\/2023\\\/10\\\/newlogoledizioni500x110_2-1.jpg\",\"contentUrl\":\"https:\\\/\\\/www.ledizioni.it\\\/stag\\\/wp-content\\\/uploads\\\/2023\\\/10\\\/newlogoledizioni500x110_2-1.jpg\",\"width\":354,\"height\":87,\"caption\":\"Ledizioni\"},\"image\":{\"@id\":\"https:\\\/\\\/www.ledizioni.it\\\/#\\\/schema\\\/logo\\\/image\\\/\"},\"sameAs\":[\"https:\\\/\\\/www.facebook.com\\\/pages\\\/Ledizioni-LediPublishing\\\/109120559173329\",\"https:\\\/\\\/x.com\\\/ledizioni\"]}]}<\/script>\n<!-- \/ Yoast SEO plugin. -->","yoast_head_json":{"title":"Valutazione economica degli effetti sanitari dell\u2019inquinamento atmosferico","description":"Atti del Workshop di Taranto del 23\/24 luglio 2012","robots":{"index":"index","follow":"follow","max-snippet":"max-snippet:-1","max-image-preview":"max-image-preview:large","max-video-preview":"max-video-preview:-1"},"canonical":"https:\/\/www.ledizioni.it\/en\/product\/valutazione-economica-degli-effetti-sanitari-dellinquinamento-atmosferico-la-metodologia-delleea\/","og_locale":"en_GB","og_type":"article","og_title":"Valutazione economica degli effetti sanitari dell\u2019inquinamento atmosferico","og_description":"Atti del Workshop di Taranto del 23\/24 luglio 2012","og_url":"https:\/\/www.ledizioni.it\/en\/product\/valutazione-economica-degli-effetti-sanitari-dellinquinamento-atmosferico-la-metodologia-delleea\/","og_site_name":"Ledizioni","article_publisher":"https:\/\/www.facebook.com\/pages\/Ledizioni-LediPublishing\/109120559173329","article_modified_time":"2024-01-26T01:14:01+00:00","og_image":[{"width":1594,"height":1974,"url":"https:\/\/www.ledizioni.it\/stag\/wp-content\/uploads\/2015\/09\/COVER3D.jpg","type":"image\/jpeg"}],"twitter_card":"summary_large_image","twitter_site":"@ledizioni","twitter_misc":{"Estimated reading time":"1 minute"},"schema":{"@context":"https:\/\/schema.org","@graph":[{"@type":"WebPage","@id":"https:\/\/www.ledizioni.it\/prodotto\/valutazione-economica-degli-effetti-sanitari-dellinquinamento-atmosferico-la-metodologia-delleea\/","url":"https:\/\/www.ledizioni.it\/prodotto\/valutazione-economica-degli-effetti-sanitari-dellinquinamento-atmosferico-la-metodologia-delleea\/","name":"Valutazione economica degli effetti sanitari dell\u2019inquinamento atmosferico","isPartOf":{"@id":"https:\/\/www.ledizioni.it\/#website"},"primaryImageOfPage":{"@id":"https:\/\/www.ledizioni.it\/prodotto\/valutazione-economica-degli-effetti-sanitari-dellinquinamento-atmosferico-la-metodologia-delleea\/#primaryimage"},"image":{"@id":"https:\/\/www.ledizioni.it\/prodotto\/valutazione-economica-degli-effetti-sanitari-dellinquinamento-atmosferico-la-metodologia-delleea\/#primaryimage"},"thumbnailUrl":"https:\/\/www.ledizioni.it\/stag\/wp-content\/uploads\/2015\/09\/COVER3D.jpg","datePublished":"2015-09-16T12:19:44+00:00","dateModified":"2024-01-26T01:14:01+00:00","description":"Atti del Workshop di Taranto del 23\/24 luglio 2012","breadcrumb":{"@id":"https:\/\/www.ledizioni.it\/prodotto\/valutazione-economica-degli-effetti-sanitari-dellinquinamento-atmosferico-la-metodologia-delleea\/#breadcrumb"},"inLanguage":"en-GB","potentialAction":[{"@type":"ReadAction","target":["https:\/\/www.ledizioni.it\/prodotto\/valutazione-economica-degli-effetti-sanitari-dellinquinamento-atmosferico-la-metodologia-delleea\/"]}]},{"@type":"ImageObject","inLanguage":"en-GB","@id":"https:\/\/www.ledizioni.it\/prodotto\/valutazione-economica-degli-effetti-sanitari-dellinquinamento-atmosferico-la-metodologia-delleea\/#primaryimage","url":"https:\/\/www.ledizioni.it\/stag\/wp-content\/uploads\/2015\/09\/COVER3D.jpg","contentUrl":"https:\/\/www.ledizioni.it\/stag\/wp-content\/uploads\/2015\/09\/COVER3D.jpg","width":1594,"height":1974},{"@type":"BreadcrumbList","@id":"https:\/\/www.ledizioni.it\/prodotto\/valutazione-economica-degli-effetti-sanitari-dellinquinamento-atmosferico-la-metodologia-delleea\/#breadcrumb","itemListElement":[{"@type":"ListItem","position":1,"name":"Shop","item":"https:\/\/www.ledizioni.it\/shop-2\/"},{"@type":"ListItem","position":2,"name":"VALUTAZIONE ECONOMICA DEGLI EFFETTI SANITARI DELL\u2019INQUINAMENTO ATMOSFERICO: LA METODOLOGIA DELL\u2019EEA"}]},{"@type":"WebSite","@id":"https:\/\/www.ledizioni.it\/#website","url":"https:\/\/www.ledizioni.it\/","name":"Ledizioni","description":"The Innovative LediPublishing Company - Casa Editrice Universitaria","publisher":{"@id":"https:\/\/www.ledizioni.it\/#organization"},"potentialAction":[{"@type":"SearchAction","target":{"@type":"EntryPoint","urlTemplate":"https:\/\/www.ledizioni.it\/?s={search_term_string}"},"query-input":{"@type":"PropertyValueSpecification","valueRequired":true,"valueName":"search_term_string"}}],"inLanguage":"en-GB"},{"@type":"Organization","@id":"https:\/\/www.ledizioni.it\/#organization","name":"Ledizioni","url":"https:\/\/www.ledizioni.it\/","logo":{"@type":"ImageObject","inLanguage":"en-GB","@id":"https:\/\/www.ledizioni.it\/#\/schema\/logo\/image\/","url":"https:\/\/www.ledizioni.it\/stag\/wp-content\/uploads\/2023\/10\/newlogoledizioni500x110_2-1.jpg","contentUrl":"https:\/\/www.ledizioni.it\/stag\/wp-content\/uploads\/2023\/10\/newlogoledizioni500x110_2-1.jpg","width":354,"height":87,"caption":"Ledizioni"},"image":{"@id":"https:\/\/www.ledizioni.it\/#\/schema\/logo\/image\/"},"sameAs":["https:\/\/www.facebook.com\/pages\/Ledizioni-LediPublishing\/109120559173329","https:\/\/x.com\/ledizioni"]}]}},"jetpack_sharing_enabled":true,"_links":{"self":[{"href":"https:\/\/www.ledizioni.it\/en\/wp-json\/wp\/v2\/product\/12742","targetHints":{"allow":["GET"]}}],"collection":[{"href":"https:\/\/www.ledizioni.it\/en\/wp-json\/wp\/v2\/product"}],"about":[{"href":"https:\/\/www.ledizioni.it\/en\/wp-json\/wp\/v2\/types\/product"}],"replies":[{"embeddable":true,"href":"https:\/\/www.ledizioni.it\/en\/wp-json\/wp\/v2\/comments?post=12742"}],"version-history":[{"count":1,"href":"https:\/\/www.ledizioni.it\/en\/wp-json\/wp\/v2\/product\/12742\/revisions"}],"predecessor-version":[{"id":13111,"href":"https:\/\/www.ledizioni.it\/en\/wp-json\/wp\/v2\/product\/12742\/revisions\/13111"}],"wp:featuredmedia":[{"embeddable":true,"href":"https:\/\/www.ledizioni.it\/en\/wp-json\/wp\/v2\/media\/12745"}],"wp:attachment":[{"href":"https:\/\/www.ledizioni.it\/en\/wp-json\/wp\/v2\/media?parent=12742"}],"wp:term":[{"taxonomy":"product_brand","embeddable":true,"href":"https:\/\/www.ledizioni.it\/en\/wp-json\/wp\/v2\/product_brand?post=12742"},{"taxonomy":"product_cat","embeddable":true,"href":"https:\/\/www.ledizioni.it\/en\/wp-json\/wp\/v2\/product_cat?post=12742"},{"taxonomy":"product_tag","embeddable":true,"href":"https:\/\/www.ledizioni.it\/en\/wp-json\/wp\/v2\/product_tag?post=12742"}],"curies":[{"name":"wp","href":"https:\/\/api.w.org\/{rel}","templated":true}]}}