{"id":12937,"date":"2015-09-23T09:13:46","date_gmt":"2015-09-23T07:13:46","guid":{"rendered":"http:\/\/www.ledizioni.it\/prodotto\/pina-paone-dentro-gli-attimi-del-possibile\/"},"modified":"2021-05-28T17:35:44","modified_gmt":"2021-05-28T15:35:44","slug":"pina-paone-dentro-gli-attimi-del-possibile","status":"publish","type":"product","link":"https:\/\/www.ledizioni.it\/en\/product\/pina-paone-dentro-gli-attimi-del-possibile\/","title":{"rendered":"DENTRO GLI ATTIMI DEL POSSIBILE"},"content":{"rendered":"<p style=\"text-align: justify;\">Sconosciuti che si incontrano per caso nelle citt\u00e0 moderne e postmoderne, e dunque apparizioni fulminee di vite alternative, luminose immagini-specchio, strappi nella stabilit\u00e0 del quotidiano. Sono i passanti letterari di cui si occupa questo libro, che intende allargare il tempo brevissimo in cui si consumano tali avventure fortuite, fermando gli attimi carichi di possibilit\u00e0. Da Gogol\u2019 e Poe, passando per l\u2019archetipo poetico baudelairiano, il romanzo modernista, i racconti di Calvino, fino ad arrivare a Benni e Murakami, si indagano i modi in cui il personaggio letterario si trasforma e si relaziona con l\u2019alterit\u00e0 e con l\u2019ambiente circostante, misurando le proprie capacit\u00e0 di adeguarsi ai cambiamenti sociali e la propria disponibilit\u00e0 ad accogliere la sfida accesa da ci\u00f2 che ancora non si conosce \u2013 fuori e dentro di s\u00e9.<\/p>\n<h3><strong><span style=\"color: #000000;\">DATI BIBLIOGRAFICI<\/span><\/strong><\/h3>\n<p>Autori: Pina Paone<br \/>\nEditore: Ledizioni<br \/>\nCollana: <a href=\"http:\/\/www.ledizioni.it\/en\/collane\/letteratura\/264-2\/\">LA RAGIONE CRITICA \/ 8<\/a><br \/>\nPubblicato in: Settembre 2015<br \/>\nISBN:\u00a09788867053766 (cartaceo)<br \/>\nPagine: 401<br \/>\nPrezzo cartaceo: 22,00 \u20ac<\/p>\n<p><a href=\"http:\/\/www.mondadoristore.it\/Dentro-gli-attimi-del-Paone-Pina\/eab\/selfespress\/9788867053766\/\" target=\"_blank\" rel=\"noopener\"><img decoding=\"async\" class=\"alignnone size-full wp-image-14398 aligncenter\" src=\"http:\/\/www.ledizioni.it\/stag\/wp-content\/uploads\/2012\/06\/red-podok.jpg\" alt=\"Pod MondadoriStore\" width=\"200\" height=\"82\" \/><\/a><\/p>","protected":false},"excerpt":{"rendered":"<p>Sconosciuti che si incontrano per caso nelle citt\u00e0 moderne e postmoderne, e dunque apparizioni fulminee di vite alternative, luminose immagini-specchio,<\/p>","protected":false},"featured_media":12942,"comment_status":"open","ping_status":"closed","template":"","meta":{"_acf_changed":false},"product_brand":[],"product_cat":[370],"product_tag":[828],"class_list":{"0":"post-12937","1":"product","2":"type-product","3":"status-publish","4":"has-post-thumbnail","6":"product_cat-la-ragione-critica","7":"product_tag-citta-2","8":"pa_formato-cartaceo","9":"pa_lingua-italiano","11":"first","12":"instock","13":"featured","14":"shipping-taxable","15":"purchasable","16":"product-type-simple"},"acf":[],"yoast_head":"<!-- This site is optimized with the Yoast SEO plugin v27.4 - https:\/\/yoast.com\/product\/yoast-seo-wordpress\/ -->\n<title>Pina Paone, Dentro gli attimi del possibile<\/title>\n<meta name=\"description\" content=\"Sconosciuti che si incontrano per caso nelle citt\u00e0 moderne e postmoderne, apparizioni di vite alternative, strappi nella stabilit\u00e0 del quotidiano.\" \/>\n<meta name=\"robots\" content=\"index, follow, max-snippet:-1, max-image-preview:large, max-video-preview:-1\" \/>\n<link rel=\"canonical\" href=\"https:\/\/www.ledizioni.it\/en\/product\/pina-paone-dentro-gli-attimi-del-possibile\/\" \/>\n<meta property=\"og:locale\" content=\"en_GB\" \/>\n<meta property=\"og:type\" content=\"article\" \/>\n<meta property=\"og:title\" content=\"Pina Paone, Dentro gli attimi del possibile\" \/>\n<meta property=\"og:description\" content=\"Sconosciuti che si incontrano per caso nelle citt\u00e0 moderne e postmoderne, apparizioni di vite alternative, strappi nella stabilit\u00e0 del quotidiano.\" \/>\n<meta property=\"og:url\" content=\"https:\/\/www.ledizioni.it\/en\/product\/pina-paone-dentro-gli-attimi-del-possibile\/\" \/>\n<meta property=\"og:site_name\" content=\"Ledizioni\" \/>\n<meta property=\"article:publisher\" content=\"https:\/\/www.facebook.com\/pages\/Ledizioni-LediPublishing\/109120559173329\" \/>\n<meta property=\"article:modified_time\" content=\"2021-05-28T15:35:44+00:00\" \/>\n<meta property=\"og:image\" content=\"https:\/\/www.ledizioni.it\/stag\/wp-content\/uploads\/2015\/09\/COPERTINA3D_OK.jpg\" \/>\n\t<meta property=\"og:image:width\" content=\"1499\" \/>\n\t<meta property=\"og:image:height\" content=\"2154\" \/>\n\t<meta property=\"og:image:type\" content=\"image\/jpeg\" \/>\n<meta name=\"twitter:card\" content=\"summary_large_image\" \/>\n<meta name=\"twitter:site\" content=\"@ledizioni\" \/>\n<meta name=\"twitter:label1\" content=\"Estimated reading time\" \/>\n\t<meta name=\"twitter:data1\" content=\"1 minute\" \/>\n<script type=\"application\/ld+json\" class=\"yoast-schema-graph\">{\"@context\":\"https:\\\/\\\/schema.org\",\"@graph\":[{\"@type\":\"WebPage\",\"@id\":\"https:\\\/\\\/www.ledizioni.it\\\/prodotto\\\/pina-paone-dentro-gli-attimi-del-possibile\\\/\",\"url\":\"https:\\\/\\\/www.ledizioni.it\\\/prodotto\\\/pina-paone-dentro-gli-attimi-del-possibile\\\/\",\"name\":\"Pina Paone, Dentro gli attimi del possibile\",\"isPartOf\":{\"@id\":\"https:\\\/\\\/www.ledizioni.it\\\/#website\"},\"primaryImageOfPage\":{\"@id\":\"https:\\\/\\\/www.ledizioni.it\\\/prodotto\\\/pina-paone-dentro-gli-attimi-del-possibile\\\/#primaryimage\"},\"image\":{\"@id\":\"https:\\\/\\\/www.ledizioni.it\\\/prodotto\\\/pina-paone-dentro-gli-attimi-del-possibile\\\/#primaryimage\"},\"thumbnailUrl\":\"https:\\\/\\\/www.ledizioni.it\\\/stag\\\/wp-content\\\/uploads\\\/2015\\\/09\\\/COPERTINA3D_OK.jpg\",\"datePublished\":\"2015-09-23T07:13:46+00:00\",\"dateModified\":\"2021-05-28T15:35:44+00:00\",\"description\":\"Sconosciuti che si incontrano per caso nelle citt\u00e0 moderne e postmoderne, apparizioni di vite alternative, strappi nella stabilit\u00e0 del quotidiano.\",\"breadcrumb\":{\"@id\":\"https:\\\/\\\/www.ledizioni.it\\\/prodotto\\\/pina-paone-dentro-gli-attimi-del-possibile\\\/#breadcrumb\"},\"inLanguage\":\"en-GB\",\"potentialAction\":[{\"@type\":\"ReadAction\",\"target\":[\"https:\\\/\\\/www.ledizioni.it\\\/prodotto\\\/pina-paone-dentro-gli-attimi-del-possibile\\\/\"]}]},{\"@type\":\"ImageObject\",\"inLanguage\":\"en-GB\",\"@id\":\"https:\\\/\\\/www.ledizioni.it\\\/prodotto\\\/pina-paone-dentro-gli-attimi-del-possibile\\\/#primaryimage\",\"url\":\"https:\\\/\\\/www.ledizioni.it\\\/stag\\\/wp-content\\\/uploads\\\/2015\\\/09\\\/COPERTINA3D_OK.jpg\",\"contentUrl\":\"https:\\\/\\\/www.ledizioni.it\\\/stag\\\/wp-content\\\/uploads\\\/2015\\\/09\\\/COPERTINA3D_OK.jpg\",\"width\":1499,\"height\":2154},{\"@type\":\"BreadcrumbList\",\"@id\":\"https:\\\/\\\/www.ledizioni.it\\\/prodotto\\\/pina-paone-dentro-gli-attimi-del-possibile\\\/#breadcrumb\",\"itemListElement\":[{\"@type\":\"ListItem\",\"position\":1,\"name\":\"Shop\",\"item\":\"https:\\\/\\\/www.ledizioni.it\\\/shop-2\\\/\"},{\"@type\":\"ListItem\",\"position\":2,\"name\":\"DENTRO GLI ATTIMI DEL POSSIBILE\"}]},{\"@type\":\"WebSite\",\"@id\":\"https:\\\/\\\/www.ledizioni.it\\\/#website\",\"url\":\"https:\\\/\\\/www.ledizioni.it\\\/\",\"name\":\"Ledizioni\",\"description\":\"The Innovative LediPublishing Company - Casa Editrice Universitaria\",\"publisher\":{\"@id\":\"https:\\\/\\\/www.ledizioni.it\\\/#organization\"},\"potentialAction\":[{\"@type\":\"SearchAction\",\"target\":{\"@type\":\"EntryPoint\",\"urlTemplate\":\"https:\\\/\\\/www.ledizioni.it\\\/?s={search_term_string}\"},\"query-input\":{\"@type\":\"PropertyValueSpecification\",\"valueRequired\":true,\"valueName\":\"search_term_string\"}}],\"inLanguage\":\"en-GB\"},{\"@type\":\"Organization\",\"@id\":\"https:\\\/\\\/www.ledizioni.it\\\/#organization\",\"name\":\"Ledizioni\",\"url\":\"https:\\\/\\\/www.ledizioni.it\\\/\",\"logo\":{\"@type\":\"ImageObject\",\"inLanguage\":\"en-GB\",\"@id\":\"https:\\\/\\\/www.ledizioni.it\\\/#\\\/schema\\\/logo\\\/image\\\/\",\"url\":\"https:\\\/\\\/www.ledizioni.it\\\/stag\\\/wp-content\\\/uploads\\\/2023\\\/10\\\/newlogoledizioni500x110_2-1.jpg\",\"contentUrl\":\"https:\\\/\\\/www.ledizioni.it\\\/stag\\\/wp-content\\\/uploads\\\/2023\\\/10\\\/newlogoledizioni500x110_2-1.jpg\",\"width\":354,\"height\":87,\"caption\":\"Ledizioni\"},\"image\":{\"@id\":\"https:\\\/\\\/www.ledizioni.it\\\/#\\\/schema\\\/logo\\\/image\\\/\"},\"sameAs\":[\"https:\\\/\\\/www.facebook.com\\\/pages\\\/Ledizioni-LediPublishing\\\/109120559173329\",\"https:\\\/\\\/x.com\\\/ledizioni\"]}]}<\/script>\n<!-- \/ Yoast SEO plugin. -->","yoast_head_json":{"title":"Pina Paone, Dentro gli attimi del possibile","description":"Sconosciuti che si incontrano per caso nelle citt\u00e0 moderne e postmoderne, apparizioni di vite alternative, strappi nella stabilit\u00e0 del quotidiano.","robots":{"index":"index","follow":"follow","max-snippet":"max-snippet:-1","max-image-preview":"max-image-preview:large","max-video-preview":"max-video-preview:-1"},"canonical":"https:\/\/www.ledizioni.it\/en\/product\/pina-paone-dentro-gli-attimi-del-possibile\/","og_locale":"en_GB","og_type":"article","og_title":"Pina Paone, Dentro gli attimi del possibile","og_description":"Sconosciuti che si incontrano per caso nelle citt\u00e0 moderne e postmoderne, apparizioni di vite alternative, strappi nella stabilit\u00e0 del quotidiano.","og_url":"https:\/\/www.ledizioni.it\/en\/product\/pina-paone-dentro-gli-attimi-del-possibile\/","og_site_name":"Ledizioni","article_publisher":"https:\/\/www.facebook.com\/pages\/Ledizioni-LediPublishing\/109120559173329","article_modified_time":"2021-05-28T15:35:44+00:00","og_image":[{"width":1499,"height":2154,"url":"https:\/\/www.ledizioni.it\/stag\/wp-content\/uploads\/2015\/09\/COPERTINA3D_OK.jpg","type":"image\/jpeg"}],"twitter_card":"summary_large_image","twitter_site":"@ledizioni","twitter_misc":{"Estimated reading time":"1 minute"},"schema":{"@context":"https:\/\/schema.org","@graph":[{"@type":"WebPage","@id":"https:\/\/www.ledizioni.it\/prodotto\/pina-paone-dentro-gli-attimi-del-possibile\/","url":"https:\/\/www.ledizioni.it\/prodotto\/pina-paone-dentro-gli-attimi-del-possibile\/","name":"Pina Paone, Dentro gli attimi del possibile","isPartOf":{"@id":"https:\/\/www.ledizioni.it\/#website"},"primaryImageOfPage":{"@id":"https:\/\/www.ledizioni.it\/prodotto\/pina-paone-dentro-gli-attimi-del-possibile\/#primaryimage"},"image":{"@id":"https:\/\/www.ledizioni.it\/prodotto\/pina-paone-dentro-gli-attimi-del-possibile\/#primaryimage"},"thumbnailUrl":"https:\/\/www.ledizioni.it\/stag\/wp-content\/uploads\/2015\/09\/COPERTINA3D_OK.jpg","datePublished":"2015-09-23T07:13:46+00:00","dateModified":"2021-05-28T15:35:44+00:00","description":"Sconosciuti che si incontrano per caso nelle citt\u00e0 moderne e postmoderne, apparizioni di vite alternative, strappi nella stabilit\u00e0 del quotidiano.","breadcrumb":{"@id":"https:\/\/www.ledizioni.it\/prodotto\/pina-paone-dentro-gli-attimi-del-possibile\/#breadcrumb"},"inLanguage":"en-GB","potentialAction":[{"@type":"ReadAction","target":["https:\/\/www.ledizioni.it\/prodotto\/pina-paone-dentro-gli-attimi-del-possibile\/"]}]},{"@type":"ImageObject","inLanguage":"en-GB","@id":"https:\/\/www.ledizioni.it\/prodotto\/pina-paone-dentro-gli-attimi-del-possibile\/#primaryimage","url":"https:\/\/www.ledizioni.it\/stag\/wp-content\/uploads\/2015\/09\/COPERTINA3D_OK.jpg","contentUrl":"https:\/\/www.ledizioni.it\/stag\/wp-content\/uploads\/2015\/09\/COPERTINA3D_OK.jpg","width":1499,"height":2154},{"@type":"BreadcrumbList","@id":"https:\/\/www.ledizioni.it\/prodotto\/pina-paone-dentro-gli-attimi-del-possibile\/#breadcrumb","itemListElement":[{"@type":"ListItem","position":1,"name":"Shop","item":"https:\/\/www.ledizioni.it\/shop-2\/"},{"@type":"ListItem","position":2,"name":"DENTRO GLI ATTIMI DEL POSSIBILE"}]},{"@type":"WebSite","@id":"https:\/\/www.ledizioni.it\/#website","url":"https:\/\/www.ledizioni.it\/","name":"Ledizioni","description":"The Innovative LediPublishing Company - Casa Editrice Universitaria","publisher":{"@id":"https:\/\/www.ledizioni.it\/#organization"},"potentialAction":[{"@type":"SearchAction","target":{"@type":"EntryPoint","urlTemplate":"https:\/\/www.ledizioni.it\/?s={search_term_string}"},"query-input":{"@type":"PropertyValueSpecification","valueRequired":true,"valueName":"search_term_string"}}],"inLanguage":"en-GB"},{"@type":"Organization","@id":"https:\/\/www.ledizioni.it\/#organization","name":"Ledizioni","url":"https:\/\/www.ledizioni.it\/","logo":{"@type":"ImageObject","inLanguage":"en-GB","@id":"https:\/\/www.ledizioni.it\/#\/schema\/logo\/image\/","url":"https:\/\/www.ledizioni.it\/stag\/wp-content\/uploads\/2023\/10\/newlogoledizioni500x110_2-1.jpg","contentUrl":"https:\/\/www.ledizioni.it\/stag\/wp-content\/uploads\/2023\/10\/newlogoledizioni500x110_2-1.jpg","width":354,"height":87,"caption":"Ledizioni"},"image":{"@id":"https:\/\/www.ledizioni.it\/#\/schema\/logo\/image\/"},"sameAs":["https:\/\/www.facebook.com\/pages\/Ledizioni-LediPublishing\/109120559173329","https:\/\/x.com\/ledizioni"]}]}},"jetpack_sharing_enabled":true,"_links":{"self":[{"href":"https:\/\/www.ledizioni.it\/en\/wp-json\/wp\/v2\/product\/12937","targetHints":{"allow":["GET"]}}],"collection":[{"href":"https:\/\/www.ledizioni.it\/en\/wp-json\/wp\/v2\/product"}],"about":[{"href":"https:\/\/www.ledizioni.it\/en\/wp-json\/wp\/v2\/types\/product"}],"replies":[{"embeddable":true,"href":"https:\/\/www.ledizioni.it\/en\/wp-json\/wp\/v2\/comments?post=12937"}],"version-history":[{"count":1,"href":"https:\/\/www.ledizioni.it\/en\/wp-json\/wp\/v2\/product\/12937\/revisions"}],"predecessor-version":[{"id":12943,"href":"https:\/\/www.ledizioni.it\/en\/wp-json\/wp\/v2\/product\/12937\/revisions\/12943"}],"wp:featuredmedia":[{"embeddable":true,"href":"https:\/\/www.ledizioni.it\/en\/wp-json\/wp\/v2\/media\/12942"}],"wp:attachment":[{"href":"https:\/\/www.ledizioni.it\/en\/wp-json\/wp\/v2\/media?parent=12937"}],"wp:term":[{"taxonomy":"product_brand","embeddable":true,"href":"https:\/\/www.ledizioni.it\/en\/wp-json\/wp\/v2\/product_brand?post=12937"},{"taxonomy":"product_cat","embeddable":true,"href":"https:\/\/www.ledizioni.it\/en\/wp-json\/wp\/v2\/product_cat?post=12937"},{"taxonomy":"product_tag","embeddable":true,"href":"https:\/\/www.ledizioni.it\/en\/wp-json\/wp\/v2\/product_tag?post=12937"}],"curies":[{"name":"wp","href":"https:\/\/api.w.org\/{rel}","templated":true}]}}