{"id":13167,"date":"2015-10-08T07:50:34","date_gmt":"2015-10-08T05:50:34","guid":{"rendered":"http:\/\/www.ledizioni.it\/prodotto\/martino-sacchi-la-filosofia-del-mediterraneo-volume-ii\/"},"modified":"2021-06-09T17:16:06","modified_gmt":"2021-06-09T15:16:06","slug":"martino-sacchi-la-filosofia-del-mediterraneo-volume-ii","status":"publish","type":"product","link":"https:\/\/www.ledizioni.it\/en\/product\/martino-sacchi-la-filosofia-del-mediterraneo-volume-ii\/","title":{"rendered":"Martino Sacchi, La filosofia europea &#8211; Volume II"},"content":{"rendered":"<p>Il filo di Arianna della Filosofia<\/p>\n<p>LA FILOSOFIA DEL EUROPEA &#8211; VOLUME II<\/p>\n<p style=\"text-align: justify;\">\u00a0L&#8217;anno scolastico 2012-13 ha portato con s\u00e9 importanti novit\u00e0: da quest&#8217;anno \u00e8 obbligatorio adottare libri che siano in parte anche digitali. L&#8217;idea, nata per accelerare il processo di rinnovamento della scuola Italia, ha incontrato le fortissime resistenze delle case editrici ed \u00e8 sfociata nella sgradita sorpresa, per le famiglie, di un sensibile rincaro dei libri di testo. Sul lato insegnanti divampa ancora il dibattito sulla effettiva utilit\u00e0 dell&#8217;impiego massiccio delle Nuove Tecnologie nella didattica con due schieramenti, quello a favore e quello contro, che discutono accanitamente sui vantaggi e svantaggi delle due impostazioni.<br \/>\nIl filo di Arianna della filosofia \u00e8 un \u00abmanuale\u00bb di filosofia realizzato con la tecnica del print-on-demand, integrato con un sito di riferimento (Il filo di Arianna. Rivista didattica per la didattica nelle scuole superiori, reperibile all&#8217;indirizzo www.ariannascuola.eu) e finalizzato alla produzione, da parte dei ragazzi, di \u00abquaderni-dispensa\u00bb personali sui quali i ragazzi effettivamente studiano e vengono interrogati.<\/p>\n<p>&nbsp;<\/p>\n<p>&nbsp;<\/p>\n<p>&nbsp;<\/p>\n<h3>DATI BIBLIOGRAFICI<\/h3>\n<table border=\"0\" width=\"100%\">\n<tbody>\n<tr>\n<td width=\"83%\">Curatori: Sacchi Martino<br \/>\nEditore: Ledizioni<br \/>\nCollana: <a href=\"https:\/\/www.ledizioni.it\/en\/product-category\/filosofia1\/filo\/\">Philosophy<br \/>\n<\/a> Formato: Brossura<br \/>\nPubblicato in: Settembre 2014<br \/>\nISBN: 9788895994932 (cartaceo)<br \/>\nPrezzo cartaceo: 9,99 \u20ac<\/td>\n<td width=\"17%\">\n<h3><strong>\u00a0<\/strong><\/h3>\n<\/td>\n<\/tr>\n<\/tbody>\n<\/table>\n<p>&nbsp;<\/p>\n<p><a href=\"http:\/\/www.mondadoristore.it\/filo-Arianna-filosofia-Martino-Sacchi\/eai978889599493\/?sessionToken=mQbiaUXkIA57R53vHoFAHRAhKMRIFOGZ\" target=\"_blank\" rel=\"noopener\"><img decoding=\"async\" class=\"alignnone size-full wp-image-14398 aligncenter\" src=\"http:\/\/www.ledizioni.it\/stag\/wp-content\/uploads\/2012\/06\/red-podok.jpg\" alt=\"Pod MondadoriStore\" width=\"200\" height=\"82\" \/><\/a><\/p>\n<p>&nbsp;<\/p>","protected":false},"excerpt":{"rendered":"<p>Il filo di Arianna della Filosofia LA FILOSOFIA DEL EUROPEA &#8211; VOLUME II \u00a0L&#8217;anno scolastico 2012-13 ha portato con s\u00e9<\/p>","protected":false},"featured_media":13165,"comment_status":"open","ping_status":"closed","template":"","meta":{"_acf_changed":false},"product_brand":[],"product_cat":[2457,1029],"product_tag":[735],"class_list":{"0":"post-13167","1":"product","2":"type-product","3":"status-publish","4":"has-post-thumbnail","6":"product_cat-filo","7":"product_cat-manuali","8":"product_tag-didattica-2","10":"first","11":"instock","12":"shipping-taxable","13":"purchasable","14":"product-type-simple"},"acf":[],"yoast_head":"<!-- This site is optimized with the Yoast SEO plugin v27.4 - https:\/\/yoast.com\/product\/yoast-seo-wordpress\/ -->\n<title>Martino Sacchi, La filosofia europea - Volume II -<\/title>\n<meta name=\"description\" content=\"Il filo di Arianna della filosofia \u00e8 un \u00abmanuale\u00bb di filosofia realizzato con la tecnica del print-on-demand, integrato con un sito di riferimento.\" \/>\n<meta name=\"robots\" content=\"index, follow, max-snippet:-1, max-image-preview:large, max-video-preview:-1\" \/>\n<link rel=\"canonical\" href=\"https:\/\/www.ledizioni.it\/en\/product\/martino-sacchi-la-filosofia-del-mediterraneo-volume-ii\/\" \/>\n<meta property=\"og:locale\" content=\"en_GB\" \/>\n<meta property=\"og:type\" content=\"article\" \/>\n<meta property=\"og:title\" content=\"Martino Sacchi, La filosofia europea - Volume II -\" \/>\n<meta property=\"og:description\" content=\"Il filo di Arianna della filosofia \u00e8 un \u00abmanuale\u00bb di filosofia realizzato con la tecnica del print-on-demand, integrato con un sito di riferimento.\" \/>\n<meta property=\"og:url\" content=\"https:\/\/www.ledizioni.it\/en\/product\/martino-sacchi-la-filosofia-del-mediterraneo-volume-ii\/\" \/>\n<meta property=\"og:site_name\" content=\"Ledizioni\" \/>\n<meta property=\"article:publisher\" content=\"https:\/\/www.facebook.com\/pages\/Ledizioni-LediPublishing\/109120559173329\" \/>\n<meta property=\"article:modified_time\" content=\"2021-06-09T15:16:06+00:00\" \/>\n<meta property=\"og:image\" content=\"https:\/\/www.ledizioni.it\/stag\/wp-content\/uploads\/2012\/10\/copertina_3D.jpg\" \/>\n\t<meta property=\"og:image:width\" content=\"1582\" \/>\n\t<meta property=\"og:image:height\" content=\"1884\" \/>\n\t<meta property=\"og:image:type\" content=\"image\/jpeg\" \/>\n<meta name=\"twitter:card\" content=\"summary_large_image\" \/>\n<meta name=\"twitter:site\" content=\"@ledizioni\" \/>\n<meta name=\"twitter:label1\" content=\"Estimated reading time\" \/>\n\t<meta name=\"twitter:data1\" content=\"1 minute\" \/>\n<script type=\"application\/ld+json\" class=\"yoast-schema-graph\">{\"@context\":\"https:\\\/\\\/schema.org\",\"@graph\":[{\"@type\":\"WebPage\",\"@id\":\"https:\\\/\\\/www.ledizioni.it\\\/prodotto\\\/martino-sacchi-la-filosofia-del-mediterraneo-volume-ii\\\/\",\"url\":\"https:\\\/\\\/www.ledizioni.it\\\/prodotto\\\/martino-sacchi-la-filosofia-del-mediterraneo-volume-ii\\\/\",\"name\":\"Martino Sacchi, La filosofia europea - Volume II -\",\"isPartOf\":{\"@id\":\"https:\\\/\\\/www.ledizioni.it\\\/#website\"},\"primaryImageOfPage\":{\"@id\":\"https:\\\/\\\/www.ledizioni.it\\\/prodotto\\\/martino-sacchi-la-filosofia-del-mediterraneo-volume-ii\\\/#primaryimage\"},\"image\":{\"@id\":\"https:\\\/\\\/www.ledizioni.it\\\/prodotto\\\/martino-sacchi-la-filosofia-del-mediterraneo-volume-ii\\\/#primaryimage\"},\"thumbnailUrl\":\"https:\\\/\\\/www.ledizioni.it\\\/stag\\\/wp-content\\\/uploads\\\/2012\\\/10\\\/copertina_3D.jpg\",\"datePublished\":\"2015-10-08T05:50:34+00:00\",\"dateModified\":\"2021-06-09T15:16:06+00:00\",\"description\":\"Il filo di Arianna della filosofia \u00e8 un \u00abmanuale\u00bb di filosofia realizzato con la tecnica del print-on-demand, integrato con un sito di riferimento.\",\"breadcrumb\":{\"@id\":\"https:\\\/\\\/www.ledizioni.it\\\/prodotto\\\/martino-sacchi-la-filosofia-del-mediterraneo-volume-ii\\\/#breadcrumb\"},\"inLanguage\":\"en-GB\",\"potentialAction\":[{\"@type\":\"ReadAction\",\"target\":[\"https:\\\/\\\/www.ledizioni.it\\\/prodotto\\\/martino-sacchi-la-filosofia-del-mediterraneo-volume-ii\\\/\"]}]},{\"@type\":\"ImageObject\",\"inLanguage\":\"en-GB\",\"@id\":\"https:\\\/\\\/www.ledizioni.it\\\/prodotto\\\/martino-sacchi-la-filosofia-del-mediterraneo-volume-ii\\\/#primaryimage\",\"url\":\"https:\\\/\\\/www.ledizioni.it\\\/stag\\\/wp-content\\\/uploads\\\/2012\\\/10\\\/copertina_3D.jpg\",\"contentUrl\":\"https:\\\/\\\/www.ledizioni.it\\\/stag\\\/wp-content\\\/uploads\\\/2012\\\/10\\\/copertina_3D.jpg\",\"width\":1582,\"height\":1884},{\"@type\":\"BreadcrumbList\",\"@id\":\"https:\\\/\\\/www.ledizioni.it\\\/prodotto\\\/martino-sacchi-la-filosofia-del-mediterraneo-volume-ii\\\/#breadcrumb\",\"itemListElement\":[{\"@type\":\"ListItem\",\"position\":1,\"name\":\"Shop\",\"item\":\"https:\\\/\\\/www.ledizioni.it\\\/shop-2\\\/\"},{\"@type\":\"ListItem\",\"position\":2,\"name\":\"Martino Sacchi, La filosofia europea &#8211; Volume II\"}]},{\"@type\":\"WebSite\",\"@id\":\"https:\\\/\\\/www.ledizioni.it\\\/#website\",\"url\":\"https:\\\/\\\/www.ledizioni.it\\\/\",\"name\":\"Ledizioni\",\"description\":\"The Innovative LediPublishing Company - Casa Editrice Universitaria\",\"publisher\":{\"@id\":\"https:\\\/\\\/www.ledizioni.it\\\/#organization\"},\"potentialAction\":[{\"@type\":\"SearchAction\",\"target\":{\"@type\":\"EntryPoint\",\"urlTemplate\":\"https:\\\/\\\/www.ledizioni.it\\\/?s={search_term_string}\"},\"query-input\":{\"@type\":\"PropertyValueSpecification\",\"valueRequired\":true,\"valueName\":\"search_term_string\"}}],\"inLanguage\":\"en-GB\"},{\"@type\":\"Organization\",\"@id\":\"https:\\\/\\\/www.ledizioni.it\\\/#organization\",\"name\":\"Ledizioni\",\"url\":\"https:\\\/\\\/www.ledizioni.it\\\/\",\"logo\":{\"@type\":\"ImageObject\",\"inLanguage\":\"en-GB\",\"@id\":\"https:\\\/\\\/www.ledizioni.it\\\/#\\\/schema\\\/logo\\\/image\\\/\",\"url\":\"https:\\\/\\\/www.ledizioni.it\\\/stag\\\/wp-content\\\/uploads\\\/2023\\\/10\\\/newlogoledizioni500x110_2-1.jpg\",\"contentUrl\":\"https:\\\/\\\/www.ledizioni.it\\\/stag\\\/wp-content\\\/uploads\\\/2023\\\/10\\\/newlogoledizioni500x110_2-1.jpg\",\"width\":354,\"height\":87,\"caption\":\"Ledizioni\"},\"image\":{\"@id\":\"https:\\\/\\\/www.ledizioni.it\\\/#\\\/schema\\\/logo\\\/image\\\/\"},\"sameAs\":[\"https:\\\/\\\/www.facebook.com\\\/pages\\\/Ledizioni-LediPublishing\\\/109120559173329\",\"https:\\\/\\\/x.com\\\/ledizioni\"]}]}<\/script>\n<!-- \/ Yoast SEO plugin. -->","yoast_head_json":{"title":"Martino Sacchi, La filosofia europea - Volume II -","description":"Il filo di Arianna della filosofia \u00e8 un \u00abmanuale\u00bb di filosofia realizzato con la tecnica del print-on-demand, integrato con un sito di riferimento.","robots":{"index":"index","follow":"follow","max-snippet":"max-snippet:-1","max-image-preview":"max-image-preview:large","max-video-preview":"max-video-preview:-1"},"canonical":"https:\/\/www.ledizioni.it\/en\/product\/martino-sacchi-la-filosofia-del-mediterraneo-volume-ii\/","og_locale":"en_GB","og_type":"article","og_title":"Martino Sacchi, La filosofia europea - Volume II -","og_description":"Il filo di Arianna della filosofia \u00e8 un \u00abmanuale\u00bb di filosofia realizzato con la tecnica del print-on-demand, integrato con un sito di riferimento.","og_url":"https:\/\/www.ledizioni.it\/en\/product\/martino-sacchi-la-filosofia-del-mediterraneo-volume-ii\/","og_site_name":"Ledizioni","article_publisher":"https:\/\/www.facebook.com\/pages\/Ledizioni-LediPublishing\/109120559173329","article_modified_time":"2021-06-09T15:16:06+00:00","og_image":[{"width":1582,"height":1884,"url":"https:\/\/www.ledizioni.it\/stag\/wp-content\/uploads\/2012\/10\/copertina_3D.jpg","type":"image\/jpeg"}],"twitter_card":"summary_large_image","twitter_site":"@ledizioni","twitter_misc":{"Estimated reading time":"1 minute"},"schema":{"@context":"https:\/\/schema.org","@graph":[{"@type":"WebPage","@id":"https:\/\/www.ledizioni.it\/prodotto\/martino-sacchi-la-filosofia-del-mediterraneo-volume-ii\/","url":"https:\/\/www.ledizioni.it\/prodotto\/martino-sacchi-la-filosofia-del-mediterraneo-volume-ii\/","name":"Martino Sacchi, La filosofia europea - Volume II -","isPartOf":{"@id":"https:\/\/www.ledizioni.it\/#website"},"primaryImageOfPage":{"@id":"https:\/\/www.ledizioni.it\/prodotto\/martino-sacchi-la-filosofia-del-mediterraneo-volume-ii\/#primaryimage"},"image":{"@id":"https:\/\/www.ledizioni.it\/prodotto\/martino-sacchi-la-filosofia-del-mediterraneo-volume-ii\/#primaryimage"},"thumbnailUrl":"https:\/\/www.ledizioni.it\/stag\/wp-content\/uploads\/2012\/10\/copertina_3D.jpg","datePublished":"2015-10-08T05:50:34+00:00","dateModified":"2021-06-09T15:16:06+00:00","description":"Il filo di Arianna della filosofia \u00e8 un \u00abmanuale\u00bb di filosofia realizzato con la tecnica del print-on-demand, integrato con un sito di riferimento.","breadcrumb":{"@id":"https:\/\/www.ledizioni.it\/prodotto\/martino-sacchi-la-filosofia-del-mediterraneo-volume-ii\/#breadcrumb"},"inLanguage":"en-GB","potentialAction":[{"@type":"ReadAction","target":["https:\/\/www.ledizioni.it\/prodotto\/martino-sacchi-la-filosofia-del-mediterraneo-volume-ii\/"]}]},{"@type":"ImageObject","inLanguage":"en-GB","@id":"https:\/\/www.ledizioni.it\/prodotto\/martino-sacchi-la-filosofia-del-mediterraneo-volume-ii\/#primaryimage","url":"https:\/\/www.ledizioni.it\/stag\/wp-content\/uploads\/2012\/10\/copertina_3D.jpg","contentUrl":"https:\/\/www.ledizioni.it\/stag\/wp-content\/uploads\/2012\/10\/copertina_3D.jpg","width":1582,"height":1884},{"@type":"BreadcrumbList","@id":"https:\/\/www.ledizioni.it\/prodotto\/martino-sacchi-la-filosofia-del-mediterraneo-volume-ii\/#breadcrumb","itemListElement":[{"@type":"ListItem","position":1,"name":"Shop","item":"https:\/\/www.ledizioni.it\/shop-2\/"},{"@type":"ListItem","position":2,"name":"Martino Sacchi, La filosofia europea &#8211; Volume II"}]},{"@type":"WebSite","@id":"https:\/\/www.ledizioni.it\/#website","url":"https:\/\/www.ledizioni.it\/","name":"Ledizioni","description":"The Innovative LediPublishing Company - Casa Editrice Universitaria","publisher":{"@id":"https:\/\/www.ledizioni.it\/#organization"},"potentialAction":[{"@type":"SearchAction","target":{"@type":"EntryPoint","urlTemplate":"https:\/\/www.ledizioni.it\/?s={search_term_string}"},"query-input":{"@type":"PropertyValueSpecification","valueRequired":true,"valueName":"search_term_string"}}],"inLanguage":"en-GB"},{"@type":"Organization","@id":"https:\/\/www.ledizioni.it\/#organization","name":"Ledizioni","url":"https:\/\/www.ledizioni.it\/","logo":{"@type":"ImageObject","inLanguage":"en-GB","@id":"https:\/\/www.ledizioni.it\/#\/schema\/logo\/image\/","url":"https:\/\/www.ledizioni.it\/stag\/wp-content\/uploads\/2023\/10\/newlogoledizioni500x110_2-1.jpg","contentUrl":"https:\/\/www.ledizioni.it\/stag\/wp-content\/uploads\/2023\/10\/newlogoledizioni500x110_2-1.jpg","width":354,"height":87,"caption":"Ledizioni"},"image":{"@id":"https:\/\/www.ledizioni.it\/#\/schema\/logo\/image\/"},"sameAs":["https:\/\/www.facebook.com\/pages\/Ledizioni-LediPublishing\/109120559173329","https:\/\/x.com\/ledizioni"]}]}},"jetpack_sharing_enabled":true,"_links":{"self":[{"href":"https:\/\/www.ledizioni.it\/en\/wp-json\/wp\/v2\/product\/13167","targetHints":{"allow":["GET"]}}],"collection":[{"href":"https:\/\/www.ledizioni.it\/en\/wp-json\/wp\/v2\/product"}],"about":[{"href":"https:\/\/www.ledizioni.it\/en\/wp-json\/wp\/v2\/types\/product"}],"replies":[{"embeddable":true,"href":"https:\/\/www.ledizioni.it\/en\/wp-json\/wp\/v2\/comments?post=13167"}],"version-history":[{"count":1,"href":"https:\/\/www.ledizioni.it\/en\/wp-json\/wp\/v2\/product\/13167\/revisions"}],"predecessor-version":[{"id":38462,"href":"https:\/\/www.ledizioni.it\/en\/wp-json\/wp\/v2\/product\/13167\/revisions\/38462"}],"wp:featuredmedia":[{"embeddable":true,"href":"https:\/\/www.ledizioni.it\/en\/wp-json\/wp\/v2\/media\/13165"}],"wp:attachment":[{"href":"https:\/\/www.ledizioni.it\/en\/wp-json\/wp\/v2\/media?parent=13167"}],"wp:term":[{"taxonomy":"product_brand","embeddable":true,"href":"https:\/\/www.ledizioni.it\/en\/wp-json\/wp\/v2\/product_brand?post=13167"},{"taxonomy":"product_cat","embeddable":true,"href":"https:\/\/www.ledizioni.it\/en\/wp-json\/wp\/v2\/product_cat?post=13167"},{"taxonomy":"product_tag","embeddable":true,"href":"https:\/\/www.ledizioni.it\/en\/wp-json\/wp\/v2\/product_tag?post=13167"}],"curies":[{"name":"wp","href":"https:\/\/api.w.org\/{rel}","templated":true}]}}