{"id":13212,"date":"2015-10-16T09:07:36","date_gmt":"2015-10-16T09:07:36","guid":{"rendered":"http:\/\/www.ledizioni.it\/prodotto\/cuadernos-aispi-n-32013-epistolarios-del-siglo-xx\/"},"modified":"2018-12-19T11:35:56","modified_gmt":"2018-12-19T11:35:56","slug":"cuadernos-aispi-n-32013-epistolarios-del-siglo-xx","status":"publish","type":"product","link":"https:\/\/www.ledizioni.it\/en\/product\/cuadernos-aispi-n-32013-epistolarios-del-siglo-xx\/","title":{"rendered":"Cuadernos AISPI  n.3\/2013: Epistolarios del siglo XX"},"content":{"rendered":"<h3><strong>Cuadernos AISPI: Estudios de lenguas y literaturas hisp\u00e1nicas. Revista semestral de la Associazione Ispanisti Italiani.<\/strong><\/h3>\n<h3><strong>3\/2013. <\/strong>Epistolarios del siglo XX<\/h3>\n<p>&nbsp;<\/p>\n<p><strong>Editores<\/strong><br \/>\nLaura Dolfi<br \/>\nJos\u00e9 Luis Bernal Salgado<\/p>\n<p><strong>SECCI\u00d3N MONOGR\u00c1FICA<\/strong><br \/>\nEpistolarios del siglo XX<br \/>\nIntroducci\u00f3n<br \/>\nLaura Dolfi y Jos\u00e9 Luis Bernal Salgado<br \/>\n<strong>ART\u00cdCULOS<\/strong><br \/>\nAntonio S\u00e1ez Delgado Fernando Pessoa y sus cartas \u201cultra\u00edstas\u201d en la reconstrucci\u00f3n<br \/>\nde las relaciones literarias entre Espa\u00f1a y Portugal<br \/>\nOlga Perotti Las cartas in\u00e9ditas de V\u00edctor Said Armesto a Miguel de Unamuno<br \/>\nAndrea Briganti Las preguntas de un traductor: cartas de Gilberto Beccari<br \/>\na Miguel de Unamuno<br \/>\nEnric Bou Lecturas polif\u00f3nicas de los epistolarios de Jorge Guill\u00e9n y Pedro Salinas<br \/>\nFrancisco Javier D\u00edez de Revenga Carmen Conde y los inicios de Pilar Paz Pasamar<br \/>\na trav\u00e9s de un epistolario in\u00e9dito<br \/>\nManuel Jos\u00e9 Ramos Ortega El homenaje a Machado de 1966: la correspondencia a<br \/>\nJ.M. Caballero Bonald<br \/>\nMaria Vittoria Calvi La Correspondencia entre Carmen Mart\u00edn Gaite y Juan Benet:<br \/>\nensayos de un g\u00e9nero<br \/>\nLaura Silvestri El epistolario Chacel \u2013 Moix: historia de dos vocaciones<\/p>\n<p>&nbsp;<\/p>\n<h3>DATI BIBLIOGRAFICI<\/h3>\n<p>Autore:\u00a0Laura Dolfi, Jos\u00e9 Luis Bernal Salgado (a cura di)<br \/>\nEditore: Ledizioni<br \/>\nCollana: <a href=\"http:\/\/www.ledizioni.it\/en\/collane\/letteratura\/cuadernos-aispi\/\" target=\"_blank\" rel=\"noopener\">Cuadernos AISPI<\/a><br \/>\nFormato: Brossura<br \/>\nPubblicato in:\u00a0 2013<br \/>\nISSN cartaceo: 2283981X<br \/>\nPrezzo cartaceo: 25.00 \u20ac<\/p>","protected":false},"excerpt":{"rendered":"<p>Cuaderno AISPI n.3: Identidad y metamorfosis del yo l\u00edrico en la literatura espa\u00f1ola. Editores: Laura Dolfi, Jos\u00e9 Luis Bernal Salgado.<\/p>","protected":false},"featured_media":13213,"comment_status":"open","ping_status":"closed","template":"","meta":{"_acf_changed":false},"product_brand":[],"product_cat":[767],"product_tag":[768,769],"class_list":{"0":"post-13212","1":"product","2":"type-product","3":"status-publish","4":"has-post-thumbnail","6":"product_cat-cuadernos-aispi","7":"product_tag-ispanisti","8":"product_tag-metamorfosi","9":"pa_formato-cartaceo","10":"pa_lingua-spagnolo","12":"first","13":"instock","14":"shipping-taxable","15":"purchasable","16":"product-type-simple"},"acf":[],"yoast_head":"<!-- This site is optimized with the Yoast SEO plugin v27.4 - https:\/\/yoast.com\/product\/yoast-seo-wordpress\/ -->\n<title>Cuadernos AISPI n.3\/2013: Epistolarios del siglo XX -<\/title>\n<meta name=\"description\" content=\"Cuaderno AISPI n.3: Identidad y metamorfosis del yo l\u00edrico en la literatura espa\u00f1ola. Editores: Laura Dolfi, Jos\u00e9 Luis Bernal Salgado.\" \/>\n<meta name=\"robots\" content=\"index, follow, max-snippet:-1, max-image-preview:large, max-video-preview:-1\" \/>\n<link rel=\"canonical\" href=\"https:\/\/www.ledizioni.it\/en\/product\/cuadernos-aispi-n-32013-epistolarios-del-siglo-xx\/\" \/>\n<meta property=\"og:locale\" content=\"en_GB\" \/>\n<meta property=\"og:type\" content=\"article\" \/>\n<meta property=\"og:title\" content=\"Cuadernos AISPI n.3\/2013: Epistolarios del siglo XX -\" \/>\n<meta property=\"og:description\" content=\"Cuaderno AISPI n.3: Identidad y metamorfosis del yo l\u00edrico en la literatura espa\u00f1ola. Editores: Laura Dolfi, Jos\u00e9 Luis Bernal Salgado.\" \/>\n<meta property=\"og:url\" content=\"https:\/\/www.ledizioni.it\/en\/product\/cuadernos-aispi-n-32013-epistolarios-del-siglo-xx\/\" \/>\n<meta property=\"og:site_name\" content=\"Ledizioni\" \/>\n<meta property=\"article:publisher\" content=\"https:\/\/www.facebook.com\/pages\/Ledizioni-LediPublishing\/109120559173329\" \/>\n<meta property=\"article:modified_time\" content=\"2018-12-19T11:35:56+00:00\" \/>\n<meta property=\"og:image\" content=\"https:\/\/www.ledizioni.it\/stag\/wp-content\/uploads\/2015\/10\/aspi3d.jpg\" \/>\n\t<meta property=\"og:image:width\" content=\"1750\" \/>\n\t<meta property=\"og:image:height\" content=\"2094\" \/>\n\t<meta property=\"og:image:type\" content=\"image\/jpeg\" \/>\n<meta name=\"twitter:card\" content=\"summary_large_image\" \/>\n<meta name=\"twitter:site\" content=\"@ledizioni\" \/>\n<meta name=\"twitter:label1\" content=\"Estimated reading time\" \/>\n\t<meta name=\"twitter:data1\" content=\"1 minute\" \/>\n<script type=\"application\/ld+json\" class=\"yoast-schema-graph\">{\"@context\":\"https:\\\/\\\/schema.org\",\"@graph\":[{\"@type\":\"WebPage\",\"@id\":\"https:\\\/\\\/www.ledizioni.it\\\/prodotto\\\/cuadernos-aispi-n-32013-epistolarios-del-siglo-xx\\\/\",\"url\":\"https:\\\/\\\/www.ledizioni.it\\\/prodotto\\\/cuadernos-aispi-n-32013-epistolarios-del-siglo-xx\\\/\",\"name\":\"Cuadernos AISPI n.3\\\/2013: Epistolarios del siglo XX -\",\"isPartOf\":{\"@id\":\"https:\\\/\\\/www.ledizioni.it\\\/#website\"},\"primaryImageOfPage\":{\"@id\":\"https:\\\/\\\/www.ledizioni.it\\\/prodotto\\\/cuadernos-aispi-n-32013-epistolarios-del-siglo-xx\\\/#primaryimage\"},\"image\":{\"@id\":\"https:\\\/\\\/www.ledizioni.it\\\/prodotto\\\/cuadernos-aispi-n-32013-epistolarios-del-siglo-xx\\\/#primaryimage\"},\"thumbnailUrl\":\"https:\\\/\\\/www.ledizioni.it\\\/stag\\\/wp-content\\\/uploads\\\/2015\\\/10\\\/aspi3d.jpg\",\"datePublished\":\"2015-10-16T09:07:36+00:00\",\"dateModified\":\"2018-12-19T11:35:56+00:00\",\"description\":\"Cuaderno AISPI n.3: Identidad y metamorfosis del yo l\u00edrico en la literatura espa\u00f1ola. Editores: Laura Dolfi, Jos\u00e9 Luis Bernal Salgado.\",\"breadcrumb\":{\"@id\":\"https:\\\/\\\/www.ledizioni.it\\\/prodotto\\\/cuadernos-aispi-n-32013-epistolarios-del-siglo-xx\\\/#breadcrumb\"},\"inLanguage\":\"en-GB\",\"potentialAction\":[{\"@type\":\"ReadAction\",\"target\":[\"https:\\\/\\\/www.ledizioni.it\\\/prodotto\\\/cuadernos-aispi-n-32013-epistolarios-del-siglo-xx\\\/\"]}]},{\"@type\":\"ImageObject\",\"inLanguage\":\"en-GB\",\"@id\":\"https:\\\/\\\/www.ledizioni.it\\\/prodotto\\\/cuadernos-aispi-n-32013-epistolarios-del-siglo-xx\\\/#primaryimage\",\"url\":\"https:\\\/\\\/www.ledizioni.it\\\/stag\\\/wp-content\\\/uploads\\\/2015\\\/10\\\/aspi3d.jpg\",\"contentUrl\":\"https:\\\/\\\/www.ledizioni.it\\\/stag\\\/wp-content\\\/uploads\\\/2015\\\/10\\\/aspi3d.jpg\",\"width\":1750,\"height\":2094},{\"@type\":\"BreadcrumbList\",\"@id\":\"https:\\\/\\\/www.ledizioni.it\\\/prodotto\\\/cuadernos-aispi-n-32013-epistolarios-del-siglo-xx\\\/#breadcrumb\",\"itemListElement\":[{\"@type\":\"ListItem\",\"position\":1,\"name\":\"Shop\",\"item\":\"https:\\\/\\\/www.ledizioni.it\\\/shop-2\\\/\"},{\"@type\":\"ListItem\",\"position\":2,\"name\":\"Cuadernos AISPI n.3\\\/2013: Epistolarios del siglo XX\"}]},{\"@type\":\"WebSite\",\"@id\":\"https:\\\/\\\/www.ledizioni.it\\\/#website\",\"url\":\"https:\\\/\\\/www.ledizioni.it\\\/\",\"name\":\"Ledizioni\",\"description\":\"The Innovative LediPublishing Company - Casa Editrice Universitaria\",\"publisher\":{\"@id\":\"https:\\\/\\\/www.ledizioni.it\\\/#organization\"},\"potentialAction\":[{\"@type\":\"SearchAction\",\"target\":{\"@type\":\"EntryPoint\",\"urlTemplate\":\"https:\\\/\\\/www.ledizioni.it\\\/?s={search_term_string}\"},\"query-input\":{\"@type\":\"PropertyValueSpecification\",\"valueRequired\":true,\"valueName\":\"search_term_string\"}}],\"inLanguage\":\"en-GB\"},{\"@type\":\"Organization\",\"@id\":\"https:\\\/\\\/www.ledizioni.it\\\/#organization\",\"name\":\"Ledizioni\",\"url\":\"https:\\\/\\\/www.ledizioni.it\\\/\",\"logo\":{\"@type\":\"ImageObject\",\"inLanguage\":\"en-GB\",\"@id\":\"https:\\\/\\\/www.ledizioni.it\\\/#\\\/schema\\\/logo\\\/image\\\/\",\"url\":\"https:\\\/\\\/www.ledizioni.it\\\/stag\\\/wp-content\\\/uploads\\\/2023\\\/10\\\/newlogoledizioni500x110_2-1.jpg\",\"contentUrl\":\"https:\\\/\\\/www.ledizioni.it\\\/stag\\\/wp-content\\\/uploads\\\/2023\\\/10\\\/newlogoledizioni500x110_2-1.jpg\",\"width\":354,\"height\":87,\"caption\":\"Ledizioni\"},\"image\":{\"@id\":\"https:\\\/\\\/www.ledizioni.it\\\/#\\\/schema\\\/logo\\\/image\\\/\"},\"sameAs\":[\"https:\\\/\\\/www.facebook.com\\\/pages\\\/Ledizioni-LediPublishing\\\/109120559173329\",\"https:\\\/\\\/x.com\\\/ledizioni\"]}]}<\/script>\n<!-- \/ Yoast SEO plugin. -->","yoast_head_json":{"title":"Cuadernos AISPI n.3\/2013: Epistolarios del siglo XX -","description":"Cuaderno AISPI n.3: Identidad y metamorfosis del yo l\u00edrico en la literatura espa\u00f1ola. Editores: Laura Dolfi, Jos\u00e9 Luis Bernal Salgado.","robots":{"index":"index","follow":"follow","max-snippet":"max-snippet:-1","max-image-preview":"max-image-preview:large","max-video-preview":"max-video-preview:-1"},"canonical":"https:\/\/www.ledizioni.it\/en\/product\/cuadernos-aispi-n-32013-epistolarios-del-siglo-xx\/","og_locale":"en_GB","og_type":"article","og_title":"Cuadernos AISPI n.3\/2013: Epistolarios del siglo XX -","og_description":"Cuaderno AISPI n.3: Identidad y metamorfosis del yo l\u00edrico en la literatura espa\u00f1ola. Editores: Laura Dolfi, Jos\u00e9 Luis Bernal Salgado.","og_url":"https:\/\/www.ledizioni.it\/en\/product\/cuadernos-aispi-n-32013-epistolarios-del-siglo-xx\/","og_site_name":"Ledizioni","article_publisher":"https:\/\/www.facebook.com\/pages\/Ledizioni-LediPublishing\/109120559173329","article_modified_time":"2018-12-19T11:35:56+00:00","og_image":[{"width":1750,"height":2094,"url":"https:\/\/www.ledizioni.it\/stag\/wp-content\/uploads\/2015\/10\/aspi3d.jpg","type":"image\/jpeg"}],"twitter_card":"summary_large_image","twitter_site":"@ledizioni","twitter_misc":{"Estimated reading time":"1 minute"},"schema":{"@context":"https:\/\/schema.org","@graph":[{"@type":"WebPage","@id":"https:\/\/www.ledizioni.it\/prodotto\/cuadernos-aispi-n-32013-epistolarios-del-siglo-xx\/","url":"https:\/\/www.ledizioni.it\/prodotto\/cuadernos-aispi-n-32013-epistolarios-del-siglo-xx\/","name":"Cuadernos AISPI n.3\/2013: Epistolarios del siglo XX -","isPartOf":{"@id":"https:\/\/www.ledizioni.it\/#website"},"primaryImageOfPage":{"@id":"https:\/\/www.ledizioni.it\/prodotto\/cuadernos-aispi-n-32013-epistolarios-del-siglo-xx\/#primaryimage"},"image":{"@id":"https:\/\/www.ledizioni.it\/prodotto\/cuadernos-aispi-n-32013-epistolarios-del-siglo-xx\/#primaryimage"},"thumbnailUrl":"https:\/\/www.ledizioni.it\/stag\/wp-content\/uploads\/2015\/10\/aspi3d.jpg","datePublished":"2015-10-16T09:07:36+00:00","dateModified":"2018-12-19T11:35:56+00:00","description":"Cuaderno AISPI n.3: Identidad y metamorfosis del yo l\u00edrico en la literatura espa\u00f1ola. Editores: Laura Dolfi, Jos\u00e9 Luis Bernal Salgado.","breadcrumb":{"@id":"https:\/\/www.ledizioni.it\/prodotto\/cuadernos-aispi-n-32013-epistolarios-del-siglo-xx\/#breadcrumb"},"inLanguage":"en-GB","potentialAction":[{"@type":"ReadAction","target":["https:\/\/www.ledizioni.it\/prodotto\/cuadernos-aispi-n-32013-epistolarios-del-siglo-xx\/"]}]},{"@type":"ImageObject","inLanguage":"en-GB","@id":"https:\/\/www.ledizioni.it\/prodotto\/cuadernos-aispi-n-32013-epistolarios-del-siglo-xx\/#primaryimage","url":"https:\/\/www.ledizioni.it\/stag\/wp-content\/uploads\/2015\/10\/aspi3d.jpg","contentUrl":"https:\/\/www.ledizioni.it\/stag\/wp-content\/uploads\/2015\/10\/aspi3d.jpg","width":1750,"height":2094},{"@type":"BreadcrumbList","@id":"https:\/\/www.ledizioni.it\/prodotto\/cuadernos-aispi-n-32013-epistolarios-del-siglo-xx\/#breadcrumb","itemListElement":[{"@type":"ListItem","position":1,"name":"Shop","item":"https:\/\/www.ledizioni.it\/shop-2\/"},{"@type":"ListItem","position":2,"name":"Cuadernos AISPI n.3\/2013: Epistolarios del siglo XX"}]},{"@type":"WebSite","@id":"https:\/\/www.ledizioni.it\/#website","url":"https:\/\/www.ledizioni.it\/","name":"Ledizioni","description":"The Innovative LediPublishing Company - Casa Editrice Universitaria","publisher":{"@id":"https:\/\/www.ledizioni.it\/#organization"},"potentialAction":[{"@type":"SearchAction","target":{"@type":"EntryPoint","urlTemplate":"https:\/\/www.ledizioni.it\/?s={search_term_string}"},"query-input":{"@type":"PropertyValueSpecification","valueRequired":true,"valueName":"search_term_string"}}],"inLanguage":"en-GB"},{"@type":"Organization","@id":"https:\/\/www.ledizioni.it\/#organization","name":"Ledizioni","url":"https:\/\/www.ledizioni.it\/","logo":{"@type":"ImageObject","inLanguage":"en-GB","@id":"https:\/\/www.ledizioni.it\/#\/schema\/logo\/image\/","url":"https:\/\/www.ledizioni.it\/stag\/wp-content\/uploads\/2023\/10\/newlogoledizioni500x110_2-1.jpg","contentUrl":"https:\/\/www.ledizioni.it\/stag\/wp-content\/uploads\/2023\/10\/newlogoledizioni500x110_2-1.jpg","width":354,"height":87,"caption":"Ledizioni"},"image":{"@id":"https:\/\/www.ledizioni.it\/#\/schema\/logo\/image\/"},"sameAs":["https:\/\/www.facebook.com\/pages\/Ledizioni-LediPublishing\/109120559173329","https:\/\/x.com\/ledizioni"]}]}},"jetpack_sharing_enabled":true,"_links":{"self":[{"href":"https:\/\/www.ledizioni.it\/en\/wp-json\/wp\/v2\/product\/13212","targetHints":{"allow":["GET"]}}],"collection":[{"href":"https:\/\/www.ledizioni.it\/en\/wp-json\/wp\/v2\/product"}],"about":[{"href":"https:\/\/www.ledizioni.it\/en\/wp-json\/wp\/v2\/types\/product"}],"replies":[{"embeddable":true,"href":"https:\/\/www.ledizioni.it\/en\/wp-json\/wp\/v2\/comments?post=13212"}],"version-history":[{"count":0,"href":"https:\/\/www.ledizioni.it\/en\/wp-json\/wp\/v2\/product\/13212\/revisions"}],"wp:featuredmedia":[{"embeddable":true,"href":"https:\/\/www.ledizioni.it\/en\/wp-json\/wp\/v2\/media\/13213"}],"wp:attachment":[{"href":"https:\/\/www.ledizioni.it\/en\/wp-json\/wp\/v2\/media?parent=13212"}],"wp:term":[{"taxonomy":"product_brand","embeddable":true,"href":"https:\/\/www.ledizioni.it\/en\/wp-json\/wp\/v2\/product_brand?post=13212"},{"taxonomy":"product_cat","embeddable":true,"href":"https:\/\/www.ledizioni.it\/en\/wp-json\/wp\/v2\/product_cat?post=13212"},{"taxonomy":"product_tag","embeddable":true,"href":"https:\/\/www.ledizioni.it\/en\/wp-json\/wp\/v2\/product_tag?post=13212"}],"curies":[{"name":"wp","href":"https:\/\/api.w.org\/{rel}","templated":true}]}}