{"id":13214,"date":"2015-10-16T09:31:15","date_gmt":"2015-10-16T09:31:15","guid":{"rendered":"http:\/\/www.ledizioni.it\/prodotto\/cuadernos-aispi-n-42014-oralidad-contrastiva-espanol-italiano-aspectos-gramaticales-discursivos-y-textuales\/"},"modified":"2017-03-06T09:27:39","modified_gmt":"2017-03-06T09:27:39","slug":"cuadernos-aispi-n-42014-oralidad-contrastiva-espanol-italiano-aspectos-gramaticales-discursivos-y-textuales","status":"publish","type":"product","link":"https:\/\/www.ledizioni.it\/en\/product\/cuadernos-aispi-n-42014-oralidad-contrastiva-espanol-italiano-aspectos-gramaticales-discursivos-y-textuales\/","title":{"rendered":"Cuadernos AISPI  n. 5\/2015, Un paseo entre los centenarios cervantinos"},"content":{"rendered":"<h3><strong>Cuadernos AISPI: Revista semestral de la Associazione Ispanisti Italiani<br \/>\n<\/strong><\/h3>\n<h3><strong>5\/2015.\u00a0<\/strong>Un paseo entre los centenarios cervantinos.<\/h3>\n<p>&nbsp;<\/p>\n<p><strong>Editores<\/strong><br \/>\nMaria Caterina Ruta<br \/>\nA. Robert Lauer<br \/>\n<strong>Introducci\u00f3n<\/strong><br \/>\nJos\u00e9 Manuel Luc\u00eda Meg\u00edas Un personaje llamado Miguel de Cervantes:<br \/>\nuna lectura cr\u00edtica de la documentaci\u00f3n conservada<br \/>\nRuth Fine En torno a la representaci\u00f3n de la mujer jud\u00eda en la obra de<br \/>\nCervantes en el contexto de la literatura del Siglo de Oro espa\u00f1ol<br \/>\nVeronica Orazi Reescrituras cervantinas en el teatro espa\u00f1ol contempor\u00e1neo:<br \/>\nEls Joglars y el Quijote<br \/>\nJos\u00e9 Manuel Mart\u00edn Mor\u00e1n El peso de la voz. La autoridad del narrador<br \/>\nen las Novelas ejemplares<br \/>\nSusan Byrne Coloquio, murmurar, canes muti: Cervantes y los jesuitas<br \/>\nMariapia Lamberti \u201cUn qu\u00eddam Caporal italiano\u201d<br \/>\nRelaciones del Viaje del Parnaso de Cervantes con los antecedentes italianos<br \/>\nJos\u00e9 Montero Reguera Los tres Quijotes ante la poes\u00eda:<br \/>\nuna propuesta sobre el discurso po\u00e9tico de Cervantes<br \/>\nFausta Antonucci La estructura dram\u00e1tica del teatro cervantino<br \/>\nde la \u201cprimera \u00e9poca\u201d: una propuesta de an\u00e1lisis<br \/>\nAurelio Gonz\u00e1lez El espacio y la representaci\u00f3n en los entremeses de Cervantes<br \/>\nAgapita Jurado Santos El Quijote prerrom\u00e1ntico en la Europa occidental:<br \/>\ncat\u00e1logo y propuesta de estudio<br \/>\nAdela Presas Recreaci\u00f3n del Quijote en la \u00f3pera italiana:<br \/>\ncondicionantes y convenciones del g\u00e9nero receptor<br \/>\nAldo Ruffi natto Entre asaduras y salpicones (Joyce y Cervantes)<\/p>\n<h3>DATI BIBLIOGRAFICI<\/h3>\n<p>Autore: Maria Caterina Ruta, A. Robert Lauer\u00a0 (a cura di)<br \/>\nEditore: Ledizioni<br \/>\nCollana: <a href=\"http:\/\/www.ledizioni.it\/en\/collane\/letteratura\/cuadernos-aispi\/\" target=\"_blank\">Cuadernos AISPI<\/a><br \/>\nFormato: Brossura<br \/>\nPubblicato in:\u00a0 2015<br \/>\nISSN cartaceo: 2283981X<br \/>\nPrezzo cartaceo: 25.00 \u20ac<\/p>","protected":false},"excerpt":{"rendered":"<p>Cuaderno AISPI n.5: Un paseo entre los centenarios cervantinos. Editores: Maria Caterina Ruta, A. Robert Lauer.<\/p>","protected":false},"featured_media":13217,"comment_status":"open","ping_status":"closed","template":"","meta":{"_acf_changed":false},"product_brand":[],"product_cat":[767],"product_tag":[768,769],"class_list":{"0":"post-13214","1":"product","2":"type-product","3":"status-publish","4":"has-post-thumbnail","6":"product_cat-cuadernos-aispi","7":"product_tag-ispanisti","8":"product_tag-metamorfosi","9":"pa_formato-cartaceo","10":"pa_lingua-spagnolo","12":"first","13":"instock","14":"shipping-taxable","15":"purchasable","16":"product-type-simple"},"acf":[],"yoast_head":"<!-- This site is optimized with the Yoast SEO plugin v27.3 - https:\/\/yoast.com\/product\/yoast-seo-wordpress\/ -->\n<title>Cuadernos AISPI n. 5\/2015, Un paseo entre los centenarios cervantinos -<\/title>\n<meta name=\"description\" content=\"Cuaderno AISPI n.5: Un paseo entre los centenarios cervantinos. Editores: Maria Caterina Ruta, A. Robert Lauer.\" \/>\n<meta name=\"robots\" content=\"index, follow, max-snippet:-1, max-image-preview:large, max-video-preview:-1\" \/>\n<link rel=\"canonical\" href=\"https:\/\/www.ledizioni.it\/en\/product\/cuadernos-aispi-n-42014-oralidad-contrastiva-espanol-italiano-aspectos-gramaticales-discursivos-y-textuales\/\" \/>\n<meta property=\"og:locale\" content=\"en_GB\" \/>\n<meta property=\"og:type\" content=\"article\" \/>\n<meta property=\"og:title\" content=\"Cuadernos AISPI n. 5\/2015, Un paseo entre los centenarios cervantinos -\" \/>\n<meta property=\"og:description\" content=\"Cuaderno AISPI n.5: Un paseo entre los centenarios cervantinos. Editores: Maria Caterina Ruta, A. Robert Lauer.\" \/>\n<meta property=\"og:url\" content=\"https:\/\/www.ledizioni.it\/en\/product\/cuadernos-aispi-n-42014-oralidad-contrastiva-espanol-italiano-aspectos-gramaticales-discursivos-y-textuales\/\" \/>\n<meta property=\"og:site_name\" content=\"Ledizioni\" \/>\n<meta property=\"article:publisher\" content=\"https:\/\/www.facebook.com\/pages\/Ledizioni-LediPublishing\/109120559173329\" \/>\n<meta property=\"article:modified_time\" content=\"2017-03-06T09:27:39+00:00\" \/>\n<meta property=\"og:image\" content=\"https:\/\/www.ledizioni.it\/stag\/wp-content\/uploads\/2015\/10\/coversito1.jpg\" \/>\n\t<meta property=\"og:image:width\" content=\"1631\" \/>\n\t<meta property=\"og:image:height\" content=\"2136\" \/>\n\t<meta property=\"og:image:type\" content=\"image\/jpeg\" \/>\n<meta name=\"twitter:card\" content=\"summary_large_image\" \/>\n<meta name=\"twitter:site\" content=\"@ledizioni\" \/>\n<meta name=\"twitter:label1\" content=\"Estimated reading time\" \/>\n\t<meta name=\"twitter:data1\" content=\"1 minute\" \/>\n<script type=\"application\/ld+json\" class=\"yoast-schema-graph\">{\"@context\":\"https:\\\/\\\/schema.org\",\"@graph\":[{\"@type\":\"WebPage\",\"@id\":\"https:\\\/\\\/www.ledizioni.it\\\/prodotto\\\/cuadernos-aispi-n-42014-oralidad-contrastiva-espanol-italiano-aspectos-gramaticales-discursivos-y-textuales\\\/\",\"url\":\"https:\\\/\\\/www.ledizioni.it\\\/prodotto\\\/cuadernos-aispi-n-42014-oralidad-contrastiva-espanol-italiano-aspectos-gramaticales-discursivos-y-textuales\\\/\",\"name\":\"Cuadernos AISPI n. 5\\\/2015, Un paseo entre los centenarios cervantinos -\",\"isPartOf\":{\"@id\":\"https:\\\/\\\/www.ledizioni.it\\\/#website\"},\"primaryImageOfPage\":{\"@id\":\"https:\\\/\\\/www.ledizioni.it\\\/prodotto\\\/cuadernos-aispi-n-42014-oralidad-contrastiva-espanol-italiano-aspectos-gramaticales-discursivos-y-textuales\\\/#primaryimage\"},\"image\":{\"@id\":\"https:\\\/\\\/www.ledizioni.it\\\/prodotto\\\/cuadernos-aispi-n-42014-oralidad-contrastiva-espanol-italiano-aspectos-gramaticales-discursivos-y-textuales\\\/#primaryimage\"},\"thumbnailUrl\":\"https:\\\/\\\/www.ledizioni.it\\\/stag\\\/wp-content\\\/uploads\\\/2015\\\/10\\\/coversito1.jpg\",\"datePublished\":\"2015-10-16T09:31:15+00:00\",\"dateModified\":\"2017-03-06T09:27:39+00:00\",\"description\":\"Cuaderno AISPI n.5: Un paseo entre los centenarios cervantinos. Editores: Maria Caterina Ruta, A. Robert Lauer.\",\"breadcrumb\":{\"@id\":\"https:\\\/\\\/www.ledizioni.it\\\/prodotto\\\/cuadernos-aispi-n-42014-oralidad-contrastiva-espanol-italiano-aspectos-gramaticales-discursivos-y-textuales\\\/#breadcrumb\"},\"inLanguage\":\"en-GB\",\"potentialAction\":[{\"@type\":\"ReadAction\",\"target\":[\"https:\\\/\\\/www.ledizioni.it\\\/prodotto\\\/cuadernos-aispi-n-42014-oralidad-contrastiva-espanol-italiano-aspectos-gramaticales-discursivos-y-textuales\\\/\"]}]},{\"@type\":\"ImageObject\",\"inLanguage\":\"en-GB\",\"@id\":\"https:\\\/\\\/www.ledizioni.it\\\/prodotto\\\/cuadernos-aispi-n-42014-oralidad-contrastiva-espanol-italiano-aspectos-gramaticales-discursivos-y-textuales\\\/#primaryimage\",\"url\":\"https:\\\/\\\/www.ledizioni.it\\\/stag\\\/wp-content\\\/uploads\\\/2015\\\/10\\\/coversito1.jpg\",\"contentUrl\":\"https:\\\/\\\/www.ledizioni.it\\\/stag\\\/wp-content\\\/uploads\\\/2015\\\/10\\\/coversito1.jpg\",\"width\":1631,\"height\":2136},{\"@type\":\"BreadcrumbList\",\"@id\":\"https:\\\/\\\/www.ledizioni.it\\\/prodotto\\\/cuadernos-aispi-n-42014-oralidad-contrastiva-espanol-italiano-aspectos-gramaticales-discursivos-y-textuales\\\/#breadcrumb\",\"itemListElement\":[{\"@type\":\"ListItem\",\"position\":1,\"name\":\"Shop\",\"item\":\"https:\\\/\\\/www.ledizioni.it\\\/shop-2\\\/\"},{\"@type\":\"ListItem\",\"position\":2,\"name\":\"Cuadernos AISPI n. 5\\\/2015, Un paseo entre los centenarios cervantinos\"}]},{\"@type\":\"WebSite\",\"@id\":\"https:\\\/\\\/www.ledizioni.it\\\/#website\",\"url\":\"https:\\\/\\\/www.ledizioni.it\\\/\",\"name\":\"Ledizioni\",\"description\":\"The Innovative LediPublishing Company - Casa Editrice Universitaria\",\"publisher\":{\"@id\":\"https:\\\/\\\/www.ledizioni.it\\\/#organization\"},\"potentialAction\":[{\"@type\":\"SearchAction\",\"target\":{\"@type\":\"EntryPoint\",\"urlTemplate\":\"https:\\\/\\\/www.ledizioni.it\\\/?s={search_term_string}\"},\"query-input\":{\"@type\":\"PropertyValueSpecification\",\"valueRequired\":true,\"valueName\":\"search_term_string\"}}],\"inLanguage\":\"en-GB\"},{\"@type\":\"Organization\",\"@id\":\"https:\\\/\\\/www.ledizioni.it\\\/#organization\",\"name\":\"Ledizioni\",\"url\":\"https:\\\/\\\/www.ledizioni.it\\\/\",\"logo\":{\"@type\":\"ImageObject\",\"inLanguage\":\"en-GB\",\"@id\":\"https:\\\/\\\/www.ledizioni.it\\\/#\\\/schema\\\/logo\\\/image\\\/\",\"url\":\"https:\\\/\\\/www.ledizioni.it\\\/stag\\\/wp-content\\\/uploads\\\/2023\\\/10\\\/newlogoledizioni500x110_2-1.jpg\",\"contentUrl\":\"https:\\\/\\\/www.ledizioni.it\\\/stag\\\/wp-content\\\/uploads\\\/2023\\\/10\\\/newlogoledizioni500x110_2-1.jpg\",\"width\":354,\"height\":87,\"caption\":\"Ledizioni\"},\"image\":{\"@id\":\"https:\\\/\\\/www.ledizioni.it\\\/#\\\/schema\\\/logo\\\/image\\\/\"},\"sameAs\":[\"https:\\\/\\\/www.facebook.com\\\/pages\\\/Ledizioni-LediPublishing\\\/109120559173329\",\"https:\\\/\\\/x.com\\\/ledizioni\"]}]}<\/script>\n<!-- \/ Yoast SEO plugin. -->","yoast_head_json":{"title":"Cuadernos AISPI n. 5\/2015, Un paseo entre los centenarios cervantinos -","description":"Cuaderno AISPI n.5: Un paseo entre los centenarios cervantinos. Editores: Maria Caterina Ruta, A. Robert Lauer.","robots":{"index":"index","follow":"follow","max-snippet":"max-snippet:-1","max-image-preview":"max-image-preview:large","max-video-preview":"max-video-preview:-1"},"canonical":"https:\/\/www.ledizioni.it\/en\/product\/cuadernos-aispi-n-42014-oralidad-contrastiva-espanol-italiano-aspectos-gramaticales-discursivos-y-textuales\/","og_locale":"en_GB","og_type":"article","og_title":"Cuadernos AISPI n. 5\/2015, Un paseo entre los centenarios cervantinos -","og_description":"Cuaderno AISPI n.5: Un paseo entre los centenarios cervantinos. Editores: Maria Caterina Ruta, A. Robert Lauer.","og_url":"https:\/\/www.ledizioni.it\/en\/product\/cuadernos-aispi-n-42014-oralidad-contrastiva-espanol-italiano-aspectos-gramaticales-discursivos-y-textuales\/","og_site_name":"Ledizioni","article_publisher":"https:\/\/www.facebook.com\/pages\/Ledizioni-LediPublishing\/109120559173329","article_modified_time":"2017-03-06T09:27:39+00:00","og_image":[{"width":1631,"height":2136,"url":"https:\/\/www.ledizioni.it\/stag\/wp-content\/uploads\/2015\/10\/coversito1.jpg","type":"image\/jpeg"}],"twitter_card":"summary_large_image","twitter_site":"@ledizioni","twitter_misc":{"Estimated reading time":"1 minute"},"schema":{"@context":"https:\/\/schema.org","@graph":[{"@type":"WebPage","@id":"https:\/\/www.ledizioni.it\/prodotto\/cuadernos-aispi-n-42014-oralidad-contrastiva-espanol-italiano-aspectos-gramaticales-discursivos-y-textuales\/","url":"https:\/\/www.ledizioni.it\/prodotto\/cuadernos-aispi-n-42014-oralidad-contrastiva-espanol-italiano-aspectos-gramaticales-discursivos-y-textuales\/","name":"Cuadernos AISPI n. 5\/2015, Un paseo entre los centenarios cervantinos -","isPartOf":{"@id":"https:\/\/www.ledizioni.it\/#website"},"primaryImageOfPage":{"@id":"https:\/\/www.ledizioni.it\/prodotto\/cuadernos-aispi-n-42014-oralidad-contrastiva-espanol-italiano-aspectos-gramaticales-discursivos-y-textuales\/#primaryimage"},"image":{"@id":"https:\/\/www.ledizioni.it\/prodotto\/cuadernos-aispi-n-42014-oralidad-contrastiva-espanol-italiano-aspectos-gramaticales-discursivos-y-textuales\/#primaryimage"},"thumbnailUrl":"https:\/\/www.ledizioni.it\/stag\/wp-content\/uploads\/2015\/10\/coversito1.jpg","datePublished":"2015-10-16T09:31:15+00:00","dateModified":"2017-03-06T09:27:39+00:00","description":"Cuaderno AISPI n.5: Un paseo entre los centenarios cervantinos. Editores: Maria Caterina Ruta, A. Robert Lauer.","breadcrumb":{"@id":"https:\/\/www.ledizioni.it\/prodotto\/cuadernos-aispi-n-42014-oralidad-contrastiva-espanol-italiano-aspectos-gramaticales-discursivos-y-textuales\/#breadcrumb"},"inLanguage":"en-GB","potentialAction":[{"@type":"ReadAction","target":["https:\/\/www.ledizioni.it\/prodotto\/cuadernos-aispi-n-42014-oralidad-contrastiva-espanol-italiano-aspectos-gramaticales-discursivos-y-textuales\/"]}]},{"@type":"ImageObject","inLanguage":"en-GB","@id":"https:\/\/www.ledizioni.it\/prodotto\/cuadernos-aispi-n-42014-oralidad-contrastiva-espanol-italiano-aspectos-gramaticales-discursivos-y-textuales\/#primaryimage","url":"https:\/\/www.ledizioni.it\/stag\/wp-content\/uploads\/2015\/10\/coversito1.jpg","contentUrl":"https:\/\/www.ledizioni.it\/stag\/wp-content\/uploads\/2015\/10\/coversito1.jpg","width":1631,"height":2136},{"@type":"BreadcrumbList","@id":"https:\/\/www.ledizioni.it\/prodotto\/cuadernos-aispi-n-42014-oralidad-contrastiva-espanol-italiano-aspectos-gramaticales-discursivos-y-textuales\/#breadcrumb","itemListElement":[{"@type":"ListItem","position":1,"name":"Shop","item":"https:\/\/www.ledizioni.it\/shop-2\/"},{"@type":"ListItem","position":2,"name":"Cuadernos AISPI n. 5\/2015, Un paseo entre los centenarios cervantinos"}]},{"@type":"WebSite","@id":"https:\/\/www.ledizioni.it\/#website","url":"https:\/\/www.ledizioni.it\/","name":"Ledizioni","description":"The Innovative LediPublishing Company - Casa Editrice Universitaria","publisher":{"@id":"https:\/\/www.ledizioni.it\/#organization"},"potentialAction":[{"@type":"SearchAction","target":{"@type":"EntryPoint","urlTemplate":"https:\/\/www.ledizioni.it\/?s={search_term_string}"},"query-input":{"@type":"PropertyValueSpecification","valueRequired":true,"valueName":"search_term_string"}}],"inLanguage":"en-GB"},{"@type":"Organization","@id":"https:\/\/www.ledizioni.it\/#organization","name":"Ledizioni","url":"https:\/\/www.ledizioni.it\/","logo":{"@type":"ImageObject","inLanguage":"en-GB","@id":"https:\/\/www.ledizioni.it\/#\/schema\/logo\/image\/","url":"https:\/\/www.ledizioni.it\/stag\/wp-content\/uploads\/2023\/10\/newlogoledizioni500x110_2-1.jpg","contentUrl":"https:\/\/www.ledizioni.it\/stag\/wp-content\/uploads\/2023\/10\/newlogoledizioni500x110_2-1.jpg","width":354,"height":87,"caption":"Ledizioni"},"image":{"@id":"https:\/\/www.ledizioni.it\/#\/schema\/logo\/image\/"},"sameAs":["https:\/\/www.facebook.com\/pages\/Ledizioni-LediPublishing\/109120559173329","https:\/\/x.com\/ledizioni"]}]}},"jetpack_sharing_enabled":true,"_links":{"self":[{"href":"https:\/\/www.ledizioni.it\/en\/wp-json\/wp\/v2\/product\/13214","targetHints":{"allow":["GET"]}}],"collection":[{"href":"https:\/\/www.ledizioni.it\/en\/wp-json\/wp\/v2\/product"}],"about":[{"href":"https:\/\/www.ledizioni.it\/en\/wp-json\/wp\/v2\/types\/product"}],"replies":[{"embeddable":true,"href":"https:\/\/www.ledizioni.it\/en\/wp-json\/wp\/v2\/comments?post=13214"}],"version-history":[{"count":1,"href":"https:\/\/www.ledizioni.it\/en\/wp-json\/wp\/v2\/product\/13214\/revisions"}],"predecessor-version":[{"id":13216,"href":"https:\/\/www.ledizioni.it\/en\/wp-json\/wp\/v2\/product\/13214\/revisions\/13216"}],"wp:featuredmedia":[{"embeddable":true,"href":"https:\/\/www.ledizioni.it\/en\/wp-json\/wp\/v2\/media\/13217"}],"wp:attachment":[{"href":"https:\/\/www.ledizioni.it\/en\/wp-json\/wp\/v2\/media?parent=13214"}],"wp:term":[{"taxonomy":"product_brand","embeddable":true,"href":"https:\/\/www.ledizioni.it\/en\/wp-json\/wp\/v2\/product_brand?post=13214"},{"taxonomy":"product_cat","embeddable":true,"href":"https:\/\/www.ledizioni.it\/en\/wp-json\/wp\/v2\/product_cat?post=13214"},{"taxonomy":"product_tag","embeddable":true,"href":"https:\/\/www.ledizioni.it\/en\/wp-json\/wp\/v2\/product_tag?post=13214"}],"curies":[{"name":"wp","href":"https:\/\/api.w.org\/{rel}","templated":true}]}}