{"id":13324,"date":"2015-10-30T11:41:48","date_gmt":"2015-10-30T11:41:48","guid":{"rendered":"http:\/\/www.ledizioni.it\/?post_type=product&#038;p=13324"},"modified":"2021-05-20T17:02:40","modified_gmt":"2021-05-20T15:02:40","slug":"g-vitiello-n-vitiello-i-permessi-per-lassistenza-ai-portatori-di-handicap","status":"publish","type":"product","link":"https:\/\/www.ledizioni.it\/en\/product\/g-vitiello-n-vitiello-i-permessi-per-lassistenza-ai-portatori-di-handicap\/","title":{"rendered":"I PERMESSI PER L&#8217;ASSISTENZA AI PORTATORI DI HANDICAP"},"content":{"rendered":"<p style=\"text-align: justify;\">In attuazione dei principi costituzionali, lo Stato ha assunto tra i suoi fini qualificanti quello dell\u2019assistenza ai soggetti pi\u00f9 svantaggiati, a lungo identificati esclusivamente con gli \u201cinabili al lavoro\u201d, e con altre categorie di invalidi, quali i ciechi ed i sordi, destinatari di norme speciali.<br \/>\nCon il passare degli anni, tuttavia, \u00e8 emersa la necessit\u00e0 di provvedere alle esigenze dei cittadini non esclusivamente in relazione ad una compromissione della capacit\u00e0 lavorativa, ma per fare fronte alle difficolt\u00e0 che tali soggetti incontrano nello svolgimento della vita quotidiana.<br \/>\nLa Legge detta i principi dell\u2019ordinamento in materia di diritto, integrazione sociale ed assistenza alle persone disabili, tesi a superare gli stati di emarginazione e di esclusione sociale, anche garantendo alle persone con disabilit\u00e0 e alle loro famiglie adeguati servizi di aiuto personale o familiare. Ed \u00e8 in questo contesto che si inseriscono i benefici previsti per i lavoratori dipendenti, rappresentati dai permessi lavorativi, dal congedo biennale e da agevolazioni riguardanti la scelta del posto di lavoro.<\/p>\n<p><strong>DATI BIBLIOGRAFICI<\/strong><br \/>\nAutori: Giuseppe Vitiello e Nicola Vitiello<br \/>\nEditore: Ledizioni<br \/>\nPubblicato nel: 2015<a href=\"http:\/\/www.ledizioni.it\/en\/collane\/storia\/studi-storici\/\" target=\"_blank\" rel=\"noopener\"><br \/>\n<\/a>ISBN cartaceo: 9788867053797<br \/>\nPrezzo cartaceo: 18.00\u20ac<\/p>\n<p>&nbsp;<\/p>","protected":false},"excerpt":{"rendered":"<p>In attuazione dei principi costituzionali, lo Stato ha assunto tra i suoi fini qualificanti quello dell\u2019assistenza ai soggetti pi\u00f9 svantaggiati,<\/p>","protected":false},"featured_media":13325,"comment_status":"open","ping_status":"closed","template":"","meta":{"_acf_changed":false},"product_brand":[],"product_cat":[566],"product_tag":[1666,598,1023,1502],"class_list":{"0":"post-13324","1":"product","2":"type-product","3":"status-publish","4":"has-post-thumbnail","6":"product_cat-diritto-2","7":"product_tag-diritti-civili","8":"product_tag-disabilita","9":"product_tag-lavoro","10":"product_tag-salute","11":"pa_formato-cartaceo","12":"pa_lingua-italiano","14":"first","15":"instock","16":"featured","17":"shipping-taxable","18":"purchasable","19":"product-type-simple"},"acf":[],"yoast_head":"<!-- This site is optimized with the Yoast SEO plugin v27.4 - https:\/\/yoast.com\/product\/yoast-seo-wordpress\/ -->\n<title>i permessi per l&#039;assistenza ai portatori di handicap<\/title>\n<meta name=\"description\" content=\"lo Stato supporta l&#039;assistenza ai soggetti pi\u00f9 svantaggiati con i permessi per l&#039;assistenza ai portatori di handicap.\" \/>\n<meta name=\"robots\" content=\"index, follow, max-snippet:-1, max-image-preview:large, max-video-preview:-1\" \/>\n<link rel=\"canonical\" href=\"https:\/\/www.ledizioni.it\/en\/product\/g-vitiello-n-vitiello-i-permessi-per-lassistenza-ai-portatori-di-handicap\/\" \/>\n<meta property=\"og:locale\" content=\"en_GB\" \/>\n<meta property=\"og:type\" content=\"article\" \/>\n<meta property=\"og:title\" content=\"i permessi per l&#039;assistenza ai portatori di handicap\" \/>\n<meta property=\"og:description\" content=\"lo Stato supporta l&#039;assistenza ai soggetti pi\u00f9 svantaggiati con i permessi per l&#039;assistenza ai portatori di handicap.\" \/>\n<meta property=\"og:url\" content=\"https:\/\/www.ledizioni.it\/en\/product\/g-vitiello-n-vitiello-i-permessi-per-lassistenza-ai-portatori-di-handicap\/\" \/>\n<meta property=\"og:site_name\" content=\"Ledizioni\" \/>\n<meta property=\"article:publisher\" content=\"https:\/\/www.facebook.com\/pages\/Ledizioni-LediPublishing\/109120559173329\" \/>\n<meta property=\"article:modified_time\" content=\"2021-05-20T15:02:40+00:00\" \/>\n<meta property=\"og:image\" content=\"https:\/\/www.ledizioni.it\/stag\/wp-content\/uploads\/2015\/10\/VITIELLO-3D-SITO.jpg\" \/>\n\t<meta property=\"og:image:width\" content=\"1642\" \/>\n\t<meta property=\"og:image:height\" content=\"2058\" \/>\n\t<meta property=\"og:image:type\" content=\"image\/jpeg\" \/>\n<meta name=\"twitter:card\" content=\"summary_large_image\" \/>\n<meta name=\"twitter:site\" content=\"@ledizioni\" \/>\n<meta name=\"twitter:label1\" content=\"Estimated reading time\" \/>\n\t<meta name=\"twitter:data1\" content=\"1 minute\" \/>\n<script type=\"application\/ld+json\" class=\"yoast-schema-graph\">{\"@context\":\"https:\\\/\\\/schema.org\",\"@graph\":[{\"@type\":\"WebPage\",\"@id\":\"https:\\\/\\\/www.ledizioni.it\\\/en\\\/product\\\/g-vitiello-n-vitiello-i-permessi-per-lassistenza-ai-portatori-di-handicap\\\/\",\"url\":\"https:\\\/\\\/www.ledizioni.it\\\/en\\\/product\\\/g-vitiello-n-vitiello-i-permessi-per-lassistenza-ai-portatori-di-handicap\\\/\",\"name\":\"i permessi per l'assistenza ai portatori di handicap\",\"isPartOf\":{\"@id\":\"https:\\\/\\\/www.ledizioni.it\\\/#website\"},\"primaryImageOfPage\":{\"@id\":\"https:\\\/\\\/www.ledizioni.it\\\/en\\\/product\\\/g-vitiello-n-vitiello-i-permessi-per-lassistenza-ai-portatori-di-handicap\\\/#primaryimage\"},\"image\":{\"@id\":\"https:\\\/\\\/www.ledizioni.it\\\/en\\\/product\\\/g-vitiello-n-vitiello-i-permessi-per-lassistenza-ai-portatori-di-handicap\\\/#primaryimage\"},\"thumbnailUrl\":\"https:\\\/\\\/www.ledizioni.it\\\/stag\\\/wp-content\\\/uploads\\\/2015\\\/10\\\/VITIELLO-3D-SITO.jpg\",\"datePublished\":\"2015-10-30T11:41:48+00:00\",\"dateModified\":\"2021-05-20T15:02:40+00:00\",\"description\":\"lo Stato supporta l'assistenza ai soggetti pi\u00f9 svantaggiati con i permessi per l'assistenza ai portatori di handicap.\",\"breadcrumb\":{\"@id\":\"https:\\\/\\\/www.ledizioni.it\\\/en\\\/product\\\/g-vitiello-n-vitiello-i-permessi-per-lassistenza-ai-portatori-di-handicap\\\/#breadcrumb\"},\"inLanguage\":\"en-GB\",\"potentialAction\":[{\"@type\":\"ReadAction\",\"target\":[\"https:\\\/\\\/www.ledizioni.it\\\/en\\\/product\\\/g-vitiello-n-vitiello-i-permessi-per-lassistenza-ai-portatori-di-handicap\\\/\"]}]},{\"@type\":\"ImageObject\",\"inLanguage\":\"en-GB\",\"@id\":\"https:\\\/\\\/www.ledizioni.it\\\/en\\\/product\\\/g-vitiello-n-vitiello-i-permessi-per-lassistenza-ai-portatori-di-handicap\\\/#primaryimage\",\"url\":\"https:\\\/\\\/www.ledizioni.it\\\/stag\\\/wp-content\\\/uploads\\\/2015\\\/10\\\/VITIELLO-3D-SITO.jpg\",\"contentUrl\":\"https:\\\/\\\/www.ledizioni.it\\\/stag\\\/wp-content\\\/uploads\\\/2015\\\/10\\\/VITIELLO-3D-SITO.jpg\",\"width\":1642,\"height\":2058},{\"@type\":\"BreadcrumbList\",\"@id\":\"https:\\\/\\\/www.ledizioni.it\\\/en\\\/product\\\/g-vitiello-n-vitiello-i-permessi-per-lassistenza-ai-portatori-di-handicap\\\/#breadcrumb\",\"itemListElement\":[{\"@type\":\"ListItem\",\"position\":1,\"name\":\"Shop\",\"item\":\"https:\\\/\\\/www.ledizioni.it\\\/shop-2\\\/\"},{\"@type\":\"ListItem\",\"position\":2,\"name\":\"I PERMESSI PER L&#8217;ASSISTENZA AI PORTATORI DI HANDICAP\"}]},{\"@type\":\"WebSite\",\"@id\":\"https:\\\/\\\/www.ledizioni.it\\\/#website\",\"url\":\"https:\\\/\\\/www.ledizioni.it\\\/\",\"name\":\"Ledizioni\",\"description\":\"The Innovative LediPublishing Company - Casa Editrice Universitaria\",\"publisher\":{\"@id\":\"https:\\\/\\\/www.ledizioni.it\\\/#organization\"},\"potentialAction\":[{\"@type\":\"SearchAction\",\"target\":{\"@type\":\"EntryPoint\",\"urlTemplate\":\"https:\\\/\\\/www.ledizioni.it\\\/?s={search_term_string}\"},\"query-input\":{\"@type\":\"PropertyValueSpecification\",\"valueRequired\":true,\"valueName\":\"search_term_string\"}}],\"inLanguage\":\"en-GB\"},{\"@type\":\"Organization\",\"@id\":\"https:\\\/\\\/www.ledizioni.it\\\/#organization\",\"name\":\"Ledizioni\",\"url\":\"https:\\\/\\\/www.ledizioni.it\\\/\",\"logo\":{\"@type\":\"ImageObject\",\"inLanguage\":\"en-GB\",\"@id\":\"https:\\\/\\\/www.ledizioni.it\\\/#\\\/schema\\\/logo\\\/image\\\/\",\"url\":\"https:\\\/\\\/www.ledizioni.it\\\/stag\\\/wp-content\\\/uploads\\\/2023\\\/10\\\/newlogoledizioni500x110_2-1.jpg\",\"contentUrl\":\"https:\\\/\\\/www.ledizioni.it\\\/stag\\\/wp-content\\\/uploads\\\/2023\\\/10\\\/newlogoledizioni500x110_2-1.jpg\",\"width\":354,\"height\":87,\"caption\":\"Ledizioni\"},\"image\":{\"@id\":\"https:\\\/\\\/www.ledizioni.it\\\/#\\\/schema\\\/logo\\\/image\\\/\"},\"sameAs\":[\"https:\\\/\\\/www.facebook.com\\\/pages\\\/Ledizioni-LediPublishing\\\/109120559173329\",\"https:\\\/\\\/x.com\\\/ledizioni\"]}]}<\/script>\n<!-- \/ Yoast SEO plugin. -->","yoast_head_json":{"title":"i permessi per l'assistenza ai portatori di handicap","description":"lo Stato supporta l'assistenza ai soggetti pi\u00f9 svantaggiati con i permessi per l'assistenza ai portatori di handicap.","robots":{"index":"index","follow":"follow","max-snippet":"max-snippet:-1","max-image-preview":"max-image-preview:large","max-video-preview":"max-video-preview:-1"},"canonical":"https:\/\/www.ledizioni.it\/en\/product\/g-vitiello-n-vitiello-i-permessi-per-lassistenza-ai-portatori-di-handicap\/","og_locale":"en_GB","og_type":"article","og_title":"i permessi per l'assistenza ai portatori di handicap","og_description":"lo Stato supporta l'assistenza ai soggetti pi\u00f9 svantaggiati con i permessi per l'assistenza ai portatori di handicap.","og_url":"https:\/\/www.ledizioni.it\/en\/product\/g-vitiello-n-vitiello-i-permessi-per-lassistenza-ai-portatori-di-handicap\/","og_site_name":"Ledizioni","article_publisher":"https:\/\/www.facebook.com\/pages\/Ledizioni-LediPublishing\/109120559173329","article_modified_time":"2021-05-20T15:02:40+00:00","og_image":[{"width":1642,"height":2058,"url":"https:\/\/www.ledizioni.it\/stag\/wp-content\/uploads\/2015\/10\/VITIELLO-3D-SITO.jpg","type":"image\/jpeg"}],"twitter_card":"summary_large_image","twitter_site":"@ledizioni","twitter_misc":{"Estimated reading time":"1 minute"},"schema":{"@context":"https:\/\/schema.org","@graph":[{"@type":"WebPage","@id":"https:\/\/www.ledizioni.it\/en\/product\/g-vitiello-n-vitiello-i-permessi-per-lassistenza-ai-portatori-di-handicap\/","url":"https:\/\/www.ledizioni.it\/en\/product\/g-vitiello-n-vitiello-i-permessi-per-lassistenza-ai-portatori-di-handicap\/","name":"i permessi per l'assistenza ai portatori di handicap","isPartOf":{"@id":"https:\/\/www.ledizioni.it\/#website"},"primaryImageOfPage":{"@id":"https:\/\/www.ledizioni.it\/en\/product\/g-vitiello-n-vitiello-i-permessi-per-lassistenza-ai-portatori-di-handicap\/#primaryimage"},"image":{"@id":"https:\/\/www.ledizioni.it\/en\/product\/g-vitiello-n-vitiello-i-permessi-per-lassistenza-ai-portatori-di-handicap\/#primaryimage"},"thumbnailUrl":"https:\/\/www.ledizioni.it\/stag\/wp-content\/uploads\/2015\/10\/VITIELLO-3D-SITO.jpg","datePublished":"2015-10-30T11:41:48+00:00","dateModified":"2021-05-20T15:02:40+00:00","description":"lo Stato supporta l'assistenza ai soggetti pi\u00f9 svantaggiati con i permessi per l'assistenza ai portatori di handicap.","breadcrumb":{"@id":"https:\/\/www.ledizioni.it\/en\/product\/g-vitiello-n-vitiello-i-permessi-per-lassistenza-ai-portatori-di-handicap\/#breadcrumb"},"inLanguage":"en-GB","potentialAction":[{"@type":"ReadAction","target":["https:\/\/www.ledizioni.it\/en\/product\/g-vitiello-n-vitiello-i-permessi-per-lassistenza-ai-portatori-di-handicap\/"]}]},{"@type":"ImageObject","inLanguage":"en-GB","@id":"https:\/\/www.ledizioni.it\/en\/product\/g-vitiello-n-vitiello-i-permessi-per-lassistenza-ai-portatori-di-handicap\/#primaryimage","url":"https:\/\/www.ledizioni.it\/stag\/wp-content\/uploads\/2015\/10\/VITIELLO-3D-SITO.jpg","contentUrl":"https:\/\/www.ledizioni.it\/stag\/wp-content\/uploads\/2015\/10\/VITIELLO-3D-SITO.jpg","width":1642,"height":2058},{"@type":"BreadcrumbList","@id":"https:\/\/www.ledizioni.it\/en\/product\/g-vitiello-n-vitiello-i-permessi-per-lassistenza-ai-portatori-di-handicap\/#breadcrumb","itemListElement":[{"@type":"ListItem","position":1,"name":"Shop","item":"https:\/\/www.ledizioni.it\/shop-2\/"},{"@type":"ListItem","position":2,"name":"I PERMESSI PER L&#8217;ASSISTENZA AI PORTATORI DI HANDICAP"}]},{"@type":"WebSite","@id":"https:\/\/www.ledizioni.it\/#website","url":"https:\/\/www.ledizioni.it\/","name":"Ledizioni","description":"The Innovative LediPublishing Company - Casa Editrice Universitaria","publisher":{"@id":"https:\/\/www.ledizioni.it\/#organization"},"potentialAction":[{"@type":"SearchAction","target":{"@type":"EntryPoint","urlTemplate":"https:\/\/www.ledizioni.it\/?s={search_term_string}"},"query-input":{"@type":"PropertyValueSpecification","valueRequired":true,"valueName":"search_term_string"}}],"inLanguage":"en-GB"},{"@type":"Organization","@id":"https:\/\/www.ledizioni.it\/#organization","name":"Ledizioni","url":"https:\/\/www.ledizioni.it\/","logo":{"@type":"ImageObject","inLanguage":"en-GB","@id":"https:\/\/www.ledizioni.it\/#\/schema\/logo\/image\/","url":"https:\/\/www.ledizioni.it\/stag\/wp-content\/uploads\/2023\/10\/newlogoledizioni500x110_2-1.jpg","contentUrl":"https:\/\/www.ledizioni.it\/stag\/wp-content\/uploads\/2023\/10\/newlogoledizioni500x110_2-1.jpg","width":354,"height":87,"caption":"Ledizioni"},"image":{"@id":"https:\/\/www.ledizioni.it\/#\/schema\/logo\/image\/"},"sameAs":["https:\/\/www.facebook.com\/pages\/Ledizioni-LediPublishing\/109120559173329","https:\/\/x.com\/ledizioni"]}]}},"jetpack_sharing_enabled":true,"_links":{"self":[{"href":"https:\/\/www.ledizioni.it\/en\/wp-json\/wp\/v2\/product\/13324","targetHints":{"allow":["GET"]}}],"collection":[{"href":"https:\/\/www.ledizioni.it\/en\/wp-json\/wp\/v2\/product"}],"about":[{"href":"https:\/\/www.ledizioni.it\/en\/wp-json\/wp\/v2\/types\/product"}],"replies":[{"embeddable":true,"href":"https:\/\/www.ledizioni.it\/en\/wp-json\/wp\/v2\/comments?post=13324"}],"version-history":[{"count":1,"href":"https:\/\/www.ledizioni.it\/en\/wp-json\/wp\/v2\/product\/13324\/revisions"}],"predecessor-version":[{"id":21615,"href":"https:\/\/www.ledizioni.it\/en\/wp-json\/wp\/v2\/product\/13324\/revisions\/21615"}],"wp:featuredmedia":[{"embeddable":true,"href":"https:\/\/www.ledizioni.it\/en\/wp-json\/wp\/v2\/media\/13325"}],"wp:attachment":[{"href":"https:\/\/www.ledizioni.it\/en\/wp-json\/wp\/v2\/media?parent=13324"}],"wp:term":[{"taxonomy":"product_brand","embeddable":true,"href":"https:\/\/www.ledizioni.it\/en\/wp-json\/wp\/v2\/product_brand?post=13324"},{"taxonomy":"product_cat","embeddable":true,"href":"https:\/\/www.ledizioni.it\/en\/wp-json\/wp\/v2\/product_cat?post=13324"},{"taxonomy":"product_tag","embeddable":true,"href":"https:\/\/www.ledizioni.it\/en\/wp-json\/wp\/v2\/product_tag?post=13324"}],"curies":[{"name":"wp","href":"https:\/\/api.w.org\/{rel}","templated":true}]}}