{"id":13844,"date":"2015-12-14T17:14:07","date_gmt":"2015-12-14T17:14:07","guid":{"rendered":"http:\/\/www.ledizioni.it\/prodotto\/passeggiate-milanesi-nella-musica-music-milan-some-strolls-through-history\/"},"modified":"2021-07-12T17:53:50","modified_gmt":"2021-07-12T15:53:50","slug":"passeggiate-milanesi-nella-musica-music-milan-some-strolls-through-history","status":"publish","type":"product","link":"https:\/\/www.ledizioni.it\/en\/product\/passeggiate-milanesi-nella-musica-music-milan-some-strolls-through-history\/","title":{"rendered":"PASSEGGIATE MILANESI NELLA MUSICA"},"content":{"rendered":"<p style=\"text-align: justify;\">Nella Milano dell&#8217;Expo 2015 il lettore potr\u00e0 intraprendere diverse passeggiate milanesi nella musica per conoscere luoghi, personaggi e eventi della musica in ctt\u00e0. In sei passeggiate seguir\u00e0 il filo conduttore che lega compositori, cantanti, direttori d&#8217;orchestra, librettisti, editori, ma anche architetti, scenografi, mecenati alle grandi vicende della storia milanese: dai Visconti alla citt\u00e0 settecentesca che vede nascere la Scala, dall&#8217;epoca risorgimentale del Nabucco alla Belle Epoque, dalla dittatura mussoliniana alla metropoli repubblicana e democratica.<br \/>\nRivivono cos\u00ec, nei luoghi dei soggiorni milanesi, da Mozart a Vincenzo Bellini, da Arturo Toscanini a Riccardo Muti, da Enrico Caruso a Maria Callas, da Luigi Illica a Dino Buzzati. In un vero e proprio viaggio attraverso i quartieri, si incontrano le abitazioni di Giuseppe Verdi, di Giacomo Puccini, di Alfredo Catalani, di Arrigo Boito; si visitano i musei nei quali riecheggiano suoni antichi; si sosta nei luoghi di ritrovo, come il caff\u00e8 Cova, negli alberghi come il Grand Hotel et de Milan; nei salotti, come quello di Clara Maffei; nei palazzi, come quello dei Litta; si penetra nei &#8220;santuari&#8221;, come la Scala, il Lirico, il Duomo stesso, il Castello, il moderno Auditorium.<\/p>\n<p style=\"text-align: justify;\"><strong>Il testo \u00e8 in italiano e in inglese con mappe degli itinerari e una attenta iconografia dei luoghi e dei personaggi<\/strong><\/p>\n<table border=\"0\" width=\"100%\" cellspacing=\"2\" cellpadding=\"2\">\n<tbody>\n<tr>\n<td>\n<h3><strong>DATI BIBLIOGRAFICI<\/strong><\/h3>\n<\/td>\n<td rowspan=\"3\"><\/td>\n<td><\/td>\n<\/tr>\n<tr>\n<td style=\"text-align: justify;\" rowspan=\"2\">Autrici: Marta Boneschi e Laura Nicora<br \/>\nEditore: Ledizioni<br \/>\nFormato: Brossura<a href=\"http:\/\/www.ledizioni.it\/en\/2011\/05\/genius_02-ebook\/\"><br \/>\n<\/a> Pubblicato in: 2015<br \/>\nISBN cartaceo: 9788867052967<br \/>\nPrezzo cartaceo: 12,00 \u20ac<\/td>\n<td style=\"text-align: justify;\"><\/td>\n<\/tr>\n<tr>\n<td><\/td>\n<\/tr>\n<\/tbody>\n<\/table>","protected":false},"excerpt":{"rendered":"<p>Nella Milano dell&#8217;Expo 2015 il lettore potr\u00e0 intraprendere diverse passeggiate milanesi nella musica per conoscere luoghi, personaggi e eventi della<\/p>","protected":false},"featured_media":13846,"comment_status":"open","ping_status":"closed","template":"","meta":{"_acf_changed":false},"product_brand":[],"product_cat":[2617,2614],"product_tag":[1393,751,655,1147],"class_list":{"0":"post-13844","1":"product","2":"type-product","3":"status-publish","4":"has-post-thumbnail","6":"product_cat-musica","7":"product_cat-offerte","8":"product_tag-expo","9":"product_tag-guide-storiche","10":"product_tag-milano","11":"product_tag-musica","12":"pa_formato-cartaceo","13":"pa_lingua-italiano","15":"first","16":"instock","17":"sale","18":"featured","19":"shipping-taxable","20":"purchasable","21":"product-type-simple"},"acf":[],"yoast_head":"<!-- This site is optimized with the Yoast SEO plugin v27.4 - https:\/\/yoast.com\/product\/yoast-seo-wordpress\/ -->\n<title>Passeggiate milanesi nella musica<\/title>\n<meta name=\"description\" content=\"Il lettore potr\u00e0 intraprendere diverse passeggiate milanesi nella musica per conoscere luoghi, personaggi e eventi della musica in ctt\u00e0\" \/>\n<meta name=\"robots\" content=\"index, follow, max-snippet:-1, max-image-preview:large, max-video-preview:-1\" \/>\n<link rel=\"canonical\" href=\"https:\/\/www.ledizioni.it\/en\/product\/passeggiate-milanesi-nella-musica-music-milan-some-strolls-through-history\/\" \/>\n<meta property=\"og:locale\" content=\"en_GB\" \/>\n<meta property=\"og:type\" content=\"article\" \/>\n<meta property=\"og:title\" content=\"Passeggiate milanesi nella musica\" \/>\n<meta property=\"og:description\" content=\"Il lettore potr\u00e0 intraprendere diverse passeggiate milanesi nella musica per conoscere luoghi, personaggi e eventi della musica in ctt\u00e0\" \/>\n<meta property=\"og:url\" content=\"https:\/\/www.ledizioni.it\/en\/product\/passeggiate-milanesi-nella-musica-music-milan-some-strolls-through-history\/\" \/>\n<meta property=\"og:site_name\" content=\"Ledizioni\" \/>\n<meta property=\"article:publisher\" content=\"https:\/\/www.facebook.com\/pages\/Ledizioni-LediPublishing\/109120559173329\" \/>\n<meta property=\"article:modified_time\" content=\"2021-07-12T15:53:50+00:00\" \/>\n<meta property=\"og:image\" content=\"https:\/\/www.ledizioni.it\/stag\/wp-content\/uploads\/2015\/12\/Cop-Passeggiate-fronte3d.jpg\" \/>\n\t<meta property=\"og:image:width\" content=\"1578\" \/>\n\t<meta property=\"og:image:height\" content=\"2127\" \/>\n\t<meta property=\"og:image:type\" content=\"image\/jpeg\" \/>\n<meta name=\"twitter:card\" content=\"summary_large_image\" \/>\n<meta name=\"twitter:site\" content=\"@ledizioni\" \/>\n<meta name=\"twitter:label1\" content=\"Estimated reading time\" \/>\n\t<meta name=\"twitter:data1\" content=\"1 minute\" \/>\n<script type=\"application\/ld+json\" class=\"yoast-schema-graph\">{\"@context\":\"https:\\\/\\\/schema.org\",\"@graph\":[{\"@type\":\"WebPage\",\"@id\":\"https:\\\/\\\/www.ledizioni.it\\\/prodotto\\\/passeggiate-milanesi-nella-musica-music-milan-some-strolls-through-history\\\/\",\"url\":\"https:\\\/\\\/www.ledizioni.it\\\/prodotto\\\/passeggiate-milanesi-nella-musica-music-milan-some-strolls-through-history\\\/\",\"name\":\"Passeggiate milanesi nella musica\",\"isPartOf\":{\"@id\":\"https:\\\/\\\/www.ledizioni.it\\\/#website\"},\"primaryImageOfPage\":{\"@id\":\"https:\\\/\\\/www.ledizioni.it\\\/prodotto\\\/passeggiate-milanesi-nella-musica-music-milan-some-strolls-through-history\\\/#primaryimage\"},\"image\":{\"@id\":\"https:\\\/\\\/www.ledizioni.it\\\/prodotto\\\/passeggiate-milanesi-nella-musica-music-milan-some-strolls-through-history\\\/#primaryimage\"},\"thumbnailUrl\":\"https:\\\/\\\/www.ledizioni.it\\\/stag\\\/wp-content\\\/uploads\\\/2015\\\/12\\\/Cop-Passeggiate-fronte3d.jpg\",\"datePublished\":\"2015-12-14T17:14:07+00:00\",\"dateModified\":\"2021-07-12T15:53:50+00:00\",\"description\":\"Il lettore potr\u00e0 intraprendere diverse passeggiate milanesi nella musica per conoscere luoghi, personaggi e eventi della musica in ctt\u00e0\",\"breadcrumb\":{\"@id\":\"https:\\\/\\\/www.ledizioni.it\\\/prodotto\\\/passeggiate-milanesi-nella-musica-music-milan-some-strolls-through-history\\\/#breadcrumb\"},\"inLanguage\":\"en-GB\",\"potentialAction\":[{\"@type\":\"ReadAction\",\"target\":[\"https:\\\/\\\/www.ledizioni.it\\\/prodotto\\\/passeggiate-milanesi-nella-musica-music-milan-some-strolls-through-history\\\/\"]}]},{\"@type\":\"ImageObject\",\"inLanguage\":\"en-GB\",\"@id\":\"https:\\\/\\\/www.ledizioni.it\\\/prodotto\\\/passeggiate-milanesi-nella-musica-music-milan-some-strolls-through-history\\\/#primaryimage\",\"url\":\"https:\\\/\\\/www.ledizioni.it\\\/stag\\\/wp-content\\\/uploads\\\/2015\\\/12\\\/Cop-Passeggiate-fronte3d.jpg\",\"contentUrl\":\"https:\\\/\\\/www.ledizioni.it\\\/stag\\\/wp-content\\\/uploads\\\/2015\\\/12\\\/Cop-Passeggiate-fronte3d.jpg\",\"width\":1578,\"height\":2127},{\"@type\":\"BreadcrumbList\",\"@id\":\"https:\\\/\\\/www.ledizioni.it\\\/prodotto\\\/passeggiate-milanesi-nella-musica-music-milan-some-strolls-through-history\\\/#breadcrumb\",\"itemListElement\":[{\"@type\":\"ListItem\",\"position\":1,\"name\":\"Shop\",\"item\":\"https:\\\/\\\/www.ledizioni.it\\\/shop-2\\\/\"},{\"@type\":\"ListItem\",\"position\":2,\"name\":\"PASSEGGIATE MILANESI NELLA MUSICA\"}]},{\"@type\":\"WebSite\",\"@id\":\"https:\\\/\\\/www.ledizioni.it\\\/#website\",\"url\":\"https:\\\/\\\/www.ledizioni.it\\\/\",\"name\":\"Ledizioni\",\"description\":\"The Innovative LediPublishing Company - Casa Editrice Universitaria\",\"publisher\":{\"@id\":\"https:\\\/\\\/www.ledizioni.it\\\/#organization\"},\"potentialAction\":[{\"@type\":\"SearchAction\",\"target\":{\"@type\":\"EntryPoint\",\"urlTemplate\":\"https:\\\/\\\/www.ledizioni.it\\\/?s={search_term_string}\"},\"query-input\":{\"@type\":\"PropertyValueSpecification\",\"valueRequired\":true,\"valueName\":\"search_term_string\"}}],\"inLanguage\":\"en-GB\"},{\"@type\":\"Organization\",\"@id\":\"https:\\\/\\\/www.ledizioni.it\\\/#organization\",\"name\":\"Ledizioni\",\"url\":\"https:\\\/\\\/www.ledizioni.it\\\/\",\"logo\":{\"@type\":\"ImageObject\",\"inLanguage\":\"en-GB\",\"@id\":\"https:\\\/\\\/www.ledizioni.it\\\/#\\\/schema\\\/logo\\\/image\\\/\",\"url\":\"https:\\\/\\\/www.ledizioni.it\\\/stag\\\/wp-content\\\/uploads\\\/2023\\\/10\\\/newlogoledizioni500x110_2-1.jpg\",\"contentUrl\":\"https:\\\/\\\/www.ledizioni.it\\\/stag\\\/wp-content\\\/uploads\\\/2023\\\/10\\\/newlogoledizioni500x110_2-1.jpg\",\"width\":354,\"height\":87,\"caption\":\"Ledizioni\"},\"image\":{\"@id\":\"https:\\\/\\\/www.ledizioni.it\\\/#\\\/schema\\\/logo\\\/image\\\/\"},\"sameAs\":[\"https:\\\/\\\/www.facebook.com\\\/pages\\\/Ledizioni-LediPublishing\\\/109120559173329\",\"https:\\\/\\\/x.com\\\/ledizioni\"]}]}<\/script>\n<!-- \/ Yoast SEO plugin. -->","yoast_head_json":{"title":"Passeggiate milanesi nella musica","description":"Il lettore potr\u00e0 intraprendere diverse passeggiate milanesi nella musica per conoscere luoghi, personaggi e eventi della musica in ctt\u00e0","robots":{"index":"index","follow":"follow","max-snippet":"max-snippet:-1","max-image-preview":"max-image-preview:large","max-video-preview":"max-video-preview:-1"},"canonical":"https:\/\/www.ledizioni.it\/en\/product\/passeggiate-milanesi-nella-musica-music-milan-some-strolls-through-history\/","og_locale":"en_GB","og_type":"article","og_title":"Passeggiate milanesi nella musica","og_description":"Il lettore potr\u00e0 intraprendere diverse passeggiate milanesi nella musica per conoscere luoghi, personaggi e eventi della musica in ctt\u00e0","og_url":"https:\/\/www.ledizioni.it\/en\/product\/passeggiate-milanesi-nella-musica-music-milan-some-strolls-through-history\/","og_site_name":"Ledizioni","article_publisher":"https:\/\/www.facebook.com\/pages\/Ledizioni-LediPublishing\/109120559173329","article_modified_time":"2021-07-12T15:53:50+00:00","og_image":[{"width":1578,"height":2127,"url":"https:\/\/www.ledizioni.it\/stag\/wp-content\/uploads\/2015\/12\/Cop-Passeggiate-fronte3d.jpg","type":"image\/jpeg"}],"twitter_card":"summary_large_image","twitter_site":"@ledizioni","twitter_misc":{"Estimated reading time":"1 minute"},"schema":{"@context":"https:\/\/schema.org","@graph":[{"@type":"WebPage","@id":"https:\/\/www.ledizioni.it\/prodotto\/passeggiate-milanesi-nella-musica-music-milan-some-strolls-through-history\/","url":"https:\/\/www.ledizioni.it\/prodotto\/passeggiate-milanesi-nella-musica-music-milan-some-strolls-through-history\/","name":"Passeggiate milanesi nella musica","isPartOf":{"@id":"https:\/\/www.ledizioni.it\/#website"},"primaryImageOfPage":{"@id":"https:\/\/www.ledizioni.it\/prodotto\/passeggiate-milanesi-nella-musica-music-milan-some-strolls-through-history\/#primaryimage"},"image":{"@id":"https:\/\/www.ledizioni.it\/prodotto\/passeggiate-milanesi-nella-musica-music-milan-some-strolls-through-history\/#primaryimage"},"thumbnailUrl":"https:\/\/www.ledizioni.it\/stag\/wp-content\/uploads\/2015\/12\/Cop-Passeggiate-fronte3d.jpg","datePublished":"2015-12-14T17:14:07+00:00","dateModified":"2021-07-12T15:53:50+00:00","description":"Il lettore potr\u00e0 intraprendere diverse passeggiate milanesi nella musica per conoscere luoghi, personaggi e eventi della musica in ctt\u00e0","breadcrumb":{"@id":"https:\/\/www.ledizioni.it\/prodotto\/passeggiate-milanesi-nella-musica-music-milan-some-strolls-through-history\/#breadcrumb"},"inLanguage":"en-GB","potentialAction":[{"@type":"ReadAction","target":["https:\/\/www.ledizioni.it\/prodotto\/passeggiate-milanesi-nella-musica-music-milan-some-strolls-through-history\/"]}]},{"@type":"ImageObject","inLanguage":"en-GB","@id":"https:\/\/www.ledizioni.it\/prodotto\/passeggiate-milanesi-nella-musica-music-milan-some-strolls-through-history\/#primaryimage","url":"https:\/\/www.ledizioni.it\/stag\/wp-content\/uploads\/2015\/12\/Cop-Passeggiate-fronte3d.jpg","contentUrl":"https:\/\/www.ledizioni.it\/stag\/wp-content\/uploads\/2015\/12\/Cop-Passeggiate-fronte3d.jpg","width":1578,"height":2127},{"@type":"BreadcrumbList","@id":"https:\/\/www.ledizioni.it\/prodotto\/passeggiate-milanesi-nella-musica-music-milan-some-strolls-through-history\/#breadcrumb","itemListElement":[{"@type":"ListItem","position":1,"name":"Shop","item":"https:\/\/www.ledizioni.it\/shop-2\/"},{"@type":"ListItem","position":2,"name":"PASSEGGIATE MILANESI NELLA MUSICA"}]},{"@type":"WebSite","@id":"https:\/\/www.ledizioni.it\/#website","url":"https:\/\/www.ledizioni.it\/","name":"Ledizioni","description":"The Innovative LediPublishing Company - Casa Editrice Universitaria","publisher":{"@id":"https:\/\/www.ledizioni.it\/#organization"},"potentialAction":[{"@type":"SearchAction","target":{"@type":"EntryPoint","urlTemplate":"https:\/\/www.ledizioni.it\/?s={search_term_string}"},"query-input":{"@type":"PropertyValueSpecification","valueRequired":true,"valueName":"search_term_string"}}],"inLanguage":"en-GB"},{"@type":"Organization","@id":"https:\/\/www.ledizioni.it\/#organization","name":"Ledizioni","url":"https:\/\/www.ledizioni.it\/","logo":{"@type":"ImageObject","inLanguage":"en-GB","@id":"https:\/\/www.ledizioni.it\/#\/schema\/logo\/image\/","url":"https:\/\/www.ledizioni.it\/stag\/wp-content\/uploads\/2023\/10\/newlogoledizioni500x110_2-1.jpg","contentUrl":"https:\/\/www.ledizioni.it\/stag\/wp-content\/uploads\/2023\/10\/newlogoledizioni500x110_2-1.jpg","width":354,"height":87,"caption":"Ledizioni"},"image":{"@id":"https:\/\/www.ledizioni.it\/#\/schema\/logo\/image\/"},"sameAs":["https:\/\/www.facebook.com\/pages\/Ledizioni-LediPublishing\/109120559173329","https:\/\/x.com\/ledizioni"]}]}},"jetpack_sharing_enabled":true,"_links":{"self":[{"href":"https:\/\/www.ledizioni.it\/en\/wp-json\/wp\/v2\/product\/13844","targetHints":{"allow":["GET"]}}],"collection":[{"href":"https:\/\/www.ledizioni.it\/en\/wp-json\/wp\/v2\/product"}],"about":[{"href":"https:\/\/www.ledizioni.it\/en\/wp-json\/wp\/v2\/types\/product"}],"replies":[{"embeddable":true,"href":"https:\/\/www.ledizioni.it\/en\/wp-json\/wp\/v2\/comments?post=13844"}],"version-history":[{"count":1,"href":"https:\/\/www.ledizioni.it\/en\/wp-json\/wp\/v2\/product\/13844\/revisions"}],"predecessor-version":[{"id":13847,"href":"https:\/\/www.ledizioni.it\/en\/wp-json\/wp\/v2\/product\/13844\/revisions\/13847"}],"wp:featuredmedia":[{"embeddable":true,"href":"https:\/\/www.ledizioni.it\/en\/wp-json\/wp\/v2\/media\/13846"}],"wp:attachment":[{"href":"https:\/\/www.ledizioni.it\/en\/wp-json\/wp\/v2\/media?parent=13844"}],"wp:term":[{"taxonomy":"product_brand","embeddable":true,"href":"https:\/\/www.ledizioni.it\/en\/wp-json\/wp\/v2\/product_brand?post=13844"},{"taxonomy":"product_cat","embeddable":true,"href":"https:\/\/www.ledizioni.it\/en\/wp-json\/wp\/v2\/product_cat?post=13844"},{"taxonomy":"product_tag","embeddable":true,"href":"https:\/\/www.ledizioni.it\/en\/wp-json\/wp\/v2\/product_tag?post=13844"}],"curies":[{"name":"wp","href":"https:\/\/api.w.org\/{rel}","templated":true}]}}