{"id":13906,"date":"2015-12-22T16:33:08","date_gmt":"2015-12-22T16:33:08","guid":{"rendered":"http:\/\/www.ledizioni.it\/prodotto\/alessio-di-lisciandrolaura-scudieri-michel-foucault\/"},"modified":"2021-05-13T16:58:50","modified_gmt":"2021-05-13T14:58:50","slug":"alessio-di-lisciandrolaura-scudieri-michel-foucault","status":"publish","type":"product","link":"https:\/\/www.ledizioni.it\/en\/product\/alessio-di-lisciandrolaura-scudieri-michel-foucault\/","title":{"rendered":"MICHEL FOUCAULT"},"content":{"rendered":"<p style=\"text-align: justify;\">Il volume propone una raccolta di saggi che indagano da prospettive differenti la \u201ccassetta degli attrezzi\u201d, nonch\u00e9 i principali temi <em>foucaultiani<\/em>, anche alla luce della produzione meno esplorata. Si tratta di \u201cgenealogie nella genealogia\u201d di un\u2019opera che, a un trentennio dalla morte del filosofo, storico o \u201cfabbricatore di libri-bomba\u201d \u2013 come preferirebbe esser ricordato \u2013, continua a costituire fonte preziosa per gli studi contemporanei sulle nostre forme di vita, in particolare sui \u00absistemi impliciti che determinano, senza che noi ne siamo coscienti, le nostre condotte pi\u00f9 familiari\u00bb (M.F.). Le riflessioni e le critiche sono tese ad aprire nuove piste di ricerca, a partire dalla centralit\u00e0 dei dispositivi giuridico e \u201cparresiastico\u201d. Ogni saggio rintraccia allora, all\u2019interno del labirinto foucaultiano, uno o pi\u00f9 fili di quella tela complessa di relazioni che attraversano dimensione giuridica, epistemologia e struttura della verit\u00e0. \u00abNon per\u00f2 la struttura della verit\u00e0 oggettiva della scienza, ma quella della verit\u00e0 costruita, la verit\u00e0 della organizzazione, del governo delle persone, la verit\u00e0 artificiale del dominio\u00bb (Realino Marra). E poi, soprattutto, di quella tela appena abbozzata ma estremamente suggestiva\u00a0 che potrebbe portare ad un altro diritto, ad un altro sapere, e forse ad un\u2019altra verit\u00e0.<\/p>\n<p><strong><span style=\"color: #000000;\">DATI BIBLIOGRAFICI<\/span><\/strong><\/p>\n<p>A cura di: Alessio Di Lisciandro, Laura Scudieri<br \/>\nEditore: Ledizioni<br \/>\nCollana: <a href=\"https:\/\/www.ledizioni.it\/en\/product-category\/diritto-2\/law-and-reality\/\">Law and Reality<\/a><br \/>\nFormato: Brossura<br \/>\nPubblicato in: Novembre 2015<br \/>\nISBN: 9788867053773 (cartaceo)<br \/>\nISBN:\u00a09788867055661 (ePub)<br \/>\nPrezzo cartaceo: 18,00 \u20ac<br \/>\nPrezzo ePub: 9,99 \u20ac<\/p>\n<p>&nbsp;<\/p>\n<p><a href=\"https:\/\/www.torrossa.com\/it\/resources\/an\/3133252\"><img decoding=\"async\" class=\"aligncenter wp-image-23912\" src=\"https:\/\/www.ledizioni.it\/stag\/wp-content\/uploads\/2019\/07\/torrossa_web-150x80.jpg\" alt=\"\" width=\"200\" height=\"60\" \/><\/a><\/p>","protected":false},"excerpt":{"rendered":"<p>Il volume propone una raccolta di saggi che indagano da prospettive differenti la \u201ccassetta degli attrezzi\u201d, nonch\u00e9 i principali temi<\/p>","protected":false},"featured_media":13907,"comment_status":"open","ping_status":"closed","template":"","meta":{"_acf_changed":false},"product_brand":[],"product_cat":[445],"product_tag":[1194,589,2501,2500],"class_list":{"0":"post-13906","1":"product","2":"type-product","3":"status-publish","4":"has-post-thumbnail","6":"product_cat-law-and-reality","7":"product_tag-epistemologia","8":"product_tag-saggi","9":"product_tag-sociologia-giuridica","10":"product_tag-storia-e-filosofia","11":"pa_formato-cartaceo","12":"pa_formato-ebook-in-epub","13":"pa_lingua-italiano","15":"first","16":"instock","17":"featured","18":"shipping-taxable","19":"purchasable","20":"product-type-variable"},"acf":[],"yoast_head":"<!-- This site is optimized with the Yoast SEO plugin v27.4 - https:\/\/yoast.com\/product\/yoast-seo-wordpress\/ -->\n<title>MICHEL FOUCAULT -<\/title>\n<meta name=\"description\" content=\"approfondire i processi di formazione dell\u2019Etica Pubblica nei preadolescenti, in quella fase delicata che si colloca tra l\u2019infanzia e l\u2019adolescenza\" \/>\n<meta name=\"robots\" content=\"index, follow, max-snippet:-1, max-image-preview:large, max-video-preview:-1\" \/>\n<link rel=\"canonical\" href=\"https:\/\/www.ledizioni.it\/en\/product\/alessio-di-lisciandrolaura-scudieri-michel-foucault\/\" \/>\n<meta property=\"og:locale\" content=\"en_GB\" \/>\n<meta property=\"og:type\" content=\"article\" \/>\n<meta property=\"og:title\" content=\"MICHEL FOUCAULT -\" \/>\n<meta property=\"og:description\" content=\"approfondire i processi di formazione dell\u2019Etica Pubblica nei preadolescenti, in quella fase delicata che si colloca tra l\u2019infanzia e l\u2019adolescenza\" \/>\n<meta property=\"og:url\" content=\"https:\/\/www.ledizioni.it\/en\/product\/alessio-di-lisciandrolaura-scudieri-michel-foucault\/\" \/>\n<meta property=\"og:site_name\" content=\"Ledizioni\" \/>\n<meta property=\"article:publisher\" content=\"https:\/\/www.facebook.com\/pages\/Ledizioni-LediPublishing\/109120559173329\" \/>\n<meta property=\"article:modified_time\" content=\"2021-05-13T14:58:50+00:00\" \/>\n<meta property=\"og:image\" content=\"https:\/\/www.ledizioni.it\/stag\/wp-content\/uploads\/2015\/12\/3d-sito.jpg\" \/>\n\t<meta property=\"og:image:width\" content=\"1541\" \/>\n\t<meta property=\"og:image:height\" content=\"2064\" \/>\n\t<meta property=\"og:image:type\" content=\"image\/jpeg\" \/>\n<meta name=\"twitter:card\" content=\"summary_large_image\" \/>\n<meta name=\"twitter:site\" content=\"@ledizioni\" \/>\n<meta name=\"twitter:label1\" content=\"Estimated reading time\" \/>\n\t<meta name=\"twitter:data1\" content=\"1 minute\" \/>\n<script type=\"application\/ld+json\" class=\"yoast-schema-graph\">{\"@context\":\"https:\\\/\\\/schema.org\",\"@graph\":[{\"@type\":\"WebPage\",\"@id\":\"https:\\\/\\\/www.ledizioni.it\\\/prodotto\\\/alessio-di-lisciandrolaura-scudieri-michel-foucault\\\/\",\"url\":\"https:\\\/\\\/www.ledizioni.it\\\/prodotto\\\/alessio-di-lisciandrolaura-scudieri-michel-foucault\\\/\",\"name\":\"MICHEL FOUCAULT -\",\"isPartOf\":{\"@id\":\"https:\\\/\\\/www.ledizioni.it\\\/#website\"},\"primaryImageOfPage\":{\"@id\":\"https:\\\/\\\/www.ledizioni.it\\\/prodotto\\\/alessio-di-lisciandrolaura-scudieri-michel-foucault\\\/#primaryimage\"},\"image\":{\"@id\":\"https:\\\/\\\/www.ledizioni.it\\\/prodotto\\\/alessio-di-lisciandrolaura-scudieri-michel-foucault\\\/#primaryimage\"},\"thumbnailUrl\":\"https:\\\/\\\/www.ledizioni.it\\\/stag\\\/wp-content\\\/uploads\\\/2015\\\/12\\\/3d-sito.jpg\",\"datePublished\":\"2015-12-22T16:33:08+00:00\",\"dateModified\":\"2021-05-13T14:58:50+00:00\",\"description\":\"approfondire i processi di formazione dell\u2019Etica Pubblica nei preadolescenti, in quella fase delicata che si colloca tra l\u2019infanzia e l\u2019adolescenza\",\"breadcrumb\":{\"@id\":\"https:\\\/\\\/www.ledizioni.it\\\/prodotto\\\/alessio-di-lisciandrolaura-scudieri-michel-foucault\\\/#breadcrumb\"},\"inLanguage\":\"en-GB\",\"potentialAction\":[{\"@type\":\"ReadAction\",\"target\":[\"https:\\\/\\\/www.ledizioni.it\\\/prodotto\\\/alessio-di-lisciandrolaura-scudieri-michel-foucault\\\/\"]}]},{\"@type\":\"ImageObject\",\"inLanguage\":\"en-GB\",\"@id\":\"https:\\\/\\\/www.ledizioni.it\\\/prodotto\\\/alessio-di-lisciandrolaura-scudieri-michel-foucault\\\/#primaryimage\",\"url\":\"https:\\\/\\\/www.ledizioni.it\\\/stag\\\/wp-content\\\/uploads\\\/2015\\\/12\\\/3d-sito.jpg\",\"contentUrl\":\"https:\\\/\\\/www.ledizioni.it\\\/stag\\\/wp-content\\\/uploads\\\/2015\\\/12\\\/3d-sito.jpg\",\"width\":1541,\"height\":2064},{\"@type\":\"BreadcrumbList\",\"@id\":\"https:\\\/\\\/www.ledizioni.it\\\/prodotto\\\/alessio-di-lisciandrolaura-scudieri-michel-foucault\\\/#breadcrumb\",\"itemListElement\":[{\"@type\":\"ListItem\",\"position\":1,\"name\":\"Shop\",\"item\":\"https:\\\/\\\/www.ledizioni.it\\\/shop-2\\\/\"},{\"@type\":\"ListItem\",\"position\":2,\"name\":\"MICHEL FOUCAULT\"}]},{\"@type\":\"WebSite\",\"@id\":\"https:\\\/\\\/www.ledizioni.it\\\/#website\",\"url\":\"https:\\\/\\\/www.ledizioni.it\\\/\",\"name\":\"Ledizioni\",\"description\":\"The Innovative LediPublishing Company - Casa Editrice Universitaria\",\"publisher\":{\"@id\":\"https:\\\/\\\/www.ledizioni.it\\\/#organization\"},\"potentialAction\":[{\"@type\":\"SearchAction\",\"target\":{\"@type\":\"EntryPoint\",\"urlTemplate\":\"https:\\\/\\\/www.ledizioni.it\\\/?s={search_term_string}\"},\"query-input\":{\"@type\":\"PropertyValueSpecification\",\"valueRequired\":true,\"valueName\":\"search_term_string\"}}],\"inLanguage\":\"en-GB\"},{\"@type\":\"Organization\",\"@id\":\"https:\\\/\\\/www.ledizioni.it\\\/#organization\",\"name\":\"Ledizioni\",\"url\":\"https:\\\/\\\/www.ledizioni.it\\\/\",\"logo\":{\"@type\":\"ImageObject\",\"inLanguage\":\"en-GB\",\"@id\":\"https:\\\/\\\/www.ledizioni.it\\\/#\\\/schema\\\/logo\\\/image\\\/\",\"url\":\"https:\\\/\\\/www.ledizioni.it\\\/stag\\\/wp-content\\\/uploads\\\/2023\\\/10\\\/newlogoledizioni500x110_2-1.jpg\",\"contentUrl\":\"https:\\\/\\\/www.ledizioni.it\\\/stag\\\/wp-content\\\/uploads\\\/2023\\\/10\\\/newlogoledizioni500x110_2-1.jpg\",\"width\":354,\"height\":87,\"caption\":\"Ledizioni\"},\"image\":{\"@id\":\"https:\\\/\\\/www.ledizioni.it\\\/#\\\/schema\\\/logo\\\/image\\\/\"},\"sameAs\":[\"https:\\\/\\\/www.facebook.com\\\/pages\\\/Ledizioni-LediPublishing\\\/109120559173329\",\"https:\\\/\\\/x.com\\\/ledizioni\"]}]}<\/script>\n<!-- \/ Yoast SEO plugin. -->","yoast_head_json":{"title":"MICHEL FOUCAULT -","description":"approfondire i processi di formazione dell\u2019Etica Pubblica nei preadolescenti, in quella fase delicata che si colloca tra l\u2019infanzia e l\u2019adolescenza","robots":{"index":"index","follow":"follow","max-snippet":"max-snippet:-1","max-image-preview":"max-image-preview:large","max-video-preview":"max-video-preview:-1"},"canonical":"https:\/\/www.ledizioni.it\/en\/product\/alessio-di-lisciandrolaura-scudieri-michel-foucault\/","og_locale":"en_GB","og_type":"article","og_title":"MICHEL FOUCAULT -","og_description":"approfondire i processi di formazione dell\u2019Etica Pubblica nei preadolescenti, in quella fase delicata che si colloca tra l\u2019infanzia e l\u2019adolescenza","og_url":"https:\/\/www.ledizioni.it\/en\/product\/alessio-di-lisciandrolaura-scudieri-michel-foucault\/","og_site_name":"Ledizioni","article_publisher":"https:\/\/www.facebook.com\/pages\/Ledizioni-LediPublishing\/109120559173329","article_modified_time":"2021-05-13T14:58:50+00:00","og_image":[{"width":1541,"height":2064,"url":"https:\/\/www.ledizioni.it\/stag\/wp-content\/uploads\/2015\/12\/3d-sito.jpg","type":"image\/jpeg"}],"twitter_card":"summary_large_image","twitter_site":"@ledizioni","twitter_misc":{"Estimated reading time":"1 minute"},"schema":{"@context":"https:\/\/schema.org","@graph":[{"@type":"WebPage","@id":"https:\/\/www.ledizioni.it\/prodotto\/alessio-di-lisciandrolaura-scudieri-michel-foucault\/","url":"https:\/\/www.ledizioni.it\/prodotto\/alessio-di-lisciandrolaura-scudieri-michel-foucault\/","name":"MICHEL FOUCAULT -","isPartOf":{"@id":"https:\/\/www.ledizioni.it\/#website"},"primaryImageOfPage":{"@id":"https:\/\/www.ledizioni.it\/prodotto\/alessio-di-lisciandrolaura-scudieri-michel-foucault\/#primaryimage"},"image":{"@id":"https:\/\/www.ledizioni.it\/prodotto\/alessio-di-lisciandrolaura-scudieri-michel-foucault\/#primaryimage"},"thumbnailUrl":"https:\/\/www.ledizioni.it\/stag\/wp-content\/uploads\/2015\/12\/3d-sito.jpg","datePublished":"2015-12-22T16:33:08+00:00","dateModified":"2021-05-13T14:58:50+00:00","description":"approfondire i processi di formazione dell\u2019Etica Pubblica nei preadolescenti, in quella fase delicata che si colloca tra l\u2019infanzia e l\u2019adolescenza","breadcrumb":{"@id":"https:\/\/www.ledizioni.it\/prodotto\/alessio-di-lisciandrolaura-scudieri-michel-foucault\/#breadcrumb"},"inLanguage":"en-GB","potentialAction":[{"@type":"ReadAction","target":["https:\/\/www.ledizioni.it\/prodotto\/alessio-di-lisciandrolaura-scudieri-michel-foucault\/"]}]},{"@type":"ImageObject","inLanguage":"en-GB","@id":"https:\/\/www.ledizioni.it\/prodotto\/alessio-di-lisciandrolaura-scudieri-michel-foucault\/#primaryimage","url":"https:\/\/www.ledizioni.it\/stag\/wp-content\/uploads\/2015\/12\/3d-sito.jpg","contentUrl":"https:\/\/www.ledizioni.it\/stag\/wp-content\/uploads\/2015\/12\/3d-sito.jpg","width":1541,"height":2064},{"@type":"BreadcrumbList","@id":"https:\/\/www.ledizioni.it\/prodotto\/alessio-di-lisciandrolaura-scudieri-michel-foucault\/#breadcrumb","itemListElement":[{"@type":"ListItem","position":1,"name":"Shop","item":"https:\/\/www.ledizioni.it\/shop-2\/"},{"@type":"ListItem","position":2,"name":"MICHEL FOUCAULT"}]},{"@type":"WebSite","@id":"https:\/\/www.ledizioni.it\/#website","url":"https:\/\/www.ledizioni.it\/","name":"Ledizioni","description":"The Innovative LediPublishing Company - Casa Editrice Universitaria","publisher":{"@id":"https:\/\/www.ledizioni.it\/#organization"},"potentialAction":[{"@type":"SearchAction","target":{"@type":"EntryPoint","urlTemplate":"https:\/\/www.ledizioni.it\/?s={search_term_string}"},"query-input":{"@type":"PropertyValueSpecification","valueRequired":true,"valueName":"search_term_string"}}],"inLanguage":"en-GB"},{"@type":"Organization","@id":"https:\/\/www.ledizioni.it\/#organization","name":"Ledizioni","url":"https:\/\/www.ledizioni.it\/","logo":{"@type":"ImageObject","inLanguage":"en-GB","@id":"https:\/\/www.ledizioni.it\/#\/schema\/logo\/image\/","url":"https:\/\/www.ledizioni.it\/stag\/wp-content\/uploads\/2023\/10\/newlogoledizioni500x110_2-1.jpg","contentUrl":"https:\/\/www.ledizioni.it\/stag\/wp-content\/uploads\/2023\/10\/newlogoledizioni500x110_2-1.jpg","width":354,"height":87,"caption":"Ledizioni"},"image":{"@id":"https:\/\/www.ledizioni.it\/#\/schema\/logo\/image\/"},"sameAs":["https:\/\/www.facebook.com\/pages\/Ledizioni-LediPublishing\/109120559173329","https:\/\/x.com\/ledizioni"]}]}},"jetpack_sharing_enabled":true,"_links":{"self":[{"href":"https:\/\/www.ledizioni.it\/en\/wp-json\/wp\/v2\/product\/13906","targetHints":{"allow":["GET"]}}],"collection":[{"href":"https:\/\/www.ledizioni.it\/en\/wp-json\/wp\/v2\/product"}],"about":[{"href":"https:\/\/www.ledizioni.it\/en\/wp-json\/wp\/v2\/types\/product"}],"replies":[{"embeddable":true,"href":"https:\/\/www.ledizioni.it\/en\/wp-json\/wp\/v2\/comments?post=13906"}],"version-history":[{"count":1,"href":"https:\/\/www.ledizioni.it\/en\/wp-json\/wp\/v2\/product\/13906\/revisions"}],"predecessor-version":[{"id":13911,"href":"https:\/\/www.ledizioni.it\/en\/wp-json\/wp\/v2\/product\/13906\/revisions\/13911"}],"wp:featuredmedia":[{"embeddable":true,"href":"https:\/\/www.ledizioni.it\/en\/wp-json\/wp\/v2\/media\/13907"}],"wp:attachment":[{"href":"https:\/\/www.ledizioni.it\/en\/wp-json\/wp\/v2\/media?parent=13906"}],"wp:term":[{"taxonomy":"product_brand","embeddable":true,"href":"https:\/\/www.ledizioni.it\/en\/wp-json\/wp\/v2\/product_brand?post=13906"},{"taxonomy":"product_cat","embeddable":true,"href":"https:\/\/www.ledizioni.it\/en\/wp-json\/wp\/v2\/product_cat?post=13906"},{"taxonomy":"product_tag","embeddable":true,"href":"https:\/\/www.ledizioni.it\/en\/wp-json\/wp\/v2\/product_tag?post=13906"}],"curies":[{"name":"wp","href":"https:\/\/api.w.org\/{rel}","templated":true}]}}