{"id":14130,"date":"2016-01-19T15:46:17","date_gmt":"2016-01-19T13:46:17","guid":{"rendered":"http:\/\/www.ledizioni.it\/prodotto\/sebastian-saborio-a-cura-di-sicurezza-in-citta-pratiche-di-controllo-allinterno-dello-spazio-urbano\/"},"modified":"2021-06-03T18:07:53","modified_gmt":"2021-06-03T16:07:53","slug":"sebastian-saborio-a-cura-di-sicurezza-in-citta-pratiche-di-controllo-allinterno-dello-spazio-urbano","status":"publish","type":"product","link":"https:\/\/www.ledizioni.it\/en\/product\/sebastian-saborio-a-cura-di-sicurezza-in-citta-pratiche-di-controllo-allinterno-dello-spazio-urbano\/","title":{"rendered":"SICUREZZA IN CITTA&#8217;: PRATICHE DI CONTROLLO ALL&#8217;INTERNO DELLO SPAZIO URBANO"},"content":{"rendered":"<p style=\"text-align: justify;\">Sia all\u2019interno del dibattito accademico che della retorica politica si discute molto di sicurezza urbana. Ciononostante, resta ancora da esplorare in che modo la \u201csicurezza urbana\u201d possa differenziarsi da altre forme di sicurezza. Questo volume serve a porre le basi per analisi e studi futuri che abbiano l\u2019obiettivo specifico di comprendere se, e quando, i contesti cittadini influenzino il fenomeno della sicurezza, al punto tale da doverla declinare nella sua accezione \u201curbana\u201d. Gli autori dei saggi hanno cercato di rispondere ad una o pi\u00f9 delle seguenti domande: in che modo il contesto urbano determina le espressioni pi\u00f9 visibili e quelle meno facilmente individuabili di fenomeni quali criminalit\u00e0, violenza, disordine e conflitto? Quali sono gli attori sociali che, all\u2019interno delle citt\u00e0, influenzano maggiormente le pratiche di controllo per contrastare o diminuire tali fenomeni? Quali conflitti sociali emergono come conseguenza diretta delle pratiche di controllo dispiegate dentro le citt\u00e0? Nel fare ci\u00f2, ogni saggio prende in considerazione le specificit\u00e0 delle citt\u00e0 in analisi per spiegare come queste determinano ed influenzano tali pratiche di controllo.<\/p>\n<p>&nbsp;<\/p>\n<p style=\"text-align: justify;\"><strong><span style=\"color: #000000;\">DATI BIBLIOGRAFICI<\/span><\/strong><\/p>\n<p style=\"text-align: justify;\">Autori: a cura di Sebastian Saborio<br \/>\nEditore: Ledizioni<br \/>\nCollana: <a title=\"H\u00f3risma\" href=\"https:\/\/www.ledizioni.it\/en\/product-category\/politica\/horisma\/\">H\u00f3risma<\/a><br \/>\nFormato: Brossura<br \/>\nPubblicato in: Novembre 2015<br \/>\nISBN: 9788867053902 (cartaceo)<br \/>\nISBN\u00a09788867054053 (ePub)<br \/>\nPrezzo: 8 \u20ac (cartaceo) 3.99\u00a0\u20ac (ePub)<\/p>\n<p><a href=\"https:\/\/www.torrossa.com\/it\/resources\/an\/3133478\"><img decoding=\"async\" class=\"aligncenter wp-image-23912\" src=\"https:\/\/www.ledizioni.it\/stag\/wp-content\/uploads\/2019\/07\/torrossa_web-150x80.jpg\" alt=\"\" width=\"200\" height=\"60\" \/><\/a><\/p>","protected":false},"excerpt":{"rendered":"<p>Sia all\u2019interno del dibattito accademico che della retorica politica si discute molto di sicurezza urbana. Ciononostante, resta ancora da esplorare<\/p>","protected":false},"featured_media":14133,"comment_status":"open","ping_status":"closed","template":"","meta":{"_acf_changed":false},"product_brand":[],"product_cat":[884],"product_tag":[1535,907,828],"class_list":{"0":"post-14130","1":"product","2":"type-product","3":"status-publish","4":"has-post-thumbnail","6":"product_cat-horisma","7":"product_tag-conflitti","8":"product_tag-sicurezza","9":"product_tag-citta-2","10":"pa_formato-cartaceo","11":"pa_formato-ebook-in-epub","12":"pa_lingua-italiano","14":"first","15":"instock","16":"featured","17":"shipping-taxable","18":"purchasable","19":"product-type-variable","20":"has-default-attributes"},"acf":[],"yoast_head":"<!-- This site is optimized with the Yoast SEO plugin v27.3 - https:\/\/yoast.com\/product\/yoast-seo-wordpress\/ -->\n<title>SICUREZZA IN CITTA&#039;: PRATICHE DI CONTROLLO ALL&#039;INTERNO DELLO SPAZIO URBANO -<\/title>\n<meta name=\"description\" content=\"Sia all\u2019interno del dibattito accademico che della retorica politica si discute molto di sicurezza urbana.\" \/>\n<meta name=\"robots\" content=\"index, follow, max-snippet:-1, max-image-preview:large, max-video-preview:-1\" \/>\n<link rel=\"canonical\" href=\"https:\/\/www.ledizioni.it\/en\/product\/sebastian-saborio-a-cura-di-sicurezza-in-citta-pratiche-di-controllo-allinterno-dello-spazio-urbano\/\" \/>\n<meta property=\"og:locale\" content=\"en_GB\" \/>\n<meta property=\"og:type\" content=\"article\" \/>\n<meta property=\"og:title\" content=\"SICUREZZA IN CITTA&#039;: PRATICHE DI CONTROLLO ALL&#039;INTERNO DELLO SPAZIO URBANO -\" \/>\n<meta property=\"og:description\" content=\"Sia all\u2019interno del dibattito accademico che della retorica politica si discute molto di sicurezza urbana.\" \/>\n<meta property=\"og:url\" content=\"https:\/\/www.ledizioni.it\/en\/product\/sebastian-saborio-a-cura-di-sicurezza-in-citta-pratiche-di-controllo-allinterno-dello-spazio-urbano\/\" \/>\n<meta property=\"og:site_name\" content=\"Ledizioni\" \/>\n<meta property=\"article:publisher\" content=\"https:\/\/www.facebook.com\/pages\/Ledizioni-LediPublishing\/109120559173329\" \/>\n<meta property=\"article:modified_time\" content=\"2021-06-03T16:07:53+00:00\" \/>\n<meta property=\"og:image\" content=\"https:\/\/www.ledizioni.it\/stag\/wp-content\/uploads\/2016\/01\/sito_ledizioni-2.jpg\" \/>\n\t<meta property=\"og:image:width\" content=\"1451\" \/>\n\t<meta property=\"og:image:height\" content=\"1944\" \/>\n\t<meta property=\"og:image:type\" content=\"image\/jpeg\" \/>\n<meta name=\"twitter:card\" content=\"summary_large_image\" \/>\n<meta name=\"twitter:site\" content=\"@ledizioni\" \/>\n<meta name=\"twitter:label1\" content=\"Estimated reading time\" \/>\n\t<meta name=\"twitter:data1\" content=\"1 minute\" \/>\n<script type=\"application\/ld+json\" class=\"yoast-schema-graph\">{\"@context\":\"https:\\\/\\\/schema.org\",\"@graph\":[{\"@type\":\"WebPage\",\"@id\":\"https:\\\/\\\/www.ledizioni.it\\\/prodotto\\\/sebastian-saborio-a-cura-di-sicurezza-in-citta-pratiche-di-controllo-allinterno-dello-spazio-urbano\\\/\",\"url\":\"https:\\\/\\\/www.ledizioni.it\\\/prodotto\\\/sebastian-saborio-a-cura-di-sicurezza-in-citta-pratiche-di-controllo-allinterno-dello-spazio-urbano\\\/\",\"name\":\"SICUREZZA IN CITTA': PRATICHE DI CONTROLLO ALL'INTERNO DELLO SPAZIO URBANO -\",\"isPartOf\":{\"@id\":\"https:\\\/\\\/www.ledizioni.it\\\/#website\"},\"primaryImageOfPage\":{\"@id\":\"https:\\\/\\\/www.ledizioni.it\\\/prodotto\\\/sebastian-saborio-a-cura-di-sicurezza-in-citta-pratiche-di-controllo-allinterno-dello-spazio-urbano\\\/#primaryimage\"},\"image\":{\"@id\":\"https:\\\/\\\/www.ledizioni.it\\\/prodotto\\\/sebastian-saborio-a-cura-di-sicurezza-in-citta-pratiche-di-controllo-allinterno-dello-spazio-urbano\\\/#primaryimage\"},\"thumbnailUrl\":\"https:\\\/\\\/www.ledizioni.it\\\/stag\\\/wp-content\\\/uploads\\\/2016\\\/01\\\/sito_ledizioni-2.jpg\",\"datePublished\":\"2016-01-19T13:46:17+00:00\",\"dateModified\":\"2021-06-03T16:07:53+00:00\",\"description\":\"Sia all\u2019interno del dibattito accademico che della retorica politica si discute molto di sicurezza urbana.\",\"breadcrumb\":{\"@id\":\"https:\\\/\\\/www.ledizioni.it\\\/prodotto\\\/sebastian-saborio-a-cura-di-sicurezza-in-citta-pratiche-di-controllo-allinterno-dello-spazio-urbano\\\/#breadcrumb\"},\"inLanguage\":\"en-GB\",\"potentialAction\":[{\"@type\":\"ReadAction\",\"target\":[\"https:\\\/\\\/www.ledizioni.it\\\/prodotto\\\/sebastian-saborio-a-cura-di-sicurezza-in-citta-pratiche-di-controllo-allinterno-dello-spazio-urbano\\\/\"]}]},{\"@type\":\"ImageObject\",\"inLanguage\":\"en-GB\",\"@id\":\"https:\\\/\\\/www.ledizioni.it\\\/prodotto\\\/sebastian-saborio-a-cura-di-sicurezza-in-citta-pratiche-di-controllo-allinterno-dello-spazio-urbano\\\/#primaryimage\",\"url\":\"https:\\\/\\\/www.ledizioni.it\\\/stag\\\/wp-content\\\/uploads\\\/2016\\\/01\\\/sito_ledizioni-2.jpg\",\"contentUrl\":\"https:\\\/\\\/www.ledizioni.it\\\/stag\\\/wp-content\\\/uploads\\\/2016\\\/01\\\/sito_ledizioni-2.jpg\",\"width\":1451,\"height\":1944},{\"@type\":\"BreadcrumbList\",\"@id\":\"https:\\\/\\\/www.ledizioni.it\\\/prodotto\\\/sebastian-saborio-a-cura-di-sicurezza-in-citta-pratiche-di-controllo-allinterno-dello-spazio-urbano\\\/#breadcrumb\",\"itemListElement\":[{\"@type\":\"ListItem\",\"position\":1,\"name\":\"Shop\",\"item\":\"https:\\\/\\\/www.ledizioni.it\\\/shop-2\\\/\"},{\"@type\":\"ListItem\",\"position\":2,\"name\":\"SICUREZZA IN CITTA&#8217;: PRATICHE DI CONTROLLO ALL&#8217;INTERNO DELLO SPAZIO URBANO\"}]},{\"@type\":\"WebSite\",\"@id\":\"https:\\\/\\\/www.ledizioni.it\\\/#website\",\"url\":\"https:\\\/\\\/www.ledizioni.it\\\/\",\"name\":\"Ledizioni\",\"description\":\"The Innovative LediPublishing Company - Casa Editrice Universitaria\",\"publisher\":{\"@id\":\"https:\\\/\\\/www.ledizioni.it\\\/#organization\"},\"potentialAction\":[{\"@type\":\"SearchAction\",\"target\":{\"@type\":\"EntryPoint\",\"urlTemplate\":\"https:\\\/\\\/www.ledizioni.it\\\/?s={search_term_string}\"},\"query-input\":{\"@type\":\"PropertyValueSpecification\",\"valueRequired\":true,\"valueName\":\"search_term_string\"}}],\"inLanguage\":\"en-GB\"},{\"@type\":\"Organization\",\"@id\":\"https:\\\/\\\/www.ledizioni.it\\\/#organization\",\"name\":\"Ledizioni\",\"url\":\"https:\\\/\\\/www.ledizioni.it\\\/\",\"logo\":{\"@type\":\"ImageObject\",\"inLanguage\":\"en-GB\",\"@id\":\"https:\\\/\\\/www.ledizioni.it\\\/#\\\/schema\\\/logo\\\/image\\\/\",\"url\":\"https:\\\/\\\/www.ledizioni.it\\\/stag\\\/wp-content\\\/uploads\\\/2023\\\/10\\\/newlogoledizioni500x110_2-1.jpg\",\"contentUrl\":\"https:\\\/\\\/www.ledizioni.it\\\/stag\\\/wp-content\\\/uploads\\\/2023\\\/10\\\/newlogoledizioni500x110_2-1.jpg\",\"width\":354,\"height\":87,\"caption\":\"Ledizioni\"},\"image\":{\"@id\":\"https:\\\/\\\/www.ledizioni.it\\\/#\\\/schema\\\/logo\\\/image\\\/\"},\"sameAs\":[\"https:\\\/\\\/www.facebook.com\\\/pages\\\/Ledizioni-LediPublishing\\\/109120559173329\",\"https:\\\/\\\/x.com\\\/ledizioni\"]}]}<\/script>\n<!-- \/ Yoast SEO plugin. -->","yoast_head_json":{"title":"SICUREZZA IN CITTA': PRATICHE DI CONTROLLO ALL'INTERNO DELLO SPAZIO URBANO -","description":"Sia all\u2019interno del dibattito accademico che della retorica politica si discute molto di sicurezza urbana.","robots":{"index":"index","follow":"follow","max-snippet":"max-snippet:-1","max-image-preview":"max-image-preview:large","max-video-preview":"max-video-preview:-1"},"canonical":"https:\/\/www.ledizioni.it\/en\/product\/sebastian-saborio-a-cura-di-sicurezza-in-citta-pratiche-di-controllo-allinterno-dello-spazio-urbano\/","og_locale":"en_GB","og_type":"article","og_title":"SICUREZZA IN CITTA': PRATICHE DI CONTROLLO ALL'INTERNO DELLO SPAZIO URBANO -","og_description":"Sia all\u2019interno del dibattito accademico che della retorica politica si discute molto di sicurezza urbana.","og_url":"https:\/\/www.ledizioni.it\/en\/product\/sebastian-saborio-a-cura-di-sicurezza-in-citta-pratiche-di-controllo-allinterno-dello-spazio-urbano\/","og_site_name":"Ledizioni","article_publisher":"https:\/\/www.facebook.com\/pages\/Ledizioni-LediPublishing\/109120559173329","article_modified_time":"2021-06-03T16:07:53+00:00","og_image":[{"width":1451,"height":1944,"url":"https:\/\/www.ledizioni.it\/stag\/wp-content\/uploads\/2016\/01\/sito_ledizioni-2.jpg","type":"image\/jpeg"}],"twitter_card":"summary_large_image","twitter_site":"@ledizioni","twitter_misc":{"Estimated reading time":"1 minute"},"schema":{"@context":"https:\/\/schema.org","@graph":[{"@type":"WebPage","@id":"https:\/\/www.ledizioni.it\/prodotto\/sebastian-saborio-a-cura-di-sicurezza-in-citta-pratiche-di-controllo-allinterno-dello-spazio-urbano\/","url":"https:\/\/www.ledizioni.it\/prodotto\/sebastian-saborio-a-cura-di-sicurezza-in-citta-pratiche-di-controllo-allinterno-dello-spazio-urbano\/","name":"SICUREZZA IN CITTA': PRATICHE DI CONTROLLO ALL'INTERNO DELLO SPAZIO URBANO -","isPartOf":{"@id":"https:\/\/www.ledizioni.it\/#website"},"primaryImageOfPage":{"@id":"https:\/\/www.ledizioni.it\/prodotto\/sebastian-saborio-a-cura-di-sicurezza-in-citta-pratiche-di-controllo-allinterno-dello-spazio-urbano\/#primaryimage"},"image":{"@id":"https:\/\/www.ledizioni.it\/prodotto\/sebastian-saborio-a-cura-di-sicurezza-in-citta-pratiche-di-controllo-allinterno-dello-spazio-urbano\/#primaryimage"},"thumbnailUrl":"https:\/\/www.ledizioni.it\/stag\/wp-content\/uploads\/2016\/01\/sito_ledizioni-2.jpg","datePublished":"2016-01-19T13:46:17+00:00","dateModified":"2021-06-03T16:07:53+00:00","description":"Sia all\u2019interno del dibattito accademico che della retorica politica si discute molto di sicurezza urbana.","breadcrumb":{"@id":"https:\/\/www.ledizioni.it\/prodotto\/sebastian-saborio-a-cura-di-sicurezza-in-citta-pratiche-di-controllo-allinterno-dello-spazio-urbano\/#breadcrumb"},"inLanguage":"en-GB","potentialAction":[{"@type":"ReadAction","target":["https:\/\/www.ledizioni.it\/prodotto\/sebastian-saborio-a-cura-di-sicurezza-in-citta-pratiche-di-controllo-allinterno-dello-spazio-urbano\/"]}]},{"@type":"ImageObject","inLanguage":"en-GB","@id":"https:\/\/www.ledizioni.it\/prodotto\/sebastian-saborio-a-cura-di-sicurezza-in-citta-pratiche-di-controllo-allinterno-dello-spazio-urbano\/#primaryimage","url":"https:\/\/www.ledizioni.it\/stag\/wp-content\/uploads\/2016\/01\/sito_ledizioni-2.jpg","contentUrl":"https:\/\/www.ledizioni.it\/stag\/wp-content\/uploads\/2016\/01\/sito_ledizioni-2.jpg","width":1451,"height":1944},{"@type":"BreadcrumbList","@id":"https:\/\/www.ledizioni.it\/prodotto\/sebastian-saborio-a-cura-di-sicurezza-in-citta-pratiche-di-controllo-allinterno-dello-spazio-urbano\/#breadcrumb","itemListElement":[{"@type":"ListItem","position":1,"name":"Shop","item":"https:\/\/www.ledizioni.it\/shop-2\/"},{"@type":"ListItem","position":2,"name":"SICUREZZA IN CITTA&#8217;: PRATICHE DI CONTROLLO ALL&#8217;INTERNO DELLO SPAZIO URBANO"}]},{"@type":"WebSite","@id":"https:\/\/www.ledizioni.it\/#website","url":"https:\/\/www.ledizioni.it\/","name":"Ledizioni","description":"The Innovative LediPublishing Company - Casa Editrice Universitaria","publisher":{"@id":"https:\/\/www.ledizioni.it\/#organization"},"potentialAction":[{"@type":"SearchAction","target":{"@type":"EntryPoint","urlTemplate":"https:\/\/www.ledizioni.it\/?s={search_term_string}"},"query-input":{"@type":"PropertyValueSpecification","valueRequired":true,"valueName":"search_term_string"}}],"inLanguage":"en-GB"},{"@type":"Organization","@id":"https:\/\/www.ledizioni.it\/#organization","name":"Ledizioni","url":"https:\/\/www.ledizioni.it\/","logo":{"@type":"ImageObject","inLanguage":"en-GB","@id":"https:\/\/www.ledizioni.it\/#\/schema\/logo\/image\/","url":"https:\/\/www.ledizioni.it\/stag\/wp-content\/uploads\/2023\/10\/newlogoledizioni500x110_2-1.jpg","contentUrl":"https:\/\/www.ledizioni.it\/stag\/wp-content\/uploads\/2023\/10\/newlogoledizioni500x110_2-1.jpg","width":354,"height":87,"caption":"Ledizioni"},"image":{"@id":"https:\/\/www.ledizioni.it\/#\/schema\/logo\/image\/"},"sameAs":["https:\/\/www.facebook.com\/pages\/Ledizioni-LediPublishing\/109120559173329","https:\/\/x.com\/ledizioni"]}]}},"jetpack_sharing_enabled":true,"_links":{"self":[{"href":"https:\/\/www.ledizioni.it\/en\/wp-json\/wp\/v2\/product\/14130","targetHints":{"allow":["GET"]}}],"collection":[{"href":"https:\/\/www.ledizioni.it\/en\/wp-json\/wp\/v2\/product"}],"about":[{"href":"https:\/\/www.ledizioni.it\/en\/wp-json\/wp\/v2\/types\/product"}],"replies":[{"embeddable":true,"href":"https:\/\/www.ledizioni.it\/en\/wp-json\/wp\/v2\/comments?post=14130"}],"version-history":[{"count":1,"href":"https:\/\/www.ledizioni.it\/en\/wp-json\/wp\/v2\/product\/14130\/revisions"}],"predecessor-version":[{"id":14134,"href":"https:\/\/www.ledizioni.it\/en\/wp-json\/wp\/v2\/product\/14130\/revisions\/14134"}],"wp:featuredmedia":[{"embeddable":true,"href":"https:\/\/www.ledizioni.it\/en\/wp-json\/wp\/v2\/media\/14133"}],"wp:attachment":[{"href":"https:\/\/www.ledizioni.it\/en\/wp-json\/wp\/v2\/media?parent=14130"}],"wp:term":[{"taxonomy":"product_brand","embeddable":true,"href":"https:\/\/www.ledizioni.it\/en\/wp-json\/wp\/v2\/product_brand?post=14130"},{"taxonomy":"product_cat","embeddable":true,"href":"https:\/\/www.ledizioni.it\/en\/wp-json\/wp\/v2\/product_cat?post=14130"},{"taxonomy":"product_tag","embeddable":true,"href":"https:\/\/www.ledizioni.it\/en\/wp-json\/wp\/v2\/product_tag?post=14130"}],"curies":[{"name":"wp","href":"https:\/\/api.w.org\/{rel}","templated":true}]}}