{"id":14142,"date":"2016-01-20T14:05:53","date_gmt":"2016-01-20T12:05:53","guid":{"rendered":"http:\/\/www.ledizioni.it\/prodotto\/valerio-bini-martina-vitale-alimentazione-cultura-e-societa-in-africa-crisi-globale-risorse-sociali\/"},"modified":"2022-07-08T17:25:18","modified_gmt":"2022-07-08T15:25:18","slug":"valerio-bini-martina-vitale-alimentazione-cultura-e-societa-in-africa-crisi-globale-risorse-locali","status":"publish","type":"product","link":"https:\/\/www.ledizioni.it\/en\/product\/valerio-bini-martina-vitale-alimentazione-cultura-e-societa-in-africa-crisi-globale-risorse-locali\/","title":{"rendered":"ALIMENTAZIONE, CULTURA E SOCIET\u00c0 IN AFRICA. CRISI GLOBALI, RISORSE LOCALI"},"content":{"rendered":"<div>\n<p style=\"text-align: justify;\">[amazon_link asins=&#8217;8867053876&#8242; template=&#8217;PriceLink1&#8242; store=&#8217;ledizioni-21&#8242; marketplace=&#8217;IT&#8217; link_id=&#8217;23340049-dc43-11e8-86e6-a7450ce8d76c&#8217;]<\/p>\n<p style=\"text-align: justify;\">Il volume \u00e8 dedicato al rapporto tra alimentazione, cultura e societ\u00e0 nell\u2019Africa contemporanea. Ricercatori di diverse discipline (geografia, letteratura, antropologia, economia) si confrontano con operatori della cooperazione internazionale per approfondire le criticit\u00e0 nell\u2019accesso al cibo in Africa e analizzare le risorse materiali e immateriali che le societ\u00e0 africane attivano in questo settore. Una particolare attenzione \u00e8 dedicata alle strategie delle comunit\u00e0 locali in ambito agricolo e alimentare: in un contesto globale caratterizzato da forti squilibri, la dimensione locale costituisce un\u2019importante opportunit\u00e0 per garantire un\u2019alimentazione sufficiente e di qualit\u00e0, conservando e valorizzando l\u2019ambiente e le culture africane.<\/p>\n<\/div>\n<p>&nbsp;<\/p>\n<h3 style=\"text-align: justify;\"><strong>DATI BIBLIOGRAFICI<\/strong><\/h3>\n<p style=\"text-align: justify;\">A cura di: Valerio Bini, Martina Vitale Ney<br \/>\nEditore: Ledizioni<br \/>\nCollana: <a title=\"Di\/Segni\" href=\"https:\/\/www.ledizioni.it\/en\/product-category\/letteratura\/disegni\/\">Di\/Segni<\/a><br \/>\nFormato: Brossura<br \/>\nPubblicato in: Dicembre 2015<br \/>\nISBN: 9788867053872<br \/>\nPrezzo: 20,00 \u20ac<\/p>\n<p><a href=\"https:\/\/www.torrossa.com\/it\/resources\/an\/3140213\"><img decoding=\"async\" class=\"aligncenter wp-image-23912\" src=\"https:\/\/www.ledizioni.it\/stag\/wp-content\/uploads\/2019\/07\/torrossa_web-150x80.jpg\" alt=\"\" width=\"200\" height=\"60\" \/><\/a><\/p>","protected":false},"excerpt":{"rendered":"<p>[amazon_link asins=&#8217;8867053876&#8242; template=&#8217;PriceLink1&#8242; store=&#8217;ledizioni-21&#8242; marketplace=&#8217;IT&#8217; link_id=&#8217;23340049-dc43-11e8-86e6-a7450ce8d76c&#8217;] Il volume \u00e8 dedicato al rapporto tra alimentazione, cultura e societ\u00e0 nell\u2019Africa contemporanea. Ricercatori<\/p>","protected":false},"featured_media":14199,"comment_status":"open","ping_status":"closed","template":"","meta":{"_acf_changed":false},"product_brand":[],"product_cat":[1080],"product_tag":[982,1216,764],"class_list":{"0":"post-14142","1":"product","2":"type-product","3":"status-publish","4":"has-post-thumbnail","6":"product_cat-disegni","7":"product_tag-africa","8":"product_tag-alimentazione","9":"product_tag-open-access-2","10":"pa_formato-cartaceo","11":"pa_formato-ebook-in-epub","12":"pa_formato-ebook-in-pdf","13":"pa_lingua-francese","14":"pa_lingua-italiano","16":"first","17":"instock","18":"featured","19":"shipping-taxable","20":"purchasable","21":"product-type-variable"},"acf":[],"yoast_head":"<!-- This site is optimized with the Yoast SEO plugin v27.4 - https:\/\/yoast.com\/product\/yoast-seo-wordpress\/ -->\n<title>Alimentazione, Cultura e Societ\u00e0 in Africa<\/title>\n<meta name=\"description\" content=\"Il volume \u00e8 dedicato al rapporto tra alimentazione, cultura e societ\u00e0 nell\u2019Africa contemporanea.\" \/>\n<meta name=\"robots\" content=\"index, follow, max-snippet:-1, max-image-preview:large, max-video-preview:-1\" \/>\n<link rel=\"canonical\" href=\"https:\/\/www.ledizioni.it\/en\/product\/valerio-bini-martina-vitale-alimentazione-cultura-e-societa-in-africa-crisi-globale-risorse-locali\/\" \/>\n<meta property=\"og:locale\" content=\"en_GB\" \/>\n<meta property=\"og:type\" content=\"article\" \/>\n<meta property=\"og:title\" content=\"Alimentazione, Cultura e Societ\u00e0 in Africa\" \/>\n<meta property=\"og:description\" content=\"Il volume \u00e8 dedicato al rapporto tra alimentazione, cultura e societ\u00e0 nell\u2019Africa contemporanea.\" \/>\n<meta property=\"og:url\" content=\"https:\/\/www.ledizioni.it\/en\/product\/valerio-bini-martina-vitale-alimentazione-cultura-e-societa-in-africa-crisi-globale-risorse-locali\/\" \/>\n<meta property=\"og:site_name\" content=\"Ledizioni\" \/>\n<meta property=\"article:publisher\" content=\"https:\/\/www.facebook.com\/pages\/Ledizioni-LediPublishing\/109120559173329\" \/>\n<meta property=\"article:modified_time\" content=\"2022-07-08T15:25:18+00:00\" \/>\n<meta property=\"og:image\" content=\"https:\/\/www.ledizioni.it\/stag\/wp-content\/uploads\/2016\/01\/Cover3D.jpg\" \/>\n\t<meta property=\"og:image:width\" content=\"1552\" \/>\n\t<meta property=\"og:image:height\" content=\"2010\" \/>\n\t<meta property=\"og:image:type\" content=\"image\/jpeg\" \/>\n<meta name=\"twitter:card\" content=\"summary_large_image\" \/>\n<meta name=\"twitter:site\" content=\"@ledizioni\" \/>\n<meta name=\"twitter:label1\" content=\"Estimated reading time\" \/>\n\t<meta name=\"twitter:data1\" content=\"1 minute\" \/>\n<script type=\"application\/ld+json\" class=\"yoast-schema-graph\">{\"@context\":\"https:\\\/\\\/schema.org\",\"@graph\":[{\"@type\":\"WebPage\",\"@id\":\"https:\\\/\\\/www.ledizioni.it\\\/prodotto\\\/valerio-bini-martina-vitale-alimentazione-cultura-e-societa-in-africa-crisi-globale-risorse-locali\\\/\",\"url\":\"https:\\\/\\\/www.ledizioni.it\\\/prodotto\\\/valerio-bini-martina-vitale-alimentazione-cultura-e-societa-in-africa-crisi-globale-risorse-locali\\\/\",\"name\":\"Alimentazione, Cultura e Societ\u00e0 in Africa\",\"isPartOf\":{\"@id\":\"https:\\\/\\\/www.ledizioni.it\\\/#website\"},\"primaryImageOfPage\":{\"@id\":\"https:\\\/\\\/www.ledizioni.it\\\/prodotto\\\/valerio-bini-martina-vitale-alimentazione-cultura-e-societa-in-africa-crisi-globale-risorse-locali\\\/#primaryimage\"},\"image\":{\"@id\":\"https:\\\/\\\/www.ledizioni.it\\\/prodotto\\\/valerio-bini-martina-vitale-alimentazione-cultura-e-societa-in-africa-crisi-globale-risorse-locali\\\/#primaryimage\"},\"thumbnailUrl\":\"https:\\\/\\\/www.ledizioni.it\\\/stag\\\/wp-content\\\/uploads\\\/2016\\\/01\\\/Cover3D.jpg\",\"datePublished\":\"2016-01-20T12:05:53+00:00\",\"dateModified\":\"2022-07-08T15:25:18+00:00\",\"description\":\"Il volume \u00e8 dedicato al rapporto tra alimentazione, cultura e societ\u00e0 nell\u2019Africa contemporanea.\",\"breadcrumb\":{\"@id\":\"https:\\\/\\\/www.ledizioni.it\\\/prodotto\\\/valerio-bini-martina-vitale-alimentazione-cultura-e-societa-in-africa-crisi-globale-risorse-locali\\\/#breadcrumb\"},\"inLanguage\":\"en-GB\",\"potentialAction\":[{\"@type\":\"ReadAction\",\"target\":[\"https:\\\/\\\/www.ledizioni.it\\\/prodotto\\\/valerio-bini-martina-vitale-alimentazione-cultura-e-societa-in-africa-crisi-globale-risorse-locali\\\/\"]}]},{\"@type\":\"ImageObject\",\"inLanguage\":\"en-GB\",\"@id\":\"https:\\\/\\\/www.ledizioni.it\\\/prodotto\\\/valerio-bini-martina-vitale-alimentazione-cultura-e-societa-in-africa-crisi-globale-risorse-locali\\\/#primaryimage\",\"url\":\"https:\\\/\\\/www.ledizioni.it\\\/stag\\\/wp-content\\\/uploads\\\/2016\\\/01\\\/Cover3D.jpg\",\"contentUrl\":\"https:\\\/\\\/www.ledizioni.it\\\/stag\\\/wp-content\\\/uploads\\\/2016\\\/01\\\/Cover3D.jpg\",\"width\":1552,\"height\":2010},{\"@type\":\"BreadcrumbList\",\"@id\":\"https:\\\/\\\/www.ledizioni.it\\\/prodotto\\\/valerio-bini-martina-vitale-alimentazione-cultura-e-societa-in-africa-crisi-globale-risorse-locali\\\/#breadcrumb\",\"itemListElement\":[{\"@type\":\"ListItem\",\"position\":1,\"name\":\"Shop\",\"item\":\"https:\\\/\\\/www.ledizioni.it\\\/shop-2\\\/\"},{\"@type\":\"ListItem\",\"position\":2,\"name\":\"ALIMENTAZIONE, CULTURA E SOCIET\u00c0 IN AFRICA. CRISI GLOBALI, RISORSE LOCALI\"}]},{\"@type\":\"WebSite\",\"@id\":\"https:\\\/\\\/www.ledizioni.it\\\/#website\",\"url\":\"https:\\\/\\\/www.ledizioni.it\\\/\",\"name\":\"Ledizioni\",\"description\":\"The Innovative LediPublishing Company - Casa Editrice Universitaria\",\"publisher\":{\"@id\":\"https:\\\/\\\/www.ledizioni.it\\\/#organization\"},\"potentialAction\":[{\"@type\":\"SearchAction\",\"target\":{\"@type\":\"EntryPoint\",\"urlTemplate\":\"https:\\\/\\\/www.ledizioni.it\\\/?s={search_term_string}\"},\"query-input\":{\"@type\":\"PropertyValueSpecification\",\"valueRequired\":true,\"valueName\":\"search_term_string\"}}],\"inLanguage\":\"en-GB\"},{\"@type\":\"Organization\",\"@id\":\"https:\\\/\\\/www.ledizioni.it\\\/#organization\",\"name\":\"Ledizioni\",\"url\":\"https:\\\/\\\/www.ledizioni.it\\\/\",\"logo\":{\"@type\":\"ImageObject\",\"inLanguage\":\"en-GB\",\"@id\":\"https:\\\/\\\/www.ledizioni.it\\\/#\\\/schema\\\/logo\\\/image\\\/\",\"url\":\"https:\\\/\\\/www.ledizioni.it\\\/stag\\\/wp-content\\\/uploads\\\/2023\\\/10\\\/newlogoledizioni500x110_2-1.jpg\",\"contentUrl\":\"https:\\\/\\\/www.ledizioni.it\\\/stag\\\/wp-content\\\/uploads\\\/2023\\\/10\\\/newlogoledizioni500x110_2-1.jpg\",\"width\":354,\"height\":87,\"caption\":\"Ledizioni\"},\"image\":{\"@id\":\"https:\\\/\\\/www.ledizioni.it\\\/#\\\/schema\\\/logo\\\/image\\\/\"},\"sameAs\":[\"https:\\\/\\\/www.facebook.com\\\/pages\\\/Ledizioni-LediPublishing\\\/109120559173329\",\"https:\\\/\\\/x.com\\\/ledizioni\"]}]}<\/script>\n<!-- \/ Yoast SEO plugin. -->","yoast_head_json":{"title":"Alimentazione, Cultura e Societ\u00e0 in Africa","description":"Il volume \u00e8 dedicato al rapporto tra alimentazione, cultura e societ\u00e0 nell\u2019Africa contemporanea.","robots":{"index":"index","follow":"follow","max-snippet":"max-snippet:-1","max-image-preview":"max-image-preview:large","max-video-preview":"max-video-preview:-1"},"canonical":"https:\/\/www.ledizioni.it\/en\/product\/valerio-bini-martina-vitale-alimentazione-cultura-e-societa-in-africa-crisi-globale-risorse-locali\/","og_locale":"en_GB","og_type":"article","og_title":"Alimentazione, Cultura e Societ\u00e0 in Africa","og_description":"Il volume \u00e8 dedicato al rapporto tra alimentazione, cultura e societ\u00e0 nell\u2019Africa contemporanea.","og_url":"https:\/\/www.ledizioni.it\/en\/product\/valerio-bini-martina-vitale-alimentazione-cultura-e-societa-in-africa-crisi-globale-risorse-locali\/","og_site_name":"Ledizioni","article_publisher":"https:\/\/www.facebook.com\/pages\/Ledizioni-LediPublishing\/109120559173329","article_modified_time":"2022-07-08T15:25:18+00:00","og_image":[{"width":1552,"height":2010,"url":"https:\/\/www.ledizioni.it\/stag\/wp-content\/uploads\/2016\/01\/Cover3D.jpg","type":"image\/jpeg"}],"twitter_card":"summary_large_image","twitter_site":"@ledizioni","twitter_misc":{"Estimated reading time":"1 minute"},"schema":{"@context":"https:\/\/schema.org","@graph":[{"@type":"WebPage","@id":"https:\/\/www.ledizioni.it\/prodotto\/valerio-bini-martina-vitale-alimentazione-cultura-e-societa-in-africa-crisi-globale-risorse-locali\/","url":"https:\/\/www.ledizioni.it\/prodotto\/valerio-bini-martina-vitale-alimentazione-cultura-e-societa-in-africa-crisi-globale-risorse-locali\/","name":"Alimentazione, Cultura e Societ\u00e0 in Africa","isPartOf":{"@id":"https:\/\/www.ledizioni.it\/#website"},"primaryImageOfPage":{"@id":"https:\/\/www.ledizioni.it\/prodotto\/valerio-bini-martina-vitale-alimentazione-cultura-e-societa-in-africa-crisi-globale-risorse-locali\/#primaryimage"},"image":{"@id":"https:\/\/www.ledizioni.it\/prodotto\/valerio-bini-martina-vitale-alimentazione-cultura-e-societa-in-africa-crisi-globale-risorse-locali\/#primaryimage"},"thumbnailUrl":"https:\/\/www.ledizioni.it\/stag\/wp-content\/uploads\/2016\/01\/Cover3D.jpg","datePublished":"2016-01-20T12:05:53+00:00","dateModified":"2022-07-08T15:25:18+00:00","description":"Il volume \u00e8 dedicato al rapporto tra alimentazione, cultura e societ\u00e0 nell\u2019Africa contemporanea.","breadcrumb":{"@id":"https:\/\/www.ledizioni.it\/prodotto\/valerio-bini-martina-vitale-alimentazione-cultura-e-societa-in-africa-crisi-globale-risorse-locali\/#breadcrumb"},"inLanguage":"en-GB","potentialAction":[{"@type":"ReadAction","target":["https:\/\/www.ledizioni.it\/prodotto\/valerio-bini-martina-vitale-alimentazione-cultura-e-societa-in-africa-crisi-globale-risorse-locali\/"]}]},{"@type":"ImageObject","inLanguage":"en-GB","@id":"https:\/\/www.ledizioni.it\/prodotto\/valerio-bini-martina-vitale-alimentazione-cultura-e-societa-in-africa-crisi-globale-risorse-locali\/#primaryimage","url":"https:\/\/www.ledizioni.it\/stag\/wp-content\/uploads\/2016\/01\/Cover3D.jpg","contentUrl":"https:\/\/www.ledizioni.it\/stag\/wp-content\/uploads\/2016\/01\/Cover3D.jpg","width":1552,"height":2010},{"@type":"BreadcrumbList","@id":"https:\/\/www.ledizioni.it\/prodotto\/valerio-bini-martina-vitale-alimentazione-cultura-e-societa-in-africa-crisi-globale-risorse-locali\/#breadcrumb","itemListElement":[{"@type":"ListItem","position":1,"name":"Shop","item":"https:\/\/www.ledizioni.it\/shop-2\/"},{"@type":"ListItem","position":2,"name":"ALIMENTAZIONE, CULTURA E SOCIET\u00c0 IN AFRICA. CRISI GLOBALI, RISORSE LOCALI"}]},{"@type":"WebSite","@id":"https:\/\/www.ledizioni.it\/#website","url":"https:\/\/www.ledizioni.it\/","name":"Ledizioni","description":"The Innovative LediPublishing Company - Casa Editrice Universitaria","publisher":{"@id":"https:\/\/www.ledizioni.it\/#organization"},"potentialAction":[{"@type":"SearchAction","target":{"@type":"EntryPoint","urlTemplate":"https:\/\/www.ledizioni.it\/?s={search_term_string}"},"query-input":{"@type":"PropertyValueSpecification","valueRequired":true,"valueName":"search_term_string"}}],"inLanguage":"en-GB"},{"@type":"Organization","@id":"https:\/\/www.ledizioni.it\/#organization","name":"Ledizioni","url":"https:\/\/www.ledizioni.it\/","logo":{"@type":"ImageObject","inLanguage":"en-GB","@id":"https:\/\/www.ledizioni.it\/#\/schema\/logo\/image\/","url":"https:\/\/www.ledizioni.it\/stag\/wp-content\/uploads\/2023\/10\/newlogoledizioni500x110_2-1.jpg","contentUrl":"https:\/\/www.ledizioni.it\/stag\/wp-content\/uploads\/2023\/10\/newlogoledizioni500x110_2-1.jpg","width":354,"height":87,"caption":"Ledizioni"},"image":{"@id":"https:\/\/www.ledizioni.it\/#\/schema\/logo\/image\/"},"sameAs":["https:\/\/www.facebook.com\/pages\/Ledizioni-LediPublishing\/109120559173329","https:\/\/x.com\/ledizioni"]}]}},"jetpack_sharing_enabled":true,"_links":{"self":[{"href":"https:\/\/www.ledizioni.it\/en\/wp-json\/wp\/v2\/product\/14142","targetHints":{"allow":["GET"]}}],"collection":[{"href":"https:\/\/www.ledizioni.it\/en\/wp-json\/wp\/v2\/product"}],"about":[{"href":"https:\/\/www.ledizioni.it\/en\/wp-json\/wp\/v2\/types\/product"}],"replies":[{"embeddable":true,"href":"https:\/\/www.ledizioni.it\/en\/wp-json\/wp\/v2\/comments?post=14142"}],"version-history":[{"count":1,"href":"https:\/\/www.ledizioni.it\/en\/wp-json\/wp\/v2\/product\/14142\/revisions"}],"predecessor-version":[{"id":14198,"href":"https:\/\/www.ledizioni.it\/en\/wp-json\/wp\/v2\/product\/14142\/revisions\/14198"}],"wp:featuredmedia":[{"embeddable":true,"href":"https:\/\/www.ledizioni.it\/en\/wp-json\/wp\/v2\/media\/14199"}],"wp:attachment":[{"href":"https:\/\/www.ledizioni.it\/en\/wp-json\/wp\/v2\/media?parent=14142"}],"wp:term":[{"taxonomy":"product_brand","embeddable":true,"href":"https:\/\/www.ledizioni.it\/en\/wp-json\/wp\/v2\/product_brand?post=14142"},{"taxonomy":"product_cat","embeddable":true,"href":"https:\/\/www.ledizioni.it\/en\/wp-json\/wp\/v2\/product_cat?post=14142"},{"taxonomy":"product_tag","embeddable":true,"href":"https:\/\/www.ledizioni.it\/en\/wp-json\/wp\/v2\/product_tag?post=14142"}],"curies":[{"name":"wp","href":"https:\/\/api.w.org\/{rel}","templated":true}]}}