{"id":14303,"date":"2016-02-09T09:01:24","date_gmt":"2016-02-09T07:01:24","guid":{"rendered":"http:\/\/www.ledizioni.it\/prodotto\/antropologia-nuova-serie-vol-2-n-2-artigiani-apporti-etnografici\/"},"modified":"2022-02-28T23:16:34","modified_gmt":"2022-02-28T21:16:34","slug":"antropologia-nuova-serie-vol-2-n-2-artigiani-apporti-etnografici","status":"publish","type":"product","link":"https:\/\/www.ledizioni.it\/en\/product\/antropologia-nuova-serie-vol-2-n-2-artigiani-apporti-etnografici\/","title":{"rendered":"Antropologia, nuova serie &#8211; Vol. 2, N.2 &#8211; Artigiani. Apporti etnografici"},"content":{"rendered":"<p style=\"text-align: justify;\"><em>Indice<\/em><br \/>\nMarinella Carosso, Simone Ghezzi<br \/>\nIntroduzione. Artigiani fra bottega e artigianato industriale<\/p>\n<p style=\"text-align: justify;\">Michael Herzfeld<br \/>\nArtigianato e societ\u00e0: pensieri intorno a un concetto<\/p>\n<p style=\"text-align: justify;\">Marinella Carosso<br \/>\nDa artigianato a mestiere d\u2019arte: il ricamatore per la moda a Milano<\/p>\n<p style=\"text-align: justify;\">Simone Ghezzi<br \/>\nFatti \u2018quasi\u2019 a mano. La trasformazione del mobile d\u2019arte in Brianza<\/p>\n<p style=\"text-align: justify;\">Lidia Calderoli<br \/>\nSaperi del ferro in Lombardia: il senso del lavoro, l\u2019utilit\u00e0 degli oggetti. Una ricerca antropologica tra fabbri e maniscalchi<\/p>\n<p style=\"text-align: justify;\">Michele Filippo Fontefrancesco<br \/>\nArtigianalit\u00e0 valenzana: retorica e manifattura di un distretto industriale italiano<\/p>\n<p style=\"text-align: justify;\">Heather Paxson<br \/>\nLa vita americana del formaggio: la negoziazione dei valori di un prodotto artigianale in una societ\u00e0 industriale<\/p>\n<p style=\"text-align: justify;\">Ilaria Guglielmetti<br \/>\nCultural Design: un tentativo interdisciplinare sperimentato nel progetto Design al tombolo<\/p>\n<p style=\"text-align: justify;\">Baptiste Buob<br \/>\nDensit\u00e0, plasticit\u00e0, riflessivit\u00e0. Tre virt\u00f9 della ricerca audiovisiva al servizio dell\u2019etnografia delle tecniche<\/p>\n<p style=\"text-align: justify;\"><em>Recensioni:<\/em><br \/>\nMark S. Wagner, 2015, Jews and Islamic Law in early 20th-century Yemen di Luca Nevola<br \/>\nEdward E. Curtis IV, 2014, The Call of Bilal: Islam in the African Diaspora di Marta Scaglioni<br \/>\nRoy Ellen, Stephen J. Lycett, Sarah E. Johns, 2013, Understanding Cultural Transmission in Anthropology. A Critical Synthesis di Clelia Viecelli<\/p>\n<p>RIFERIMENTI BIBLIOGRAFICI<\/p>\n<p>Prezzo cartaceo: 25,00\u00a0\u20ac<\/p>","protected":false},"excerpt":{"rendered":"<p>Indice Marinella Carosso, Simone Ghezzi Introduzione. Artigiani fra bottega e artigianato industriale Michael Herzfeld Artigianato e societ\u00e0: pensieri intorno a<\/p>","protected":false},"featured_media":14304,"comment_status":"open","ping_status":"closed","template":"","meta":{"_acf_changed":false},"product_brand":[],"product_cat":[14],"product_tag":[1882,702],"class_list":{"0":"post-14303","1":"product","2":"type-product","3":"status-publish","4":"has-post-thumbnail","6":"product_cat-yearbook-of-anthropology","7":"product_tag-etnografia","8":"product_tag-guerra","9":"pa_formato-cartaceo","10":"pa_lingua-inglese","12":"first","13":"instock","14":"featured","15":"shipping-taxable","16":"purchasable","17":"product-type-simple"},"acf":[],"yoast_head":"<!-- This site is optimized with the Yoast SEO plugin v27.4 - https:\/\/yoast.com\/product\/yoast-seo-wordpress\/ -->\n<title>Antropologia, nuova serie - Vol. 2, N.2 - Artigiani. Apporti etnografici -<\/title>\n<meta name=\"description\" content=\"Ledizioni - Innovative Publishing. Casa editrice universitaria. Open Access. eBook, ePub. Creative Commons.\" \/>\n<meta name=\"robots\" content=\"index, follow, max-snippet:-1, max-image-preview:large, max-video-preview:-1\" \/>\n<link rel=\"canonical\" href=\"https:\/\/www.ledizioni.it\/en\/product\/antropologia-nuova-serie-vol-2-n-2-artigiani-apporti-etnografici\/\" \/>\n<meta property=\"og:locale\" content=\"en_GB\" \/>\n<meta property=\"og:type\" content=\"article\" \/>\n<meta property=\"og:title\" content=\"Antropologia, nuova serie - Vol. 2, N.2 - Artigiani. Apporti etnografici -\" \/>\n<meta property=\"og:description\" content=\"Ledizioni - Innovative Publishing. Casa editrice universitaria. Open Access. eBook, ePub. Creative Commons.\" \/>\n<meta property=\"og:url\" content=\"https:\/\/www.ledizioni.it\/en\/product\/antropologia-nuova-serie-vol-2-n-2-artigiani-apporti-etnografici\/\" \/>\n<meta property=\"og:site_name\" content=\"Ledizioni\" \/>\n<meta property=\"article:publisher\" content=\"https:\/\/www.facebook.com\/pages\/Ledizioni-LediPublishing\/109120559173329\" \/>\n<meta property=\"article:modified_time\" content=\"2022-02-28T21:16:34+00:00\" \/>\n<meta property=\"og:image\" content=\"https:\/\/www.ledizioni.it\/stag\/wp-content\/uploads\/2016\/02\/foto-finale-2.jpg\" \/>\n\t<meta property=\"og:image:width\" content=\"1473\" \/>\n\t<meta property=\"og:image:height\" content=\"1854\" \/>\n\t<meta property=\"og:image:type\" content=\"image\/jpeg\" \/>\n<meta name=\"twitter:card\" content=\"summary_large_image\" \/>\n<meta name=\"twitter:site\" content=\"@ledizioni\" \/>\n<meta name=\"twitter:label1\" content=\"Estimated reading time\" \/>\n\t<meta name=\"twitter:data1\" content=\"1 minute\" \/>\n<script type=\"application\/ld+json\" class=\"yoast-schema-graph\">{\"@context\":\"https:\\\/\\\/schema.org\",\"@graph\":[{\"@type\":\"WebPage\",\"@id\":\"https:\\\/\\\/www.ledizioni.it\\\/prodotto\\\/antropologia-nuova-serie-vol-2-n-2-artigiani-apporti-etnografici\\\/\",\"url\":\"https:\\\/\\\/www.ledizioni.it\\\/prodotto\\\/antropologia-nuova-serie-vol-2-n-2-artigiani-apporti-etnografici\\\/\",\"name\":\"Antropologia, nuova serie - Vol. 2, N.2 - Artigiani. Apporti etnografici -\",\"isPartOf\":{\"@id\":\"https:\\\/\\\/www.ledizioni.it\\\/#website\"},\"primaryImageOfPage\":{\"@id\":\"https:\\\/\\\/www.ledizioni.it\\\/prodotto\\\/antropologia-nuova-serie-vol-2-n-2-artigiani-apporti-etnografici\\\/#primaryimage\"},\"image\":{\"@id\":\"https:\\\/\\\/www.ledizioni.it\\\/prodotto\\\/antropologia-nuova-serie-vol-2-n-2-artigiani-apporti-etnografici\\\/#primaryimage\"},\"thumbnailUrl\":\"https:\\\/\\\/www.ledizioni.it\\\/stag\\\/wp-content\\\/uploads\\\/2016\\\/02\\\/foto-finale-2.jpg\",\"datePublished\":\"2016-02-09T07:01:24+00:00\",\"dateModified\":\"2022-02-28T21:16:34+00:00\",\"description\":\"Ledizioni - Innovative Publishing. Casa editrice universitaria. Open Access. eBook, ePub. Creative Commons.\",\"breadcrumb\":{\"@id\":\"https:\\\/\\\/www.ledizioni.it\\\/prodotto\\\/antropologia-nuova-serie-vol-2-n-2-artigiani-apporti-etnografici\\\/#breadcrumb\"},\"inLanguage\":\"en-GB\",\"potentialAction\":[{\"@type\":\"ReadAction\",\"target\":[\"https:\\\/\\\/www.ledizioni.it\\\/prodotto\\\/antropologia-nuova-serie-vol-2-n-2-artigiani-apporti-etnografici\\\/\"]}]},{\"@type\":\"ImageObject\",\"inLanguage\":\"en-GB\",\"@id\":\"https:\\\/\\\/www.ledizioni.it\\\/prodotto\\\/antropologia-nuova-serie-vol-2-n-2-artigiani-apporti-etnografici\\\/#primaryimage\",\"url\":\"https:\\\/\\\/www.ledizioni.it\\\/stag\\\/wp-content\\\/uploads\\\/2016\\\/02\\\/foto-finale-2.jpg\",\"contentUrl\":\"https:\\\/\\\/www.ledizioni.it\\\/stag\\\/wp-content\\\/uploads\\\/2016\\\/02\\\/foto-finale-2.jpg\",\"width\":1473,\"height\":1854},{\"@type\":\"BreadcrumbList\",\"@id\":\"https:\\\/\\\/www.ledizioni.it\\\/prodotto\\\/antropologia-nuova-serie-vol-2-n-2-artigiani-apporti-etnografici\\\/#breadcrumb\",\"itemListElement\":[{\"@type\":\"ListItem\",\"position\":1,\"name\":\"Shop\",\"item\":\"https:\\\/\\\/www.ledizioni.it\\\/shop-2\\\/\"},{\"@type\":\"ListItem\",\"position\":2,\"name\":\"Antropologia, nuova serie &#8211; Vol. 2, N.2 &#8211; Artigiani. Apporti etnografici\"}]},{\"@type\":\"WebSite\",\"@id\":\"https:\\\/\\\/www.ledizioni.it\\\/#website\",\"url\":\"https:\\\/\\\/www.ledizioni.it\\\/\",\"name\":\"Ledizioni\",\"description\":\"The Innovative LediPublishing Company - Casa Editrice Universitaria\",\"publisher\":{\"@id\":\"https:\\\/\\\/www.ledizioni.it\\\/#organization\"},\"potentialAction\":[{\"@type\":\"SearchAction\",\"target\":{\"@type\":\"EntryPoint\",\"urlTemplate\":\"https:\\\/\\\/www.ledizioni.it\\\/?s={search_term_string}\"},\"query-input\":{\"@type\":\"PropertyValueSpecification\",\"valueRequired\":true,\"valueName\":\"search_term_string\"}}],\"inLanguage\":\"en-GB\"},{\"@type\":\"Organization\",\"@id\":\"https:\\\/\\\/www.ledizioni.it\\\/#organization\",\"name\":\"Ledizioni\",\"url\":\"https:\\\/\\\/www.ledizioni.it\\\/\",\"logo\":{\"@type\":\"ImageObject\",\"inLanguage\":\"en-GB\",\"@id\":\"https:\\\/\\\/www.ledizioni.it\\\/#\\\/schema\\\/logo\\\/image\\\/\",\"url\":\"https:\\\/\\\/www.ledizioni.it\\\/stag\\\/wp-content\\\/uploads\\\/2023\\\/10\\\/newlogoledizioni500x110_2-1.jpg\",\"contentUrl\":\"https:\\\/\\\/www.ledizioni.it\\\/stag\\\/wp-content\\\/uploads\\\/2023\\\/10\\\/newlogoledizioni500x110_2-1.jpg\",\"width\":354,\"height\":87,\"caption\":\"Ledizioni\"},\"image\":{\"@id\":\"https:\\\/\\\/www.ledizioni.it\\\/#\\\/schema\\\/logo\\\/image\\\/\"},\"sameAs\":[\"https:\\\/\\\/www.facebook.com\\\/pages\\\/Ledizioni-LediPublishing\\\/109120559173329\",\"https:\\\/\\\/x.com\\\/ledizioni\"]}]}<\/script>\n<!-- \/ Yoast SEO plugin. -->","yoast_head_json":{"title":"Antropologia, nuova serie - Vol. 2, N.2 - Artigiani. Apporti etnografici -","description":"Ledizioni - Innovative Publishing. Casa editrice universitaria. Open Access. eBook, ePub. Creative Commons.","robots":{"index":"index","follow":"follow","max-snippet":"max-snippet:-1","max-image-preview":"max-image-preview:large","max-video-preview":"max-video-preview:-1"},"canonical":"https:\/\/www.ledizioni.it\/en\/product\/antropologia-nuova-serie-vol-2-n-2-artigiani-apporti-etnografici\/","og_locale":"en_GB","og_type":"article","og_title":"Antropologia, nuova serie - Vol. 2, N.2 - Artigiani. Apporti etnografici -","og_description":"Ledizioni - Innovative Publishing. Casa editrice universitaria. Open Access. eBook, ePub. Creative Commons.","og_url":"https:\/\/www.ledizioni.it\/en\/product\/antropologia-nuova-serie-vol-2-n-2-artigiani-apporti-etnografici\/","og_site_name":"Ledizioni","article_publisher":"https:\/\/www.facebook.com\/pages\/Ledizioni-LediPublishing\/109120559173329","article_modified_time":"2022-02-28T21:16:34+00:00","og_image":[{"width":1473,"height":1854,"url":"https:\/\/www.ledizioni.it\/stag\/wp-content\/uploads\/2016\/02\/foto-finale-2.jpg","type":"image\/jpeg"}],"twitter_card":"summary_large_image","twitter_site":"@ledizioni","twitter_misc":{"Estimated reading time":"1 minute"},"schema":{"@context":"https:\/\/schema.org","@graph":[{"@type":"WebPage","@id":"https:\/\/www.ledizioni.it\/prodotto\/antropologia-nuova-serie-vol-2-n-2-artigiani-apporti-etnografici\/","url":"https:\/\/www.ledizioni.it\/prodotto\/antropologia-nuova-serie-vol-2-n-2-artigiani-apporti-etnografici\/","name":"Antropologia, nuova serie - Vol. 2, N.2 - Artigiani. Apporti etnografici -","isPartOf":{"@id":"https:\/\/www.ledizioni.it\/#website"},"primaryImageOfPage":{"@id":"https:\/\/www.ledizioni.it\/prodotto\/antropologia-nuova-serie-vol-2-n-2-artigiani-apporti-etnografici\/#primaryimage"},"image":{"@id":"https:\/\/www.ledizioni.it\/prodotto\/antropologia-nuova-serie-vol-2-n-2-artigiani-apporti-etnografici\/#primaryimage"},"thumbnailUrl":"https:\/\/www.ledizioni.it\/stag\/wp-content\/uploads\/2016\/02\/foto-finale-2.jpg","datePublished":"2016-02-09T07:01:24+00:00","dateModified":"2022-02-28T21:16:34+00:00","description":"Ledizioni - Innovative Publishing. Casa editrice universitaria. Open Access. eBook, ePub. Creative Commons.","breadcrumb":{"@id":"https:\/\/www.ledizioni.it\/prodotto\/antropologia-nuova-serie-vol-2-n-2-artigiani-apporti-etnografici\/#breadcrumb"},"inLanguage":"en-GB","potentialAction":[{"@type":"ReadAction","target":["https:\/\/www.ledizioni.it\/prodotto\/antropologia-nuova-serie-vol-2-n-2-artigiani-apporti-etnografici\/"]}]},{"@type":"ImageObject","inLanguage":"en-GB","@id":"https:\/\/www.ledizioni.it\/prodotto\/antropologia-nuova-serie-vol-2-n-2-artigiani-apporti-etnografici\/#primaryimage","url":"https:\/\/www.ledizioni.it\/stag\/wp-content\/uploads\/2016\/02\/foto-finale-2.jpg","contentUrl":"https:\/\/www.ledizioni.it\/stag\/wp-content\/uploads\/2016\/02\/foto-finale-2.jpg","width":1473,"height":1854},{"@type":"BreadcrumbList","@id":"https:\/\/www.ledizioni.it\/prodotto\/antropologia-nuova-serie-vol-2-n-2-artigiani-apporti-etnografici\/#breadcrumb","itemListElement":[{"@type":"ListItem","position":1,"name":"Shop","item":"https:\/\/www.ledizioni.it\/shop-2\/"},{"@type":"ListItem","position":2,"name":"Antropologia, nuova serie &#8211; Vol. 2, N.2 &#8211; Artigiani. Apporti etnografici"}]},{"@type":"WebSite","@id":"https:\/\/www.ledizioni.it\/#website","url":"https:\/\/www.ledizioni.it\/","name":"Ledizioni","description":"The Innovative LediPublishing Company - Casa Editrice Universitaria","publisher":{"@id":"https:\/\/www.ledizioni.it\/#organization"},"potentialAction":[{"@type":"SearchAction","target":{"@type":"EntryPoint","urlTemplate":"https:\/\/www.ledizioni.it\/?s={search_term_string}"},"query-input":{"@type":"PropertyValueSpecification","valueRequired":true,"valueName":"search_term_string"}}],"inLanguage":"en-GB"},{"@type":"Organization","@id":"https:\/\/www.ledizioni.it\/#organization","name":"Ledizioni","url":"https:\/\/www.ledizioni.it\/","logo":{"@type":"ImageObject","inLanguage":"en-GB","@id":"https:\/\/www.ledizioni.it\/#\/schema\/logo\/image\/","url":"https:\/\/www.ledizioni.it\/stag\/wp-content\/uploads\/2023\/10\/newlogoledizioni500x110_2-1.jpg","contentUrl":"https:\/\/www.ledizioni.it\/stag\/wp-content\/uploads\/2023\/10\/newlogoledizioni500x110_2-1.jpg","width":354,"height":87,"caption":"Ledizioni"},"image":{"@id":"https:\/\/www.ledizioni.it\/#\/schema\/logo\/image\/"},"sameAs":["https:\/\/www.facebook.com\/pages\/Ledizioni-LediPublishing\/109120559173329","https:\/\/x.com\/ledizioni"]}]}},"jetpack_sharing_enabled":true,"_links":{"self":[{"href":"https:\/\/www.ledizioni.it\/en\/wp-json\/wp\/v2\/product\/14303","targetHints":{"allow":["GET"]}}],"collection":[{"href":"https:\/\/www.ledizioni.it\/en\/wp-json\/wp\/v2\/product"}],"about":[{"href":"https:\/\/www.ledizioni.it\/en\/wp-json\/wp\/v2\/types\/product"}],"replies":[{"embeddable":true,"href":"https:\/\/www.ledizioni.it\/en\/wp-json\/wp\/v2\/comments?post=14303"}],"version-history":[{"count":0,"href":"https:\/\/www.ledizioni.it\/en\/wp-json\/wp\/v2\/product\/14303\/revisions"}],"wp:featuredmedia":[{"embeddable":true,"href":"https:\/\/www.ledizioni.it\/en\/wp-json\/wp\/v2\/media\/14304"}],"wp:attachment":[{"href":"https:\/\/www.ledizioni.it\/en\/wp-json\/wp\/v2\/media?parent=14303"}],"wp:term":[{"taxonomy":"product_brand","embeddable":true,"href":"https:\/\/www.ledizioni.it\/en\/wp-json\/wp\/v2\/product_brand?post=14303"},{"taxonomy":"product_cat","embeddable":true,"href":"https:\/\/www.ledizioni.it\/en\/wp-json\/wp\/v2\/product_cat?post=14303"},{"taxonomy":"product_tag","embeddable":true,"href":"https:\/\/www.ledizioni.it\/en\/wp-json\/wp\/v2\/product_tag?post=14303"}],"curies":[{"name":"wp","href":"https:\/\/api.w.org\/{rel}","templated":true}]}}