{"id":14628,"date":"2016-03-11T14:55:25","date_gmt":"2016-03-11T14:55:25","guid":{"rendered":"http:\/\/www.ledizioni.it\/?post_type=product&#038;p=14628"},"modified":"2023-11-29T19:00:18","modified_gmt":"2023-11-29T17:00:18","slug":"il-welfare-e-il-suo-doppio","status":"publish","type":"product","link":"https:\/\/www.ledizioni.it\/en\/product\/il-welfare-e-il-suo-doppio\/","title":{"rendered":"IL WELFARE E IL SUO DOPPIO"},"content":{"rendered":"<h3 style=\"text-align: justify;\"><span style=\"text-decoration: underline; color: #333399;\">Leggi la <a href=\"http:\/\/www.lavoroculturale.org\/il-welfare-delle-mafie\/\">recensione<\/a> di Goffredo Fofi su &#8220;Il lavoro culturale&#8221;, l&#8217;<a href=\"http:\/\/napoli.repubblica.it\/cronaca\/2016\/07\/22\/news\/il_welfare_della_camorra_stipendio_assistenza_legale_e_sanitaria_e_anche_la_pensione-144624323\/\">articolo<\/a> di Raffaele Sardo su &#8220;Repubblica.it&#8221; e la <a href=\"http:\/\/www.girodivite.it\/Alessandro-Colletti-Il-Welfare-e.html\">recensione<\/a> su &#8220;Girodivite.it&#8221;<br \/>\n<\/span><\/h3>\n<p>&nbsp;<\/p>\n<p style=\"text-align: justify;\">Gran parte della produzione letteraria sulla camorra si sofferma sugli aspetti di controllo militare del territorio e sulle attivit\u00e0 predatorie nella politica e nell\u2019economia. Meno attenzione viene prestata ai fattori sociali di riproduzione dei gruppi di crimine organizzato. Gli aspetti di mutualit\u00e0 e solidariet\u00e0 interna alle camorre non hanno mai ricevuto una sistematica e approfondita osservazione. Questa ricerca invece propone l\u2019analisi degli elementi di legittimazione e di consenso dei gruppi di camorra nei territori in cui sono insediati. Il welfare e il suo doppio \u00e8 un lavoro che si articola attraverso un ricco impianto che ricorre a metodologie quantitative ed etnografiche: un approccio situato al punto di incontro tra sociologia e antropologia nell\u2019analisi delle politiche sociali, che utilizza documenti giudiziari inediti e di difficile reperibilit\u00e0. Un impegnativo lavoro sul campo in territorio casertano ha permesso infatti di decifrare le forme di assistenza sociale presenti: quelle pubbliche e quelle mafiose. Ne emerge il panorama di un insieme criminale che assicura un\u2019incredibile protezione nei confronti degli affiliati e delle loro famiglie, che concorre con le tutele offerte dal welfare pubblico. I risultati di questo studio mostrano per\u00f2 che \u00e8 proprio nei territori pi\u00f9 condizionati dalla presenza mafiosa che nascono nuove forme di lotta sociale. \u00c8 qui, infatti &#8211; dove le infiltrazioni criminali interessano gli appalti dei servizi di welfare \u2013 che sono nate le pi\u00f9 innovative azioni sociali in difesa delle categorie pi\u00f9 deboli.<\/p>\n<h3><strong>DATI BIBLIOGRAFICI<\/strong><\/h3>\n<p>Autori: Alessandro Colletti<br \/>\nEditore: Ledizioni<br \/>\nCollana: <a href=\"http:\/\/www.ledizioni.it\/en\/collane\/467-2\/interventi\/\">Interventions<\/a><br \/>\nPubblicato: febbraio 2016<br \/>\nISBN cartaceo: 9788867054268; disponibile eBook in Pdf gratis<br \/>\nISBN ePub: 9788867054961<br \/>\nPrezzo cartaceo: 16.00\u00a0\u20ac<br \/>\nPrezzo ePub: 7,99\u20ac<\/p>\n<p><a href=\"https:\/\/www.facebook.com\/Ilwelfareilsuodoppio\"><strong><span style=\"color: #333399;\">Pagina Facebook de &#8220;Il welfare e il suo doppio&#8221;<\/span><\/strong><\/a><\/p>\n<p><a href=\"https:\/\/www.torrossa.com\/it\/resources\/an\/3138320\"><img decoding=\"async\" class=\"aligncenter wp-image-23912\" src=\"https:\/\/www.ledizioni.it\/stag\/wp-content\/uploads\/2019\/07\/torrossa_web-150x80.jpg\" alt=\"\" width=\"200\" height=\"60\" \/><\/a><\/p>","protected":false},"excerpt":{"rendered":"<p>Leggi la recensione di Goffredo Fofi su &#8220;Il lavoro culturale&#8221;, l&#8217;articolo di Raffaele Sardo su &#8220;Repubblica.it&#8221; e la recensione su<\/p>","protected":false},"featured_media":14631,"comment_status":"open","ping_status":"closed","template":"","meta":{"_acf_changed":false},"product_brand":[],"product_cat":[26,27],"product_tag":[1247,764,859],"class_list":{"0":"post-14628","1":"product","2":"type-product","3":"status-publish","4":"has-post-thumbnail","6":"product_cat-interventions","7":"product_cat-sociology","8":"product_tag-mafie","9":"product_tag-open-access-2","10":"product_tag-welfare","11":"pa_formato-cartaceo","12":"pa_formato-ebook-in-epub","13":"pa_formato-ebook-in-pdf","15":"first","16":"instock","17":"featured","18":"shipping-taxable","19":"purchasable","20":"product-type-variable"},"acf":[],"yoast_head":"<!-- This site is optimized with the Yoast SEO plugin v27.4 - https:\/\/yoast.com\/product\/yoast-seo-wordpress\/ -->\n<title>IL WELFARE E IL SUO DOPPIO -<\/title>\n<meta name=\"description\" content=\"Ledizioni - Innovative Publishing. Casa editrice universitaria. Open Access. eBook, ePub. Creative Commons.\" \/>\n<meta name=\"robots\" content=\"index, follow, max-snippet:-1, max-image-preview:large, max-video-preview:-1\" \/>\n<link rel=\"canonical\" href=\"https:\/\/www.ledizioni.it\/en\/product\/il-welfare-e-il-suo-doppio\/\" \/>\n<meta property=\"og:locale\" content=\"en_GB\" \/>\n<meta property=\"og:type\" content=\"article\" \/>\n<meta property=\"og:title\" content=\"IL WELFARE E IL SUO DOPPIO -\" \/>\n<meta property=\"og:description\" content=\"Ledizioni - Innovative Publishing. Casa editrice universitaria. Open Access. eBook, ePub. Creative Commons.\" \/>\n<meta property=\"og:url\" content=\"https:\/\/www.ledizioni.it\/en\/product\/il-welfare-e-il-suo-doppio\/\" \/>\n<meta property=\"og:site_name\" content=\"Ledizioni\" \/>\n<meta property=\"article:publisher\" content=\"https:\/\/www.facebook.com\/pages\/Ledizioni-LediPublishing\/109120559173329\" \/>\n<meta property=\"article:modified_time\" content=\"2023-11-29T17:00:18+00:00\" \/>\n<meta property=\"og:image\" content=\"https:\/\/www.ledizioni.it\/stag\/wp-content\/uploads\/2016\/03\/fotookok.jpg\" \/>\n\t<meta property=\"og:image:width\" content=\"1405\" \/>\n\t<meta property=\"og:image:height\" content=\"1813\" \/>\n\t<meta property=\"og:image:type\" content=\"image\/jpeg\" \/>\n<meta name=\"twitter:card\" content=\"summary_large_image\" \/>\n<meta name=\"twitter:site\" content=\"@ledizioni\" \/>\n<meta name=\"twitter:label1\" content=\"Estimated reading time\" \/>\n\t<meta name=\"twitter:data1\" content=\"1 minute\" \/>\n<script type=\"application\/ld+json\" class=\"yoast-schema-graph\">{\"@context\":\"https:\\\/\\\/schema.org\",\"@graph\":[{\"@type\":\"WebPage\",\"@id\":\"https:\\\/\\\/www.ledizioni.it\\\/prodotto\\\/il-welfare-e-il-suo-doppio\\\/\",\"url\":\"https:\\\/\\\/www.ledizioni.it\\\/prodotto\\\/il-welfare-e-il-suo-doppio\\\/\",\"name\":\"IL WELFARE E IL SUO DOPPIO -\",\"isPartOf\":{\"@id\":\"https:\\\/\\\/www.ledizioni.it\\\/#website\"},\"primaryImageOfPage\":{\"@id\":\"https:\\\/\\\/www.ledizioni.it\\\/prodotto\\\/il-welfare-e-il-suo-doppio\\\/#primaryimage\"},\"image\":{\"@id\":\"https:\\\/\\\/www.ledizioni.it\\\/prodotto\\\/il-welfare-e-il-suo-doppio\\\/#primaryimage\"},\"thumbnailUrl\":\"https:\\\/\\\/www.ledizioni.it\\\/stag\\\/wp-content\\\/uploads\\\/2016\\\/03\\\/fotookok.jpg\",\"datePublished\":\"2016-03-11T14:55:25+00:00\",\"dateModified\":\"2023-11-29T17:00:18+00:00\",\"description\":\"Ledizioni - Innovative Publishing. Casa editrice universitaria. Open Access. eBook, ePub. Creative Commons.\",\"breadcrumb\":{\"@id\":\"https:\\\/\\\/www.ledizioni.it\\\/prodotto\\\/il-welfare-e-il-suo-doppio\\\/#breadcrumb\"},\"inLanguage\":\"en-GB\",\"potentialAction\":[{\"@type\":\"ReadAction\",\"target\":[\"https:\\\/\\\/www.ledizioni.it\\\/prodotto\\\/il-welfare-e-il-suo-doppio\\\/\"]}]},{\"@type\":\"ImageObject\",\"inLanguage\":\"en-GB\",\"@id\":\"https:\\\/\\\/www.ledizioni.it\\\/prodotto\\\/il-welfare-e-il-suo-doppio\\\/#primaryimage\",\"url\":\"https:\\\/\\\/www.ledizioni.it\\\/stag\\\/wp-content\\\/uploads\\\/2016\\\/03\\\/fotookok.jpg\",\"contentUrl\":\"https:\\\/\\\/www.ledizioni.it\\\/stag\\\/wp-content\\\/uploads\\\/2016\\\/03\\\/fotookok.jpg\",\"width\":1405,\"height\":1813},{\"@type\":\"BreadcrumbList\",\"@id\":\"https:\\\/\\\/www.ledizioni.it\\\/prodotto\\\/il-welfare-e-il-suo-doppio\\\/#breadcrumb\",\"itemListElement\":[{\"@type\":\"ListItem\",\"position\":1,\"name\":\"Shop\",\"item\":\"https:\\\/\\\/www.ledizioni.it\\\/shop-2\\\/\"},{\"@type\":\"ListItem\",\"position\":2,\"name\":\"IL WELFARE E IL SUO DOPPIO\"}]},{\"@type\":\"WebSite\",\"@id\":\"https:\\\/\\\/www.ledizioni.it\\\/#website\",\"url\":\"https:\\\/\\\/www.ledizioni.it\\\/\",\"name\":\"Ledizioni\",\"description\":\"The Innovative LediPublishing Company - Casa Editrice Universitaria\",\"publisher\":{\"@id\":\"https:\\\/\\\/www.ledizioni.it\\\/#organization\"},\"potentialAction\":[{\"@type\":\"SearchAction\",\"target\":{\"@type\":\"EntryPoint\",\"urlTemplate\":\"https:\\\/\\\/www.ledizioni.it\\\/?s={search_term_string}\"},\"query-input\":{\"@type\":\"PropertyValueSpecification\",\"valueRequired\":true,\"valueName\":\"search_term_string\"}}],\"inLanguage\":\"en-GB\"},{\"@type\":\"Organization\",\"@id\":\"https:\\\/\\\/www.ledizioni.it\\\/#organization\",\"name\":\"Ledizioni\",\"url\":\"https:\\\/\\\/www.ledizioni.it\\\/\",\"logo\":{\"@type\":\"ImageObject\",\"inLanguage\":\"en-GB\",\"@id\":\"https:\\\/\\\/www.ledizioni.it\\\/#\\\/schema\\\/logo\\\/image\\\/\",\"url\":\"https:\\\/\\\/www.ledizioni.it\\\/stag\\\/wp-content\\\/uploads\\\/2023\\\/10\\\/newlogoledizioni500x110_2-1.jpg\",\"contentUrl\":\"https:\\\/\\\/www.ledizioni.it\\\/stag\\\/wp-content\\\/uploads\\\/2023\\\/10\\\/newlogoledizioni500x110_2-1.jpg\",\"width\":354,\"height\":87,\"caption\":\"Ledizioni\"},\"image\":{\"@id\":\"https:\\\/\\\/www.ledizioni.it\\\/#\\\/schema\\\/logo\\\/image\\\/\"},\"sameAs\":[\"https:\\\/\\\/www.facebook.com\\\/pages\\\/Ledizioni-LediPublishing\\\/109120559173329\",\"https:\\\/\\\/x.com\\\/ledizioni\"]}]}<\/script>\n<!-- \/ Yoast SEO plugin. -->","yoast_head_json":{"title":"IL WELFARE E IL SUO DOPPIO -","description":"Ledizioni - Innovative Publishing. Casa editrice universitaria. Open Access. eBook, ePub. Creative Commons.","robots":{"index":"index","follow":"follow","max-snippet":"max-snippet:-1","max-image-preview":"max-image-preview:large","max-video-preview":"max-video-preview:-1"},"canonical":"https:\/\/www.ledizioni.it\/en\/product\/il-welfare-e-il-suo-doppio\/","og_locale":"en_GB","og_type":"article","og_title":"IL WELFARE E IL SUO DOPPIO -","og_description":"Ledizioni - Innovative Publishing. Casa editrice universitaria. Open Access. eBook, ePub. Creative Commons.","og_url":"https:\/\/www.ledizioni.it\/en\/product\/il-welfare-e-il-suo-doppio\/","og_site_name":"Ledizioni","article_publisher":"https:\/\/www.facebook.com\/pages\/Ledizioni-LediPublishing\/109120559173329","article_modified_time":"2023-11-29T17:00:18+00:00","og_image":[{"width":1405,"height":1813,"url":"https:\/\/www.ledizioni.it\/stag\/wp-content\/uploads\/2016\/03\/fotookok.jpg","type":"image\/jpeg"}],"twitter_card":"summary_large_image","twitter_site":"@ledizioni","twitter_misc":{"Estimated reading time":"1 minute"},"schema":{"@context":"https:\/\/schema.org","@graph":[{"@type":"WebPage","@id":"https:\/\/www.ledizioni.it\/prodotto\/il-welfare-e-il-suo-doppio\/","url":"https:\/\/www.ledizioni.it\/prodotto\/il-welfare-e-il-suo-doppio\/","name":"IL WELFARE E IL SUO DOPPIO -","isPartOf":{"@id":"https:\/\/www.ledizioni.it\/#website"},"primaryImageOfPage":{"@id":"https:\/\/www.ledizioni.it\/prodotto\/il-welfare-e-il-suo-doppio\/#primaryimage"},"image":{"@id":"https:\/\/www.ledizioni.it\/prodotto\/il-welfare-e-il-suo-doppio\/#primaryimage"},"thumbnailUrl":"https:\/\/www.ledizioni.it\/stag\/wp-content\/uploads\/2016\/03\/fotookok.jpg","datePublished":"2016-03-11T14:55:25+00:00","dateModified":"2023-11-29T17:00:18+00:00","description":"Ledizioni - Innovative Publishing. Casa editrice universitaria. Open Access. eBook, ePub. Creative Commons.","breadcrumb":{"@id":"https:\/\/www.ledizioni.it\/prodotto\/il-welfare-e-il-suo-doppio\/#breadcrumb"},"inLanguage":"en-GB","potentialAction":[{"@type":"ReadAction","target":["https:\/\/www.ledizioni.it\/prodotto\/il-welfare-e-il-suo-doppio\/"]}]},{"@type":"ImageObject","inLanguage":"en-GB","@id":"https:\/\/www.ledizioni.it\/prodotto\/il-welfare-e-il-suo-doppio\/#primaryimage","url":"https:\/\/www.ledizioni.it\/stag\/wp-content\/uploads\/2016\/03\/fotookok.jpg","contentUrl":"https:\/\/www.ledizioni.it\/stag\/wp-content\/uploads\/2016\/03\/fotookok.jpg","width":1405,"height":1813},{"@type":"BreadcrumbList","@id":"https:\/\/www.ledizioni.it\/prodotto\/il-welfare-e-il-suo-doppio\/#breadcrumb","itemListElement":[{"@type":"ListItem","position":1,"name":"Shop","item":"https:\/\/www.ledizioni.it\/shop-2\/"},{"@type":"ListItem","position":2,"name":"IL WELFARE E IL SUO DOPPIO"}]},{"@type":"WebSite","@id":"https:\/\/www.ledizioni.it\/#website","url":"https:\/\/www.ledizioni.it\/","name":"Ledizioni","description":"The Innovative LediPublishing Company - Casa Editrice Universitaria","publisher":{"@id":"https:\/\/www.ledizioni.it\/#organization"},"potentialAction":[{"@type":"SearchAction","target":{"@type":"EntryPoint","urlTemplate":"https:\/\/www.ledizioni.it\/?s={search_term_string}"},"query-input":{"@type":"PropertyValueSpecification","valueRequired":true,"valueName":"search_term_string"}}],"inLanguage":"en-GB"},{"@type":"Organization","@id":"https:\/\/www.ledizioni.it\/#organization","name":"Ledizioni","url":"https:\/\/www.ledizioni.it\/","logo":{"@type":"ImageObject","inLanguage":"en-GB","@id":"https:\/\/www.ledizioni.it\/#\/schema\/logo\/image\/","url":"https:\/\/www.ledizioni.it\/stag\/wp-content\/uploads\/2023\/10\/newlogoledizioni500x110_2-1.jpg","contentUrl":"https:\/\/www.ledizioni.it\/stag\/wp-content\/uploads\/2023\/10\/newlogoledizioni500x110_2-1.jpg","width":354,"height":87,"caption":"Ledizioni"},"image":{"@id":"https:\/\/www.ledizioni.it\/#\/schema\/logo\/image\/"},"sameAs":["https:\/\/www.facebook.com\/pages\/Ledizioni-LediPublishing\/109120559173329","https:\/\/x.com\/ledizioni"]}]}},"jetpack_sharing_enabled":true,"_links":{"self":[{"href":"https:\/\/www.ledizioni.it\/en\/wp-json\/wp\/v2\/product\/14628","targetHints":{"allow":["GET"]}}],"collection":[{"href":"https:\/\/www.ledizioni.it\/en\/wp-json\/wp\/v2\/product"}],"about":[{"href":"https:\/\/www.ledizioni.it\/en\/wp-json\/wp\/v2\/types\/product"}],"replies":[{"embeddable":true,"href":"https:\/\/www.ledizioni.it\/en\/wp-json\/wp\/v2\/comments?post=14628"}],"version-history":[{"count":1,"href":"https:\/\/www.ledizioni.it\/en\/wp-json\/wp\/v2\/product\/14628\/revisions"}],"predecessor-version":[{"id":15395,"href":"https:\/\/www.ledizioni.it\/en\/wp-json\/wp\/v2\/product\/14628\/revisions\/15395"}],"wp:featuredmedia":[{"embeddable":true,"href":"https:\/\/www.ledizioni.it\/en\/wp-json\/wp\/v2\/media\/14631"}],"wp:attachment":[{"href":"https:\/\/www.ledizioni.it\/en\/wp-json\/wp\/v2\/media?parent=14628"}],"wp:term":[{"taxonomy":"product_brand","embeddable":true,"href":"https:\/\/www.ledizioni.it\/en\/wp-json\/wp\/v2\/product_brand?post=14628"},{"taxonomy":"product_cat","embeddable":true,"href":"https:\/\/www.ledizioni.it\/en\/wp-json\/wp\/v2\/product_cat?post=14628"},{"taxonomy":"product_tag","embeddable":true,"href":"https:\/\/www.ledizioni.it\/en\/wp-json\/wp\/v2\/product_tag?post=14628"}],"curies":[{"name":"wp","href":"https:\/\/api.w.org\/{rel}","templated":true}]}}