{"id":14630,"date":"2016-03-11T14:53:51","date_gmt":"2016-03-11T14:53:51","guid":{"rendered":"http:\/\/www.ledizioni.it\/?post_type=product&#038;p=14630"},"modified":"2019-10-02T13:00:31","modified_gmt":"2019-10-02T11:00:31","slug":"maria-mancarella-e-maria-rosaria-manieri-a-cura-di-cacciatori-di-futuro","status":"publish","type":"product","link":"https:\/\/www.ledizioni.it\/en\/product\/maria-mancarella-e-maria-rosaria-manieri-a-cura-di-cacciatori-di-futuro\/","title":{"rendered":"CACCIATORI DI FUTURO"},"content":{"rendered":"<p style=\"text-align: justify;\">Il volume illustra i risultati di una ricerca sui giovani, nati a cavallo tra la fine degli anni Novanta e il primo decennio del 2000, realizzata tra gli studenti delle scuole medie superiori della regione Puglia, su iniziativa del Distretto Lions di Puglia. Lo sguardo analitico dei ricercatori si \u00e8 soffermato su quell\u2019insieme di pratiche che si strutturano come solide costruzioni di senso, socialmente riconosciute e legittimate in stili di vita e codici comportamentali nella vita degli adolescenti: famiglia, valori, politica, tempo libero, comportamenti a rischio, nuovi media, lavoro e futuro. Il tutto in un contesto geografico per cos\u00ec dire \u201cdi confine\u201d, in cui il vecchio e il nuovo sono presenti spesso senza confliggere, in cui la tradizione \u00e8 ancora molto forte e la modernit\u00e0 \u00e8 andata in crisi ancor prima di entrare nella mente e nella vita delle persone. Con un approccio che supera il quadro interpretativo tipico delle societ\u00e0 tradizionali, la ricerca guarda ai giovani come persone che vivono a pieno la loro epoca, caratterizzata da un presente frammentato e un orizzonte breve. L\u2019immagine che emerge \u00e8 quella di ragazzi e ragazze che imparano a metabolizzare il rischio, trasformandolo in un mezzo per superare i propri limiti; giovani dall\u2019identit\u00e0 <em>double face<\/em> insieme \u201csmarriti\u201d e \u201ccacciatori di futuro\u201d, identit\u00e0 camaleontiche, talvolta espressione di diverse categorie di giovani, talvolta facce della stessa medaglia. Ragazzi e ragazze di un Sud per molti versi omologato al mondo globale che lo contiene ma nel quale giocano un ruolo ancora particolarmente rilevante elementi forti della tradizione: la comunit\u00e0, la famiglia, la parentela. Non appaiono indignati n\u00e9 sembrano volersi proporre come rivoluzionari ma esprimono inequivocabilmente il desiderio, non sempre la volont\u00e0, di cercare la loro strada tra adattamento e disincanto; non si sottraggono all\u2019idea dell\u2019<em>altrove<\/em>, anche se non sanno concretamente immaginarla e forse ancora non provano a costruirla.<\/p>\n<h3><strong>DATI BIBLIOGRAFICI<\/strong><\/h3>\n<p>Autori: a cura di\u00a0Maria Mancarella e Maria Rosaria Manieri<br \/>\nEditore: Ledizioni<br \/>\nCollana: <a href=\"http:\/\/www.ledizioni.it\/en\/collane\/467-2\/interventi\/\">Interventions<\/a><br \/>\nPubblicato: febbraio 2016<br \/>\nISBN cartaceo:\u00a09788867054060<br \/>\nISBN ePub:\u00a09788867055555<br \/>\nPrezzo cartaceo: 18,00 \u20ac<br \/>\nPrezzo ePub: 6,99 \u20ac<\/p>\n<p><a href=\"https:\/\/www.torrossa.com\/it\/resources\/an\/3138363\"><img decoding=\"async\" class=\"aligncenter wp-image-23912\" src=\"https:\/\/www.ledizioni.it\/stag\/wp-content\/uploads\/2019\/07\/torrossa_web-150x80.jpg\" alt=\"\" width=\"200\" height=\"60\" \/><\/a><\/p>","protected":false},"excerpt":{"rendered":"<p>Il volume illustra i risultati di una ricerca sui giovani, nati a cavallo tra la fine degli anni Novanta e<\/p>","protected":false},"featured_media":14632,"comment_status":"open","ping_status":"closed","template":"","meta":{"_acf_changed":false},"product_brand":[],"product_cat":[26,27],"product_tag":[1152],"class_list":{"0":"post-14630","1":"product","2":"type-product","3":"status-publish","4":"has-post-thumbnail","6":"product_cat-interventions","7":"product_cat-sociology","8":"product_tag-puglia","9":"pa_formato-cartaceo","10":"pa_formato-ebook-in-epub","12":"first","13":"instock","14":"featured","15":"shipping-taxable","16":"purchasable","17":"product-type-variable"},"acf":[],"yoast_head":"<!-- This site is optimized with the Yoast SEO plugin v27.3 - https:\/\/yoast.com\/product\/yoast-seo-wordpress\/ -->\n<title>CACCIATORI DI FUTURO -<\/title>\n<meta name=\"description\" content=\"Ledizioni - Innovative Publishing. Casa editrice universitaria. Open Access. eBook, ePub. Creative Commons.\" \/>\n<meta name=\"robots\" content=\"index, follow, max-snippet:-1, max-image-preview:large, max-video-preview:-1\" \/>\n<link rel=\"canonical\" href=\"https:\/\/www.ledizioni.it\/en\/product\/maria-mancarella-e-maria-rosaria-manieri-a-cura-di-cacciatori-di-futuro\/\" \/>\n<meta property=\"og:locale\" content=\"en_GB\" \/>\n<meta property=\"og:type\" content=\"article\" \/>\n<meta property=\"og:title\" content=\"CACCIATORI DI FUTURO -\" \/>\n<meta property=\"og:description\" content=\"Ledizioni - Innovative Publishing. Casa editrice universitaria. Open Access. eBook, ePub. Creative Commons.\" \/>\n<meta property=\"og:url\" content=\"https:\/\/www.ledizioni.it\/en\/product\/maria-mancarella-e-maria-rosaria-manieri-a-cura-di-cacciatori-di-futuro\/\" \/>\n<meta property=\"og:site_name\" content=\"Ledizioni\" \/>\n<meta property=\"article:publisher\" content=\"https:\/\/www.facebook.com\/pages\/Ledizioni-LediPublishing\/109120559173329\" \/>\n<meta property=\"article:modified_time\" content=\"2019-10-02T11:00:31+00:00\" \/>\n<meta property=\"og:image\" content=\"https:\/\/www.ledizioni.it\/stag\/wp-content\/uploads\/2016\/03\/fotok.jpg\" \/>\n\t<meta property=\"og:image:width\" content=\"1245\" \/>\n\t<meta property=\"og:image:height\" content=\"1781\" \/>\n\t<meta property=\"og:image:type\" content=\"image\/jpeg\" \/>\n<meta name=\"twitter:card\" content=\"summary_large_image\" \/>\n<meta name=\"twitter:site\" content=\"@ledizioni\" \/>\n<meta name=\"twitter:label1\" content=\"Estimated reading time\" \/>\n\t<meta name=\"twitter:data1\" content=\"2 minutes\" \/>\n<script type=\"application\/ld+json\" class=\"yoast-schema-graph\">{\"@context\":\"https:\\\/\\\/schema.org\",\"@graph\":[{\"@type\":\"WebPage\",\"@id\":\"https:\\\/\\\/www.ledizioni.it\\\/en\\\/product\\\/maria-mancarella-e-maria-rosaria-manieri-a-cura-di-cacciatori-di-futuro\\\/\",\"url\":\"https:\\\/\\\/www.ledizioni.it\\\/en\\\/product\\\/maria-mancarella-e-maria-rosaria-manieri-a-cura-di-cacciatori-di-futuro\\\/\",\"name\":\"CACCIATORI DI FUTURO -\",\"isPartOf\":{\"@id\":\"https:\\\/\\\/www.ledizioni.it\\\/#website\"},\"primaryImageOfPage\":{\"@id\":\"https:\\\/\\\/www.ledizioni.it\\\/en\\\/product\\\/maria-mancarella-e-maria-rosaria-manieri-a-cura-di-cacciatori-di-futuro\\\/#primaryimage\"},\"image\":{\"@id\":\"https:\\\/\\\/www.ledizioni.it\\\/en\\\/product\\\/maria-mancarella-e-maria-rosaria-manieri-a-cura-di-cacciatori-di-futuro\\\/#primaryimage\"},\"thumbnailUrl\":\"https:\\\/\\\/www.ledizioni.it\\\/stag\\\/wp-content\\\/uploads\\\/2016\\\/03\\\/fotok.jpg\",\"datePublished\":\"2016-03-11T14:53:51+00:00\",\"dateModified\":\"2019-10-02T11:00:31+00:00\",\"description\":\"Ledizioni - Innovative Publishing. Casa editrice universitaria. Open Access. eBook, ePub. Creative Commons.\",\"breadcrumb\":{\"@id\":\"https:\\\/\\\/www.ledizioni.it\\\/en\\\/product\\\/maria-mancarella-e-maria-rosaria-manieri-a-cura-di-cacciatori-di-futuro\\\/#breadcrumb\"},\"inLanguage\":\"en-GB\",\"potentialAction\":[{\"@type\":\"ReadAction\",\"target\":[\"https:\\\/\\\/www.ledizioni.it\\\/en\\\/product\\\/maria-mancarella-e-maria-rosaria-manieri-a-cura-di-cacciatori-di-futuro\\\/\"]}]},{\"@type\":\"ImageObject\",\"inLanguage\":\"en-GB\",\"@id\":\"https:\\\/\\\/www.ledizioni.it\\\/en\\\/product\\\/maria-mancarella-e-maria-rosaria-manieri-a-cura-di-cacciatori-di-futuro\\\/#primaryimage\",\"url\":\"https:\\\/\\\/www.ledizioni.it\\\/stag\\\/wp-content\\\/uploads\\\/2016\\\/03\\\/fotok.jpg\",\"contentUrl\":\"https:\\\/\\\/www.ledizioni.it\\\/stag\\\/wp-content\\\/uploads\\\/2016\\\/03\\\/fotok.jpg\",\"width\":1245,\"height\":1781},{\"@type\":\"BreadcrumbList\",\"@id\":\"https:\\\/\\\/www.ledizioni.it\\\/en\\\/product\\\/maria-mancarella-e-maria-rosaria-manieri-a-cura-di-cacciatori-di-futuro\\\/#breadcrumb\",\"itemListElement\":[{\"@type\":\"ListItem\",\"position\":1,\"name\":\"Shop\",\"item\":\"https:\\\/\\\/www.ledizioni.it\\\/shop-2\\\/\"},{\"@type\":\"ListItem\",\"position\":2,\"name\":\"CACCIATORI DI FUTURO\"}]},{\"@type\":\"WebSite\",\"@id\":\"https:\\\/\\\/www.ledizioni.it\\\/#website\",\"url\":\"https:\\\/\\\/www.ledizioni.it\\\/\",\"name\":\"Ledizioni\",\"description\":\"The Innovative LediPublishing Company - Casa Editrice Universitaria\",\"publisher\":{\"@id\":\"https:\\\/\\\/www.ledizioni.it\\\/#organization\"},\"potentialAction\":[{\"@type\":\"SearchAction\",\"target\":{\"@type\":\"EntryPoint\",\"urlTemplate\":\"https:\\\/\\\/www.ledizioni.it\\\/?s={search_term_string}\"},\"query-input\":{\"@type\":\"PropertyValueSpecification\",\"valueRequired\":true,\"valueName\":\"search_term_string\"}}],\"inLanguage\":\"en-GB\"},{\"@type\":\"Organization\",\"@id\":\"https:\\\/\\\/www.ledizioni.it\\\/#organization\",\"name\":\"Ledizioni\",\"url\":\"https:\\\/\\\/www.ledizioni.it\\\/\",\"logo\":{\"@type\":\"ImageObject\",\"inLanguage\":\"en-GB\",\"@id\":\"https:\\\/\\\/www.ledizioni.it\\\/#\\\/schema\\\/logo\\\/image\\\/\",\"url\":\"https:\\\/\\\/www.ledizioni.it\\\/stag\\\/wp-content\\\/uploads\\\/2023\\\/10\\\/newlogoledizioni500x110_2-1.jpg\",\"contentUrl\":\"https:\\\/\\\/www.ledizioni.it\\\/stag\\\/wp-content\\\/uploads\\\/2023\\\/10\\\/newlogoledizioni500x110_2-1.jpg\",\"width\":354,\"height\":87,\"caption\":\"Ledizioni\"},\"image\":{\"@id\":\"https:\\\/\\\/www.ledizioni.it\\\/#\\\/schema\\\/logo\\\/image\\\/\"},\"sameAs\":[\"https:\\\/\\\/www.facebook.com\\\/pages\\\/Ledizioni-LediPublishing\\\/109120559173329\",\"https:\\\/\\\/x.com\\\/ledizioni\"]}]}<\/script>\n<!-- \/ Yoast SEO plugin. -->","yoast_head_json":{"title":"CACCIATORI DI FUTURO -","description":"Ledizioni - Innovative Publishing. Casa editrice universitaria. Open Access. eBook, ePub. Creative Commons.","robots":{"index":"index","follow":"follow","max-snippet":"max-snippet:-1","max-image-preview":"max-image-preview:large","max-video-preview":"max-video-preview:-1"},"canonical":"https:\/\/www.ledizioni.it\/en\/product\/maria-mancarella-e-maria-rosaria-manieri-a-cura-di-cacciatori-di-futuro\/","og_locale":"en_GB","og_type":"article","og_title":"CACCIATORI DI FUTURO -","og_description":"Ledizioni - Innovative Publishing. Casa editrice universitaria. Open Access. eBook, ePub. Creative Commons.","og_url":"https:\/\/www.ledizioni.it\/en\/product\/maria-mancarella-e-maria-rosaria-manieri-a-cura-di-cacciatori-di-futuro\/","og_site_name":"Ledizioni","article_publisher":"https:\/\/www.facebook.com\/pages\/Ledizioni-LediPublishing\/109120559173329","article_modified_time":"2019-10-02T11:00:31+00:00","og_image":[{"width":1245,"height":1781,"url":"https:\/\/www.ledizioni.it\/stag\/wp-content\/uploads\/2016\/03\/fotok.jpg","type":"image\/jpeg"}],"twitter_card":"summary_large_image","twitter_site":"@ledizioni","twitter_misc":{"Estimated reading time":"2 minutes"},"schema":{"@context":"https:\/\/schema.org","@graph":[{"@type":"WebPage","@id":"https:\/\/www.ledizioni.it\/en\/product\/maria-mancarella-e-maria-rosaria-manieri-a-cura-di-cacciatori-di-futuro\/","url":"https:\/\/www.ledizioni.it\/en\/product\/maria-mancarella-e-maria-rosaria-manieri-a-cura-di-cacciatori-di-futuro\/","name":"CACCIATORI DI FUTURO -","isPartOf":{"@id":"https:\/\/www.ledizioni.it\/#website"},"primaryImageOfPage":{"@id":"https:\/\/www.ledizioni.it\/en\/product\/maria-mancarella-e-maria-rosaria-manieri-a-cura-di-cacciatori-di-futuro\/#primaryimage"},"image":{"@id":"https:\/\/www.ledizioni.it\/en\/product\/maria-mancarella-e-maria-rosaria-manieri-a-cura-di-cacciatori-di-futuro\/#primaryimage"},"thumbnailUrl":"https:\/\/www.ledizioni.it\/stag\/wp-content\/uploads\/2016\/03\/fotok.jpg","datePublished":"2016-03-11T14:53:51+00:00","dateModified":"2019-10-02T11:00:31+00:00","description":"Ledizioni - Innovative Publishing. Casa editrice universitaria. Open Access. eBook, ePub. Creative Commons.","breadcrumb":{"@id":"https:\/\/www.ledizioni.it\/en\/product\/maria-mancarella-e-maria-rosaria-manieri-a-cura-di-cacciatori-di-futuro\/#breadcrumb"},"inLanguage":"en-GB","potentialAction":[{"@type":"ReadAction","target":["https:\/\/www.ledizioni.it\/en\/product\/maria-mancarella-e-maria-rosaria-manieri-a-cura-di-cacciatori-di-futuro\/"]}]},{"@type":"ImageObject","inLanguage":"en-GB","@id":"https:\/\/www.ledizioni.it\/en\/product\/maria-mancarella-e-maria-rosaria-manieri-a-cura-di-cacciatori-di-futuro\/#primaryimage","url":"https:\/\/www.ledizioni.it\/stag\/wp-content\/uploads\/2016\/03\/fotok.jpg","contentUrl":"https:\/\/www.ledizioni.it\/stag\/wp-content\/uploads\/2016\/03\/fotok.jpg","width":1245,"height":1781},{"@type":"BreadcrumbList","@id":"https:\/\/www.ledizioni.it\/en\/product\/maria-mancarella-e-maria-rosaria-manieri-a-cura-di-cacciatori-di-futuro\/#breadcrumb","itemListElement":[{"@type":"ListItem","position":1,"name":"Shop","item":"https:\/\/www.ledizioni.it\/shop-2\/"},{"@type":"ListItem","position":2,"name":"CACCIATORI DI FUTURO"}]},{"@type":"WebSite","@id":"https:\/\/www.ledizioni.it\/#website","url":"https:\/\/www.ledizioni.it\/","name":"Ledizioni","description":"The Innovative LediPublishing Company - Casa Editrice Universitaria","publisher":{"@id":"https:\/\/www.ledizioni.it\/#organization"},"potentialAction":[{"@type":"SearchAction","target":{"@type":"EntryPoint","urlTemplate":"https:\/\/www.ledizioni.it\/?s={search_term_string}"},"query-input":{"@type":"PropertyValueSpecification","valueRequired":true,"valueName":"search_term_string"}}],"inLanguage":"en-GB"},{"@type":"Organization","@id":"https:\/\/www.ledizioni.it\/#organization","name":"Ledizioni","url":"https:\/\/www.ledizioni.it\/","logo":{"@type":"ImageObject","inLanguage":"en-GB","@id":"https:\/\/www.ledizioni.it\/#\/schema\/logo\/image\/","url":"https:\/\/www.ledizioni.it\/stag\/wp-content\/uploads\/2023\/10\/newlogoledizioni500x110_2-1.jpg","contentUrl":"https:\/\/www.ledizioni.it\/stag\/wp-content\/uploads\/2023\/10\/newlogoledizioni500x110_2-1.jpg","width":354,"height":87,"caption":"Ledizioni"},"image":{"@id":"https:\/\/www.ledizioni.it\/#\/schema\/logo\/image\/"},"sameAs":["https:\/\/www.facebook.com\/pages\/Ledizioni-LediPublishing\/109120559173329","https:\/\/x.com\/ledizioni"]}]}},"jetpack_sharing_enabled":true,"_links":{"self":[{"href":"https:\/\/www.ledizioni.it\/en\/wp-json\/wp\/v2\/product\/14630","targetHints":{"allow":["GET"]}}],"collection":[{"href":"https:\/\/www.ledizioni.it\/en\/wp-json\/wp\/v2\/product"}],"about":[{"href":"https:\/\/www.ledizioni.it\/en\/wp-json\/wp\/v2\/types\/product"}],"replies":[{"embeddable":true,"href":"https:\/\/www.ledizioni.it\/en\/wp-json\/wp\/v2\/comments?post=14630"}],"version-history":[{"count":1,"href":"https:\/\/www.ledizioni.it\/en\/wp-json\/wp\/v2\/product\/14630\/revisions"}],"predecessor-version":[{"id":16097,"href":"https:\/\/www.ledizioni.it\/en\/wp-json\/wp\/v2\/product\/14630\/revisions\/16097"}],"wp:featuredmedia":[{"embeddable":true,"href":"https:\/\/www.ledizioni.it\/en\/wp-json\/wp\/v2\/media\/14632"}],"wp:attachment":[{"href":"https:\/\/www.ledizioni.it\/en\/wp-json\/wp\/v2\/media?parent=14630"}],"wp:term":[{"taxonomy":"product_brand","embeddable":true,"href":"https:\/\/www.ledizioni.it\/en\/wp-json\/wp\/v2\/product_brand?post=14630"},{"taxonomy":"product_cat","embeddable":true,"href":"https:\/\/www.ledizioni.it\/en\/wp-json\/wp\/v2\/product_cat?post=14630"},{"taxonomy":"product_tag","embeddable":true,"href":"https:\/\/www.ledizioni.it\/en\/wp-json\/wp\/v2\/product_tag?post=14630"}],"curies":[{"name":"wp","href":"https:\/\/api.w.org\/{rel}","templated":true}]}}