{"id":14696,"date":"2016-03-23T13:37:26","date_gmt":"2016-03-23T11:37:26","guid":{"rendered":"http:\/\/www.ledizioni.it\/?post_type=product&#038;p=14696"},"modified":"2021-06-03T16:50:06","modified_gmt":"2021-06-03T14:50:06","slug":"francesco-novati-1859-1915-protagonista-dimenticato-della-milano-tra-otto-e-novecento","status":"publish","type":"product","link":"https:\/\/www.ledizioni.it\/en\/product\/francesco-novati-1859-1915-protagonista-dimenticato-della-milano-tra-otto-e-novecento\/","title":{"rendered":"FRANCESCO NOVATI (1859-1915) PROTAGONISTA DIMENTICATO DELLA MILANO TRA OTTO E NOVECENTO"},"content":{"rendered":"<h2>CATALOGO DELLA MOSTRA<br \/>\nMilano, Biblioteca Nazionale Braidense, Sala Maria Teresa<br \/>\n17 marzo &#8211; 28 maggio 2016<\/h2>\n<p style=\"text-align: justify;\">La mostra \u00e8 promossa dalla Biblioteca Nazionale Braidense e dalla Societ\u00e0 Storica Lombarda, in collaborazione con l&#8217;istituto Lombardo &#8211; Accademia di Scienze e Lettere, l&#8217; Universit\u00e0 degli studi di Milano, l&#8217;Universit\u00e0 degli studi di Pavia, l&#8217;Universit\u00e0 Cattolica del Sacro Cuore di Milano e la Veneranda Biblioteca Ambrosiana di Milano.<\/p>\n<p>AUTORI DEI TESTI E DELLE SCHEDE<br \/>\nLeonordo Andreoli<br \/>\nMartina Bonomelli<br \/>\nAlberto Brambilla<br \/>\nCarlo Capra<br \/>\nMaria Goffredo<br \/>\nGuido Lucchini<br \/>\nMarco Petoletti<br \/>\nDiego Stefanelli<br \/>\nRoberto Tagliani<\/p>\n<p style=\"text-align: justify;\">Il progetto di dedicare una mostra a Francesco Novati risale a Dante Isella che una trentina di anni fa avrebbe voluto organizzarla presso la Biblioteca Braidense.<br \/>\nA oltre otto anni dalla scomparsa dell\u2019impareggiabile studioso della letteratura lombarda \u00e8 sembrato che l\u2019iniziativa, rimasta senza seguito, fosse ancora attuale e meritevole di essere ripresa nel primo centenario della morte (1915) di uno dei maggiori eruditi italiani tra Otto e Novecento. In realt\u00e0 la definizione di \u201cerudito\u201d sta troppo stretta a Novati. Anche se oggi il suo nome poco o nulla dice se non agli specialisti, Novati fu un protagonista della cultura a Milano nella cosiddetta belle \u00e9poque. Nato a Cremona, entr\u00f2 nel 1876 alla Scuola Normale Superiore di Pisa, dove segu\u00ec con passione le lezioni di Alessandro D\u2019Ancona. A soli ventiquattr\u2019anni fu cofondatore del \u00abGiornale storico della letteratura italiana\u00bb (1883) e incaricato di letterature neolatine all\u2019Universit\u00e0 di Milano dove si insedi\u00f2 stabilmente al principio degli anni Novanta. In quegli stessi anni divent\u00f2 vicepresidente del consiglio di amministrazione del quotidiano moderato \u00abLa Perseveranza\u00bb, al quale collabor\u00f2 assiduamente, insieme al \u00abCorriere della Sera\u00bb. Perfettamente a suo agio nei salotti della classe dirigente milanese, Novati fu non solo un grande studioso dai molteplici interessi, ma anche un attivo organizzatore culturale in vari campi. Nel 1896 promosse il Comitato milanese della Societ\u00e0 dantesca italiana, nel 1899 divenuto presidente della Societ\u00e0 storica lombarda, ne diresse la rivista, l\u2019\u00abArchivio storico lombardo\u00bb e nel 1903 fu eletto preside-rettore dell\u2019Accademia scientifico-letteraria di Milano.<br \/>\nCollezionista e appassionato connaisseur d\u2019arte, Novati fu sempre attento alla salvaguardia del patrimonio artistico milanese (contro la demolizione della pusterla dei Fabbri e della chiesa di San Raffaele, contro il progettato spostamento delle colonne di San Lorenzo). Non meno importante fu la sua attivit\u00e0 nell\u2019Associazione per lo Sviluppo dell\u2019Alta Cultura Milanese, fondata nel 1911 per promuovere lo sviluppo e il completamento di tutti gli Istituti Superiori esistenti.<\/p>\n<h3><strong>DATI BIBLIOGRAFICI<\/strong><\/h3>\n<p>Autori: a cura di Leonardo Andreoli, Guido Lucchini, Roberto Tagliani<br \/>\nEditore: Ledizioni<br \/>\nPubblicato: marzo 2016<br \/>\nISBN cartaceo: 9788867054282<br \/>\nPrezzo cartaceo: 28,00 \u20ac<\/p>","protected":false},"excerpt":{"rendered":"<p>CATALOGO DELLA MOSTRA Milano, Biblioteca Nazionale Braidense, Sala Maria Teresa 17 marzo &#8211; 28 maggio 2016 La mostra \u00e8 promossa<\/p>","protected":false},"featured_media":14698,"comment_status":"open","ping_status":"closed","template":"","meta":{"_acf_changed":false},"product_brand":[],"product_cat":[2459],"product_tag":[840,655,2077,1250,678,851,1904],"class_list":{"0":"post-14696","1":"product","2":"type-product","3":"status-publish","4":"has-post-thumbnail","6":"product_cat-umanistici","7":"product_tag-letteratura-italiana","8":"product_tag-milano","9":"product_tag-milano-antica","10":"product_tag-mostra","11":"product_tag-novecento","12":"product_tag-ottocento","13":"product_tag-storia-di-milano","15":"first","16":"instock","17":"shipping-taxable","18":"purchasable","19":"product-type-simple"},"acf":[],"yoast_head":"<!-- This site is optimized with the Yoast SEO plugin v27.4 - https:\/\/yoast.com\/product\/yoast-seo-wordpress\/ -->\n<title>FRANCESCO NOVATI (1859-1915) PROTAGONISTA DIMENTICATO DELLA MILANO TRA OTTO E NOVECENTO -<\/title>\n<meta name=\"description\" content=\"Ledizioni - Innovative Publishing. Casa editrice universitaria. Open Access. eBook, ePub. Creative Commons.\" \/>\n<meta name=\"robots\" content=\"index, follow, max-snippet:-1, max-image-preview:large, max-video-preview:-1\" \/>\n<link rel=\"canonical\" href=\"https:\/\/www.ledizioni.it\/en\/product\/francesco-novati-1859-1915-protagonista-dimenticato-della-milano-tra-otto-e-novecento\/\" \/>\n<meta property=\"og:locale\" content=\"en_GB\" \/>\n<meta property=\"og:type\" content=\"article\" \/>\n<meta property=\"og:title\" content=\"FRANCESCO NOVATI (1859-1915) PROTAGONISTA DIMENTICATO DELLA MILANO TRA OTTO E NOVECENTO -\" \/>\n<meta property=\"og:description\" content=\"Ledizioni - Innovative Publishing. Casa editrice universitaria. Open Access. eBook, ePub. Creative Commons.\" \/>\n<meta property=\"og:url\" content=\"https:\/\/www.ledizioni.it\/en\/product\/francesco-novati-1859-1915-protagonista-dimenticato-della-milano-tra-otto-e-novecento\/\" \/>\n<meta property=\"og:site_name\" content=\"Ledizioni\" \/>\n<meta property=\"article:publisher\" content=\"https:\/\/www.facebook.com\/pages\/Ledizioni-LediPublishing\/109120559173329\" \/>\n<meta property=\"article:modified_time\" content=\"2021-06-03T14:50:06+00:00\" \/>\n<meta property=\"og:image\" content=\"https:\/\/www.ledizioni.it\/stag\/wp-content\/uploads\/2016\/03\/foto-sito.jpg\" \/>\n\t<meta property=\"og:image:width\" content=\"1424\" \/>\n\t<meta property=\"og:image:height\" content=\"1814\" \/>\n\t<meta property=\"og:image:type\" content=\"image\/jpeg\" \/>\n<meta name=\"twitter:card\" content=\"summary_large_image\" \/>\n<meta name=\"twitter:site\" content=\"@ledizioni\" \/>\n<meta name=\"twitter:label1\" content=\"Estimated reading time\" \/>\n\t<meta name=\"twitter:data1\" content=\"2 minutes\" \/>\n<script type=\"application\/ld+json\" class=\"yoast-schema-graph\">{\"@context\":\"https:\\\/\\\/schema.org\",\"@graph\":[{\"@type\":\"WebPage\",\"@id\":\"https:\\\/\\\/www.ledizioni.it\\\/prodotto\\\/francesco-novati-1859-1915-protagonista-dimenticato-della-milano-tra-otto-e-novecento\\\/\",\"url\":\"https:\\\/\\\/www.ledizioni.it\\\/prodotto\\\/francesco-novati-1859-1915-protagonista-dimenticato-della-milano-tra-otto-e-novecento\\\/\",\"name\":\"FRANCESCO NOVATI (1859-1915) PROTAGONISTA DIMENTICATO DELLA MILANO TRA OTTO E NOVECENTO -\",\"isPartOf\":{\"@id\":\"https:\\\/\\\/www.ledizioni.it\\\/#website\"},\"primaryImageOfPage\":{\"@id\":\"https:\\\/\\\/www.ledizioni.it\\\/prodotto\\\/francesco-novati-1859-1915-protagonista-dimenticato-della-milano-tra-otto-e-novecento\\\/#primaryimage\"},\"image\":{\"@id\":\"https:\\\/\\\/www.ledizioni.it\\\/prodotto\\\/francesco-novati-1859-1915-protagonista-dimenticato-della-milano-tra-otto-e-novecento\\\/#primaryimage\"},\"thumbnailUrl\":\"https:\\\/\\\/www.ledizioni.it\\\/stag\\\/wp-content\\\/uploads\\\/2016\\\/03\\\/foto-sito.jpg\",\"datePublished\":\"2016-03-23T11:37:26+00:00\",\"dateModified\":\"2021-06-03T14:50:06+00:00\",\"description\":\"Ledizioni - Innovative Publishing. Casa editrice universitaria. Open Access. eBook, ePub. Creative Commons.\",\"breadcrumb\":{\"@id\":\"https:\\\/\\\/www.ledizioni.it\\\/prodotto\\\/francesco-novati-1859-1915-protagonista-dimenticato-della-milano-tra-otto-e-novecento\\\/#breadcrumb\"},\"inLanguage\":\"en-GB\",\"potentialAction\":[{\"@type\":\"ReadAction\",\"target\":[\"https:\\\/\\\/www.ledizioni.it\\\/prodotto\\\/francesco-novati-1859-1915-protagonista-dimenticato-della-milano-tra-otto-e-novecento\\\/\"]}]},{\"@type\":\"ImageObject\",\"inLanguage\":\"en-GB\",\"@id\":\"https:\\\/\\\/www.ledizioni.it\\\/prodotto\\\/francesco-novati-1859-1915-protagonista-dimenticato-della-milano-tra-otto-e-novecento\\\/#primaryimage\",\"url\":\"https:\\\/\\\/www.ledizioni.it\\\/stag\\\/wp-content\\\/uploads\\\/2016\\\/03\\\/foto-sito.jpg\",\"contentUrl\":\"https:\\\/\\\/www.ledizioni.it\\\/stag\\\/wp-content\\\/uploads\\\/2016\\\/03\\\/foto-sito.jpg\",\"width\":1424,\"height\":1814},{\"@type\":\"BreadcrumbList\",\"@id\":\"https:\\\/\\\/www.ledizioni.it\\\/prodotto\\\/francesco-novati-1859-1915-protagonista-dimenticato-della-milano-tra-otto-e-novecento\\\/#breadcrumb\",\"itemListElement\":[{\"@type\":\"ListItem\",\"position\":1,\"name\":\"Shop\",\"item\":\"https:\\\/\\\/www.ledizioni.it\\\/shop-2\\\/\"},{\"@type\":\"ListItem\",\"position\":2,\"name\":\"FRANCESCO NOVATI (1859-1915) PROTAGONISTA DIMENTICATO DELLA MILANO TRA OTTO E NOVECENTO\"}]},{\"@type\":\"WebSite\",\"@id\":\"https:\\\/\\\/www.ledizioni.it\\\/#website\",\"url\":\"https:\\\/\\\/www.ledizioni.it\\\/\",\"name\":\"Ledizioni\",\"description\":\"The Innovative LediPublishing Company - Casa Editrice Universitaria\",\"publisher\":{\"@id\":\"https:\\\/\\\/www.ledizioni.it\\\/#organization\"},\"potentialAction\":[{\"@type\":\"SearchAction\",\"target\":{\"@type\":\"EntryPoint\",\"urlTemplate\":\"https:\\\/\\\/www.ledizioni.it\\\/?s={search_term_string}\"},\"query-input\":{\"@type\":\"PropertyValueSpecification\",\"valueRequired\":true,\"valueName\":\"search_term_string\"}}],\"inLanguage\":\"en-GB\"},{\"@type\":\"Organization\",\"@id\":\"https:\\\/\\\/www.ledizioni.it\\\/#organization\",\"name\":\"Ledizioni\",\"url\":\"https:\\\/\\\/www.ledizioni.it\\\/\",\"logo\":{\"@type\":\"ImageObject\",\"inLanguage\":\"en-GB\",\"@id\":\"https:\\\/\\\/www.ledizioni.it\\\/#\\\/schema\\\/logo\\\/image\\\/\",\"url\":\"https:\\\/\\\/www.ledizioni.it\\\/stag\\\/wp-content\\\/uploads\\\/2023\\\/10\\\/newlogoledizioni500x110_2-1.jpg\",\"contentUrl\":\"https:\\\/\\\/www.ledizioni.it\\\/stag\\\/wp-content\\\/uploads\\\/2023\\\/10\\\/newlogoledizioni500x110_2-1.jpg\",\"width\":354,\"height\":87,\"caption\":\"Ledizioni\"},\"image\":{\"@id\":\"https:\\\/\\\/www.ledizioni.it\\\/#\\\/schema\\\/logo\\\/image\\\/\"},\"sameAs\":[\"https:\\\/\\\/www.facebook.com\\\/pages\\\/Ledizioni-LediPublishing\\\/109120559173329\",\"https:\\\/\\\/x.com\\\/ledizioni\"]}]}<\/script>\n<!-- \/ Yoast SEO plugin. -->","yoast_head_json":{"title":"FRANCESCO NOVATI (1859-1915) PROTAGONISTA DIMENTICATO DELLA MILANO TRA OTTO E NOVECENTO -","description":"Ledizioni - Innovative Publishing. Casa editrice universitaria. Open Access. eBook, ePub. Creative Commons.","robots":{"index":"index","follow":"follow","max-snippet":"max-snippet:-1","max-image-preview":"max-image-preview:large","max-video-preview":"max-video-preview:-1"},"canonical":"https:\/\/www.ledizioni.it\/en\/product\/francesco-novati-1859-1915-protagonista-dimenticato-della-milano-tra-otto-e-novecento\/","og_locale":"en_GB","og_type":"article","og_title":"FRANCESCO NOVATI (1859-1915) PROTAGONISTA DIMENTICATO DELLA MILANO TRA OTTO E NOVECENTO -","og_description":"Ledizioni - Innovative Publishing. Casa editrice universitaria. Open Access. eBook, ePub. Creative Commons.","og_url":"https:\/\/www.ledizioni.it\/en\/product\/francesco-novati-1859-1915-protagonista-dimenticato-della-milano-tra-otto-e-novecento\/","og_site_name":"Ledizioni","article_publisher":"https:\/\/www.facebook.com\/pages\/Ledizioni-LediPublishing\/109120559173329","article_modified_time":"2021-06-03T14:50:06+00:00","og_image":[{"width":1424,"height":1814,"url":"https:\/\/www.ledizioni.it\/stag\/wp-content\/uploads\/2016\/03\/foto-sito.jpg","type":"image\/jpeg"}],"twitter_card":"summary_large_image","twitter_site":"@ledizioni","twitter_misc":{"Estimated reading time":"2 minutes"},"schema":{"@context":"https:\/\/schema.org","@graph":[{"@type":"WebPage","@id":"https:\/\/www.ledizioni.it\/prodotto\/francesco-novati-1859-1915-protagonista-dimenticato-della-milano-tra-otto-e-novecento\/","url":"https:\/\/www.ledizioni.it\/prodotto\/francesco-novati-1859-1915-protagonista-dimenticato-della-milano-tra-otto-e-novecento\/","name":"FRANCESCO NOVATI (1859-1915) PROTAGONISTA DIMENTICATO DELLA MILANO TRA OTTO E NOVECENTO -","isPartOf":{"@id":"https:\/\/www.ledizioni.it\/#website"},"primaryImageOfPage":{"@id":"https:\/\/www.ledizioni.it\/prodotto\/francesco-novati-1859-1915-protagonista-dimenticato-della-milano-tra-otto-e-novecento\/#primaryimage"},"image":{"@id":"https:\/\/www.ledizioni.it\/prodotto\/francesco-novati-1859-1915-protagonista-dimenticato-della-milano-tra-otto-e-novecento\/#primaryimage"},"thumbnailUrl":"https:\/\/www.ledizioni.it\/stag\/wp-content\/uploads\/2016\/03\/foto-sito.jpg","datePublished":"2016-03-23T11:37:26+00:00","dateModified":"2021-06-03T14:50:06+00:00","description":"Ledizioni - Innovative Publishing. Casa editrice universitaria. Open Access. eBook, ePub. Creative Commons.","breadcrumb":{"@id":"https:\/\/www.ledizioni.it\/prodotto\/francesco-novati-1859-1915-protagonista-dimenticato-della-milano-tra-otto-e-novecento\/#breadcrumb"},"inLanguage":"en-GB","potentialAction":[{"@type":"ReadAction","target":["https:\/\/www.ledizioni.it\/prodotto\/francesco-novati-1859-1915-protagonista-dimenticato-della-milano-tra-otto-e-novecento\/"]}]},{"@type":"ImageObject","inLanguage":"en-GB","@id":"https:\/\/www.ledizioni.it\/prodotto\/francesco-novati-1859-1915-protagonista-dimenticato-della-milano-tra-otto-e-novecento\/#primaryimage","url":"https:\/\/www.ledizioni.it\/stag\/wp-content\/uploads\/2016\/03\/foto-sito.jpg","contentUrl":"https:\/\/www.ledizioni.it\/stag\/wp-content\/uploads\/2016\/03\/foto-sito.jpg","width":1424,"height":1814},{"@type":"BreadcrumbList","@id":"https:\/\/www.ledizioni.it\/prodotto\/francesco-novati-1859-1915-protagonista-dimenticato-della-milano-tra-otto-e-novecento\/#breadcrumb","itemListElement":[{"@type":"ListItem","position":1,"name":"Shop","item":"https:\/\/www.ledizioni.it\/shop-2\/"},{"@type":"ListItem","position":2,"name":"FRANCESCO NOVATI (1859-1915) PROTAGONISTA DIMENTICATO DELLA MILANO TRA OTTO E NOVECENTO"}]},{"@type":"WebSite","@id":"https:\/\/www.ledizioni.it\/#website","url":"https:\/\/www.ledizioni.it\/","name":"Ledizioni","description":"The Innovative LediPublishing Company - Casa Editrice Universitaria","publisher":{"@id":"https:\/\/www.ledizioni.it\/#organization"},"potentialAction":[{"@type":"SearchAction","target":{"@type":"EntryPoint","urlTemplate":"https:\/\/www.ledizioni.it\/?s={search_term_string}"},"query-input":{"@type":"PropertyValueSpecification","valueRequired":true,"valueName":"search_term_string"}}],"inLanguage":"en-GB"},{"@type":"Organization","@id":"https:\/\/www.ledizioni.it\/#organization","name":"Ledizioni","url":"https:\/\/www.ledizioni.it\/","logo":{"@type":"ImageObject","inLanguage":"en-GB","@id":"https:\/\/www.ledizioni.it\/#\/schema\/logo\/image\/","url":"https:\/\/www.ledizioni.it\/stag\/wp-content\/uploads\/2023\/10\/newlogoledizioni500x110_2-1.jpg","contentUrl":"https:\/\/www.ledizioni.it\/stag\/wp-content\/uploads\/2023\/10\/newlogoledizioni500x110_2-1.jpg","width":354,"height":87,"caption":"Ledizioni"},"image":{"@id":"https:\/\/www.ledizioni.it\/#\/schema\/logo\/image\/"},"sameAs":["https:\/\/www.facebook.com\/pages\/Ledizioni-LediPublishing\/109120559173329","https:\/\/x.com\/ledizioni"]}]}},"jetpack_sharing_enabled":true,"_links":{"self":[{"href":"https:\/\/www.ledizioni.it\/en\/wp-json\/wp\/v2\/product\/14696","targetHints":{"allow":["GET"]}}],"collection":[{"href":"https:\/\/www.ledizioni.it\/en\/wp-json\/wp\/v2\/product"}],"about":[{"href":"https:\/\/www.ledizioni.it\/en\/wp-json\/wp\/v2\/types\/product"}],"replies":[{"embeddable":true,"href":"https:\/\/www.ledizioni.it\/en\/wp-json\/wp\/v2\/comments?post=14696"}],"version-history":[{"count":1,"href":"https:\/\/www.ledizioni.it\/en\/wp-json\/wp\/v2\/product\/14696\/revisions"}],"predecessor-version":[{"id":21621,"href":"https:\/\/www.ledizioni.it\/en\/wp-json\/wp\/v2\/product\/14696\/revisions\/21621"}],"wp:featuredmedia":[{"embeddable":true,"href":"https:\/\/www.ledizioni.it\/en\/wp-json\/wp\/v2\/media\/14698"}],"wp:attachment":[{"href":"https:\/\/www.ledizioni.it\/en\/wp-json\/wp\/v2\/media?parent=14696"}],"wp:term":[{"taxonomy":"product_brand","embeddable":true,"href":"https:\/\/www.ledizioni.it\/en\/wp-json\/wp\/v2\/product_brand?post=14696"},{"taxonomy":"product_cat","embeddable":true,"href":"https:\/\/www.ledizioni.it\/en\/wp-json\/wp\/v2\/product_cat?post=14696"},{"taxonomy":"product_tag","embeddable":true,"href":"https:\/\/www.ledizioni.it\/en\/wp-json\/wp\/v2\/product_tag?post=14696"}],"curies":[{"name":"wp","href":"https:\/\/api.w.org\/{rel}","templated":true}]}}