{"id":14794,"date":"2016-04-14T12:56:21","date_gmt":"2016-04-14T10:56:21","guid":{"rendered":"http:\/\/www.ledizioni.it\/?post_type=product&#038;p=14794"},"modified":"2022-07-08T17:25:44","modified_gmt":"2022-07-08T15:25:44","slug":"de-lalbicante-historia-de-la-guerra-del-piamonte-a-cura-di-luca-bellone","status":"publish","type":"product","link":"https:\/\/www.ledizioni.it\/en\/product\/de-lalbicante-historia-de-la-guerra-del-piamonte-a-cura-di-luca-bellone\/","title":{"rendered":"De l&#8217;Albicante, HISTORIA DE LA GUERRA DEL PIAMONTE (a cura di Luca Bellone)"},"content":{"rendered":"<p style=\"text-align: justify;\"><em>L\u2019Historia de la guerra del Piamonte<\/em> (1538) di Giovanni Alberto Albicante \u00e8 uno dei testimoni pi\u00f9 rappresentativi di un sottogenere letterario poco noto e non ancora adeguatamente indagato, quello delle cosiddette \u00abGuerre in ottava rima\u00bb, corpus testuale caratterizzato da narrazioni che riproducono \u2013 riciclando da un lato il canone dei poemi cavallereschi, dall\u2019altro, almeno parzialmente, le tradizioni anteriori dell\u2019oralit\u00e0 canterina nelle nuove forme trasmesse dall\u2019istituto tipografico \u2013 oltre un secolo di guerre d\u2019Italia. Entro un simile perimetro, tanto uniforme dal punto di vista dello statuto discorsivo e merceologico quanto straordinariamente dinamico e articolato per genesi, finalit\u00e0, tipologia, distribuzione areale e cronologica, Albicante racconta, con una apprezzabile interferenza di codici e con piglio semi-cronachistico, il sesto conflitto franco-spagnolo, che tra il 1535 e il 1538 devast\u00f2 la regione subalpina.<br \/>\nIl presente studio offre l\u2019edizione del poema, accompagnata da una ricca introduzione e opportunamente corredata da un ampio apparato di note di commento filologico-letterario, linguistico e storico, da un accurato glossario e da particolareggiati indici onomastici toponomastici.<\/p>\n<p style=\"text-align: justify;\"><em>Luca Bellone<\/em> \u00e8 Ricercatore in Filologia della Letteratura Italiana presso il Dipartimento di Lingue e Letterature Straniere e Culture Moderne dell\u2019Universit\u00e0 degli Studi di Torino; collabora dal 2003 al Lessico Etimologico Italiano (LEI) (Universit\u00e4t des Saarlandes \u2013 Saarbr\u00fccken) e dal 2007 al Dictionnaire \u00c9tymologique Roman (D\u00c9Rom) (Universit\u00e9 de Nancy; Universit\u00e4t des Saarlandes \u2013 Saarbr\u00fccken). I suoi interessi di ricerca coniugano filologia e linguistica italiana, con particolare attenzione all\u2019edizione di volgarizzamenti (si veda ad esempio La tradizione italiana della \u00abVindicta Salvatoris\u00bb. Edizione dei volgarizzamenti toscani, Alessandria, Edizioni dell\u2019Orso, 2011), allo studio della lingua della letteratura italiana contemporanea, alla lessicologia italiana e dialettale (oltre alla collaborazione al LEI e al D\u00c9Rom, \u00e8 stato per oltre un decennio redattore, sotto la direzione scientifica di Anna Cornagliotti, del Repertorio Etimologico Piemontese, Torino, Centro Studi Piemontesi, 2015).<\/p>\n<p style=\"text-align: justify;\">DATI BIBLIOGRAFICI<br \/>\nAutore: a cura di Luca Bellone<br \/>\nEditore: Universit\u00e0 di Torino, Dipartimento di Lingue e Letterature Straniere e Culture Moderne<br \/>\nCollana: &#8220;QuadRi&#8221; Quaderni di Ricognizioni<br \/>\nISBN:9788875901011<br \/>\nPubblicazione: marzo 2016<br \/>\nPrezzo: 28\u20ac cartaceo; disponibile il PDF scaricabile in Open Access<\/p>","protected":false},"excerpt":{"rendered":"<p>A cura del Dipartimento di Lingue e Letterature Straniere e Culture Moderne, Universit\u00e0 di Torino<\/p>","protected":false},"featured_media":14793,"comment_status":"open","ping_status":"closed","template":"","meta":{"_acf_changed":false},"product_brand":[],"product_cat":[2464],"product_tag":[2487,702,764,2019,1049],"class_list":{"0":"post-14794","1":"product","2":"type-product","3":"status-publish","4":"has-post-thumbnail","6":"product_cat-filologia","7":"product_tag-filologia-romanza","8":"product_tag-guerra","9":"product_tag-open-access-2","10":"product_tag-piemonte","11":"product_tag-torino","12":"pa_formato-cartaceo","13":"pa_formato-ebook-in-pdf","14":"pa_lingua-italiano","16":"first","17":"instock","18":"featured","19":"shipping-taxable","20":"purchasable","21":"product-type-variable"},"acf":[],"yoast_head":"<!-- This site is optimized with the Yoast SEO plugin v27.4 - https:\/\/yoast.com\/product\/yoast-seo-wordpress\/ -->\n<title>De l&#039;Albicante, HISTORIA DE LA GUERRA DEL PIAMONTE (a cura di Luca Bellone) -<\/title>\n<meta name=\"description\" content=\"Ledizioni - Innovative Publishing. Casa editrice universitaria. Open Access. eBook, ePub. Creative Commons.\" \/>\n<meta name=\"robots\" content=\"index, follow, max-snippet:-1, max-image-preview:large, max-video-preview:-1\" \/>\n<link rel=\"canonical\" href=\"https:\/\/www.ledizioni.it\/en\/product\/de-lalbicante-historia-de-la-guerra-del-piamonte-a-cura-di-luca-bellone\/\" \/>\n<meta property=\"og:locale\" content=\"en_GB\" \/>\n<meta property=\"og:type\" content=\"article\" \/>\n<meta property=\"og:title\" content=\"De l&#039;Albicante, HISTORIA DE LA GUERRA DEL PIAMONTE (a cura di Luca Bellone) -\" \/>\n<meta property=\"og:description\" content=\"Ledizioni - Innovative Publishing. Casa editrice universitaria. Open Access. eBook, ePub. Creative Commons.\" \/>\n<meta property=\"og:url\" content=\"https:\/\/www.ledizioni.it\/en\/product\/de-lalbicante-historia-de-la-guerra-del-piamonte-a-cura-di-luca-bellone\/\" \/>\n<meta property=\"og:site_name\" content=\"Ledizioni\" \/>\n<meta property=\"article:publisher\" content=\"https:\/\/www.facebook.com\/pages\/Ledizioni-LediPublishing\/109120559173329\" \/>\n<meta property=\"article:modified_time\" content=\"2022-07-08T15:25:44+00:00\" \/>\n<meta property=\"og:image\" content=\"https:\/\/www.ledizioni.it\/stag\/wp-content\/uploads\/2016\/04\/Copertina_3D-2.jpg\" \/>\n\t<meta property=\"og:image:width\" content=\"1463\" \/>\n\t<meta property=\"og:image:height\" content=\"1876\" \/>\n\t<meta property=\"og:image:type\" content=\"image\/jpeg\" \/>\n<meta name=\"twitter:card\" content=\"summary_large_image\" \/>\n<meta name=\"twitter:site\" content=\"@ledizioni\" \/>\n<meta name=\"twitter:label1\" content=\"Estimated reading time\" \/>\n\t<meta name=\"twitter:data1\" content=\"2 minutes\" \/>\n<script type=\"application\/ld+json\" class=\"yoast-schema-graph\">{\"@context\":\"https:\\\/\\\/schema.org\",\"@graph\":[{\"@type\":\"WebPage\",\"@id\":\"https:\\\/\\\/www.ledizioni.it\\\/prodotto\\\/de-lalbicante-historia-de-la-guerra-del-piamonte-a-cura-di-luca-bellone\\\/\",\"url\":\"https:\\\/\\\/www.ledizioni.it\\\/prodotto\\\/de-lalbicante-historia-de-la-guerra-del-piamonte-a-cura-di-luca-bellone\\\/\",\"name\":\"De l'Albicante, HISTORIA DE LA GUERRA DEL PIAMONTE (a cura di Luca Bellone) -\",\"isPartOf\":{\"@id\":\"https:\\\/\\\/www.ledizioni.it\\\/#website\"},\"primaryImageOfPage\":{\"@id\":\"https:\\\/\\\/www.ledizioni.it\\\/prodotto\\\/de-lalbicante-historia-de-la-guerra-del-piamonte-a-cura-di-luca-bellone\\\/#primaryimage\"},\"image\":{\"@id\":\"https:\\\/\\\/www.ledizioni.it\\\/prodotto\\\/de-lalbicante-historia-de-la-guerra-del-piamonte-a-cura-di-luca-bellone\\\/#primaryimage\"},\"thumbnailUrl\":\"https:\\\/\\\/www.ledizioni.it\\\/stag\\\/wp-content\\\/uploads\\\/2016\\\/04\\\/Copertina_3D-2.jpg\",\"datePublished\":\"2016-04-14T10:56:21+00:00\",\"dateModified\":\"2022-07-08T15:25:44+00:00\",\"description\":\"Ledizioni - Innovative Publishing. Casa editrice universitaria. Open Access. eBook, ePub. Creative Commons.\",\"breadcrumb\":{\"@id\":\"https:\\\/\\\/www.ledizioni.it\\\/prodotto\\\/de-lalbicante-historia-de-la-guerra-del-piamonte-a-cura-di-luca-bellone\\\/#breadcrumb\"},\"inLanguage\":\"en-GB\",\"potentialAction\":[{\"@type\":\"ReadAction\",\"target\":[\"https:\\\/\\\/www.ledizioni.it\\\/prodotto\\\/de-lalbicante-historia-de-la-guerra-del-piamonte-a-cura-di-luca-bellone\\\/\"]}]},{\"@type\":\"ImageObject\",\"inLanguage\":\"en-GB\",\"@id\":\"https:\\\/\\\/www.ledizioni.it\\\/prodotto\\\/de-lalbicante-historia-de-la-guerra-del-piamonte-a-cura-di-luca-bellone\\\/#primaryimage\",\"url\":\"https:\\\/\\\/www.ledizioni.it\\\/stag\\\/wp-content\\\/uploads\\\/2016\\\/04\\\/Copertina_3D-2.jpg\",\"contentUrl\":\"https:\\\/\\\/www.ledizioni.it\\\/stag\\\/wp-content\\\/uploads\\\/2016\\\/04\\\/Copertina_3D-2.jpg\",\"width\":1463,\"height\":1876},{\"@type\":\"BreadcrumbList\",\"@id\":\"https:\\\/\\\/www.ledizioni.it\\\/prodotto\\\/de-lalbicante-historia-de-la-guerra-del-piamonte-a-cura-di-luca-bellone\\\/#breadcrumb\",\"itemListElement\":[{\"@type\":\"ListItem\",\"position\":1,\"name\":\"Shop\",\"item\":\"https:\\\/\\\/www.ledizioni.it\\\/shop-2\\\/\"},{\"@type\":\"ListItem\",\"position\":2,\"name\":\"De l&#8217;Albicante, HISTORIA DE LA GUERRA DEL PIAMONTE (a cura di Luca Bellone)\"}]},{\"@type\":\"WebSite\",\"@id\":\"https:\\\/\\\/www.ledizioni.it\\\/#website\",\"url\":\"https:\\\/\\\/www.ledizioni.it\\\/\",\"name\":\"Ledizioni\",\"description\":\"The Innovative LediPublishing Company - Casa Editrice Universitaria\",\"publisher\":{\"@id\":\"https:\\\/\\\/www.ledizioni.it\\\/#organization\"},\"potentialAction\":[{\"@type\":\"SearchAction\",\"target\":{\"@type\":\"EntryPoint\",\"urlTemplate\":\"https:\\\/\\\/www.ledizioni.it\\\/?s={search_term_string}\"},\"query-input\":{\"@type\":\"PropertyValueSpecification\",\"valueRequired\":true,\"valueName\":\"search_term_string\"}}],\"inLanguage\":\"en-GB\"},{\"@type\":\"Organization\",\"@id\":\"https:\\\/\\\/www.ledizioni.it\\\/#organization\",\"name\":\"Ledizioni\",\"url\":\"https:\\\/\\\/www.ledizioni.it\\\/\",\"logo\":{\"@type\":\"ImageObject\",\"inLanguage\":\"en-GB\",\"@id\":\"https:\\\/\\\/www.ledizioni.it\\\/#\\\/schema\\\/logo\\\/image\\\/\",\"url\":\"https:\\\/\\\/www.ledizioni.it\\\/stag\\\/wp-content\\\/uploads\\\/2023\\\/10\\\/newlogoledizioni500x110_2-1.jpg\",\"contentUrl\":\"https:\\\/\\\/www.ledizioni.it\\\/stag\\\/wp-content\\\/uploads\\\/2023\\\/10\\\/newlogoledizioni500x110_2-1.jpg\",\"width\":354,\"height\":87,\"caption\":\"Ledizioni\"},\"image\":{\"@id\":\"https:\\\/\\\/www.ledizioni.it\\\/#\\\/schema\\\/logo\\\/image\\\/\"},\"sameAs\":[\"https:\\\/\\\/www.facebook.com\\\/pages\\\/Ledizioni-LediPublishing\\\/109120559173329\",\"https:\\\/\\\/x.com\\\/ledizioni\"]}]}<\/script>\n<!-- \/ Yoast SEO plugin. -->","yoast_head_json":{"title":"De l'Albicante, HISTORIA DE LA GUERRA DEL PIAMONTE (a cura di Luca Bellone) -","description":"Ledizioni - Innovative Publishing. Casa editrice universitaria. Open Access. eBook, ePub. Creative Commons.","robots":{"index":"index","follow":"follow","max-snippet":"max-snippet:-1","max-image-preview":"max-image-preview:large","max-video-preview":"max-video-preview:-1"},"canonical":"https:\/\/www.ledizioni.it\/en\/product\/de-lalbicante-historia-de-la-guerra-del-piamonte-a-cura-di-luca-bellone\/","og_locale":"en_GB","og_type":"article","og_title":"De l'Albicante, HISTORIA DE LA GUERRA DEL PIAMONTE (a cura di Luca Bellone) -","og_description":"Ledizioni - Innovative Publishing. Casa editrice universitaria. Open Access. eBook, ePub. Creative Commons.","og_url":"https:\/\/www.ledizioni.it\/en\/product\/de-lalbicante-historia-de-la-guerra-del-piamonte-a-cura-di-luca-bellone\/","og_site_name":"Ledizioni","article_publisher":"https:\/\/www.facebook.com\/pages\/Ledizioni-LediPublishing\/109120559173329","article_modified_time":"2022-07-08T15:25:44+00:00","og_image":[{"width":1463,"height":1876,"url":"https:\/\/www.ledizioni.it\/stag\/wp-content\/uploads\/2016\/04\/Copertina_3D-2.jpg","type":"image\/jpeg"}],"twitter_card":"summary_large_image","twitter_site":"@ledizioni","twitter_misc":{"Estimated reading time":"2 minutes"},"schema":{"@context":"https:\/\/schema.org","@graph":[{"@type":"WebPage","@id":"https:\/\/www.ledizioni.it\/prodotto\/de-lalbicante-historia-de-la-guerra-del-piamonte-a-cura-di-luca-bellone\/","url":"https:\/\/www.ledizioni.it\/prodotto\/de-lalbicante-historia-de-la-guerra-del-piamonte-a-cura-di-luca-bellone\/","name":"De l'Albicante, HISTORIA DE LA GUERRA DEL PIAMONTE (a cura di Luca Bellone) -","isPartOf":{"@id":"https:\/\/www.ledizioni.it\/#website"},"primaryImageOfPage":{"@id":"https:\/\/www.ledizioni.it\/prodotto\/de-lalbicante-historia-de-la-guerra-del-piamonte-a-cura-di-luca-bellone\/#primaryimage"},"image":{"@id":"https:\/\/www.ledizioni.it\/prodotto\/de-lalbicante-historia-de-la-guerra-del-piamonte-a-cura-di-luca-bellone\/#primaryimage"},"thumbnailUrl":"https:\/\/www.ledizioni.it\/stag\/wp-content\/uploads\/2016\/04\/Copertina_3D-2.jpg","datePublished":"2016-04-14T10:56:21+00:00","dateModified":"2022-07-08T15:25:44+00:00","description":"Ledizioni - Innovative Publishing. Casa editrice universitaria. Open Access. eBook, ePub. Creative Commons.","breadcrumb":{"@id":"https:\/\/www.ledizioni.it\/prodotto\/de-lalbicante-historia-de-la-guerra-del-piamonte-a-cura-di-luca-bellone\/#breadcrumb"},"inLanguage":"en-GB","potentialAction":[{"@type":"ReadAction","target":["https:\/\/www.ledizioni.it\/prodotto\/de-lalbicante-historia-de-la-guerra-del-piamonte-a-cura-di-luca-bellone\/"]}]},{"@type":"ImageObject","inLanguage":"en-GB","@id":"https:\/\/www.ledizioni.it\/prodotto\/de-lalbicante-historia-de-la-guerra-del-piamonte-a-cura-di-luca-bellone\/#primaryimage","url":"https:\/\/www.ledizioni.it\/stag\/wp-content\/uploads\/2016\/04\/Copertina_3D-2.jpg","contentUrl":"https:\/\/www.ledizioni.it\/stag\/wp-content\/uploads\/2016\/04\/Copertina_3D-2.jpg","width":1463,"height":1876},{"@type":"BreadcrumbList","@id":"https:\/\/www.ledizioni.it\/prodotto\/de-lalbicante-historia-de-la-guerra-del-piamonte-a-cura-di-luca-bellone\/#breadcrumb","itemListElement":[{"@type":"ListItem","position":1,"name":"Shop","item":"https:\/\/www.ledizioni.it\/shop-2\/"},{"@type":"ListItem","position":2,"name":"De l&#8217;Albicante, HISTORIA DE LA GUERRA DEL PIAMONTE (a cura di Luca Bellone)"}]},{"@type":"WebSite","@id":"https:\/\/www.ledizioni.it\/#website","url":"https:\/\/www.ledizioni.it\/","name":"Ledizioni","description":"The Innovative LediPublishing Company - Casa Editrice Universitaria","publisher":{"@id":"https:\/\/www.ledizioni.it\/#organization"},"potentialAction":[{"@type":"SearchAction","target":{"@type":"EntryPoint","urlTemplate":"https:\/\/www.ledizioni.it\/?s={search_term_string}"},"query-input":{"@type":"PropertyValueSpecification","valueRequired":true,"valueName":"search_term_string"}}],"inLanguage":"en-GB"},{"@type":"Organization","@id":"https:\/\/www.ledizioni.it\/#organization","name":"Ledizioni","url":"https:\/\/www.ledizioni.it\/","logo":{"@type":"ImageObject","inLanguage":"en-GB","@id":"https:\/\/www.ledizioni.it\/#\/schema\/logo\/image\/","url":"https:\/\/www.ledizioni.it\/stag\/wp-content\/uploads\/2023\/10\/newlogoledizioni500x110_2-1.jpg","contentUrl":"https:\/\/www.ledizioni.it\/stag\/wp-content\/uploads\/2023\/10\/newlogoledizioni500x110_2-1.jpg","width":354,"height":87,"caption":"Ledizioni"},"image":{"@id":"https:\/\/www.ledizioni.it\/#\/schema\/logo\/image\/"},"sameAs":["https:\/\/www.facebook.com\/pages\/Ledizioni-LediPublishing\/109120559173329","https:\/\/x.com\/ledizioni"]}]}},"jetpack_sharing_enabled":true,"_links":{"self":[{"href":"https:\/\/www.ledizioni.it\/en\/wp-json\/wp\/v2\/product\/14794","targetHints":{"allow":["GET"]}}],"collection":[{"href":"https:\/\/www.ledizioni.it\/en\/wp-json\/wp\/v2\/product"}],"about":[{"href":"https:\/\/www.ledizioni.it\/en\/wp-json\/wp\/v2\/types\/product"}],"replies":[{"embeddable":true,"href":"https:\/\/www.ledizioni.it\/en\/wp-json\/wp\/v2\/comments?post=14794"}],"version-history":[{"count":1,"href":"https:\/\/www.ledizioni.it\/en\/wp-json\/wp\/v2\/product\/14794\/revisions"}],"predecessor-version":[{"id":14820,"href":"https:\/\/www.ledizioni.it\/en\/wp-json\/wp\/v2\/product\/14794\/revisions\/14820"}],"wp:featuredmedia":[{"embeddable":true,"href":"https:\/\/www.ledizioni.it\/en\/wp-json\/wp\/v2\/media\/14793"}],"wp:attachment":[{"href":"https:\/\/www.ledizioni.it\/en\/wp-json\/wp\/v2\/media?parent=14794"}],"wp:term":[{"taxonomy":"product_brand","embeddable":true,"href":"https:\/\/www.ledizioni.it\/en\/wp-json\/wp\/v2\/product_brand?post=14794"},{"taxonomy":"product_cat","embeddable":true,"href":"https:\/\/www.ledizioni.it\/en\/wp-json\/wp\/v2\/product_cat?post=14794"},{"taxonomy":"product_tag","embeddable":true,"href":"https:\/\/www.ledizioni.it\/en\/wp-json\/wp\/v2\/product_tag?post=14794"}],"curies":[{"name":"wp","href":"https:\/\/api.w.org\/{rel}","templated":true}]}}