{"id":14911,"date":"2016-04-21T13:05:33","date_gmt":"2016-04-21T13:05:33","guid":{"rendered":"http:\/\/www.ledizioni.it\/?post_type=product&#038;p=14911"},"modified":"2021-05-28T16:29:13","modified_gmt":"2021-05-28T14:29:13","slug":"aa-vv-concorso-a-cattedre-2016-classe-a19-storia-e-filosofia-le-domande-dellorale-a-cura-di-martino-sacchi","status":"publish","type":"product","link":"https:\/\/www.ledizioni.it\/en\/product\/aa-vv-concorso-a-cattedre-2016-classe-a19-storia-e-filosofia-le-domande-dellorale-a-cura-di-martino-sacchi\/","title":{"rendered":"AA.VV., CONCORSO A CATTEDRE 2016 classe A19: STORIA E FILOSOFIA, LE DOMANDE DELL&#8217;ORALE (a cura di Martino Sacchi)"},"content":{"rendered":"<p style=\"text-align: justify;\">Questo libro \u00e8 diverso dagli altri che potete incontrare sugli scaffali delle librerie specializzate. \u00c8 stato concepito per aiutare i candidati al Concorso a cattedre per le materie di filosofia e storia, ma non \u00e8 il solito, (quasi) inutile riassunto dei contenuti gi\u00e0 studiati all\u2019universit\u00e0 e magari gi\u00e0 insegnati per anni.<br \/>\nEsso nasce dall\u2019esperienza sul campo di alcuni commissari e presidenti di commissione del Concorso 2012-13 e si concentra sull\u2019oggetto misterioso per antonomasia di ogni concorso: la prova orale.<\/p>\n<p>&nbsp;<\/p>\n<p><strong>DATI BIBLIOGRAFICI<\/strong><\/p>\n<p>Autori: Martino Sacchi, Antonella Cutro, Paola Gennaro, Marietta Medi Guerrera, Mario Maestri, Rocco Mic\u00f2<br \/>\nA cura di: Martino Sacchi<br \/>\nData di pubblicazione: Gennaio 2016<br \/>\nEditore: Ledizioni<br \/>\nISBN cartaceo: 978-8867054411<br \/>\nPrezzo cartaceo: 19,90\u20ac<br \/>\nPagine: 325<\/p>","protected":false},"excerpt":{"rendered":"<p>Questo libro \u00e8 diverso dagli altri che potete incontrare sugli scaffali delle librerie specializzate. \u00c8 stato concepito per aiutare i<\/p>","protected":false},"featured_media":14912,"comment_status":"open","ping_status":"closed","template":"","meta":{"_acf_changed":false},"product_brand":[],"product_cat":[1029],"product_tag":[1287,764,926,2500],"class_list":{"0":"post-14911","1":"product","2":"type-product","3":"status-publish","4":"has-post-thumbnail","6":"product_cat-manuali","7":"product_tag-concorso","8":"product_tag-open-access-2","9":"product_tag-scuola","10":"product_tag-storia-e-filosofia","11":"pa_formato-cartaceo","12":"pa_formato-ebook-in-pdf","13":"pa_lingua-italiano","15":"first","16":"instock","17":"featured","18":"shipping-taxable","19":"purchasable","20":"product-type-variable"},"acf":[],"yoast_head":"<!-- This site is optimized with the Yoast SEO plugin v27.4 - https:\/\/yoast.com\/product\/yoast-seo-wordpress\/ -->\n<title>AA.VV., CONCORSO A CATTEDRE 2016 classe A19: STORIA E FILOSOFIA, LE DOMANDE DELL&#039;ORALE (a cura di Martino Sacchi) -<\/title>\n<meta name=\"description\" content=\"Ledizioni - Innovative Publishing. Casa editrice universitaria. Open Access. eBook, ePub. Creative Commons.\" \/>\n<meta name=\"robots\" content=\"index, follow, max-snippet:-1, max-image-preview:large, max-video-preview:-1\" \/>\n<link rel=\"canonical\" href=\"https:\/\/www.ledizioni.it\/en\/product\/aa-vv-concorso-a-cattedre-2016-classe-a19-storia-e-filosofia-le-domande-dellorale-a-cura-di-martino-sacchi\/\" \/>\n<meta property=\"og:locale\" content=\"en_GB\" \/>\n<meta property=\"og:type\" content=\"article\" \/>\n<meta property=\"og:title\" content=\"AA.VV., CONCORSO A CATTEDRE 2016 classe A19: STORIA E FILOSOFIA, LE DOMANDE DELL&#039;ORALE (a cura di Martino Sacchi) -\" \/>\n<meta property=\"og:description\" content=\"Ledizioni - Innovative Publishing. Casa editrice universitaria. Open Access. eBook, ePub. Creative Commons.\" \/>\n<meta property=\"og:url\" content=\"https:\/\/www.ledizioni.it\/en\/product\/aa-vv-concorso-a-cattedre-2016-classe-a19-storia-e-filosofia-le-domande-dellorale-a-cura-di-martino-sacchi\/\" \/>\n<meta property=\"og:site_name\" content=\"Ledizioni\" \/>\n<meta property=\"article:publisher\" content=\"https:\/\/www.facebook.com\/pages\/Ledizioni-LediPublishing\/109120559173329\" \/>\n<meta property=\"article:modified_time\" content=\"2021-05-28T14:29:13+00:00\" \/>\n<meta property=\"og:image\" content=\"https:\/\/www.ledizioni.it\/stag\/wp-content\/uploads\/2016\/04\/Copertina_3D-10.jpg\" \/>\n\t<meta property=\"og:image:width\" content=\"1498\" \/>\n\t<meta property=\"og:image:height\" content=\"1938\" \/>\n\t<meta property=\"og:image:type\" content=\"image\/jpeg\" \/>\n<meta name=\"twitter:card\" content=\"summary_large_image\" \/>\n<meta name=\"twitter:site\" content=\"@ledizioni\" \/>\n<meta name=\"twitter:label1\" content=\"Estimated reading time\" \/>\n\t<meta name=\"twitter:data1\" content=\"1 minute\" \/>\n<script type=\"application\/ld+json\" class=\"yoast-schema-graph\">{\"@context\":\"https:\\\/\\\/schema.org\",\"@graph\":[{\"@type\":\"WebPage\",\"@id\":\"https:\\\/\\\/www.ledizioni.it\\\/en\\\/product\\\/aa-vv-concorso-a-cattedre-2016-classe-a19-storia-e-filosofia-le-domande-dellorale-a-cura-di-martino-sacchi\\\/\",\"url\":\"https:\\\/\\\/www.ledizioni.it\\\/en\\\/product\\\/aa-vv-concorso-a-cattedre-2016-classe-a19-storia-e-filosofia-le-domande-dellorale-a-cura-di-martino-sacchi\\\/\",\"name\":\"AA.VV., CONCORSO A CATTEDRE 2016 classe A19: STORIA E FILOSOFIA, LE DOMANDE DELL'ORALE (a cura di Martino Sacchi) -\",\"isPartOf\":{\"@id\":\"https:\\\/\\\/www.ledizioni.it\\\/#website\"},\"primaryImageOfPage\":{\"@id\":\"https:\\\/\\\/www.ledizioni.it\\\/en\\\/product\\\/aa-vv-concorso-a-cattedre-2016-classe-a19-storia-e-filosofia-le-domande-dellorale-a-cura-di-martino-sacchi\\\/#primaryimage\"},\"image\":{\"@id\":\"https:\\\/\\\/www.ledizioni.it\\\/en\\\/product\\\/aa-vv-concorso-a-cattedre-2016-classe-a19-storia-e-filosofia-le-domande-dellorale-a-cura-di-martino-sacchi\\\/#primaryimage\"},\"thumbnailUrl\":\"https:\\\/\\\/www.ledizioni.it\\\/stag\\\/wp-content\\\/uploads\\\/2016\\\/04\\\/Copertina_3D-10.jpg\",\"datePublished\":\"2016-04-21T13:05:33+00:00\",\"dateModified\":\"2021-05-28T14:29:13+00:00\",\"description\":\"Ledizioni - Innovative Publishing. Casa editrice universitaria. Open Access. eBook, ePub. Creative Commons.\",\"breadcrumb\":{\"@id\":\"https:\\\/\\\/www.ledizioni.it\\\/en\\\/product\\\/aa-vv-concorso-a-cattedre-2016-classe-a19-storia-e-filosofia-le-domande-dellorale-a-cura-di-martino-sacchi\\\/#breadcrumb\"},\"inLanguage\":\"en-GB\",\"potentialAction\":[{\"@type\":\"ReadAction\",\"target\":[\"https:\\\/\\\/www.ledizioni.it\\\/en\\\/product\\\/aa-vv-concorso-a-cattedre-2016-classe-a19-storia-e-filosofia-le-domande-dellorale-a-cura-di-martino-sacchi\\\/\"]}]},{\"@type\":\"ImageObject\",\"inLanguage\":\"en-GB\",\"@id\":\"https:\\\/\\\/www.ledizioni.it\\\/en\\\/product\\\/aa-vv-concorso-a-cattedre-2016-classe-a19-storia-e-filosofia-le-domande-dellorale-a-cura-di-martino-sacchi\\\/#primaryimage\",\"url\":\"https:\\\/\\\/www.ledizioni.it\\\/stag\\\/wp-content\\\/uploads\\\/2016\\\/04\\\/Copertina_3D-10.jpg\",\"contentUrl\":\"https:\\\/\\\/www.ledizioni.it\\\/stag\\\/wp-content\\\/uploads\\\/2016\\\/04\\\/Copertina_3D-10.jpg\",\"width\":1498,\"height\":1938},{\"@type\":\"BreadcrumbList\",\"@id\":\"https:\\\/\\\/www.ledizioni.it\\\/en\\\/product\\\/aa-vv-concorso-a-cattedre-2016-classe-a19-storia-e-filosofia-le-domande-dellorale-a-cura-di-martino-sacchi\\\/#breadcrumb\",\"itemListElement\":[{\"@type\":\"ListItem\",\"position\":1,\"name\":\"Shop\",\"item\":\"https:\\\/\\\/www.ledizioni.it\\\/shop-2\\\/\"},{\"@type\":\"ListItem\",\"position\":2,\"name\":\"AA.VV., CONCORSO A CATTEDRE 2016 classe A19: STORIA E FILOSOFIA, LE DOMANDE DELL&#8217;ORALE (a cura di Martino Sacchi)\"}]},{\"@type\":\"WebSite\",\"@id\":\"https:\\\/\\\/www.ledizioni.it\\\/#website\",\"url\":\"https:\\\/\\\/www.ledizioni.it\\\/\",\"name\":\"Ledizioni\",\"description\":\"The Innovative LediPublishing Company - Casa Editrice Universitaria\",\"publisher\":{\"@id\":\"https:\\\/\\\/www.ledizioni.it\\\/#organization\"},\"potentialAction\":[{\"@type\":\"SearchAction\",\"target\":{\"@type\":\"EntryPoint\",\"urlTemplate\":\"https:\\\/\\\/www.ledizioni.it\\\/?s={search_term_string}\"},\"query-input\":{\"@type\":\"PropertyValueSpecification\",\"valueRequired\":true,\"valueName\":\"search_term_string\"}}],\"inLanguage\":\"en-GB\"},{\"@type\":\"Organization\",\"@id\":\"https:\\\/\\\/www.ledizioni.it\\\/#organization\",\"name\":\"Ledizioni\",\"url\":\"https:\\\/\\\/www.ledizioni.it\\\/\",\"logo\":{\"@type\":\"ImageObject\",\"inLanguage\":\"en-GB\",\"@id\":\"https:\\\/\\\/www.ledizioni.it\\\/#\\\/schema\\\/logo\\\/image\\\/\",\"url\":\"https:\\\/\\\/www.ledizioni.it\\\/stag\\\/wp-content\\\/uploads\\\/2023\\\/10\\\/newlogoledizioni500x110_2-1.jpg\",\"contentUrl\":\"https:\\\/\\\/www.ledizioni.it\\\/stag\\\/wp-content\\\/uploads\\\/2023\\\/10\\\/newlogoledizioni500x110_2-1.jpg\",\"width\":354,\"height\":87,\"caption\":\"Ledizioni\"},\"image\":{\"@id\":\"https:\\\/\\\/www.ledizioni.it\\\/#\\\/schema\\\/logo\\\/image\\\/\"},\"sameAs\":[\"https:\\\/\\\/www.facebook.com\\\/pages\\\/Ledizioni-LediPublishing\\\/109120559173329\",\"https:\\\/\\\/x.com\\\/ledizioni\"]}]}<\/script>\n<!-- \/ Yoast SEO plugin. -->","yoast_head_json":{"title":"AA.VV., CONCORSO A CATTEDRE 2016 classe A19: STORIA E FILOSOFIA, LE DOMANDE DELL'ORALE (a cura di Martino Sacchi) -","description":"Ledizioni - Innovative Publishing. Casa editrice universitaria. Open Access. eBook, ePub. Creative Commons.","robots":{"index":"index","follow":"follow","max-snippet":"max-snippet:-1","max-image-preview":"max-image-preview:large","max-video-preview":"max-video-preview:-1"},"canonical":"https:\/\/www.ledizioni.it\/en\/product\/aa-vv-concorso-a-cattedre-2016-classe-a19-storia-e-filosofia-le-domande-dellorale-a-cura-di-martino-sacchi\/","og_locale":"en_GB","og_type":"article","og_title":"AA.VV., CONCORSO A CATTEDRE 2016 classe A19: STORIA E FILOSOFIA, LE DOMANDE DELL'ORALE (a cura di Martino Sacchi) -","og_description":"Ledizioni - Innovative Publishing. Casa editrice universitaria. Open Access. eBook, ePub. Creative Commons.","og_url":"https:\/\/www.ledizioni.it\/en\/product\/aa-vv-concorso-a-cattedre-2016-classe-a19-storia-e-filosofia-le-domande-dellorale-a-cura-di-martino-sacchi\/","og_site_name":"Ledizioni","article_publisher":"https:\/\/www.facebook.com\/pages\/Ledizioni-LediPublishing\/109120559173329","article_modified_time":"2021-05-28T14:29:13+00:00","og_image":[{"width":1498,"height":1938,"url":"https:\/\/www.ledizioni.it\/stag\/wp-content\/uploads\/2016\/04\/Copertina_3D-10.jpg","type":"image\/jpeg"}],"twitter_card":"summary_large_image","twitter_site":"@ledizioni","twitter_misc":{"Estimated reading time":"1 minute"},"schema":{"@context":"https:\/\/schema.org","@graph":[{"@type":"WebPage","@id":"https:\/\/www.ledizioni.it\/en\/product\/aa-vv-concorso-a-cattedre-2016-classe-a19-storia-e-filosofia-le-domande-dellorale-a-cura-di-martino-sacchi\/","url":"https:\/\/www.ledizioni.it\/en\/product\/aa-vv-concorso-a-cattedre-2016-classe-a19-storia-e-filosofia-le-domande-dellorale-a-cura-di-martino-sacchi\/","name":"AA.VV., CONCORSO A CATTEDRE 2016 classe A19: STORIA E FILOSOFIA, LE DOMANDE DELL'ORALE (a cura di Martino Sacchi) -","isPartOf":{"@id":"https:\/\/www.ledizioni.it\/#website"},"primaryImageOfPage":{"@id":"https:\/\/www.ledizioni.it\/en\/product\/aa-vv-concorso-a-cattedre-2016-classe-a19-storia-e-filosofia-le-domande-dellorale-a-cura-di-martino-sacchi\/#primaryimage"},"image":{"@id":"https:\/\/www.ledizioni.it\/en\/product\/aa-vv-concorso-a-cattedre-2016-classe-a19-storia-e-filosofia-le-domande-dellorale-a-cura-di-martino-sacchi\/#primaryimage"},"thumbnailUrl":"https:\/\/www.ledizioni.it\/stag\/wp-content\/uploads\/2016\/04\/Copertina_3D-10.jpg","datePublished":"2016-04-21T13:05:33+00:00","dateModified":"2021-05-28T14:29:13+00:00","description":"Ledizioni - Innovative Publishing. Casa editrice universitaria. Open Access. eBook, ePub. Creative Commons.","breadcrumb":{"@id":"https:\/\/www.ledizioni.it\/en\/product\/aa-vv-concorso-a-cattedre-2016-classe-a19-storia-e-filosofia-le-domande-dellorale-a-cura-di-martino-sacchi\/#breadcrumb"},"inLanguage":"en-GB","potentialAction":[{"@type":"ReadAction","target":["https:\/\/www.ledizioni.it\/en\/product\/aa-vv-concorso-a-cattedre-2016-classe-a19-storia-e-filosofia-le-domande-dellorale-a-cura-di-martino-sacchi\/"]}]},{"@type":"ImageObject","inLanguage":"en-GB","@id":"https:\/\/www.ledizioni.it\/en\/product\/aa-vv-concorso-a-cattedre-2016-classe-a19-storia-e-filosofia-le-domande-dellorale-a-cura-di-martino-sacchi\/#primaryimage","url":"https:\/\/www.ledizioni.it\/stag\/wp-content\/uploads\/2016\/04\/Copertina_3D-10.jpg","contentUrl":"https:\/\/www.ledizioni.it\/stag\/wp-content\/uploads\/2016\/04\/Copertina_3D-10.jpg","width":1498,"height":1938},{"@type":"BreadcrumbList","@id":"https:\/\/www.ledizioni.it\/en\/product\/aa-vv-concorso-a-cattedre-2016-classe-a19-storia-e-filosofia-le-domande-dellorale-a-cura-di-martino-sacchi\/#breadcrumb","itemListElement":[{"@type":"ListItem","position":1,"name":"Shop","item":"https:\/\/www.ledizioni.it\/shop-2\/"},{"@type":"ListItem","position":2,"name":"AA.VV., CONCORSO A CATTEDRE 2016 classe A19: STORIA E FILOSOFIA, LE DOMANDE DELL&#8217;ORALE (a cura di Martino Sacchi)"}]},{"@type":"WebSite","@id":"https:\/\/www.ledizioni.it\/#website","url":"https:\/\/www.ledizioni.it\/","name":"Ledizioni","description":"The Innovative LediPublishing Company - Casa Editrice Universitaria","publisher":{"@id":"https:\/\/www.ledizioni.it\/#organization"},"potentialAction":[{"@type":"SearchAction","target":{"@type":"EntryPoint","urlTemplate":"https:\/\/www.ledizioni.it\/?s={search_term_string}"},"query-input":{"@type":"PropertyValueSpecification","valueRequired":true,"valueName":"search_term_string"}}],"inLanguage":"en-GB"},{"@type":"Organization","@id":"https:\/\/www.ledizioni.it\/#organization","name":"Ledizioni","url":"https:\/\/www.ledizioni.it\/","logo":{"@type":"ImageObject","inLanguage":"en-GB","@id":"https:\/\/www.ledizioni.it\/#\/schema\/logo\/image\/","url":"https:\/\/www.ledizioni.it\/stag\/wp-content\/uploads\/2023\/10\/newlogoledizioni500x110_2-1.jpg","contentUrl":"https:\/\/www.ledizioni.it\/stag\/wp-content\/uploads\/2023\/10\/newlogoledizioni500x110_2-1.jpg","width":354,"height":87,"caption":"Ledizioni"},"image":{"@id":"https:\/\/www.ledizioni.it\/#\/schema\/logo\/image\/"},"sameAs":["https:\/\/www.facebook.com\/pages\/Ledizioni-LediPublishing\/109120559173329","https:\/\/x.com\/ledizioni"]}]}},"jetpack_sharing_enabled":true,"_links":{"self":[{"href":"https:\/\/www.ledizioni.it\/en\/wp-json\/wp\/v2\/product\/14911","targetHints":{"allow":["GET"]}}],"collection":[{"href":"https:\/\/www.ledizioni.it\/en\/wp-json\/wp\/v2\/product"}],"about":[{"href":"https:\/\/www.ledizioni.it\/en\/wp-json\/wp\/v2\/types\/product"}],"replies":[{"embeddable":true,"href":"https:\/\/www.ledizioni.it\/en\/wp-json\/wp\/v2\/comments?post=14911"}],"version-history":[{"count":0,"href":"https:\/\/www.ledizioni.it\/en\/wp-json\/wp\/v2\/product\/14911\/revisions"}],"wp:featuredmedia":[{"embeddable":true,"href":"https:\/\/www.ledizioni.it\/en\/wp-json\/wp\/v2\/media\/14912"}],"wp:attachment":[{"href":"https:\/\/www.ledizioni.it\/en\/wp-json\/wp\/v2\/media?parent=14911"}],"wp:term":[{"taxonomy":"product_brand","embeddable":true,"href":"https:\/\/www.ledizioni.it\/en\/wp-json\/wp\/v2\/product_brand?post=14911"},{"taxonomy":"product_cat","embeddable":true,"href":"https:\/\/www.ledizioni.it\/en\/wp-json\/wp\/v2\/product_cat?post=14911"},{"taxonomy":"product_tag","embeddable":true,"href":"https:\/\/www.ledizioni.it\/en\/wp-json\/wp\/v2\/product_tag?post=14911"}],"curies":[{"name":"wp","href":"https:\/\/api.w.org\/{rel}","templated":true}]}}