{"id":14913,"date":"2016-04-21T14:51:58","date_gmt":"2016-04-21T14:51:58","guid":{"rendered":"http:\/\/www.ledizioni.it\/?post_type=product&#038;p=14913"},"modified":"2021-05-28T17:31:35","modified_gmt":"2021-05-28T15:31:35","slug":"piero-borzini-non-fare-troppe-domande","status":"publish","type":"product","link":"https:\/\/www.ledizioni.it\/en\/product\/piero-borzini-non-fare-troppe-domande\/","title":{"rendered":"NON FARE TROPPE DOMANDE"},"content":{"rendered":"<p style=\"text-align: justify;\"><span style=\"text-decoration: underline;\">Leggi:<\/span><\/p>\n<ul>\n<li style=\"text-align: justify;\"><span style=\"text-decoration: underline;\">la <a href=\"http:\/\/www.globalethicsnetwork.org\/profiles\/blogs\/non-fare-troppe-domande-by-piero-borzini\">recensione<\/a> di Olivera Mijuskovic (Universit\u00e0 di Belgrado)<\/span><\/li>\n<li style=\"text-align: justify;\"><span style=\"text-decoration: underline;\"> la <a href=\"https:\/\/filosofiadellapolitica.com\/2016\/06\/29\/piero-borzini-non-fare-troppe-domandeledizioni2016\/\">segnalazione<\/a> su Polemos &#8211; Filosofia della Politica <\/span><\/li>\n<li style=\"text-align: justify;\"><span style=\"text-decoration: underline;\">la <a href=\"https:\/\/filosofiaenuovisentieri.it\/2016\/11\/15\/non-fare-troppe-domande-lultimo-libro-di-piero-borzini\/\">recensione<\/a> di Paolo Calabr\u00f2 su Filosofia e nuovi sentieri<\/span><\/li>\n<li style=\"text-align: justify;\"><span style=\"text-decoration: underline;\">la <a href=\"http:\/\/riviste.unimi.it\/index.php\/AMonline\/article\/view\/8474\/8004\">recensione<\/a> su Altre Modernit\u00e0 &#8211; Rivista di studi letterari e culturali, Universit\u00e0 di Milano<\/span><\/li>\n<\/ul>\n<p style=\"text-align: justify;\"><strong><em>\u00a0<\/em><\/strong><\/p>\n<p style=\"text-align: justify;\">Un filosofo infastidito dall\u2019insistenza di chi lo interrogava sulla natura del mondo pare avesse risposto al suo interlocutore: \u00abNon fare troppe domande\u00bb. Da par suo, ne <em>Il Mondo Nuovo<\/em>, Aldous Huxley afferma: \u00abDatemi televisione e bistecca e non mi seccate con la responsabilita\u0300 della liberta\u0300\u00bb. In queste due citazioni \u00e8 contenuto il nucleo originario di ci\u00f2 che questo saggio ambiva essere: un\u2019interrogarsi sulla libert\u00e0, sui rapporti tra l\u2019esercizio della libert\u00e0 individuale e i limiti imposti dalle esigenze della collettivit\u00e0, e sulle responsabilit\u00e0 che l\u2019esercizio delle libert\u00e0 comporta. In questo saggio l\u2019autore ha cercato di trattare dell\u2019ineffabilit\u00e0 dell\u2019essere liberi; tema, questo, che la cronaca pone oggi nei termini della pi\u00f9 alta drammaticit\u00e0. Per trattare il tema l\u2019autore non parte dal ricordo dei filosofi che si studiano sui banchi di scuola, bens\u00ec propone dialoghi e situazioni offerte da alcuni classici della letteratura distopica, conosciuti e amati durante l\u2019adolescenza, che introducono al tema della libert\u00e0 in modo molto efficace: da <em>1984<\/em> di George Orwell, a <em>La Macchina del Tempo<\/em> di Wells, fino a classici della cinematografia come <em>Metropolis<\/em> and <em>Tempi moderni<\/em>. Il saggio non fornisce risposte, ma espone temi e cerca di definire un metodo dialettico per cercare le risposte: operazione che ognuno deve fare da s\u00e9. Il libro \u00e8 nobilitato da tre contributi esterni: un prologo di Olivera Mijuskovic (Universit\u00e0 di Belgrado); un epilogo di Vincenzo De Florio (Universit\u00e0 di Anversa); una postfazione metodologica di Felice Accame.<\/p>\n<p style=\"text-align: justify;\"><strong>DATI BIBLIOGRAFICI<\/strong><\/p>\n<p style=\"text-align: justify;\">Autore: Piero Borzini<br \/>\nEditore: Ledizioni<br \/>\nFormato: Brossura<br \/>\nPagine: 179<br \/>\nISBN cartaceo: 9788867054435<br \/>\nISBN ePub:\u00a09788867055340<br \/>\nPrezzo cartaceo: 16\u20ac<br \/>\nPrezzo ePub: 6,99\u20ac<\/p>\n<p>&nbsp;<\/p>\n<p>[amazon_link asins=&#8217;8867054430&#8242; template=&#8217;PriceLink1&#8242; store=&#8217;ledizioni-21&#8242; marketplace=&#8217;IT&#8217; link_id=&#8217;55ca0c54-d6a6-11e8-96a5-b7a51a8aada0&#8242;]<\/p>\n<p><a href=\"https:\/\/www.torrossa.com\/it\/resources\/an\/3139319\"><img decoding=\"async\" class=\"aligncenter wp-image-23912\" src=\"https:\/\/www.ledizioni.it\/stag\/wp-content\/uploads\/2019\/07\/torrossa_web-150x80.jpg\" alt=\"\" width=\"200\" height=\"60\" \/><\/a><\/p>","protected":false},"excerpt":{"rendered":"<p>In questo saggio l\u2019autore ha cercato di trattare dell\u2019ineffabilit\u00e0 dell\u2019essere liberi, tema che la cronaca pone oggi nei termini della pi\u00f9 alta drammaticit\u00e0.<\/p>","protected":false},"featured_media":14914,"comment_status":"open","ping_status":"closed","template":"","meta":{"_acf_changed":false},"product_brand":[],"product_cat":[2457],"product_tag":[1291,812],"class_list":{"0":"post-14913","1":"product","2":"type-product","3":"status-publish","4":"has-post-thumbnail","6":"product_cat-filo","7":"product_tag-liberta","8":"product_tag-utopia","9":"pa_formato-cartaceo","10":"pa_formato-ebook-in-epub","11":"pa_lingua-italiano","13":"first","14":"instock","15":"featured","16":"shipping-taxable","17":"purchasable","18":"product-type-variable"},"acf":[],"yoast_head":"<!-- This site is optimized with the Yoast SEO plugin v27.3 - https:\/\/yoast.com\/product\/yoast-seo-wordpress\/ -->\n<title>NON FARE TROPPE DOMANDE -<\/title>\n<meta name=\"description\" content=\"Ledizioni - Innovative Publishing. Casa editrice universitaria. Open Access. eBook, ePub. Creative Commons.\" \/>\n<meta name=\"robots\" content=\"index, follow, max-snippet:-1, max-image-preview:large, max-video-preview:-1\" \/>\n<link rel=\"canonical\" href=\"https:\/\/www.ledizioni.it\/en\/product\/piero-borzini-non-fare-troppe-domande\/\" \/>\n<meta property=\"og:locale\" content=\"en_GB\" \/>\n<meta property=\"og:type\" content=\"article\" \/>\n<meta property=\"og:title\" content=\"NON FARE TROPPE DOMANDE -\" \/>\n<meta property=\"og:description\" content=\"Ledizioni - Innovative Publishing. Casa editrice universitaria. Open Access. eBook, ePub. Creative Commons.\" \/>\n<meta property=\"og:url\" content=\"https:\/\/www.ledizioni.it\/en\/product\/piero-borzini-non-fare-troppe-domande\/\" \/>\n<meta property=\"og:site_name\" content=\"Ledizioni\" \/>\n<meta property=\"article:publisher\" content=\"https:\/\/www.facebook.com\/pages\/Ledizioni-LediPublishing\/109120559173329\" \/>\n<meta property=\"article:modified_time\" content=\"2021-05-28T15:31:35+00:00\" \/>\n<meta property=\"og:image\" content=\"https:\/\/www.ledizioni.it\/stag\/wp-content\/uploads\/2016\/04\/Copertina_3D-11.jpg\" \/>\n\t<meta property=\"og:image:width\" content=\"1487\" \/>\n\t<meta property=\"og:image:height\" content=\"1876\" \/>\n\t<meta property=\"og:image:type\" content=\"image\/jpeg\" \/>\n<meta name=\"twitter:card\" content=\"summary_large_image\" \/>\n<meta name=\"twitter:site\" content=\"@ledizioni\" \/>\n<meta name=\"twitter:label1\" content=\"Estimated reading time\" \/>\n\t<meta name=\"twitter:data1\" content=\"2 minutes\" \/>\n<script type=\"application\/ld+json\" class=\"yoast-schema-graph\">{\"@context\":\"https:\\\/\\\/schema.org\",\"@graph\":[{\"@type\":\"WebPage\",\"@id\":\"https:\\\/\\\/www.ledizioni.it\\\/prodotto\\\/piero-borzini-non-fare-troppe-domande\\\/\",\"url\":\"https:\\\/\\\/www.ledizioni.it\\\/prodotto\\\/piero-borzini-non-fare-troppe-domande\\\/\",\"name\":\"NON FARE TROPPE DOMANDE -\",\"isPartOf\":{\"@id\":\"https:\\\/\\\/www.ledizioni.it\\\/#website\"},\"primaryImageOfPage\":{\"@id\":\"https:\\\/\\\/www.ledizioni.it\\\/prodotto\\\/piero-borzini-non-fare-troppe-domande\\\/#primaryimage\"},\"image\":{\"@id\":\"https:\\\/\\\/www.ledizioni.it\\\/prodotto\\\/piero-borzini-non-fare-troppe-domande\\\/#primaryimage\"},\"thumbnailUrl\":\"https:\\\/\\\/www.ledizioni.it\\\/stag\\\/wp-content\\\/uploads\\\/2016\\\/04\\\/Copertina_3D-11.jpg\",\"datePublished\":\"2016-04-21T14:51:58+00:00\",\"dateModified\":\"2021-05-28T15:31:35+00:00\",\"description\":\"Ledizioni - Innovative Publishing. Casa editrice universitaria. Open Access. eBook, ePub. Creative Commons.\",\"breadcrumb\":{\"@id\":\"https:\\\/\\\/www.ledizioni.it\\\/prodotto\\\/piero-borzini-non-fare-troppe-domande\\\/#breadcrumb\"},\"inLanguage\":\"en-GB\",\"potentialAction\":[{\"@type\":\"ReadAction\",\"target\":[\"https:\\\/\\\/www.ledizioni.it\\\/prodotto\\\/piero-borzini-non-fare-troppe-domande\\\/\"]}]},{\"@type\":\"ImageObject\",\"inLanguage\":\"en-GB\",\"@id\":\"https:\\\/\\\/www.ledizioni.it\\\/prodotto\\\/piero-borzini-non-fare-troppe-domande\\\/#primaryimage\",\"url\":\"https:\\\/\\\/www.ledizioni.it\\\/stag\\\/wp-content\\\/uploads\\\/2016\\\/04\\\/Copertina_3D-11.jpg\",\"contentUrl\":\"https:\\\/\\\/www.ledizioni.it\\\/stag\\\/wp-content\\\/uploads\\\/2016\\\/04\\\/Copertina_3D-11.jpg\",\"width\":1487,\"height\":1876},{\"@type\":\"BreadcrumbList\",\"@id\":\"https:\\\/\\\/www.ledizioni.it\\\/prodotto\\\/piero-borzini-non-fare-troppe-domande\\\/#breadcrumb\",\"itemListElement\":[{\"@type\":\"ListItem\",\"position\":1,\"name\":\"Shop\",\"item\":\"https:\\\/\\\/www.ledizioni.it\\\/shop-2\\\/\"},{\"@type\":\"ListItem\",\"position\":2,\"name\":\"NON FARE TROPPE DOMANDE\"}]},{\"@type\":\"WebSite\",\"@id\":\"https:\\\/\\\/www.ledizioni.it\\\/#website\",\"url\":\"https:\\\/\\\/www.ledizioni.it\\\/\",\"name\":\"Ledizioni\",\"description\":\"The Innovative LediPublishing Company - Casa Editrice Universitaria\",\"publisher\":{\"@id\":\"https:\\\/\\\/www.ledizioni.it\\\/#organization\"},\"potentialAction\":[{\"@type\":\"SearchAction\",\"target\":{\"@type\":\"EntryPoint\",\"urlTemplate\":\"https:\\\/\\\/www.ledizioni.it\\\/?s={search_term_string}\"},\"query-input\":{\"@type\":\"PropertyValueSpecification\",\"valueRequired\":true,\"valueName\":\"search_term_string\"}}],\"inLanguage\":\"en-GB\"},{\"@type\":\"Organization\",\"@id\":\"https:\\\/\\\/www.ledizioni.it\\\/#organization\",\"name\":\"Ledizioni\",\"url\":\"https:\\\/\\\/www.ledizioni.it\\\/\",\"logo\":{\"@type\":\"ImageObject\",\"inLanguage\":\"en-GB\",\"@id\":\"https:\\\/\\\/www.ledizioni.it\\\/#\\\/schema\\\/logo\\\/image\\\/\",\"url\":\"https:\\\/\\\/www.ledizioni.it\\\/stag\\\/wp-content\\\/uploads\\\/2023\\\/10\\\/newlogoledizioni500x110_2-1.jpg\",\"contentUrl\":\"https:\\\/\\\/www.ledizioni.it\\\/stag\\\/wp-content\\\/uploads\\\/2023\\\/10\\\/newlogoledizioni500x110_2-1.jpg\",\"width\":354,\"height\":87,\"caption\":\"Ledizioni\"},\"image\":{\"@id\":\"https:\\\/\\\/www.ledizioni.it\\\/#\\\/schema\\\/logo\\\/image\\\/\"},\"sameAs\":[\"https:\\\/\\\/www.facebook.com\\\/pages\\\/Ledizioni-LediPublishing\\\/109120559173329\",\"https:\\\/\\\/x.com\\\/ledizioni\"]}]}<\/script>\n<!-- \/ Yoast SEO plugin. -->","yoast_head_json":{"title":"NON FARE TROPPE DOMANDE -","description":"Ledizioni - Innovative Publishing. Casa editrice universitaria. Open Access. eBook, ePub. Creative Commons.","robots":{"index":"index","follow":"follow","max-snippet":"max-snippet:-1","max-image-preview":"max-image-preview:large","max-video-preview":"max-video-preview:-1"},"canonical":"https:\/\/www.ledizioni.it\/en\/product\/piero-borzini-non-fare-troppe-domande\/","og_locale":"en_GB","og_type":"article","og_title":"NON FARE TROPPE DOMANDE -","og_description":"Ledizioni - Innovative Publishing. Casa editrice universitaria. Open Access. eBook, ePub. Creative Commons.","og_url":"https:\/\/www.ledizioni.it\/en\/product\/piero-borzini-non-fare-troppe-domande\/","og_site_name":"Ledizioni","article_publisher":"https:\/\/www.facebook.com\/pages\/Ledizioni-LediPublishing\/109120559173329","article_modified_time":"2021-05-28T15:31:35+00:00","og_image":[{"width":1487,"height":1876,"url":"https:\/\/www.ledizioni.it\/stag\/wp-content\/uploads\/2016\/04\/Copertina_3D-11.jpg","type":"image\/jpeg"}],"twitter_card":"summary_large_image","twitter_site":"@ledizioni","twitter_misc":{"Estimated reading time":"2 minutes"},"schema":{"@context":"https:\/\/schema.org","@graph":[{"@type":"WebPage","@id":"https:\/\/www.ledizioni.it\/prodotto\/piero-borzini-non-fare-troppe-domande\/","url":"https:\/\/www.ledizioni.it\/prodotto\/piero-borzini-non-fare-troppe-domande\/","name":"NON FARE TROPPE DOMANDE -","isPartOf":{"@id":"https:\/\/www.ledizioni.it\/#website"},"primaryImageOfPage":{"@id":"https:\/\/www.ledizioni.it\/prodotto\/piero-borzini-non-fare-troppe-domande\/#primaryimage"},"image":{"@id":"https:\/\/www.ledizioni.it\/prodotto\/piero-borzini-non-fare-troppe-domande\/#primaryimage"},"thumbnailUrl":"https:\/\/www.ledizioni.it\/stag\/wp-content\/uploads\/2016\/04\/Copertina_3D-11.jpg","datePublished":"2016-04-21T14:51:58+00:00","dateModified":"2021-05-28T15:31:35+00:00","description":"Ledizioni - Innovative Publishing. Casa editrice universitaria. Open Access. eBook, ePub. Creative Commons.","breadcrumb":{"@id":"https:\/\/www.ledizioni.it\/prodotto\/piero-borzini-non-fare-troppe-domande\/#breadcrumb"},"inLanguage":"en-GB","potentialAction":[{"@type":"ReadAction","target":["https:\/\/www.ledizioni.it\/prodotto\/piero-borzini-non-fare-troppe-domande\/"]}]},{"@type":"ImageObject","inLanguage":"en-GB","@id":"https:\/\/www.ledizioni.it\/prodotto\/piero-borzini-non-fare-troppe-domande\/#primaryimage","url":"https:\/\/www.ledizioni.it\/stag\/wp-content\/uploads\/2016\/04\/Copertina_3D-11.jpg","contentUrl":"https:\/\/www.ledizioni.it\/stag\/wp-content\/uploads\/2016\/04\/Copertina_3D-11.jpg","width":1487,"height":1876},{"@type":"BreadcrumbList","@id":"https:\/\/www.ledizioni.it\/prodotto\/piero-borzini-non-fare-troppe-domande\/#breadcrumb","itemListElement":[{"@type":"ListItem","position":1,"name":"Shop","item":"https:\/\/www.ledizioni.it\/shop-2\/"},{"@type":"ListItem","position":2,"name":"NON FARE TROPPE DOMANDE"}]},{"@type":"WebSite","@id":"https:\/\/www.ledizioni.it\/#website","url":"https:\/\/www.ledizioni.it\/","name":"Ledizioni","description":"The Innovative LediPublishing Company - Casa Editrice Universitaria","publisher":{"@id":"https:\/\/www.ledizioni.it\/#organization"},"potentialAction":[{"@type":"SearchAction","target":{"@type":"EntryPoint","urlTemplate":"https:\/\/www.ledizioni.it\/?s={search_term_string}"},"query-input":{"@type":"PropertyValueSpecification","valueRequired":true,"valueName":"search_term_string"}}],"inLanguage":"en-GB"},{"@type":"Organization","@id":"https:\/\/www.ledizioni.it\/#organization","name":"Ledizioni","url":"https:\/\/www.ledizioni.it\/","logo":{"@type":"ImageObject","inLanguage":"en-GB","@id":"https:\/\/www.ledizioni.it\/#\/schema\/logo\/image\/","url":"https:\/\/www.ledizioni.it\/stag\/wp-content\/uploads\/2023\/10\/newlogoledizioni500x110_2-1.jpg","contentUrl":"https:\/\/www.ledizioni.it\/stag\/wp-content\/uploads\/2023\/10\/newlogoledizioni500x110_2-1.jpg","width":354,"height":87,"caption":"Ledizioni"},"image":{"@id":"https:\/\/www.ledizioni.it\/#\/schema\/logo\/image\/"},"sameAs":["https:\/\/www.facebook.com\/pages\/Ledizioni-LediPublishing\/109120559173329","https:\/\/x.com\/ledizioni"]}]}},"jetpack_sharing_enabled":true,"_links":{"self":[{"href":"https:\/\/www.ledizioni.it\/en\/wp-json\/wp\/v2\/product\/14913","targetHints":{"allow":["GET"]}}],"collection":[{"href":"https:\/\/www.ledizioni.it\/en\/wp-json\/wp\/v2\/product"}],"about":[{"href":"https:\/\/www.ledizioni.it\/en\/wp-json\/wp\/v2\/types\/product"}],"replies":[{"embeddable":true,"href":"https:\/\/www.ledizioni.it\/en\/wp-json\/wp\/v2\/comments?post=14913"}],"version-history":[{"count":1,"href":"https:\/\/www.ledizioni.it\/en\/wp-json\/wp\/v2\/product\/14913\/revisions"}],"predecessor-version":[{"id":15332,"href":"https:\/\/www.ledizioni.it\/en\/wp-json\/wp\/v2\/product\/14913\/revisions\/15332"}],"wp:featuredmedia":[{"embeddable":true,"href":"https:\/\/www.ledizioni.it\/en\/wp-json\/wp\/v2\/media\/14914"}],"wp:attachment":[{"href":"https:\/\/www.ledizioni.it\/en\/wp-json\/wp\/v2\/media?parent=14913"}],"wp:term":[{"taxonomy":"product_brand","embeddable":true,"href":"https:\/\/www.ledizioni.it\/en\/wp-json\/wp\/v2\/product_brand?post=14913"},{"taxonomy":"product_cat","embeddable":true,"href":"https:\/\/www.ledizioni.it\/en\/wp-json\/wp\/v2\/product_cat?post=14913"},{"taxonomy":"product_tag","embeddable":true,"href":"https:\/\/www.ledizioni.it\/en\/wp-json\/wp\/v2\/product_tag?post=14913"}],"curies":[{"name":"wp","href":"https:\/\/api.w.org\/{rel}","templated":true}]}}