{"id":15135,"date":"2016-05-19T16:06:47","date_gmt":"2016-05-19T14:06:47","guid":{"rendered":"http:\/\/www.ledizioni.it\/?post_type=product&#038;p=15135"},"modified":"2021-07-10T22:10:34","modified_gmt":"2021-07-10T20:10:34","slug":"paolo-valera-milano-sconosciuta-rinnovata","status":"publish","type":"product","link":"https:\/\/www.ledizioni.it\/en\/product\/paolo-valera-milano-sconosciuta-rinnovata\/","title":{"rendered":"MILANO SCONOSCIUTA RINNOVATA"},"content":{"rendered":"<p style=\"text-align: justify;\">Tra la fine dell\u2019Ottocento e i primi anni del Novecento, Milano consolida il primato di \u201ccapitale morale\u201d del Bel paese. Tuttavia, sotto la gaudente e ottimistica citt\u00e0 famosa per il Duomo, la Galleria e i monumenti, esiste un\u2019altra Milano, notturna e depravata, nella quale si muove una folla di spiantati, di reietti, di miserabili: artisti falliti, giovani belle senza speranza, piccola e grande criminalit\u00e0, l\u00f4cch e prostitute. Li possiamo vedere al Bottonuto, al Verziere, in via del Guast tra il Castello e Porta Garibaldi. Riempiono i dormitori, i locali aperti fino a tardi, i postriboli e le case malfamate, talvolta le sale da ballo e i restaurants, pi\u00f9 spesso i bois e le carceri. A questa schiera di oppressi Paolo Valera dedica la sua pi\u00f9 celebre opera letteraria, a met\u00e0 strada tra il modello naturalistico di Zola e i personaggi del melodramma, con la testa verso la lotta proletaria e i piedi nella scapigliatura milanese.<br \/>\nQuando nel 1922 l\u2019autore ripubblica Milano sconosciuta, in edizione \u201crinnovata\u201d, tanta parte di quella citt\u00e0 ormai non c\u2019\u00e8 pi\u00f9. Il vizio \u00e8 dilagato ovunque, senza nemmeno il pudore di nascondersi. L\u2019autore non pu\u00f2 allora non ripensare a quella Milano, alla fiera degli <em>oh bei! oh bei!<\/em> e alla signorilit\u00e0 meneghina perduta; e cos\u00ec anche i toni della nostalgia vanno ad arricchire i quadri prodotti in oltre quarant\u2019anni di instancabili esplorazioni palombare.<\/p>\n<p>&nbsp;<\/p>\n<p style=\"text-align: justify;\"><strong>DATI BIBLIOGRAFICI<\/strong><br \/>\nAutore: Paolo Valera<br \/>\nEditore: Ledizioni<br \/>\nPubblicato in: maggio 2016<br \/>\nCollana: <a href=\"https:\/\/www.ledizioni.it\/en\/product-category\/history\/la-biblioteca-del-locch\/\">la Biblioteca del L\u00f4cch<\/a><br \/>\nFormato: brossura, 228 p.<br \/>\nISBN cartaceo: 9788867053933<br \/>\nISBN ePub: 9788867054855<br \/>\nPrezzo cartaceo: 12\u20ac<br \/>\nPrezzo ePub: 2.99\u20ac<\/p>\n<p><a href=\"https:\/\/www.torrossa.com\/it\/resources\/an\/3141371\"><img decoding=\"async\" class=\"aligncenter wp-image-23912\" src=\"https:\/\/www.ledizioni.it\/stag\/wp-content\/uploads\/2019\/07\/torrossa_web-150x80.jpg\" alt=\"\" width=\"200\" height=\"60\" \/><\/a><\/p>","protected":false},"excerpt":{"rendered":"<p>Tra la fine dell\u2019Ottocento e i primi anni del Novecento, Milano consolida il primato di \u201ccapitale morale\u201d del Bel paese.<\/p>","protected":false},"featured_media":15136,"comment_status":"open","ping_status":"closed","template":"","meta":{"_acf_changed":false},"product_brand":[],"product_cat":[1355],"product_tag":[751,655,2077,678,851,1904,539],"class_list":{"0":"post-15135","1":"product","2":"type-product","3":"status-publish","4":"has-post-thumbnail","6":"product_cat-la-biblioteca-del-locch","7":"product_tag-guide-storiche","8":"product_tag-milano","9":"product_tag-milano-antica","10":"product_tag-novecento","11":"product_tag-ottocento","12":"product_tag-storia-di-milano","13":"product_tag-storia-locale","14":"pa_formato-cartaceo","15":"pa_formato-ebook-in-epub","16":"pa_lingua-italiano","18":"first","19":"instock","20":"featured","21":"shipping-taxable","22":"purchasable","23":"product-type-variable"},"acf":[],"yoast_head":"<!-- This site is optimized with the Yoast SEO plugin v27.4 - https:\/\/yoast.com\/product\/yoast-seo-wordpress\/ -->\n<title>MILANO SCONOSCIUTA RINNOVATA -<\/title>\n<meta name=\"description\" content=\"Ledizioni - Innovative Publishing. Casa editrice universitaria. Open Access. eBook, ePub. Creative Commons.\" \/>\n<meta name=\"robots\" content=\"index, follow, max-snippet:-1, max-image-preview:large, max-video-preview:-1\" \/>\n<link rel=\"canonical\" href=\"https:\/\/www.ledizioni.it\/en\/product\/paolo-valera-milano-sconosciuta-rinnovata\/\" \/>\n<meta property=\"og:locale\" content=\"en_GB\" \/>\n<meta property=\"og:type\" content=\"article\" \/>\n<meta property=\"og:title\" content=\"MILANO SCONOSCIUTA RINNOVATA -\" \/>\n<meta property=\"og:description\" content=\"Ledizioni - Innovative Publishing. Casa editrice universitaria. Open Access. eBook, ePub. Creative Commons.\" \/>\n<meta property=\"og:url\" content=\"https:\/\/www.ledizioni.it\/en\/product\/paolo-valera-milano-sconosciuta-rinnovata\/\" \/>\n<meta property=\"og:site_name\" content=\"Ledizioni\" \/>\n<meta property=\"article:publisher\" content=\"https:\/\/www.facebook.com\/pages\/Ledizioni-LediPublishing\/109120559173329\" \/>\n<meta property=\"article:modified_time\" content=\"2021-07-10T20:10:34+00:00\" \/>\n<meta property=\"og:image\" content=\"https:\/\/www.ledizioni.it\/stag\/wp-content\/uploads\/2016\/05\/Copertina_3D-3.jpg\" \/>\n\t<meta property=\"og:image:width\" content=\"1469\" \/>\n\t<meta property=\"og:image:height\" content=\"1876\" \/>\n\t<meta property=\"og:image:type\" content=\"image\/jpeg\" \/>\n<meta name=\"twitter:card\" content=\"summary_large_image\" \/>\n<meta name=\"twitter:site\" content=\"@ledizioni\" \/>\n<meta name=\"twitter:label1\" content=\"Estimated reading time\" \/>\n\t<meta name=\"twitter:data1\" content=\"1 minute\" \/>\n<script type=\"application\/ld+json\" class=\"yoast-schema-graph\">{\"@context\":\"https:\\\/\\\/schema.org\",\"@graph\":[{\"@type\":\"WebPage\",\"@id\":\"https:\\\/\\\/www.ledizioni.it\\\/en\\\/product\\\/paolo-valera-milano-sconosciuta-rinnovata\\\/\",\"url\":\"https:\\\/\\\/www.ledizioni.it\\\/en\\\/product\\\/paolo-valera-milano-sconosciuta-rinnovata\\\/\",\"name\":\"MILANO SCONOSCIUTA RINNOVATA -\",\"isPartOf\":{\"@id\":\"https:\\\/\\\/www.ledizioni.it\\\/#website\"},\"primaryImageOfPage\":{\"@id\":\"https:\\\/\\\/www.ledizioni.it\\\/en\\\/product\\\/paolo-valera-milano-sconosciuta-rinnovata\\\/#primaryimage\"},\"image\":{\"@id\":\"https:\\\/\\\/www.ledizioni.it\\\/en\\\/product\\\/paolo-valera-milano-sconosciuta-rinnovata\\\/#primaryimage\"},\"thumbnailUrl\":\"https:\\\/\\\/www.ledizioni.it\\\/stag\\\/wp-content\\\/uploads\\\/2016\\\/05\\\/Copertina_3D-3.jpg\",\"datePublished\":\"2016-05-19T14:06:47+00:00\",\"dateModified\":\"2021-07-10T20:10:34+00:00\",\"description\":\"Ledizioni - Innovative Publishing. Casa editrice universitaria. Open Access. eBook, ePub. Creative Commons.\",\"breadcrumb\":{\"@id\":\"https:\\\/\\\/www.ledizioni.it\\\/en\\\/product\\\/paolo-valera-milano-sconosciuta-rinnovata\\\/#breadcrumb\"},\"inLanguage\":\"en-GB\",\"potentialAction\":[{\"@type\":\"ReadAction\",\"target\":[\"https:\\\/\\\/www.ledizioni.it\\\/en\\\/product\\\/paolo-valera-milano-sconosciuta-rinnovata\\\/\"]}]},{\"@type\":\"ImageObject\",\"inLanguage\":\"en-GB\",\"@id\":\"https:\\\/\\\/www.ledizioni.it\\\/en\\\/product\\\/paolo-valera-milano-sconosciuta-rinnovata\\\/#primaryimage\",\"url\":\"https:\\\/\\\/www.ledizioni.it\\\/stag\\\/wp-content\\\/uploads\\\/2016\\\/05\\\/Copertina_3D-3.jpg\",\"contentUrl\":\"https:\\\/\\\/www.ledizioni.it\\\/stag\\\/wp-content\\\/uploads\\\/2016\\\/05\\\/Copertina_3D-3.jpg\",\"width\":1469,\"height\":1876},{\"@type\":\"BreadcrumbList\",\"@id\":\"https:\\\/\\\/www.ledizioni.it\\\/en\\\/product\\\/paolo-valera-milano-sconosciuta-rinnovata\\\/#breadcrumb\",\"itemListElement\":[{\"@type\":\"ListItem\",\"position\":1,\"name\":\"Shop\",\"item\":\"https:\\\/\\\/www.ledizioni.it\\\/shop-2\\\/\"},{\"@type\":\"ListItem\",\"position\":2,\"name\":\"MILANO SCONOSCIUTA RINNOVATA\"}]},{\"@type\":\"WebSite\",\"@id\":\"https:\\\/\\\/www.ledizioni.it\\\/#website\",\"url\":\"https:\\\/\\\/www.ledizioni.it\\\/\",\"name\":\"Ledizioni\",\"description\":\"The Innovative LediPublishing Company - Casa Editrice Universitaria\",\"publisher\":{\"@id\":\"https:\\\/\\\/www.ledizioni.it\\\/#organization\"},\"potentialAction\":[{\"@type\":\"SearchAction\",\"target\":{\"@type\":\"EntryPoint\",\"urlTemplate\":\"https:\\\/\\\/www.ledizioni.it\\\/?s={search_term_string}\"},\"query-input\":{\"@type\":\"PropertyValueSpecification\",\"valueRequired\":true,\"valueName\":\"search_term_string\"}}],\"inLanguage\":\"en-GB\"},{\"@type\":\"Organization\",\"@id\":\"https:\\\/\\\/www.ledizioni.it\\\/#organization\",\"name\":\"Ledizioni\",\"url\":\"https:\\\/\\\/www.ledizioni.it\\\/\",\"logo\":{\"@type\":\"ImageObject\",\"inLanguage\":\"en-GB\",\"@id\":\"https:\\\/\\\/www.ledizioni.it\\\/#\\\/schema\\\/logo\\\/image\\\/\",\"url\":\"https:\\\/\\\/www.ledizioni.it\\\/stag\\\/wp-content\\\/uploads\\\/2023\\\/10\\\/newlogoledizioni500x110_2-1.jpg\",\"contentUrl\":\"https:\\\/\\\/www.ledizioni.it\\\/stag\\\/wp-content\\\/uploads\\\/2023\\\/10\\\/newlogoledizioni500x110_2-1.jpg\",\"width\":354,\"height\":87,\"caption\":\"Ledizioni\"},\"image\":{\"@id\":\"https:\\\/\\\/www.ledizioni.it\\\/#\\\/schema\\\/logo\\\/image\\\/\"},\"sameAs\":[\"https:\\\/\\\/www.facebook.com\\\/pages\\\/Ledizioni-LediPublishing\\\/109120559173329\",\"https:\\\/\\\/x.com\\\/ledizioni\"]}]}<\/script>\n<!-- \/ Yoast SEO plugin. -->","yoast_head_json":{"title":"MILANO SCONOSCIUTA RINNOVATA -","description":"Ledizioni - Innovative Publishing. Casa editrice universitaria. Open Access. eBook, ePub. Creative Commons.","robots":{"index":"index","follow":"follow","max-snippet":"max-snippet:-1","max-image-preview":"max-image-preview:large","max-video-preview":"max-video-preview:-1"},"canonical":"https:\/\/www.ledizioni.it\/en\/product\/paolo-valera-milano-sconosciuta-rinnovata\/","og_locale":"en_GB","og_type":"article","og_title":"MILANO SCONOSCIUTA RINNOVATA -","og_description":"Ledizioni - Innovative Publishing. Casa editrice universitaria. Open Access. eBook, ePub. Creative Commons.","og_url":"https:\/\/www.ledizioni.it\/en\/product\/paolo-valera-milano-sconosciuta-rinnovata\/","og_site_name":"Ledizioni","article_publisher":"https:\/\/www.facebook.com\/pages\/Ledizioni-LediPublishing\/109120559173329","article_modified_time":"2021-07-10T20:10:34+00:00","og_image":[{"width":1469,"height":1876,"url":"https:\/\/www.ledizioni.it\/stag\/wp-content\/uploads\/2016\/05\/Copertina_3D-3.jpg","type":"image\/jpeg"}],"twitter_card":"summary_large_image","twitter_site":"@ledizioni","twitter_misc":{"Estimated reading time":"1 minute"},"schema":{"@context":"https:\/\/schema.org","@graph":[{"@type":"WebPage","@id":"https:\/\/www.ledizioni.it\/en\/product\/paolo-valera-milano-sconosciuta-rinnovata\/","url":"https:\/\/www.ledizioni.it\/en\/product\/paolo-valera-milano-sconosciuta-rinnovata\/","name":"MILANO SCONOSCIUTA RINNOVATA -","isPartOf":{"@id":"https:\/\/www.ledizioni.it\/#website"},"primaryImageOfPage":{"@id":"https:\/\/www.ledizioni.it\/en\/product\/paolo-valera-milano-sconosciuta-rinnovata\/#primaryimage"},"image":{"@id":"https:\/\/www.ledizioni.it\/en\/product\/paolo-valera-milano-sconosciuta-rinnovata\/#primaryimage"},"thumbnailUrl":"https:\/\/www.ledizioni.it\/stag\/wp-content\/uploads\/2016\/05\/Copertina_3D-3.jpg","datePublished":"2016-05-19T14:06:47+00:00","dateModified":"2021-07-10T20:10:34+00:00","description":"Ledizioni - Innovative Publishing. Casa editrice universitaria. Open Access. eBook, ePub. Creative Commons.","breadcrumb":{"@id":"https:\/\/www.ledizioni.it\/en\/product\/paolo-valera-milano-sconosciuta-rinnovata\/#breadcrumb"},"inLanguage":"en-GB","potentialAction":[{"@type":"ReadAction","target":["https:\/\/www.ledizioni.it\/en\/product\/paolo-valera-milano-sconosciuta-rinnovata\/"]}]},{"@type":"ImageObject","inLanguage":"en-GB","@id":"https:\/\/www.ledizioni.it\/en\/product\/paolo-valera-milano-sconosciuta-rinnovata\/#primaryimage","url":"https:\/\/www.ledizioni.it\/stag\/wp-content\/uploads\/2016\/05\/Copertina_3D-3.jpg","contentUrl":"https:\/\/www.ledizioni.it\/stag\/wp-content\/uploads\/2016\/05\/Copertina_3D-3.jpg","width":1469,"height":1876},{"@type":"BreadcrumbList","@id":"https:\/\/www.ledizioni.it\/en\/product\/paolo-valera-milano-sconosciuta-rinnovata\/#breadcrumb","itemListElement":[{"@type":"ListItem","position":1,"name":"Shop","item":"https:\/\/www.ledizioni.it\/shop-2\/"},{"@type":"ListItem","position":2,"name":"MILANO SCONOSCIUTA RINNOVATA"}]},{"@type":"WebSite","@id":"https:\/\/www.ledizioni.it\/#website","url":"https:\/\/www.ledizioni.it\/","name":"Ledizioni","description":"The Innovative LediPublishing Company - Casa Editrice Universitaria","publisher":{"@id":"https:\/\/www.ledizioni.it\/#organization"},"potentialAction":[{"@type":"SearchAction","target":{"@type":"EntryPoint","urlTemplate":"https:\/\/www.ledizioni.it\/?s={search_term_string}"},"query-input":{"@type":"PropertyValueSpecification","valueRequired":true,"valueName":"search_term_string"}}],"inLanguage":"en-GB"},{"@type":"Organization","@id":"https:\/\/www.ledizioni.it\/#organization","name":"Ledizioni","url":"https:\/\/www.ledizioni.it\/","logo":{"@type":"ImageObject","inLanguage":"en-GB","@id":"https:\/\/www.ledizioni.it\/#\/schema\/logo\/image\/","url":"https:\/\/www.ledizioni.it\/stag\/wp-content\/uploads\/2023\/10\/newlogoledizioni500x110_2-1.jpg","contentUrl":"https:\/\/www.ledizioni.it\/stag\/wp-content\/uploads\/2023\/10\/newlogoledizioni500x110_2-1.jpg","width":354,"height":87,"caption":"Ledizioni"},"image":{"@id":"https:\/\/www.ledizioni.it\/#\/schema\/logo\/image\/"},"sameAs":["https:\/\/www.facebook.com\/pages\/Ledizioni-LediPublishing\/109120559173329","https:\/\/x.com\/ledizioni"]}]}},"jetpack_sharing_enabled":true,"_links":{"self":[{"href":"https:\/\/www.ledizioni.it\/en\/wp-json\/wp\/v2\/product\/15135","targetHints":{"allow":["GET"]}}],"collection":[{"href":"https:\/\/www.ledizioni.it\/en\/wp-json\/wp\/v2\/product"}],"about":[{"href":"https:\/\/www.ledizioni.it\/en\/wp-json\/wp\/v2\/types\/product"}],"replies":[{"embeddable":true,"href":"https:\/\/www.ledizioni.it\/en\/wp-json\/wp\/v2\/comments?post=15135"}],"version-history":[{"count":1,"href":"https:\/\/www.ledizioni.it\/en\/wp-json\/wp\/v2\/product\/15135\/revisions"}],"predecessor-version":[{"id":15468,"href":"https:\/\/www.ledizioni.it\/en\/wp-json\/wp\/v2\/product\/15135\/revisions\/15468"}],"wp:featuredmedia":[{"embeddable":true,"href":"https:\/\/www.ledizioni.it\/en\/wp-json\/wp\/v2\/media\/15136"}],"wp:attachment":[{"href":"https:\/\/www.ledizioni.it\/en\/wp-json\/wp\/v2\/media?parent=15135"}],"wp:term":[{"taxonomy":"product_brand","embeddable":true,"href":"https:\/\/www.ledizioni.it\/en\/wp-json\/wp\/v2\/product_brand?post=15135"},{"taxonomy":"product_cat","embeddable":true,"href":"https:\/\/www.ledizioni.it\/en\/wp-json\/wp\/v2\/product_cat?post=15135"},{"taxonomy":"product_tag","embeddable":true,"href":"https:\/\/www.ledizioni.it\/en\/wp-json\/wp\/v2\/product_tag?post=15135"}],"curies":[{"name":"wp","href":"https:\/\/api.w.org\/{rel}","templated":true}]}}