{"id":15142,"date":"2016-05-20T13:03:36","date_gmt":"2016-05-20T13:03:36","guid":{"rendered":"http:\/\/www.ledizioni.it\/prodotto\/latina-didaxis-xxx-gli-stati-generali-del-latino\/"},"modified":"2019-09-30T17:56:44","modified_gmt":"2019-09-30T15:56:44","slug":"latina-didaxis-xxx-gli-stati-generali-del-latino","status":"publish","type":"product","link":"https:\/\/www.ledizioni.it\/en\/product\/latina-didaxis-xxx-gli-stati-generali-del-latino\/","title":{"rendered":"Latina Didaxis XXX &#8211; Gli stati generali del latino: il latino nella ricerca, nella formazione, nella tradizione europea"},"content":{"rendered":"<p style=\"text-align: justify;\">\u201cIn tutto il mondo sono attualmente portati avanti studi sul mondo antico che arricchiscono considerevolmente il sapere umano. L\u2019Italia occupa in questo campo di ricerca un ruolo decisamente importante, riconosciuto a livello europeo e mondiale. Una delle maggiori difficolt\u00e0 che si presenta ai docenti ricercatori oggi all\u2019Universit\u00e0 \u00e8 senz\u2019altro la difficolt\u00e0 di trovare un\u2019articolazione autentica tra il loro mestiere di ricercatori, il contenuto della loro ricerca da una parte e ci\u00f2 che possono insegnare dall\u2019altra, data la preparazione degli studenti in entrata. Un baratro si apre tra la nostra attivit\u00e0 di ricerca e quella di insegnamento: come si pu\u00f2 mantenere un soddisfacente rapporto tra ricerca e insegnamento davanti a questo tipo di pubblico nuovo che \u00e8 quello degli studenti di oggi? [&#8230;] Entrando pi\u00f9 nello specifico per quanto attiene la ricerca, in che direzione si stanno orientando i nostri studi? Di fronte alla constatazione che certi campi di ricerca sono abbandonati in alcune universit\u00e0, non si dovrebbe procedere alla formulazione di un quadro delle discipline specialistiche lasciate in abbandono e a una mappa delle universit\u00e0 in cui sono invece presenti? Qual \u00e8 il luogo per organizzarsi e decidere? Per contro l\u2019iperspecializzazione delle ricerche non rende certi ricercatori incapaci di comunicare i loro risultati ad altri? Una scienza che non sa interessare un pubblico pi\u00f9 vasto ai suoi risultati e ai suoi obiettivi \u00e8 condannata per forza a deperire\u201d. Questi i temi centrali della trentesima edizione del Convegno &#8220;Latina Didaxis&#8221;, tenutosi presso l\u2019Universit\u00e0 di Genova il 17 e 18 aprile 2015.<br \/>\n(Dalla presentazione di Silvana Rocca)<\/p>\n<p><strong><br \/>\nDATI BIBLIOGRAFICI<\/strong><br \/>\nTitolo: Latina Didaxis XXX &#8211; Gli stati generali del latino: il latino nella ricerca, nella formazione, nella tradizione europea<br \/>\nAutore: AA.VV. (a cura di Silvana Rocca)<br \/>\nCollana: <a href=\"http:\/\/www.ledizioni.it\/en\/collane\/letteratura\/pubblicazioni-del-d-ar-fi-cl-et\/\" target=\"_blank\">D.AR.FI.CL.ET. Publications<\/a><br \/>\nPubblicato in: Aprile 2016<br \/>\nISBN cartaceo: 9788867054329<br \/>\nPrezzo cartaceo: 22.00\u20ac<\/p>\n<p><a href=\"https:\/\/www.torrossa.com\/it\/resources\/an\/3139721\"><img decoding=\"async\" class=\"aligncenter wp-image-23912\" src=\"https:\/\/www.ledizioni.it\/stag\/wp-content\/uploads\/2019\/07\/torrossa_web-150x80.jpg\" alt=\"\" width=\"200\" height=\"60\" \/><\/a><\/p>","protected":false},"excerpt":{"rendered":"<p>Pubblicazioni del D.AR.FI.CL.ET. &#8221; Francesco della corte&#8221; n.249<\/p>","protected":false},"featured_media":15143,"comment_status":"open","ping_status":"closed","template":"","meta":{"_acf_changed":false},"product_brand":[],"product_cat":[944],"product_tag":[1310,948,918],"class_list":{"0":"post-15142","1":"product","2":"type-product","3":"status-publish","4":"has-post-thumbnail","6":"product_cat-pubblicazioni-del-d-ar-fi-cl-et","7":"product_tag-formazione","8":"product_tag-studi-classici","9":"product_tag-tradizione","10":"pa_formato-cartaceo","11":"pa_lingua-italiano","13":"first","14":"instock","15":"featured","16":"shipping-taxable","17":"purchasable","18":"product-type-simple"},"acf":[],"yoast_head":"<!-- This site is optimized with the Yoast SEO plugin v27.3 - https:\/\/yoast.com\/product\/yoast-seo-wordpress\/ -->\n<title>Latina Didaxis XXX - Gli stati generali del latino<\/title>\n<meta name=\"description\" content=\"Pubblicazioni del D.AR.FI.CL.ET. &quot; Francesco della corte&quot; n.249\" \/>\n<meta name=\"robots\" content=\"index, follow, max-snippet:-1, max-image-preview:large, max-video-preview:-1\" \/>\n<link rel=\"canonical\" href=\"https:\/\/www.ledizioni.it\/en\/product\/latina-didaxis-xxx-gli-stati-generali-del-latino\/\" \/>\n<meta property=\"og:locale\" content=\"en_GB\" \/>\n<meta property=\"og:type\" content=\"article\" \/>\n<meta property=\"og:title\" content=\"Latina Didaxis XXX - Gli stati generali del latino\" \/>\n<meta property=\"og:description\" content=\"Pubblicazioni del D.AR.FI.CL.ET. &quot; Francesco della corte&quot; n.249\" \/>\n<meta property=\"og:url\" content=\"https:\/\/www.ledizioni.it\/en\/product\/latina-didaxis-xxx-gli-stati-generali-del-latino\/\" \/>\n<meta property=\"og:site_name\" content=\"Ledizioni\" \/>\n<meta property=\"article:publisher\" content=\"https:\/\/www.facebook.com\/pages\/Ledizioni-LediPublishing\/109120559173329\" \/>\n<meta property=\"article:modified_time\" content=\"2019-09-30T15:56:44+00:00\" \/>\n<meta property=\"og:image\" content=\"https:\/\/www.ledizioni.it\/stag\/wp-content\/uploads\/2016\/05\/Cover_est_3D.jpg\" \/>\n\t<meta property=\"og:image:width\" content=\"1522\" \/>\n\t<meta property=\"og:image:height\" content=\"1962\" \/>\n\t<meta property=\"og:image:type\" content=\"image\/jpeg\" \/>\n<meta name=\"twitter:card\" content=\"summary_large_image\" \/>\n<meta name=\"twitter:site\" content=\"@ledizioni\" \/>\n<meta name=\"twitter:label1\" content=\"Estimated reading time\" \/>\n\t<meta name=\"twitter:data1\" content=\"1 minute\" \/>\n<script type=\"application\/ld+json\" class=\"yoast-schema-graph\">{\"@context\":\"https:\\\/\\\/schema.org\",\"@graph\":[{\"@type\":\"WebPage\",\"@id\":\"https:\\\/\\\/www.ledizioni.it\\\/en\\\/product\\\/latina-didaxis-xxx-gli-stati-generali-del-latino\\\/\",\"url\":\"https:\\\/\\\/www.ledizioni.it\\\/en\\\/product\\\/latina-didaxis-xxx-gli-stati-generali-del-latino\\\/\",\"name\":\"Latina Didaxis XXX - Gli stati generali del latino\",\"isPartOf\":{\"@id\":\"https:\\\/\\\/www.ledizioni.it\\\/#website\"},\"primaryImageOfPage\":{\"@id\":\"https:\\\/\\\/www.ledizioni.it\\\/en\\\/product\\\/latina-didaxis-xxx-gli-stati-generali-del-latino\\\/#primaryimage\"},\"image\":{\"@id\":\"https:\\\/\\\/www.ledizioni.it\\\/en\\\/product\\\/latina-didaxis-xxx-gli-stati-generali-del-latino\\\/#primaryimage\"},\"thumbnailUrl\":\"https:\\\/\\\/www.ledizioni.it\\\/stag\\\/wp-content\\\/uploads\\\/2016\\\/05\\\/Cover_est_3D.jpg\",\"datePublished\":\"2016-05-20T13:03:36+00:00\",\"dateModified\":\"2019-09-30T15:56:44+00:00\",\"description\":\"Pubblicazioni del D.AR.FI.CL.ET. \\\" Francesco della corte\\\" n.249\",\"breadcrumb\":{\"@id\":\"https:\\\/\\\/www.ledizioni.it\\\/en\\\/product\\\/latina-didaxis-xxx-gli-stati-generali-del-latino\\\/#breadcrumb\"},\"inLanguage\":\"en-GB\",\"potentialAction\":[{\"@type\":\"ReadAction\",\"target\":[\"https:\\\/\\\/www.ledizioni.it\\\/en\\\/product\\\/latina-didaxis-xxx-gli-stati-generali-del-latino\\\/\"]}]},{\"@type\":\"ImageObject\",\"inLanguage\":\"en-GB\",\"@id\":\"https:\\\/\\\/www.ledizioni.it\\\/en\\\/product\\\/latina-didaxis-xxx-gli-stati-generali-del-latino\\\/#primaryimage\",\"url\":\"https:\\\/\\\/www.ledizioni.it\\\/stag\\\/wp-content\\\/uploads\\\/2016\\\/05\\\/Cover_est_3D.jpg\",\"contentUrl\":\"https:\\\/\\\/www.ledizioni.it\\\/stag\\\/wp-content\\\/uploads\\\/2016\\\/05\\\/Cover_est_3D.jpg\",\"width\":1522,\"height\":1962},{\"@type\":\"BreadcrumbList\",\"@id\":\"https:\\\/\\\/www.ledizioni.it\\\/en\\\/product\\\/latina-didaxis-xxx-gli-stati-generali-del-latino\\\/#breadcrumb\",\"itemListElement\":[{\"@type\":\"ListItem\",\"position\":1,\"name\":\"Shop\",\"item\":\"https:\\\/\\\/www.ledizioni.it\\\/shop-2\\\/\"},{\"@type\":\"ListItem\",\"position\":2,\"name\":\"Latina Didaxis XXX &#8211; Gli stati generali del latino: il latino nella ricerca, nella formazione, nella tradizione europea\"}]},{\"@type\":\"WebSite\",\"@id\":\"https:\\\/\\\/www.ledizioni.it\\\/#website\",\"url\":\"https:\\\/\\\/www.ledizioni.it\\\/\",\"name\":\"Ledizioni\",\"description\":\"The Innovative LediPublishing Company - Casa Editrice Universitaria\",\"publisher\":{\"@id\":\"https:\\\/\\\/www.ledizioni.it\\\/#organization\"},\"potentialAction\":[{\"@type\":\"SearchAction\",\"target\":{\"@type\":\"EntryPoint\",\"urlTemplate\":\"https:\\\/\\\/www.ledizioni.it\\\/?s={search_term_string}\"},\"query-input\":{\"@type\":\"PropertyValueSpecification\",\"valueRequired\":true,\"valueName\":\"search_term_string\"}}],\"inLanguage\":\"en-GB\"},{\"@type\":\"Organization\",\"@id\":\"https:\\\/\\\/www.ledizioni.it\\\/#organization\",\"name\":\"Ledizioni\",\"url\":\"https:\\\/\\\/www.ledizioni.it\\\/\",\"logo\":{\"@type\":\"ImageObject\",\"inLanguage\":\"en-GB\",\"@id\":\"https:\\\/\\\/www.ledizioni.it\\\/#\\\/schema\\\/logo\\\/image\\\/\",\"url\":\"https:\\\/\\\/www.ledizioni.it\\\/stag\\\/wp-content\\\/uploads\\\/2023\\\/10\\\/newlogoledizioni500x110_2-1.jpg\",\"contentUrl\":\"https:\\\/\\\/www.ledizioni.it\\\/stag\\\/wp-content\\\/uploads\\\/2023\\\/10\\\/newlogoledizioni500x110_2-1.jpg\",\"width\":354,\"height\":87,\"caption\":\"Ledizioni\"},\"image\":{\"@id\":\"https:\\\/\\\/www.ledizioni.it\\\/#\\\/schema\\\/logo\\\/image\\\/\"},\"sameAs\":[\"https:\\\/\\\/www.facebook.com\\\/pages\\\/Ledizioni-LediPublishing\\\/109120559173329\",\"https:\\\/\\\/x.com\\\/ledizioni\"]}]}<\/script>\n<!-- \/ Yoast SEO plugin. -->","yoast_head_json":{"title":"Latina Didaxis XXX - Gli stati generali del latino","description":"Pubblicazioni del D.AR.FI.CL.ET. \" Francesco della corte\" n.249","robots":{"index":"index","follow":"follow","max-snippet":"max-snippet:-1","max-image-preview":"max-image-preview:large","max-video-preview":"max-video-preview:-1"},"canonical":"https:\/\/www.ledizioni.it\/en\/product\/latina-didaxis-xxx-gli-stati-generali-del-latino\/","og_locale":"en_GB","og_type":"article","og_title":"Latina Didaxis XXX - Gli stati generali del latino","og_description":"Pubblicazioni del D.AR.FI.CL.ET. \" Francesco della corte\" n.249","og_url":"https:\/\/www.ledizioni.it\/en\/product\/latina-didaxis-xxx-gli-stati-generali-del-latino\/","og_site_name":"Ledizioni","article_publisher":"https:\/\/www.facebook.com\/pages\/Ledizioni-LediPublishing\/109120559173329","article_modified_time":"2019-09-30T15:56:44+00:00","og_image":[{"width":1522,"height":1962,"url":"https:\/\/www.ledizioni.it\/stag\/wp-content\/uploads\/2016\/05\/Cover_est_3D.jpg","type":"image\/jpeg"}],"twitter_card":"summary_large_image","twitter_site":"@ledizioni","twitter_misc":{"Estimated reading time":"1 minute"},"schema":{"@context":"https:\/\/schema.org","@graph":[{"@type":"WebPage","@id":"https:\/\/www.ledizioni.it\/en\/product\/latina-didaxis-xxx-gli-stati-generali-del-latino\/","url":"https:\/\/www.ledizioni.it\/en\/product\/latina-didaxis-xxx-gli-stati-generali-del-latino\/","name":"Latina Didaxis XXX - Gli stati generali del latino","isPartOf":{"@id":"https:\/\/www.ledizioni.it\/#website"},"primaryImageOfPage":{"@id":"https:\/\/www.ledizioni.it\/en\/product\/latina-didaxis-xxx-gli-stati-generali-del-latino\/#primaryimage"},"image":{"@id":"https:\/\/www.ledizioni.it\/en\/product\/latina-didaxis-xxx-gli-stati-generali-del-latino\/#primaryimage"},"thumbnailUrl":"https:\/\/www.ledizioni.it\/stag\/wp-content\/uploads\/2016\/05\/Cover_est_3D.jpg","datePublished":"2016-05-20T13:03:36+00:00","dateModified":"2019-09-30T15:56:44+00:00","description":"Pubblicazioni del D.AR.FI.CL.ET. \" Francesco della corte\" n.249","breadcrumb":{"@id":"https:\/\/www.ledizioni.it\/en\/product\/latina-didaxis-xxx-gli-stati-generali-del-latino\/#breadcrumb"},"inLanguage":"en-GB","potentialAction":[{"@type":"ReadAction","target":["https:\/\/www.ledizioni.it\/en\/product\/latina-didaxis-xxx-gli-stati-generali-del-latino\/"]}]},{"@type":"ImageObject","inLanguage":"en-GB","@id":"https:\/\/www.ledizioni.it\/en\/product\/latina-didaxis-xxx-gli-stati-generali-del-latino\/#primaryimage","url":"https:\/\/www.ledizioni.it\/stag\/wp-content\/uploads\/2016\/05\/Cover_est_3D.jpg","contentUrl":"https:\/\/www.ledizioni.it\/stag\/wp-content\/uploads\/2016\/05\/Cover_est_3D.jpg","width":1522,"height":1962},{"@type":"BreadcrumbList","@id":"https:\/\/www.ledizioni.it\/en\/product\/latina-didaxis-xxx-gli-stati-generali-del-latino\/#breadcrumb","itemListElement":[{"@type":"ListItem","position":1,"name":"Shop","item":"https:\/\/www.ledizioni.it\/shop-2\/"},{"@type":"ListItem","position":2,"name":"Latina Didaxis XXX &#8211; Gli stati generali del latino: il latino nella ricerca, nella formazione, nella tradizione europea"}]},{"@type":"WebSite","@id":"https:\/\/www.ledizioni.it\/#website","url":"https:\/\/www.ledizioni.it\/","name":"Ledizioni","description":"The Innovative LediPublishing Company - Casa Editrice Universitaria","publisher":{"@id":"https:\/\/www.ledizioni.it\/#organization"},"potentialAction":[{"@type":"SearchAction","target":{"@type":"EntryPoint","urlTemplate":"https:\/\/www.ledizioni.it\/?s={search_term_string}"},"query-input":{"@type":"PropertyValueSpecification","valueRequired":true,"valueName":"search_term_string"}}],"inLanguage":"en-GB"},{"@type":"Organization","@id":"https:\/\/www.ledizioni.it\/#organization","name":"Ledizioni","url":"https:\/\/www.ledizioni.it\/","logo":{"@type":"ImageObject","inLanguage":"en-GB","@id":"https:\/\/www.ledizioni.it\/#\/schema\/logo\/image\/","url":"https:\/\/www.ledizioni.it\/stag\/wp-content\/uploads\/2023\/10\/newlogoledizioni500x110_2-1.jpg","contentUrl":"https:\/\/www.ledizioni.it\/stag\/wp-content\/uploads\/2023\/10\/newlogoledizioni500x110_2-1.jpg","width":354,"height":87,"caption":"Ledizioni"},"image":{"@id":"https:\/\/www.ledizioni.it\/#\/schema\/logo\/image\/"},"sameAs":["https:\/\/www.facebook.com\/pages\/Ledizioni-LediPublishing\/109120559173329","https:\/\/x.com\/ledizioni"]}]}},"jetpack_sharing_enabled":true,"_links":{"self":[{"href":"https:\/\/www.ledizioni.it\/en\/wp-json\/wp\/v2\/product\/15142","targetHints":{"allow":["GET"]}}],"collection":[{"href":"https:\/\/www.ledizioni.it\/en\/wp-json\/wp\/v2\/product"}],"about":[{"href":"https:\/\/www.ledizioni.it\/en\/wp-json\/wp\/v2\/types\/product"}],"replies":[{"embeddable":true,"href":"https:\/\/www.ledizioni.it\/en\/wp-json\/wp\/v2\/comments?post=15142"}],"version-history":[{"count":1,"href":"https:\/\/www.ledizioni.it\/en\/wp-json\/wp\/v2\/product\/15142\/revisions"}],"predecessor-version":[{"id":17064,"href":"https:\/\/www.ledizioni.it\/en\/wp-json\/wp\/v2\/product\/15142\/revisions\/17064"}],"wp:featuredmedia":[{"embeddable":true,"href":"https:\/\/www.ledizioni.it\/en\/wp-json\/wp\/v2\/media\/15143"}],"wp:attachment":[{"href":"https:\/\/www.ledizioni.it\/en\/wp-json\/wp\/v2\/media?parent=15142"}],"wp:term":[{"taxonomy":"product_brand","embeddable":true,"href":"https:\/\/www.ledizioni.it\/en\/wp-json\/wp\/v2\/product_brand?post=15142"},{"taxonomy":"product_cat","embeddable":true,"href":"https:\/\/www.ledizioni.it\/en\/wp-json\/wp\/v2\/product_cat?post=15142"},{"taxonomy":"product_tag","embeddable":true,"href":"https:\/\/www.ledizioni.it\/en\/wp-json\/wp\/v2\/product_tag?post=15142"}],"curies":[{"name":"wp","href":"https:\/\/api.w.org\/{rel}","templated":true}]}}