{"id":15168,"date":"2016-05-26T12:28:42","date_gmt":"2016-05-26T10:28:42","guid":{"rendered":"http:\/\/www.ledizioni.it\/?post_type=product&#038;p=15168"},"modified":"2021-06-09T17:45:18","modified_gmt":"2021-06-09T15:45:18","slug":"f-de-vito-s-deriu-sette-re-roma","status":"publish","type":"product","link":"https:\/\/www.ledizioni.it\/en\/product\/f-de-vito-s-deriu-sette-re-roma\/","title":{"rendered":"I SETTE RE DI ROMA"},"content":{"rendered":"<p style=\"text-align: justify;\">Nel 753 a.C., sul colle Palatino, nasce Roma, una piccola citt\u00e0 pastorale che ha scolpita dentro di s\u00e9 la vocazione, il destino della grande civilt\u00e0. Roma sembra quasi stagliarsi da una sorta di \u201ccaos primordiale\u201d.<br \/>\nLa storia dei sette re di Roma, quindi, \u00e8 la storia di sette uomini che si trovarono a governare una popolazione rurale, arretrata, preistorica, informe e di come riuscirono a scolpire su di essa i tratti \u2013 seppure abbozzati, embrionali, perfettibili \u2013 della grande civilt\u00e0 che Roma di fatto divent\u00f2 nei secoli a venire.<br \/>\nIn questo libro ritroverai le gesta e il carattere dei sette mitici re, dei primi uomini chiamati a incarnare le diverse anime della prismatica, bench\u00e9 ancora embrionale, personalit\u00e0 romana. In un avvincente racconto, solo in parte illuminato dalle scoperte archeologiche e dalle testimonianze storiche e letterarie giunte fino ai nostri giorni, scoprirai i primi due secoli della storia di Roma, gli albori della caput mundi.<\/p>\n<p><strong>DATI BIBLIOGRAFICI<\/strong><br \/>\nAutori: Francesco De Vito, Sara Deriu<br \/>\nEditore: Ledizioni<br \/>\nPubblicato in: maggio 2016<br \/>\nISBN cartaceo: 9788867054220<br \/>\nFormato: brossura<br \/>\nPagine: 133<br \/>\nPrezzo cartaceo: 12.90\u20ac<\/p>","protected":false},"excerpt":{"rendered":"<p>Nel 753 a.C., sul colle Palatino, nasce Roma, una piccola citt\u00e0 pastorale che ha scolpita dentro di s\u00e9 la vocazione,<\/p>","protected":false},"featured_media":15169,"comment_status":"open","ping_status":"closed","template":"","meta":{"_acf_changed":false},"product_brand":[],"product_cat":[384],"product_tag":[1312,539,1281],"class_list":{"0":"post-15168","1":"product","2":"type-product","3":"status-publish","4":"has-post-thumbnail","6":"product_cat-history","7":"product_tag-monarchia","8":"product_tag-storia-locale","9":"product_tag-storia-romana","10":"pa_formato-cartaceo","12":"first","13":"instock","14":"featured","15":"shipping-taxable","16":"purchasable","17":"product-type-simple"},"acf":[],"yoast_head":"<!-- This site is optimized with the Yoast SEO plugin v27.3 - https:\/\/yoast.com\/product\/yoast-seo-wordpress\/ -->\n<title>I SETTE RE DI ROMA -<\/title>\n<meta name=\"description\" content=\"Ledizioni - Innovative Publishing. Casa editrice universitaria. Open Access. eBook, ePub. Creative Commons.\" \/>\n<meta name=\"robots\" content=\"index, follow, max-snippet:-1, max-image-preview:large, max-video-preview:-1\" \/>\n<link rel=\"canonical\" href=\"https:\/\/www.ledizioni.it\/en\/product\/f-de-vito-s-deriu-sette-re-roma\/\" \/>\n<meta property=\"og:locale\" content=\"en_GB\" \/>\n<meta property=\"og:type\" content=\"article\" \/>\n<meta property=\"og:title\" content=\"I SETTE RE DI ROMA -\" \/>\n<meta property=\"og:description\" content=\"Ledizioni - Innovative Publishing. Casa editrice universitaria. Open Access. eBook, ePub. Creative Commons.\" \/>\n<meta property=\"og:url\" content=\"https:\/\/www.ledizioni.it\/en\/product\/f-de-vito-s-deriu-sette-re-roma\/\" \/>\n<meta property=\"og:site_name\" content=\"Ledizioni\" \/>\n<meta property=\"article:publisher\" content=\"https:\/\/www.facebook.com\/pages\/Ledizioni-LediPublishing\/109120559173329\" \/>\n<meta property=\"article:modified_time\" content=\"2021-06-09T15:45:18+00:00\" \/>\n<meta property=\"og:image\" content=\"https:\/\/www.ledizioni.it\/stag\/wp-content\/uploads\/2016\/05\/Copertina_3D-4.jpg\" \/>\n\t<meta property=\"og:image:width\" content=\"1510\" \/>\n\t<meta property=\"og:image:height\" content=\"1926\" \/>\n\t<meta property=\"og:image:type\" content=\"image\/jpeg\" \/>\n<meta name=\"twitter:card\" content=\"summary_large_image\" \/>\n<meta name=\"twitter:site\" content=\"@ledizioni\" \/>\n<meta name=\"twitter:label1\" content=\"Estimated reading time\" \/>\n\t<meta name=\"twitter:data1\" content=\"1 minute\" \/>\n<script type=\"application\/ld+json\" class=\"yoast-schema-graph\">{\"@context\":\"https:\\\/\\\/schema.org\",\"@graph\":[{\"@type\":\"WebPage\",\"@id\":\"https:\\\/\\\/www.ledizioni.it\\\/prodotto\\\/f-de-vito-s-deriu-sette-re-roma\\\/\",\"url\":\"https:\\\/\\\/www.ledizioni.it\\\/prodotto\\\/f-de-vito-s-deriu-sette-re-roma\\\/\",\"name\":\"I SETTE RE DI ROMA -\",\"isPartOf\":{\"@id\":\"https:\\\/\\\/www.ledizioni.it\\\/#website\"},\"primaryImageOfPage\":{\"@id\":\"https:\\\/\\\/www.ledizioni.it\\\/prodotto\\\/f-de-vito-s-deriu-sette-re-roma\\\/#primaryimage\"},\"image\":{\"@id\":\"https:\\\/\\\/www.ledizioni.it\\\/prodotto\\\/f-de-vito-s-deriu-sette-re-roma\\\/#primaryimage\"},\"thumbnailUrl\":\"https:\\\/\\\/www.ledizioni.it\\\/stag\\\/wp-content\\\/uploads\\\/2016\\\/05\\\/Copertina_3D-4.jpg\",\"datePublished\":\"2016-05-26T10:28:42+00:00\",\"dateModified\":\"2021-06-09T15:45:18+00:00\",\"description\":\"Ledizioni - Innovative Publishing. Casa editrice universitaria. Open Access. eBook, ePub. Creative Commons.\",\"breadcrumb\":{\"@id\":\"https:\\\/\\\/www.ledizioni.it\\\/prodotto\\\/f-de-vito-s-deriu-sette-re-roma\\\/#breadcrumb\"},\"inLanguage\":\"en-GB\",\"potentialAction\":[{\"@type\":\"ReadAction\",\"target\":[\"https:\\\/\\\/www.ledizioni.it\\\/prodotto\\\/f-de-vito-s-deriu-sette-re-roma\\\/\"]}]},{\"@type\":\"ImageObject\",\"inLanguage\":\"en-GB\",\"@id\":\"https:\\\/\\\/www.ledizioni.it\\\/prodotto\\\/f-de-vito-s-deriu-sette-re-roma\\\/#primaryimage\",\"url\":\"https:\\\/\\\/www.ledizioni.it\\\/stag\\\/wp-content\\\/uploads\\\/2016\\\/05\\\/Copertina_3D-4.jpg\",\"contentUrl\":\"https:\\\/\\\/www.ledizioni.it\\\/stag\\\/wp-content\\\/uploads\\\/2016\\\/05\\\/Copertina_3D-4.jpg\",\"width\":1510,\"height\":1926},{\"@type\":\"BreadcrumbList\",\"@id\":\"https:\\\/\\\/www.ledizioni.it\\\/prodotto\\\/f-de-vito-s-deriu-sette-re-roma\\\/#breadcrumb\",\"itemListElement\":[{\"@type\":\"ListItem\",\"position\":1,\"name\":\"Shop\",\"item\":\"https:\\\/\\\/www.ledizioni.it\\\/shop-2\\\/\"},{\"@type\":\"ListItem\",\"position\":2,\"name\":\"I SETTE RE DI ROMA\"}]},{\"@type\":\"WebSite\",\"@id\":\"https:\\\/\\\/www.ledizioni.it\\\/#website\",\"url\":\"https:\\\/\\\/www.ledizioni.it\\\/\",\"name\":\"Ledizioni\",\"description\":\"The Innovative LediPublishing Company - Casa Editrice Universitaria\",\"publisher\":{\"@id\":\"https:\\\/\\\/www.ledizioni.it\\\/#organization\"},\"potentialAction\":[{\"@type\":\"SearchAction\",\"target\":{\"@type\":\"EntryPoint\",\"urlTemplate\":\"https:\\\/\\\/www.ledizioni.it\\\/?s={search_term_string}\"},\"query-input\":{\"@type\":\"PropertyValueSpecification\",\"valueRequired\":true,\"valueName\":\"search_term_string\"}}],\"inLanguage\":\"en-GB\"},{\"@type\":\"Organization\",\"@id\":\"https:\\\/\\\/www.ledizioni.it\\\/#organization\",\"name\":\"Ledizioni\",\"url\":\"https:\\\/\\\/www.ledizioni.it\\\/\",\"logo\":{\"@type\":\"ImageObject\",\"inLanguage\":\"en-GB\",\"@id\":\"https:\\\/\\\/www.ledizioni.it\\\/#\\\/schema\\\/logo\\\/image\\\/\",\"url\":\"https:\\\/\\\/www.ledizioni.it\\\/stag\\\/wp-content\\\/uploads\\\/2023\\\/10\\\/newlogoledizioni500x110_2-1.jpg\",\"contentUrl\":\"https:\\\/\\\/www.ledizioni.it\\\/stag\\\/wp-content\\\/uploads\\\/2023\\\/10\\\/newlogoledizioni500x110_2-1.jpg\",\"width\":354,\"height\":87,\"caption\":\"Ledizioni\"},\"image\":{\"@id\":\"https:\\\/\\\/www.ledizioni.it\\\/#\\\/schema\\\/logo\\\/image\\\/\"},\"sameAs\":[\"https:\\\/\\\/www.facebook.com\\\/pages\\\/Ledizioni-LediPublishing\\\/109120559173329\",\"https:\\\/\\\/x.com\\\/ledizioni\"]}]}<\/script>\n<!-- \/ Yoast SEO plugin. -->","yoast_head_json":{"title":"I SETTE RE DI ROMA -","description":"Ledizioni - Innovative Publishing. Casa editrice universitaria. Open Access. eBook, ePub. Creative Commons.","robots":{"index":"index","follow":"follow","max-snippet":"max-snippet:-1","max-image-preview":"max-image-preview:large","max-video-preview":"max-video-preview:-1"},"canonical":"https:\/\/www.ledizioni.it\/en\/product\/f-de-vito-s-deriu-sette-re-roma\/","og_locale":"en_GB","og_type":"article","og_title":"I SETTE RE DI ROMA -","og_description":"Ledizioni - Innovative Publishing. Casa editrice universitaria. Open Access. eBook, ePub. Creative Commons.","og_url":"https:\/\/www.ledizioni.it\/en\/product\/f-de-vito-s-deriu-sette-re-roma\/","og_site_name":"Ledizioni","article_publisher":"https:\/\/www.facebook.com\/pages\/Ledizioni-LediPublishing\/109120559173329","article_modified_time":"2021-06-09T15:45:18+00:00","og_image":[{"width":1510,"height":1926,"url":"https:\/\/www.ledizioni.it\/stag\/wp-content\/uploads\/2016\/05\/Copertina_3D-4.jpg","type":"image\/jpeg"}],"twitter_card":"summary_large_image","twitter_site":"@ledizioni","twitter_misc":{"Estimated reading time":"1 minute"},"schema":{"@context":"https:\/\/schema.org","@graph":[{"@type":"WebPage","@id":"https:\/\/www.ledizioni.it\/prodotto\/f-de-vito-s-deriu-sette-re-roma\/","url":"https:\/\/www.ledizioni.it\/prodotto\/f-de-vito-s-deriu-sette-re-roma\/","name":"I SETTE RE DI ROMA -","isPartOf":{"@id":"https:\/\/www.ledizioni.it\/#website"},"primaryImageOfPage":{"@id":"https:\/\/www.ledizioni.it\/prodotto\/f-de-vito-s-deriu-sette-re-roma\/#primaryimage"},"image":{"@id":"https:\/\/www.ledizioni.it\/prodotto\/f-de-vito-s-deriu-sette-re-roma\/#primaryimage"},"thumbnailUrl":"https:\/\/www.ledizioni.it\/stag\/wp-content\/uploads\/2016\/05\/Copertina_3D-4.jpg","datePublished":"2016-05-26T10:28:42+00:00","dateModified":"2021-06-09T15:45:18+00:00","description":"Ledizioni - Innovative Publishing. Casa editrice universitaria. Open Access. eBook, ePub. Creative Commons.","breadcrumb":{"@id":"https:\/\/www.ledizioni.it\/prodotto\/f-de-vito-s-deriu-sette-re-roma\/#breadcrumb"},"inLanguage":"en-GB","potentialAction":[{"@type":"ReadAction","target":["https:\/\/www.ledizioni.it\/prodotto\/f-de-vito-s-deriu-sette-re-roma\/"]}]},{"@type":"ImageObject","inLanguage":"en-GB","@id":"https:\/\/www.ledizioni.it\/prodotto\/f-de-vito-s-deriu-sette-re-roma\/#primaryimage","url":"https:\/\/www.ledizioni.it\/stag\/wp-content\/uploads\/2016\/05\/Copertina_3D-4.jpg","contentUrl":"https:\/\/www.ledizioni.it\/stag\/wp-content\/uploads\/2016\/05\/Copertina_3D-4.jpg","width":1510,"height":1926},{"@type":"BreadcrumbList","@id":"https:\/\/www.ledizioni.it\/prodotto\/f-de-vito-s-deriu-sette-re-roma\/#breadcrumb","itemListElement":[{"@type":"ListItem","position":1,"name":"Shop","item":"https:\/\/www.ledizioni.it\/shop-2\/"},{"@type":"ListItem","position":2,"name":"I SETTE RE DI ROMA"}]},{"@type":"WebSite","@id":"https:\/\/www.ledizioni.it\/#website","url":"https:\/\/www.ledizioni.it\/","name":"Ledizioni","description":"The Innovative LediPublishing Company - Casa Editrice Universitaria","publisher":{"@id":"https:\/\/www.ledizioni.it\/#organization"},"potentialAction":[{"@type":"SearchAction","target":{"@type":"EntryPoint","urlTemplate":"https:\/\/www.ledizioni.it\/?s={search_term_string}"},"query-input":{"@type":"PropertyValueSpecification","valueRequired":true,"valueName":"search_term_string"}}],"inLanguage":"en-GB"},{"@type":"Organization","@id":"https:\/\/www.ledizioni.it\/#organization","name":"Ledizioni","url":"https:\/\/www.ledizioni.it\/","logo":{"@type":"ImageObject","inLanguage":"en-GB","@id":"https:\/\/www.ledizioni.it\/#\/schema\/logo\/image\/","url":"https:\/\/www.ledizioni.it\/stag\/wp-content\/uploads\/2023\/10\/newlogoledizioni500x110_2-1.jpg","contentUrl":"https:\/\/www.ledizioni.it\/stag\/wp-content\/uploads\/2023\/10\/newlogoledizioni500x110_2-1.jpg","width":354,"height":87,"caption":"Ledizioni"},"image":{"@id":"https:\/\/www.ledizioni.it\/#\/schema\/logo\/image\/"},"sameAs":["https:\/\/www.facebook.com\/pages\/Ledizioni-LediPublishing\/109120559173329","https:\/\/x.com\/ledizioni"]}]}},"jetpack_sharing_enabled":true,"_links":{"self":[{"href":"https:\/\/www.ledizioni.it\/en\/wp-json\/wp\/v2\/product\/15168","targetHints":{"allow":["GET"]}}],"collection":[{"href":"https:\/\/www.ledizioni.it\/en\/wp-json\/wp\/v2\/product"}],"about":[{"href":"https:\/\/www.ledizioni.it\/en\/wp-json\/wp\/v2\/types\/product"}],"replies":[{"embeddable":true,"href":"https:\/\/www.ledizioni.it\/en\/wp-json\/wp\/v2\/comments?post=15168"}],"version-history":[{"count":1,"href":"https:\/\/www.ledizioni.it\/en\/wp-json\/wp\/v2\/product\/15168\/revisions"}],"predecessor-version":[{"id":38964,"href":"https:\/\/www.ledizioni.it\/en\/wp-json\/wp\/v2\/product\/15168\/revisions\/38964"}],"wp:featuredmedia":[{"embeddable":true,"href":"https:\/\/www.ledizioni.it\/en\/wp-json\/wp\/v2\/media\/15169"}],"wp:attachment":[{"href":"https:\/\/www.ledizioni.it\/en\/wp-json\/wp\/v2\/media?parent=15168"}],"wp:term":[{"taxonomy":"product_brand","embeddable":true,"href":"https:\/\/www.ledizioni.it\/en\/wp-json\/wp\/v2\/product_brand?post=15168"},{"taxonomy":"product_cat","embeddable":true,"href":"https:\/\/www.ledizioni.it\/en\/wp-json\/wp\/v2\/product_cat?post=15168"},{"taxonomy":"product_tag","embeddable":true,"href":"https:\/\/www.ledizioni.it\/en\/wp-json\/wp\/v2\/product_tag?post=15168"}],"curies":[{"name":"wp","href":"https:\/\/api.w.org\/{rel}","templated":true}]}}