{"id":15355,"date":"2016-06-27T14:35:19","date_gmt":"2016-06-27T12:35:19","guid":{"rendered":"http:\/\/www.ledizioni.it\/?post_type=product&#038;p=15355"},"modified":"2021-05-26T16:15:02","modified_gmt":"2021-05-26T14:15:02","slug":"m-perez-pulido-m-vivarelli-cura-the-identity-of-the-contemporary-public-library","status":"publish","type":"product","link":"https:\/\/www.ledizioni.it\/en\/product\/m-perez-pulido-m-vivarelli-cura-the-identity-of-the-contemporary-public-library\/","title":{"rendered":"THE IDENTITY OF THE CONTEMPORARY PUBLIC LIBRARY"},"content":{"rendered":"<p><strong><span style=\"color: #993300;\">Leggi la <a href=\"http:\/\/www.ledizioni.it\/stag\/wp-content\/uploads\/2017\/12\/Recensione.pdf\">recensione<\/a> su &#8220;The Library Quarterly&#8221;, vol. 88 n.1, 2018 <\/span><\/strong><\/p>\n<p>&nbsp;<\/p>\n<p style=\"text-align: justify;\">The volume deals with some of the most relevant issues related to the identity of the public library and its historical, cultural, social, organizational changes, according to a comparative perspective. The topics are covered in four sections (History, Present and Future of the Public Library; Models of Analysis, Measurement, Evaluation; Complexity Challenges; Work in Progress), thus providing a wide overview of the present and the future of an institution paramount in improving people\u2019s lives.<\/p>\n<p style=\"text-align: justify;\"><em>Contributors<\/em>: Paolo Traniello (formerly Universit\u00e0 Roma Tre); Margarita P\u00e9rez Pulido (Universidad de Extremadura); Maurizio Vivarelli (Universit\u00e0 di Torino); Aurora Gonz\u00e1lez Teruel (Universitat de Valencia); Chiara Faggiolani (Universit\u00e0 La Sapienza, Roma); Giovanni Solimine (Universit\u00e0 La Sapienza, Roma); Ernest Abadal (Universitat de Barcelona); Giovanni Di Domenico (Universit\u00e0 di Salerno); Alberto Salarelli (Universit\u00e0 di Parma); Maria Pagano (Universit\u00e0 di Torino); Ilaria Giglio \u2013 Maria Maiorano (Universit\u00e0 di Salerno). Maria Senatore Polisetti (Universit\u00e0 di Salerno) is author of the Bibliography.<\/p>\n<p><strong>DATI BIBLIOGRAFICI<\/strong><br \/>\nAutore: AA.VV. (a cura di Margarita P\u00e9rez Pulido e Maurizio Vivarelli)<br \/>\nEditore: Ledizioni<br \/>\nPubblicato in: giugno 2016<br \/>\nCollana: <a href=\"https:\/\/www.ledizioni.it\/en\/product-category\/libri-e-biblioteche\/biblioteche\/\">Libraries and Archives<\/a><br \/>\nFormato: brossura; ebook in Pdf; ebook in ePub<br \/>\nPagine: 216<br \/>\nISBN cartaceo: 9788867054688<br \/>\nISBN ePub: 9788867054909<br \/>\nPrezzo cartaceo: 16\u20ac<br \/>\nPrezzo ePub: 4,99\u20ac<\/p>\n<p><a href=\"https:\/\/www.torrossa.com\/it\/resources\/an\/3147875\"><img decoding=\"async\" class=\"aligncenter wp-image-23912\" src=\"https:\/\/www.ledizioni.it\/stag\/wp-content\/uploads\/2019\/07\/torrossa_web-150x80.jpg\" alt=\"\" width=\"200\" height=\"60\" \/><\/a><\/p>","protected":false},"excerpt":{"rendered":"<p>Leggi la recensione su &#8220;The Library Quarterly&#8221;, vol. 88 n.1, 2018 &nbsp; The volume deals with some of the most<\/p>","protected":false},"featured_media":15356,"comment_status":"open","ping_status":"closed","template":"","meta":{"_acf_changed":false},"product_brand":[],"product_cat":[2574],"product_tag":[513,2555,764],"class_list":{"0":"post-15355","1":"product","2":"type-product","3":"status-publish","4":"has-post-thumbnail","6":"product_cat-biblioteche","7":"product_tag-biblioteconomia","8":"product_tag-lingua-inglese","9":"product_tag-open-access-2","10":"pa_formato-cartaceo","11":"pa_formato-ebook-in-epub","12":"pa_formato-ebook-in-pdf","13":"pa_lingua-inglese","15":"first","16":"instock","17":"featured","18":"shipping-taxable","19":"purchasable","20":"product-type-variable"},"acf":[],"yoast_head":"<!-- This site is optimized with the Yoast SEO plugin v27.4 - https:\/\/yoast.com\/product\/yoast-seo-wordpress\/ -->\n<title>THE IDENTITY OF THE CONTEMPORARY PUBLIC LIBRARY -<\/title>\n<meta name=\"description\" content=\"Ledizioni - Innovative Publishing. Casa editrice universitaria. Open Access. eBook, ePub. Creative Commons.\" \/>\n<meta name=\"robots\" content=\"index, follow, max-snippet:-1, max-image-preview:large, max-video-preview:-1\" \/>\n<link rel=\"canonical\" href=\"https:\/\/www.ledizioni.it\/en\/product\/m-perez-pulido-m-vivarelli-cura-the-identity-of-the-contemporary-public-library\/\" \/>\n<meta property=\"og:locale\" content=\"en_GB\" \/>\n<meta property=\"og:type\" content=\"article\" \/>\n<meta property=\"og:title\" content=\"THE IDENTITY OF THE CONTEMPORARY PUBLIC LIBRARY -\" \/>\n<meta property=\"og:description\" content=\"Ledizioni - Innovative Publishing. Casa editrice universitaria. Open Access. eBook, ePub. Creative Commons.\" \/>\n<meta property=\"og:url\" content=\"https:\/\/www.ledizioni.it\/en\/product\/m-perez-pulido-m-vivarelli-cura-the-identity-of-the-contemporary-public-library\/\" \/>\n<meta property=\"og:site_name\" content=\"Ledizioni\" \/>\n<meta property=\"article:publisher\" content=\"https:\/\/www.facebook.com\/pages\/Ledizioni-LediPublishing\/109120559173329\" \/>\n<meta property=\"article:modified_time\" content=\"2021-05-26T14:15:02+00:00\" \/>\n<meta property=\"og:image\" content=\"https:\/\/www.ledizioni.it\/stag\/wp-content\/uploads\/2016\/06\/Cover_3D-3.jpg\" \/>\n\t<meta property=\"og:image:width\" content=\"1474\" \/>\n\t<meta property=\"og:image:height\" content=\"1876\" \/>\n\t<meta property=\"og:image:type\" content=\"image\/jpeg\" \/>\n<meta name=\"twitter:card\" content=\"summary_large_image\" \/>\n<meta name=\"twitter:site\" content=\"@ledizioni\" \/>\n<meta name=\"twitter:label1\" content=\"Estimated reading time\" \/>\n\t<meta name=\"twitter:data1\" content=\"1 minute\" \/>\n<script type=\"application\/ld+json\" class=\"yoast-schema-graph\">{\"@context\":\"https:\\\/\\\/schema.org\",\"@graph\":[{\"@type\":\"WebPage\",\"@id\":\"https:\\\/\\\/www.ledizioni.it\\\/en\\\/product\\\/m-perez-pulido-m-vivarelli-cura-the-identity-of-the-contemporary-public-library\\\/\",\"url\":\"https:\\\/\\\/www.ledizioni.it\\\/en\\\/product\\\/m-perez-pulido-m-vivarelli-cura-the-identity-of-the-contemporary-public-library\\\/\",\"name\":\"THE IDENTITY OF THE CONTEMPORARY PUBLIC LIBRARY -\",\"isPartOf\":{\"@id\":\"https:\\\/\\\/www.ledizioni.it\\\/#website\"},\"primaryImageOfPage\":{\"@id\":\"https:\\\/\\\/www.ledizioni.it\\\/en\\\/product\\\/m-perez-pulido-m-vivarelli-cura-the-identity-of-the-contemporary-public-library\\\/#primaryimage\"},\"image\":{\"@id\":\"https:\\\/\\\/www.ledizioni.it\\\/en\\\/product\\\/m-perez-pulido-m-vivarelli-cura-the-identity-of-the-contemporary-public-library\\\/#primaryimage\"},\"thumbnailUrl\":\"https:\\\/\\\/www.ledizioni.it\\\/stag\\\/wp-content\\\/uploads\\\/2016\\\/06\\\/Cover_3D-3.jpg\",\"datePublished\":\"2016-06-27T12:35:19+00:00\",\"dateModified\":\"2021-05-26T14:15:02+00:00\",\"description\":\"Ledizioni - Innovative Publishing. Casa editrice universitaria. Open Access. eBook, ePub. Creative Commons.\",\"breadcrumb\":{\"@id\":\"https:\\\/\\\/www.ledizioni.it\\\/en\\\/product\\\/m-perez-pulido-m-vivarelli-cura-the-identity-of-the-contemporary-public-library\\\/#breadcrumb\"},\"inLanguage\":\"en-GB\",\"potentialAction\":[{\"@type\":\"ReadAction\",\"target\":[\"https:\\\/\\\/www.ledizioni.it\\\/en\\\/product\\\/m-perez-pulido-m-vivarelli-cura-the-identity-of-the-contemporary-public-library\\\/\"]}]},{\"@type\":\"ImageObject\",\"inLanguage\":\"en-GB\",\"@id\":\"https:\\\/\\\/www.ledizioni.it\\\/en\\\/product\\\/m-perez-pulido-m-vivarelli-cura-the-identity-of-the-contemporary-public-library\\\/#primaryimage\",\"url\":\"https:\\\/\\\/www.ledizioni.it\\\/stag\\\/wp-content\\\/uploads\\\/2016\\\/06\\\/Cover_3D-3.jpg\",\"contentUrl\":\"https:\\\/\\\/www.ledizioni.it\\\/stag\\\/wp-content\\\/uploads\\\/2016\\\/06\\\/Cover_3D-3.jpg\",\"width\":1474,\"height\":1876},{\"@type\":\"BreadcrumbList\",\"@id\":\"https:\\\/\\\/www.ledizioni.it\\\/en\\\/product\\\/m-perez-pulido-m-vivarelli-cura-the-identity-of-the-contemporary-public-library\\\/#breadcrumb\",\"itemListElement\":[{\"@type\":\"ListItem\",\"position\":1,\"name\":\"Shop\",\"item\":\"https:\\\/\\\/www.ledizioni.it\\\/shop-2\\\/\"},{\"@type\":\"ListItem\",\"position\":2,\"name\":\"THE IDENTITY OF THE CONTEMPORARY PUBLIC LIBRARY\"}]},{\"@type\":\"WebSite\",\"@id\":\"https:\\\/\\\/www.ledizioni.it\\\/#website\",\"url\":\"https:\\\/\\\/www.ledizioni.it\\\/\",\"name\":\"Ledizioni\",\"description\":\"The Innovative LediPublishing Company - Casa Editrice Universitaria\",\"publisher\":{\"@id\":\"https:\\\/\\\/www.ledizioni.it\\\/#organization\"},\"potentialAction\":[{\"@type\":\"SearchAction\",\"target\":{\"@type\":\"EntryPoint\",\"urlTemplate\":\"https:\\\/\\\/www.ledizioni.it\\\/?s={search_term_string}\"},\"query-input\":{\"@type\":\"PropertyValueSpecification\",\"valueRequired\":true,\"valueName\":\"search_term_string\"}}],\"inLanguage\":\"en-GB\"},{\"@type\":\"Organization\",\"@id\":\"https:\\\/\\\/www.ledizioni.it\\\/#organization\",\"name\":\"Ledizioni\",\"url\":\"https:\\\/\\\/www.ledizioni.it\\\/\",\"logo\":{\"@type\":\"ImageObject\",\"inLanguage\":\"en-GB\",\"@id\":\"https:\\\/\\\/www.ledizioni.it\\\/#\\\/schema\\\/logo\\\/image\\\/\",\"url\":\"https:\\\/\\\/www.ledizioni.it\\\/stag\\\/wp-content\\\/uploads\\\/2023\\\/10\\\/newlogoledizioni500x110_2-1.jpg\",\"contentUrl\":\"https:\\\/\\\/www.ledizioni.it\\\/stag\\\/wp-content\\\/uploads\\\/2023\\\/10\\\/newlogoledizioni500x110_2-1.jpg\",\"width\":354,\"height\":87,\"caption\":\"Ledizioni\"},\"image\":{\"@id\":\"https:\\\/\\\/www.ledizioni.it\\\/#\\\/schema\\\/logo\\\/image\\\/\"},\"sameAs\":[\"https:\\\/\\\/www.facebook.com\\\/pages\\\/Ledizioni-LediPublishing\\\/109120559173329\",\"https:\\\/\\\/x.com\\\/ledizioni\"]}]}<\/script>\n<!-- \/ Yoast SEO plugin. -->","yoast_head_json":{"title":"THE IDENTITY OF THE CONTEMPORARY PUBLIC LIBRARY -","description":"Ledizioni - Innovative Publishing. Casa editrice universitaria. Open Access. eBook, ePub. Creative Commons.","robots":{"index":"index","follow":"follow","max-snippet":"max-snippet:-1","max-image-preview":"max-image-preview:large","max-video-preview":"max-video-preview:-1"},"canonical":"https:\/\/www.ledizioni.it\/en\/product\/m-perez-pulido-m-vivarelli-cura-the-identity-of-the-contemporary-public-library\/","og_locale":"en_GB","og_type":"article","og_title":"THE IDENTITY OF THE CONTEMPORARY PUBLIC LIBRARY -","og_description":"Ledizioni - Innovative Publishing. Casa editrice universitaria. Open Access. eBook, ePub. Creative Commons.","og_url":"https:\/\/www.ledizioni.it\/en\/product\/m-perez-pulido-m-vivarelli-cura-the-identity-of-the-contemporary-public-library\/","og_site_name":"Ledizioni","article_publisher":"https:\/\/www.facebook.com\/pages\/Ledizioni-LediPublishing\/109120559173329","article_modified_time":"2021-05-26T14:15:02+00:00","og_image":[{"width":1474,"height":1876,"url":"https:\/\/www.ledizioni.it\/stag\/wp-content\/uploads\/2016\/06\/Cover_3D-3.jpg","type":"image\/jpeg"}],"twitter_card":"summary_large_image","twitter_site":"@ledizioni","twitter_misc":{"Estimated reading time":"1 minute"},"schema":{"@context":"https:\/\/schema.org","@graph":[{"@type":"WebPage","@id":"https:\/\/www.ledizioni.it\/en\/product\/m-perez-pulido-m-vivarelli-cura-the-identity-of-the-contemporary-public-library\/","url":"https:\/\/www.ledizioni.it\/en\/product\/m-perez-pulido-m-vivarelli-cura-the-identity-of-the-contemporary-public-library\/","name":"THE IDENTITY OF THE CONTEMPORARY PUBLIC LIBRARY -","isPartOf":{"@id":"https:\/\/www.ledizioni.it\/#website"},"primaryImageOfPage":{"@id":"https:\/\/www.ledizioni.it\/en\/product\/m-perez-pulido-m-vivarelli-cura-the-identity-of-the-contemporary-public-library\/#primaryimage"},"image":{"@id":"https:\/\/www.ledizioni.it\/en\/product\/m-perez-pulido-m-vivarelli-cura-the-identity-of-the-contemporary-public-library\/#primaryimage"},"thumbnailUrl":"https:\/\/www.ledizioni.it\/stag\/wp-content\/uploads\/2016\/06\/Cover_3D-3.jpg","datePublished":"2016-06-27T12:35:19+00:00","dateModified":"2021-05-26T14:15:02+00:00","description":"Ledizioni - Innovative Publishing. Casa editrice universitaria. Open Access. eBook, ePub. Creative Commons.","breadcrumb":{"@id":"https:\/\/www.ledizioni.it\/en\/product\/m-perez-pulido-m-vivarelli-cura-the-identity-of-the-contemporary-public-library\/#breadcrumb"},"inLanguage":"en-GB","potentialAction":[{"@type":"ReadAction","target":["https:\/\/www.ledizioni.it\/en\/product\/m-perez-pulido-m-vivarelli-cura-the-identity-of-the-contemporary-public-library\/"]}]},{"@type":"ImageObject","inLanguage":"en-GB","@id":"https:\/\/www.ledizioni.it\/en\/product\/m-perez-pulido-m-vivarelli-cura-the-identity-of-the-contemporary-public-library\/#primaryimage","url":"https:\/\/www.ledizioni.it\/stag\/wp-content\/uploads\/2016\/06\/Cover_3D-3.jpg","contentUrl":"https:\/\/www.ledizioni.it\/stag\/wp-content\/uploads\/2016\/06\/Cover_3D-3.jpg","width":1474,"height":1876},{"@type":"BreadcrumbList","@id":"https:\/\/www.ledizioni.it\/en\/product\/m-perez-pulido-m-vivarelli-cura-the-identity-of-the-contemporary-public-library\/#breadcrumb","itemListElement":[{"@type":"ListItem","position":1,"name":"Shop","item":"https:\/\/www.ledizioni.it\/shop-2\/"},{"@type":"ListItem","position":2,"name":"THE IDENTITY OF THE CONTEMPORARY PUBLIC LIBRARY"}]},{"@type":"WebSite","@id":"https:\/\/www.ledizioni.it\/#website","url":"https:\/\/www.ledizioni.it\/","name":"Ledizioni","description":"The Innovative LediPublishing Company - Casa Editrice Universitaria","publisher":{"@id":"https:\/\/www.ledizioni.it\/#organization"},"potentialAction":[{"@type":"SearchAction","target":{"@type":"EntryPoint","urlTemplate":"https:\/\/www.ledizioni.it\/?s={search_term_string}"},"query-input":{"@type":"PropertyValueSpecification","valueRequired":true,"valueName":"search_term_string"}}],"inLanguage":"en-GB"},{"@type":"Organization","@id":"https:\/\/www.ledizioni.it\/#organization","name":"Ledizioni","url":"https:\/\/www.ledizioni.it\/","logo":{"@type":"ImageObject","inLanguage":"en-GB","@id":"https:\/\/www.ledizioni.it\/#\/schema\/logo\/image\/","url":"https:\/\/www.ledizioni.it\/stag\/wp-content\/uploads\/2023\/10\/newlogoledizioni500x110_2-1.jpg","contentUrl":"https:\/\/www.ledizioni.it\/stag\/wp-content\/uploads\/2023\/10\/newlogoledizioni500x110_2-1.jpg","width":354,"height":87,"caption":"Ledizioni"},"image":{"@id":"https:\/\/www.ledizioni.it\/#\/schema\/logo\/image\/"},"sameAs":["https:\/\/www.facebook.com\/pages\/Ledizioni-LediPublishing\/109120559173329","https:\/\/x.com\/ledizioni"]}]}},"jetpack_sharing_enabled":true,"_links":{"self":[{"href":"https:\/\/www.ledizioni.it\/en\/wp-json\/wp\/v2\/product\/15355","targetHints":{"allow":["GET"]}}],"collection":[{"href":"https:\/\/www.ledizioni.it\/en\/wp-json\/wp\/v2\/product"}],"about":[{"href":"https:\/\/www.ledizioni.it\/en\/wp-json\/wp\/v2\/types\/product"}],"replies":[{"embeddable":true,"href":"https:\/\/www.ledizioni.it\/en\/wp-json\/wp\/v2\/comments?post=15355"}],"version-history":[{"count":1,"href":"https:\/\/www.ledizioni.it\/en\/wp-json\/wp\/v2\/product\/15355\/revisions"}],"predecessor-version":[{"id":15357,"href":"https:\/\/www.ledizioni.it\/en\/wp-json\/wp\/v2\/product\/15355\/revisions\/15357"}],"wp:featuredmedia":[{"embeddable":true,"href":"https:\/\/www.ledizioni.it\/en\/wp-json\/wp\/v2\/media\/15356"}],"wp:attachment":[{"href":"https:\/\/www.ledizioni.it\/en\/wp-json\/wp\/v2\/media?parent=15355"}],"wp:term":[{"taxonomy":"product_brand","embeddable":true,"href":"https:\/\/www.ledizioni.it\/en\/wp-json\/wp\/v2\/product_brand?post=15355"},{"taxonomy":"product_cat","embeddable":true,"href":"https:\/\/www.ledizioni.it\/en\/wp-json\/wp\/v2\/product_cat?post=15355"},{"taxonomy":"product_tag","embeddable":true,"href":"https:\/\/www.ledizioni.it\/en\/wp-json\/wp\/v2\/product_tag?post=15355"}],"curies":[{"name":"wp","href":"https:\/\/api.w.org\/{rel}","templated":true}]}}