{"id":15966,"date":"2016-10-10T10:00:53","date_gmt":"2016-10-10T10:00:53","guid":{"rendered":"http:\/\/www.ledizioni.it\/prodotto\/l-neri-s-sini-il-testo-e-l-opera\/"},"modified":"2021-05-13T16:36:21","modified_gmt":"2021-05-13T14:36:21","slug":"l-neri-s-sini-il-testo-e-l-opera","status":"publish","type":"product","link":"https:\/\/www.ledizioni.it\/en\/product\/l-neri-s-sini-il-testo-e-l-opera\/","title":{"rendered":"IL TESTO E L&#8217;OPERA. STUDI IN RICORDO DI FRANCO BRIOSCHI"},"content":{"rendered":"<p style=\"text-align: justify;\">Il volume che presentiamo raccoglie i lavori scritti da amici e allievi di Franco Brioschi che hanno voluto ricordarlo a dieci anni dalla sua prematura scomparsa. La ricca variet\u00e0 di problemi, autori e testi dispiegata nei saggi qui proposti trova nella persona di Brioschi un centro unificante: questi studi testimoniano di molteplici percorsi teorici e pratiche critiche che rendono onore all\u2019ampio orizzonte attraversato dalla sua riflessione sulla letteratura, dal suo insegnamento universitario, dalla sua personalit\u00e0 intellettuale, e ne riconoscono l\u2019imprescindibile lascito. La prima parte del libro, intitolata <em>Teoria, filologia, filosofia<\/em>, presenta lavori pi\u00f9 inclini alla riflessione di taglio sincronico; la seconda, intitolata <em>Autori, generi, contesti<\/em>, \u00e8 a sua volta organizzata da un criterio diacronico. Naturalmente \u00e8 difficile stabilire confini netti tra i diversi ambiti, proprio perch\u00e9 il campo \u00e8 quello eterogeneo, multiplo e dialogicamente polifonico della letteratura, della critica e della teoria. (Dall&#8217;introduzione)<\/p>\n<h3><strong><span style=\"color: #000000;\">DATI BIBLIOGRAFICI<\/span><\/strong><\/h3>\n<p>Curatrici: Laura Neri, Stefania Sini<br \/>\nEditore: Ledizioni<br \/>\nCollana: <a href=\"http:\/\/www.ledizioni.it\/en\/collane\/letteratura\/264-2\/\">LA RAGIONE CRITICA \/10<\/a><br \/>\nPubblicato in: Settembre 2016<br \/>\nISBN cartaceo: 9788867054077<br \/>\nISBN ePub: 9788867055531<br \/>\nPagine: 610<br \/>\nPrezzo cartaceo: 28,00 \u20ac<br \/>\nPrezzo ePub: 12,99 \u20ac<br \/>\n<a href=\"https:\/\/www.amazon.it\/gp\/product\/8867054074\/ref=as_li_tl?ie=UTF8&amp;camp=3414&amp;creative=21718&amp;creativeASIN=8867057839&amp;linkCode=as2&amp;tag=ledizioni-21&amp;linkId=21587617ce23b3075bd3743ada8c92c3\" target=\"_blank\" rel=\"noopener\"><img decoding=\"async\" class=\"aligncenter size-medium wp-image-23060\" src=\"https:\/\/www.ledizioni.it\/stag\/wp-content\/uploads\/2018\/10\/pulsante-amazon-1-300x104.jpg\" alt=\"\" width=\"150\" height=\"50\" \/><\/a><img decoding=\"async\" style=\"border: none !important; margin: 0px !important;\" src=\"\/\/ir-it.amazon-adsystem.com\/e\/ir?t=ledizioni-21&amp;l=am2&amp;o=29&amp;a=8867057839\" alt=\"\" width=\"1\" height=\"1\" border=\"0\" \/><\/p>\n<p><a href=\"https:\/\/www.torrossa.com\/it\/resources\/an\/3170264\"><img decoding=\"async\" class=\"aligncenter wp-image-23912\" src=\"https:\/\/www.ledizioni.it\/stag\/wp-content\/uploads\/2019\/07\/torrossa_web-150x80.jpg\" alt=\"\" width=\"200\" height=\"60\" \/><\/a><\/p>","protected":false},"excerpt":{"rendered":"<p>Il volume che presentiamo raccoglie i lavori scritti da amici e allievi di Franco Brioschi che hanno voluto ricordarlo a<\/p>","protected":false},"featured_media":15969,"comment_status":"open","ping_status":"closed","template":"","meta":{"_acf_changed":false},"product_brand":[],"product_cat":[370],"product_tag":[1092,700],"class_list":{"0":"post-15966","1":"product","2":"type-product","3":"status-publish","4":"has-post-thumbnail","6":"product_cat-la-ragione-critica","7":"product_tag-critica-letteraria","8":"product_tag-teoria-letteraria","9":"pa_formato-cartaceo","10":"pa_formato-ebook-in-epub","11":"pa_lingua-italiano","13":"first","14":"instock","15":"featured","16":"shipping-taxable","17":"purchasable","18":"product-type-variable"},"acf":[],"yoast_head":"<!-- This site is optimized with the Yoast SEO plugin v27.3 - https:\/\/yoast.com\/product\/yoast-seo-wordpress\/ -->\n<title>L. Neri, S. Sini (a cura di), IL TESTO E L&#039;OPERA. STUDI IN RICORDO DI FRANCO BRIOSCHI<\/title>\n<meta name=\"description\" content=\"Ventotto contributi in ricordo degli studi di Franco Brioschi\" \/>\n<meta name=\"robots\" content=\"index, follow, max-snippet:-1, max-image-preview:large, max-video-preview:-1\" \/>\n<link rel=\"canonical\" href=\"https:\/\/www.ledizioni.it\/en\/product\/l-neri-s-sini-il-testo-e-l-opera\/\" \/>\n<meta property=\"og:locale\" content=\"en_GB\" \/>\n<meta property=\"og:type\" content=\"article\" \/>\n<meta property=\"og:title\" content=\"L. Neri, S. Sini (a cura di), IL TESTO E L&#039;OPERA. STUDI IN RICORDO DI FRANCO BRIOSCHI\" \/>\n<meta property=\"og:description\" content=\"Ventotto contributi in ricordo degli studi di Franco Brioschi\" \/>\n<meta property=\"og:url\" content=\"https:\/\/www.ledizioni.it\/en\/product\/l-neri-s-sini-il-testo-e-l-opera\/\" \/>\n<meta property=\"og:site_name\" content=\"Ledizioni\" \/>\n<meta property=\"article:publisher\" content=\"https:\/\/www.facebook.com\/pages\/Ledizioni-LediPublishing\/109120559173329\" \/>\n<meta property=\"article:modified_time\" content=\"2021-05-13T14:36:21+00:00\" \/>\n<meta property=\"og:image\" content=\"https:\/\/www.ledizioni.it\/stag\/wp-content\/uploads\/2016\/10\/Cover_3D-1.jpg\" \/>\n\t<meta property=\"og:image:width\" content=\"1474\" \/>\n\t<meta property=\"og:image:height\" content=\"1876\" \/>\n\t<meta property=\"og:image:type\" content=\"image\/jpeg\" \/>\n<meta name=\"twitter:card\" content=\"summary_large_image\" \/>\n<meta name=\"twitter:site\" content=\"@ledizioni\" \/>\n<meta name=\"twitter:label1\" content=\"Estimated reading time\" \/>\n\t<meta name=\"twitter:data1\" content=\"1 minute\" \/>\n<script type=\"application\/ld+json\" class=\"yoast-schema-graph\">{\"@context\":\"https:\\\/\\\/schema.org\",\"@graph\":[{\"@type\":\"WebPage\",\"@id\":\"https:\\\/\\\/www.ledizioni.it\\\/prodotto\\\/l-neri-s-sini-il-testo-e-l-opera\\\/\",\"url\":\"https:\\\/\\\/www.ledizioni.it\\\/prodotto\\\/l-neri-s-sini-il-testo-e-l-opera\\\/\",\"name\":\"L. Neri, S. Sini (a cura di), IL TESTO E L'OPERA. STUDI IN RICORDO DI FRANCO BRIOSCHI\",\"isPartOf\":{\"@id\":\"https:\\\/\\\/www.ledizioni.it\\\/#website\"},\"primaryImageOfPage\":{\"@id\":\"https:\\\/\\\/www.ledizioni.it\\\/prodotto\\\/l-neri-s-sini-il-testo-e-l-opera\\\/#primaryimage\"},\"image\":{\"@id\":\"https:\\\/\\\/www.ledizioni.it\\\/prodotto\\\/l-neri-s-sini-il-testo-e-l-opera\\\/#primaryimage\"},\"thumbnailUrl\":\"https:\\\/\\\/www.ledizioni.it\\\/stag\\\/wp-content\\\/uploads\\\/2016\\\/10\\\/Cover_3D-1.jpg\",\"datePublished\":\"2016-10-10T10:00:53+00:00\",\"dateModified\":\"2021-05-13T14:36:21+00:00\",\"description\":\"Ventotto contributi in ricordo degli studi di Franco Brioschi\",\"breadcrumb\":{\"@id\":\"https:\\\/\\\/www.ledizioni.it\\\/prodotto\\\/l-neri-s-sini-il-testo-e-l-opera\\\/#breadcrumb\"},\"inLanguage\":\"en-GB\",\"potentialAction\":[{\"@type\":\"ReadAction\",\"target\":[\"https:\\\/\\\/www.ledizioni.it\\\/prodotto\\\/l-neri-s-sini-il-testo-e-l-opera\\\/\"]}]},{\"@type\":\"ImageObject\",\"inLanguage\":\"en-GB\",\"@id\":\"https:\\\/\\\/www.ledizioni.it\\\/prodotto\\\/l-neri-s-sini-il-testo-e-l-opera\\\/#primaryimage\",\"url\":\"https:\\\/\\\/www.ledizioni.it\\\/stag\\\/wp-content\\\/uploads\\\/2016\\\/10\\\/Cover_3D-1.jpg\",\"contentUrl\":\"https:\\\/\\\/www.ledizioni.it\\\/stag\\\/wp-content\\\/uploads\\\/2016\\\/10\\\/Cover_3D-1.jpg\",\"width\":1474,\"height\":1876},{\"@type\":\"BreadcrumbList\",\"@id\":\"https:\\\/\\\/www.ledizioni.it\\\/prodotto\\\/l-neri-s-sini-il-testo-e-l-opera\\\/#breadcrumb\",\"itemListElement\":[{\"@type\":\"ListItem\",\"position\":1,\"name\":\"Shop\",\"item\":\"https:\\\/\\\/www.ledizioni.it\\\/shop-2\\\/\"},{\"@type\":\"ListItem\",\"position\":2,\"name\":\"IL TESTO E L&#8217;OPERA. STUDI IN RICORDO DI FRANCO BRIOSCHI\"}]},{\"@type\":\"WebSite\",\"@id\":\"https:\\\/\\\/www.ledizioni.it\\\/#website\",\"url\":\"https:\\\/\\\/www.ledizioni.it\\\/\",\"name\":\"Ledizioni\",\"description\":\"The Innovative LediPublishing Company - Casa Editrice Universitaria\",\"publisher\":{\"@id\":\"https:\\\/\\\/www.ledizioni.it\\\/#organization\"},\"potentialAction\":[{\"@type\":\"SearchAction\",\"target\":{\"@type\":\"EntryPoint\",\"urlTemplate\":\"https:\\\/\\\/www.ledizioni.it\\\/?s={search_term_string}\"},\"query-input\":{\"@type\":\"PropertyValueSpecification\",\"valueRequired\":true,\"valueName\":\"search_term_string\"}}],\"inLanguage\":\"en-GB\"},{\"@type\":\"Organization\",\"@id\":\"https:\\\/\\\/www.ledizioni.it\\\/#organization\",\"name\":\"Ledizioni\",\"url\":\"https:\\\/\\\/www.ledizioni.it\\\/\",\"logo\":{\"@type\":\"ImageObject\",\"inLanguage\":\"en-GB\",\"@id\":\"https:\\\/\\\/www.ledizioni.it\\\/#\\\/schema\\\/logo\\\/image\\\/\",\"url\":\"https:\\\/\\\/www.ledizioni.it\\\/stag\\\/wp-content\\\/uploads\\\/2023\\\/10\\\/newlogoledizioni500x110_2-1.jpg\",\"contentUrl\":\"https:\\\/\\\/www.ledizioni.it\\\/stag\\\/wp-content\\\/uploads\\\/2023\\\/10\\\/newlogoledizioni500x110_2-1.jpg\",\"width\":354,\"height\":87,\"caption\":\"Ledizioni\"},\"image\":{\"@id\":\"https:\\\/\\\/www.ledizioni.it\\\/#\\\/schema\\\/logo\\\/image\\\/\"},\"sameAs\":[\"https:\\\/\\\/www.facebook.com\\\/pages\\\/Ledizioni-LediPublishing\\\/109120559173329\",\"https:\\\/\\\/x.com\\\/ledizioni\"]}]}<\/script>\n<!-- \/ Yoast SEO plugin. -->","yoast_head_json":{"title":"L. Neri, S. Sini (a cura di), IL TESTO E L'OPERA. STUDI IN RICORDO DI FRANCO BRIOSCHI","description":"Ventotto contributi in ricordo degli studi di Franco Brioschi","robots":{"index":"index","follow":"follow","max-snippet":"max-snippet:-1","max-image-preview":"max-image-preview:large","max-video-preview":"max-video-preview:-1"},"canonical":"https:\/\/www.ledizioni.it\/en\/product\/l-neri-s-sini-il-testo-e-l-opera\/","og_locale":"en_GB","og_type":"article","og_title":"L. Neri, S. Sini (a cura di), IL TESTO E L'OPERA. STUDI IN RICORDO DI FRANCO BRIOSCHI","og_description":"Ventotto contributi in ricordo degli studi di Franco Brioschi","og_url":"https:\/\/www.ledizioni.it\/en\/product\/l-neri-s-sini-il-testo-e-l-opera\/","og_site_name":"Ledizioni","article_publisher":"https:\/\/www.facebook.com\/pages\/Ledizioni-LediPublishing\/109120559173329","article_modified_time":"2021-05-13T14:36:21+00:00","og_image":[{"width":1474,"height":1876,"url":"https:\/\/www.ledizioni.it\/stag\/wp-content\/uploads\/2016\/10\/Cover_3D-1.jpg","type":"image\/jpeg"}],"twitter_card":"summary_large_image","twitter_site":"@ledizioni","twitter_misc":{"Estimated reading time":"1 minute"},"schema":{"@context":"https:\/\/schema.org","@graph":[{"@type":"WebPage","@id":"https:\/\/www.ledizioni.it\/prodotto\/l-neri-s-sini-il-testo-e-l-opera\/","url":"https:\/\/www.ledizioni.it\/prodotto\/l-neri-s-sini-il-testo-e-l-opera\/","name":"L. Neri, S. Sini (a cura di), IL TESTO E L'OPERA. STUDI IN RICORDO DI FRANCO BRIOSCHI","isPartOf":{"@id":"https:\/\/www.ledizioni.it\/#website"},"primaryImageOfPage":{"@id":"https:\/\/www.ledizioni.it\/prodotto\/l-neri-s-sini-il-testo-e-l-opera\/#primaryimage"},"image":{"@id":"https:\/\/www.ledizioni.it\/prodotto\/l-neri-s-sini-il-testo-e-l-opera\/#primaryimage"},"thumbnailUrl":"https:\/\/www.ledizioni.it\/stag\/wp-content\/uploads\/2016\/10\/Cover_3D-1.jpg","datePublished":"2016-10-10T10:00:53+00:00","dateModified":"2021-05-13T14:36:21+00:00","description":"Ventotto contributi in ricordo degli studi di Franco Brioschi","breadcrumb":{"@id":"https:\/\/www.ledizioni.it\/prodotto\/l-neri-s-sini-il-testo-e-l-opera\/#breadcrumb"},"inLanguage":"en-GB","potentialAction":[{"@type":"ReadAction","target":["https:\/\/www.ledizioni.it\/prodotto\/l-neri-s-sini-il-testo-e-l-opera\/"]}]},{"@type":"ImageObject","inLanguage":"en-GB","@id":"https:\/\/www.ledizioni.it\/prodotto\/l-neri-s-sini-il-testo-e-l-opera\/#primaryimage","url":"https:\/\/www.ledizioni.it\/stag\/wp-content\/uploads\/2016\/10\/Cover_3D-1.jpg","contentUrl":"https:\/\/www.ledizioni.it\/stag\/wp-content\/uploads\/2016\/10\/Cover_3D-1.jpg","width":1474,"height":1876},{"@type":"BreadcrumbList","@id":"https:\/\/www.ledizioni.it\/prodotto\/l-neri-s-sini-il-testo-e-l-opera\/#breadcrumb","itemListElement":[{"@type":"ListItem","position":1,"name":"Shop","item":"https:\/\/www.ledizioni.it\/shop-2\/"},{"@type":"ListItem","position":2,"name":"IL TESTO E L&#8217;OPERA. STUDI IN RICORDO DI FRANCO BRIOSCHI"}]},{"@type":"WebSite","@id":"https:\/\/www.ledizioni.it\/#website","url":"https:\/\/www.ledizioni.it\/","name":"Ledizioni","description":"The Innovative LediPublishing Company - Casa Editrice Universitaria","publisher":{"@id":"https:\/\/www.ledizioni.it\/#organization"},"potentialAction":[{"@type":"SearchAction","target":{"@type":"EntryPoint","urlTemplate":"https:\/\/www.ledizioni.it\/?s={search_term_string}"},"query-input":{"@type":"PropertyValueSpecification","valueRequired":true,"valueName":"search_term_string"}}],"inLanguage":"en-GB"},{"@type":"Organization","@id":"https:\/\/www.ledizioni.it\/#organization","name":"Ledizioni","url":"https:\/\/www.ledizioni.it\/","logo":{"@type":"ImageObject","inLanguage":"en-GB","@id":"https:\/\/www.ledizioni.it\/#\/schema\/logo\/image\/","url":"https:\/\/www.ledizioni.it\/stag\/wp-content\/uploads\/2023\/10\/newlogoledizioni500x110_2-1.jpg","contentUrl":"https:\/\/www.ledizioni.it\/stag\/wp-content\/uploads\/2023\/10\/newlogoledizioni500x110_2-1.jpg","width":354,"height":87,"caption":"Ledizioni"},"image":{"@id":"https:\/\/www.ledizioni.it\/#\/schema\/logo\/image\/"},"sameAs":["https:\/\/www.facebook.com\/pages\/Ledizioni-LediPublishing\/109120559173329","https:\/\/x.com\/ledizioni"]}]}},"jetpack_sharing_enabled":true,"_links":{"self":[{"href":"https:\/\/www.ledizioni.it\/en\/wp-json\/wp\/v2\/product\/15966","targetHints":{"allow":["GET"]}}],"collection":[{"href":"https:\/\/www.ledizioni.it\/en\/wp-json\/wp\/v2\/product"}],"about":[{"href":"https:\/\/www.ledizioni.it\/en\/wp-json\/wp\/v2\/types\/product"}],"replies":[{"embeddable":true,"href":"https:\/\/www.ledizioni.it\/en\/wp-json\/wp\/v2\/comments?post=15966"}],"version-history":[{"count":1,"href":"https:\/\/www.ledizioni.it\/en\/wp-json\/wp\/v2\/product\/15966\/revisions"}],"predecessor-version":[{"id":16081,"href":"https:\/\/www.ledizioni.it\/en\/wp-json\/wp\/v2\/product\/15966\/revisions\/16081"}],"wp:featuredmedia":[{"embeddable":true,"href":"https:\/\/www.ledizioni.it\/en\/wp-json\/wp\/v2\/media\/15969"}],"wp:attachment":[{"href":"https:\/\/www.ledizioni.it\/en\/wp-json\/wp\/v2\/media?parent=15966"}],"wp:term":[{"taxonomy":"product_brand","embeddable":true,"href":"https:\/\/www.ledizioni.it\/en\/wp-json\/wp\/v2\/product_brand?post=15966"},{"taxonomy":"product_cat","embeddable":true,"href":"https:\/\/www.ledizioni.it\/en\/wp-json\/wp\/v2\/product_cat?post=15966"},{"taxonomy":"product_tag","embeddable":true,"href":"https:\/\/www.ledizioni.it\/en\/wp-json\/wp\/v2\/product_tag?post=15966"}],"curies":[{"name":"wp","href":"https:\/\/api.w.org\/{rel}","templated":true}]}}