{"id":16146,"date":"2016-11-10T10:20:51","date_gmt":"2016-11-10T08:20:51","guid":{"rendered":"http:\/\/www.ledizioni.it\/?post_type=product&#038;p=16146"},"modified":"2022-05-05T03:51:57","modified_gmt":"2022-05-05T01:51:57","slug":"eugenio-zito-vivere-diabete","status":"publish","type":"product","link":"https:\/\/www.ledizioni.it\/en\/product\/eugenio-zito-vivere-diabete\/","title":{"rendered":"VIVERE (CON) IL DIABETE"},"content":{"rendered":"<p style=\"text-align: justify;\">[amazon_link asins=&#8217;8867055135&#8242; template=&#8217;PriceLink1&#8242; store=&#8217;ledizioni-21&#8242; marketplace=&#8217;IT&#8217; link_id=&#8217;9ed6564b-d75c-11e8-8562-bb95c960dd67&#8242;]<\/p>\n<p style=\"text-align: justify;\">I contesti sanitari sono sempre pi\u00f9 ambito specifico di analisi antropologica per la peculiarit\u00e0 dei loro codici e regole, la complessit\u00e0 delle pratiche di cura e dei protocolli messi in atto e le conseguenti potenzialit\u00e0 applicative. Il volume della collana Antropologia (double blind peer-review), frutto di un lungo lavoro di ricerca sul campo, un contesto ospedaliero occidentale, descrive e analizza, nella prospettiva dell\u2019antropologia medica e con una rigorosa metodologia etnografica, le problematiche collegate alla diagnosi di diabete mellito di tipo 1 in et\u00e0 evolutiva e le modalit\u00e0 di cura messe in atto dal personale sanitario per fronteggiare la cronicit\u00e0. L\u2019autore si muove nel reparto pediatrico di un ospedale universitario dedicato alla cura del diabete nella duplice prospettiva di operatore clinico e di etnografo che riesce ad andare al di l\u00e0 del ruolo istituzionale per evidenziare le dinamiche di produzione di una specifica cultura che, includendo quella biomedica e quella dei giovani pazienti e familiari, produce quella globale del diabete, con un preciso sguardo alle dimensioni sociali, alla corporeit\u00e0 dei soggetti, alle rielaborazioni dei vissuti e ai significati culturali delle rappresentazioni. Le storie di malattia narrate fanno emergere le differenti modalit\u00e0 di reazione alla sua comparsa e consentono di ridefinire, in un\u2019ottica pi\u00f9 ampia, gli stessi concetti di diagnosi e cura. L\u2019attenzione all\u2019interpretazione del paziente, ai significati continuamente rinegoziabili che questi attribuisce a ci\u00f2 che gli accade, \u00e8 una costante di questo lavoro. La ricerca mostra quanto la cura sia un concetto complesso non circoscrivibile alla sola prospettiva biomedica, perch\u00e9 attiene alle relazioni umane e all\u2019umanit\u00e0 delle relazioni e presuppone la tecnica dell\u2019ascolto e del dialogo, che si compone di parole e gesti; la sua efficacia non si esaurisce nella produzione della guarigione, ma si amplia nella strutturazione di processi di relazione. Questi ultimi costituiscono un potente strumento in grado di attivare quel coinvolgimento che, assicurando un\u2019elaborazione dell\u2019esperienza, aiuta a superare la condizione di passivit\u00e0 e dolore e facilita il necessario percorso di accettazione e cura per imparare a convivere creativamente con la malattia, mostrando a se stessi e agli altri tutte le potenzialit\u00e0 umane di un corpo che pu\u00f2, a questo punto, fuori di ogni paradosso, anche \u201cguarire\u201d.<\/p>\n<p style=\"text-align: justify;\"><strong>DATI BIBLIOGRAFICI<\/strong><br \/>\nAutore: Eugenio Zito<br \/>\nEditore: Ledizioni<br \/>\nPubblicato nel: novembre 2016<br \/>\nPagine: 277<br \/>\nISBN cartaceo: 9788867055135<br \/>\nISBN ePub:\u00a09788867055142<br \/>\nPrezzo cartaceo: 18 \u20ac<br \/>\nPrezzo ePub: 6.99 \u20ac<\/p>","protected":false},"excerpt":{"rendered":"<p>[amazon_link asins=&#8217;8867055135&#8242; template=&#8217;PriceLink1&#8242; store=&#8217;ledizioni-21&#8242; marketplace=&#8217;IT&#8217; link_id=&#8217;9ed6564b-d75c-11e8-8562-bb95c960dd67&#8242;] I contesti sanitari sono sempre pi\u00f9 ambito specifico di analisi antropologica per la peculiarit\u00e0<\/p>","protected":false},"featured_media":16147,"comment_status":"open","ping_status":"closed","template":"","meta":{"_acf_changed":false},"product_brand":[],"product_cat":[15],"product_tag":[520,1502,1564],"class_list":{"0":"post-16146","1":"product","2":"type-product","3":"status-publish","4":"has-post-thumbnail","6":"product_cat-antropologia","7":"product_tag-cura","8":"product_tag-salute","9":"product_tag-sistema-sanitario","10":"pa_formato-cartaceo","11":"pa_formato-ebook-in-epub","13":"first","14":"instock","15":"featured","16":"shipping-taxable","17":"purchasable","18":"product-type-variable"},"acf":[],"yoast_head":"<!-- This site is optimized with the Yoast SEO plugin v27.3 - https:\/\/yoast.com\/product\/yoast-seo-wordpress\/ -->\n<title>VIVERE (CON) IL DIABETE -<\/title>\n<meta name=\"description\" content=\"Ledizioni - Innovative Publishing. Casa editrice universitaria. Open Access. eBook, ePub. Creative Commons.\" \/>\n<meta name=\"robots\" content=\"index, follow, max-snippet:-1, max-image-preview:large, max-video-preview:-1\" \/>\n<link rel=\"canonical\" href=\"https:\/\/www.ledizioni.it\/en\/product\/eugenio-zito-vivere-diabete\/\" \/>\n<meta property=\"og:locale\" content=\"en_GB\" \/>\n<meta property=\"og:type\" content=\"article\" \/>\n<meta property=\"og:title\" content=\"VIVERE (CON) IL DIABETE -\" \/>\n<meta property=\"og:description\" content=\"Ledizioni - Innovative Publishing. Casa editrice universitaria. Open Access. eBook, ePub. Creative Commons.\" \/>\n<meta property=\"og:url\" content=\"https:\/\/www.ledizioni.it\/en\/product\/eugenio-zito-vivere-diabete\/\" \/>\n<meta property=\"og:site_name\" content=\"Ledizioni\" \/>\n<meta property=\"article:publisher\" content=\"https:\/\/www.facebook.com\/pages\/Ledizioni-LediPublishing\/109120559173329\" \/>\n<meta property=\"article:modified_time\" content=\"2022-05-05T01:51:57+00:00\" \/>\n<meta property=\"og:image\" content=\"https:\/\/www.ledizioni.it\/stag\/wp-content\/uploads\/2016\/11\/Cover_3D-1.jpg\" \/>\n\t<meta property=\"og:image:width\" content=\"1486\" \/>\n\t<meta property=\"og:image:height\" content=\"1926\" \/>\n\t<meta property=\"og:image:type\" content=\"image\/jpeg\" \/>\n<meta name=\"twitter:card\" content=\"summary_large_image\" \/>\n<meta name=\"twitter:site\" content=\"@ledizioni\" \/>\n<meta name=\"twitter:label1\" content=\"Estimated reading time\" \/>\n\t<meta name=\"twitter:data1\" content=\"2 minutes\" \/>\n<script type=\"application\/ld+json\" class=\"yoast-schema-graph\">{\"@context\":\"https:\\\/\\\/schema.org\",\"@graph\":[{\"@type\":\"WebPage\",\"@id\":\"https:\\\/\\\/www.ledizioni.it\\\/prodotto\\\/eugenio-zito-vivere-diabete\\\/\",\"url\":\"https:\\\/\\\/www.ledizioni.it\\\/prodotto\\\/eugenio-zito-vivere-diabete\\\/\",\"name\":\"VIVERE (CON) IL DIABETE -\",\"isPartOf\":{\"@id\":\"https:\\\/\\\/www.ledizioni.it\\\/#website\"},\"primaryImageOfPage\":{\"@id\":\"https:\\\/\\\/www.ledizioni.it\\\/prodotto\\\/eugenio-zito-vivere-diabete\\\/#primaryimage\"},\"image\":{\"@id\":\"https:\\\/\\\/www.ledizioni.it\\\/prodotto\\\/eugenio-zito-vivere-diabete\\\/#primaryimage\"},\"thumbnailUrl\":\"https:\\\/\\\/www.ledizioni.it\\\/stag\\\/wp-content\\\/uploads\\\/2016\\\/11\\\/Cover_3D-1.jpg\",\"datePublished\":\"2016-11-10T08:20:51+00:00\",\"dateModified\":\"2022-05-05T01:51:57+00:00\",\"description\":\"Ledizioni - Innovative Publishing. Casa editrice universitaria. Open Access. eBook, ePub. Creative Commons.\",\"breadcrumb\":{\"@id\":\"https:\\\/\\\/www.ledizioni.it\\\/prodotto\\\/eugenio-zito-vivere-diabete\\\/#breadcrumb\"},\"inLanguage\":\"en-GB\",\"potentialAction\":[{\"@type\":\"ReadAction\",\"target\":[\"https:\\\/\\\/www.ledizioni.it\\\/prodotto\\\/eugenio-zito-vivere-diabete\\\/\"]}]},{\"@type\":\"ImageObject\",\"inLanguage\":\"en-GB\",\"@id\":\"https:\\\/\\\/www.ledizioni.it\\\/prodotto\\\/eugenio-zito-vivere-diabete\\\/#primaryimage\",\"url\":\"https:\\\/\\\/www.ledizioni.it\\\/stag\\\/wp-content\\\/uploads\\\/2016\\\/11\\\/Cover_3D-1.jpg\",\"contentUrl\":\"https:\\\/\\\/www.ledizioni.it\\\/stag\\\/wp-content\\\/uploads\\\/2016\\\/11\\\/Cover_3D-1.jpg\",\"width\":1486,\"height\":1926},{\"@type\":\"BreadcrumbList\",\"@id\":\"https:\\\/\\\/www.ledizioni.it\\\/prodotto\\\/eugenio-zito-vivere-diabete\\\/#breadcrumb\",\"itemListElement\":[{\"@type\":\"ListItem\",\"position\":1,\"name\":\"Shop\",\"item\":\"https:\\\/\\\/www.ledizioni.it\\\/shop-2\\\/\"},{\"@type\":\"ListItem\",\"position\":2,\"name\":\"VIVERE (CON) IL DIABETE\"}]},{\"@type\":\"WebSite\",\"@id\":\"https:\\\/\\\/www.ledizioni.it\\\/#website\",\"url\":\"https:\\\/\\\/www.ledizioni.it\\\/\",\"name\":\"Ledizioni\",\"description\":\"The Innovative LediPublishing Company - Casa Editrice Universitaria\",\"publisher\":{\"@id\":\"https:\\\/\\\/www.ledizioni.it\\\/#organization\"},\"potentialAction\":[{\"@type\":\"SearchAction\",\"target\":{\"@type\":\"EntryPoint\",\"urlTemplate\":\"https:\\\/\\\/www.ledizioni.it\\\/?s={search_term_string}\"},\"query-input\":{\"@type\":\"PropertyValueSpecification\",\"valueRequired\":true,\"valueName\":\"search_term_string\"}}],\"inLanguage\":\"en-GB\"},{\"@type\":\"Organization\",\"@id\":\"https:\\\/\\\/www.ledizioni.it\\\/#organization\",\"name\":\"Ledizioni\",\"url\":\"https:\\\/\\\/www.ledizioni.it\\\/\",\"logo\":{\"@type\":\"ImageObject\",\"inLanguage\":\"en-GB\",\"@id\":\"https:\\\/\\\/www.ledizioni.it\\\/#\\\/schema\\\/logo\\\/image\\\/\",\"url\":\"https:\\\/\\\/www.ledizioni.it\\\/stag\\\/wp-content\\\/uploads\\\/2023\\\/10\\\/newlogoledizioni500x110_2-1.jpg\",\"contentUrl\":\"https:\\\/\\\/www.ledizioni.it\\\/stag\\\/wp-content\\\/uploads\\\/2023\\\/10\\\/newlogoledizioni500x110_2-1.jpg\",\"width\":354,\"height\":87,\"caption\":\"Ledizioni\"},\"image\":{\"@id\":\"https:\\\/\\\/www.ledizioni.it\\\/#\\\/schema\\\/logo\\\/image\\\/\"},\"sameAs\":[\"https:\\\/\\\/www.facebook.com\\\/pages\\\/Ledizioni-LediPublishing\\\/109120559173329\",\"https:\\\/\\\/x.com\\\/ledizioni\"]}]}<\/script>\n<!-- \/ Yoast SEO plugin. -->","yoast_head_json":{"title":"VIVERE (CON) IL DIABETE -","description":"Ledizioni - Innovative Publishing. Casa editrice universitaria. Open Access. eBook, ePub. Creative Commons.","robots":{"index":"index","follow":"follow","max-snippet":"max-snippet:-1","max-image-preview":"max-image-preview:large","max-video-preview":"max-video-preview:-1"},"canonical":"https:\/\/www.ledizioni.it\/en\/product\/eugenio-zito-vivere-diabete\/","og_locale":"en_GB","og_type":"article","og_title":"VIVERE (CON) IL DIABETE -","og_description":"Ledizioni - Innovative Publishing. Casa editrice universitaria. Open Access. eBook, ePub. Creative Commons.","og_url":"https:\/\/www.ledizioni.it\/en\/product\/eugenio-zito-vivere-diabete\/","og_site_name":"Ledizioni","article_publisher":"https:\/\/www.facebook.com\/pages\/Ledizioni-LediPublishing\/109120559173329","article_modified_time":"2022-05-05T01:51:57+00:00","og_image":[{"width":1486,"height":1926,"url":"https:\/\/www.ledizioni.it\/stag\/wp-content\/uploads\/2016\/11\/Cover_3D-1.jpg","type":"image\/jpeg"}],"twitter_card":"summary_large_image","twitter_site":"@ledizioni","twitter_misc":{"Estimated reading time":"2 minutes"},"schema":{"@context":"https:\/\/schema.org","@graph":[{"@type":"WebPage","@id":"https:\/\/www.ledizioni.it\/prodotto\/eugenio-zito-vivere-diabete\/","url":"https:\/\/www.ledizioni.it\/prodotto\/eugenio-zito-vivere-diabete\/","name":"VIVERE (CON) IL DIABETE -","isPartOf":{"@id":"https:\/\/www.ledizioni.it\/#website"},"primaryImageOfPage":{"@id":"https:\/\/www.ledizioni.it\/prodotto\/eugenio-zito-vivere-diabete\/#primaryimage"},"image":{"@id":"https:\/\/www.ledizioni.it\/prodotto\/eugenio-zito-vivere-diabete\/#primaryimage"},"thumbnailUrl":"https:\/\/www.ledizioni.it\/stag\/wp-content\/uploads\/2016\/11\/Cover_3D-1.jpg","datePublished":"2016-11-10T08:20:51+00:00","dateModified":"2022-05-05T01:51:57+00:00","description":"Ledizioni - Innovative Publishing. Casa editrice universitaria. Open Access. eBook, ePub. Creative Commons.","breadcrumb":{"@id":"https:\/\/www.ledizioni.it\/prodotto\/eugenio-zito-vivere-diabete\/#breadcrumb"},"inLanguage":"en-GB","potentialAction":[{"@type":"ReadAction","target":["https:\/\/www.ledizioni.it\/prodotto\/eugenio-zito-vivere-diabete\/"]}]},{"@type":"ImageObject","inLanguage":"en-GB","@id":"https:\/\/www.ledizioni.it\/prodotto\/eugenio-zito-vivere-diabete\/#primaryimage","url":"https:\/\/www.ledizioni.it\/stag\/wp-content\/uploads\/2016\/11\/Cover_3D-1.jpg","contentUrl":"https:\/\/www.ledizioni.it\/stag\/wp-content\/uploads\/2016\/11\/Cover_3D-1.jpg","width":1486,"height":1926},{"@type":"BreadcrumbList","@id":"https:\/\/www.ledizioni.it\/prodotto\/eugenio-zito-vivere-diabete\/#breadcrumb","itemListElement":[{"@type":"ListItem","position":1,"name":"Shop","item":"https:\/\/www.ledizioni.it\/shop-2\/"},{"@type":"ListItem","position":2,"name":"VIVERE (CON) IL DIABETE"}]},{"@type":"WebSite","@id":"https:\/\/www.ledizioni.it\/#website","url":"https:\/\/www.ledizioni.it\/","name":"Ledizioni","description":"The Innovative LediPublishing Company - Casa Editrice Universitaria","publisher":{"@id":"https:\/\/www.ledizioni.it\/#organization"},"potentialAction":[{"@type":"SearchAction","target":{"@type":"EntryPoint","urlTemplate":"https:\/\/www.ledizioni.it\/?s={search_term_string}"},"query-input":{"@type":"PropertyValueSpecification","valueRequired":true,"valueName":"search_term_string"}}],"inLanguage":"en-GB"},{"@type":"Organization","@id":"https:\/\/www.ledizioni.it\/#organization","name":"Ledizioni","url":"https:\/\/www.ledizioni.it\/","logo":{"@type":"ImageObject","inLanguage":"en-GB","@id":"https:\/\/www.ledizioni.it\/#\/schema\/logo\/image\/","url":"https:\/\/www.ledizioni.it\/stag\/wp-content\/uploads\/2023\/10\/newlogoledizioni500x110_2-1.jpg","contentUrl":"https:\/\/www.ledizioni.it\/stag\/wp-content\/uploads\/2023\/10\/newlogoledizioni500x110_2-1.jpg","width":354,"height":87,"caption":"Ledizioni"},"image":{"@id":"https:\/\/www.ledizioni.it\/#\/schema\/logo\/image\/"},"sameAs":["https:\/\/www.facebook.com\/pages\/Ledizioni-LediPublishing\/109120559173329","https:\/\/x.com\/ledizioni"]}]}},"jetpack_sharing_enabled":true,"_links":{"self":[{"href":"https:\/\/www.ledizioni.it\/en\/wp-json\/wp\/v2\/product\/16146","targetHints":{"allow":["GET"]}}],"collection":[{"href":"https:\/\/www.ledizioni.it\/en\/wp-json\/wp\/v2\/product"}],"about":[{"href":"https:\/\/www.ledizioni.it\/en\/wp-json\/wp\/v2\/types\/product"}],"replies":[{"embeddable":true,"href":"https:\/\/www.ledizioni.it\/en\/wp-json\/wp\/v2\/comments?post=16146"}],"version-history":[{"count":1,"href":"https:\/\/www.ledizioni.it\/en\/wp-json\/wp\/v2\/product\/16146\/revisions"}],"predecessor-version":[{"id":16642,"href":"https:\/\/www.ledizioni.it\/en\/wp-json\/wp\/v2\/product\/16146\/revisions\/16642"}],"wp:featuredmedia":[{"embeddable":true,"href":"https:\/\/www.ledizioni.it\/en\/wp-json\/wp\/v2\/media\/16147"}],"wp:attachment":[{"href":"https:\/\/www.ledizioni.it\/en\/wp-json\/wp\/v2\/media?parent=16146"}],"wp:term":[{"taxonomy":"product_brand","embeddable":true,"href":"https:\/\/www.ledizioni.it\/en\/wp-json\/wp\/v2\/product_brand?post=16146"},{"taxonomy":"product_cat","embeddable":true,"href":"https:\/\/www.ledizioni.it\/en\/wp-json\/wp\/v2\/product_cat?post=16146"},{"taxonomy":"product_tag","embeddable":true,"href":"https:\/\/www.ledizioni.it\/en\/wp-json\/wp\/v2\/product_tag?post=16146"}],"curies":[{"name":"wp","href":"https:\/\/api.w.org\/{rel}","templated":true}]}}