{"id":16364,"date":"2016-12-15T08:41:45","date_gmt":"2016-12-15T06:41:45","guid":{"rendered":"http:\/\/www.ledizioni.it\/prodotto\/tintas-iii-serie-n-6-2016\/"},"modified":"2021-05-28T17:13:58","modified_gmt":"2021-05-28T15:13:58","slug":"tintas-iii-serie-n-6-2016","status":"publish","type":"product","link":"https:\/\/www.ledizioni.it\/en\/product\/tintas-iii-serie-n-6-2016\/","title":{"rendered":"TINTAS &#8211; III serie, n. 6, 2016"},"content":{"rendered":"<p>ARTICOLI<br \/>\n<em>\u00a0&#8211; <\/em>Danilo Manera<em>, La Estrella Polar. Memorias de un Juez de Instrucci\u00f3n. Espa\u00f1a 1934-1939, de Eduardo Cap\u00f3 Bonnafous: conflictos, \u00e9tica y humor<br \/>\n&#8211; <\/em>Catherine P\u00e9lage<em>, Bienvenida y la noche de Manuel Rueda: cr\u00f3nica de una tragedia anunciada<br \/>\n&#8211; <\/em>Alfonso Ruiz de Aguirre<em>, La religi\u00f3n del diablo en Juegos de la edad tard\u00eda de Luis Landero: la sabidur\u00eda que permite el pacto entre el deseo y la realidad<br \/>\n&#8211; <\/em>Carla Maria Cogotti<em>, Actualizaci\u00f3n y creaci\u00f3n de la memoria en los cuentos de guerra de Juan Eduardo Z\u00fa\u00f1iga: \u201cLos mensajes perdidos\u201d e \u201cInvenci\u00f3n del h\u00e9roe\u201d<\/em><\/p>\n<p>TRASBORDI<br \/>\n&#8211; Silda Cordoliani, <em>Babilonia<\/em> (trad. di Danilo Manera)<br \/>\n&#8211; C\u00e9sar Mba Abogo, <em>Il portatore di Marlow<\/em> and <em>Da qualche parte sotto l\u2019Atlantico<\/em> (trad. e nota di Simone Cattaneo)<br \/>\n&#8211; Mar G\u00f3mez Glez, <em>La ricreazione<\/em> (trad. di Valentina Mercuri)<br \/>\n&#8211; \u00c1ngela Hern\u00e1ndez N\u00fa\u00f1ez, <em>Quattordici poesie<\/em> (trad. di Danilo Manera)<\/p>\n<p>NOTE<br \/>\n&#8211; Rember Yahuarcani,<em> Sulle origini della Gente Airone Bianco<\/em><br \/>\n&#8211; Danilo Manera, <em>Semblanza de Pedro Peix y un acercamiento a su cuent\u00edstica<\/em><\/p>\n<p>INTERVISTA<br \/>\n<em>\u00a0&#8211; <\/em>Benedetta Belloni,<em> Entre L\u00edbano y M\u00e9xico: entrevista a la escritora Rose Mary Salum<\/em><\/p>\n<p>RECENSIONI<br \/>\n&#8211; Nuria Amat, <em>Il ladro di libri e altre bibliomanie<\/em> (Simone Cattaneo)<br \/>\n&#8211; Stefania Imperiale, <em>Contar por im\u00e1genes: la narrativa de Juan Benet<\/em> (Jos\u00e9 Antonio Vila)<br \/>\n&#8211; Sara Mesa, <em>Cicatriz<\/em> (Luca Cerullo)<br \/>\n&#8211; Camilla Cattarulla (a cura di), <em>Argentina 1976-1983. Immaginari italiani<\/em> (Danilo Manera)<br \/>\n&#8211; Ricardo Men\u00e9ndez Salm\u00f3n, <em>El Sistema<\/em> (Simone Cattaneo)<br \/>\n&#8211; Niall Binns, Jes\u00fas Cano Reyes y Ana Casado Fern\u00e1ndez (eds.), <em>Cuba y la guerra civil espa\u00f1ola. La voz de los intelectuales<\/em> (Paloma Jim\u00e9nez del Campo)<br \/>\n&#8211; Jos\u00e9 Luandino Vieira, <em>Pap\u00e9is da Pris\u00e3o<\/em> (Elena Soressi)<\/p>\n<p>CREAZIONE<br \/>\n&#8211; Silda Cordoliani, \u00abLa vocaci\u00f3n\u00bb<br \/>\n&#8211; Sandra Lorenzano, \u00abV\u00e9rtigo\u00bb, \u00abInvierno en el cementerio de Middlebury\u00bb \u00abDeshabitar la propia piel\u00bb, \u00abDesde el principio de los tiempos\u00bb<br \/>\n&#8211; Lilianet Brintrup Hertling, \u00abAnimalia de Chile, no vista\u00bb, \u00abDon Pedro\u00bb, \u00abDe las tierras prohibidas de Chile\u00bb, \u00abPasar la noche\u00bb<br \/>\n&#8211; Juan Carlos Galeano, \u00abSachamama\u00bb<br \/>\n&#8211; Diego Mu\u00f1oz Valenzuela, \u00abEspect\u00e1culo de circo\u00bb, \u00abTitulares\u00bb, \u00abPrestidigitador\u00bb, \u00abMalabarista callejero\u00bb, \u00abCircus\u00bb, \u00abProblemas con el faquir\u00bb, \u00abExperiencias circenses\u00bb<\/p>\n<p>RIFERIMENTI BIBLIOGRAFICI<\/p>\n<p>Prezzo cartaceo: 25,00\u00a0\u20ac<\/p>","protected":false},"excerpt":{"rendered":"<p>ARTICOLI \u00a0&#8211; Danilo Manera, La Estrella Polar. Memorias de un Juez de Instrucci\u00f3n. Espa\u00f1a 1934-1939, de Eduardo Cap\u00f3 Bonnafous: conflictos,<\/p>","protected":false},"featured_media":16365,"comment_status":"open","ping_status":"closed","template":"","meta":{"_acf_changed":false},"product_brand":[],"product_cat":[1292],"product_tag":[1296,1295,1294],"class_list":{"0":"post-16364","1":"product","2":"type-product","3":"status-publish","4":"has-post-thumbnail","6":"product_cat-tintas","7":"product_tag-lingue-iberiche","8":"product_tag-portogallo","9":"product_tag-spagna","10":"pa_formato-cartaceo","11":"pa_lingua-spagnolo","13":"first","14":"instock","15":"featured","16":"shipping-taxable","17":"purchasable","18":"product-type-simple"},"acf":[],"yoast_head":"<!-- This site is optimized with the Yoast SEO plugin v27.4 - https:\/\/yoast.com\/product\/yoast-seo-wordpress\/ -->\n<title>TINTAS - III serie, n. 6, 2016 -<\/title>\n<meta name=\"description\" content=\"Ledizioni - Innovative Publishing. Casa editrice universitaria. Open Access. eBook, ePub. Creative Commons.\" \/>\n<meta name=\"robots\" content=\"index, follow, max-snippet:-1, max-image-preview:large, max-video-preview:-1\" \/>\n<link rel=\"canonical\" href=\"https:\/\/www.ledizioni.it\/en\/product\/tintas-iii-serie-n-6-2016\/\" \/>\n<meta property=\"og:locale\" content=\"en_GB\" \/>\n<meta property=\"og:type\" content=\"article\" \/>\n<meta property=\"og:title\" content=\"TINTAS - III serie, n. 6, 2016 -\" \/>\n<meta property=\"og:description\" content=\"Ledizioni - Innovative Publishing. Casa editrice universitaria. Open Access. eBook, ePub. Creative Commons.\" \/>\n<meta property=\"og:url\" content=\"https:\/\/www.ledizioni.it\/en\/product\/tintas-iii-serie-n-6-2016\/\" \/>\n<meta property=\"og:site_name\" content=\"Ledizioni\" \/>\n<meta property=\"article:publisher\" content=\"https:\/\/www.facebook.com\/pages\/Ledizioni-LediPublishing\/109120559173329\" \/>\n<meta property=\"article:modified_time\" content=\"2021-05-28T15:13:58+00:00\" \/>\n<meta property=\"og:image\" content=\"https:\/\/www.ledizioni.it\/stag\/wp-content\/uploads\/2016\/12\/Cover_3D-2.jpg\" \/>\n\t<meta property=\"og:image:width\" content=\"1469\" \/>\n\t<meta property=\"og:image:height\" content=\"1944\" \/>\n\t<meta property=\"og:image:type\" content=\"image\/jpeg\" \/>\n<meta name=\"twitter:card\" content=\"summary_large_image\" \/>\n<meta name=\"twitter:site\" content=\"@ledizioni\" \/>\n<meta name=\"twitter:label1\" content=\"Estimated reading time\" \/>\n\t<meta name=\"twitter:data1\" content=\"2 minutes\" \/>\n<script type=\"application\/ld+json\" class=\"yoast-schema-graph\">{\"@context\":\"https:\\\/\\\/schema.org\",\"@graph\":[{\"@type\":\"WebPage\",\"@id\":\"https:\\\/\\\/www.ledizioni.it\\\/prodotto\\\/tintas-iii-serie-n-6-2016\\\/\",\"url\":\"https:\\\/\\\/www.ledizioni.it\\\/prodotto\\\/tintas-iii-serie-n-6-2016\\\/\",\"name\":\"TINTAS - III serie, n. 6, 2016 -\",\"isPartOf\":{\"@id\":\"https:\\\/\\\/www.ledizioni.it\\\/#website\"},\"primaryImageOfPage\":{\"@id\":\"https:\\\/\\\/www.ledizioni.it\\\/prodotto\\\/tintas-iii-serie-n-6-2016\\\/#primaryimage\"},\"image\":{\"@id\":\"https:\\\/\\\/www.ledizioni.it\\\/prodotto\\\/tintas-iii-serie-n-6-2016\\\/#primaryimage\"},\"thumbnailUrl\":\"https:\\\/\\\/www.ledizioni.it\\\/stag\\\/wp-content\\\/uploads\\\/2016\\\/12\\\/Cover_3D-2.jpg\",\"datePublished\":\"2016-12-15T06:41:45+00:00\",\"dateModified\":\"2021-05-28T15:13:58+00:00\",\"description\":\"Ledizioni - Innovative Publishing. Casa editrice universitaria. Open Access. eBook, ePub. Creative Commons.\",\"breadcrumb\":{\"@id\":\"https:\\\/\\\/www.ledizioni.it\\\/prodotto\\\/tintas-iii-serie-n-6-2016\\\/#breadcrumb\"},\"inLanguage\":\"en-GB\",\"potentialAction\":[{\"@type\":\"ReadAction\",\"target\":[\"https:\\\/\\\/www.ledizioni.it\\\/prodotto\\\/tintas-iii-serie-n-6-2016\\\/\"]}]},{\"@type\":\"ImageObject\",\"inLanguage\":\"en-GB\",\"@id\":\"https:\\\/\\\/www.ledizioni.it\\\/prodotto\\\/tintas-iii-serie-n-6-2016\\\/#primaryimage\",\"url\":\"https:\\\/\\\/www.ledizioni.it\\\/stag\\\/wp-content\\\/uploads\\\/2016\\\/12\\\/Cover_3D-2.jpg\",\"contentUrl\":\"https:\\\/\\\/www.ledizioni.it\\\/stag\\\/wp-content\\\/uploads\\\/2016\\\/12\\\/Cover_3D-2.jpg\",\"width\":1469,\"height\":1944},{\"@type\":\"BreadcrumbList\",\"@id\":\"https:\\\/\\\/www.ledizioni.it\\\/prodotto\\\/tintas-iii-serie-n-6-2016\\\/#breadcrumb\",\"itemListElement\":[{\"@type\":\"ListItem\",\"position\":1,\"name\":\"Shop\",\"item\":\"https:\\\/\\\/www.ledizioni.it\\\/shop-2\\\/\"},{\"@type\":\"ListItem\",\"position\":2,\"name\":\"TINTAS &#8211; III serie, n. 6, 2016\"}]},{\"@type\":\"WebSite\",\"@id\":\"https:\\\/\\\/www.ledizioni.it\\\/#website\",\"url\":\"https:\\\/\\\/www.ledizioni.it\\\/\",\"name\":\"Ledizioni\",\"description\":\"The Innovative LediPublishing Company - Casa Editrice Universitaria\",\"publisher\":{\"@id\":\"https:\\\/\\\/www.ledizioni.it\\\/#organization\"},\"potentialAction\":[{\"@type\":\"SearchAction\",\"target\":{\"@type\":\"EntryPoint\",\"urlTemplate\":\"https:\\\/\\\/www.ledizioni.it\\\/?s={search_term_string}\"},\"query-input\":{\"@type\":\"PropertyValueSpecification\",\"valueRequired\":true,\"valueName\":\"search_term_string\"}}],\"inLanguage\":\"en-GB\"},{\"@type\":\"Organization\",\"@id\":\"https:\\\/\\\/www.ledizioni.it\\\/#organization\",\"name\":\"Ledizioni\",\"url\":\"https:\\\/\\\/www.ledizioni.it\\\/\",\"logo\":{\"@type\":\"ImageObject\",\"inLanguage\":\"en-GB\",\"@id\":\"https:\\\/\\\/www.ledizioni.it\\\/#\\\/schema\\\/logo\\\/image\\\/\",\"url\":\"https:\\\/\\\/www.ledizioni.it\\\/stag\\\/wp-content\\\/uploads\\\/2023\\\/10\\\/newlogoledizioni500x110_2-1.jpg\",\"contentUrl\":\"https:\\\/\\\/www.ledizioni.it\\\/stag\\\/wp-content\\\/uploads\\\/2023\\\/10\\\/newlogoledizioni500x110_2-1.jpg\",\"width\":354,\"height\":87,\"caption\":\"Ledizioni\"},\"image\":{\"@id\":\"https:\\\/\\\/www.ledizioni.it\\\/#\\\/schema\\\/logo\\\/image\\\/\"},\"sameAs\":[\"https:\\\/\\\/www.facebook.com\\\/pages\\\/Ledizioni-LediPublishing\\\/109120559173329\",\"https:\\\/\\\/x.com\\\/ledizioni\"]}]}<\/script>\n<!-- \/ Yoast SEO plugin. -->","yoast_head_json":{"title":"TINTAS - III serie, n. 6, 2016 -","description":"Ledizioni - Innovative Publishing. Casa editrice universitaria. Open Access. eBook, ePub. Creative Commons.","robots":{"index":"index","follow":"follow","max-snippet":"max-snippet:-1","max-image-preview":"max-image-preview:large","max-video-preview":"max-video-preview:-1"},"canonical":"https:\/\/www.ledizioni.it\/en\/product\/tintas-iii-serie-n-6-2016\/","og_locale":"en_GB","og_type":"article","og_title":"TINTAS - III serie, n. 6, 2016 -","og_description":"Ledizioni - Innovative Publishing. Casa editrice universitaria. Open Access. eBook, ePub. Creative Commons.","og_url":"https:\/\/www.ledizioni.it\/en\/product\/tintas-iii-serie-n-6-2016\/","og_site_name":"Ledizioni","article_publisher":"https:\/\/www.facebook.com\/pages\/Ledizioni-LediPublishing\/109120559173329","article_modified_time":"2021-05-28T15:13:58+00:00","og_image":[{"width":1469,"height":1944,"url":"https:\/\/www.ledizioni.it\/stag\/wp-content\/uploads\/2016\/12\/Cover_3D-2.jpg","type":"image\/jpeg"}],"twitter_card":"summary_large_image","twitter_site":"@ledizioni","twitter_misc":{"Estimated reading time":"2 minutes"},"schema":{"@context":"https:\/\/schema.org","@graph":[{"@type":"WebPage","@id":"https:\/\/www.ledizioni.it\/prodotto\/tintas-iii-serie-n-6-2016\/","url":"https:\/\/www.ledizioni.it\/prodotto\/tintas-iii-serie-n-6-2016\/","name":"TINTAS - III serie, n. 6, 2016 -","isPartOf":{"@id":"https:\/\/www.ledizioni.it\/#website"},"primaryImageOfPage":{"@id":"https:\/\/www.ledizioni.it\/prodotto\/tintas-iii-serie-n-6-2016\/#primaryimage"},"image":{"@id":"https:\/\/www.ledizioni.it\/prodotto\/tintas-iii-serie-n-6-2016\/#primaryimage"},"thumbnailUrl":"https:\/\/www.ledizioni.it\/stag\/wp-content\/uploads\/2016\/12\/Cover_3D-2.jpg","datePublished":"2016-12-15T06:41:45+00:00","dateModified":"2021-05-28T15:13:58+00:00","description":"Ledizioni - Innovative Publishing. Casa editrice universitaria. Open Access. eBook, ePub. Creative Commons.","breadcrumb":{"@id":"https:\/\/www.ledizioni.it\/prodotto\/tintas-iii-serie-n-6-2016\/#breadcrumb"},"inLanguage":"en-GB","potentialAction":[{"@type":"ReadAction","target":["https:\/\/www.ledizioni.it\/prodotto\/tintas-iii-serie-n-6-2016\/"]}]},{"@type":"ImageObject","inLanguage":"en-GB","@id":"https:\/\/www.ledizioni.it\/prodotto\/tintas-iii-serie-n-6-2016\/#primaryimage","url":"https:\/\/www.ledizioni.it\/stag\/wp-content\/uploads\/2016\/12\/Cover_3D-2.jpg","contentUrl":"https:\/\/www.ledizioni.it\/stag\/wp-content\/uploads\/2016\/12\/Cover_3D-2.jpg","width":1469,"height":1944},{"@type":"BreadcrumbList","@id":"https:\/\/www.ledizioni.it\/prodotto\/tintas-iii-serie-n-6-2016\/#breadcrumb","itemListElement":[{"@type":"ListItem","position":1,"name":"Shop","item":"https:\/\/www.ledizioni.it\/shop-2\/"},{"@type":"ListItem","position":2,"name":"TINTAS &#8211; III serie, n. 6, 2016"}]},{"@type":"WebSite","@id":"https:\/\/www.ledizioni.it\/#website","url":"https:\/\/www.ledizioni.it\/","name":"Ledizioni","description":"The Innovative LediPublishing Company - Casa Editrice Universitaria","publisher":{"@id":"https:\/\/www.ledizioni.it\/#organization"},"potentialAction":[{"@type":"SearchAction","target":{"@type":"EntryPoint","urlTemplate":"https:\/\/www.ledizioni.it\/?s={search_term_string}"},"query-input":{"@type":"PropertyValueSpecification","valueRequired":true,"valueName":"search_term_string"}}],"inLanguage":"en-GB"},{"@type":"Organization","@id":"https:\/\/www.ledizioni.it\/#organization","name":"Ledizioni","url":"https:\/\/www.ledizioni.it\/","logo":{"@type":"ImageObject","inLanguage":"en-GB","@id":"https:\/\/www.ledizioni.it\/#\/schema\/logo\/image\/","url":"https:\/\/www.ledizioni.it\/stag\/wp-content\/uploads\/2023\/10\/newlogoledizioni500x110_2-1.jpg","contentUrl":"https:\/\/www.ledizioni.it\/stag\/wp-content\/uploads\/2023\/10\/newlogoledizioni500x110_2-1.jpg","width":354,"height":87,"caption":"Ledizioni"},"image":{"@id":"https:\/\/www.ledizioni.it\/#\/schema\/logo\/image\/"},"sameAs":["https:\/\/www.facebook.com\/pages\/Ledizioni-LediPublishing\/109120559173329","https:\/\/x.com\/ledizioni"]}]}},"jetpack_sharing_enabled":true,"_links":{"self":[{"href":"https:\/\/www.ledizioni.it\/en\/wp-json\/wp\/v2\/product\/16364","targetHints":{"allow":["GET"]}}],"collection":[{"href":"https:\/\/www.ledizioni.it\/en\/wp-json\/wp\/v2\/product"}],"about":[{"href":"https:\/\/www.ledizioni.it\/en\/wp-json\/wp\/v2\/types\/product"}],"replies":[{"embeddable":true,"href":"https:\/\/www.ledizioni.it\/en\/wp-json\/wp\/v2\/comments?post=16364"}],"version-history":[{"count":1,"href":"https:\/\/www.ledizioni.it\/en\/wp-json\/wp\/v2\/product\/16364\/revisions"}],"predecessor-version":[{"id":17103,"href":"https:\/\/www.ledizioni.it\/en\/wp-json\/wp\/v2\/product\/16364\/revisions\/17103"}],"wp:featuredmedia":[{"embeddable":true,"href":"https:\/\/www.ledizioni.it\/en\/wp-json\/wp\/v2\/media\/16365"}],"wp:attachment":[{"href":"https:\/\/www.ledizioni.it\/en\/wp-json\/wp\/v2\/media?parent=16364"}],"wp:term":[{"taxonomy":"product_brand","embeddable":true,"href":"https:\/\/www.ledizioni.it\/en\/wp-json\/wp\/v2\/product_brand?post=16364"},{"taxonomy":"product_cat","embeddable":true,"href":"https:\/\/www.ledizioni.it\/en\/wp-json\/wp\/v2\/product_cat?post=16364"},{"taxonomy":"product_tag","embeddable":true,"href":"https:\/\/www.ledizioni.it\/en\/wp-json\/wp\/v2\/product_tag?post=16364"}],"curies":[{"name":"wp","href":"https:\/\/api.w.org\/{rel}","templated":true}]}}