{"id":16384,"date":"2016-12-16T15:10:41","date_gmt":"2016-12-16T15:10:41","guid":{"rendered":"http:\/\/www.ledizioni.it\/prodotto\/antonio-aimi-krzysztof-makowski-emilia-perassi-cura-lambayeque-nuevos-horizontes-de-la-arqueologia-peruana\/"},"modified":"2021-05-28T15:29:01","modified_gmt":"2021-05-28T13:29:01","slug":"antonio-aimi-krzysztof-makowski-emilia-perassi-cura-lambayeque-nuevos-horizontes-de-la-arqueologia-peruana","status":"publish","type":"product","link":"https:\/\/www.ledizioni.it\/en\/product\/antonio-aimi-krzysztof-makowski-emilia-perassi-cura-lambayeque-nuevos-horizontes-de-la-arqueologia-peruana\/","title":{"rendered":"LAMBAYEQUE"},"content":{"rendered":"<p style=\"text-align: justify;\">Este libro recoge los trabajos de investigaci\u00f3n que se realizaron en el marco del Proyecto PROPOMAC, una importante experiencia de cooperaci\u00f3n al desarrollo, financiada por el FIP (Fondo Italo Peruano), y ejecutado por C\u00e1ritas del Per\u00fa, en calidad de Unidad Ejecutora, por el MNS (Museo Nacional de Sic\u00e1n), responsable de los aspectos arqueol\u00f3gicos, y por la UNIMI (Universidad de Mil\u00e1n), en calidad de supervisor cient\u00edfico.<br \/>\nEl proyecto ha promovido de forma novedosa el \u00e1rea del Santuario Hist\u00f3rico del Bosque de P\u00f3mac. Por un lado, se ha impulsado la actividad arqueol\u00f3gica, gracias a nuevas excavaciones en Huaca Lercanlech y a una m\u00e1s general reflexi\u00f3n sobre la cultura Lambayeque. Por otro lado, se ha valorizado el territorio impulsando la promoci\u00f3n de varias actividades, involucrando a los pobladores de la comunidad que vive en el \u00e1rea.<\/p>\n<h3 style=\"text-align: justify;\"><strong><span style=\"color: #000000;\">DATI BIBLIOGRAFICI<\/span><\/strong><\/h3>\n<p style=\"text-align: justify;\">a cura di: Antonio Aimi, Krzysztof Makowski, Emilia Perassi<br \/>\nEditore: Ledizioni<br \/>\nFormato: Brossura<br \/>\nPubblicato in: Dicembre 2016<br \/>\nISBN cartaceo: 9788867055722<br \/>\nPrezzo cartaceo: 40 \u20ac (cartaceo)\/ 0.00 \u20ac (pdf)<\/p>\n<p style=\"text-align: justify;\"><em><strong>\u00a0<\/strong><\/em><\/p>\n<p><a href=\"https:\/\/www.torrossa.com\/it\/resources\/an\/3446991\"><img decoding=\"async\" class=\"aligncenter wp-image-23912\" src=\"https:\/\/www.ledizioni.it\/stag\/wp-content\/uploads\/2019\/07\/torrossa_web-150x80.jpg\" alt=\"\" width=\"200\" height=\"60\" \/><\/a><\/p>","protected":false},"excerpt":{"rendered":"<p>Este libro recoge los trabajos de investigaci\u00f3n que se realizaron en el marco del Proyecto PROPOMAC, una importante experiencia de<\/p>","protected":false},"featured_media":16390,"comment_status":"open","ping_status":"closed","template":"","meta":{"_acf_changed":false},"product_brand":[],"product_cat":[1404,384],"product_tag":[996,995,1499,764,997],"class_list":{"0":"post-16384","1":"product","2":"type-product","3":"status-publish","4":"has-post-thumbnail","6":"product_cat-archeo","7":"product_cat-history","8":"product_tag-caritas","9":"product_tag-investigazione","10":"product_tag-spagnolo","11":"product_tag-open-access-2","12":"product_tag-peru","13":"pa_formato-cartaceo","14":"pa_formato-ebook-in-pdf","15":"pa_lingua-spagnolo","17":"first","18":"instock","19":"shipping-taxable","20":"purchasable","21":"product-type-variable"},"acf":[],"yoast_head":"<!-- This site is optimized with the Yoast SEO plugin v27.3 - https:\/\/yoast.com\/product\/yoast-seo-wordpress\/ -->\n<title>Lambayeque<\/title>\n<meta name=\"description\" content=\"Ledizioni - Innovative Publishing. Casa editrice universitaria. Open Access. eBook, ePub. Creative Commons.\" \/>\n<meta name=\"robots\" content=\"index, follow, max-snippet:-1, max-image-preview:large, max-video-preview:-1\" \/>\n<link rel=\"canonical\" href=\"https:\/\/www.ledizioni.it\/en\/product\/antonio-aimi-krzysztof-makowski-emilia-perassi-cura-lambayeque-nuevos-horizontes-de-la-arqueologia-peruana\/\" \/>\n<meta property=\"og:locale\" content=\"en_GB\" \/>\n<meta property=\"og:type\" content=\"article\" \/>\n<meta property=\"og:title\" content=\"Lambayeque\" \/>\n<meta property=\"og:description\" content=\"Ledizioni - Innovative Publishing. Casa editrice universitaria. Open Access. eBook, ePub. Creative Commons.\" \/>\n<meta property=\"og:url\" content=\"https:\/\/www.ledizioni.it\/en\/product\/antonio-aimi-krzysztof-makowski-emilia-perassi-cura-lambayeque-nuevos-horizontes-de-la-arqueologia-peruana\/\" \/>\n<meta property=\"og:site_name\" content=\"Ledizioni\" \/>\n<meta property=\"article:publisher\" content=\"https:\/\/www.facebook.com\/pages\/Ledizioni-LediPublishing\/109120559173329\" \/>\n<meta property=\"article:modified_time\" content=\"2021-05-28T13:29:01+00:00\" \/>\n<meta property=\"og:image\" content=\"https:\/\/www.ledizioni.it\/stag\/wp-content\/uploads\/2016\/12\/Copertina_Lambayeque3d.jpg\" \/>\n\t<meta property=\"og:image:width\" content=\"1578\" \/>\n\t<meta property=\"og:image:height\" content=\"2136\" \/>\n\t<meta property=\"og:image:type\" content=\"image\/jpeg\" \/>\n<meta name=\"twitter:card\" content=\"summary_large_image\" \/>\n<meta name=\"twitter:site\" content=\"@ledizioni\" \/>\n<meta name=\"twitter:label1\" content=\"Estimated reading time\" \/>\n\t<meta name=\"twitter:data1\" content=\"1 minute\" \/>\n<script type=\"application\/ld+json\" class=\"yoast-schema-graph\">{\"@context\":\"https:\\\/\\\/schema.org\",\"@graph\":[{\"@type\":\"WebPage\",\"@id\":\"https:\\\/\\\/www.ledizioni.it\\\/prodotto\\\/antonio-aimi-krzysztof-makowski-emilia-perassi-cura-lambayeque-nuevos-horizontes-de-la-arqueologia-peruana\\\/\",\"url\":\"https:\\\/\\\/www.ledizioni.it\\\/prodotto\\\/antonio-aimi-krzysztof-makowski-emilia-perassi-cura-lambayeque-nuevos-horizontes-de-la-arqueologia-peruana\\\/\",\"name\":\"Lambayeque\",\"isPartOf\":{\"@id\":\"https:\\\/\\\/www.ledizioni.it\\\/#website\"},\"primaryImageOfPage\":{\"@id\":\"https:\\\/\\\/www.ledizioni.it\\\/prodotto\\\/antonio-aimi-krzysztof-makowski-emilia-perassi-cura-lambayeque-nuevos-horizontes-de-la-arqueologia-peruana\\\/#primaryimage\"},\"image\":{\"@id\":\"https:\\\/\\\/www.ledizioni.it\\\/prodotto\\\/antonio-aimi-krzysztof-makowski-emilia-perassi-cura-lambayeque-nuevos-horizontes-de-la-arqueologia-peruana\\\/#primaryimage\"},\"thumbnailUrl\":\"https:\\\/\\\/www.ledizioni.it\\\/stag\\\/wp-content\\\/uploads\\\/2016\\\/12\\\/Copertina_Lambayeque3d.jpg\",\"datePublished\":\"2016-12-16T15:10:41+00:00\",\"dateModified\":\"2021-05-28T13:29:01+00:00\",\"description\":\"Ledizioni - Innovative Publishing. Casa editrice universitaria. Open Access. eBook, ePub. Creative Commons.\",\"breadcrumb\":{\"@id\":\"https:\\\/\\\/www.ledizioni.it\\\/prodotto\\\/antonio-aimi-krzysztof-makowski-emilia-perassi-cura-lambayeque-nuevos-horizontes-de-la-arqueologia-peruana\\\/#breadcrumb\"},\"inLanguage\":\"en-GB\",\"potentialAction\":[{\"@type\":\"ReadAction\",\"target\":[\"https:\\\/\\\/www.ledizioni.it\\\/prodotto\\\/antonio-aimi-krzysztof-makowski-emilia-perassi-cura-lambayeque-nuevos-horizontes-de-la-arqueologia-peruana\\\/\"]}]},{\"@type\":\"ImageObject\",\"inLanguage\":\"en-GB\",\"@id\":\"https:\\\/\\\/www.ledizioni.it\\\/prodotto\\\/antonio-aimi-krzysztof-makowski-emilia-perassi-cura-lambayeque-nuevos-horizontes-de-la-arqueologia-peruana\\\/#primaryimage\",\"url\":\"https:\\\/\\\/www.ledizioni.it\\\/stag\\\/wp-content\\\/uploads\\\/2016\\\/12\\\/Copertina_Lambayeque3d.jpg\",\"contentUrl\":\"https:\\\/\\\/www.ledizioni.it\\\/stag\\\/wp-content\\\/uploads\\\/2016\\\/12\\\/Copertina_Lambayeque3d.jpg\",\"width\":1578,\"height\":2136},{\"@type\":\"BreadcrumbList\",\"@id\":\"https:\\\/\\\/www.ledizioni.it\\\/prodotto\\\/antonio-aimi-krzysztof-makowski-emilia-perassi-cura-lambayeque-nuevos-horizontes-de-la-arqueologia-peruana\\\/#breadcrumb\",\"itemListElement\":[{\"@type\":\"ListItem\",\"position\":1,\"name\":\"Shop\",\"item\":\"https:\\\/\\\/www.ledizioni.it\\\/shop-2\\\/\"},{\"@type\":\"ListItem\",\"position\":2,\"name\":\"LAMBAYEQUE\"}]},{\"@type\":\"WebSite\",\"@id\":\"https:\\\/\\\/www.ledizioni.it\\\/#website\",\"url\":\"https:\\\/\\\/www.ledizioni.it\\\/\",\"name\":\"Ledizioni\",\"description\":\"The Innovative LediPublishing Company - Casa Editrice Universitaria\",\"publisher\":{\"@id\":\"https:\\\/\\\/www.ledizioni.it\\\/#organization\"},\"potentialAction\":[{\"@type\":\"SearchAction\",\"target\":{\"@type\":\"EntryPoint\",\"urlTemplate\":\"https:\\\/\\\/www.ledizioni.it\\\/?s={search_term_string}\"},\"query-input\":{\"@type\":\"PropertyValueSpecification\",\"valueRequired\":true,\"valueName\":\"search_term_string\"}}],\"inLanguage\":\"en-GB\"},{\"@type\":\"Organization\",\"@id\":\"https:\\\/\\\/www.ledizioni.it\\\/#organization\",\"name\":\"Ledizioni\",\"url\":\"https:\\\/\\\/www.ledizioni.it\\\/\",\"logo\":{\"@type\":\"ImageObject\",\"inLanguage\":\"en-GB\",\"@id\":\"https:\\\/\\\/www.ledizioni.it\\\/#\\\/schema\\\/logo\\\/image\\\/\",\"url\":\"https:\\\/\\\/www.ledizioni.it\\\/stag\\\/wp-content\\\/uploads\\\/2023\\\/10\\\/newlogoledizioni500x110_2-1.jpg\",\"contentUrl\":\"https:\\\/\\\/www.ledizioni.it\\\/stag\\\/wp-content\\\/uploads\\\/2023\\\/10\\\/newlogoledizioni500x110_2-1.jpg\",\"width\":354,\"height\":87,\"caption\":\"Ledizioni\"},\"image\":{\"@id\":\"https:\\\/\\\/www.ledizioni.it\\\/#\\\/schema\\\/logo\\\/image\\\/\"},\"sameAs\":[\"https:\\\/\\\/www.facebook.com\\\/pages\\\/Ledizioni-LediPublishing\\\/109120559173329\",\"https:\\\/\\\/x.com\\\/ledizioni\"]}]}<\/script>\n<!-- \/ Yoast SEO plugin. -->","yoast_head_json":{"title":"Lambayeque","description":"Ledizioni - Innovative Publishing. Casa editrice universitaria. Open Access. eBook, ePub. Creative Commons.","robots":{"index":"index","follow":"follow","max-snippet":"max-snippet:-1","max-image-preview":"max-image-preview:large","max-video-preview":"max-video-preview:-1"},"canonical":"https:\/\/www.ledizioni.it\/en\/product\/antonio-aimi-krzysztof-makowski-emilia-perassi-cura-lambayeque-nuevos-horizontes-de-la-arqueologia-peruana\/","og_locale":"en_GB","og_type":"article","og_title":"Lambayeque","og_description":"Ledizioni - Innovative Publishing. Casa editrice universitaria. Open Access. eBook, ePub. Creative Commons.","og_url":"https:\/\/www.ledizioni.it\/en\/product\/antonio-aimi-krzysztof-makowski-emilia-perassi-cura-lambayeque-nuevos-horizontes-de-la-arqueologia-peruana\/","og_site_name":"Ledizioni","article_publisher":"https:\/\/www.facebook.com\/pages\/Ledizioni-LediPublishing\/109120559173329","article_modified_time":"2021-05-28T13:29:01+00:00","og_image":[{"width":1578,"height":2136,"url":"https:\/\/www.ledizioni.it\/stag\/wp-content\/uploads\/2016\/12\/Copertina_Lambayeque3d.jpg","type":"image\/jpeg"}],"twitter_card":"summary_large_image","twitter_site":"@ledizioni","twitter_misc":{"Estimated reading time":"1 minute"},"schema":{"@context":"https:\/\/schema.org","@graph":[{"@type":"WebPage","@id":"https:\/\/www.ledizioni.it\/prodotto\/antonio-aimi-krzysztof-makowski-emilia-perassi-cura-lambayeque-nuevos-horizontes-de-la-arqueologia-peruana\/","url":"https:\/\/www.ledizioni.it\/prodotto\/antonio-aimi-krzysztof-makowski-emilia-perassi-cura-lambayeque-nuevos-horizontes-de-la-arqueologia-peruana\/","name":"Lambayeque","isPartOf":{"@id":"https:\/\/www.ledizioni.it\/#website"},"primaryImageOfPage":{"@id":"https:\/\/www.ledizioni.it\/prodotto\/antonio-aimi-krzysztof-makowski-emilia-perassi-cura-lambayeque-nuevos-horizontes-de-la-arqueologia-peruana\/#primaryimage"},"image":{"@id":"https:\/\/www.ledizioni.it\/prodotto\/antonio-aimi-krzysztof-makowski-emilia-perassi-cura-lambayeque-nuevos-horizontes-de-la-arqueologia-peruana\/#primaryimage"},"thumbnailUrl":"https:\/\/www.ledizioni.it\/stag\/wp-content\/uploads\/2016\/12\/Copertina_Lambayeque3d.jpg","datePublished":"2016-12-16T15:10:41+00:00","dateModified":"2021-05-28T13:29:01+00:00","description":"Ledizioni - Innovative Publishing. Casa editrice universitaria. Open Access. eBook, ePub. Creative Commons.","breadcrumb":{"@id":"https:\/\/www.ledizioni.it\/prodotto\/antonio-aimi-krzysztof-makowski-emilia-perassi-cura-lambayeque-nuevos-horizontes-de-la-arqueologia-peruana\/#breadcrumb"},"inLanguage":"en-GB","potentialAction":[{"@type":"ReadAction","target":["https:\/\/www.ledizioni.it\/prodotto\/antonio-aimi-krzysztof-makowski-emilia-perassi-cura-lambayeque-nuevos-horizontes-de-la-arqueologia-peruana\/"]}]},{"@type":"ImageObject","inLanguage":"en-GB","@id":"https:\/\/www.ledizioni.it\/prodotto\/antonio-aimi-krzysztof-makowski-emilia-perassi-cura-lambayeque-nuevos-horizontes-de-la-arqueologia-peruana\/#primaryimage","url":"https:\/\/www.ledizioni.it\/stag\/wp-content\/uploads\/2016\/12\/Copertina_Lambayeque3d.jpg","contentUrl":"https:\/\/www.ledizioni.it\/stag\/wp-content\/uploads\/2016\/12\/Copertina_Lambayeque3d.jpg","width":1578,"height":2136},{"@type":"BreadcrumbList","@id":"https:\/\/www.ledizioni.it\/prodotto\/antonio-aimi-krzysztof-makowski-emilia-perassi-cura-lambayeque-nuevos-horizontes-de-la-arqueologia-peruana\/#breadcrumb","itemListElement":[{"@type":"ListItem","position":1,"name":"Shop","item":"https:\/\/www.ledizioni.it\/shop-2\/"},{"@type":"ListItem","position":2,"name":"LAMBAYEQUE"}]},{"@type":"WebSite","@id":"https:\/\/www.ledizioni.it\/#website","url":"https:\/\/www.ledizioni.it\/","name":"Ledizioni","description":"The Innovative LediPublishing Company - Casa Editrice Universitaria","publisher":{"@id":"https:\/\/www.ledizioni.it\/#organization"},"potentialAction":[{"@type":"SearchAction","target":{"@type":"EntryPoint","urlTemplate":"https:\/\/www.ledizioni.it\/?s={search_term_string}"},"query-input":{"@type":"PropertyValueSpecification","valueRequired":true,"valueName":"search_term_string"}}],"inLanguage":"en-GB"},{"@type":"Organization","@id":"https:\/\/www.ledizioni.it\/#organization","name":"Ledizioni","url":"https:\/\/www.ledizioni.it\/","logo":{"@type":"ImageObject","inLanguage":"en-GB","@id":"https:\/\/www.ledizioni.it\/#\/schema\/logo\/image\/","url":"https:\/\/www.ledizioni.it\/stag\/wp-content\/uploads\/2023\/10\/newlogoledizioni500x110_2-1.jpg","contentUrl":"https:\/\/www.ledizioni.it\/stag\/wp-content\/uploads\/2023\/10\/newlogoledizioni500x110_2-1.jpg","width":354,"height":87,"caption":"Ledizioni"},"image":{"@id":"https:\/\/www.ledizioni.it\/#\/schema\/logo\/image\/"},"sameAs":["https:\/\/www.facebook.com\/pages\/Ledizioni-LediPublishing\/109120559173329","https:\/\/x.com\/ledizioni"]}]}},"jetpack_sharing_enabled":true,"_links":{"self":[{"href":"https:\/\/www.ledizioni.it\/en\/wp-json\/wp\/v2\/product\/16384","targetHints":{"allow":["GET"]}}],"collection":[{"href":"https:\/\/www.ledizioni.it\/en\/wp-json\/wp\/v2\/product"}],"about":[{"href":"https:\/\/www.ledizioni.it\/en\/wp-json\/wp\/v2\/types\/product"}],"replies":[{"embeddable":true,"href":"https:\/\/www.ledizioni.it\/en\/wp-json\/wp\/v2\/comments?post=16384"}],"version-history":[{"count":1,"href":"https:\/\/www.ledizioni.it\/en\/wp-json\/wp\/v2\/product\/16384\/revisions"}],"predecessor-version":[{"id":16389,"href":"https:\/\/www.ledizioni.it\/en\/wp-json\/wp\/v2\/product\/16384\/revisions\/16389"}],"wp:featuredmedia":[{"embeddable":true,"href":"https:\/\/www.ledizioni.it\/en\/wp-json\/wp\/v2\/media\/16390"}],"wp:attachment":[{"href":"https:\/\/www.ledizioni.it\/en\/wp-json\/wp\/v2\/media?parent=16384"}],"wp:term":[{"taxonomy":"product_brand","embeddable":true,"href":"https:\/\/www.ledizioni.it\/en\/wp-json\/wp\/v2\/product_brand?post=16384"},{"taxonomy":"product_cat","embeddable":true,"href":"https:\/\/www.ledizioni.it\/en\/wp-json\/wp\/v2\/product_cat?post=16384"},{"taxonomy":"product_tag","embeddable":true,"href":"https:\/\/www.ledizioni.it\/en\/wp-json\/wp\/v2\/product_tag?post=16384"}],"curies":[{"name":"wp","href":"https:\/\/api.w.org\/{rel}","templated":true}]}}