{"id":16619,"date":"2017-01-11T09:05:10","date_gmt":"2017-01-11T09:05:10","guid":{"rendered":"http:\/\/www.ledizioni.it\/prodotto\/cuadernos-aispi-n-82016-migraciones-hispanicas\/"},"modified":"2022-07-14T12:10:39","modified_gmt":"2022-07-14T10:10:39","slug":"cuadernos-aispi-n-82016-migraciones-hispanicas","status":"publish","type":"product","link":"https:\/\/www.ledizioni.it\/en\/product\/cuadernos-aispi-n-82016-migraciones-hispanicas\/","title":{"rendered":"Cuadernos AISPI  n. 8\/2016, MIGRACIONES HISP\u00c1NICAS: DISCURSO, SOCIEDAD Y COGNICI\u00d3N"},"content":{"rendered":"<h3><strong>Cuadernos AISPI: Revista semestral de la Associazione Ispanisti Italiani<br \/>\n<\/strong><\/h3>\n<h3><strong>8\/2016. Migraciones hisp\u00e1nicas: discurso, sociedad y cognici\u00f3n<\/strong><\/h3>\n<p>&nbsp;<\/p>\n<p><strong>Editores<\/strong><br \/>\nRoc\u00edo Caravedo<br \/>\nFrancisco Moreno Fern\u00e1ndez<\/p>\n<p><strong>Introducci\u00f3n<br \/>\nSECCI\u00d3N MONOGR\u00c1FICA<br \/>\n<\/strong>&#8211; Ana Mar\u00eda Gonz\u00e1lez Luna, Laura Lisi, Ana Sagi-Vela,<em> El contacto ling\u00fc\u00edstico entre el espa\u00f1ol y el italiano en la comunicaci\u00f3n digital<br \/>\n<\/em>&#8211; Milin Bonomi,<em> Percepci\u00f3n, ideolog\u00edas ling\u00fc\u00edsticas y pr\u00e1cticas biling\u00fces en las familias hisp\u00e1nicas en Mil\u00e1n<br \/>\n<\/em>&#8211; Rosana Ariolfo, Paola Viterbori,<em> Biling\u00fcismo e inmigraci\u00f3n: actitudes ling\u00fc\u00edsticas y dificultades de aprendizaje en alumnos biling\u00fces hispanohablantes hijos de inmigrantes<br \/>\n<\/em>&#8211; Kar\u00edn Chirinos Bravo,<em> Migraci\u00f3n hispanoamericana y discursos poscoloniales en Italia<br \/>\n<\/em>&#8211; Luis Guerra Salas,<em> La representaci\u00f3n de los movimientos migratorios en la prensa de los pa\u00edses hispanohablantes (2013-2015)<br \/>\n<\/em>&#8211; Mar\u00eda Sancho Pascual,<em> Ecuatorianos de segunda generaci\u00f3n en Madrid: percepci\u00f3n y actitudes ling\u00fc\u00edsticas en su proceso de integraci\u00f3n<br \/>\n<\/em>&#8211; Pedro Mart\u00edn Butrague\u00f1o,<em> Inmigraci\u00f3n y reconstrucci\u00f3n de la identidad ling\u00fc\u00edstica: el caso de Ecatepec<br \/>\n<\/em>&#8211; Marelys Valencia, Andrew Lynch,<em> Migraciones medi\u00e1ticas: la translocaci\u00f3n del espa\u00f1ol en televisoras hispanas de Estados Unidos<br \/>\n<\/em>&#8211; Ana Pano Alam\u00e1n,<em> Actitudes ling\u00fc\u00edsticas sobre el espa\u00f1ol en Estados Unidos en comentarios a v\u00eddeos de YouTube<br \/>\n<\/em>&#8211; Bel\u00e9n Villarreal,<em> El habla y las actitudes de los hispanohablantes de Los \u00c1ngeles: s\u00edntesis y ampliaci\u00f3n del trabajo de Claudia Parodi<br \/>\n<\/em><strong>SECCI\u00d3N GENERAL<\/strong><em><br \/>\n<\/em>&#8211; Silvia Murillo,<em> Sobre la reformulaci\u00f3n y sus marcadores<br \/>\n<\/em><strong>RESE\u00d1AS<\/strong><em><br \/>\n<\/em>&#8211; Nuria Amat,<em> Il ladro di libri e altre bibliomanie, <\/em>traduzione di Nuria P\u00e9rez Vicente ed Eleonora Luzi (Elena Carpi)<em><br \/>\n<\/em>&#8211; Angela Ferrari, Margarita Borreguero Zuloaga,<em> La interfaz lengua-texto. Un modelo de estructura informativa <\/em>(Elena Landone)<em><br \/>\n<\/em><\/p>\n<p>&nbsp;<\/p>\n<h3><strong>DATI BIBLIOGRAFICI<\/strong><\/h3>\n<p>Curatori: Roc\u00edo Caravedo, Francisco Moreno Fern\u00e1ndez<br \/>\nEditore: Ledizioni<br \/>\nCollana: <a href=\"http:\/\/www.ledizioni.it\/en\/collane\/letteratura\/cuadernos-aispi\/\" target=\"_blank\">Cuadernos AISPI<\/a><br \/>\nFormato: Brossura<br \/>\nPubblicato in: 2016<br \/>\nISSN cartaceo: 2283981X<br \/>\nPrezzo cartaceo: 25.00 \u20ac<\/p>","protected":false},"excerpt":{"rendered":"<p>Cuaderno AISPI n.8\/2016<\/p>","protected":false},"featured_media":16620,"comment_status":"open","ping_status":"closed","template":"","meta":{"_acf_changed":false},"product_brand":[],"product_cat":[767],"product_tag":[768,822],"class_list":{"0":"post-16619","1":"product","2":"type-product","3":"status-publish","4":"has-post-thumbnail","6":"product_cat-cuadernos-aispi","7":"product_tag-ispanisti","8":"product_tag-migrazioni","9":"pa_formato-cartaceo","10":"pa_lingua-spagnolo","12":"first","13":"instock","14":"featured","15":"shipping-taxable","16":"purchasable","17":"product-type-simple"},"acf":[],"yoast_head":"<!-- This site is optimized with the Yoast SEO plugin v27.3 - https:\/\/yoast.com\/product\/yoast-seo-wordpress\/ -->\n<title>Cuadernos AISPI n. 8\/2016, MIGRACIONES HISP\u00c1NICAS: DISCURSO, SOCIEDAD Y COGNICI\u00d3N -<\/title>\n<meta name=\"description\" content=\"Cuaderno AISPI n.8\/2016. Editores: Roc\u00edo Caravedo, Francisco Moreno Fern\u00e1ndez\" \/>\n<meta name=\"robots\" content=\"index, follow, max-snippet:-1, max-image-preview:large, max-video-preview:-1\" \/>\n<link rel=\"canonical\" href=\"https:\/\/www.ledizioni.it\/en\/product\/cuadernos-aispi-n-82016-migraciones-hispanicas\/\" \/>\n<meta property=\"og:locale\" content=\"en_GB\" \/>\n<meta property=\"og:type\" content=\"article\" \/>\n<meta property=\"og:title\" content=\"Cuadernos AISPI n. 8\/2016, MIGRACIONES HISP\u00c1NICAS: DISCURSO, SOCIEDAD Y COGNICI\u00d3N -\" \/>\n<meta property=\"og:description\" content=\"Cuaderno AISPI n.8\/2016. Editores: Roc\u00edo Caravedo, Francisco Moreno Fern\u00e1ndez\" \/>\n<meta property=\"og:url\" content=\"https:\/\/www.ledizioni.it\/en\/product\/cuadernos-aispi-n-82016-migraciones-hispanicas\/\" \/>\n<meta property=\"og:site_name\" content=\"Ledizioni\" \/>\n<meta property=\"article:publisher\" content=\"https:\/\/www.facebook.com\/pages\/Ledizioni-LediPublishing\/109120559173329\" \/>\n<meta property=\"article:modified_time\" content=\"2022-07-14T10:10:39+00:00\" \/>\n<meta property=\"og:image\" content=\"https:\/\/www.ledizioni.it\/stag\/wp-content\/uploads\/2017\/01\/Cover_3D-4.jpg\" \/>\n\t<meta property=\"og:image:width\" content=\"1516\" \/>\n\t<meta property=\"og:image:height\" content=\"1950\" \/>\n\t<meta property=\"og:image:type\" content=\"image\/jpeg\" \/>\n<meta name=\"twitter:card\" content=\"summary_large_image\" \/>\n<meta name=\"twitter:site\" content=\"@ledizioni\" \/>\n<meta name=\"twitter:label1\" content=\"Estimated reading time\" \/>\n\t<meta name=\"twitter:data1\" content=\"2 minutes\" \/>\n<script type=\"application\/ld+json\" class=\"yoast-schema-graph\">{\"@context\":\"https:\\\/\\\/schema.org\",\"@graph\":[{\"@type\":\"WebPage\",\"@id\":\"https:\\\/\\\/www.ledizioni.it\\\/en\\\/product\\\/cuadernos-aispi-n-82016-migraciones-hispanicas\\\/\",\"url\":\"https:\\\/\\\/www.ledizioni.it\\\/en\\\/product\\\/cuadernos-aispi-n-82016-migraciones-hispanicas\\\/\",\"name\":\"Cuadernos AISPI n. 8\\\/2016, MIGRACIONES HISP\u00c1NICAS: DISCURSO, SOCIEDAD Y COGNICI\u00d3N -\",\"isPartOf\":{\"@id\":\"https:\\\/\\\/www.ledizioni.it\\\/#website\"},\"primaryImageOfPage\":{\"@id\":\"https:\\\/\\\/www.ledizioni.it\\\/en\\\/product\\\/cuadernos-aispi-n-82016-migraciones-hispanicas\\\/#primaryimage\"},\"image\":{\"@id\":\"https:\\\/\\\/www.ledizioni.it\\\/en\\\/product\\\/cuadernos-aispi-n-82016-migraciones-hispanicas\\\/#primaryimage\"},\"thumbnailUrl\":\"https:\\\/\\\/www.ledizioni.it\\\/stag\\\/wp-content\\\/uploads\\\/2017\\\/01\\\/Cover_3D-4.jpg\",\"datePublished\":\"2017-01-11T09:05:10+00:00\",\"dateModified\":\"2022-07-14T10:10:39+00:00\",\"description\":\"Cuaderno AISPI n.8\\\/2016. Editores: Roc\u00edo Caravedo, Francisco Moreno Fern\u00e1ndez\",\"breadcrumb\":{\"@id\":\"https:\\\/\\\/www.ledizioni.it\\\/en\\\/product\\\/cuadernos-aispi-n-82016-migraciones-hispanicas\\\/#breadcrumb\"},\"inLanguage\":\"en-GB\",\"potentialAction\":[{\"@type\":\"ReadAction\",\"target\":[\"https:\\\/\\\/www.ledizioni.it\\\/en\\\/product\\\/cuadernos-aispi-n-82016-migraciones-hispanicas\\\/\"]}]},{\"@type\":\"ImageObject\",\"inLanguage\":\"en-GB\",\"@id\":\"https:\\\/\\\/www.ledizioni.it\\\/en\\\/product\\\/cuadernos-aispi-n-82016-migraciones-hispanicas\\\/#primaryimage\",\"url\":\"https:\\\/\\\/www.ledizioni.it\\\/stag\\\/wp-content\\\/uploads\\\/2017\\\/01\\\/Cover_3D-4.jpg\",\"contentUrl\":\"https:\\\/\\\/www.ledizioni.it\\\/stag\\\/wp-content\\\/uploads\\\/2017\\\/01\\\/Cover_3D-4.jpg\",\"width\":1516,\"height\":1950},{\"@type\":\"BreadcrumbList\",\"@id\":\"https:\\\/\\\/www.ledizioni.it\\\/en\\\/product\\\/cuadernos-aispi-n-82016-migraciones-hispanicas\\\/#breadcrumb\",\"itemListElement\":[{\"@type\":\"ListItem\",\"position\":1,\"name\":\"Shop\",\"item\":\"https:\\\/\\\/www.ledizioni.it\\\/shop-2\\\/\"},{\"@type\":\"ListItem\",\"position\":2,\"name\":\"Cuadernos AISPI n. 8\\\/2016, MIGRACIONES HISP\u00c1NICAS: DISCURSO, SOCIEDAD Y COGNICI\u00d3N\"}]},{\"@type\":\"WebSite\",\"@id\":\"https:\\\/\\\/www.ledizioni.it\\\/#website\",\"url\":\"https:\\\/\\\/www.ledizioni.it\\\/\",\"name\":\"Ledizioni\",\"description\":\"The Innovative LediPublishing Company - Casa Editrice Universitaria\",\"publisher\":{\"@id\":\"https:\\\/\\\/www.ledizioni.it\\\/#organization\"},\"potentialAction\":[{\"@type\":\"SearchAction\",\"target\":{\"@type\":\"EntryPoint\",\"urlTemplate\":\"https:\\\/\\\/www.ledizioni.it\\\/?s={search_term_string}\"},\"query-input\":{\"@type\":\"PropertyValueSpecification\",\"valueRequired\":true,\"valueName\":\"search_term_string\"}}],\"inLanguage\":\"en-GB\"},{\"@type\":\"Organization\",\"@id\":\"https:\\\/\\\/www.ledizioni.it\\\/#organization\",\"name\":\"Ledizioni\",\"url\":\"https:\\\/\\\/www.ledizioni.it\\\/\",\"logo\":{\"@type\":\"ImageObject\",\"inLanguage\":\"en-GB\",\"@id\":\"https:\\\/\\\/www.ledizioni.it\\\/#\\\/schema\\\/logo\\\/image\\\/\",\"url\":\"https:\\\/\\\/www.ledizioni.it\\\/stag\\\/wp-content\\\/uploads\\\/2023\\\/10\\\/newlogoledizioni500x110_2-1.jpg\",\"contentUrl\":\"https:\\\/\\\/www.ledizioni.it\\\/stag\\\/wp-content\\\/uploads\\\/2023\\\/10\\\/newlogoledizioni500x110_2-1.jpg\",\"width\":354,\"height\":87,\"caption\":\"Ledizioni\"},\"image\":{\"@id\":\"https:\\\/\\\/www.ledizioni.it\\\/#\\\/schema\\\/logo\\\/image\\\/\"},\"sameAs\":[\"https:\\\/\\\/www.facebook.com\\\/pages\\\/Ledizioni-LediPublishing\\\/109120559173329\",\"https:\\\/\\\/x.com\\\/ledizioni\"]}]}<\/script>\n<!-- \/ Yoast SEO plugin. -->","yoast_head_json":{"title":"Cuadernos AISPI n. 8\/2016, MIGRACIONES HISP\u00c1NICAS: DISCURSO, SOCIEDAD Y COGNICI\u00d3N -","description":"Cuaderno AISPI n.8\/2016. Editores: Roc\u00edo Caravedo, Francisco Moreno Fern\u00e1ndez","robots":{"index":"index","follow":"follow","max-snippet":"max-snippet:-1","max-image-preview":"max-image-preview:large","max-video-preview":"max-video-preview:-1"},"canonical":"https:\/\/www.ledizioni.it\/en\/product\/cuadernos-aispi-n-82016-migraciones-hispanicas\/","og_locale":"en_GB","og_type":"article","og_title":"Cuadernos AISPI n. 8\/2016, MIGRACIONES HISP\u00c1NICAS: DISCURSO, SOCIEDAD Y COGNICI\u00d3N -","og_description":"Cuaderno AISPI n.8\/2016. Editores: Roc\u00edo Caravedo, Francisco Moreno Fern\u00e1ndez","og_url":"https:\/\/www.ledizioni.it\/en\/product\/cuadernos-aispi-n-82016-migraciones-hispanicas\/","og_site_name":"Ledizioni","article_publisher":"https:\/\/www.facebook.com\/pages\/Ledizioni-LediPublishing\/109120559173329","article_modified_time":"2022-07-14T10:10:39+00:00","og_image":[{"width":1516,"height":1950,"url":"https:\/\/www.ledizioni.it\/stag\/wp-content\/uploads\/2017\/01\/Cover_3D-4.jpg","type":"image\/jpeg"}],"twitter_card":"summary_large_image","twitter_site":"@ledizioni","twitter_misc":{"Estimated reading time":"2 minutes"},"schema":{"@context":"https:\/\/schema.org","@graph":[{"@type":"WebPage","@id":"https:\/\/www.ledizioni.it\/en\/product\/cuadernos-aispi-n-82016-migraciones-hispanicas\/","url":"https:\/\/www.ledizioni.it\/en\/product\/cuadernos-aispi-n-82016-migraciones-hispanicas\/","name":"Cuadernos AISPI n. 8\/2016, MIGRACIONES HISP\u00c1NICAS: DISCURSO, SOCIEDAD Y COGNICI\u00d3N -","isPartOf":{"@id":"https:\/\/www.ledizioni.it\/#website"},"primaryImageOfPage":{"@id":"https:\/\/www.ledizioni.it\/en\/product\/cuadernos-aispi-n-82016-migraciones-hispanicas\/#primaryimage"},"image":{"@id":"https:\/\/www.ledizioni.it\/en\/product\/cuadernos-aispi-n-82016-migraciones-hispanicas\/#primaryimage"},"thumbnailUrl":"https:\/\/www.ledizioni.it\/stag\/wp-content\/uploads\/2017\/01\/Cover_3D-4.jpg","datePublished":"2017-01-11T09:05:10+00:00","dateModified":"2022-07-14T10:10:39+00:00","description":"Cuaderno AISPI n.8\/2016. Editores: Roc\u00edo Caravedo, Francisco Moreno Fern\u00e1ndez","breadcrumb":{"@id":"https:\/\/www.ledizioni.it\/en\/product\/cuadernos-aispi-n-82016-migraciones-hispanicas\/#breadcrumb"},"inLanguage":"en-GB","potentialAction":[{"@type":"ReadAction","target":["https:\/\/www.ledizioni.it\/en\/product\/cuadernos-aispi-n-82016-migraciones-hispanicas\/"]}]},{"@type":"ImageObject","inLanguage":"en-GB","@id":"https:\/\/www.ledizioni.it\/en\/product\/cuadernos-aispi-n-82016-migraciones-hispanicas\/#primaryimage","url":"https:\/\/www.ledizioni.it\/stag\/wp-content\/uploads\/2017\/01\/Cover_3D-4.jpg","contentUrl":"https:\/\/www.ledizioni.it\/stag\/wp-content\/uploads\/2017\/01\/Cover_3D-4.jpg","width":1516,"height":1950},{"@type":"BreadcrumbList","@id":"https:\/\/www.ledizioni.it\/en\/product\/cuadernos-aispi-n-82016-migraciones-hispanicas\/#breadcrumb","itemListElement":[{"@type":"ListItem","position":1,"name":"Shop","item":"https:\/\/www.ledizioni.it\/shop-2\/"},{"@type":"ListItem","position":2,"name":"Cuadernos AISPI n. 8\/2016, MIGRACIONES HISP\u00c1NICAS: DISCURSO, SOCIEDAD Y COGNICI\u00d3N"}]},{"@type":"WebSite","@id":"https:\/\/www.ledizioni.it\/#website","url":"https:\/\/www.ledizioni.it\/","name":"Ledizioni","description":"The Innovative LediPublishing Company - Casa Editrice Universitaria","publisher":{"@id":"https:\/\/www.ledizioni.it\/#organization"},"potentialAction":[{"@type":"SearchAction","target":{"@type":"EntryPoint","urlTemplate":"https:\/\/www.ledizioni.it\/?s={search_term_string}"},"query-input":{"@type":"PropertyValueSpecification","valueRequired":true,"valueName":"search_term_string"}}],"inLanguage":"en-GB"},{"@type":"Organization","@id":"https:\/\/www.ledizioni.it\/#organization","name":"Ledizioni","url":"https:\/\/www.ledizioni.it\/","logo":{"@type":"ImageObject","inLanguage":"en-GB","@id":"https:\/\/www.ledizioni.it\/#\/schema\/logo\/image\/","url":"https:\/\/www.ledizioni.it\/stag\/wp-content\/uploads\/2023\/10\/newlogoledizioni500x110_2-1.jpg","contentUrl":"https:\/\/www.ledizioni.it\/stag\/wp-content\/uploads\/2023\/10\/newlogoledizioni500x110_2-1.jpg","width":354,"height":87,"caption":"Ledizioni"},"image":{"@id":"https:\/\/www.ledizioni.it\/#\/schema\/logo\/image\/"},"sameAs":["https:\/\/www.facebook.com\/pages\/Ledizioni-LediPublishing\/109120559173329","https:\/\/x.com\/ledizioni"]}]}},"jetpack_sharing_enabled":true,"_links":{"self":[{"href":"https:\/\/www.ledizioni.it\/en\/wp-json\/wp\/v2\/product\/16619","targetHints":{"allow":["GET"]}}],"collection":[{"href":"https:\/\/www.ledizioni.it\/en\/wp-json\/wp\/v2\/product"}],"about":[{"href":"https:\/\/www.ledizioni.it\/en\/wp-json\/wp\/v2\/types\/product"}],"replies":[{"embeddable":true,"href":"https:\/\/www.ledizioni.it\/en\/wp-json\/wp\/v2\/comments?post=16619"}],"version-history":[{"count":1,"href":"https:\/\/www.ledizioni.it\/en\/wp-json\/wp\/v2\/product\/16619\/revisions"}],"predecessor-version":[{"id":16621,"href":"https:\/\/www.ledizioni.it\/en\/wp-json\/wp\/v2\/product\/16619\/revisions\/16621"}],"wp:featuredmedia":[{"embeddable":true,"href":"https:\/\/www.ledizioni.it\/en\/wp-json\/wp\/v2\/media\/16620"}],"wp:attachment":[{"href":"https:\/\/www.ledizioni.it\/en\/wp-json\/wp\/v2\/media?parent=16619"}],"wp:term":[{"taxonomy":"product_brand","embeddable":true,"href":"https:\/\/www.ledizioni.it\/en\/wp-json\/wp\/v2\/product_brand?post=16619"},{"taxonomy":"product_cat","embeddable":true,"href":"https:\/\/www.ledizioni.it\/en\/wp-json\/wp\/v2\/product_cat?post=16619"},{"taxonomy":"product_tag","embeddable":true,"href":"https:\/\/www.ledizioni.it\/en\/wp-json\/wp\/v2\/product_tag?post=16619"}],"curies":[{"name":"wp","href":"https:\/\/api.w.org\/{rel}","templated":true}]}}