{"id":16719,"date":"2017-01-26T10:46:19","date_gmt":"2017-01-26T08:46:19","guid":{"rendered":"http:\/\/www.ledizioni.it\/prodotto\/africana-rivista-di-studi-extraeuropei-2016\/"},"modified":"2022-06-08T18:24:29","modified_gmt":"2022-06-08T16:24:29","slug":"africana-rivista-di-studi-extraeuropei-2016","status":"publish","type":"product","link":"https:\/\/www.ledizioni.it\/en\/product\/africana-rivista-di-studi-extraeuropei-2016\/","title":{"rendered":"Africana &#8211; Rivista di studi extraeuropei 2016"},"content":{"rendered":"<p>ISBN: 9788867055562<br \/>\nISSN: 15929639<br \/>\nPrezzo cartaceo: 15,00\u00a0\u20ac<\/p>\n<p style=\"text-align: center;\"><strong>INDICE<\/strong><\/p>\n<ul>\n<li style=\"text-align: justify;\">Flavia Aiello &#8211; <em>Letteratura swahili per adolescenti e istruzione (pubblica) in Tanzania. Una possibile sinergia?<\/em><\/li>\n<li style=\"text-align: justify;\">Giovanni Armillotta &#8211; <em>Evoluzione dei partiti nell\u2019Africa subsahariana. Brevi cenni<\/em><\/li>\n<li style=\"text-align: justify;\">Fabi\u00e1n Benavides, Nidia Catherine Gonz\u00e1lez &#8211; <em>Cambios ambientales, pol\u00edticas energ\u00e9ticas y descentralizaci\u00f3n. El caso de Bolivia<\/em><\/li>\n<li style=\"text-align: justify;\">Cinzia Buccianti, Valentina Fusari &#8211; <em>Dinamiche discendenti. Diritto ereditario ed eredit\u00e0 genetica<\/em><\/li>\n<li style=\"text-align: justify;\">Bianca Maria Carcangiu &#8211; <em>Islam in Zambia. From invisible to visible religion<\/em><\/li>\n<li style=\"text-align: justify;\">Marco Cochi &#8211; Somalia: tra a\u0161-\u0160ab b e D\u2018I\u0160<\/li>\n<li style=\"text-align: justify;\">Massimo Di Marzio &#8211; <em>Il ritorno della Francia in Africa. Gli interventi militari nella fascia del Sahel<\/em><\/li>\n<li style=\"text-align: justify;\">Rossana Distefano &#8211; <em>Elementi di cooperazione e prospettive tra il Porto di Livorno e l\u2019Africa Settentrionale<\/em><\/li>\n<li style=\"text-align: justify;\">Massimiliano Ferrara &#8211; <em>Transizione demografica ed epidemiologica in India, Kenya ed Egitto<\/em><\/li>\n<li style=\"text-align: justify;\">Carla Masciovecchio &#8211; <em>Il gihad nell\u2019interpretazione esegetica di Averro\u00e8 e di Ma m d \u0160alt t<\/em><\/li>\n<li style=\"text-align: justify;\">Flora Liliana Menicocci &#8211; <em>Repubblica dell\u2019Uzbekistan. Una sfida giadista nel cuore dell\u2019Asia<\/em><\/li>\n<li style=\"text-align: justify;\">Serap Mumcu &#8211; <em>Solimano il Legislatore e il suo Impero. Dal 1550 fino alla sua morte (1566)<\/em><\/li>\n<li style=\"text-align: justify;\">P. Edmondo Rutolo, OMD &#8211; <em>La divinizzazione dell\u2019Imperatore romano in Asia, Egitto ed Africa<\/em><\/li>\n<li style=\"text-align: justify;\">Isabella Soi &#8211; <em>The Muslim minority in Uganda. The historical quest for unity and inclusion<\/em><\/li>\n<li style=\"text-align: justify;\">Francesco Tamburini &#8211;<em> \u2018Il primo cerchio libico\u2019. Le oniriche unioni statali (1969-1984) di Mu\u2019ammar Gheddafi: tra mistica panaraba e pragmatismo<\/em><\/li>\n<li style=\"text-align: justify;\">Paolo Tedeschi &#8211; <em>Burkina Faso. I cinquantasei anni della societ\u00e0 civile e la svolta democratica<\/em><\/li>\n<li style=\"text-align: justify;\">Alessia Tortolini &#8211;<em> La Repubblica di Mahabad (1946)<\/em><\/li>\n<\/ul>\n<p><a href=\"https:\/\/www.torrossa.com\/it\/resources\/an\/4314854\"><img decoding=\"async\" class=\"aligncenter wp-image-23912\" src=\"https:\/\/www.ledizioni.it\/stag\/wp-content\/uploads\/2019\/07\/torrossa_web-150x80.jpg\" alt=\"\" width=\"200\" height=\"60\" \/><\/a><\/p>","protected":false},"excerpt":{"rendered":"<p>ISBN: 9788867055562 ISSN: 15929639 Prezzo cartaceo: 15,00\u00a0\u20ac INDICE Flavia Aiello &#8211; Letteratura swahili per adolescenti e istruzione (pubblica) in Tanzania.<\/p>","protected":false},"featured_media":16720,"comment_status":"open","ping_status":"closed","template":"","meta":{"_acf_changed":false},"product_brand":[],"product_cat":[1303],"product_tag":[982,2261,2482,1865],"class_list":{"0":"post-16719","1":"product","2":"type-product","3":"status-publish","4":"has-post-thumbnail","6":"product_cat-africana","7":"product_tag-africa","8":"product_tag-asia","9":"product_tag-extraeuropa","10":"product_tag-medioriente","12":"first","13":"instock","14":"featured","15":"shipping-taxable","16":"purchasable","17":"product-type-simple"},"acf":[],"yoast_head":"<!-- This site is optimized with the Yoast SEO plugin v27.4 - https:\/\/yoast.com\/product\/yoast-seo-wordpress\/ -->\n<title>Africana - Rivista di studi extraeuropei 2016 -<\/title>\n<meta name=\"description\" content=\"Ledizioni - Innovative Publishing. Casa editrice universitaria. Open Access. eBook, ePub. Creative Commons.\" \/>\n<meta name=\"robots\" content=\"index, follow, max-snippet:-1, max-image-preview:large, max-video-preview:-1\" \/>\n<link rel=\"canonical\" href=\"https:\/\/www.ledizioni.it\/en\/product\/africana-rivista-di-studi-extraeuropei-2016\/\" \/>\n<meta property=\"og:locale\" content=\"en_GB\" \/>\n<meta property=\"og:type\" content=\"article\" \/>\n<meta property=\"og:title\" content=\"Africana - Rivista di studi extraeuropei 2016 -\" \/>\n<meta property=\"og:description\" content=\"Ledizioni - Innovative Publishing. Casa editrice universitaria. Open Access. eBook, ePub. Creative Commons.\" \/>\n<meta property=\"og:url\" content=\"https:\/\/www.ledizioni.it\/en\/product\/africana-rivista-di-studi-extraeuropei-2016\/\" \/>\n<meta property=\"og:site_name\" content=\"Ledizioni\" \/>\n<meta property=\"article:publisher\" content=\"https:\/\/www.facebook.com\/pages\/Ledizioni-LediPublishing\/109120559173329\" \/>\n<meta property=\"article:modified_time\" content=\"2022-06-08T16:24:29+00:00\" \/>\n<meta property=\"og:image\" content=\"https:\/\/www.ledizioni.it\/stag\/wp-content\/uploads\/2017\/01\/Cover_3D-7.jpg\" \/>\n\t<meta property=\"og:image:width\" content=\"1498\" \/>\n\t<meta property=\"og:image:height\" content=\"1974\" \/>\n\t<meta property=\"og:image:type\" content=\"image\/jpeg\" \/>\n<meta name=\"twitter:card\" content=\"summary_large_image\" \/>\n<meta name=\"twitter:site\" content=\"@ledizioni\" \/>\n<meta name=\"twitter:label1\" content=\"Estimated reading time\" \/>\n\t<meta name=\"twitter:data1\" content=\"1 minute\" \/>\n<script type=\"application\/ld+json\" class=\"yoast-schema-graph\">{\"@context\":\"https:\\\/\\\/schema.org\",\"@graph\":[{\"@type\":\"WebPage\",\"@id\":\"https:\\\/\\\/www.ledizioni.it\\\/en\\\/product\\\/africana-rivista-di-studi-extraeuropei-2016\\\/\",\"url\":\"https:\\\/\\\/www.ledizioni.it\\\/en\\\/product\\\/africana-rivista-di-studi-extraeuropei-2016\\\/\",\"name\":\"Africana - Rivista di studi extraeuropei 2016 -\",\"isPartOf\":{\"@id\":\"https:\\\/\\\/www.ledizioni.it\\\/#website\"},\"primaryImageOfPage\":{\"@id\":\"https:\\\/\\\/www.ledizioni.it\\\/en\\\/product\\\/africana-rivista-di-studi-extraeuropei-2016\\\/#primaryimage\"},\"image\":{\"@id\":\"https:\\\/\\\/www.ledizioni.it\\\/en\\\/product\\\/africana-rivista-di-studi-extraeuropei-2016\\\/#primaryimage\"},\"thumbnailUrl\":\"https:\\\/\\\/www.ledizioni.it\\\/stag\\\/wp-content\\\/uploads\\\/2017\\\/01\\\/Cover_3D-7.jpg\",\"datePublished\":\"2017-01-26T08:46:19+00:00\",\"dateModified\":\"2022-06-08T16:24:29+00:00\",\"description\":\"Ledizioni - Innovative Publishing. Casa editrice universitaria. Open Access. eBook, ePub. Creative Commons.\",\"breadcrumb\":{\"@id\":\"https:\\\/\\\/www.ledizioni.it\\\/en\\\/product\\\/africana-rivista-di-studi-extraeuropei-2016\\\/#breadcrumb\"},\"inLanguage\":\"en-GB\",\"potentialAction\":[{\"@type\":\"ReadAction\",\"target\":[\"https:\\\/\\\/www.ledizioni.it\\\/en\\\/product\\\/africana-rivista-di-studi-extraeuropei-2016\\\/\"]}]},{\"@type\":\"ImageObject\",\"inLanguage\":\"en-GB\",\"@id\":\"https:\\\/\\\/www.ledizioni.it\\\/en\\\/product\\\/africana-rivista-di-studi-extraeuropei-2016\\\/#primaryimage\",\"url\":\"https:\\\/\\\/www.ledizioni.it\\\/stag\\\/wp-content\\\/uploads\\\/2017\\\/01\\\/Cover_3D-7.jpg\",\"contentUrl\":\"https:\\\/\\\/www.ledizioni.it\\\/stag\\\/wp-content\\\/uploads\\\/2017\\\/01\\\/Cover_3D-7.jpg\",\"width\":1498,\"height\":1974},{\"@type\":\"BreadcrumbList\",\"@id\":\"https:\\\/\\\/www.ledizioni.it\\\/en\\\/product\\\/africana-rivista-di-studi-extraeuropei-2016\\\/#breadcrumb\",\"itemListElement\":[{\"@type\":\"ListItem\",\"position\":1,\"name\":\"Shop\",\"item\":\"https:\\\/\\\/www.ledizioni.it\\\/shop-2\\\/\"},{\"@type\":\"ListItem\",\"position\":2,\"name\":\"Africana &#8211; Rivista di studi extraeuropei 2016\"}]},{\"@type\":\"WebSite\",\"@id\":\"https:\\\/\\\/www.ledizioni.it\\\/#website\",\"url\":\"https:\\\/\\\/www.ledizioni.it\\\/\",\"name\":\"Ledizioni\",\"description\":\"The Innovative LediPublishing Company - Casa Editrice Universitaria\",\"publisher\":{\"@id\":\"https:\\\/\\\/www.ledizioni.it\\\/#organization\"},\"potentialAction\":[{\"@type\":\"SearchAction\",\"target\":{\"@type\":\"EntryPoint\",\"urlTemplate\":\"https:\\\/\\\/www.ledizioni.it\\\/?s={search_term_string}\"},\"query-input\":{\"@type\":\"PropertyValueSpecification\",\"valueRequired\":true,\"valueName\":\"search_term_string\"}}],\"inLanguage\":\"en-GB\"},{\"@type\":\"Organization\",\"@id\":\"https:\\\/\\\/www.ledizioni.it\\\/#organization\",\"name\":\"Ledizioni\",\"url\":\"https:\\\/\\\/www.ledizioni.it\\\/\",\"logo\":{\"@type\":\"ImageObject\",\"inLanguage\":\"en-GB\",\"@id\":\"https:\\\/\\\/www.ledizioni.it\\\/#\\\/schema\\\/logo\\\/image\\\/\",\"url\":\"https:\\\/\\\/www.ledizioni.it\\\/stag\\\/wp-content\\\/uploads\\\/2023\\\/10\\\/newlogoledizioni500x110_2-1.jpg\",\"contentUrl\":\"https:\\\/\\\/www.ledizioni.it\\\/stag\\\/wp-content\\\/uploads\\\/2023\\\/10\\\/newlogoledizioni500x110_2-1.jpg\",\"width\":354,\"height\":87,\"caption\":\"Ledizioni\"},\"image\":{\"@id\":\"https:\\\/\\\/www.ledizioni.it\\\/#\\\/schema\\\/logo\\\/image\\\/\"},\"sameAs\":[\"https:\\\/\\\/www.facebook.com\\\/pages\\\/Ledizioni-LediPublishing\\\/109120559173329\",\"https:\\\/\\\/x.com\\\/ledizioni\"]}]}<\/script>\n<!-- \/ Yoast SEO plugin. -->","yoast_head_json":{"title":"Africana - Rivista di studi extraeuropei 2016 -","description":"Ledizioni - Innovative Publishing. Casa editrice universitaria. Open Access. eBook, ePub. Creative Commons.","robots":{"index":"index","follow":"follow","max-snippet":"max-snippet:-1","max-image-preview":"max-image-preview:large","max-video-preview":"max-video-preview:-1"},"canonical":"https:\/\/www.ledizioni.it\/en\/product\/africana-rivista-di-studi-extraeuropei-2016\/","og_locale":"en_GB","og_type":"article","og_title":"Africana - Rivista di studi extraeuropei 2016 -","og_description":"Ledizioni - Innovative Publishing. Casa editrice universitaria. Open Access. eBook, ePub. Creative Commons.","og_url":"https:\/\/www.ledizioni.it\/en\/product\/africana-rivista-di-studi-extraeuropei-2016\/","og_site_name":"Ledizioni","article_publisher":"https:\/\/www.facebook.com\/pages\/Ledizioni-LediPublishing\/109120559173329","article_modified_time":"2022-06-08T16:24:29+00:00","og_image":[{"width":1498,"height":1974,"url":"https:\/\/www.ledizioni.it\/stag\/wp-content\/uploads\/2017\/01\/Cover_3D-7.jpg","type":"image\/jpeg"}],"twitter_card":"summary_large_image","twitter_site":"@ledizioni","twitter_misc":{"Estimated reading time":"1 minute"},"schema":{"@context":"https:\/\/schema.org","@graph":[{"@type":"WebPage","@id":"https:\/\/www.ledizioni.it\/en\/product\/africana-rivista-di-studi-extraeuropei-2016\/","url":"https:\/\/www.ledizioni.it\/en\/product\/africana-rivista-di-studi-extraeuropei-2016\/","name":"Africana - Rivista di studi extraeuropei 2016 -","isPartOf":{"@id":"https:\/\/www.ledizioni.it\/#website"},"primaryImageOfPage":{"@id":"https:\/\/www.ledizioni.it\/en\/product\/africana-rivista-di-studi-extraeuropei-2016\/#primaryimage"},"image":{"@id":"https:\/\/www.ledizioni.it\/en\/product\/africana-rivista-di-studi-extraeuropei-2016\/#primaryimage"},"thumbnailUrl":"https:\/\/www.ledizioni.it\/stag\/wp-content\/uploads\/2017\/01\/Cover_3D-7.jpg","datePublished":"2017-01-26T08:46:19+00:00","dateModified":"2022-06-08T16:24:29+00:00","description":"Ledizioni - Innovative Publishing. Casa editrice universitaria. Open Access. eBook, ePub. Creative Commons.","breadcrumb":{"@id":"https:\/\/www.ledizioni.it\/en\/product\/africana-rivista-di-studi-extraeuropei-2016\/#breadcrumb"},"inLanguage":"en-GB","potentialAction":[{"@type":"ReadAction","target":["https:\/\/www.ledizioni.it\/en\/product\/africana-rivista-di-studi-extraeuropei-2016\/"]}]},{"@type":"ImageObject","inLanguage":"en-GB","@id":"https:\/\/www.ledizioni.it\/en\/product\/africana-rivista-di-studi-extraeuropei-2016\/#primaryimage","url":"https:\/\/www.ledizioni.it\/stag\/wp-content\/uploads\/2017\/01\/Cover_3D-7.jpg","contentUrl":"https:\/\/www.ledizioni.it\/stag\/wp-content\/uploads\/2017\/01\/Cover_3D-7.jpg","width":1498,"height":1974},{"@type":"BreadcrumbList","@id":"https:\/\/www.ledizioni.it\/en\/product\/africana-rivista-di-studi-extraeuropei-2016\/#breadcrumb","itemListElement":[{"@type":"ListItem","position":1,"name":"Shop","item":"https:\/\/www.ledizioni.it\/shop-2\/"},{"@type":"ListItem","position":2,"name":"Africana &#8211; Rivista di studi extraeuropei 2016"}]},{"@type":"WebSite","@id":"https:\/\/www.ledizioni.it\/#website","url":"https:\/\/www.ledizioni.it\/","name":"Ledizioni","description":"The Innovative LediPublishing Company - Casa Editrice Universitaria","publisher":{"@id":"https:\/\/www.ledizioni.it\/#organization"},"potentialAction":[{"@type":"SearchAction","target":{"@type":"EntryPoint","urlTemplate":"https:\/\/www.ledizioni.it\/?s={search_term_string}"},"query-input":{"@type":"PropertyValueSpecification","valueRequired":true,"valueName":"search_term_string"}}],"inLanguage":"en-GB"},{"@type":"Organization","@id":"https:\/\/www.ledizioni.it\/#organization","name":"Ledizioni","url":"https:\/\/www.ledizioni.it\/","logo":{"@type":"ImageObject","inLanguage":"en-GB","@id":"https:\/\/www.ledizioni.it\/#\/schema\/logo\/image\/","url":"https:\/\/www.ledizioni.it\/stag\/wp-content\/uploads\/2023\/10\/newlogoledizioni500x110_2-1.jpg","contentUrl":"https:\/\/www.ledizioni.it\/stag\/wp-content\/uploads\/2023\/10\/newlogoledizioni500x110_2-1.jpg","width":354,"height":87,"caption":"Ledizioni"},"image":{"@id":"https:\/\/www.ledizioni.it\/#\/schema\/logo\/image\/"},"sameAs":["https:\/\/www.facebook.com\/pages\/Ledizioni-LediPublishing\/109120559173329","https:\/\/x.com\/ledizioni"]}]}},"jetpack_sharing_enabled":true,"_links":{"self":[{"href":"https:\/\/www.ledizioni.it\/en\/wp-json\/wp\/v2\/product\/16719","targetHints":{"allow":["GET"]}}],"collection":[{"href":"https:\/\/www.ledizioni.it\/en\/wp-json\/wp\/v2\/product"}],"about":[{"href":"https:\/\/www.ledizioni.it\/en\/wp-json\/wp\/v2\/types\/product"}],"replies":[{"embeddable":true,"href":"https:\/\/www.ledizioni.it\/en\/wp-json\/wp\/v2\/comments?post=16719"}],"version-history":[{"count":1,"href":"https:\/\/www.ledizioni.it\/en\/wp-json\/wp\/v2\/product\/16719\/revisions"}],"predecessor-version":[{"id":17052,"href":"https:\/\/www.ledizioni.it\/en\/wp-json\/wp\/v2\/product\/16719\/revisions\/17052"}],"wp:featuredmedia":[{"embeddable":true,"href":"https:\/\/www.ledizioni.it\/en\/wp-json\/wp\/v2\/media\/16720"}],"wp:attachment":[{"href":"https:\/\/www.ledizioni.it\/en\/wp-json\/wp\/v2\/media?parent=16719"}],"wp:term":[{"taxonomy":"product_brand","embeddable":true,"href":"https:\/\/www.ledizioni.it\/en\/wp-json\/wp\/v2\/product_brand?post=16719"},{"taxonomy":"product_cat","embeddable":true,"href":"https:\/\/www.ledizioni.it\/en\/wp-json\/wp\/v2\/product_cat?post=16719"},{"taxonomy":"product_tag","embeddable":true,"href":"https:\/\/www.ledizioni.it\/en\/wp-json\/wp\/v2\/product_tag?post=16719"}],"curies":[{"name":"wp","href":"https:\/\/api.w.org\/{rel}","templated":true}]}}