{"id":16999,"date":"2017-02-27T11:39:00","date_gmt":"2017-02-27T11:39:00","guid":{"rendered":"http:\/\/www.ledizioni.it\/prodotto\/g-bonanomi-m-giacomello-r-dolce-f-pilla-manuale-per-difendersi-dalla-post-verita\/"},"modified":"2021-05-14T15:28:43","modified_gmt":"2021-05-14T13:28:43","slug":"g-bonanomi-m-giacomello-r-dolce-f-pilla-manuale-per-difendersi-dalla-post-verita","status":"publish","type":"product","link":"https:\/\/www.ledizioni.it\/en\/product\/g-bonanomi-m-giacomello-r-dolce-f-pilla-manuale-per-difendersi-dalla-post-verita\/","title":{"rendered":"MANUALE PER DIFENDERSI DALLA POST-VERIT\u00c0"},"content":{"rendered":"<p style=\"text-align: justify;\">[amazon_link asins=&#8217;8867055917&#8242; template=&#8217;PriceLink1&#8242; store=&#8217;ledizioni-21&#8242; marketplace=&#8217;IT&#8217; link_id=&#8217;ebee7970-cad1-11e8-ab8f-9fdf40246eaa&#8217;]<\/p>\n<p style=\"text-align: justify;\">In un&#8217;epoca caratterizzata dalla velocit\u00e0 come tratto distintivo dell\u2019informazione on-line, la Post Verit\u00e0, ovvero il superamento del concetto di verit\u00e0 come elemento che sancisce la percezione di attendibilit\u00e0 di una notizia, sembra permeare a fondo la societ\u00e0 contemporanea.<br \/>\nNon \u00e8 raro imbattersi in bufale o notizie manipolate ad arte che, complici la scarsa verifica delle fonti e modalit\u00e0 di comunicazione sempre pi\u00f9 rapide e meno accurate, si diffondono a macchia d\u2019olio attraverso le condivisioni di semplici utenti o, in casi sempre meno rari, di testate giornalistiche tra le pi\u00f9 blasonate.<br \/>\n<em>Manuale per difendersi dalla Post Verit\u00e0<\/em> parte dall\u2019osservazione di questo variegato e complesso panorama per fornire, attraverso esempi, indagini, analisi e approfondimenti, strumenti ed elementi di valutazione che permettano a chiunque frequenti la rete di proteggersi dalla disinformazione e di vivere un\u2019esperienza di navigazione digitale al riparo dalle sempre pi\u00f9 impetuose correnti della Post-Verit\u00e0.<br \/>\n<strong><em>Con una prefazione di Mario Pireddu.<\/em><\/strong><\/p>\n<p>&nbsp;<\/p>\n<p><strong>DATI BIBLIOGRAFICI<\/strong><\/p>\n<p>Autori: Gianluigi Bonanomi, Marco Giacomello, Rossella Dolce, Fiorenzo Pilla<br \/>\nEditore: Ledizioni<br \/>\nPubblicato in: febbraio 2017<br \/>\nCollana: <a href=\"https:\/\/www.ledizioni.it\/en\/product-category\/varia\/do-tech\/\">Fai da Tech<\/a><br \/>\nFormato: brossura, 127 p.; ePub<br \/>\nISBN cartaceo: 9788867055913<br \/>\nISBN ePub:\u00a09788867055920<br \/>\nPrezzo cartaceo: \u20ac 9,90<br \/>\nPrezzo ePub: \u20ac 3.99<\/p>","protected":false},"excerpt":{"rendered":"<p>[amazon_link asins=&#8217;8867055917&#8242; template=&#8217;PriceLink1&#8242; store=&#8217;ledizioni-21&#8242; marketplace=&#8217;IT&#8217; link_id=&#8217;ebee7970-cad1-11e8-ab8f-9fdf40246eaa&#8217;] In un&#8217;epoca caratterizzata dalla velocit\u00e0 come tratto distintivo dell\u2019informazione on-line, la Post Verit\u00e0, ovvero<\/p>","protected":false},"featured_media":17004,"comment_status":"open","ping_status":"closed","template":"","meta":{"_acf_changed":false},"product_brand":[],"product_cat":[16],"product_tag":[1453,805,1707,916,853],"class_list":{"0":"post-16999","1":"product","2":"type-product","3":"status-publish","4":"has-post-thumbnail","6":"product_cat-do-tech","7":"product_tag-bufale","8":"product_tag-digitale-2","9":"product_tag-informazione","10":"product_tag-internet","11":"product_tag-social-media","12":"pa_formato-cartaceo","13":"pa_formato-ebook-in-epub","15":"first","16":"instock","17":"featured","18":"shipping-taxable","19":"purchasable","20":"product-type-variable"},"acf":[],"yoast_head":"<!-- This site is optimized with the Yoast SEO plugin v27.5 - https:\/\/yoast.com\/product\/yoast-seo-wordpress\/ -->\n<title>MANUALE PER DIFENDERSI DALLA POST-VERIT\u00c0 -<\/title>\n<meta name=\"description\" content=\"Ledizioni - Innovative Publishing. Casa editrice universitaria. Open Access. eBook, ePub. Creative Commons.\" \/>\n<meta name=\"robots\" content=\"index, follow, max-snippet:-1, max-image-preview:large, max-video-preview:-1\" \/>\n<link rel=\"canonical\" href=\"https:\/\/www.ledizioni.it\/en\/product\/g-bonanomi-m-giacomello-r-dolce-f-pilla-manuale-per-difendersi-dalla-post-verita\/\" \/>\n<meta property=\"og:locale\" content=\"en_GB\" \/>\n<meta property=\"og:type\" content=\"article\" \/>\n<meta property=\"og:title\" content=\"MANUALE PER DIFENDERSI DALLA POST-VERIT\u00c0 -\" \/>\n<meta property=\"og:description\" content=\"Ledizioni - Innovative Publishing. Casa editrice universitaria. Open Access. eBook, ePub. Creative Commons.\" \/>\n<meta property=\"og:url\" content=\"https:\/\/www.ledizioni.it\/en\/product\/g-bonanomi-m-giacomello-r-dolce-f-pilla-manuale-per-difendersi-dalla-post-verita\/\" \/>\n<meta property=\"og:site_name\" content=\"Ledizioni\" \/>\n<meta property=\"article:publisher\" content=\"https:\/\/www.facebook.com\/pages\/Ledizioni-LediPublishing\/109120559173329\" \/>\n<meta property=\"article:modified_time\" content=\"2021-05-14T13:28:43+00:00\" \/>\n<meta property=\"og:image\" content=\"https:\/\/www.ledizioni.it\/stag\/wp-content\/uploads\/2017\/02\/Cover_3D1.jpg\" \/>\n\t<meta property=\"og:image:width\" content=\"472\" \/>\n\t<meta property=\"og:image:height\" content=\"709\" \/>\n\t<meta property=\"og:image:type\" content=\"image\/jpeg\" \/>\n<meta name=\"twitter:card\" content=\"summary_large_image\" \/>\n<meta name=\"twitter:site\" content=\"@ledizioni\" \/>\n<meta name=\"twitter:label1\" content=\"Estimated reading time\" \/>\n\t<meta name=\"twitter:data1\" content=\"1 minute\" \/>\n<script type=\"application\/ld+json\" class=\"yoast-schema-graph\">{\"@context\":\"https:\\\/\\\/schema.org\",\"@graph\":[{\"@type\":\"WebPage\",\"@id\":\"https:\\\/\\\/www.ledizioni.it\\\/prodotto\\\/g-bonanomi-m-giacomello-r-dolce-f-pilla-manuale-per-difendersi-dalla-post-verita\\\/\",\"url\":\"https:\\\/\\\/www.ledizioni.it\\\/prodotto\\\/g-bonanomi-m-giacomello-r-dolce-f-pilla-manuale-per-difendersi-dalla-post-verita\\\/\",\"name\":\"MANUALE PER DIFENDERSI DALLA POST-VERIT\u00c0 -\",\"isPartOf\":{\"@id\":\"https:\\\/\\\/www.ledizioni.it\\\/#website\"},\"primaryImageOfPage\":{\"@id\":\"https:\\\/\\\/www.ledizioni.it\\\/prodotto\\\/g-bonanomi-m-giacomello-r-dolce-f-pilla-manuale-per-difendersi-dalla-post-verita\\\/#primaryimage\"},\"image\":{\"@id\":\"https:\\\/\\\/www.ledizioni.it\\\/prodotto\\\/g-bonanomi-m-giacomello-r-dolce-f-pilla-manuale-per-difendersi-dalla-post-verita\\\/#primaryimage\"},\"thumbnailUrl\":\"https:\\\/\\\/www.ledizioni.it\\\/stag\\\/wp-content\\\/uploads\\\/2017\\\/02\\\/Cover_3D1.jpg\",\"datePublished\":\"2017-02-27T11:39:00+00:00\",\"dateModified\":\"2021-05-14T13:28:43+00:00\",\"description\":\"Ledizioni - Innovative Publishing. Casa editrice universitaria. Open Access. eBook, ePub. Creative Commons.\",\"breadcrumb\":{\"@id\":\"https:\\\/\\\/www.ledizioni.it\\\/prodotto\\\/g-bonanomi-m-giacomello-r-dolce-f-pilla-manuale-per-difendersi-dalla-post-verita\\\/#breadcrumb\"},\"inLanguage\":\"en-GB\",\"potentialAction\":[{\"@type\":\"ReadAction\",\"target\":[\"https:\\\/\\\/www.ledizioni.it\\\/prodotto\\\/g-bonanomi-m-giacomello-r-dolce-f-pilla-manuale-per-difendersi-dalla-post-verita\\\/\"]}]},{\"@type\":\"ImageObject\",\"inLanguage\":\"en-GB\",\"@id\":\"https:\\\/\\\/www.ledizioni.it\\\/prodotto\\\/g-bonanomi-m-giacomello-r-dolce-f-pilla-manuale-per-difendersi-dalla-post-verita\\\/#primaryimage\",\"url\":\"https:\\\/\\\/www.ledizioni.it\\\/stag\\\/wp-content\\\/uploads\\\/2017\\\/02\\\/Cover_3D1.jpg\",\"contentUrl\":\"https:\\\/\\\/www.ledizioni.it\\\/stag\\\/wp-content\\\/uploads\\\/2017\\\/02\\\/Cover_3D1.jpg\",\"width\":472,\"height\":709},{\"@type\":\"BreadcrumbList\",\"@id\":\"https:\\\/\\\/www.ledizioni.it\\\/prodotto\\\/g-bonanomi-m-giacomello-r-dolce-f-pilla-manuale-per-difendersi-dalla-post-verita\\\/#breadcrumb\",\"itemListElement\":[{\"@type\":\"ListItem\",\"position\":1,\"name\":\"Shop\",\"item\":\"https:\\\/\\\/www.ledizioni.it\\\/shop-2\\\/\"},{\"@type\":\"ListItem\",\"position\":2,\"name\":\"MANUALE PER DIFENDERSI DALLA POST-VERIT\u00c0\"}]},{\"@type\":\"WebSite\",\"@id\":\"https:\\\/\\\/www.ledizioni.it\\\/#website\",\"url\":\"https:\\\/\\\/www.ledizioni.it\\\/\",\"name\":\"Ledizioni\",\"description\":\"The Innovative LediPublishing Company - Casa Editrice Universitaria\",\"publisher\":{\"@id\":\"https:\\\/\\\/www.ledizioni.it\\\/#organization\"},\"potentialAction\":[{\"@type\":\"SearchAction\",\"target\":{\"@type\":\"EntryPoint\",\"urlTemplate\":\"https:\\\/\\\/www.ledizioni.it\\\/?s={search_term_string}\"},\"query-input\":{\"@type\":\"PropertyValueSpecification\",\"valueRequired\":true,\"valueName\":\"search_term_string\"}}],\"inLanguage\":\"en-GB\"},{\"@type\":\"Organization\",\"@id\":\"https:\\\/\\\/www.ledizioni.it\\\/#organization\",\"name\":\"Ledizioni\",\"url\":\"https:\\\/\\\/www.ledizioni.it\\\/\",\"logo\":{\"@type\":\"ImageObject\",\"inLanguage\":\"en-GB\",\"@id\":\"https:\\\/\\\/www.ledizioni.it\\\/#\\\/schema\\\/logo\\\/image\\\/\",\"url\":\"https:\\\/\\\/www.ledizioni.it\\\/stag\\\/wp-content\\\/uploads\\\/2023\\\/10\\\/newlogoledizioni500x110_2-1.jpg\",\"contentUrl\":\"https:\\\/\\\/www.ledizioni.it\\\/stag\\\/wp-content\\\/uploads\\\/2023\\\/10\\\/newlogoledizioni500x110_2-1.jpg\",\"width\":354,\"height\":87,\"caption\":\"Ledizioni\"},\"image\":{\"@id\":\"https:\\\/\\\/www.ledizioni.it\\\/#\\\/schema\\\/logo\\\/image\\\/\"},\"sameAs\":[\"https:\\\/\\\/www.facebook.com\\\/pages\\\/Ledizioni-LediPublishing\\\/109120559173329\",\"https:\\\/\\\/x.com\\\/ledizioni\"]}]}<\/script>\n<!-- \/ Yoast SEO plugin. -->","yoast_head_json":{"title":"MANUALE PER DIFENDERSI DALLA POST-VERIT\u00c0 -","description":"Ledizioni - Innovative Publishing. Casa editrice universitaria. Open Access. eBook, ePub. Creative Commons.","robots":{"index":"index","follow":"follow","max-snippet":"max-snippet:-1","max-image-preview":"max-image-preview:large","max-video-preview":"max-video-preview:-1"},"canonical":"https:\/\/www.ledizioni.it\/en\/product\/g-bonanomi-m-giacomello-r-dolce-f-pilla-manuale-per-difendersi-dalla-post-verita\/","og_locale":"en_GB","og_type":"article","og_title":"MANUALE PER DIFENDERSI DALLA POST-VERIT\u00c0 -","og_description":"Ledizioni - Innovative Publishing. Casa editrice universitaria. Open Access. eBook, ePub. Creative Commons.","og_url":"https:\/\/www.ledizioni.it\/en\/product\/g-bonanomi-m-giacomello-r-dolce-f-pilla-manuale-per-difendersi-dalla-post-verita\/","og_site_name":"Ledizioni","article_publisher":"https:\/\/www.facebook.com\/pages\/Ledizioni-LediPublishing\/109120559173329","article_modified_time":"2021-05-14T13:28:43+00:00","og_image":[{"width":472,"height":709,"url":"https:\/\/www.ledizioni.it\/stag\/wp-content\/uploads\/2017\/02\/Cover_3D1.jpg","type":"image\/jpeg"}],"twitter_card":"summary_large_image","twitter_site":"@ledizioni","twitter_misc":{"Estimated reading time":"1 minute"},"schema":{"@context":"https:\/\/schema.org","@graph":[{"@type":"WebPage","@id":"https:\/\/www.ledizioni.it\/prodotto\/g-bonanomi-m-giacomello-r-dolce-f-pilla-manuale-per-difendersi-dalla-post-verita\/","url":"https:\/\/www.ledizioni.it\/prodotto\/g-bonanomi-m-giacomello-r-dolce-f-pilla-manuale-per-difendersi-dalla-post-verita\/","name":"MANUALE PER DIFENDERSI DALLA POST-VERIT\u00c0 -","isPartOf":{"@id":"https:\/\/www.ledizioni.it\/#website"},"primaryImageOfPage":{"@id":"https:\/\/www.ledizioni.it\/prodotto\/g-bonanomi-m-giacomello-r-dolce-f-pilla-manuale-per-difendersi-dalla-post-verita\/#primaryimage"},"image":{"@id":"https:\/\/www.ledizioni.it\/prodotto\/g-bonanomi-m-giacomello-r-dolce-f-pilla-manuale-per-difendersi-dalla-post-verita\/#primaryimage"},"thumbnailUrl":"https:\/\/www.ledizioni.it\/stag\/wp-content\/uploads\/2017\/02\/Cover_3D1.jpg","datePublished":"2017-02-27T11:39:00+00:00","dateModified":"2021-05-14T13:28:43+00:00","description":"Ledizioni - Innovative Publishing. Casa editrice universitaria. Open Access. eBook, ePub. Creative Commons.","breadcrumb":{"@id":"https:\/\/www.ledizioni.it\/prodotto\/g-bonanomi-m-giacomello-r-dolce-f-pilla-manuale-per-difendersi-dalla-post-verita\/#breadcrumb"},"inLanguage":"en-GB","potentialAction":[{"@type":"ReadAction","target":["https:\/\/www.ledizioni.it\/prodotto\/g-bonanomi-m-giacomello-r-dolce-f-pilla-manuale-per-difendersi-dalla-post-verita\/"]}]},{"@type":"ImageObject","inLanguage":"en-GB","@id":"https:\/\/www.ledizioni.it\/prodotto\/g-bonanomi-m-giacomello-r-dolce-f-pilla-manuale-per-difendersi-dalla-post-verita\/#primaryimage","url":"https:\/\/www.ledizioni.it\/stag\/wp-content\/uploads\/2017\/02\/Cover_3D1.jpg","contentUrl":"https:\/\/www.ledizioni.it\/stag\/wp-content\/uploads\/2017\/02\/Cover_3D1.jpg","width":472,"height":709},{"@type":"BreadcrumbList","@id":"https:\/\/www.ledizioni.it\/prodotto\/g-bonanomi-m-giacomello-r-dolce-f-pilla-manuale-per-difendersi-dalla-post-verita\/#breadcrumb","itemListElement":[{"@type":"ListItem","position":1,"name":"Shop","item":"https:\/\/www.ledizioni.it\/shop-2\/"},{"@type":"ListItem","position":2,"name":"MANUALE PER DIFENDERSI DALLA POST-VERIT\u00c0"}]},{"@type":"WebSite","@id":"https:\/\/www.ledizioni.it\/#website","url":"https:\/\/www.ledizioni.it\/","name":"Ledizioni","description":"The Innovative LediPublishing Company - Casa Editrice Universitaria","publisher":{"@id":"https:\/\/www.ledizioni.it\/#organization"},"potentialAction":[{"@type":"SearchAction","target":{"@type":"EntryPoint","urlTemplate":"https:\/\/www.ledizioni.it\/?s={search_term_string}"},"query-input":{"@type":"PropertyValueSpecification","valueRequired":true,"valueName":"search_term_string"}}],"inLanguage":"en-GB"},{"@type":"Organization","@id":"https:\/\/www.ledizioni.it\/#organization","name":"Ledizioni","url":"https:\/\/www.ledizioni.it\/","logo":{"@type":"ImageObject","inLanguage":"en-GB","@id":"https:\/\/www.ledizioni.it\/#\/schema\/logo\/image\/","url":"https:\/\/www.ledizioni.it\/stag\/wp-content\/uploads\/2023\/10\/newlogoledizioni500x110_2-1.jpg","contentUrl":"https:\/\/www.ledizioni.it\/stag\/wp-content\/uploads\/2023\/10\/newlogoledizioni500x110_2-1.jpg","width":354,"height":87,"caption":"Ledizioni"},"image":{"@id":"https:\/\/www.ledizioni.it\/#\/schema\/logo\/image\/"},"sameAs":["https:\/\/www.facebook.com\/pages\/Ledizioni-LediPublishing\/109120559173329","https:\/\/x.com\/ledizioni"]}]}},"jetpack_sharing_enabled":true,"_links":{"self":[{"href":"https:\/\/www.ledizioni.it\/en\/wp-json\/wp\/v2\/product\/16999","targetHints":{"allow":["GET"]}}],"collection":[{"href":"https:\/\/www.ledizioni.it\/en\/wp-json\/wp\/v2\/product"}],"about":[{"href":"https:\/\/www.ledizioni.it\/en\/wp-json\/wp\/v2\/types\/product"}],"replies":[{"embeddable":true,"href":"https:\/\/www.ledizioni.it\/en\/wp-json\/wp\/v2\/comments?post=16999"}],"version-history":[{"count":1,"href":"https:\/\/www.ledizioni.it\/en\/wp-json\/wp\/v2\/product\/16999\/revisions"}],"predecessor-version":[{"id":17049,"href":"https:\/\/www.ledizioni.it\/en\/wp-json\/wp\/v2\/product\/16999\/revisions\/17049"}],"wp:featuredmedia":[{"embeddable":true,"href":"https:\/\/www.ledizioni.it\/en\/wp-json\/wp\/v2\/media\/17004"}],"wp:attachment":[{"href":"https:\/\/www.ledizioni.it\/en\/wp-json\/wp\/v2\/media?parent=16999"}],"wp:term":[{"taxonomy":"product_brand","embeddable":true,"href":"https:\/\/www.ledizioni.it\/en\/wp-json\/wp\/v2\/product_brand?post=16999"},{"taxonomy":"product_cat","embeddable":true,"href":"https:\/\/www.ledizioni.it\/en\/wp-json\/wp\/v2\/product_cat?post=16999"},{"taxonomy":"product_tag","embeddable":true,"href":"https:\/\/www.ledizioni.it\/en\/wp-json\/wp\/v2\/product_tag?post=16999"}],"curies":[{"name":"wp","href":"https:\/\/api.w.org\/{rel}","templated":true}]}}