{"id":17107,"date":"2017-03-09T11:39:32","date_gmt":"2017-03-09T09:39:32","guid":{"rendered":"http:\/\/www.ledizioni.it\/prodotto\/quaderni-del-master-in-immigrazione-genere-modelli-familiari-e-strategie-di-integrazione-n-3\/"},"modified":"2021-05-19T16:04:52","modified_gmt":"2021-05-19T14:04:52","slug":"quaderni-del-master-in-immigrazione-genere-modelli-familiari-e-strategie-di-integrazione-n-3","status":"publish","type":"product","link":"https:\/\/www.ledizioni.it\/en\/product\/quaderni-del-master-in-immigrazione-genere-modelli-familiari-e-strategie-di-integrazione-n-3\/","title":{"rendered":"Quaderni del Master in &#8220;Immigrazione, Genere, Modelli Familiari e Strategie di Integrazione&#8221;, n. 3"},"content":{"rendered":"<p style=\"text-align: justify;\">Il Quaderno vuole essere uno spazio aperto a quanti portano il proprio contributo all\u2019interno del Master di 1\u00b0 livello in \u201cImmigrazione, genere, modelli familiari e strategie di integrazione\u201d promosso nell\u2019ambito del Centro Interdipartimentale MeRGED \u2013 Migrazione e Riconoscimento, Genere, Diversit\u00e0 &#8211; e afferente al Dipartimento di Scienze Politiche e Sociali dell\u2019Universit\u00e0 di Pavia. Il Master ogni anno si arricchisce della presenza di studiosi, ricercatori ed operatori che indagano e affrontano, con il loro lavoro, i tanti aspetti del fenomeno delle mobilit\u00e0 umane e che mostrano in ci\u00f2 particolare sensibilit\u00e0 ai temi di genere. Il Quaderno, nato con l\u2019intenzione di valorizzare e premiare l\u2019impegno dei nostri studenti pubblicando una sintesi dei loro migliori lavori di tesi, si arricchisce del contributo di ricercatori e docenti del master e si apre con la trascrizione del dibattito tra tre autorevoli esponenti delle tre grandi religioni monoteiste che si sono confrontati con parole di pace \u201cContro ogni fondamentalismo\u201d in occasione dell\u2019inaugurazione, lo scorso anno, della settima edizione del Master.<br \/>\nIl Master nasce dalla considerazione che troppo spesso la progettazione e la gestione di interventi a favore di dell\u2019integrazione degli immigrati non tengono conto delle differenze di genere e della complessit\u00e0 che definisce l\u2019universo dell\u2019immigrazione, sottovalutando l\u2019urgenza di offrire risposte adeguate alle domande che da l\u00ec provengono. Ci\u00f2 \u00e8 una grave omissione per una serie di motivi: perch\u00e9 alle donne debbono essere destinate misure specifiche volte a combattere il doppio rischio di esclusione sociale a cui sono esposte in quanto donne e in quanto migranti; perch\u00e9 l\u2019esperienza dei Paesi di pi\u00f9 antica immigrazione conferma la funzione stabilizzante e di mediazione tra sfera pubblica e sfera privata che le donne immigrate svolgono all\u2019interno delle loro famiglie; perch\u00e9 come lavoratrici la maggior parte di loro offre servizi di accudimento e assistenza presso le famiglie italiane, svolgendo anche in questo caso un compito insostituibile; perch\u00e9 quanto pi\u00f9 gli immigrati e le loro famiglie saranno integrati nel tessuto sociale del nostro Paese, tanto pi\u00f9 saranno alti i benefici di cui noi, autoctoni e immigrati, potremo godere.<\/p>\n<p style=\"text-align: justify;\"><strong>Autori inclusi in questo volume:<\/strong><br \/>\nMarisela Morales Ib\u00e1\u00f1ez, Cristina Fraccaro, Eleonora Salvadori, Anna Rita Calabr\u00f2, Ilaria Cangiulli.<\/p>\n<p style=\"text-align: justify;\"><strong>Comitato scientifico:<\/strong><br \/>\nAnna Rita Calabr\u00f2 (Coordinatore del Master e Direttore del Centro Interdipartimentale di Studi di Genere), Marina Chini, Maria Antonietta Confalonieri, Giovanni Cordini, Silvia Illari, Antonietta Marchi, Caterina Mauri, Antonio Morone, Maria Assunta Zanetti.<\/p>\n<p><strong>DATI BIBLIOGRAFICI<\/strong><\/p>\n<p>Autore: AA. VV.<br \/>\nEditore: Ledizioni<br \/>\nCollana: <a href=\"http:\/\/www.ledizioni.it\/en\/collane\/societa\/quaderni-del-master-immigrazione-genere-modelli-familiari-e-strategie-di-integrazione\/\" target=\"_blank\">Quaderni del Master in Immigrazione, Genere, Modelli Familiari e Strategie di Integrazione<\/a><br \/>\nFormato: Brossura 17 x 24, 160 p.<br \/>\nPubblicato in: marzo 2017<br \/>\nISBN cartaceo: 9788867055630<br \/>\nPrezzo cartaceo: 18,00 \u20ac<\/p>\n<p><a href=\"https:\/\/www.torrossa.com\/it\/resources\/an\/4022286\"><img decoding=\"async\" class=\"aligncenter wp-image-23912\" src=\"https:\/\/www.ledizioni.it\/stag\/wp-content\/uploads\/2019\/07\/torrossa_web-150x80.jpg\" alt=\"\" width=\"200\" height=\"60\" \/><\/a><\/p>","protected":false},"excerpt":{"rendered":"<p>Il Quaderno vuole essere uno spazio aperto a quanti portano il proprio contributo all\u2019interno del Master di 1\u00b0 livello in<\/p>","protected":false},"featured_media":17110,"comment_status":"open","ping_status":"closed","template":"","meta":{"_acf_changed":false},"product_brand":[],"product_cat":[783],"product_tag":[554,742,822,781],"class_list":{"0":"post-17107","1":"product","2":"type-product","3":"status-publish","4":"has-post-thumbnail","6":"product_cat-quaderni-del-master-in-immigrazione","7":"product_tag-donne","8":"product_tag-femminismo","9":"product_tag-migrazioni","10":"product_tag-studi-di-genere","11":"pa_formato-cartaceo","12":"pa_lingua-francese","13":"pa_lingua-italiano","15":"first","16":"instock","17":"featured","18":"shipping-taxable","19":"purchasable","20":"product-type-simple"},"acf":[],"yoast_head":"<!-- This site is optimized with the Yoast SEO plugin v27.3 - https:\/\/yoast.com\/product\/yoast-seo-wordpress\/ -->\n<title>Quaderni del Master in &quot;Immigrazione, genere, modelli familiari e strategie di integrazione&quot;, n. 1<\/title>\n<meta name=\"description\" content=\"Il terzo della serie di Quaderni del Master in \u201cImmigrazione, Genere, Modelli Familiari e Strategie di Integrazione dell\u2019Universit\u00e0 degli Studi di Pavia\u201d.\" \/>\n<meta name=\"robots\" content=\"index, follow, max-snippet:-1, max-image-preview:large, max-video-preview:-1\" \/>\n<link rel=\"canonical\" href=\"https:\/\/www.ledizioni.it\/en\/product\/quaderni-del-master-in-immigrazione-genere-modelli-familiari-e-strategie-di-integrazione-n-3\/\" \/>\n<meta property=\"og:locale\" content=\"en_GB\" \/>\n<meta property=\"og:type\" content=\"article\" \/>\n<meta property=\"og:title\" content=\"Quaderni del Master in &quot;Immigrazione, genere, modelli familiari e strategie di integrazione&quot;, n. 1\" \/>\n<meta property=\"og:description\" content=\"Il terzo della serie di Quaderni del Master in \u201cImmigrazione, Genere, Modelli Familiari e Strategie di Integrazione dell\u2019Universit\u00e0 degli Studi di Pavia\u201d.\" \/>\n<meta property=\"og:url\" content=\"https:\/\/www.ledizioni.it\/en\/product\/quaderni-del-master-in-immigrazione-genere-modelli-familiari-e-strategie-di-integrazione-n-3\/\" \/>\n<meta property=\"og:site_name\" content=\"Ledizioni\" \/>\n<meta property=\"article:publisher\" content=\"https:\/\/www.facebook.com\/pages\/Ledizioni-LediPublishing\/109120559173329\" \/>\n<meta property=\"article:modified_time\" content=\"2021-05-19T14:04:52+00:00\" \/>\n<meta property=\"og:image\" content=\"https:\/\/www.ledizioni.it\/stag\/wp-content\/uploads\/2017\/03\/Cover_3D.jpg\" \/>\n\t<meta property=\"og:image:width\" content=\"1510\" \/>\n\t<meta property=\"og:image:height\" content=\"1926\" \/>\n\t<meta property=\"og:image:type\" content=\"image\/jpeg\" \/>\n<meta name=\"twitter:card\" content=\"summary_large_image\" \/>\n<meta name=\"twitter:site\" content=\"@ledizioni\" \/>\n<meta name=\"twitter:label1\" content=\"Estimated reading time\" \/>\n\t<meta name=\"twitter:data1\" content=\"2 minutes\" \/>\n<script type=\"application\/ld+json\" class=\"yoast-schema-graph\">{\"@context\":\"https:\\\/\\\/schema.org\",\"@graph\":[{\"@type\":\"WebPage\",\"@id\":\"https:\\\/\\\/www.ledizioni.it\\\/en\\\/product\\\/quaderni-del-master-in-immigrazione-genere-modelli-familiari-e-strategie-di-integrazione-n-3\\\/\",\"url\":\"https:\\\/\\\/www.ledizioni.it\\\/en\\\/product\\\/quaderni-del-master-in-immigrazione-genere-modelli-familiari-e-strategie-di-integrazione-n-3\\\/\",\"name\":\"Quaderni del Master in \\\"Immigrazione, genere, modelli familiari e strategie di integrazione\\\", n. 1\",\"isPartOf\":{\"@id\":\"https:\\\/\\\/www.ledizioni.it\\\/#website\"},\"primaryImageOfPage\":{\"@id\":\"https:\\\/\\\/www.ledizioni.it\\\/en\\\/product\\\/quaderni-del-master-in-immigrazione-genere-modelli-familiari-e-strategie-di-integrazione-n-3\\\/#primaryimage\"},\"image\":{\"@id\":\"https:\\\/\\\/www.ledizioni.it\\\/en\\\/product\\\/quaderni-del-master-in-immigrazione-genere-modelli-familiari-e-strategie-di-integrazione-n-3\\\/#primaryimage\"},\"thumbnailUrl\":\"https:\\\/\\\/www.ledizioni.it\\\/stag\\\/wp-content\\\/uploads\\\/2017\\\/03\\\/Cover_3D.jpg\",\"datePublished\":\"2017-03-09T09:39:32+00:00\",\"dateModified\":\"2021-05-19T14:04:52+00:00\",\"description\":\"Il terzo della serie di Quaderni del Master in \u201cImmigrazione, Genere, Modelli Familiari e Strategie di Integrazione dell\u2019Universit\u00e0 degli Studi di Pavia\u201d.\",\"breadcrumb\":{\"@id\":\"https:\\\/\\\/www.ledizioni.it\\\/en\\\/product\\\/quaderni-del-master-in-immigrazione-genere-modelli-familiari-e-strategie-di-integrazione-n-3\\\/#breadcrumb\"},\"inLanguage\":\"en-GB\",\"potentialAction\":[{\"@type\":\"ReadAction\",\"target\":[\"https:\\\/\\\/www.ledizioni.it\\\/en\\\/product\\\/quaderni-del-master-in-immigrazione-genere-modelli-familiari-e-strategie-di-integrazione-n-3\\\/\"]}]},{\"@type\":\"ImageObject\",\"inLanguage\":\"en-GB\",\"@id\":\"https:\\\/\\\/www.ledizioni.it\\\/en\\\/product\\\/quaderni-del-master-in-immigrazione-genere-modelli-familiari-e-strategie-di-integrazione-n-3\\\/#primaryimage\",\"url\":\"https:\\\/\\\/www.ledizioni.it\\\/stag\\\/wp-content\\\/uploads\\\/2017\\\/03\\\/Cover_3D.jpg\",\"contentUrl\":\"https:\\\/\\\/www.ledizioni.it\\\/stag\\\/wp-content\\\/uploads\\\/2017\\\/03\\\/Cover_3D.jpg\",\"width\":1510,\"height\":1926},{\"@type\":\"BreadcrumbList\",\"@id\":\"https:\\\/\\\/www.ledizioni.it\\\/en\\\/product\\\/quaderni-del-master-in-immigrazione-genere-modelli-familiari-e-strategie-di-integrazione-n-3\\\/#breadcrumb\",\"itemListElement\":[{\"@type\":\"ListItem\",\"position\":1,\"name\":\"Shop\",\"item\":\"https:\\\/\\\/www.ledizioni.it\\\/shop-2\\\/\"},{\"@type\":\"ListItem\",\"position\":2,\"name\":\"Quaderni del Master in &#8220;Immigrazione, Genere, Modelli Familiari e Strategie di Integrazione&#8221;, n. 3\"}]},{\"@type\":\"WebSite\",\"@id\":\"https:\\\/\\\/www.ledizioni.it\\\/#website\",\"url\":\"https:\\\/\\\/www.ledizioni.it\\\/\",\"name\":\"Ledizioni\",\"description\":\"The Innovative LediPublishing Company - Casa Editrice Universitaria\",\"publisher\":{\"@id\":\"https:\\\/\\\/www.ledizioni.it\\\/#organization\"},\"potentialAction\":[{\"@type\":\"SearchAction\",\"target\":{\"@type\":\"EntryPoint\",\"urlTemplate\":\"https:\\\/\\\/www.ledizioni.it\\\/?s={search_term_string}\"},\"query-input\":{\"@type\":\"PropertyValueSpecification\",\"valueRequired\":true,\"valueName\":\"search_term_string\"}}],\"inLanguage\":\"en-GB\"},{\"@type\":\"Organization\",\"@id\":\"https:\\\/\\\/www.ledizioni.it\\\/#organization\",\"name\":\"Ledizioni\",\"url\":\"https:\\\/\\\/www.ledizioni.it\\\/\",\"logo\":{\"@type\":\"ImageObject\",\"inLanguage\":\"en-GB\",\"@id\":\"https:\\\/\\\/www.ledizioni.it\\\/#\\\/schema\\\/logo\\\/image\\\/\",\"url\":\"https:\\\/\\\/www.ledizioni.it\\\/stag\\\/wp-content\\\/uploads\\\/2023\\\/10\\\/newlogoledizioni500x110_2-1.jpg\",\"contentUrl\":\"https:\\\/\\\/www.ledizioni.it\\\/stag\\\/wp-content\\\/uploads\\\/2023\\\/10\\\/newlogoledizioni500x110_2-1.jpg\",\"width\":354,\"height\":87,\"caption\":\"Ledizioni\"},\"image\":{\"@id\":\"https:\\\/\\\/www.ledizioni.it\\\/#\\\/schema\\\/logo\\\/image\\\/\"},\"sameAs\":[\"https:\\\/\\\/www.facebook.com\\\/pages\\\/Ledizioni-LediPublishing\\\/109120559173329\",\"https:\\\/\\\/x.com\\\/ledizioni\"]}]}<\/script>\n<!-- \/ Yoast SEO plugin. -->","yoast_head_json":{"title":"Quaderni del Master in \"Immigrazione, genere, modelli familiari e strategie di integrazione\", n. 1","description":"Il terzo della serie di Quaderni del Master in \u201cImmigrazione, Genere, Modelli Familiari e Strategie di Integrazione dell\u2019Universit\u00e0 degli Studi di Pavia\u201d.","robots":{"index":"index","follow":"follow","max-snippet":"max-snippet:-1","max-image-preview":"max-image-preview:large","max-video-preview":"max-video-preview:-1"},"canonical":"https:\/\/www.ledizioni.it\/en\/product\/quaderni-del-master-in-immigrazione-genere-modelli-familiari-e-strategie-di-integrazione-n-3\/","og_locale":"en_GB","og_type":"article","og_title":"Quaderni del Master in \"Immigrazione, genere, modelli familiari e strategie di integrazione\", n. 1","og_description":"Il terzo della serie di Quaderni del Master in \u201cImmigrazione, Genere, Modelli Familiari e Strategie di Integrazione dell\u2019Universit\u00e0 degli Studi di Pavia\u201d.","og_url":"https:\/\/www.ledizioni.it\/en\/product\/quaderni-del-master-in-immigrazione-genere-modelli-familiari-e-strategie-di-integrazione-n-3\/","og_site_name":"Ledizioni","article_publisher":"https:\/\/www.facebook.com\/pages\/Ledizioni-LediPublishing\/109120559173329","article_modified_time":"2021-05-19T14:04:52+00:00","og_image":[{"width":1510,"height":1926,"url":"https:\/\/www.ledizioni.it\/stag\/wp-content\/uploads\/2017\/03\/Cover_3D.jpg","type":"image\/jpeg"}],"twitter_card":"summary_large_image","twitter_site":"@ledizioni","twitter_misc":{"Estimated reading time":"2 minutes"},"schema":{"@context":"https:\/\/schema.org","@graph":[{"@type":"WebPage","@id":"https:\/\/www.ledizioni.it\/en\/product\/quaderni-del-master-in-immigrazione-genere-modelli-familiari-e-strategie-di-integrazione-n-3\/","url":"https:\/\/www.ledizioni.it\/en\/product\/quaderni-del-master-in-immigrazione-genere-modelli-familiari-e-strategie-di-integrazione-n-3\/","name":"Quaderni del Master in \"Immigrazione, genere, modelli familiari e strategie di integrazione\", n. 1","isPartOf":{"@id":"https:\/\/www.ledizioni.it\/#website"},"primaryImageOfPage":{"@id":"https:\/\/www.ledizioni.it\/en\/product\/quaderni-del-master-in-immigrazione-genere-modelli-familiari-e-strategie-di-integrazione-n-3\/#primaryimage"},"image":{"@id":"https:\/\/www.ledizioni.it\/en\/product\/quaderni-del-master-in-immigrazione-genere-modelli-familiari-e-strategie-di-integrazione-n-3\/#primaryimage"},"thumbnailUrl":"https:\/\/www.ledizioni.it\/stag\/wp-content\/uploads\/2017\/03\/Cover_3D.jpg","datePublished":"2017-03-09T09:39:32+00:00","dateModified":"2021-05-19T14:04:52+00:00","description":"Il terzo della serie di Quaderni del Master in \u201cImmigrazione, Genere, Modelli Familiari e Strategie di Integrazione dell\u2019Universit\u00e0 degli Studi di Pavia\u201d.","breadcrumb":{"@id":"https:\/\/www.ledizioni.it\/en\/product\/quaderni-del-master-in-immigrazione-genere-modelli-familiari-e-strategie-di-integrazione-n-3\/#breadcrumb"},"inLanguage":"en-GB","potentialAction":[{"@type":"ReadAction","target":["https:\/\/www.ledizioni.it\/en\/product\/quaderni-del-master-in-immigrazione-genere-modelli-familiari-e-strategie-di-integrazione-n-3\/"]}]},{"@type":"ImageObject","inLanguage":"en-GB","@id":"https:\/\/www.ledizioni.it\/en\/product\/quaderni-del-master-in-immigrazione-genere-modelli-familiari-e-strategie-di-integrazione-n-3\/#primaryimage","url":"https:\/\/www.ledizioni.it\/stag\/wp-content\/uploads\/2017\/03\/Cover_3D.jpg","contentUrl":"https:\/\/www.ledizioni.it\/stag\/wp-content\/uploads\/2017\/03\/Cover_3D.jpg","width":1510,"height":1926},{"@type":"BreadcrumbList","@id":"https:\/\/www.ledizioni.it\/en\/product\/quaderni-del-master-in-immigrazione-genere-modelli-familiari-e-strategie-di-integrazione-n-3\/#breadcrumb","itemListElement":[{"@type":"ListItem","position":1,"name":"Shop","item":"https:\/\/www.ledizioni.it\/shop-2\/"},{"@type":"ListItem","position":2,"name":"Quaderni del Master in &#8220;Immigrazione, Genere, Modelli Familiari e Strategie di Integrazione&#8221;, n. 3"}]},{"@type":"WebSite","@id":"https:\/\/www.ledizioni.it\/#website","url":"https:\/\/www.ledizioni.it\/","name":"Ledizioni","description":"The Innovative LediPublishing Company - Casa Editrice Universitaria","publisher":{"@id":"https:\/\/www.ledizioni.it\/#organization"},"potentialAction":[{"@type":"SearchAction","target":{"@type":"EntryPoint","urlTemplate":"https:\/\/www.ledizioni.it\/?s={search_term_string}"},"query-input":{"@type":"PropertyValueSpecification","valueRequired":true,"valueName":"search_term_string"}}],"inLanguage":"en-GB"},{"@type":"Organization","@id":"https:\/\/www.ledizioni.it\/#organization","name":"Ledizioni","url":"https:\/\/www.ledizioni.it\/","logo":{"@type":"ImageObject","inLanguage":"en-GB","@id":"https:\/\/www.ledizioni.it\/#\/schema\/logo\/image\/","url":"https:\/\/www.ledizioni.it\/stag\/wp-content\/uploads\/2023\/10\/newlogoledizioni500x110_2-1.jpg","contentUrl":"https:\/\/www.ledizioni.it\/stag\/wp-content\/uploads\/2023\/10\/newlogoledizioni500x110_2-1.jpg","width":354,"height":87,"caption":"Ledizioni"},"image":{"@id":"https:\/\/www.ledizioni.it\/#\/schema\/logo\/image\/"},"sameAs":["https:\/\/www.facebook.com\/pages\/Ledizioni-LediPublishing\/109120559173329","https:\/\/x.com\/ledizioni"]}]}},"jetpack_sharing_enabled":true,"_links":{"self":[{"href":"https:\/\/www.ledizioni.it\/en\/wp-json\/wp\/v2\/product\/17107","targetHints":{"allow":["GET"]}}],"collection":[{"href":"https:\/\/www.ledizioni.it\/en\/wp-json\/wp\/v2\/product"}],"about":[{"href":"https:\/\/www.ledizioni.it\/en\/wp-json\/wp\/v2\/types\/product"}],"replies":[{"embeddable":true,"href":"https:\/\/www.ledizioni.it\/en\/wp-json\/wp\/v2\/comments?post=17107"}],"version-history":[{"count":0,"href":"https:\/\/www.ledizioni.it\/en\/wp-json\/wp\/v2\/product\/17107\/revisions"}],"wp:featuredmedia":[{"embeddable":true,"href":"https:\/\/www.ledizioni.it\/en\/wp-json\/wp\/v2\/media\/17110"}],"wp:attachment":[{"href":"https:\/\/www.ledizioni.it\/en\/wp-json\/wp\/v2\/media?parent=17107"}],"wp:term":[{"taxonomy":"product_brand","embeddable":true,"href":"https:\/\/www.ledizioni.it\/en\/wp-json\/wp\/v2\/product_brand?post=17107"},{"taxonomy":"product_cat","embeddable":true,"href":"https:\/\/www.ledizioni.it\/en\/wp-json\/wp\/v2\/product_cat?post=17107"},{"taxonomy":"product_tag","embeddable":true,"href":"https:\/\/www.ledizioni.it\/en\/wp-json\/wp\/v2\/product_tag?post=17107"}],"curies":[{"name":"wp","href":"https:\/\/api.w.org\/{rel}","templated":true}]}}