{"id":17449,"date":"2017-05-15T11:56:17","date_gmt":"2017-05-15T09:56:17","guid":{"rendered":"http:\/\/www.ledizioni.it\/prodotto\/f-pianzola-le-trappole-morali-di-primo-levi\/"},"modified":"2021-08-18T20:12:31","modified_gmt":"2021-08-18T18:12:31","slug":"f-pianzola-le-trappole-morali-di-primo-levi","status":"publish","type":"product","link":"https:\/\/www.ledizioni.it\/en\/product\/f-pianzola-le-trappole-morali-di-primo-levi\/","title":{"rendered":"LE \u00abTRAPPOLE MORALI\u00bb DI PRIMO LEVI"},"content":{"rendered":"<p style=\"text-align: justify;\">[amazon_link asins=&#8217;B075V4XZ2N&#8217; template=&#8217;PriceLink1&#8242; store=&#8217;ledizioni-21&#8242; marketplace=&#8217;IT&#8217; link_id=&#8217;428df65d-d37e-11e8-bdb0-39493c4bd3c1&#8242;]<\/p>\n<p style=\"text-align: justify;\">Nelle raccolte <em>Storie naturali<\/em>, <em>Vizio di forma<\/em> and <em>Lil\u00edt e altri racconti<\/em>, cos\u00ec come anche nelle storie scritte negli ultimi anni di vita, \u00e8 evidente l\u2019intento di Levi di servirsi dei miti per dare forza alle proprie narrazioni: non solo ama giocare con i miti tradizionali, ne crea anche di alternativi, facendo convergere la tradizione greco-romana, quella ebraica e la fantascienza di cui era avido lettore. Prometeo, il Golem, Lil\u00edt e il centauro: sono queste le figure che ritornano in molti racconti e che per la loro origine mitica sono la porta d\u2019accesso ad un universo di significati antropologicamente pregnante, arricchitosi nel corso di varie elaborazioni storiche. Grazie alla densit\u00e0 semiotica di questi simboli Levi pu\u00f2 presentare la propria etica in forma narrativa senza correre eccessivi rischi di semplificazione, esplorando ambiguit\u00e0 e dilemmi della condizione umana. \u00c8 tempo di rileggere questi racconti d\u2019invenzione. Potrebbero rivelarsi resistenti al tempo tanto quanto i protocolli di Auschwitz.<\/p>\n<h3><strong><span style=\"color: #000000;\">DATI BIBLIOGRAFICI<\/span><\/strong><\/h3>\n<p>Autore: Federico Pianzola<br \/>\nEditore: Ledizioni<br \/>\nCollana: <a href=\"http:\/\/www.ledizioni.it\/en\/collane\/letteratura\/264-2\/\">LA RAGIONE CRITICA \/13<\/a><br \/>\nPubblicato in: maggio 2017<br \/>\nFormato: brossura, 369 p. &#8211; ePub &#8211; PDF in Open Access<br \/>\nISBN cartaceo: 9788867055890<br \/>\nISBN ePub: 9788867055906<br \/>\nPrezzo cartaceo: 22,00 \u20ac<br \/>\nPrezzo ePub: 9,99 \u20ac<\/p>\n<p><a href=\"https:\/\/www.torrossa.com\/it\/resources\/an\/4148620\"><img decoding=\"async\" class=\"aligncenter wp-image-23912\" src=\"https:\/\/www.ledizioni.it\/stag\/wp-content\/uploads\/2019\/07\/torrossa_web-150x80.jpg\" alt=\"\" width=\"200\" height=\"60\" \/><\/a><\/p>","protected":false},"excerpt":{"rendered":"<p>[amazon_link asins=&#8217;B075V4XZ2N&#8217; template=&#8217;PriceLink1&#8242; store=&#8217;ledizioni-21&#8242; marketplace=&#8217;IT&#8217; link_id=&#8217;428df65d-d37e-11e8-bdb0-39493c4bd3c1&#8242;] Nelle raccolte Storie naturali, Vizio di forma e Lil\u00edt e altri racconti, cos\u00ec come<\/p>","protected":false},"featured_media":17452,"comment_status":"open","ping_status":"closed","template":"","meta":{"_acf_changed":false},"product_brand":[],"product_cat":[370],"product_tag":[764,1484],"class_list":{"0":"post-17449","1":"product","2":"type-product","3":"status-publish","4":"has-post-thumbnail","6":"product_cat-la-ragione-critica","7":"product_tag-open-access-2","8":"product_tag-simbolismo","9":"pa_formato-cartaceo","10":"pa_formato-ebook-in-epub","11":"pa_formato-ebook-in-pdf","12":"pa_lingua-italiano","14":"first","15":"instock","16":"featured","17":"shipping-taxable","18":"purchasable","19":"product-type-variable"},"acf":[],"yoast_head":"<!-- This site is optimized with the Yoast SEO plugin v27.3 - https:\/\/yoast.com\/product\/yoast-seo-wordpress\/ -->\n<title>F. Pianzola, LE TRAPPOLE MORALI DI PRIMO LEVI<\/title>\n<meta name=\"description\" content=\"Miti e fiction. Milano, Ledizioni, 2017\" \/>\n<meta name=\"robots\" content=\"index, follow, max-snippet:-1, max-image-preview:large, max-video-preview:-1\" \/>\n<link rel=\"canonical\" href=\"https:\/\/www.ledizioni.it\/en\/product\/f-pianzola-le-trappole-morali-di-primo-levi\/\" \/>\n<meta property=\"og:locale\" content=\"en_GB\" \/>\n<meta property=\"og:type\" content=\"article\" \/>\n<meta property=\"og:title\" content=\"F. Pianzola, LE TRAPPOLE MORALI DI PRIMO LEVI\" \/>\n<meta property=\"og:description\" content=\"Miti e fiction. Milano, Ledizioni, 2017\" \/>\n<meta property=\"og:url\" content=\"https:\/\/www.ledizioni.it\/en\/product\/f-pianzola-le-trappole-morali-di-primo-levi\/\" \/>\n<meta property=\"og:site_name\" content=\"Ledizioni\" \/>\n<meta property=\"article:publisher\" content=\"https:\/\/www.facebook.com\/pages\/Ledizioni-LediPublishing\/109120559173329\" \/>\n<meta property=\"article:modified_time\" content=\"2021-08-18T18:12:31+00:00\" \/>\n<meta property=\"og:image\" content=\"https:\/\/www.ledizioni.it\/stag\/wp-content\/uploads\/2017\/05\/cover_3D.jpg\" \/>\n\t<meta property=\"og:image:width\" content=\"1492\" \/>\n\t<meta property=\"og:image:height\" content=\"1876\" \/>\n\t<meta property=\"og:image:type\" content=\"image\/jpeg\" \/>\n<meta name=\"twitter:card\" content=\"summary_large_image\" \/>\n<meta name=\"twitter:site\" content=\"@ledizioni\" \/>\n<meta name=\"twitter:label1\" content=\"Estimated reading time\" \/>\n\t<meta name=\"twitter:data1\" content=\"1 minute\" \/>\n<script type=\"application\/ld+json\" class=\"yoast-schema-graph\">{\"@context\":\"https:\\\/\\\/schema.org\",\"@graph\":[{\"@type\":\"WebPage\",\"@id\":\"https:\\\/\\\/www.ledizioni.it\\\/prodotto\\\/f-pianzola-le-trappole-morali-di-primo-levi\\\/\",\"url\":\"https:\\\/\\\/www.ledizioni.it\\\/prodotto\\\/f-pianzola-le-trappole-morali-di-primo-levi\\\/\",\"name\":\"F. Pianzola, LE TRAPPOLE MORALI DI PRIMO LEVI\",\"isPartOf\":{\"@id\":\"https:\\\/\\\/www.ledizioni.it\\\/#website\"},\"primaryImageOfPage\":{\"@id\":\"https:\\\/\\\/www.ledizioni.it\\\/prodotto\\\/f-pianzola-le-trappole-morali-di-primo-levi\\\/#primaryimage\"},\"image\":{\"@id\":\"https:\\\/\\\/www.ledizioni.it\\\/prodotto\\\/f-pianzola-le-trappole-morali-di-primo-levi\\\/#primaryimage\"},\"thumbnailUrl\":\"https:\\\/\\\/www.ledizioni.it\\\/stag\\\/wp-content\\\/uploads\\\/2017\\\/05\\\/cover_3D.jpg\",\"datePublished\":\"2017-05-15T09:56:17+00:00\",\"dateModified\":\"2021-08-18T18:12:31+00:00\",\"description\":\"Miti e fiction. Milano, Ledizioni, 2017\",\"breadcrumb\":{\"@id\":\"https:\\\/\\\/www.ledizioni.it\\\/prodotto\\\/f-pianzola-le-trappole-morali-di-primo-levi\\\/#breadcrumb\"},\"inLanguage\":\"en-GB\",\"potentialAction\":[{\"@type\":\"ReadAction\",\"target\":[\"https:\\\/\\\/www.ledizioni.it\\\/prodotto\\\/f-pianzola-le-trappole-morali-di-primo-levi\\\/\"]}]},{\"@type\":\"ImageObject\",\"inLanguage\":\"en-GB\",\"@id\":\"https:\\\/\\\/www.ledizioni.it\\\/prodotto\\\/f-pianzola-le-trappole-morali-di-primo-levi\\\/#primaryimage\",\"url\":\"https:\\\/\\\/www.ledizioni.it\\\/stag\\\/wp-content\\\/uploads\\\/2017\\\/05\\\/cover_3D.jpg\",\"contentUrl\":\"https:\\\/\\\/www.ledizioni.it\\\/stag\\\/wp-content\\\/uploads\\\/2017\\\/05\\\/cover_3D.jpg\",\"width\":1492,\"height\":1876},{\"@type\":\"BreadcrumbList\",\"@id\":\"https:\\\/\\\/www.ledizioni.it\\\/prodotto\\\/f-pianzola-le-trappole-morali-di-primo-levi\\\/#breadcrumb\",\"itemListElement\":[{\"@type\":\"ListItem\",\"position\":1,\"name\":\"Shop\",\"item\":\"https:\\\/\\\/www.ledizioni.it\\\/shop-2\\\/\"},{\"@type\":\"ListItem\",\"position\":2,\"name\":\"LE \u00abTRAPPOLE MORALI\u00bb DI PRIMO LEVI\"}]},{\"@type\":\"WebSite\",\"@id\":\"https:\\\/\\\/www.ledizioni.it\\\/#website\",\"url\":\"https:\\\/\\\/www.ledizioni.it\\\/\",\"name\":\"Ledizioni\",\"description\":\"The Innovative LediPublishing Company - Casa Editrice Universitaria\",\"publisher\":{\"@id\":\"https:\\\/\\\/www.ledizioni.it\\\/#organization\"},\"potentialAction\":[{\"@type\":\"SearchAction\",\"target\":{\"@type\":\"EntryPoint\",\"urlTemplate\":\"https:\\\/\\\/www.ledizioni.it\\\/?s={search_term_string}\"},\"query-input\":{\"@type\":\"PropertyValueSpecification\",\"valueRequired\":true,\"valueName\":\"search_term_string\"}}],\"inLanguage\":\"en-GB\"},{\"@type\":\"Organization\",\"@id\":\"https:\\\/\\\/www.ledizioni.it\\\/#organization\",\"name\":\"Ledizioni\",\"url\":\"https:\\\/\\\/www.ledizioni.it\\\/\",\"logo\":{\"@type\":\"ImageObject\",\"inLanguage\":\"en-GB\",\"@id\":\"https:\\\/\\\/www.ledizioni.it\\\/#\\\/schema\\\/logo\\\/image\\\/\",\"url\":\"https:\\\/\\\/www.ledizioni.it\\\/stag\\\/wp-content\\\/uploads\\\/2023\\\/10\\\/newlogoledizioni500x110_2-1.jpg\",\"contentUrl\":\"https:\\\/\\\/www.ledizioni.it\\\/stag\\\/wp-content\\\/uploads\\\/2023\\\/10\\\/newlogoledizioni500x110_2-1.jpg\",\"width\":354,\"height\":87,\"caption\":\"Ledizioni\"},\"image\":{\"@id\":\"https:\\\/\\\/www.ledizioni.it\\\/#\\\/schema\\\/logo\\\/image\\\/\"},\"sameAs\":[\"https:\\\/\\\/www.facebook.com\\\/pages\\\/Ledizioni-LediPublishing\\\/109120559173329\",\"https:\\\/\\\/x.com\\\/ledizioni\"]}]}<\/script>\n<!-- \/ Yoast SEO plugin. -->","yoast_head_json":{"title":"F. Pianzola, LE TRAPPOLE MORALI DI PRIMO LEVI","description":"Miti e fiction. Milano, Ledizioni, 2017","robots":{"index":"index","follow":"follow","max-snippet":"max-snippet:-1","max-image-preview":"max-image-preview:large","max-video-preview":"max-video-preview:-1"},"canonical":"https:\/\/www.ledizioni.it\/en\/product\/f-pianzola-le-trappole-morali-di-primo-levi\/","og_locale":"en_GB","og_type":"article","og_title":"F. Pianzola, LE TRAPPOLE MORALI DI PRIMO LEVI","og_description":"Miti e fiction. Milano, Ledizioni, 2017","og_url":"https:\/\/www.ledizioni.it\/en\/product\/f-pianzola-le-trappole-morali-di-primo-levi\/","og_site_name":"Ledizioni","article_publisher":"https:\/\/www.facebook.com\/pages\/Ledizioni-LediPublishing\/109120559173329","article_modified_time":"2021-08-18T18:12:31+00:00","og_image":[{"width":1492,"height":1876,"url":"https:\/\/www.ledizioni.it\/stag\/wp-content\/uploads\/2017\/05\/cover_3D.jpg","type":"image\/jpeg"}],"twitter_card":"summary_large_image","twitter_site":"@ledizioni","twitter_misc":{"Estimated reading time":"1 minute"},"schema":{"@context":"https:\/\/schema.org","@graph":[{"@type":"WebPage","@id":"https:\/\/www.ledizioni.it\/prodotto\/f-pianzola-le-trappole-morali-di-primo-levi\/","url":"https:\/\/www.ledizioni.it\/prodotto\/f-pianzola-le-trappole-morali-di-primo-levi\/","name":"F. Pianzola, LE TRAPPOLE MORALI DI PRIMO LEVI","isPartOf":{"@id":"https:\/\/www.ledizioni.it\/#website"},"primaryImageOfPage":{"@id":"https:\/\/www.ledizioni.it\/prodotto\/f-pianzola-le-trappole-morali-di-primo-levi\/#primaryimage"},"image":{"@id":"https:\/\/www.ledizioni.it\/prodotto\/f-pianzola-le-trappole-morali-di-primo-levi\/#primaryimage"},"thumbnailUrl":"https:\/\/www.ledizioni.it\/stag\/wp-content\/uploads\/2017\/05\/cover_3D.jpg","datePublished":"2017-05-15T09:56:17+00:00","dateModified":"2021-08-18T18:12:31+00:00","description":"Miti e fiction. Milano, Ledizioni, 2017","breadcrumb":{"@id":"https:\/\/www.ledizioni.it\/prodotto\/f-pianzola-le-trappole-morali-di-primo-levi\/#breadcrumb"},"inLanguage":"en-GB","potentialAction":[{"@type":"ReadAction","target":["https:\/\/www.ledizioni.it\/prodotto\/f-pianzola-le-trappole-morali-di-primo-levi\/"]}]},{"@type":"ImageObject","inLanguage":"en-GB","@id":"https:\/\/www.ledizioni.it\/prodotto\/f-pianzola-le-trappole-morali-di-primo-levi\/#primaryimage","url":"https:\/\/www.ledizioni.it\/stag\/wp-content\/uploads\/2017\/05\/cover_3D.jpg","contentUrl":"https:\/\/www.ledizioni.it\/stag\/wp-content\/uploads\/2017\/05\/cover_3D.jpg","width":1492,"height":1876},{"@type":"BreadcrumbList","@id":"https:\/\/www.ledizioni.it\/prodotto\/f-pianzola-le-trappole-morali-di-primo-levi\/#breadcrumb","itemListElement":[{"@type":"ListItem","position":1,"name":"Shop","item":"https:\/\/www.ledizioni.it\/shop-2\/"},{"@type":"ListItem","position":2,"name":"LE \u00abTRAPPOLE MORALI\u00bb DI PRIMO LEVI"}]},{"@type":"WebSite","@id":"https:\/\/www.ledizioni.it\/#website","url":"https:\/\/www.ledizioni.it\/","name":"Ledizioni","description":"The Innovative LediPublishing Company - Casa Editrice Universitaria","publisher":{"@id":"https:\/\/www.ledizioni.it\/#organization"},"potentialAction":[{"@type":"SearchAction","target":{"@type":"EntryPoint","urlTemplate":"https:\/\/www.ledizioni.it\/?s={search_term_string}"},"query-input":{"@type":"PropertyValueSpecification","valueRequired":true,"valueName":"search_term_string"}}],"inLanguage":"en-GB"},{"@type":"Organization","@id":"https:\/\/www.ledizioni.it\/#organization","name":"Ledizioni","url":"https:\/\/www.ledizioni.it\/","logo":{"@type":"ImageObject","inLanguage":"en-GB","@id":"https:\/\/www.ledizioni.it\/#\/schema\/logo\/image\/","url":"https:\/\/www.ledizioni.it\/stag\/wp-content\/uploads\/2023\/10\/newlogoledizioni500x110_2-1.jpg","contentUrl":"https:\/\/www.ledizioni.it\/stag\/wp-content\/uploads\/2023\/10\/newlogoledizioni500x110_2-1.jpg","width":354,"height":87,"caption":"Ledizioni"},"image":{"@id":"https:\/\/www.ledizioni.it\/#\/schema\/logo\/image\/"},"sameAs":["https:\/\/www.facebook.com\/pages\/Ledizioni-LediPublishing\/109120559173329","https:\/\/x.com\/ledizioni"]}]}},"jetpack_sharing_enabled":true,"_links":{"self":[{"href":"https:\/\/www.ledizioni.it\/en\/wp-json\/wp\/v2\/product\/17449","targetHints":{"allow":["GET"]}}],"collection":[{"href":"https:\/\/www.ledizioni.it\/en\/wp-json\/wp\/v2\/product"}],"about":[{"href":"https:\/\/www.ledizioni.it\/en\/wp-json\/wp\/v2\/types\/product"}],"replies":[{"embeddable":true,"href":"https:\/\/www.ledizioni.it\/en\/wp-json\/wp\/v2\/comments?post=17449"}],"version-history":[{"count":1,"href":"https:\/\/www.ledizioni.it\/en\/wp-json\/wp\/v2\/product\/17449\/revisions"}],"predecessor-version":[{"id":17648,"href":"https:\/\/www.ledizioni.it\/en\/wp-json\/wp\/v2\/product\/17449\/revisions\/17648"}],"wp:featuredmedia":[{"embeddable":true,"href":"https:\/\/www.ledizioni.it\/en\/wp-json\/wp\/v2\/media\/17452"}],"wp:attachment":[{"href":"https:\/\/www.ledizioni.it\/en\/wp-json\/wp\/v2\/media?parent=17449"}],"wp:term":[{"taxonomy":"product_brand","embeddable":true,"href":"https:\/\/www.ledizioni.it\/en\/wp-json\/wp\/v2\/product_brand?post=17449"},{"taxonomy":"product_cat","embeddable":true,"href":"https:\/\/www.ledizioni.it\/en\/wp-json\/wp\/v2\/product_cat?post=17449"},{"taxonomy":"product_tag","embeddable":true,"href":"https:\/\/www.ledizioni.it\/en\/wp-json\/wp\/v2\/product_tag?post=17449"}],"curies":[{"name":"wp","href":"https:\/\/api.w.org\/{rel}","templated":true}]}}