{"id":17485,"date":"2017-05-22T12:20:05","date_gmt":"2017-05-22T12:20:05","guid":{"rendered":"http:\/\/www.ledizioni.it\/prodotto\/latina-didaxis-xxxi-1986-2016\/"},"modified":"2020-07-28T05:21:03","modified_gmt":"2020-07-28T03:21:03","slug":"latina-didaxis-xxxi-1986-2016","status":"publish","type":"product","link":"https:\/\/www.ledizioni.it\/en\/product\/latina-didaxis-xxxi-1986-2016\/","title":{"rendered":"Latina Didaxis XXXI &#8211; 1986-2016"},"content":{"rendered":"<p style=\"text-align: justify;\">Atti del Convegno del 17 maggio 2016<\/p>\n<p style=\"text-align: justify;\">&#8220;Dalla presenza oggi di relatori, esperti principalmente della prospettiva linguistica del latino, si pu\u00f2 comprendere che sar\u00e0 soprattutto la lingua latina a tenere banco. [&#8230;] il latino \u00e8 soprattutto un fatto di lingua. Credo che quanti di noi si sono appassionati al mondo romano, lo abbiano fatto passando per la lingua dei latini, forse proprio perch\u00e9 allora nessuno dei nostri insegnanti sentiva minimamente la necessit\u00e0 di giustificarne lo studio, e noi oggi, con tutte le risorse metodologico-linguistiche che abbiamo acquisito, perch\u00e9 dovremmo privare i nostri giovani allievi della possibilit\u00e0, della sorpresa almeno, di scoprire ad esempio che grazie al latino ogni parola italiana vale il doppio?&#8221;<br \/>\n(Dalla presentazione di Silvana Rocca)<\/p>\n<p><strong><br \/>\nDATI BIBLIOGRAFICI<\/strong><br \/>\nTitolo: Latina Didaxis XXXI &#8211; 1986-2016<br \/>\nAutore: AA.VV. (a cura di Silvana Rocca)<br \/>\nCollana: <a href=\"http:\/\/www.ledizioni.it\/en\/collane\/letteratura\/pubblicazioni-del-d-ar-fi-cl-et\/\" target=\"_blank\">D.AR.FI.CL.ET. Publications<\/a><br \/>\nPubblicato in: Maggio 2017<br \/>\nISBN cartaceo: 9788867055999<br \/>\nPrezzo cartaceo: 22.00\u20ac<\/p>\n<p><a href=\"https:\/\/www.torrossa.com\/it\/resources\/an\/4147734\"><img decoding=\"async\" class=\"aligncenter wp-image-23912\" src=\"https:\/\/www.ledizioni.it\/stag\/wp-content\/uploads\/2019\/07\/torrossa_web-150x80.jpg\" alt=\"\" width=\"200\" height=\"60\" \/><\/a><\/p>","protected":false},"excerpt":{"rendered":"<p>D.AR.FI.CL.ET. Publications<\/p>","protected":false},"featured_media":17486,"comment_status":"open","ping_status":"closed","template":"","meta":{"_acf_changed":false},"product_brand":[],"product_cat":[944],"product_tag":[948,918],"class_list":{"0":"post-17485","1":"product","2":"type-product","3":"status-publish","4":"has-post-thumbnail","6":"product_cat-pubblicazioni-del-d-ar-fi-cl-et","7":"product_tag-studi-classici","8":"product_tag-tradizione","9":"pa_formato-cartaceo","10":"pa_lingua-italiano","12":"first","13":"instock","14":"featured","15":"shipping-taxable","16":"purchasable","17":"product-type-simple"},"acf":[],"yoast_head":"<!-- This site is optimized with the Yoast SEO plugin v27.4 - https:\/\/yoast.com\/product\/yoast-seo-wordpress\/ -->\n<title>Latina Didaxis XXXI - 1986-2016<\/title>\n<meta name=\"description\" content=\"Pubblicazioni del D.AR.FI.CL.ET.\" \/>\n<meta name=\"robots\" content=\"index, follow, max-snippet:-1, max-image-preview:large, max-video-preview:-1\" \/>\n<link rel=\"canonical\" href=\"https:\/\/www.ledizioni.it\/en\/product\/latina-didaxis-xxxi-1986-2016\/\" \/>\n<meta property=\"og:locale\" content=\"en_GB\" \/>\n<meta property=\"og:type\" content=\"article\" \/>\n<meta property=\"og:title\" content=\"Latina Didaxis XXXI - 1986-2016\" \/>\n<meta property=\"og:description\" content=\"Pubblicazioni del D.AR.FI.CL.ET.\" \/>\n<meta property=\"og:url\" content=\"https:\/\/www.ledizioni.it\/en\/product\/latina-didaxis-xxxi-1986-2016\/\" \/>\n<meta property=\"og:site_name\" content=\"Ledizioni\" \/>\n<meta property=\"article:publisher\" content=\"https:\/\/www.facebook.com\/pages\/Ledizioni-LediPublishing\/109120559173329\" \/>\n<meta property=\"article:modified_time\" content=\"2020-07-28T03:21:03+00:00\" \/>\n<meta property=\"og:image\" content=\"https:\/\/www.ledizioni.it\/stag\/wp-content\/uploads\/2017\/05\/COVER_3D.jpg\" \/>\n\t<meta property=\"og:image:width\" content=\"1462\" \/>\n\t<meta property=\"og:image:height\" content=\"1876\" \/>\n\t<meta property=\"og:image:type\" content=\"image\/jpeg\" \/>\n<meta name=\"twitter:card\" content=\"summary_large_image\" \/>\n<meta name=\"twitter:site\" content=\"@ledizioni\" \/>\n<meta name=\"twitter:label1\" content=\"Estimated reading time\" \/>\n\t<meta name=\"twitter:data1\" content=\"1 minute\" \/>\n<script type=\"application\/ld+json\" class=\"yoast-schema-graph\">{\"@context\":\"https:\\\/\\\/schema.org\",\"@graph\":[{\"@type\":\"WebPage\",\"@id\":\"https:\\\/\\\/www.ledizioni.it\\\/prodotto\\\/latina-didaxis-xxxi-1986-2016\\\/\",\"url\":\"https:\\\/\\\/www.ledizioni.it\\\/prodotto\\\/latina-didaxis-xxxi-1986-2016\\\/\",\"name\":\"Latina Didaxis XXXI - 1986-2016\",\"isPartOf\":{\"@id\":\"https:\\\/\\\/www.ledizioni.it\\\/#website\"},\"primaryImageOfPage\":{\"@id\":\"https:\\\/\\\/www.ledizioni.it\\\/prodotto\\\/latina-didaxis-xxxi-1986-2016\\\/#primaryimage\"},\"image\":{\"@id\":\"https:\\\/\\\/www.ledizioni.it\\\/prodotto\\\/latina-didaxis-xxxi-1986-2016\\\/#primaryimage\"},\"thumbnailUrl\":\"https:\\\/\\\/www.ledizioni.it\\\/stag\\\/wp-content\\\/uploads\\\/2017\\\/05\\\/COVER_3D.jpg\",\"datePublished\":\"2017-05-22T12:20:05+00:00\",\"dateModified\":\"2020-07-28T03:21:03+00:00\",\"description\":\"Pubblicazioni del D.AR.FI.CL.ET.\",\"breadcrumb\":{\"@id\":\"https:\\\/\\\/www.ledizioni.it\\\/prodotto\\\/latina-didaxis-xxxi-1986-2016\\\/#breadcrumb\"},\"inLanguage\":\"en-GB\",\"potentialAction\":[{\"@type\":\"ReadAction\",\"target\":[\"https:\\\/\\\/www.ledizioni.it\\\/prodotto\\\/latina-didaxis-xxxi-1986-2016\\\/\"]}]},{\"@type\":\"ImageObject\",\"inLanguage\":\"en-GB\",\"@id\":\"https:\\\/\\\/www.ledizioni.it\\\/prodotto\\\/latina-didaxis-xxxi-1986-2016\\\/#primaryimage\",\"url\":\"https:\\\/\\\/www.ledizioni.it\\\/stag\\\/wp-content\\\/uploads\\\/2017\\\/05\\\/COVER_3D.jpg\",\"contentUrl\":\"https:\\\/\\\/www.ledizioni.it\\\/stag\\\/wp-content\\\/uploads\\\/2017\\\/05\\\/COVER_3D.jpg\",\"width\":1462,\"height\":1876},{\"@type\":\"BreadcrumbList\",\"@id\":\"https:\\\/\\\/www.ledizioni.it\\\/prodotto\\\/latina-didaxis-xxxi-1986-2016\\\/#breadcrumb\",\"itemListElement\":[{\"@type\":\"ListItem\",\"position\":1,\"name\":\"Shop\",\"item\":\"https:\\\/\\\/www.ledizioni.it\\\/shop-2\\\/\"},{\"@type\":\"ListItem\",\"position\":2,\"name\":\"Latina Didaxis XXXI &#8211; 1986-2016\"}]},{\"@type\":\"WebSite\",\"@id\":\"https:\\\/\\\/www.ledizioni.it\\\/#website\",\"url\":\"https:\\\/\\\/www.ledizioni.it\\\/\",\"name\":\"Ledizioni\",\"description\":\"The Innovative LediPublishing Company - Casa Editrice Universitaria\",\"publisher\":{\"@id\":\"https:\\\/\\\/www.ledizioni.it\\\/#organization\"},\"potentialAction\":[{\"@type\":\"SearchAction\",\"target\":{\"@type\":\"EntryPoint\",\"urlTemplate\":\"https:\\\/\\\/www.ledizioni.it\\\/?s={search_term_string}\"},\"query-input\":{\"@type\":\"PropertyValueSpecification\",\"valueRequired\":true,\"valueName\":\"search_term_string\"}}],\"inLanguage\":\"en-GB\"},{\"@type\":\"Organization\",\"@id\":\"https:\\\/\\\/www.ledizioni.it\\\/#organization\",\"name\":\"Ledizioni\",\"url\":\"https:\\\/\\\/www.ledizioni.it\\\/\",\"logo\":{\"@type\":\"ImageObject\",\"inLanguage\":\"en-GB\",\"@id\":\"https:\\\/\\\/www.ledizioni.it\\\/#\\\/schema\\\/logo\\\/image\\\/\",\"url\":\"https:\\\/\\\/www.ledizioni.it\\\/stag\\\/wp-content\\\/uploads\\\/2023\\\/10\\\/newlogoledizioni500x110_2-1.jpg\",\"contentUrl\":\"https:\\\/\\\/www.ledizioni.it\\\/stag\\\/wp-content\\\/uploads\\\/2023\\\/10\\\/newlogoledizioni500x110_2-1.jpg\",\"width\":354,\"height\":87,\"caption\":\"Ledizioni\"},\"image\":{\"@id\":\"https:\\\/\\\/www.ledizioni.it\\\/#\\\/schema\\\/logo\\\/image\\\/\"},\"sameAs\":[\"https:\\\/\\\/www.facebook.com\\\/pages\\\/Ledizioni-LediPublishing\\\/109120559173329\",\"https:\\\/\\\/x.com\\\/ledizioni\"]}]}<\/script>\n<!-- \/ Yoast SEO plugin. -->","yoast_head_json":{"title":"Latina Didaxis XXXI - 1986-2016","description":"D.AR.FI.CL.ET. Publications","robots":{"index":"index","follow":"follow","max-snippet":"max-snippet:-1","max-image-preview":"max-image-preview:large","max-video-preview":"max-video-preview:-1"},"canonical":"https:\/\/www.ledizioni.it\/en\/product\/latina-didaxis-xxxi-1986-2016\/","og_locale":"en_GB","og_type":"article","og_title":"Latina Didaxis XXXI - 1986-2016","og_description":"Pubblicazioni del D.AR.FI.CL.ET.","og_url":"https:\/\/www.ledizioni.it\/en\/product\/latina-didaxis-xxxi-1986-2016\/","og_site_name":"Ledizioni","article_publisher":"https:\/\/www.facebook.com\/pages\/Ledizioni-LediPublishing\/109120559173329","article_modified_time":"2020-07-28T03:21:03+00:00","og_image":[{"width":1462,"height":1876,"url":"https:\/\/www.ledizioni.it\/stag\/wp-content\/uploads\/2017\/05\/COVER_3D.jpg","type":"image\/jpeg"}],"twitter_card":"summary_large_image","twitter_site":"@ledizioni","twitter_misc":{"Estimated reading time":"1 minute"},"schema":{"@context":"https:\/\/schema.org","@graph":[{"@type":"WebPage","@id":"https:\/\/www.ledizioni.it\/prodotto\/latina-didaxis-xxxi-1986-2016\/","url":"https:\/\/www.ledizioni.it\/prodotto\/latina-didaxis-xxxi-1986-2016\/","name":"Latina Didaxis XXXI - 1986-2016","isPartOf":{"@id":"https:\/\/www.ledizioni.it\/#website"},"primaryImageOfPage":{"@id":"https:\/\/www.ledizioni.it\/prodotto\/latina-didaxis-xxxi-1986-2016\/#primaryimage"},"image":{"@id":"https:\/\/www.ledizioni.it\/prodotto\/latina-didaxis-xxxi-1986-2016\/#primaryimage"},"thumbnailUrl":"https:\/\/www.ledizioni.it\/stag\/wp-content\/uploads\/2017\/05\/COVER_3D.jpg","datePublished":"2017-05-22T12:20:05+00:00","dateModified":"2020-07-28T03:21:03+00:00","description":"D.AR.FI.CL.ET. Publications","breadcrumb":{"@id":"https:\/\/www.ledizioni.it\/prodotto\/latina-didaxis-xxxi-1986-2016\/#breadcrumb"},"inLanguage":"en-GB","potentialAction":[{"@type":"ReadAction","target":["https:\/\/www.ledizioni.it\/prodotto\/latina-didaxis-xxxi-1986-2016\/"]}]},{"@type":"ImageObject","inLanguage":"en-GB","@id":"https:\/\/www.ledizioni.it\/prodotto\/latina-didaxis-xxxi-1986-2016\/#primaryimage","url":"https:\/\/www.ledizioni.it\/stag\/wp-content\/uploads\/2017\/05\/COVER_3D.jpg","contentUrl":"https:\/\/www.ledizioni.it\/stag\/wp-content\/uploads\/2017\/05\/COVER_3D.jpg","width":1462,"height":1876},{"@type":"BreadcrumbList","@id":"https:\/\/www.ledizioni.it\/prodotto\/latina-didaxis-xxxi-1986-2016\/#breadcrumb","itemListElement":[{"@type":"ListItem","position":1,"name":"Shop","item":"https:\/\/www.ledizioni.it\/shop-2\/"},{"@type":"ListItem","position":2,"name":"Latina Didaxis XXXI &#8211; 1986-2016"}]},{"@type":"WebSite","@id":"https:\/\/www.ledizioni.it\/#website","url":"https:\/\/www.ledizioni.it\/","name":"Ledizioni","description":"The Innovative LediPublishing Company - Casa Editrice Universitaria","publisher":{"@id":"https:\/\/www.ledizioni.it\/#organization"},"potentialAction":[{"@type":"SearchAction","target":{"@type":"EntryPoint","urlTemplate":"https:\/\/www.ledizioni.it\/?s={search_term_string}"},"query-input":{"@type":"PropertyValueSpecification","valueRequired":true,"valueName":"search_term_string"}}],"inLanguage":"en-GB"},{"@type":"Organization","@id":"https:\/\/www.ledizioni.it\/#organization","name":"Ledizioni","url":"https:\/\/www.ledizioni.it\/","logo":{"@type":"ImageObject","inLanguage":"en-GB","@id":"https:\/\/www.ledizioni.it\/#\/schema\/logo\/image\/","url":"https:\/\/www.ledizioni.it\/stag\/wp-content\/uploads\/2023\/10\/newlogoledizioni500x110_2-1.jpg","contentUrl":"https:\/\/www.ledizioni.it\/stag\/wp-content\/uploads\/2023\/10\/newlogoledizioni500x110_2-1.jpg","width":354,"height":87,"caption":"Ledizioni"},"image":{"@id":"https:\/\/www.ledizioni.it\/#\/schema\/logo\/image\/"},"sameAs":["https:\/\/www.facebook.com\/pages\/Ledizioni-LediPublishing\/109120559173329","https:\/\/x.com\/ledizioni"]}]}},"jetpack_sharing_enabled":true,"_links":{"self":[{"href":"https:\/\/www.ledizioni.it\/en\/wp-json\/wp\/v2\/product\/17485","targetHints":{"allow":["GET"]}}],"collection":[{"href":"https:\/\/www.ledizioni.it\/en\/wp-json\/wp\/v2\/product"}],"about":[{"href":"https:\/\/www.ledizioni.it\/en\/wp-json\/wp\/v2\/types\/product"}],"replies":[{"embeddable":true,"href":"https:\/\/www.ledizioni.it\/en\/wp-json\/wp\/v2\/comments?post=17485"}],"version-history":[{"count":0,"href":"https:\/\/www.ledizioni.it\/en\/wp-json\/wp\/v2\/product\/17485\/revisions"}],"wp:featuredmedia":[{"embeddable":true,"href":"https:\/\/www.ledizioni.it\/en\/wp-json\/wp\/v2\/media\/17486"}],"wp:attachment":[{"href":"https:\/\/www.ledizioni.it\/en\/wp-json\/wp\/v2\/media?parent=17485"}],"wp:term":[{"taxonomy":"product_brand","embeddable":true,"href":"https:\/\/www.ledizioni.it\/en\/wp-json\/wp\/v2\/product_brand?post=17485"},{"taxonomy":"product_cat","embeddable":true,"href":"https:\/\/www.ledizioni.it\/en\/wp-json\/wp\/v2\/product_cat?post=17485"},{"taxonomy":"product_tag","embeddable":true,"href":"https:\/\/www.ledizioni.it\/en\/wp-json\/wp\/v2\/product_tag?post=17485"}],"curies":[{"name":"wp","href":"https:\/\/api.w.org\/{rel}","templated":true}]}}