{"id":17621,"date":"2017-06-12T14:07:31","date_gmt":"2017-06-12T14:07:31","guid":{"rendered":"http:\/\/www.ledizioni.it\/prodotto\/m-marzullo-spazi-sepolti\/"},"modified":"2021-09-20T10:27:03","modified_gmt":"2021-09-20T08:27:03","slug":"m-marzullo-spazi-sepolti","status":"publish","type":"product","link":"https:\/\/www.ledizioni.it\/en\/product\/m-marzullo-spazi-sepolti\/","title":{"rendered":"SPAZI SEPOLTI"},"content":{"rendered":"<p style=\"text-align: justify;\">I monumenti funerari dipinti ad oggi conservati o fin qui portati in luce dagli scavi e dalle ricerche, formano un complesso di testimonianze eccezionali per qualit\u00e0 e quantit\u00e0 e costituiscono la base di partenza dell\u2019indagine mirata ad indagare le scelte e le motivazioni alla radice della loro formazione e del loro sviluppo.<br \/>\nIn questo panorama le qualit\u00e0 che caratterizzano Tarquinia non sembrano contraddistinguere allo stesso modo le altre metropoli etrusche, denotando con marcata evidenza l\u2019esistenza di credenze specifiche alla base della progettazione degli ambienti funerari. La pittura parietale, infatti, raggiunse la massima espressione in questo distretto, e per tali ragioni la ricerca si concentra sulle caratteristiche locali di questo noto fenomeno. Vengono sviluppate categorie specifiche che tengono conto di ciascuna peculiarit\u00e0, gemmando in maniera diretta dai dati raccolti sistematicamente in circa cinquecento monumenti. Lo studio procede esaminando parallelamente gli aspetti architettonici e quelli connessi alla pittura, valutando le due categorie nella propria autoconsistenza. La ricorrenza associativa dei singoli attributi pertinenti alle due serie testimoniali porta alla formazione di tipologie specifiche per Tarquinia, attraverso cui \u00e8 possibile procedere nella classificazione di ciascun ipogeo. Soltanto a seguito del confronto fra le due sequenze si perviene a una visione unitaria del processo che ha portato alla creazione dello spazio funerario.<br \/>\nL\u2019analisi del ricorrere di associazioni fra costanti nella conformazione architettonica degli ipogei e nella loro decorazione pittorica, valutate in rapporto alla soglia cronologica in cui compaiono, consente di cogliere per la prima volta in maniera integrale l\u2019evoluzione dei sistemi compositivi delle tombe dipinte di Tarquinia. I risultati permettono quindi di circoscrivere la datazione di ciascun ipogeo, compresi i monumenti privi di figurazioni ma comunque dipinti, offrendo dati utili ad una determinazione pi\u00f9 precisa dei margini cronologici delle tombe dipinte gi\u00e0 note. Grazie a questo inquadramento \u00e8 possibile osservare pi\u00f9 nel dettaglio la distribuzione quantitativa degli ipogei nell\u2019evoluzione cronologica, inducendo a rivedere le ragioni, gli scopi, la valenza sociale e il ruolo dei monumenti all\u2019interno della collettivit\u00e0.<br \/>\nTali istanze portano inevitabilmente ad interrogarsi sulle ragioni da cui ebbero origine il concetto di ipogeo dipinto, la sua forma e le sue caratteristiche, fattori che vengono individuati fra elementi di tradizione locale e contatti mediterranei. Segue il tentativo di tematizzare contenuti ed effetti del messaggio visivo di volta in volta trasmesso mediante gli elementi che costituiscono le tombe tarquiniesi. Se da un lato gli aspetti architettonici sembrano suggerire una precisa volont\u00e0 di organizzarle secondo specifici e duraturi principi riconoscibili sin dagli albori, dall\u2019altro la verifica strutturale dei possibili sistemi architettonici realizzati tramite pittura risulta di fondamentale importanza nel chiarire il margine di corrispondenza con quanto \u00e8 attuabile nella realt\u00e0. Le conclusioni che ne derivano precisano il ruolo della decorazione lineare nella comunicazione visiva e risultano cruciali nell\u2019indicare quali messaggi potevano essere espressi mediante il modo di percepire lo spazio e i dipinti in esso contenuti. Da ci\u00f2 deriva che l\u2019ambiente della tomba era innanzitutto concepito come uno spazio immaginato, all\u2019interno del quale pittura e architettura forniscono le chiavi di lettura per comprenderne di volta in volta accezioni e significati.<\/p>\n<p style=\"text-align: justify;\"><strong>DATI BIBLIOGRAFICI<\/strong><\/p>\n<p>Autore: Matilde Marzullo<br \/>\nEditore: Ledizioni<br \/>\nCollana: <a href=\"https:\/\/www.ledizioni.it\/en\/collane\/archeologia\/supplementi-di-tarchna\/\">Tarchna Supplements<\/a>n.7<br \/>\nPubblicato in: maggio 2017<br \/>\nISBN: 9788867055036<br \/>\nFormato: Cartaceo, brossura con alette ed eBook in PDF<br \/>\nPagine: 255<br \/>\nPrezzo: 55\u20ac &#8211; 40\u20ac<\/p>","protected":false},"excerpt":{"rendered":"<p>I monumenti funerari dipinti ad oggi conservati o fin qui portati in luce dagli scavi e dalle ricerche, formano un<\/p>","protected":false},"featured_media":17622,"comment_status":"open","ping_status":"closed","template":"","meta":{"_acf_changed":false},"product_brand":[],"product_cat":[2639],"product_tag":[1460,1458,1459],"class_list":{"0":"post-17621","1":"product","2":"type-product","3":"status-publish","4":"has-post-thumbnail","6":"product_cat-supplementi-di-tarchna","7":"product_tag-etruschi","8":"product_tag-tarquinia","9":"product_tag-tombe","10":"pa_formato-cartaceo","11":"pa_formato-ebook-in-pdf","13":"first","14":"instock","15":"featured","16":"shipping-taxable","17":"purchasable","18":"product-type-variable","19":"has-default-attributes"},"acf":[],"yoast_head":"<!-- This site is optimized with the Yoast SEO plugin v27.4 - https:\/\/yoast.com\/product\/yoast-seo-wordpress\/ -->\n<title>SPAZI SEPOLTI -<\/title>\n<meta name=\"description\" content=\"Spazi sepolti e dimensioni dipinte nelle tombe etrusche di Tarquinia a cura di Matilde Marzullo, studi su Tarquinia, Collana Tarchna di Ledizioni.\" \/>\n<meta name=\"robots\" content=\"index, follow, max-snippet:-1, max-image-preview:large, max-video-preview:-1\" \/>\n<link rel=\"canonical\" href=\"https:\/\/www.ledizioni.it\/en\/product\/m-marzullo-spazi-sepolti\/\" \/>\n<meta property=\"og:locale\" content=\"en_GB\" \/>\n<meta property=\"og:type\" content=\"article\" \/>\n<meta property=\"og:title\" content=\"SPAZI SEPOLTI -\" \/>\n<meta property=\"og:description\" content=\"Spazi sepolti e dimensioni dipinte nelle tombe etrusche di Tarquinia a cura di Matilde Marzullo, studi su Tarquinia, Collana Tarchna di Ledizioni.\" \/>\n<meta property=\"og:url\" content=\"https:\/\/www.ledizioni.it\/en\/product\/m-marzullo-spazi-sepolti\/\" \/>\n<meta property=\"og:site_name\" content=\"Ledizioni\" \/>\n<meta property=\"article:publisher\" content=\"https:\/\/www.facebook.com\/pages\/Ledizioni-LediPublishing\/109120559173329\" \/>\n<meta property=\"article:modified_time\" content=\"2021-09-20T08:27:03+00:00\" \/>\n<meta property=\"og:image\" content=\"https:\/\/www.ledizioni.it\/stag\/wp-content\/uploads\/2017\/06\/Spazi_cover3D.jpg\" \/>\n\t<meta property=\"og:image:width\" content=\"1492\" \/>\n\t<meta property=\"og:image:height\" content=\"1932\" \/>\n\t<meta property=\"og:image:type\" content=\"image\/jpeg\" \/>\n<meta name=\"twitter:card\" content=\"summary_large_image\" \/>\n<meta name=\"twitter:site\" content=\"@ledizioni\" \/>\n<meta name=\"twitter:label1\" content=\"Estimated reading time\" \/>\n\t<meta name=\"twitter:data1\" content=\"3 minutes\" \/>\n<script type=\"application\/ld+json\" class=\"yoast-schema-graph\">{\"@context\":\"https:\\\/\\\/schema.org\",\"@graph\":[{\"@type\":\"WebPage\",\"@id\":\"https:\\\/\\\/www.ledizioni.it\\\/prodotto\\\/m-marzullo-spazi-sepolti\\\/\",\"url\":\"https:\\\/\\\/www.ledizioni.it\\\/prodotto\\\/m-marzullo-spazi-sepolti\\\/\",\"name\":\"SPAZI SEPOLTI -\",\"isPartOf\":{\"@id\":\"https:\\\/\\\/www.ledizioni.it\\\/#website\"},\"primaryImageOfPage\":{\"@id\":\"https:\\\/\\\/www.ledizioni.it\\\/prodotto\\\/m-marzullo-spazi-sepolti\\\/#primaryimage\"},\"image\":{\"@id\":\"https:\\\/\\\/www.ledizioni.it\\\/prodotto\\\/m-marzullo-spazi-sepolti\\\/#primaryimage\"},\"thumbnailUrl\":\"https:\\\/\\\/www.ledizioni.it\\\/stag\\\/wp-content\\\/uploads\\\/2017\\\/06\\\/Spazi_cover3D.jpg\",\"datePublished\":\"2017-06-12T14:07:31+00:00\",\"dateModified\":\"2021-09-20T08:27:03+00:00\",\"description\":\"Spazi sepolti e dimensioni dipinte nelle tombe etrusche di Tarquinia a cura di Matilde Marzullo, studi su Tarquinia, Collana Tarchna di Ledizioni.\",\"breadcrumb\":{\"@id\":\"https:\\\/\\\/www.ledizioni.it\\\/prodotto\\\/m-marzullo-spazi-sepolti\\\/#breadcrumb\"},\"inLanguage\":\"en-GB\",\"potentialAction\":[{\"@type\":\"ReadAction\",\"target\":[\"https:\\\/\\\/www.ledizioni.it\\\/prodotto\\\/m-marzullo-spazi-sepolti\\\/\"]}]},{\"@type\":\"ImageObject\",\"inLanguage\":\"en-GB\",\"@id\":\"https:\\\/\\\/www.ledizioni.it\\\/prodotto\\\/m-marzullo-spazi-sepolti\\\/#primaryimage\",\"url\":\"https:\\\/\\\/www.ledizioni.it\\\/stag\\\/wp-content\\\/uploads\\\/2017\\\/06\\\/Spazi_cover3D.jpg\",\"contentUrl\":\"https:\\\/\\\/www.ledizioni.it\\\/stag\\\/wp-content\\\/uploads\\\/2017\\\/06\\\/Spazi_cover3D.jpg\",\"width\":1492,\"height\":1932},{\"@type\":\"BreadcrumbList\",\"@id\":\"https:\\\/\\\/www.ledizioni.it\\\/prodotto\\\/m-marzullo-spazi-sepolti\\\/#breadcrumb\",\"itemListElement\":[{\"@type\":\"ListItem\",\"position\":1,\"name\":\"Shop\",\"item\":\"https:\\\/\\\/www.ledizioni.it\\\/shop-2\\\/\"},{\"@type\":\"ListItem\",\"position\":2,\"name\":\"SPAZI SEPOLTI\"}]},{\"@type\":\"WebSite\",\"@id\":\"https:\\\/\\\/www.ledizioni.it\\\/#website\",\"url\":\"https:\\\/\\\/www.ledizioni.it\\\/\",\"name\":\"Ledizioni\",\"description\":\"The Innovative LediPublishing Company - Casa Editrice Universitaria\",\"publisher\":{\"@id\":\"https:\\\/\\\/www.ledizioni.it\\\/#organization\"},\"potentialAction\":[{\"@type\":\"SearchAction\",\"target\":{\"@type\":\"EntryPoint\",\"urlTemplate\":\"https:\\\/\\\/www.ledizioni.it\\\/?s={search_term_string}\"},\"query-input\":{\"@type\":\"PropertyValueSpecification\",\"valueRequired\":true,\"valueName\":\"search_term_string\"}}],\"inLanguage\":\"en-GB\"},{\"@type\":\"Organization\",\"@id\":\"https:\\\/\\\/www.ledizioni.it\\\/#organization\",\"name\":\"Ledizioni\",\"url\":\"https:\\\/\\\/www.ledizioni.it\\\/\",\"logo\":{\"@type\":\"ImageObject\",\"inLanguage\":\"en-GB\",\"@id\":\"https:\\\/\\\/www.ledizioni.it\\\/#\\\/schema\\\/logo\\\/image\\\/\",\"url\":\"https:\\\/\\\/www.ledizioni.it\\\/stag\\\/wp-content\\\/uploads\\\/2023\\\/10\\\/newlogoledizioni500x110_2-1.jpg\",\"contentUrl\":\"https:\\\/\\\/www.ledizioni.it\\\/stag\\\/wp-content\\\/uploads\\\/2023\\\/10\\\/newlogoledizioni500x110_2-1.jpg\",\"width\":354,\"height\":87,\"caption\":\"Ledizioni\"},\"image\":{\"@id\":\"https:\\\/\\\/www.ledizioni.it\\\/#\\\/schema\\\/logo\\\/image\\\/\"},\"sameAs\":[\"https:\\\/\\\/www.facebook.com\\\/pages\\\/Ledizioni-LediPublishing\\\/109120559173329\",\"https:\\\/\\\/x.com\\\/ledizioni\"]}]}<\/script>\n<!-- \/ Yoast SEO plugin. -->","yoast_head_json":{"title":"SPAZI SEPOLTI -","description":"Spazi sepolti e dimensioni dipinte nelle tombe etrusche di Tarquinia a cura di Matilde Marzullo, studi su Tarquinia, Collana Tarchna di Ledizioni.","robots":{"index":"index","follow":"follow","max-snippet":"max-snippet:-1","max-image-preview":"max-image-preview:large","max-video-preview":"max-video-preview:-1"},"canonical":"https:\/\/www.ledizioni.it\/en\/product\/m-marzullo-spazi-sepolti\/","og_locale":"en_GB","og_type":"article","og_title":"SPAZI SEPOLTI -","og_description":"Spazi sepolti e dimensioni dipinte nelle tombe etrusche di Tarquinia a cura di Matilde Marzullo, studi su Tarquinia, Collana Tarchna di Ledizioni.","og_url":"https:\/\/www.ledizioni.it\/en\/product\/m-marzullo-spazi-sepolti\/","og_site_name":"Ledizioni","article_publisher":"https:\/\/www.facebook.com\/pages\/Ledizioni-LediPublishing\/109120559173329","article_modified_time":"2021-09-20T08:27:03+00:00","og_image":[{"width":1492,"height":1932,"url":"https:\/\/www.ledizioni.it\/stag\/wp-content\/uploads\/2017\/06\/Spazi_cover3D.jpg","type":"image\/jpeg"}],"twitter_card":"summary_large_image","twitter_site":"@ledizioni","twitter_misc":{"Estimated reading time":"3 minutes"},"schema":{"@context":"https:\/\/schema.org","@graph":[{"@type":"WebPage","@id":"https:\/\/www.ledizioni.it\/prodotto\/m-marzullo-spazi-sepolti\/","url":"https:\/\/www.ledizioni.it\/prodotto\/m-marzullo-spazi-sepolti\/","name":"SPAZI SEPOLTI -","isPartOf":{"@id":"https:\/\/www.ledizioni.it\/#website"},"primaryImageOfPage":{"@id":"https:\/\/www.ledizioni.it\/prodotto\/m-marzullo-spazi-sepolti\/#primaryimage"},"image":{"@id":"https:\/\/www.ledizioni.it\/prodotto\/m-marzullo-spazi-sepolti\/#primaryimage"},"thumbnailUrl":"https:\/\/www.ledizioni.it\/stag\/wp-content\/uploads\/2017\/06\/Spazi_cover3D.jpg","datePublished":"2017-06-12T14:07:31+00:00","dateModified":"2021-09-20T08:27:03+00:00","description":"Spazi sepolti e dimensioni dipinte nelle tombe etrusche di Tarquinia a cura di Matilde Marzullo, studi su Tarquinia, Collana Tarchna di Ledizioni.","breadcrumb":{"@id":"https:\/\/www.ledizioni.it\/prodotto\/m-marzullo-spazi-sepolti\/#breadcrumb"},"inLanguage":"en-GB","potentialAction":[{"@type":"ReadAction","target":["https:\/\/www.ledizioni.it\/prodotto\/m-marzullo-spazi-sepolti\/"]}]},{"@type":"ImageObject","inLanguage":"en-GB","@id":"https:\/\/www.ledizioni.it\/prodotto\/m-marzullo-spazi-sepolti\/#primaryimage","url":"https:\/\/www.ledizioni.it\/stag\/wp-content\/uploads\/2017\/06\/Spazi_cover3D.jpg","contentUrl":"https:\/\/www.ledizioni.it\/stag\/wp-content\/uploads\/2017\/06\/Spazi_cover3D.jpg","width":1492,"height":1932},{"@type":"BreadcrumbList","@id":"https:\/\/www.ledizioni.it\/prodotto\/m-marzullo-spazi-sepolti\/#breadcrumb","itemListElement":[{"@type":"ListItem","position":1,"name":"Shop","item":"https:\/\/www.ledizioni.it\/shop-2\/"},{"@type":"ListItem","position":2,"name":"SPAZI SEPOLTI"}]},{"@type":"WebSite","@id":"https:\/\/www.ledizioni.it\/#website","url":"https:\/\/www.ledizioni.it\/","name":"Ledizioni","description":"The Innovative LediPublishing Company - Casa Editrice Universitaria","publisher":{"@id":"https:\/\/www.ledizioni.it\/#organization"},"potentialAction":[{"@type":"SearchAction","target":{"@type":"EntryPoint","urlTemplate":"https:\/\/www.ledizioni.it\/?s={search_term_string}"},"query-input":{"@type":"PropertyValueSpecification","valueRequired":true,"valueName":"search_term_string"}}],"inLanguage":"en-GB"},{"@type":"Organization","@id":"https:\/\/www.ledizioni.it\/#organization","name":"Ledizioni","url":"https:\/\/www.ledizioni.it\/","logo":{"@type":"ImageObject","inLanguage":"en-GB","@id":"https:\/\/www.ledizioni.it\/#\/schema\/logo\/image\/","url":"https:\/\/www.ledizioni.it\/stag\/wp-content\/uploads\/2023\/10\/newlogoledizioni500x110_2-1.jpg","contentUrl":"https:\/\/www.ledizioni.it\/stag\/wp-content\/uploads\/2023\/10\/newlogoledizioni500x110_2-1.jpg","width":354,"height":87,"caption":"Ledizioni"},"image":{"@id":"https:\/\/www.ledizioni.it\/#\/schema\/logo\/image\/"},"sameAs":["https:\/\/www.facebook.com\/pages\/Ledizioni-LediPublishing\/109120559173329","https:\/\/x.com\/ledizioni"]}]}},"jetpack_sharing_enabled":true,"_links":{"self":[{"href":"https:\/\/www.ledizioni.it\/en\/wp-json\/wp\/v2\/product\/17621","targetHints":{"allow":["GET"]}}],"collection":[{"href":"https:\/\/www.ledizioni.it\/en\/wp-json\/wp\/v2\/product"}],"about":[{"href":"https:\/\/www.ledizioni.it\/en\/wp-json\/wp\/v2\/types\/product"}],"replies":[{"embeddable":true,"href":"https:\/\/www.ledizioni.it\/en\/wp-json\/wp\/v2\/comments?post=17621"}],"version-history":[{"count":1,"href":"https:\/\/www.ledizioni.it\/en\/wp-json\/wp\/v2\/product\/17621\/revisions"}],"predecessor-version":[{"id":18604,"href":"https:\/\/www.ledizioni.it\/en\/wp-json\/wp\/v2\/product\/17621\/revisions\/18604"}],"wp:featuredmedia":[{"embeddable":true,"href":"https:\/\/www.ledizioni.it\/en\/wp-json\/wp\/v2\/media\/17622"}],"wp:attachment":[{"href":"https:\/\/www.ledizioni.it\/en\/wp-json\/wp\/v2\/media?parent=17621"}],"wp:term":[{"taxonomy":"product_brand","embeddable":true,"href":"https:\/\/www.ledizioni.it\/en\/wp-json\/wp\/v2\/product_brand?post=17621"},{"taxonomy":"product_cat","embeddable":true,"href":"https:\/\/www.ledizioni.it\/en\/wp-json\/wp\/v2\/product_cat?post=17621"},{"taxonomy":"product_tag","embeddable":true,"href":"https:\/\/www.ledizioni.it\/en\/wp-json\/wp\/v2\/product_tag?post=17621"}],"curies":[{"name":"wp","href":"https:\/\/api.w.org\/{rel}","templated":true}]}}