{"id":17748,"date":"2017-06-29T08:14:47","date_gmt":"2017-06-29T06:14:47","guid":{"rendered":"http:\/\/www.ledizioni.it\/prodotto\/rodriguez-amaya-a-cura-di-la-politica-de-la-mirada\/"},"modified":"2021-05-28T17:47:34","modified_gmt":"2021-05-28T15:47:34","slug":"rodriguez-amaya-a-cura-di-la-politica-de-la-mirada","status":"publish","type":"product","link":"https:\/\/www.ledizioni.it\/en\/product\/rodriguez-amaya-a-cura-di-la-politica-de-la-mirada\/","title":{"rendered":"LA POL\u00cdTICA DE LA MIRADA"},"content":{"rendered":"<p style=\"text-align: justify;\">Experiencia art\u00edstica y vital de la incomunicaci\u00f3n, la de Felisberto Hern\u00e1ndez (Montevideo 1902-1964), es, sobre todo, reflejo conjetural de la soledad, en cuanto desarraigo de lo sublime, y manifestaci\u00f3n inconclusa del rotundo fracaso humano y est\u00e9tico, existencial y \u00e9tico, de la que se premura por actualizar las lecturas, un grupo de sus lectores apasionados, amigos de su literatura, deslumbrados d\u00eda tras d\u00eda por esas grandes mentiras que revelan las m\u00e1s aut\u00e9nticas verdades, cual son las narradas por el gran montevideano. Afanosos por actualizar la lectura desde la perspectiva de medio siglo que ha transcurrido entre su ocultamiento definitivo del mundo de los mortales, a demostraci\u00f3n de que el af\u00e1n de Felisberto por no ser nada, por no representar a nadie es, quiz\u00e1, el modo m\u00e1s trivial y denso, m\u00e1s aut\u00e9ntico y legal, de ser y estar en el mundo. Esta certidumbre lo condujo a inventar narraciones con un \u00fanico objetivo: develar, desvelar y fabular el mundo en hechos est\u00e9ticos perdurables. Tan duraderos que hoy mueven a interpretaciones y lecturas in\u00e9ditas como las que se presentan en este libro, de escritores, cr\u00edticos y acad\u00e9micos invitados por las Universidades de Mil\u00e1n y de B\u00e9rgamo convocados por las funambelescas y sabias ocurrencias de Felisberto. Para inventar con \u00e9l c\u00f3mo, sin propon\u00e9rselo o sin saberlo, alteraba la percepci\u00f3n y la visi\u00f3n, desencadenaba al subconsciente, torturaba al inconsciente, agudizaba la irreversibilidad de la l\u00f3gica, tergiversaba su ciudad y al ser. Al hacer visible lo invisible, liberando la mente de la jaula de lo real, que es espantoso y no maravilloso, tanto cuanto la desesperanza y el abismo, y con humor del m\u00e1s negro, Felisberto subvert\u00eda el orden antinatural de las cosas. Y lograba renovar su \u00fanica y m\u00e1s aut\u00e9ntica verdad: la poes\u00eda: el m\u00e1s \u00fatil y vers\u00e1til instrumento para hacer memoria, para atajar, hoy, el avance de la vulgaridad y la obscenidad de la in-cultura neo-liberal.<\/p>\n<p style=\"text-align: justify;\">Estudios de: Irina Bajini, Maria Amalia Barchiesi, Luc\u00eda Campanella, Erminio Corti, Rosa Grillo, Eduardo Lalo, Emnauele Leonardi, Pablo Montoya, Ricardo Pallares, Santiago Montobbio, Fabio Rodr\u00edguez Amaya, Gabriel Saad y la participaci\u00f3n de Julio Olaciregui.<\/p>\n<p>&nbsp;<\/p>\n<h3 style=\"text-align: justify;\"><strong>DATI BIBLIOGRAFICI<\/strong><\/h3>\n<p style=\"text-align: justify;\">Autore: Fabio Rodr\u00edguez Amaya (a cura di)<br \/>\nEditore: Ledizioni<br \/>\nCollana: <a title=\"Di\/Segni\" href=\"http:\/\/www.ledizioni.it\/en\/collane\/letteratura\/disegni\/\">Di\/Segni<\/a><br \/>\nFormato: Brossura, 183 p. &#8211; PDF in Open Access<br \/>\nLingua: spagnolo<br \/>\nPubblicato in: Giugno 2017<br \/>\nISBN cartaceo: 9788867055739<br \/>\nPrezzo cartaceo: 24,00 \u20ac<\/p>\n<p><a href=\"https:\/\/www.torrossa.com\/it\/resources\/an\/4214104\"><img decoding=\"async\" class=\"aligncenter wp-image-23912\" src=\"https:\/\/www.ledizioni.it\/stag\/wp-content\/uploads\/2019\/07\/torrossa_web-150x80.jpg\" alt=\"\" width=\"200\" height=\"60\" \/><\/a><\/p>","protected":false},"excerpt":{"rendered":"<p>Experiencia art\u00edstica y vital de la incomunicaci\u00f3n, la de Felisberto Hern\u00e1ndez (Montevideo 1902-1964), es, sobre todo, reflejo conjetural de la<\/p>","protected":false},"featured_media":17751,"comment_status":"open","ping_status":"closed","template":"","meta":{"_acf_changed":false},"product_brand":[],"product_cat":[1080],"product_tag":[1499,764],"class_list":{"0":"post-17748","1":"product","2":"type-product","3":"status-publish","4":"has-post-thumbnail","6":"product_cat-disegni","7":"product_tag-spagnolo","8":"product_tag-open-access-2","9":"pa_formato-cartaceo","10":"pa_formato-ebook-in-pdf","11":"pa_lingua-spagnolo","13":"first","14":"instock","15":"featured","16":"shipping-taxable","17":"purchasable","18":"product-type-variable"},"acf":[],"yoast_head":"<!-- This site is optimized with the Yoast SEO plugin v27.3 - https:\/\/yoast.com\/product\/yoast-seo-wordpress\/ -->\n<title>F. Rodriguez Amaya, LA POLITICA DE LA MIRADA<\/title>\n<meta name=\"description\" content=\"Ledizioni - Innovative Publishing. Casa editrice universitaria. Open Access. eBook, ePub. Creative Commons.\" \/>\n<meta name=\"robots\" content=\"index, follow, max-snippet:-1, max-image-preview:large, max-video-preview:-1\" \/>\n<link rel=\"canonical\" href=\"https:\/\/www.ledizioni.it\/en\/product\/rodriguez-amaya-a-cura-di-la-politica-de-la-mirada\/\" \/>\n<meta property=\"og:locale\" content=\"en_GB\" \/>\n<meta property=\"og:type\" content=\"article\" \/>\n<meta property=\"og:title\" content=\"F. Rodriguez Amaya, LA POLITICA DE LA MIRADA\" \/>\n<meta property=\"og:description\" content=\"Ledizioni - Innovative Publishing. Casa editrice universitaria. Open Access. eBook, ePub. Creative Commons.\" \/>\n<meta property=\"og:url\" content=\"https:\/\/www.ledizioni.it\/en\/product\/rodriguez-amaya-a-cura-di-la-politica-de-la-mirada\/\" \/>\n<meta property=\"og:site_name\" content=\"Ledizioni\" \/>\n<meta property=\"article:publisher\" content=\"https:\/\/www.facebook.com\/pages\/Ledizioni-LediPublishing\/109120559173329\" \/>\n<meta property=\"article:modified_time\" content=\"2021-05-28T15:47:34+00:00\" \/>\n<meta property=\"og:image\" content=\"https:\/\/www.ledizioni.it\/stag\/wp-content\/uploads\/2017\/06\/Cover_3D-5.jpg\" \/>\n\t<meta property=\"og:image:width\" content=\"1492\" \/>\n\t<meta property=\"og:image:height\" content=\"1950\" \/>\n\t<meta property=\"og:image:type\" content=\"image\/jpeg\" \/>\n<meta name=\"twitter:card\" content=\"summary_large_image\" \/>\n<meta name=\"twitter:site\" content=\"@ledizioni\" \/>\n<meta name=\"twitter:label1\" content=\"Estimated reading time\" \/>\n\t<meta name=\"twitter:data1\" content=\"2 minutes\" \/>\n<script type=\"application\/ld+json\" class=\"yoast-schema-graph\">{\"@context\":\"https:\\\/\\\/schema.org\",\"@graph\":[{\"@type\":\"WebPage\",\"@id\":\"https:\\\/\\\/www.ledizioni.it\\\/prodotto\\\/rodriguez-amaya-a-cura-di-la-politica-de-la-mirada\\\/\",\"url\":\"https:\\\/\\\/www.ledizioni.it\\\/prodotto\\\/rodriguez-amaya-a-cura-di-la-politica-de-la-mirada\\\/\",\"name\":\"F. Rodriguez Amaya, LA POLITICA DE LA MIRADA\",\"isPartOf\":{\"@id\":\"https:\\\/\\\/www.ledizioni.it\\\/#website\"},\"primaryImageOfPage\":{\"@id\":\"https:\\\/\\\/www.ledizioni.it\\\/prodotto\\\/rodriguez-amaya-a-cura-di-la-politica-de-la-mirada\\\/#primaryimage\"},\"image\":{\"@id\":\"https:\\\/\\\/www.ledizioni.it\\\/prodotto\\\/rodriguez-amaya-a-cura-di-la-politica-de-la-mirada\\\/#primaryimage\"},\"thumbnailUrl\":\"https:\\\/\\\/www.ledizioni.it\\\/stag\\\/wp-content\\\/uploads\\\/2017\\\/06\\\/Cover_3D-5.jpg\",\"datePublished\":\"2017-06-29T06:14:47+00:00\",\"dateModified\":\"2021-05-28T15:47:34+00:00\",\"description\":\"Ledizioni - Innovative Publishing. Casa editrice universitaria. Open Access. eBook, ePub. Creative Commons.\",\"breadcrumb\":{\"@id\":\"https:\\\/\\\/www.ledizioni.it\\\/prodotto\\\/rodriguez-amaya-a-cura-di-la-politica-de-la-mirada\\\/#breadcrumb\"},\"inLanguage\":\"en-GB\",\"potentialAction\":[{\"@type\":\"ReadAction\",\"target\":[\"https:\\\/\\\/www.ledizioni.it\\\/prodotto\\\/rodriguez-amaya-a-cura-di-la-politica-de-la-mirada\\\/\"]}]},{\"@type\":\"ImageObject\",\"inLanguage\":\"en-GB\",\"@id\":\"https:\\\/\\\/www.ledizioni.it\\\/prodotto\\\/rodriguez-amaya-a-cura-di-la-politica-de-la-mirada\\\/#primaryimage\",\"url\":\"https:\\\/\\\/www.ledizioni.it\\\/stag\\\/wp-content\\\/uploads\\\/2017\\\/06\\\/Cover_3D-5.jpg\",\"contentUrl\":\"https:\\\/\\\/www.ledizioni.it\\\/stag\\\/wp-content\\\/uploads\\\/2017\\\/06\\\/Cover_3D-5.jpg\",\"width\":1492,\"height\":1950},{\"@type\":\"BreadcrumbList\",\"@id\":\"https:\\\/\\\/www.ledizioni.it\\\/prodotto\\\/rodriguez-amaya-a-cura-di-la-politica-de-la-mirada\\\/#breadcrumb\",\"itemListElement\":[{\"@type\":\"ListItem\",\"position\":1,\"name\":\"Shop\",\"item\":\"https:\\\/\\\/www.ledizioni.it\\\/shop-2\\\/\"},{\"@type\":\"ListItem\",\"position\":2,\"name\":\"LA POL\u00cdTICA DE LA MIRADA\"}]},{\"@type\":\"WebSite\",\"@id\":\"https:\\\/\\\/www.ledizioni.it\\\/#website\",\"url\":\"https:\\\/\\\/www.ledizioni.it\\\/\",\"name\":\"Ledizioni\",\"description\":\"The Innovative LediPublishing Company - Casa Editrice Universitaria\",\"publisher\":{\"@id\":\"https:\\\/\\\/www.ledizioni.it\\\/#organization\"},\"potentialAction\":[{\"@type\":\"SearchAction\",\"target\":{\"@type\":\"EntryPoint\",\"urlTemplate\":\"https:\\\/\\\/www.ledizioni.it\\\/?s={search_term_string}\"},\"query-input\":{\"@type\":\"PropertyValueSpecification\",\"valueRequired\":true,\"valueName\":\"search_term_string\"}}],\"inLanguage\":\"en-GB\"},{\"@type\":\"Organization\",\"@id\":\"https:\\\/\\\/www.ledizioni.it\\\/#organization\",\"name\":\"Ledizioni\",\"url\":\"https:\\\/\\\/www.ledizioni.it\\\/\",\"logo\":{\"@type\":\"ImageObject\",\"inLanguage\":\"en-GB\",\"@id\":\"https:\\\/\\\/www.ledizioni.it\\\/#\\\/schema\\\/logo\\\/image\\\/\",\"url\":\"https:\\\/\\\/www.ledizioni.it\\\/stag\\\/wp-content\\\/uploads\\\/2023\\\/10\\\/newlogoledizioni500x110_2-1.jpg\",\"contentUrl\":\"https:\\\/\\\/www.ledizioni.it\\\/stag\\\/wp-content\\\/uploads\\\/2023\\\/10\\\/newlogoledizioni500x110_2-1.jpg\",\"width\":354,\"height\":87,\"caption\":\"Ledizioni\"},\"image\":{\"@id\":\"https:\\\/\\\/www.ledizioni.it\\\/#\\\/schema\\\/logo\\\/image\\\/\"},\"sameAs\":[\"https:\\\/\\\/www.facebook.com\\\/pages\\\/Ledizioni-LediPublishing\\\/109120559173329\",\"https:\\\/\\\/x.com\\\/ledizioni\"]}]}<\/script>\n<!-- \/ Yoast SEO plugin. -->","yoast_head_json":{"title":"F. Rodriguez Amaya, LA POLITICA DE LA MIRADA","description":"Ledizioni - Innovative Publishing. Casa editrice universitaria. Open Access. eBook, ePub. Creative Commons.","robots":{"index":"index","follow":"follow","max-snippet":"max-snippet:-1","max-image-preview":"max-image-preview:large","max-video-preview":"max-video-preview:-1"},"canonical":"https:\/\/www.ledizioni.it\/en\/product\/rodriguez-amaya-a-cura-di-la-politica-de-la-mirada\/","og_locale":"en_GB","og_type":"article","og_title":"F. Rodriguez Amaya, LA POLITICA DE LA MIRADA","og_description":"Ledizioni - Innovative Publishing. Casa editrice universitaria. Open Access. eBook, ePub. Creative Commons.","og_url":"https:\/\/www.ledizioni.it\/en\/product\/rodriguez-amaya-a-cura-di-la-politica-de-la-mirada\/","og_site_name":"Ledizioni","article_publisher":"https:\/\/www.facebook.com\/pages\/Ledizioni-LediPublishing\/109120559173329","article_modified_time":"2021-05-28T15:47:34+00:00","og_image":[{"width":1492,"height":1950,"url":"https:\/\/www.ledizioni.it\/stag\/wp-content\/uploads\/2017\/06\/Cover_3D-5.jpg","type":"image\/jpeg"}],"twitter_card":"summary_large_image","twitter_site":"@ledizioni","twitter_misc":{"Estimated reading time":"2 minutes"},"schema":{"@context":"https:\/\/schema.org","@graph":[{"@type":"WebPage","@id":"https:\/\/www.ledizioni.it\/prodotto\/rodriguez-amaya-a-cura-di-la-politica-de-la-mirada\/","url":"https:\/\/www.ledizioni.it\/prodotto\/rodriguez-amaya-a-cura-di-la-politica-de-la-mirada\/","name":"F. Rodriguez Amaya, LA POLITICA DE LA MIRADA","isPartOf":{"@id":"https:\/\/www.ledizioni.it\/#website"},"primaryImageOfPage":{"@id":"https:\/\/www.ledizioni.it\/prodotto\/rodriguez-amaya-a-cura-di-la-politica-de-la-mirada\/#primaryimage"},"image":{"@id":"https:\/\/www.ledizioni.it\/prodotto\/rodriguez-amaya-a-cura-di-la-politica-de-la-mirada\/#primaryimage"},"thumbnailUrl":"https:\/\/www.ledizioni.it\/stag\/wp-content\/uploads\/2017\/06\/Cover_3D-5.jpg","datePublished":"2017-06-29T06:14:47+00:00","dateModified":"2021-05-28T15:47:34+00:00","description":"Ledizioni - Innovative Publishing. Casa editrice universitaria. Open Access. eBook, ePub. Creative Commons.","breadcrumb":{"@id":"https:\/\/www.ledizioni.it\/prodotto\/rodriguez-amaya-a-cura-di-la-politica-de-la-mirada\/#breadcrumb"},"inLanguage":"en-GB","potentialAction":[{"@type":"ReadAction","target":["https:\/\/www.ledizioni.it\/prodotto\/rodriguez-amaya-a-cura-di-la-politica-de-la-mirada\/"]}]},{"@type":"ImageObject","inLanguage":"en-GB","@id":"https:\/\/www.ledizioni.it\/prodotto\/rodriguez-amaya-a-cura-di-la-politica-de-la-mirada\/#primaryimage","url":"https:\/\/www.ledizioni.it\/stag\/wp-content\/uploads\/2017\/06\/Cover_3D-5.jpg","contentUrl":"https:\/\/www.ledizioni.it\/stag\/wp-content\/uploads\/2017\/06\/Cover_3D-5.jpg","width":1492,"height":1950},{"@type":"BreadcrumbList","@id":"https:\/\/www.ledizioni.it\/prodotto\/rodriguez-amaya-a-cura-di-la-politica-de-la-mirada\/#breadcrumb","itemListElement":[{"@type":"ListItem","position":1,"name":"Shop","item":"https:\/\/www.ledizioni.it\/shop-2\/"},{"@type":"ListItem","position":2,"name":"LA POL\u00cdTICA DE LA MIRADA"}]},{"@type":"WebSite","@id":"https:\/\/www.ledizioni.it\/#website","url":"https:\/\/www.ledizioni.it\/","name":"Ledizioni","description":"The Innovative LediPublishing Company - Casa Editrice Universitaria","publisher":{"@id":"https:\/\/www.ledizioni.it\/#organization"},"potentialAction":[{"@type":"SearchAction","target":{"@type":"EntryPoint","urlTemplate":"https:\/\/www.ledizioni.it\/?s={search_term_string}"},"query-input":{"@type":"PropertyValueSpecification","valueRequired":true,"valueName":"search_term_string"}}],"inLanguage":"en-GB"},{"@type":"Organization","@id":"https:\/\/www.ledizioni.it\/#organization","name":"Ledizioni","url":"https:\/\/www.ledizioni.it\/","logo":{"@type":"ImageObject","inLanguage":"en-GB","@id":"https:\/\/www.ledizioni.it\/#\/schema\/logo\/image\/","url":"https:\/\/www.ledizioni.it\/stag\/wp-content\/uploads\/2023\/10\/newlogoledizioni500x110_2-1.jpg","contentUrl":"https:\/\/www.ledizioni.it\/stag\/wp-content\/uploads\/2023\/10\/newlogoledizioni500x110_2-1.jpg","width":354,"height":87,"caption":"Ledizioni"},"image":{"@id":"https:\/\/www.ledizioni.it\/#\/schema\/logo\/image\/"},"sameAs":["https:\/\/www.facebook.com\/pages\/Ledizioni-LediPublishing\/109120559173329","https:\/\/x.com\/ledizioni"]}]}},"jetpack_sharing_enabled":true,"_links":{"self":[{"href":"https:\/\/www.ledizioni.it\/en\/wp-json\/wp\/v2\/product\/17748","targetHints":{"allow":["GET"]}}],"collection":[{"href":"https:\/\/www.ledizioni.it\/en\/wp-json\/wp\/v2\/product"}],"about":[{"href":"https:\/\/www.ledizioni.it\/en\/wp-json\/wp\/v2\/types\/product"}],"replies":[{"embeddable":true,"href":"https:\/\/www.ledizioni.it\/en\/wp-json\/wp\/v2\/comments?post=17748"}],"version-history":[{"count":0,"href":"https:\/\/www.ledizioni.it\/en\/wp-json\/wp\/v2\/product\/17748\/revisions"}],"wp:featuredmedia":[{"embeddable":true,"href":"https:\/\/www.ledizioni.it\/en\/wp-json\/wp\/v2\/media\/17751"}],"wp:attachment":[{"href":"https:\/\/www.ledizioni.it\/en\/wp-json\/wp\/v2\/media?parent=17748"}],"wp:term":[{"taxonomy":"product_brand","embeddable":true,"href":"https:\/\/www.ledizioni.it\/en\/wp-json\/wp\/v2\/product_brand?post=17748"},{"taxonomy":"product_cat","embeddable":true,"href":"https:\/\/www.ledizioni.it\/en\/wp-json\/wp\/v2\/product_cat?post=17748"},{"taxonomy":"product_tag","embeddable":true,"href":"https:\/\/www.ledizioni.it\/en\/wp-json\/wp\/v2\/product_tag?post=17748"}],"curies":[{"name":"wp","href":"https:\/\/api.w.org\/{rel}","templated":true}]}}