{"id":17853,"date":"2017-07-25T13:13:11","date_gmt":"2017-07-25T13:13:11","guid":{"rendered":"http:\/\/www.ledizioni.it\/prodotto\/cuadernos-aispi-n-92017-nadie-se-le-dio-veneno-en-risa\/"},"modified":"2017-07-25T13:23:32","modified_gmt":"2017-07-25T13:23:32","slug":"cuadernos-aispi-n-92017-nadie-se-le-dio-veneno-en-risa","status":"publish","type":"product","link":"https:\/\/www.ledizioni.it\/en\/product\/cuadernos-aispi-n-92017-nadie-se-le-dio-veneno-en-risa\/","title":{"rendered":"Cuadernos AISPI  n. 9\/2017, \u201cA NADIE SE LE DIO VENENO EN RISA\u201d"},"content":{"rendered":"<h3><strong>Cuadernos AISPI: Revista semestral de la Associazione Ispanisti Italiani<br \/>\n<\/strong><\/h3>\n<h3><strong>9\/2017. \u201cA NADIE SE LE DIO VENENO EN RISA\u201d: EL HUMOR EN LAS LITERATURAS HISP\u00c1NICAS<br \/>\n<\/strong><\/h3>\n<p>&nbsp;<\/p>\n<p><strong>Editores<\/strong><br \/>\nMaria Rosso<br \/>\nRafael Bonilla Cerezo<\/p>\n<ul>\n<li>Introducci\u00f3n<\/li>\n<li>Aldo Ruffinatto, <em>Lo tr\u00e1gico y lo c\u00f3mico mezclado: historia de un dramaturgo fallido (Persiles, III.16-17)<\/em><\/li>\n<li>Roc\u00edo Jodar Jurado, <em>Del \u201cfugitivo troyano, hijo de la gran ramera\u201d y otros mitos. F\u00e1bulas mitol\u00f3gicas burlescas en las Delicias de Apolo<\/em><\/li>\n<li>Marcella Trambaioli, <em>Sor Marcela de San F\u00e9lix y el humorismo conventual<\/em><\/li>\n<li>Giovanna Fiordaliso, <em>Divagazioni sull\u2019umorismo: La caverna del humorismo di P\u00edo Baroja<\/em><\/li>\n<li>Donatella Siviero, <em>Juego y humor en la novela espa\u00f1ola entre los siglos XIX y XX<\/em><\/li>\n<li>Ida Grasso, <em>Senza Jacinta. Il poeta (non) ride nel Canzoniere<\/em><\/li>\n<li>Barbara Greco,<em> Del humor negro a la cr\u00edtica pol\u00edtica: Sesi\u00f3n secreta de Max Aub<\/em><\/li>\n<li>Aviva Garribba,<em> Resortes del humor en Zoopat\u00edas y zoofilias de Javier Tomeo<\/em><\/li>\n<li>Mar\u00eda Dolores Garc\u00eda S\u00e1nchez, <em>Heredero del absurdo: el humor en la obra literaria de Jos\u00e9 Luis Cuerda<\/em><\/li>\n<li>Giuliana Calabrese, <em>\u201cMe gusta divertir a la gente haci\u00e9ndola pensar\u201d. El recurso de la iron\u00eda humor\u00edstica en la poes\u00eda femenina actual<\/em><\/li>\n<li>Israel Mu\u00f1oz Gallarte, <em>La comicidad de la comedia pol\u00edtica griega y su reflejo en la cultura espa\u00f1ola contempor\u00e1nea: s\u00e1tira, utop\u00eda y absurdo<\/em><\/li>\n<\/ul>\n<p><em><br \/>\n<\/em><strong>RESE\u00d1AS<\/strong><\/p>\n<ul>\n<li><em>Paola Laskaris e Paolo Pintacuda (eds.), Intorno all\u2019epica ispanica<br \/>\n<\/em>(Francesca Leonetti)<\/li>\n<li><em>Armando L\u00f3pez Castro, Estudios sobre el \u201cLibro de Buen Amor\u201d <\/em>(Stefano Pradel)<\/li>\n<li><em>Alessandro Martinengo, Al margen de Quevedo. Paisajes naturales. Paisajes textuales <\/em>(Manuel \u00c1ngel Candelas Colodr\u00f3n)<em><br \/>\n<\/em><\/li>\n<\/ul>\n<p>&nbsp;<\/p>\n<h3><strong>DATI BIBLIOGRAFICI<\/strong><\/h3>\n<p>Curatori: Maria Rosso, Rafael Bonilla Cerezo<br \/>\nEditore: Ledizioni<br \/>\nCollana: <a href=\"http:\/\/www.ledizioni.it\/en\/collane\/letteratura\/cuadernos-aispi\/\" target=\"_blank\">Cuadernos AISPI<\/a><br \/>\nFormato: Brossura<br \/>\nPubblicato in: 2017<br \/>\nISSN cartaceo: 2283981X<br \/>\nPrezzo cartaceo: 25.00 \u20ac<\/p>","protected":false},"excerpt":{"rendered":"<p>Cuaderno AISPI n.9\/2017<\/p>","protected":false},"featured_media":17854,"comment_status":"open","ping_status":"closed","template":"","meta":{"_acf_changed":false},"product_brand":[],"product_cat":[767],"product_tag":[768],"class_list":{"0":"post-17853","1":"product","2":"type-product","3":"status-publish","4":"has-post-thumbnail","6":"product_cat-cuadernos-aispi","7":"product_tag-ispanisti","8":"pa_formato-cartaceo","9":"pa_lingua-spagnolo","11":"first","12":"instock","13":"featured","14":"shipping-taxable","15":"purchasable","16":"product-type-simple"},"acf":[],"yoast_head":"<!-- This site is optimized with the Yoast SEO plugin v27.3 - https:\/\/yoast.com\/product\/yoast-seo-wordpress\/ -->\n<title>Cuadernos AISPI n. 9\/2017, \u201cA NADIE SE LE DIO VENENO EN RISA\u201d -<\/title>\n<meta name=\"description\" content=\"Cuaderno AISPI n.8\/2016. Editores: Roc\u00edo Caravedo, Francisco Moreno Fern\u00e1ndez\" \/>\n<meta name=\"robots\" content=\"index, follow, max-snippet:-1, max-image-preview:large, max-video-preview:-1\" \/>\n<link rel=\"canonical\" href=\"https:\/\/www.ledizioni.it\/en\/product\/cuadernos-aispi-n-92017-nadie-se-le-dio-veneno-en-risa\/\" \/>\n<meta property=\"og:locale\" content=\"en_GB\" \/>\n<meta property=\"og:type\" content=\"article\" \/>\n<meta property=\"og:title\" content=\"Cuadernos AISPI n. 9\/2017, \u201cA NADIE SE LE DIO VENENO EN RISA\u201d -\" \/>\n<meta property=\"og:description\" content=\"Cuaderno AISPI n.8\/2016. Editores: Roc\u00edo Caravedo, Francisco Moreno Fern\u00e1ndez\" \/>\n<meta property=\"og:url\" content=\"https:\/\/www.ledizioni.it\/en\/product\/cuadernos-aispi-n-92017-nadie-se-le-dio-veneno-en-risa\/\" \/>\n<meta property=\"og:site_name\" content=\"Ledizioni\" \/>\n<meta property=\"article:publisher\" content=\"https:\/\/www.facebook.com\/pages\/Ledizioni-LediPublishing\/109120559173329\" \/>\n<meta property=\"article:modified_time\" content=\"2017-07-25T13:23:32+00:00\" \/>\n<meta property=\"og:image\" content=\"https:\/\/www.ledizioni.it\/stag\/wp-content\/uploads\/2017\/07\/Cover_3D-5.jpg\" \/>\n\t<meta property=\"og:image:width\" content=\"1463\" \/>\n\t<meta property=\"og:image:height\" content=\"1876\" \/>\n\t<meta property=\"og:image:type\" content=\"image\/jpeg\" \/>\n<meta name=\"twitter:card\" content=\"summary_large_image\" \/>\n<meta name=\"twitter:site\" content=\"@ledizioni\" \/>\n<meta name=\"twitter:label1\" content=\"Estimated reading time\" \/>\n\t<meta name=\"twitter:data1\" content=\"1 minute\" \/>\n<script type=\"application\/ld+json\" class=\"yoast-schema-graph\">{\"@context\":\"https:\\\/\\\/schema.org\",\"@graph\":[{\"@type\":\"WebPage\",\"@id\":\"https:\\\/\\\/www.ledizioni.it\\\/en\\\/product\\\/cuadernos-aispi-n-92017-nadie-se-le-dio-veneno-en-risa\\\/\",\"url\":\"https:\\\/\\\/www.ledizioni.it\\\/en\\\/product\\\/cuadernos-aispi-n-92017-nadie-se-le-dio-veneno-en-risa\\\/\",\"name\":\"Cuadernos AISPI n. 9\\\/2017, \u201cA NADIE SE LE DIO VENENO EN RISA\u201d -\",\"isPartOf\":{\"@id\":\"https:\\\/\\\/www.ledizioni.it\\\/#website\"},\"primaryImageOfPage\":{\"@id\":\"https:\\\/\\\/www.ledizioni.it\\\/en\\\/product\\\/cuadernos-aispi-n-92017-nadie-se-le-dio-veneno-en-risa\\\/#primaryimage\"},\"image\":{\"@id\":\"https:\\\/\\\/www.ledizioni.it\\\/en\\\/product\\\/cuadernos-aispi-n-92017-nadie-se-le-dio-veneno-en-risa\\\/#primaryimage\"},\"thumbnailUrl\":\"https:\\\/\\\/www.ledizioni.it\\\/stag\\\/wp-content\\\/uploads\\\/2017\\\/07\\\/Cover_3D-5.jpg\",\"datePublished\":\"2017-07-25T13:13:11+00:00\",\"dateModified\":\"2017-07-25T13:23:32+00:00\",\"description\":\"Cuaderno AISPI n.8\\\/2016. Editores: Roc\u00edo Caravedo, Francisco Moreno Fern\u00e1ndez\",\"breadcrumb\":{\"@id\":\"https:\\\/\\\/www.ledizioni.it\\\/en\\\/product\\\/cuadernos-aispi-n-92017-nadie-se-le-dio-veneno-en-risa\\\/#breadcrumb\"},\"inLanguage\":\"en-GB\",\"potentialAction\":[{\"@type\":\"ReadAction\",\"target\":[\"https:\\\/\\\/www.ledizioni.it\\\/en\\\/product\\\/cuadernos-aispi-n-92017-nadie-se-le-dio-veneno-en-risa\\\/\"]}]},{\"@type\":\"ImageObject\",\"inLanguage\":\"en-GB\",\"@id\":\"https:\\\/\\\/www.ledizioni.it\\\/en\\\/product\\\/cuadernos-aispi-n-92017-nadie-se-le-dio-veneno-en-risa\\\/#primaryimage\",\"url\":\"https:\\\/\\\/www.ledizioni.it\\\/stag\\\/wp-content\\\/uploads\\\/2017\\\/07\\\/Cover_3D-5.jpg\",\"contentUrl\":\"https:\\\/\\\/www.ledizioni.it\\\/stag\\\/wp-content\\\/uploads\\\/2017\\\/07\\\/Cover_3D-5.jpg\",\"width\":1463,\"height\":1876},{\"@type\":\"BreadcrumbList\",\"@id\":\"https:\\\/\\\/www.ledizioni.it\\\/en\\\/product\\\/cuadernos-aispi-n-92017-nadie-se-le-dio-veneno-en-risa\\\/#breadcrumb\",\"itemListElement\":[{\"@type\":\"ListItem\",\"position\":1,\"name\":\"Shop\",\"item\":\"https:\\\/\\\/www.ledizioni.it\\\/shop-2\\\/\"},{\"@type\":\"ListItem\",\"position\":2,\"name\":\"Cuadernos AISPI n. 9\\\/2017, \u201cA NADIE SE LE DIO VENENO EN RISA\u201d\"}]},{\"@type\":\"WebSite\",\"@id\":\"https:\\\/\\\/www.ledizioni.it\\\/#website\",\"url\":\"https:\\\/\\\/www.ledizioni.it\\\/\",\"name\":\"Ledizioni\",\"description\":\"The Innovative LediPublishing Company - Casa Editrice Universitaria\",\"publisher\":{\"@id\":\"https:\\\/\\\/www.ledizioni.it\\\/#organization\"},\"potentialAction\":[{\"@type\":\"SearchAction\",\"target\":{\"@type\":\"EntryPoint\",\"urlTemplate\":\"https:\\\/\\\/www.ledizioni.it\\\/?s={search_term_string}\"},\"query-input\":{\"@type\":\"PropertyValueSpecification\",\"valueRequired\":true,\"valueName\":\"search_term_string\"}}],\"inLanguage\":\"en-GB\"},{\"@type\":\"Organization\",\"@id\":\"https:\\\/\\\/www.ledizioni.it\\\/#organization\",\"name\":\"Ledizioni\",\"url\":\"https:\\\/\\\/www.ledizioni.it\\\/\",\"logo\":{\"@type\":\"ImageObject\",\"inLanguage\":\"en-GB\",\"@id\":\"https:\\\/\\\/www.ledizioni.it\\\/#\\\/schema\\\/logo\\\/image\\\/\",\"url\":\"https:\\\/\\\/www.ledizioni.it\\\/stag\\\/wp-content\\\/uploads\\\/2023\\\/10\\\/newlogoledizioni500x110_2-1.jpg\",\"contentUrl\":\"https:\\\/\\\/www.ledizioni.it\\\/stag\\\/wp-content\\\/uploads\\\/2023\\\/10\\\/newlogoledizioni500x110_2-1.jpg\",\"width\":354,\"height\":87,\"caption\":\"Ledizioni\"},\"image\":{\"@id\":\"https:\\\/\\\/www.ledizioni.it\\\/#\\\/schema\\\/logo\\\/image\\\/\"},\"sameAs\":[\"https:\\\/\\\/www.facebook.com\\\/pages\\\/Ledizioni-LediPublishing\\\/109120559173329\",\"https:\\\/\\\/x.com\\\/ledizioni\"]}]}<\/script>\n<!-- \/ Yoast SEO plugin. -->","yoast_head_json":{"title":"Cuadernos AISPI n. 9\/2017, \u201cA NADIE SE LE DIO VENENO EN RISA\u201d -","description":"Cuaderno AISPI n.8\/2016. Editores: Roc\u00edo Caravedo, Francisco Moreno Fern\u00e1ndez","robots":{"index":"index","follow":"follow","max-snippet":"max-snippet:-1","max-image-preview":"max-image-preview:large","max-video-preview":"max-video-preview:-1"},"canonical":"https:\/\/www.ledizioni.it\/en\/product\/cuadernos-aispi-n-92017-nadie-se-le-dio-veneno-en-risa\/","og_locale":"en_GB","og_type":"article","og_title":"Cuadernos AISPI n. 9\/2017, \u201cA NADIE SE LE DIO VENENO EN RISA\u201d -","og_description":"Cuaderno AISPI n.8\/2016. Editores: Roc\u00edo Caravedo, Francisco Moreno Fern\u00e1ndez","og_url":"https:\/\/www.ledizioni.it\/en\/product\/cuadernos-aispi-n-92017-nadie-se-le-dio-veneno-en-risa\/","og_site_name":"Ledizioni","article_publisher":"https:\/\/www.facebook.com\/pages\/Ledizioni-LediPublishing\/109120559173329","article_modified_time":"2017-07-25T13:23:32+00:00","og_image":[{"width":1463,"height":1876,"url":"https:\/\/www.ledizioni.it\/stag\/wp-content\/uploads\/2017\/07\/Cover_3D-5.jpg","type":"image\/jpeg"}],"twitter_card":"summary_large_image","twitter_site":"@ledizioni","twitter_misc":{"Estimated reading time":"1 minute"},"schema":{"@context":"https:\/\/schema.org","@graph":[{"@type":"WebPage","@id":"https:\/\/www.ledizioni.it\/en\/product\/cuadernos-aispi-n-92017-nadie-se-le-dio-veneno-en-risa\/","url":"https:\/\/www.ledizioni.it\/en\/product\/cuadernos-aispi-n-92017-nadie-se-le-dio-veneno-en-risa\/","name":"Cuadernos AISPI n. 9\/2017, \u201cA NADIE SE LE DIO VENENO EN RISA\u201d -","isPartOf":{"@id":"https:\/\/www.ledizioni.it\/#website"},"primaryImageOfPage":{"@id":"https:\/\/www.ledizioni.it\/en\/product\/cuadernos-aispi-n-92017-nadie-se-le-dio-veneno-en-risa\/#primaryimage"},"image":{"@id":"https:\/\/www.ledizioni.it\/en\/product\/cuadernos-aispi-n-92017-nadie-se-le-dio-veneno-en-risa\/#primaryimage"},"thumbnailUrl":"https:\/\/www.ledizioni.it\/stag\/wp-content\/uploads\/2017\/07\/Cover_3D-5.jpg","datePublished":"2017-07-25T13:13:11+00:00","dateModified":"2017-07-25T13:23:32+00:00","description":"Cuaderno AISPI n.8\/2016. Editores: Roc\u00edo Caravedo, Francisco Moreno Fern\u00e1ndez","breadcrumb":{"@id":"https:\/\/www.ledizioni.it\/en\/product\/cuadernos-aispi-n-92017-nadie-se-le-dio-veneno-en-risa\/#breadcrumb"},"inLanguage":"en-GB","potentialAction":[{"@type":"ReadAction","target":["https:\/\/www.ledizioni.it\/en\/product\/cuadernos-aispi-n-92017-nadie-se-le-dio-veneno-en-risa\/"]}]},{"@type":"ImageObject","inLanguage":"en-GB","@id":"https:\/\/www.ledizioni.it\/en\/product\/cuadernos-aispi-n-92017-nadie-se-le-dio-veneno-en-risa\/#primaryimage","url":"https:\/\/www.ledizioni.it\/stag\/wp-content\/uploads\/2017\/07\/Cover_3D-5.jpg","contentUrl":"https:\/\/www.ledizioni.it\/stag\/wp-content\/uploads\/2017\/07\/Cover_3D-5.jpg","width":1463,"height":1876},{"@type":"BreadcrumbList","@id":"https:\/\/www.ledizioni.it\/en\/product\/cuadernos-aispi-n-92017-nadie-se-le-dio-veneno-en-risa\/#breadcrumb","itemListElement":[{"@type":"ListItem","position":1,"name":"Shop","item":"https:\/\/www.ledizioni.it\/shop-2\/"},{"@type":"ListItem","position":2,"name":"Cuadernos AISPI n. 9\/2017, \u201cA NADIE SE LE DIO VENENO EN RISA\u201d"}]},{"@type":"WebSite","@id":"https:\/\/www.ledizioni.it\/#website","url":"https:\/\/www.ledizioni.it\/","name":"Ledizioni","description":"The Innovative LediPublishing Company - Casa Editrice Universitaria","publisher":{"@id":"https:\/\/www.ledizioni.it\/#organization"},"potentialAction":[{"@type":"SearchAction","target":{"@type":"EntryPoint","urlTemplate":"https:\/\/www.ledizioni.it\/?s={search_term_string}"},"query-input":{"@type":"PropertyValueSpecification","valueRequired":true,"valueName":"search_term_string"}}],"inLanguage":"en-GB"},{"@type":"Organization","@id":"https:\/\/www.ledizioni.it\/#organization","name":"Ledizioni","url":"https:\/\/www.ledizioni.it\/","logo":{"@type":"ImageObject","inLanguage":"en-GB","@id":"https:\/\/www.ledizioni.it\/#\/schema\/logo\/image\/","url":"https:\/\/www.ledizioni.it\/stag\/wp-content\/uploads\/2023\/10\/newlogoledizioni500x110_2-1.jpg","contentUrl":"https:\/\/www.ledizioni.it\/stag\/wp-content\/uploads\/2023\/10\/newlogoledizioni500x110_2-1.jpg","width":354,"height":87,"caption":"Ledizioni"},"image":{"@id":"https:\/\/www.ledizioni.it\/#\/schema\/logo\/image\/"},"sameAs":["https:\/\/www.facebook.com\/pages\/Ledizioni-LediPublishing\/109120559173329","https:\/\/x.com\/ledizioni"]}]}},"jetpack_sharing_enabled":true,"_links":{"self":[{"href":"https:\/\/www.ledizioni.it\/en\/wp-json\/wp\/v2\/product\/17853","targetHints":{"allow":["GET"]}}],"collection":[{"href":"https:\/\/www.ledizioni.it\/en\/wp-json\/wp\/v2\/product"}],"about":[{"href":"https:\/\/www.ledizioni.it\/en\/wp-json\/wp\/v2\/types\/product"}],"replies":[{"embeddable":true,"href":"https:\/\/www.ledizioni.it\/en\/wp-json\/wp\/v2\/comments?post=17853"}],"version-history":[{"count":1,"href":"https:\/\/www.ledizioni.it\/en\/wp-json\/wp\/v2\/product\/17853\/revisions"}],"predecessor-version":[{"id":26795,"href":"https:\/\/www.ledizioni.it\/en\/wp-json\/wp\/v2\/product\/17853\/revisions\/26795"}],"wp:featuredmedia":[{"embeddable":true,"href":"https:\/\/www.ledizioni.it\/en\/wp-json\/wp\/v2\/media\/17854"}],"wp:attachment":[{"href":"https:\/\/www.ledizioni.it\/en\/wp-json\/wp\/v2\/media?parent=17853"}],"wp:term":[{"taxonomy":"product_brand","embeddable":true,"href":"https:\/\/www.ledizioni.it\/en\/wp-json\/wp\/v2\/product_brand?post=17853"},{"taxonomy":"product_cat","embeddable":true,"href":"https:\/\/www.ledizioni.it\/en\/wp-json\/wp\/v2\/product_cat?post=17853"},{"taxonomy":"product_tag","embeddable":true,"href":"https:\/\/www.ledizioni.it\/en\/wp-json\/wp\/v2\/product_tag?post=17853"}],"curies":[{"name":"wp","href":"https:\/\/api.w.org\/{rel}","templated":true}]}}