{"id":18064,"date":"2017-09-14T14:33:45","date_gmt":"2017-09-14T14:33:45","guid":{"rendered":"http:\/\/www.ledizioni.it\/?post_type=product&#038;p=18064"},"modified":"2019-10-04T11:37:01","modified_gmt":"2019-10-04T09:37:01","slug":"s-mondino-diversita-culturali-best-interest-of-the-child","status":"publish","type":"product","link":"https:\/\/www.ledizioni.it\/en\/product\/s-mondino-diversita-culturali-best-interest-of-the-child\/","title":{"rendered":"DIVERSIT\u00c0 CULTURALI E BEST INTEREST OF THE CHILD"},"content":{"rendered":"<p>[amazon_link asins=&#8217;8867056166&#8242; template=&#8217;PriceLink1&#8242; store=&#8217;ledizioni-21&#8242; marketplace=&#8217;IT&#8217; link_id=&#8217;213c93ee-d21e-11e8-9768-6fdbf4db520a&#8217;]<\/p>\n<p>&nbsp;<\/p>\n<p style=\"text-align: justify;\">Il testo\u00a0 descrive le \u201crappresentazioni sociali normative\u201d (da intendersi come le mappe men\u00adtali comuni che condizionano l\u2019interiorizzazione delle norme)\u00a0 di un campione di genitori marocchini e di un campione di giudici minorili italiani in relazione a quella clausola generale che i giuristi chiamano \u201cbest interest of the child\u201d. L\u2019ipotesi di ricerca che viene qui avanzata \u00e8 che il modo di concepire e di utilizzare cognitivamente tale clausola da parte dei due gruppi di attori oggetto del\u00adla ricerca condizionino il modo in cui le norme italiane in materia di esercizio, di limitazione e di decadenza della potest\u00e0 genitoriale sono applicate. Ci\u00f2 consentir\u00e0 di evidenziare se le rappresentazioni che le persone impiegano a livello implicito possano rischiare di comportare l\u2019inefficacia di alcuni provvedimenti emessi dall\u2019autorit\u00e0 giudiziaria.<\/p>\n<p><strong>DATI BIBLIOGRAFICI<\/strong><br \/>\nAutore: Silvia Mondino<br \/>\nEditore: Ledizioni<br \/>\nCollana: <a href=\"http:\/\/www.ledizioni.it\/en\/collane\/diritto\/memorie-del-dipartimento-giurisprudenza-universita-torino\/\">Memoirs of the Law Department \u2013 University of Turin<\/a><br \/>\nPubblicato in: luglio 2017<br \/>\nFormato: brossura, 157 p. &#8211; PDF in Open Access<br \/>\nISBN: 9788867056163<br \/>\nPrezzo: 18\u20ac<\/p>\n<p><script src=\"http:\/\/books.google.com\/books\/previewlib.js\"><\/script> <script type=\"text\/javascript\">\/\/ <![CDATA[ GBS_setLanguage('en'); \/\/ ]]><\/script><br \/>\n<script type=\"text\/javascript\">\/\/ <![CDATA[ GBS_insertPreviewButtonPopup('ISBN:9788867056163'); \/\/ ]]><\/script><\/p>\n<p><a href=\"https:\/\/www.torrossa.com\/it\/resources\/an\/4213527\"><img decoding=\"async\" class=\"aligncenter wp-image-23912\" src=\"https:\/\/www.ledizioni.it\/stag\/wp-content\/uploads\/2019\/07\/torrossa_web-150x80.jpg\" alt=\"\" width=\"200\" height=\"60\" \/><\/a><\/p>","protected":false},"excerpt":{"rendered":"<p>[amazon_link asins=&#8217;8867056166&#8242; template=&#8217;PriceLink1&#8242; store=&#8217;ledizioni-21&#8242; marketplace=&#8217;IT&#8217; link_id=&#8217;213c93ee-d21e-11e8-9768-6fdbf4db520a&#8217;] &nbsp; Il testo\u00a0 descrive le \u201crappresentazioni sociali normative\u201d (da intendersi come le mappe men\u00adtali<\/p>","protected":false},"featured_media":18065,"comment_status":"open","ping_status":"closed","template":"","meta":{"_acf_changed":false},"product_brand":[],"product_cat":[1490],"product_tag":[764],"class_list":{"0":"post-18064","1":"product","2":"type-product","3":"status-publish","4":"has-post-thumbnail","6":"product_cat-memorie-del-dipartimento-di-giurisprudenza","7":"product_tag-open-access-2","8":"pa_formato-cartaceo","9":"pa_formato-ebook-in-pdf","11":"first","12":"instock","13":"featured","14":"shipping-taxable","15":"purchasable","16":"product-type-variable"},"acf":[],"yoast_head":"<!-- This site is optimized with the Yoast SEO plugin v27.4 - https:\/\/yoast.com\/product\/yoast-seo-wordpress\/ -->\n<title>DIVERSIT\u00c0 CULTURALI E BEST INTEREST OF THE CHILD -<\/title>\n<meta name=\"description\" content=\"Ledizioni - Innovative Publishing. Casa editrice universitaria. Open Access. eBook, ePub. Creative Commons.\" \/>\n<meta name=\"robots\" content=\"index, follow, max-snippet:-1, max-image-preview:large, max-video-preview:-1\" \/>\n<link rel=\"canonical\" href=\"https:\/\/www.ledizioni.it\/en\/product\/s-mondino-diversita-culturali-best-interest-of-the-child\/\" \/>\n<meta property=\"og:locale\" content=\"en_GB\" \/>\n<meta property=\"og:type\" content=\"article\" \/>\n<meta property=\"og:title\" content=\"DIVERSIT\u00c0 CULTURALI E BEST INTEREST OF THE CHILD -\" \/>\n<meta property=\"og:description\" content=\"Ledizioni - Innovative Publishing. Casa editrice universitaria. Open Access. eBook, ePub. Creative Commons.\" \/>\n<meta property=\"og:url\" content=\"https:\/\/www.ledizioni.it\/en\/product\/s-mondino-diversita-culturali-best-interest-of-the-child\/\" \/>\n<meta property=\"og:site_name\" content=\"Ledizioni\" \/>\n<meta property=\"article:publisher\" content=\"https:\/\/www.facebook.com\/pages\/Ledizioni-LediPublishing\/109120559173329\" \/>\n<meta property=\"article:modified_time\" content=\"2019-10-04T09:37:01+00:00\" \/>\n<meta property=\"og:image\" content=\"https:\/\/www.ledizioni.it\/stag\/wp-content\/uploads\/2017\/09\/cover3D.jpg\" \/>\n\t<meta property=\"og:image:width\" content=\"1510\" \/>\n\t<meta property=\"og:image:height\" content=\"1926\" \/>\n\t<meta property=\"og:image:type\" content=\"image\/jpeg\" \/>\n<meta name=\"twitter:card\" content=\"summary_large_image\" \/>\n<meta name=\"twitter:site\" content=\"@ledizioni\" \/>\n<meta name=\"twitter:label1\" content=\"Estimated reading time\" \/>\n\t<meta name=\"twitter:data1\" content=\"1 minute\" \/>\n<script type=\"application\/ld+json\" class=\"yoast-schema-graph\">{\"@context\":\"https:\\\/\\\/schema.org\",\"@graph\":[{\"@type\":\"WebPage\",\"@id\":\"https:\\\/\\\/www.ledizioni.it\\\/en\\\/product\\\/s-mondino-diversita-culturali-best-interest-of-the-child\\\/\",\"url\":\"https:\\\/\\\/www.ledizioni.it\\\/en\\\/product\\\/s-mondino-diversita-culturali-best-interest-of-the-child\\\/\",\"name\":\"DIVERSIT\u00c0 CULTURALI E BEST INTEREST OF THE CHILD -\",\"isPartOf\":{\"@id\":\"https:\\\/\\\/www.ledizioni.it\\\/#website\"},\"primaryImageOfPage\":{\"@id\":\"https:\\\/\\\/www.ledizioni.it\\\/en\\\/product\\\/s-mondino-diversita-culturali-best-interest-of-the-child\\\/#primaryimage\"},\"image\":{\"@id\":\"https:\\\/\\\/www.ledizioni.it\\\/en\\\/product\\\/s-mondino-diversita-culturali-best-interest-of-the-child\\\/#primaryimage\"},\"thumbnailUrl\":\"https:\\\/\\\/www.ledizioni.it\\\/stag\\\/wp-content\\\/uploads\\\/2017\\\/09\\\/cover3D.jpg\",\"datePublished\":\"2017-09-14T14:33:45+00:00\",\"dateModified\":\"2019-10-04T09:37:01+00:00\",\"description\":\"Ledizioni - Innovative Publishing. Casa editrice universitaria. Open Access. eBook, ePub. Creative Commons.\",\"breadcrumb\":{\"@id\":\"https:\\\/\\\/www.ledizioni.it\\\/en\\\/product\\\/s-mondino-diversita-culturali-best-interest-of-the-child\\\/#breadcrumb\"},\"inLanguage\":\"en-GB\",\"potentialAction\":[{\"@type\":\"ReadAction\",\"target\":[\"https:\\\/\\\/www.ledizioni.it\\\/en\\\/product\\\/s-mondino-diversita-culturali-best-interest-of-the-child\\\/\"]}]},{\"@type\":\"ImageObject\",\"inLanguage\":\"en-GB\",\"@id\":\"https:\\\/\\\/www.ledizioni.it\\\/en\\\/product\\\/s-mondino-diversita-culturali-best-interest-of-the-child\\\/#primaryimage\",\"url\":\"https:\\\/\\\/www.ledizioni.it\\\/stag\\\/wp-content\\\/uploads\\\/2017\\\/09\\\/cover3D.jpg\",\"contentUrl\":\"https:\\\/\\\/www.ledizioni.it\\\/stag\\\/wp-content\\\/uploads\\\/2017\\\/09\\\/cover3D.jpg\",\"width\":1510,\"height\":1926},{\"@type\":\"BreadcrumbList\",\"@id\":\"https:\\\/\\\/www.ledizioni.it\\\/en\\\/product\\\/s-mondino-diversita-culturali-best-interest-of-the-child\\\/#breadcrumb\",\"itemListElement\":[{\"@type\":\"ListItem\",\"position\":1,\"name\":\"Shop\",\"item\":\"https:\\\/\\\/www.ledizioni.it\\\/shop-2\\\/\"},{\"@type\":\"ListItem\",\"position\":2,\"name\":\"DIVERSIT\u00c0 CULTURALI E BEST INTEREST OF THE CHILD\"}]},{\"@type\":\"WebSite\",\"@id\":\"https:\\\/\\\/www.ledizioni.it\\\/#website\",\"url\":\"https:\\\/\\\/www.ledizioni.it\\\/\",\"name\":\"Ledizioni\",\"description\":\"The Innovative LediPublishing Company - Casa Editrice Universitaria\",\"publisher\":{\"@id\":\"https:\\\/\\\/www.ledizioni.it\\\/#organization\"},\"potentialAction\":[{\"@type\":\"SearchAction\",\"target\":{\"@type\":\"EntryPoint\",\"urlTemplate\":\"https:\\\/\\\/www.ledizioni.it\\\/?s={search_term_string}\"},\"query-input\":{\"@type\":\"PropertyValueSpecification\",\"valueRequired\":true,\"valueName\":\"search_term_string\"}}],\"inLanguage\":\"en-GB\"},{\"@type\":\"Organization\",\"@id\":\"https:\\\/\\\/www.ledizioni.it\\\/#organization\",\"name\":\"Ledizioni\",\"url\":\"https:\\\/\\\/www.ledizioni.it\\\/\",\"logo\":{\"@type\":\"ImageObject\",\"inLanguage\":\"en-GB\",\"@id\":\"https:\\\/\\\/www.ledizioni.it\\\/#\\\/schema\\\/logo\\\/image\\\/\",\"url\":\"https:\\\/\\\/www.ledizioni.it\\\/stag\\\/wp-content\\\/uploads\\\/2023\\\/10\\\/newlogoledizioni500x110_2-1.jpg\",\"contentUrl\":\"https:\\\/\\\/www.ledizioni.it\\\/stag\\\/wp-content\\\/uploads\\\/2023\\\/10\\\/newlogoledizioni500x110_2-1.jpg\",\"width\":354,\"height\":87,\"caption\":\"Ledizioni\"},\"image\":{\"@id\":\"https:\\\/\\\/www.ledizioni.it\\\/#\\\/schema\\\/logo\\\/image\\\/\"},\"sameAs\":[\"https:\\\/\\\/www.facebook.com\\\/pages\\\/Ledizioni-LediPublishing\\\/109120559173329\",\"https:\\\/\\\/x.com\\\/ledizioni\"]}]}<\/script>\n<!-- \/ Yoast SEO plugin. -->","yoast_head_json":{"title":"DIVERSIT\u00c0 CULTURALI E BEST INTEREST OF THE CHILD -","description":"Ledizioni - Innovative Publishing. Casa editrice universitaria. Open Access. eBook, ePub. Creative Commons.","robots":{"index":"index","follow":"follow","max-snippet":"max-snippet:-1","max-image-preview":"max-image-preview:large","max-video-preview":"max-video-preview:-1"},"canonical":"https:\/\/www.ledizioni.it\/en\/product\/s-mondino-diversita-culturali-best-interest-of-the-child\/","og_locale":"en_GB","og_type":"article","og_title":"DIVERSIT\u00c0 CULTURALI E BEST INTEREST OF THE CHILD -","og_description":"Ledizioni - Innovative Publishing. Casa editrice universitaria. Open Access. eBook, ePub. Creative Commons.","og_url":"https:\/\/www.ledizioni.it\/en\/product\/s-mondino-diversita-culturali-best-interest-of-the-child\/","og_site_name":"Ledizioni","article_publisher":"https:\/\/www.facebook.com\/pages\/Ledizioni-LediPublishing\/109120559173329","article_modified_time":"2019-10-04T09:37:01+00:00","og_image":[{"width":1510,"height":1926,"url":"https:\/\/www.ledizioni.it\/stag\/wp-content\/uploads\/2017\/09\/cover3D.jpg","type":"image\/jpeg"}],"twitter_card":"summary_large_image","twitter_site":"@ledizioni","twitter_misc":{"Estimated reading time":"1 minute"},"schema":{"@context":"https:\/\/schema.org","@graph":[{"@type":"WebPage","@id":"https:\/\/www.ledizioni.it\/en\/product\/s-mondino-diversita-culturali-best-interest-of-the-child\/","url":"https:\/\/www.ledizioni.it\/en\/product\/s-mondino-diversita-culturali-best-interest-of-the-child\/","name":"DIVERSIT\u00c0 CULTURALI E BEST INTEREST OF THE CHILD -","isPartOf":{"@id":"https:\/\/www.ledizioni.it\/#website"},"primaryImageOfPage":{"@id":"https:\/\/www.ledizioni.it\/en\/product\/s-mondino-diversita-culturali-best-interest-of-the-child\/#primaryimage"},"image":{"@id":"https:\/\/www.ledizioni.it\/en\/product\/s-mondino-diversita-culturali-best-interest-of-the-child\/#primaryimage"},"thumbnailUrl":"https:\/\/www.ledizioni.it\/stag\/wp-content\/uploads\/2017\/09\/cover3D.jpg","datePublished":"2017-09-14T14:33:45+00:00","dateModified":"2019-10-04T09:37:01+00:00","description":"Ledizioni - Innovative Publishing. Casa editrice universitaria. Open Access. eBook, ePub. Creative Commons.","breadcrumb":{"@id":"https:\/\/www.ledizioni.it\/en\/product\/s-mondino-diversita-culturali-best-interest-of-the-child\/#breadcrumb"},"inLanguage":"en-GB","potentialAction":[{"@type":"ReadAction","target":["https:\/\/www.ledizioni.it\/en\/product\/s-mondino-diversita-culturali-best-interest-of-the-child\/"]}]},{"@type":"ImageObject","inLanguage":"en-GB","@id":"https:\/\/www.ledizioni.it\/en\/product\/s-mondino-diversita-culturali-best-interest-of-the-child\/#primaryimage","url":"https:\/\/www.ledizioni.it\/stag\/wp-content\/uploads\/2017\/09\/cover3D.jpg","contentUrl":"https:\/\/www.ledizioni.it\/stag\/wp-content\/uploads\/2017\/09\/cover3D.jpg","width":1510,"height":1926},{"@type":"BreadcrumbList","@id":"https:\/\/www.ledizioni.it\/en\/product\/s-mondino-diversita-culturali-best-interest-of-the-child\/#breadcrumb","itemListElement":[{"@type":"ListItem","position":1,"name":"Shop","item":"https:\/\/www.ledizioni.it\/shop-2\/"},{"@type":"ListItem","position":2,"name":"DIVERSIT\u00c0 CULTURALI E BEST INTEREST OF THE CHILD"}]},{"@type":"WebSite","@id":"https:\/\/www.ledizioni.it\/#website","url":"https:\/\/www.ledizioni.it\/","name":"Ledizioni","description":"The Innovative LediPublishing Company - Casa Editrice Universitaria","publisher":{"@id":"https:\/\/www.ledizioni.it\/#organization"},"potentialAction":[{"@type":"SearchAction","target":{"@type":"EntryPoint","urlTemplate":"https:\/\/www.ledizioni.it\/?s={search_term_string}"},"query-input":{"@type":"PropertyValueSpecification","valueRequired":true,"valueName":"search_term_string"}}],"inLanguage":"en-GB"},{"@type":"Organization","@id":"https:\/\/www.ledizioni.it\/#organization","name":"Ledizioni","url":"https:\/\/www.ledizioni.it\/","logo":{"@type":"ImageObject","inLanguage":"en-GB","@id":"https:\/\/www.ledizioni.it\/#\/schema\/logo\/image\/","url":"https:\/\/www.ledizioni.it\/stag\/wp-content\/uploads\/2023\/10\/newlogoledizioni500x110_2-1.jpg","contentUrl":"https:\/\/www.ledizioni.it\/stag\/wp-content\/uploads\/2023\/10\/newlogoledizioni500x110_2-1.jpg","width":354,"height":87,"caption":"Ledizioni"},"image":{"@id":"https:\/\/www.ledizioni.it\/#\/schema\/logo\/image\/"},"sameAs":["https:\/\/www.facebook.com\/pages\/Ledizioni-LediPublishing\/109120559173329","https:\/\/x.com\/ledizioni"]}]}},"jetpack_sharing_enabled":true,"_links":{"self":[{"href":"https:\/\/www.ledizioni.it\/en\/wp-json\/wp\/v2\/product\/18064","targetHints":{"allow":["GET"]}}],"collection":[{"href":"https:\/\/www.ledizioni.it\/en\/wp-json\/wp\/v2\/product"}],"about":[{"href":"https:\/\/www.ledizioni.it\/en\/wp-json\/wp\/v2\/types\/product"}],"replies":[{"embeddable":true,"href":"https:\/\/www.ledizioni.it\/en\/wp-json\/wp\/v2\/comments?post=18064"}],"version-history":[{"count":1,"href":"https:\/\/www.ledizioni.it\/en\/wp-json\/wp\/v2\/product\/18064\/revisions"}],"predecessor-version":[{"id":18115,"href":"https:\/\/www.ledizioni.it\/en\/wp-json\/wp\/v2\/product\/18064\/revisions\/18115"}],"wp:featuredmedia":[{"embeddable":true,"href":"https:\/\/www.ledizioni.it\/en\/wp-json\/wp\/v2\/media\/18065"}],"wp:attachment":[{"href":"https:\/\/www.ledizioni.it\/en\/wp-json\/wp\/v2\/media?parent=18064"}],"wp:term":[{"taxonomy":"product_brand","embeddable":true,"href":"https:\/\/www.ledizioni.it\/en\/wp-json\/wp\/v2\/product_brand?post=18064"},{"taxonomy":"product_cat","embeddable":true,"href":"https:\/\/www.ledizioni.it\/en\/wp-json\/wp\/v2\/product_cat?post=18064"},{"taxonomy":"product_tag","embeddable":true,"href":"https:\/\/www.ledizioni.it\/en\/wp-json\/wp\/v2\/product_tag?post=18064"}],"curies":[{"name":"wp","href":"https:\/\/api.w.org\/{rel}","templated":true}]}}