{"id":18099,"date":"2017-09-27T14:47:45","date_gmt":"2017-09-27T14:47:45","guid":{"rendered":"http:\/\/www.ledizioni.it\/?post_type=product&#038;p=18099"},"modified":"2019-09-30T16:57:50","modified_gmt":"2019-09-30T14:57:50","slug":"g-orientale-caputo-salute-sanita-diseguaglianze-sociali","status":"publish","type":"product","link":"https:\/\/www.ledizioni.it\/en\/product\/g-orientale-caputo-salute-sanita-diseguaglianze-sociali\/","title":{"rendered":"SALUTE, SANIT\u00c0 E DISEGUAGLIANZE SOCIALI"},"content":{"rendered":"<p style=\"text-align: justify;\">[amazon_link asins=&#8217;886705659X&#8217; template=&#8217;PriceLink1&#8242; store=&#8217;ledizioni-21&#8242; marketplace=&#8217;IT&#8217; link_id=&#8217;3ac8ef69-d75c-11e8-b036-afbeecee752e&#8217;]<\/p>\n<p style=\"text-align: justify;\">Il rapporto di ricerca presentato in questo volume \u00e8 il primo risultato del percorso di collaborazione che la Funzione Pubblica CGIL della Campania ha avviato con il Dipartimento di Scienze Sociali dell\u2019Universit\u00e0 degli Studi di Napoli Federico II. L\u2019intento \u00e8 quello di rafforzare il rapporto tra il sindacato e i giovani, rilanciare un dialogo proficuo con le nuove generazioni e consentire loro, attraverso interventi diretti, di approfondire la conoscenza delle pubbliche amministrazioni. La scelta di studiare la sanit\u00e0 \u00e8 stata frutto di due considerazioni, da un lato, negli aspetti positivi e negativi, essa appare paradigmatica del settore pubblico, dall\u2019altro le diseguali opportunit\u00e0 di accesso alla sanit\u00e0 possono rappresentare una delle forme pi\u00f9 discriminanti delle societ\u00e0 occidentali.<br \/>\nI cambiamenti cui stiamo assistendo nel settore sono determinati da spinte apparentemente contraddittorie. Da un lato le indicazioni europee auspicano una promozione di un nuovo concetto di benessere dei cittadini, dall\u2019altro cambiamenti demografici e tecnologici ridefiniscono nuovi bisogni di cura e nuovi soggetti da seguire per pi\u00f9 tempo, ma sopra a tutto incombono le esigenze finanziarie che dettano le agende, fissano le priorit\u00e0 e restringono le risorse destinate alla sanit\u00e0. In tutto questo, il modello di sanit\u00e0 italiano, ancora considerato a livello mondiale per alcuni versi fra i migliori, \u00e8 in crisi. Dove individuare i nodi del malfunzionamento del sistema? E in che misura si pu\u00f2 quantificare, misurare, capire ed individuare del malfunzionamento la sua dimensione peggiore, ossia la corruzione?<br \/>\nOccuparsi di sanit\u00e0 nel tempo presente significa, dunque, interrogarsi sul modello di societ\u00e0 verso cui si vuole puntare, poich\u00e9 la salute, \u201cdiritto fondamentale dell\u2019individuo e interesse della collettivit\u00e0\u201d, \u00e8 al contempo questione sociale e tematica individuale che necessita di principi universali e risposte differenziate perch\u00e9 diversi sono gli individui e i bisogni che essi esprimono \u2013 in base al genere, all\u2019et\u00e0, alla classe sociale di appartenenza, alla nazionalit\u00e0 di provenienza e alle condizioni di contesto in cui essi vivono &#8211; e dunque si pone come sfera delicatissima del vivere e dell\u2019intervento sociale.<br \/>\nAllo stesso tempo, pur nel rispetto dei vincoli di bilancio, noi riteniamo che le leggi di mercato non possano e non debbano in alcun modo mercificare il prezioso bene della salute e della integrit\u00e0 psico-fisica degli individui.<\/p>\n<p>&nbsp;<\/p>\n<h3 style=\"text-align: justify;\"><strong><span style=\"color: #000000;\">DATI BIBLIOGRAFICI<\/span><\/strong><\/h3>\n<p style=\"text-align: justify;\">Autore: Giustina Orientale Caputo<br \/>\nEditore: Ledizioni<br \/>\nFormato: Brossura, 148 p.<br \/>\nPubblicato in: Settembre 2017<br \/>\nISBN cartaceo: 9788867056590<br \/>\nPrezzo: 18 \u20ac<\/p>\n<p style=\"text-align: justify;\"><em><strong>\u00a0<\/strong><\/em><\/p>\n<p><a href=\"https:\/\/www.torrossa.com\/it\/resources\/an\/4223147\"><img decoding=\"async\" class=\"aligncenter wp-image-23912\" src=\"https:\/\/www.ledizioni.it\/stag\/wp-content\/uploads\/2019\/07\/torrossa_web-150x80.jpg\" alt=\"\" width=\"200\" height=\"60\" \/><\/a><\/p>","protected":false},"excerpt":{"rendered":"<p>[amazon_link asins=&#8217;886705659X&#8217; template=&#8217;PriceLink1&#8242; store=&#8217;ledizioni-21&#8242; marketplace=&#8217;IT&#8217; link_id=&#8217;3ac8ef69-d75c-11e8-b036-afbeecee752e&#8217;] Il rapporto di ricerca presentato in questo volume \u00e8 il primo risultato del percorso<\/p>","protected":false},"featured_media":18100,"comment_status":"open","ping_status":"closed","template":"","meta":{"_acf_changed":false},"product_brand":[],"product_cat":[1042],"product_tag":[1502,1564],"class_list":{"0":"post-18099","1":"product","2":"type-product","3":"status-publish","4":"has-post-thumbnail","6":"product_cat-politica","7":"product_tag-salute","8":"product_tag-sistema-sanitario","9":"pa_formato-cartaceo","10":"pa_lingua-italiano","12":"first","13":"instock","14":"featured","15":"shipping-taxable","16":"purchasable","17":"product-type-simple"},"acf":[],"yoast_head":"<!-- This site is optimized with the Yoast SEO plugin v27.4 - https:\/\/yoast.com\/product\/yoast-seo-wordpress\/ -->\n<title>G. Orientale Caputo, SALUTE, SANITA&#039; E DISEGUAGLIANZE SOCIALI<\/title>\n<meta name=\"description\" content=\"Ledizioni - Innovative Publishing. Casa editrice universitaria. Open Access. eBook, ePub. Creative Commons.\" \/>\n<meta name=\"robots\" content=\"index, follow, max-snippet:-1, max-image-preview:large, max-video-preview:-1\" \/>\n<link rel=\"canonical\" href=\"https:\/\/www.ledizioni.it\/en\/product\/g-orientale-caputo-salute-sanita-diseguaglianze-sociali\/\" \/>\n<meta property=\"og:locale\" content=\"en_GB\" \/>\n<meta property=\"og:type\" content=\"article\" \/>\n<meta property=\"og:title\" content=\"G. Orientale Caputo, SALUTE, SANITA&#039; E DISEGUAGLIANZE SOCIALI\" \/>\n<meta property=\"og:description\" content=\"Ledizioni - Innovative Publishing. Casa editrice universitaria. Open Access. eBook, ePub. Creative Commons.\" \/>\n<meta property=\"og:url\" content=\"https:\/\/www.ledizioni.it\/en\/product\/g-orientale-caputo-salute-sanita-diseguaglianze-sociali\/\" \/>\n<meta property=\"og:site_name\" content=\"Ledizioni\" \/>\n<meta property=\"article:publisher\" content=\"https:\/\/www.facebook.com\/pages\/Ledizioni-LediPublishing\/109120559173329\" \/>\n<meta property=\"article:modified_time\" content=\"2019-09-30T14:57:50+00:00\" \/>\n<meta property=\"og:image\" content=\"https:\/\/www.ledizioni.it\/stag\/wp-content\/uploads\/2017\/09\/cover_3D-7.jpg\" \/>\n\t<meta property=\"og:image:width\" content=\"1492\" \/>\n\t<meta property=\"og:image:height\" content=\"1876\" \/>\n\t<meta property=\"og:image:type\" content=\"image\/jpeg\" \/>\n<meta name=\"twitter:card\" content=\"summary_large_image\" \/>\n<meta name=\"twitter:site\" content=\"@ledizioni\" \/>\n<meta name=\"twitter:label1\" content=\"Estimated reading time\" \/>\n\t<meta name=\"twitter:data1\" content=\"2 minutes\" \/>\n<script type=\"application\/ld+json\" class=\"yoast-schema-graph\">{\"@context\":\"https:\\\/\\\/schema.org\",\"@graph\":[{\"@type\":\"WebPage\",\"@id\":\"https:\\\/\\\/www.ledizioni.it\\\/en\\\/product\\\/g-orientale-caputo-salute-sanita-diseguaglianze-sociali\\\/\",\"url\":\"https:\\\/\\\/www.ledizioni.it\\\/en\\\/product\\\/g-orientale-caputo-salute-sanita-diseguaglianze-sociali\\\/\",\"name\":\"G. Orientale Caputo, SALUTE, SANITA' E DISEGUAGLIANZE SOCIALI\",\"isPartOf\":{\"@id\":\"https:\\\/\\\/www.ledizioni.it\\\/#website\"},\"primaryImageOfPage\":{\"@id\":\"https:\\\/\\\/www.ledizioni.it\\\/en\\\/product\\\/g-orientale-caputo-salute-sanita-diseguaglianze-sociali\\\/#primaryimage\"},\"image\":{\"@id\":\"https:\\\/\\\/www.ledizioni.it\\\/en\\\/product\\\/g-orientale-caputo-salute-sanita-diseguaglianze-sociali\\\/#primaryimage\"},\"thumbnailUrl\":\"https:\\\/\\\/www.ledizioni.it\\\/stag\\\/wp-content\\\/uploads\\\/2017\\\/09\\\/cover_3D-7.jpg\",\"datePublished\":\"2017-09-27T14:47:45+00:00\",\"dateModified\":\"2019-09-30T14:57:50+00:00\",\"description\":\"Ledizioni - Innovative Publishing. Casa editrice universitaria. Open Access. eBook, ePub. Creative Commons.\",\"breadcrumb\":{\"@id\":\"https:\\\/\\\/www.ledizioni.it\\\/en\\\/product\\\/g-orientale-caputo-salute-sanita-diseguaglianze-sociali\\\/#breadcrumb\"},\"inLanguage\":\"en-GB\",\"potentialAction\":[{\"@type\":\"ReadAction\",\"target\":[\"https:\\\/\\\/www.ledizioni.it\\\/en\\\/product\\\/g-orientale-caputo-salute-sanita-diseguaglianze-sociali\\\/\"]}]},{\"@type\":\"ImageObject\",\"inLanguage\":\"en-GB\",\"@id\":\"https:\\\/\\\/www.ledizioni.it\\\/en\\\/product\\\/g-orientale-caputo-salute-sanita-diseguaglianze-sociali\\\/#primaryimage\",\"url\":\"https:\\\/\\\/www.ledizioni.it\\\/stag\\\/wp-content\\\/uploads\\\/2017\\\/09\\\/cover_3D-7.jpg\",\"contentUrl\":\"https:\\\/\\\/www.ledizioni.it\\\/stag\\\/wp-content\\\/uploads\\\/2017\\\/09\\\/cover_3D-7.jpg\",\"width\":1492,\"height\":1876},{\"@type\":\"BreadcrumbList\",\"@id\":\"https:\\\/\\\/www.ledizioni.it\\\/en\\\/product\\\/g-orientale-caputo-salute-sanita-diseguaglianze-sociali\\\/#breadcrumb\",\"itemListElement\":[{\"@type\":\"ListItem\",\"position\":1,\"name\":\"Shop\",\"item\":\"https:\\\/\\\/www.ledizioni.it\\\/shop-2\\\/\"},{\"@type\":\"ListItem\",\"position\":2,\"name\":\"SALUTE, SANIT\u00c0 E DISEGUAGLIANZE SOCIALI\"}]},{\"@type\":\"WebSite\",\"@id\":\"https:\\\/\\\/www.ledizioni.it\\\/#website\",\"url\":\"https:\\\/\\\/www.ledizioni.it\\\/\",\"name\":\"Ledizioni\",\"description\":\"The Innovative LediPublishing Company - Casa Editrice Universitaria\",\"publisher\":{\"@id\":\"https:\\\/\\\/www.ledizioni.it\\\/#organization\"},\"potentialAction\":[{\"@type\":\"SearchAction\",\"target\":{\"@type\":\"EntryPoint\",\"urlTemplate\":\"https:\\\/\\\/www.ledizioni.it\\\/?s={search_term_string}\"},\"query-input\":{\"@type\":\"PropertyValueSpecification\",\"valueRequired\":true,\"valueName\":\"search_term_string\"}}],\"inLanguage\":\"en-GB\"},{\"@type\":\"Organization\",\"@id\":\"https:\\\/\\\/www.ledizioni.it\\\/#organization\",\"name\":\"Ledizioni\",\"url\":\"https:\\\/\\\/www.ledizioni.it\\\/\",\"logo\":{\"@type\":\"ImageObject\",\"inLanguage\":\"en-GB\",\"@id\":\"https:\\\/\\\/www.ledizioni.it\\\/#\\\/schema\\\/logo\\\/image\\\/\",\"url\":\"https:\\\/\\\/www.ledizioni.it\\\/stag\\\/wp-content\\\/uploads\\\/2023\\\/10\\\/newlogoledizioni500x110_2-1.jpg\",\"contentUrl\":\"https:\\\/\\\/www.ledizioni.it\\\/stag\\\/wp-content\\\/uploads\\\/2023\\\/10\\\/newlogoledizioni500x110_2-1.jpg\",\"width\":354,\"height\":87,\"caption\":\"Ledizioni\"},\"image\":{\"@id\":\"https:\\\/\\\/www.ledizioni.it\\\/#\\\/schema\\\/logo\\\/image\\\/\"},\"sameAs\":[\"https:\\\/\\\/www.facebook.com\\\/pages\\\/Ledizioni-LediPublishing\\\/109120559173329\",\"https:\\\/\\\/x.com\\\/ledizioni\"]}]}<\/script>\n<!-- \/ Yoast SEO plugin. -->","yoast_head_json":{"title":"G. Orientale Caputo, SALUTE, SANITA' E DISEGUAGLIANZE SOCIALI","description":"Ledizioni - Innovative Publishing. Casa editrice universitaria. Open Access. eBook, ePub. Creative Commons.","robots":{"index":"index","follow":"follow","max-snippet":"max-snippet:-1","max-image-preview":"max-image-preview:large","max-video-preview":"max-video-preview:-1"},"canonical":"https:\/\/www.ledizioni.it\/en\/product\/g-orientale-caputo-salute-sanita-diseguaglianze-sociali\/","og_locale":"en_GB","og_type":"article","og_title":"G. Orientale Caputo, SALUTE, SANITA' E DISEGUAGLIANZE SOCIALI","og_description":"Ledizioni - Innovative Publishing. Casa editrice universitaria. Open Access. eBook, ePub. Creative Commons.","og_url":"https:\/\/www.ledizioni.it\/en\/product\/g-orientale-caputo-salute-sanita-diseguaglianze-sociali\/","og_site_name":"Ledizioni","article_publisher":"https:\/\/www.facebook.com\/pages\/Ledizioni-LediPublishing\/109120559173329","article_modified_time":"2019-09-30T14:57:50+00:00","og_image":[{"width":1492,"height":1876,"url":"https:\/\/www.ledizioni.it\/stag\/wp-content\/uploads\/2017\/09\/cover_3D-7.jpg","type":"image\/jpeg"}],"twitter_card":"summary_large_image","twitter_site":"@ledizioni","twitter_misc":{"Estimated reading time":"2 minutes"},"schema":{"@context":"https:\/\/schema.org","@graph":[{"@type":"WebPage","@id":"https:\/\/www.ledizioni.it\/en\/product\/g-orientale-caputo-salute-sanita-diseguaglianze-sociali\/","url":"https:\/\/www.ledizioni.it\/en\/product\/g-orientale-caputo-salute-sanita-diseguaglianze-sociali\/","name":"G. Orientale Caputo, SALUTE, SANITA' E DISEGUAGLIANZE SOCIALI","isPartOf":{"@id":"https:\/\/www.ledizioni.it\/#website"},"primaryImageOfPage":{"@id":"https:\/\/www.ledizioni.it\/en\/product\/g-orientale-caputo-salute-sanita-diseguaglianze-sociali\/#primaryimage"},"image":{"@id":"https:\/\/www.ledizioni.it\/en\/product\/g-orientale-caputo-salute-sanita-diseguaglianze-sociali\/#primaryimage"},"thumbnailUrl":"https:\/\/www.ledizioni.it\/stag\/wp-content\/uploads\/2017\/09\/cover_3D-7.jpg","datePublished":"2017-09-27T14:47:45+00:00","dateModified":"2019-09-30T14:57:50+00:00","description":"Ledizioni - Innovative Publishing. Casa editrice universitaria. Open Access. eBook, ePub. Creative Commons.","breadcrumb":{"@id":"https:\/\/www.ledizioni.it\/en\/product\/g-orientale-caputo-salute-sanita-diseguaglianze-sociali\/#breadcrumb"},"inLanguage":"en-GB","potentialAction":[{"@type":"ReadAction","target":["https:\/\/www.ledizioni.it\/en\/product\/g-orientale-caputo-salute-sanita-diseguaglianze-sociali\/"]}]},{"@type":"ImageObject","inLanguage":"en-GB","@id":"https:\/\/www.ledizioni.it\/en\/product\/g-orientale-caputo-salute-sanita-diseguaglianze-sociali\/#primaryimage","url":"https:\/\/www.ledizioni.it\/stag\/wp-content\/uploads\/2017\/09\/cover_3D-7.jpg","contentUrl":"https:\/\/www.ledizioni.it\/stag\/wp-content\/uploads\/2017\/09\/cover_3D-7.jpg","width":1492,"height":1876},{"@type":"BreadcrumbList","@id":"https:\/\/www.ledizioni.it\/en\/product\/g-orientale-caputo-salute-sanita-diseguaglianze-sociali\/#breadcrumb","itemListElement":[{"@type":"ListItem","position":1,"name":"Shop","item":"https:\/\/www.ledizioni.it\/shop-2\/"},{"@type":"ListItem","position":2,"name":"SALUTE, SANIT\u00c0 E DISEGUAGLIANZE SOCIALI"}]},{"@type":"WebSite","@id":"https:\/\/www.ledizioni.it\/#website","url":"https:\/\/www.ledizioni.it\/","name":"Ledizioni","description":"The Innovative LediPublishing Company - Casa Editrice Universitaria","publisher":{"@id":"https:\/\/www.ledizioni.it\/#organization"},"potentialAction":[{"@type":"SearchAction","target":{"@type":"EntryPoint","urlTemplate":"https:\/\/www.ledizioni.it\/?s={search_term_string}"},"query-input":{"@type":"PropertyValueSpecification","valueRequired":true,"valueName":"search_term_string"}}],"inLanguage":"en-GB"},{"@type":"Organization","@id":"https:\/\/www.ledizioni.it\/#organization","name":"Ledizioni","url":"https:\/\/www.ledizioni.it\/","logo":{"@type":"ImageObject","inLanguage":"en-GB","@id":"https:\/\/www.ledizioni.it\/#\/schema\/logo\/image\/","url":"https:\/\/www.ledizioni.it\/stag\/wp-content\/uploads\/2023\/10\/newlogoledizioni500x110_2-1.jpg","contentUrl":"https:\/\/www.ledizioni.it\/stag\/wp-content\/uploads\/2023\/10\/newlogoledizioni500x110_2-1.jpg","width":354,"height":87,"caption":"Ledizioni"},"image":{"@id":"https:\/\/www.ledizioni.it\/#\/schema\/logo\/image\/"},"sameAs":["https:\/\/www.facebook.com\/pages\/Ledizioni-LediPublishing\/109120559173329","https:\/\/x.com\/ledizioni"]}]}},"jetpack_sharing_enabled":true,"_links":{"self":[{"href":"https:\/\/www.ledizioni.it\/en\/wp-json\/wp\/v2\/product\/18099","targetHints":{"allow":["GET"]}}],"collection":[{"href":"https:\/\/www.ledizioni.it\/en\/wp-json\/wp\/v2\/product"}],"about":[{"href":"https:\/\/www.ledizioni.it\/en\/wp-json\/wp\/v2\/types\/product"}],"replies":[{"embeddable":true,"href":"https:\/\/www.ledizioni.it\/en\/wp-json\/wp\/v2\/comments?post=18099"}],"version-history":[{"count":1,"href":"https:\/\/www.ledizioni.it\/en\/wp-json\/wp\/v2\/product\/18099\/revisions"}],"predecessor-version":[{"id":20473,"href":"https:\/\/www.ledizioni.it\/en\/wp-json\/wp\/v2\/product\/18099\/revisions\/20473"}],"wp:featuredmedia":[{"embeddable":true,"href":"https:\/\/www.ledizioni.it\/en\/wp-json\/wp\/v2\/media\/18100"}],"wp:attachment":[{"href":"https:\/\/www.ledizioni.it\/en\/wp-json\/wp\/v2\/media?parent=18099"}],"wp:term":[{"taxonomy":"product_brand","embeddable":true,"href":"https:\/\/www.ledizioni.it\/en\/wp-json\/wp\/v2\/product_brand?post=18099"},{"taxonomy":"product_cat","embeddable":true,"href":"https:\/\/www.ledizioni.it\/en\/wp-json\/wp\/v2\/product_cat?post=18099"},{"taxonomy":"product_tag","embeddable":true,"href":"https:\/\/www.ledizioni.it\/en\/wp-json\/wp\/v2\/product_tag?post=18099"}],"curies":[{"name":"wp","href":"https:\/\/api.w.org\/{rel}","templated":true}]}}