{"id":18158,"date":"2017-10-10T12:09:52","date_gmt":"2017-10-10T10:09:52","guid":{"rendered":"http:\/\/www.ledizioni.it\/?post_type=product&#038;p=18158"},"modified":"2022-07-08T17:31:23","modified_gmt":"2022-07-08T15:31:23","slug":"robutti-c-sabena-m-mosca-cura-insegnare-imparare-matematica-fisica","status":"publish","type":"product","link":"https:\/\/www.ledizioni.it\/en\/product\/robutti-c-sabena-m-mosca-cura-insegnare-imparare-matematica-fisica\/","title":{"rendered":"INSEGNARE E IMPARARE MATEMATICA E FISICA"},"content":{"rendered":"<p style=\"text-align: justify;\"><em><strong>Torino, 7-9 ottobre 2015, Liceo &#8220;M. D&#8217;Azeglio&#8221;<\/strong><\/em><\/p>\n<p style=\"text-align: justify;\">Il settimo convegno DI.FI.MA. si \u00e8 svolto presso il liceo D\u2019Azeglio di Torino da mercoled\u00ec 7 ottobre a venerd\u00ec 9 ottobre 2015, sul tema \u201cInsegnare e imparare matematica e fisica: insegnanti e studenti per una didattica inclusiva\u201d. Organizzato con il patrocinio dei Dipartimenti di Matematica, Fisica e Filosofia e Scienze dell\u2019Educazione e della Provincia di Torino, il convegno ha registrato la partecipazione di circa 400 docenti provenienti da tutta Italia, insieme a alcuni ricercatori di prestigio a livello internazionale. Come tradizione sono stati inseriti contributi provenienti da ricercatori, insegnanti di tutti i livelli scolari, insegnanti-formatori, neo-abilitati nel tirocinio, studenti universitari dell\u2019indirizzo didattico, docenti impegnati nei vari progetti di ricerca promossi dai dipartimenti. Le tematiche affrontate nelle relazioni plenarie da esperti italiani e stranieri hanno portato alla ribalta i principali nodi di ricerca attuale, particolarmente: la formazione dei docenti e le comunit\u00e0 di design e sperimentazione, i progetti relativi alla riuscita in matematica degli allievi con difficolt\u00e0 di apprendimento, le rappresentazioni mentali di studenti della scuola primaria, il valore aggiunto della tecnologia nell\u2019insegnamento della matematica dal punto di vista della scoperta, della concettualizzazione e della modellizzazione.<br \/>\nUna giornata del convegno, il venerd\u00ec, \u00e8 stata dedicata al GeoGebra Day, come gi\u00e0 avvenuto per gli altri convegni a partire dal 2011.<\/p>\n<p>&nbsp;<\/p>\n<p><strong>DATI BIBLIOGRAFICI<\/strong><\/p>\n<p>A cura di: Ornella Robutti, Cristina Sabena, Miranda Mosca<br \/>\nEditore: Ledizioni<br \/>\nFormato: PDF Open Access, 581 p.<br \/>\nISBN: 9788867056224<\/p>","protected":false},"excerpt":{"rendered":"<p>Torino, 7-9 ottobre 2015, Liceo &#8220;M. D&#8217;Azeglio&#8221; Il settimo convegno DI.FI.MA. si \u00e8 svolto presso il liceo D\u2019Azeglio di Torino<\/p>","protected":false},"featured_media":18250,"comment_status":"open","ping_status":"closed","template":"","meta":{"_acf_changed":false},"product_brand":[],"product_cat":[790],"product_tag":[735,1175,1034,764,1574],"class_list":{"0":"post-18158","1":"product","2":"type-product","3":"status-publish","4":"has-post-thumbnail","6":"product_cat-pls-matematica","7":"product_tag-didattica-2","8":"product_tag-fisica","9":"product_tag-matematica","10":"product_tag-open-access-2","11":"product_tag-scienza","13":"first","14":"instock","15":"featured","16":"downloadable","17":"virtual","18":"purchasable","19":"product-type-simple"},"acf":[],"yoast_head":"<!-- This site is optimized with the Yoast SEO plugin v27.3 - https:\/\/yoast.com\/product\/yoast-seo-wordpress\/ -->\n<title>INSEGNARE E IMPARARE MATEMATICA E FISICA -<\/title>\n<meta name=\"description\" content=\"Ledizioni - Innovative Publishing. Casa editrice universitaria. Open Access. eBook, ePub. Creative Commons.\" \/>\n<meta name=\"robots\" content=\"index, follow, max-snippet:-1, max-image-preview:large, max-video-preview:-1\" \/>\n<link rel=\"canonical\" href=\"https:\/\/www.ledizioni.it\/en\/product\/robutti-c-sabena-m-mosca-cura-insegnare-imparare-matematica-fisica\/\" \/>\n<meta property=\"og:locale\" content=\"en_GB\" \/>\n<meta property=\"og:type\" content=\"article\" \/>\n<meta property=\"og:title\" content=\"INSEGNARE E IMPARARE MATEMATICA E FISICA -\" \/>\n<meta property=\"og:description\" content=\"Ledizioni - Innovative Publishing. Casa editrice universitaria. Open Access. eBook, ePub. Creative Commons.\" \/>\n<meta property=\"og:url\" content=\"https:\/\/www.ledizioni.it\/en\/product\/robutti-c-sabena-m-mosca-cura-insegnare-imparare-matematica-fisica\/\" \/>\n<meta property=\"og:site_name\" content=\"Ledizioni\" \/>\n<meta property=\"article:publisher\" content=\"https:\/\/www.facebook.com\/pages\/Ledizioni-LediPublishing\/109120559173329\" \/>\n<meta property=\"article:modified_time\" content=\"2022-07-08T15:31:23+00:00\" \/>\n<meta property=\"og:image\" content=\"https:\/\/www.ledizioni.it\/stag\/wp-content\/uploads\/2017\/10\/cover_3D-5.jpg\" \/>\n\t<meta property=\"og:image:width\" content=\"1462\" \/>\n\t<meta property=\"og:image:height\" content=\"1876\" \/>\n\t<meta property=\"og:image:type\" content=\"image\/jpeg\" \/>\n<meta name=\"twitter:card\" content=\"summary_large_image\" \/>\n<meta name=\"twitter:site\" content=\"@ledizioni\" \/>\n<meta name=\"twitter:label1\" content=\"Estimated reading time\" \/>\n\t<meta name=\"twitter:data1\" content=\"1 minute\" \/>\n<script type=\"application\/ld+json\" class=\"yoast-schema-graph\">{\"@context\":\"https:\\\/\\\/schema.org\",\"@graph\":[{\"@type\":\"WebPage\",\"@id\":\"https:\\\/\\\/www.ledizioni.it\\\/prodotto\\\/robutti-c-sabena-m-mosca-cura-insegnare-imparare-matematica-fisica\\\/\",\"url\":\"https:\\\/\\\/www.ledizioni.it\\\/prodotto\\\/robutti-c-sabena-m-mosca-cura-insegnare-imparare-matematica-fisica\\\/\",\"name\":\"INSEGNARE E IMPARARE MATEMATICA E FISICA -\",\"isPartOf\":{\"@id\":\"https:\\\/\\\/www.ledizioni.it\\\/#website\"},\"primaryImageOfPage\":{\"@id\":\"https:\\\/\\\/www.ledizioni.it\\\/prodotto\\\/robutti-c-sabena-m-mosca-cura-insegnare-imparare-matematica-fisica\\\/#primaryimage\"},\"image\":{\"@id\":\"https:\\\/\\\/www.ledizioni.it\\\/prodotto\\\/robutti-c-sabena-m-mosca-cura-insegnare-imparare-matematica-fisica\\\/#primaryimage\"},\"thumbnailUrl\":\"https:\\\/\\\/www.ledizioni.it\\\/stag\\\/wp-content\\\/uploads\\\/2017\\\/10\\\/cover_3D-5.jpg\",\"datePublished\":\"2017-10-10T10:09:52+00:00\",\"dateModified\":\"2022-07-08T15:31:23+00:00\",\"description\":\"Ledizioni - Innovative Publishing. Casa editrice universitaria. Open Access. eBook, ePub. Creative Commons.\",\"breadcrumb\":{\"@id\":\"https:\\\/\\\/www.ledizioni.it\\\/prodotto\\\/robutti-c-sabena-m-mosca-cura-insegnare-imparare-matematica-fisica\\\/#breadcrumb\"},\"inLanguage\":\"en-GB\",\"potentialAction\":[{\"@type\":\"ReadAction\",\"target\":[\"https:\\\/\\\/www.ledizioni.it\\\/prodotto\\\/robutti-c-sabena-m-mosca-cura-insegnare-imparare-matematica-fisica\\\/\"]}]},{\"@type\":\"ImageObject\",\"inLanguage\":\"en-GB\",\"@id\":\"https:\\\/\\\/www.ledizioni.it\\\/prodotto\\\/robutti-c-sabena-m-mosca-cura-insegnare-imparare-matematica-fisica\\\/#primaryimage\",\"url\":\"https:\\\/\\\/www.ledizioni.it\\\/stag\\\/wp-content\\\/uploads\\\/2017\\\/10\\\/cover_3D-5.jpg\",\"contentUrl\":\"https:\\\/\\\/www.ledizioni.it\\\/stag\\\/wp-content\\\/uploads\\\/2017\\\/10\\\/cover_3D-5.jpg\",\"width\":1462,\"height\":1876},{\"@type\":\"BreadcrumbList\",\"@id\":\"https:\\\/\\\/www.ledizioni.it\\\/prodotto\\\/robutti-c-sabena-m-mosca-cura-insegnare-imparare-matematica-fisica\\\/#breadcrumb\",\"itemListElement\":[{\"@type\":\"ListItem\",\"position\":1,\"name\":\"Shop\",\"item\":\"https:\\\/\\\/www.ledizioni.it\\\/shop-2\\\/\"},{\"@type\":\"ListItem\",\"position\":2,\"name\":\"INSEGNARE E IMPARARE MATEMATICA E FISICA\"}]},{\"@type\":\"WebSite\",\"@id\":\"https:\\\/\\\/www.ledizioni.it\\\/#website\",\"url\":\"https:\\\/\\\/www.ledizioni.it\\\/\",\"name\":\"Ledizioni\",\"description\":\"The Innovative LediPublishing Company - Casa Editrice Universitaria\",\"publisher\":{\"@id\":\"https:\\\/\\\/www.ledizioni.it\\\/#organization\"},\"potentialAction\":[{\"@type\":\"SearchAction\",\"target\":{\"@type\":\"EntryPoint\",\"urlTemplate\":\"https:\\\/\\\/www.ledizioni.it\\\/?s={search_term_string}\"},\"query-input\":{\"@type\":\"PropertyValueSpecification\",\"valueRequired\":true,\"valueName\":\"search_term_string\"}}],\"inLanguage\":\"en-GB\"},{\"@type\":\"Organization\",\"@id\":\"https:\\\/\\\/www.ledizioni.it\\\/#organization\",\"name\":\"Ledizioni\",\"url\":\"https:\\\/\\\/www.ledizioni.it\\\/\",\"logo\":{\"@type\":\"ImageObject\",\"inLanguage\":\"en-GB\",\"@id\":\"https:\\\/\\\/www.ledizioni.it\\\/#\\\/schema\\\/logo\\\/image\\\/\",\"url\":\"https:\\\/\\\/www.ledizioni.it\\\/stag\\\/wp-content\\\/uploads\\\/2023\\\/10\\\/newlogoledizioni500x110_2-1.jpg\",\"contentUrl\":\"https:\\\/\\\/www.ledizioni.it\\\/stag\\\/wp-content\\\/uploads\\\/2023\\\/10\\\/newlogoledizioni500x110_2-1.jpg\",\"width\":354,\"height\":87,\"caption\":\"Ledizioni\"},\"image\":{\"@id\":\"https:\\\/\\\/www.ledizioni.it\\\/#\\\/schema\\\/logo\\\/image\\\/\"},\"sameAs\":[\"https:\\\/\\\/www.facebook.com\\\/pages\\\/Ledizioni-LediPublishing\\\/109120559173329\",\"https:\\\/\\\/x.com\\\/ledizioni\"]}]}<\/script>\n<!-- \/ Yoast SEO plugin. -->","yoast_head_json":{"title":"INSEGNARE E IMPARARE MATEMATICA E FISICA -","description":"Ledizioni - Innovative Publishing. Casa editrice universitaria. Open Access. eBook, ePub. Creative Commons.","robots":{"index":"index","follow":"follow","max-snippet":"max-snippet:-1","max-image-preview":"max-image-preview:large","max-video-preview":"max-video-preview:-1"},"canonical":"https:\/\/www.ledizioni.it\/en\/product\/robutti-c-sabena-m-mosca-cura-insegnare-imparare-matematica-fisica\/","og_locale":"en_GB","og_type":"article","og_title":"INSEGNARE E IMPARARE MATEMATICA E FISICA -","og_description":"Ledizioni - Innovative Publishing. Casa editrice universitaria. Open Access. eBook, ePub. Creative Commons.","og_url":"https:\/\/www.ledizioni.it\/en\/product\/robutti-c-sabena-m-mosca-cura-insegnare-imparare-matematica-fisica\/","og_site_name":"Ledizioni","article_publisher":"https:\/\/www.facebook.com\/pages\/Ledizioni-LediPublishing\/109120559173329","article_modified_time":"2022-07-08T15:31:23+00:00","og_image":[{"width":1462,"height":1876,"url":"https:\/\/www.ledizioni.it\/stag\/wp-content\/uploads\/2017\/10\/cover_3D-5.jpg","type":"image\/jpeg"}],"twitter_card":"summary_large_image","twitter_site":"@ledizioni","twitter_misc":{"Estimated reading time":"1 minute"},"schema":{"@context":"https:\/\/schema.org","@graph":[{"@type":"WebPage","@id":"https:\/\/www.ledizioni.it\/prodotto\/robutti-c-sabena-m-mosca-cura-insegnare-imparare-matematica-fisica\/","url":"https:\/\/www.ledizioni.it\/prodotto\/robutti-c-sabena-m-mosca-cura-insegnare-imparare-matematica-fisica\/","name":"INSEGNARE E IMPARARE MATEMATICA E FISICA -","isPartOf":{"@id":"https:\/\/www.ledizioni.it\/#website"},"primaryImageOfPage":{"@id":"https:\/\/www.ledizioni.it\/prodotto\/robutti-c-sabena-m-mosca-cura-insegnare-imparare-matematica-fisica\/#primaryimage"},"image":{"@id":"https:\/\/www.ledizioni.it\/prodotto\/robutti-c-sabena-m-mosca-cura-insegnare-imparare-matematica-fisica\/#primaryimage"},"thumbnailUrl":"https:\/\/www.ledizioni.it\/stag\/wp-content\/uploads\/2017\/10\/cover_3D-5.jpg","datePublished":"2017-10-10T10:09:52+00:00","dateModified":"2022-07-08T15:31:23+00:00","description":"Ledizioni - Innovative Publishing. Casa editrice universitaria. Open Access. eBook, ePub. Creative Commons.","breadcrumb":{"@id":"https:\/\/www.ledizioni.it\/prodotto\/robutti-c-sabena-m-mosca-cura-insegnare-imparare-matematica-fisica\/#breadcrumb"},"inLanguage":"en-GB","potentialAction":[{"@type":"ReadAction","target":["https:\/\/www.ledizioni.it\/prodotto\/robutti-c-sabena-m-mosca-cura-insegnare-imparare-matematica-fisica\/"]}]},{"@type":"ImageObject","inLanguage":"en-GB","@id":"https:\/\/www.ledizioni.it\/prodotto\/robutti-c-sabena-m-mosca-cura-insegnare-imparare-matematica-fisica\/#primaryimage","url":"https:\/\/www.ledizioni.it\/stag\/wp-content\/uploads\/2017\/10\/cover_3D-5.jpg","contentUrl":"https:\/\/www.ledizioni.it\/stag\/wp-content\/uploads\/2017\/10\/cover_3D-5.jpg","width":1462,"height":1876},{"@type":"BreadcrumbList","@id":"https:\/\/www.ledizioni.it\/prodotto\/robutti-c-sabena-m-mosca-cura-insegnare-imparare-matematica-fisica\/#breadcrumb","itemListElement":[{"@type":"ListItem","position":1,"name":"Shop","item":"https:\/\/www.ledizioni.it\/shop-2\/"},{"@type":"ListItem","position":2,"name":"INSEGNARE E IMPARARE MATEMATICA E FISICA"}]},{"@type":"WebSite","@id":"https:\/\/www.ledizioni.it\/#website","url":"https:\/\/www.ledizioni.it\/","name":"Ledizioni","description":"The Innovative LediPublishing Company - Casa Editrice Universitaria","publisher":{"@id":"https:\/\/www.ledizioni.it\/#organization"},"potentialAction":[{"@type":"SearchAction","target":{"@type":"EntryPoint","urlTemplate":"https:\/\/www.ledizioni.it\/?s={search_term_string}"},"query-input":{"@type":"PropertyValueSpecification","valueRequired":true,"valueName":"search_term_string"}}],"inLanguage":"en-GB"},{"@type":"Organization","@id":"https:\/\/www.ledizioni.it\/#organization","name":"Ledizioni","url":"https:\/\/www.ledizioni.it\/","logo":{"@type":"ImageObject","inLanguage":"en-GB","@id":"https:\/\/www.ledizioni.it\/#\/schema\/logo\/image\/","url":"https:\/\/www.ledizioni.it\/stag\/wp-content\/uploads\/2023\/10\/newlogoledizioni500x110_2-1.jpg","contentUrl":"https:\/\/www.ledizioni.it\/stag\/wp-content\/uploads\/2023\/10\/newlogoledizioni500x110_2-1.jpg","width":354,"height":87,"caption":"Ledizioni"},"image":{"@id":"https:\/\/www.ledizioni.it\/#\/schema\/logo\/image\/"},"sameAs":["https:\/\/www.facebook.com\/pages\/Ledizioni-LediPublishing\/109120559173329","https:\/\/x.com\/ledizioni"]}]}},"jetpack_sharing_enabled":true,"_links":{"self":[{"href":"https:\/\/www.ledizioni.it\/en\/wp-json\/wp\/v2\/product\/18158","targetHints":{"allow":["GET"]}}],"collection":[{"href":"https:\/\/www.ledizioni.it\/en\/wp-json\/wp\/v2\/product"}],"about":[{"href":"https:\/\/www.ledizioni.it\/en\/wp-json\/wp\/v2\/types\/product"}],"replies":[{"embeddable":true,"href":"https:\/\/www.ledizioni.it\/en\/wp-json\/wp\/v2\/comments?post=18158"}],"version-history":[{"count":0,"href":"https:\/\/www.ledizioni.it\/en\/wp-json\/wp\/v2\/product\/18158\/revisions"}],"wp:featuredmedia":[{"embeddable":true,"href":"https:\/\/www.ledizioni.it\/en\/wp-json\/wp\/v2\/media\/18250"}],"wp:attachment":[{"href":"https:\/\/www.ledizioni.it\/en\/wp-json\/wp\/v2\/media?parent=18158"}],"wp:term":[{"taxonomy":"product_brand","embeddable":true,"href":"https:\/\/www.ledizioni.it\/en\/wp-json\/wp\/v2\/product_brand?post=18158"},{"taxonomy":"product_cat","embeddable":true,"href":"https:\/\/www.ledizioni.it\/en\/wp-json\/wp\/v2\/product_cat?post=18158"},{"taxonomy":"product_tag","embeddable":true,"href":"https:\/\/www.ledizioni.it\/en\/wp-json\/wp\/v2\/product_tag?post=18158"}],"curies":[{"name":"wp","href":"https:\/\/api.w.org\/{rel}","templated":true}]}}