{"id":18162,"date":"2017-10-11T16:00:52","date_gmt":"2017-10-11T16:00:52","guid":{"rendered":"http:\/\/www.ledizioni.it\/?post_type=product&#038;p=18162"},"modified":"2021-05-26T16:36:18","modified_gmt":"2021-05-26T14:36:18","slug":"gruppo-patto-civico-ambrosoli-cura-patto-civico-la-sua-storia-le-sue-sfide","status":"publish","type":"product","link":"https:\/\/www.ledizioni.it\/en\/product\/gruppo-patto-civico-ambrosoli-cura-patto-civico-la-sua-storia-le-sue-sfide\/","title":{"rendered":"Gruppo Patto Civico Ambrosoli (a cura di), IL PATTO CIVICO. LA SUA STORIA, LE SUE SFIDE"},"content":{"rendered":"<p style=\"text-align: justify;\"><em><strong>Rendiconto dell\u2019attivit\u00e0 in Consiglio regionale del Gruppo Patto civico con Ambrosoli presidente<\/strong><\/em><\/p>\n<p style=\"text-align: justify;\">Questo lavoro nasce su richiesta del Comitato per Ambrosoli presidente in ottemperanza ai principi\u00a0 di Trasparenza e Rendicontazione contenuti nello Statuto che ne ha retto la costituzione e orientato l&#8217;attivit\u00e0. Il progetto \u00e8 stato realizzato con la collaborazione dei Consiglieri del Patto Civico della decima legislatura del Consiglio regionale della Lombardia e del loro staff di collaboratori. Esso \u00e8 dedicato ai 2.164.169 cittadini lombardi che nelle elezioni regionali del 2013 hanno espresso con il voto la loro fiducia nel programma presentato dalla coalizione per Ambrosoli presidente e nelle persone che hanno eletto.<br \/>\nNella prima parte si \u00e8 cercato di dare un resoconto dell&#8217;attivit\u00e0 del Gruppo attraverso le prese di\u00a0 posizione politicamente pi\u00f9 importanti (che non coprono certamente l&#8217;intera mole degli interventi!) attraverso le quali i Consiglieri del Patto Civico, nel loro ruolo di minoranza e di opposizione hanno cercato di difendere e di affermare i valori contenuti nel proprio programma elettorale e le esigenze dei territori di riferimento.<br \/>\nNella seconda parte viene riportata la documentazione degli Atti Legislativi del Gruppo (Proposte di Legge, Interrogazioni, Mozioni, Ordini del Giorno) e il video degli interventi dei Consiglieri, reso possibile grazie all&#8217;accesso diretto, via link, all&#8217;eccellente sistema informatico e documentale del Consiglio regionale della Lombardia.<br \/>\nNella terza parte \u00e8 stata riportata cronologicamente l&#8217;attivit\u00e0 di comunicazione attraverso i titoli dei Comunicati stampa del Gruppo: ne risulta cos\u00ec una sorta di &#8216;Diario&#8217; quasi quotidiano di tutta l&#8217;attivit\u00e0 del Gruppo Patto Civico.<\/p>\n<p>&nbsp;<\/p>\n<p><strong>DATI BIBLIOGRAFICI<\/strong><\/p>\n<p>Autore: a cura di Gruppo Patto Civico Ambrosoli<br \/>\nEditore: Ledizioni<br \/>\nFormato: ePub<br \/>\nISBN: 9788867056743<br \/>\nPrezzo: 3,99 \u20ac<\/p>","protected":false},"excerpt":{"rendered":"<p>Rendiconto dell\u2019attivit\u00e0 in Consiglio regionale del Gruppo Patto civico con Ambrosoli presidente Questo lavoro nasce su richiesta del Comitato per<\/p>","protected":false},"featured_media":18187,"comment_status":"open","ping_status":"closed","template":"","meta":{"_acf_changed":false},"product_brand":[],"product_cat":[1042],"product_tag":[2527,1666,2580,1575],"class_list":{"0":"post-18162","1":"product","2":"type-product","3":"status-publish","4":"has-post-thumbnail","6":"product_cat-politica","7":"product_tag-comunicazione-e-politica","8":"product_tag-diritti-civili","9":"product_tag-politica-italiana","10":"product_tag-regione-lombardia","11":"pa_formato-ebook-in-epub","13":"first","14":"instock","15":"featured","16":"downloadable","17":"virtual","18":"purchasable","19":"product-type-simple"},"acf":[],"yoast_head":"<!-- This site is optimized with the Yoast SEO plugin v27.4 - https:\/\/yoast.com\/product\/yoast-seo-wordpress\/ -->\n<title>Gruppo Patto Civico Ambrosoli (a cura di), IL PATTO CIVICO. LA SUA STORIA, LE SUE SFIDE -<\/title>\n<meta name=\"description\" content=\"Ledizioni - Innovative Publishing. Casa editrice universitaria. Open Access. eBook, ePub. Creative Commons.\" \/>\n<meta name=\"robots\" content=\"index, follow, max-snippet:-1, max-image-preview:large, max-video-preview:-1\" \/>\n<link rel=\"canonical\" href=\"https:\/\/www.ledizioni.it\/en\/product\/gruppo-patto-civico-ambrosoli-cura-patto-civico-la-sua-storia-le-sue-sfide\/\" \/>\n<meta property=\"og:locale\" content=\"en_GB\" \/>\n<meta property=\"og:type\" content=\"article\" \/>\n<meta property=\"og:title\" content=\"Gruppo Patto Civico Ambrosoli (a cura di), IL PATTO CIVICO. LA SUA STORIA, LE SUE SFIDE -\" \/>\n<meta property=\"og:description\" content=\"Ledizioni - Innovative Publishing. Casa editrice universitaria. Open Access. eBook, ePub. Creative Commons.\" \/>\n<meta property=\"og:url\" content=\"https:\/\/www.ledizioni.it\/en\/product\/gruppo-patto-civico-ambrosoli-cura-patto-civico-la-sua-storia-le-sue-sfide\/\" \/>\n<meta property=\"og:site_name\" content=\"Ledizioni\" \/>\n<meta property=\"article:publisher\" content=\"https:\/\/www.facebook.com\/pages\/Ledizioni-LediPublishing\/109120559173329\" \/>\n<meta property=\"article:modified_time\" content=\"2021-05-26T14:36:18+00:00\" \/>\n<meta property=\"og:image\" content=\"https:\/\/www.ledizioni.it\/stag\/wp-content\/uploads\/2017\/10\/Cover_3D1-1.jpg\" \/>\n\t<meta property=\"og:image:width\" content=\"472\" \/>\n\t<meta property=\"og:image:height\" content=\"709\" \/>\n\t<meta property=\"og:image:type\" content=\"image\/jpeg\" \/>\n<meta name=\"twitter:card\" content=\"summary_large_image\" \/>\n<meta name=\"twitter:site\" content=\"@ledizioni\" \/>\n<meta name=\"twitter:label1\" content=\"Estimated reading time\" \/>\n\t<meta name=\"twitter:data1\" content=\"1 minute\" \/>\n<script type=\"application\/ld+json\" class=\"yoast-schema-graph\">{\"@context\":\"https:\\\/\\\/schema.org\",\"@graph\":[{\"@type\":\"WebPage\",\"@id\":\"https:\\\/\\\/www.ledizioni.it\\\/prodotto\\\/gruppo-patto-civico-ambrosoli-cura-patto-civico-la-sua-storia-le-sue-sfide\\\/\",\"url\":\"https:\\\/\\\/www.ledizioni.it\\\/prodotto\\\/gruppo-patto-civico-ambrosoli-cura-patto-civico-la-sua-storia-le-sue-sfide\\\/\",\"name\":\"Gruppo Patto Civico Ambrosoli (a cura di), IL PATTO CIVICO. LA SUA STORIA, LE SUE SFIDE -\",\"isPartOf\":{\"@id\":\"https:\\\/\\\/www.ledizioni.it\\\/#website\"},\"primaryImageOfPage\":{\"@id\":\"https:\\\/\\\/www.ledizioni.it\\\/prodotto\\\/gruppo-patto-civico-ambrosoli-cura-patto-civico-la-sua-storia-le-sue-sfide\\\/#primaryimage\"},\"image\":{\"@id\":\"https:\\\/\\\/www.ledizioni.it\\\/prodotto\\\/gruppo-patto-civico-ambrosoli-cura-patto-civico-la-sua-storia-le-sue-sfide\\\/#primaryimage\"},\"thumbnailUrl\":\"https:\\\/\\\/www.ledizioni.it\\\/stag\\\/wp-content\\\/uploads\\\/2017\\\/10\\\/Cover_3D1-1.jpg\",\"datePublished\":\"2017-10-11T16:00:52+00:00\",\"dateModified\":\"2021-05-26T14:36:18+00:00\",\"description\":\"Ledizioni - Innovative Publishing. Casa editrice universitaria. Open Access. eBook, ePub. Creative Commons.\",\"breadcrumb\":{\"@id\":\"https:\\\/\\\/www.ledizioni.it\\\/prodotto\\\/gruppo-patto-civico-ambrosoli-cura-patto-civico-la-sua-storia-le-sue-sfide\\\/#breadcrumb\"},\"inLanguage\":\"en-GB\",\"potentialAction\":[{\"@type\":\"ReadAction\",\"target\":[\"https:\\\/\\\/www.ledizioni.it\\\/prodotto\\\/gruppo-patto-civico-ambrosoli-cura-patto-civico-la-sua-storia-le-sue-sfide\\\/\"]}]},{\"@type\":\"ImageObject\",\"inLanguage\":\"en-GB\",\"@id\":\"https:\\\/\\\/www.ledizioni.it\\\/prodotto\\\/gruppo-patto-civico-ambrosoli-cura-patto-civico-la-sua-storia-le-sue-sfide\\\/#primaryimage\",\"url\":\"https:\\\/\\\/www.ledizioni.it\\\/stag\\\/wp-content\\\/uploads\\\/2017\\\/10\\\/Cover_3D1-1.jpg\",\"contentUrl\":\"https:\\\/\\\/www.ledizioni.it\\\/stag\\\/wp-content\\\/uploads\\\/2017\\\/10\\\/Cover_3D1-1.jpg\",\"width\":472,\"height\":709},{\"@type\":\"BreadcrumbList\",\"@id\":\"https:\\\/\\\/www.ledizioni.it\\\/prodotto\\\/gruppo-patto-civico-ambrosoli-cura-patto-civico-la-sua-storia-le-sue-sfide\\\/#breadcrumb\",\"itemListElement\":[{\"@type\":\"ListItem\",\"position\":1,\"name\":\"Shop\",\"item\":\"https:\\\/\\\/www.ledizioni.it\\\/shop-2\\\/\"},{\"@type\":\"ListItem\",\"position\":2,\"name\":\"Gruppo Patto Civico Ambrosoli (a cura di), IL PATTO CIVICO. LA SUA STORIA, LE SUE SFIDE\"}]},{\"@type\":\"WebSite\",\"@id\":\"https:\\\/\\\/www.ledizioni.it\\\/#website\",\"url\":\"https:\\\/\\\/www.ledizioni.it\\\/\",\"name\":\"Ledizioni\",\"description\":\"The Innovative LediPublishing Company - Casa Editrice Universitaria\",\"publisher\":{\"@id\":\"https:\\\/\\\/www.ledizioni.it\\\/#organization\"},\"potentialAction\":[{\"@type\":\"SearchAction\",\"target\":{\"@type\":\"EntryPoint\",\"urlTemplate\":\"https:\\\/\\\/www.ledizioni.it\\\/?s={search_term_string}\"},\"query-input\":{\"@type\":\"PropertyValueSpecification\",\"valueRequired\":true,\"valueName\":\"search_term_string\"}}],\"inLanguage\":\"en-GB\"},{\"@type\":\"Organization\",\"@id\":\"https:\\\/\\\/www.ledizioni.it\\\/#organization\",\"name\":\"Ledizioni\",\"url\":\"https:\\\/\\\/www.ledizioni.it\\\/\",\"logo\":{\"@type\":\"ImageObject\",\"inLanguage\":\"en-GB\",\"@id\":\"https:\\\/\\\/www.ledizioni.it\\\/#\\\/schema\\\/logo\\\/image\\\/\",\"url\":\"https:\\\/\\\/www.ledizioni.it\\\/stag\\\/wp-content\\\/uploads\\\/2023\\\/10\\\/newlogoledizioni500x110_2-1.jpg\",\"contentUrl\":\"https:\\\/\\\/www.ledizioni.it\\\/stag\\\/wp-content\\\/uploads\\\/2023\\\/10\\\/newlogoledizioni500x110_2-1.jpg\",\"width\":354,\"height\":87,\"caption\":\"Ledizioni\"},\"image\":{\"@id\":\"https:\\\/\\\/www.ledizioni.it\\\/#\\\/schema\\\/logo\\\/image\\\/\"},\"sameAs\":[\"https:\\\/\\\/www.facebook.com\\\/pages\\\/Ledizioni-LediPublishing\\\/109120559173329\",\"https:\\\/\\\/x.com\\\/ledizioni\"]}]}<\/script>\n<!-- \/ Yoast SEO plugin. -->","yoast_head_json":{"title":"Gruppo Patto Civico Ambrosoli (a cura di), IL PATTO CIVICO. LA SUA STORIA, LE SUE SFIDE -","description":"Ledizioni - Innovative Publishing. Casa editrice universitaria. Open Access. eBook, ePub. Creative Commons.","robots":{"index":"index","follow":"follow","max-snippet":"max-snippet:-1","max-image-preview":"max-image-preview:large","max-video-preview":"max-video-preview:-1"},"canonical":"https:\/\/www.ledizioni.it\/en\/product\/gruppo-patto-civico-ambrosoli-cura-patto-civico-la-sua-storia-le-sue-sfide\/","og_locale":"en_GB","og_type":"article","og_title":"Gruppo Patto Civico Ambrosoli (a cura di), IL PATTO CIVICO. LA SUA STORIA, LE SUE SFIDE -","og_description":"Ledizioni - Innovative Publishing. Casa editrice universitaria. Open Access. eBook, ePub. Creative Commons.","og_url":"https:\/\/www.ledizioni.it\/en\/product\/gruppo-patto-civico-ambrosoli-cura-patto-civico-la-sua-storia-le-sue-sfide\/","og_site_name":"Ledizioni","article_publisher":"https:\/\/www.facebook.com\/pages\/Ledizioni-LediPublishing\/109120559173329","article_modified_time":"2021-05-26T14:36:18+00:00","og_image":[{"width":472,"height":709,"url":"https:\/\/www.ledizioni.it\/stag\/wp-content\/uploads\/2017\/10\/Cover_3D1-1.jpg","type":"image\/jpeg"}],"twitter_card":"summary_large_image","twitter_site":"@ledizioni","twitter_misc":{"Estimated reading time":"1 minute"},"schema":{"@context":"https:\/\/schema.org","@graph":[{"@type":"WebPage","@id":"https:\/\/www.ledizioni.it\/prodotto\/gruppo-patto-civico-ambrosoli-cura-patto-civico-la-sua-storia-le-sue-sfide\/","url":"https:\/\/www.ledizioni.it\/prodotto\/gruppo-patto-civico-ambrosoli-cura-patto-civico-la-sua-storia-le-sue-sfide\/","name":"Gruppo Patto Civico Ambrosoli (a cura di), IL PATTO CIVICO. LA SUA STORIA, LE SUE SFIDE -","isPartOf":{"@id":"https:\/\/www.ledizioni.it\/#website"},"primaryImageOfPage":{"@id":"https:\/\/www.ledizioni.it\/prodotto\/gruppo-patto-civico-ambrosoli-cura-patto-civico-la-sua-storia-le-sue-sfide\/#primaryimage"},"image":{"@id":"https:\/\/www.ledizioni.it\/prodotto\/gruppo-patto-civico-ambrosoli-cura-patto-civico-la-sua-storia-le-sue-sfide\/#primaryimage"},"thumbnailUrl":"https:\/\/www.ledizioni.it\/stag\/wp-content\/uploads\/2017\/10\/Cover_3D1-1.jpg","datePublished":"2017-10-11T16:00:52+00:00","dateModified":"2021-05-26T14:36:18+00:00","description":"Ledizioni - Innovative Publishing. Casa editrice universitaria. Open Access. eBook, ePub. Creative Commons.","breadcrumb":{"@id":"https:\/\/www.ledizioni.it\/prodotto\/gruppo-patto-civico-ambrosoli-cura-patto-civico-la-sua-storia-le-sue-sfide\/#breadcrumb"},"inLanguage":"en-GB","potentialAction":[{"@type":"ReadAction","target":["https:\/\/www.ledizioni.it\/prodotto\/gruppo-patto-civico-ambrosoli-cura-patto-civico-la-sua-storia-le-sue-sfide\/"]}]},{"@type":"ImageObject","inLanguage":"en-GB","@id":"https:\/\/www.ledizioni.it\/prodotto\/gruppo-patto-civico-ambrosoli-cura-patto-civico-la-sua-storia-le-sue-sfide\/#primaryimage","url":"https:\/\/www.ledizioni.it\/stag\/wp-content\/uploads\/2017\/10\/Cover_3D1-1.jpg","contentUrl":"https:\/\/www.ledizioni.it\/stag\/wp-content\/uploads\/2017\/10\/Cover_3D1-1.jpg","width":472,"height":709},{"@type":"BreadcrumbList","@id":"https:\/\/www.ledizioni.it\/prodotto\/gruppo-patto-civico-ambrosoli-cura-patto-civico-la-sua-storia-le-sue-sfide\/#breadcrumb","itemListElement":[{"@type":"ListItem","position":1,"name":"Shop","item":"https:\/\/www.ledizioni.it\/shop-2\/"},{"@type":"ListItem","position":2,"name":"Gruppo Patto Civico Ambrosoli (a cura di), IL PATTO CIVICO. LA SUA STORIA, LE SUE SFIDE"}]},{"@type":"WebSite","@id":"https:\/\/www.ledizioni.it\/#website","url":"https:\/\/www.ledizioni.it\/","name":"Ledizioni","description":"The Innovative LediPublishing Company - Casa Editrice Universitaria","publisher":{"@id":"https:\/\/www.ledizioni.it\/#organization"},"potentialAction":[{"@type":"SearchAction","target":{"@type":"EntryPoint","urlTemplate":"https:\/\/www.ledizioni.it\/?s={search_term_string}"},"query-input":{"@type":"PropertyValueSpecification","valueRequired":true,"valueName":"search_term_string"}}],"inLanguage":"en-GB"},{"@type":"Organization","@id":"https:\/\/www.ledizioni.it\/#organization","name":"Ledizioni","url":"https:\/\/www.ledizioni.it\/","logo":{"@type":"ImageObject","inLanguage":"en-GB","@id":"https:\/\/www.ledizioni.it\/#\/schema\/logo\/image\/","url":"https:\/\/www.ledizioni.it\/stag\/wp-content\/uploads\/2023\/10\/newlogoledizioni500x110_2-1.jpg","contentUrl":"https:\/\/www.ledizioni.it\/stag\/wp-content\/uploads\/2023\/10\/newlogoledizioni500x110_2-1.jpg","width":354,"height":87,"caption":"Ledizioni"},"image":{"@id":"https:\/\/www.ledizioni.it\/#\/schema\/logo\/image\/"},"sameAs":["https:\/\/www.facebook.com\/pages\/Ledizioni-LediPublishing\/109120559173329","https:\/\/x.com\/ledizioni"]}]}},"jetpack_sharing_enabled":true,"_links":{"self":[{"href":"https:\/\/www.ledizioni.it\/en\/wp-json\/wp\/v2\/product\/18162","targetHints":{"allow":["GET"]}}],"collection":[{"href":"https:\/\/www.ledizioni.it\/en\/wp-json\/wp\/v2\/product"}],"about":[{"href":"https:\/\/www.ledizioni.it\/en\/wp-json\/wp\/v2\/types\/product"}],"replies":[{"embeddable":true,"href":"https:\/\/www.ledizioni.it\/en\/wp-json\/wp\/v2\/comments?post=18162"}],"version-history":[{"count":1,"href":"https:\/\/www.ledizioni.it\/en\/wp-json\/wp\/v2\/product\/18162\/revisions"}],"predecessor-version":[{"id":18186,"href":"https:\/\/www.ledizioni.it\/en\/wp-json\/wp\/v2\/product\/18162\/revisions\/18186"}],"wp:featuredmedia":[{"embeddable":true,"href":"https:\/\/www.ledizioni.it\/en\/wp-json\/wp\/v2\/media\/18187"}],"wp:attachment":[{"href":"https:\/\/www.ledizioni.it\/en\/wp-json\/wp\/v2\/media?parent=18162"}],"wp:term":[{"taxonomy":"product_brand","embeddable":true,"href":"https:\/\/www.ledizioni.it\/en\/wp-json\/wp\/v2\/product_brand?post=18162"},{"taxonomy":"product_cat","embeddable":true,"href":"https:\/\/www.ledizioni.it\/en\/wp-json\/wp\/v2\/product_cat?post=18162"},{"taxonomy":"product_tag","embeddable":true,"href":"https:\/\/www.ledizioni.it\/en\/wp-json\/wp\/v2\/product_tag?post=18162"}],"curies":[{"name":"wp","href":"https:\/\/api.w.org\/{rel}","templated":true}]}}