{"id":18175,"date":"2017-10-19T10:45:11","date_gmt":"2017-10-19T10:45:11","guid":{"rendered":"http:\/\/www.ledizioni.it\/?post_type=product&#038;p=18175"},"modified":"2021-06-07T17:36:14","modified_gmt":"2021-06-07T15:36:14","slug":"g-nuvolati-m-bernardi-cura-urbana","status":"publish","type":"product","link":"https:\/\/www.ledizioni.it\/en\/product\/g-nuvolati-m-bernardi-cura-urbana\/","title":{"rendered":"URBANA"},"content":{"rendered":"<p style=\"text-align: justify;\"><em><strong>Un\u2019iniziativa del Dipartimento di Sociologia e Ricerca Sociale dell\u2019Universit\u00e0 degli Studi di Milano-Bicocca per connettere l\u2019Universit\u00e0 e la citt\u00e0<\/strong><\/em><\/p>\n<p style=\"text-align: justify;\">\u201cURBANA. Qualit\u00e0 della Vita e Innovazione Sociale a Milano\u201d, una rassegna di incontri promossa dal Dipartimento di Sociologia e Ricerca Sociale dell\u2019Universit\u00e0 degli Studi di Milano-Bicocca, che ha mirato a consolidare il rapporto tra Universit\u00e0 e Citt\u00e0. Quattro giorni di incontri dedicati all\u2019evoluzione e ai cambiamenti che stanno interessando la citt\u00e0 di Milano e pi\u00f9 in generale le metropoli come luoghi nei quali si misurano le trasformazioni, le disuguaglianze, i problemi sociali ma anche la loro soluzione: gioved\u00ec 4, venerd\u00ec 5, sabato 6 e domenica 7 maggio 2017.<br \/>\n4 TEMI: welfare, societ\u00e0, innovazione e territorio. Oltre 20 appuntamenti sparsi per la citt\u00e0: seminari, dibattiti, mostre fotografiche, performance teatrali, musicali e artistiche, su diverse tematiche: salute, mobilit\u00e0, sicurezza, sostenibilit\u00e0, giovani e anziani, violenza domestica e molto altro ancora.<br \/>\nPI\u00d9 DI 100 SCIENZIATI SOCIALI, ESPERTI ed ARTISTI per portare la sociologia in citt\u00e0 e presentare ai cittadini le indagini, le proposte e le riflessioni del Dipartimento di Sociologia e Ricerca sociale dell\u2019Universit\u00e0 di Milano-Bicocca.<br \/>\nUna grande occasione di diffusione della conoscenza sul territorio aperta a tutta la cittadinanza.<\/p>\n<p style=\"text-align: justify;\"><strong>DATI BIBLIOGRAFICI<\/strong><br \/>\nCuratori: Giampaolo Nuvolati e Monica Bernardi<br \/>\nEditore: Ledizioni<br \/>\nPubblicato in: Ottobre 2017<br \/>\nFormato: brossura, 184 p.<br \/>\nISBN: 9788867056705<br \/>\nPrezzo: 25 \u20ac<\/p>","protected":false},"excerpt":{"rendered":"<p>Un\u2019iniziativa del Dipartimento di Sociologia e Ricerca Sociale dell\u2019Universit\u00e0 degli Studi di Milano-Bicocca per connettere l\u2019Universit\u00e0 e la citt\u00e0 \u201cURBANA.<\/p>","protected":false},"featured_media":18176,"comment_status":"open","ping_status":"closed","template":"","meta":{"_acf_changed":false},"product_brand":[],"product_cat":[1042],"product_tag":[1059,655,764,2437,828,1578,859],"class_list":{"0":"post-18175","1":"product","2":"type-product","3":"status-publish","4":"has-post-thumbnail","6":"product_cat-politica","7":"product_tag-innovazione","8":"product_tag-milano","9":"product_tag-open-access-2","10":"product_tag-ricerca-sociologica","11":"product_tag-citta-2","12":"product_tag-tessuto-sociale","13":"product_tag-welfare","14":"pa_formato-cartaceo","15":"pa_formato-ebook-in-pdf","17":"first","18":"instock","19":"featured","20":"shipping-taxable","21":"purchasable","22":"product-type-variable"},"acf":[],"yoast_head":"<!-- This site is optimized with the Yoast SEO plugin v27.4 - https:\/\/yoast.com\/product\/yoast-seo-wordpress\/ -->\n<title>URBANA -<\/title>\n<meta name=\"description\" content=\"Ledizioni - Innovative Publishing. Casa editrice universitaria. Open Access. eBook, ePub. Creative Commons.\" \/>\n<meta name=\"robots\" content=\"index, follow, max-snippet:-1, max-image-preview:large, max-video-preview:-1\" \/>\n<link rel=\"canonical\" href=\"https:\/\/www.ledizioni.it\/en\/product\/g-nuvolati-m-bernardi-cura-urbana\/\" \/>\n<meta property=\"og:locale\" content=\"en_GB\" \/>\n<meta property=\"og:type\" content=\"article\" \/>\n<meta property=\"og:title\" content=\"URBANA -\" \/>\n<meta property=\"og:description\" content=\"Ledizioni - Innovative Publishing. Casa editrice universitaria. Open Access. eBook, ePub. Creative Commons.\" \/>\n<meta property=\"og:url\" content=\"https:\/\/www.ledizioni.it\/en\/product\/g-nuvolati-m-bernardi-cura-urbana\/\" \/>\n<meta property=\"og:site_name\" content=\"Ledizioni\" \/>\n<meta property=\"article:publisher\" content=\"https:\/\/www.facebook.com\/pages\/Ledizioni-LediPublishing\/109120559173329\" \/>\n<meta property=\"article:modified_time\" content=\"2021-06-07T15:36:14+00:00\" \/>\n<meta property=\"og:image\" content=\"https:\/\/www.ledizioni.it\/stag\/wp-content\/uploads\/2017\/10\/cover_3D-4.jpg\" \/>\n\t<meta property=\"og:image:width\" content=\"1474\" \/>\n\t<meta property=\"og:image:height\" content=\"1950\" \/>\n\t<meta property=\"og:image:type\" content=\"image\/jpeg\" \/>\n<meta name=\"twitter:card\" content=\"summary_large_image\" \/>\n<meta name=\"twitter:site\" content=\"@ledizioni\" \/>\n<meta name=\"twitter:label1\" content=\"Estimated reading time\" \/>\n\t<meta name=\"twitter:data1\" content=\"1 minute\" \/>\n<script type=\"application\/ld+json\" class=\"yoast-schema-graph\">{\"@context\":\"https:\\\/\\\/schema.org\",\"@graph\":[{\"@type\":\"WebPage\",\"@id\":\"https:\\\/\\\/www.ledizioni.it\\\/prodotto\\\/g-nuvolati-m-bernardi-cura-urbana\\\/\",\"url\":\"https:\\\/\\\/www.ledizioni.it\\\/prodotto\\\/g-nuvolati-m-bernardi-cura-urbana\\\/\",\"name\":\"URBANA -\",\"isPartOf\":{\"@id\":\"https:\\\/\\\/www.ledizioni.it\\\/#website\"},\"primaryImageOfPage\":{\"@id\":\"https:\\\/\\\/www.ledizioni.it\\\/prodotto\\\/g-nuvolati-m-bernardi-cura-urbana\\\/#primaryimage\"},\"image\":{\"@id\":\"https:\\\/\\\/www.ledizioni.it\\\/prodotto\\\/g-nuvolati-m-bernardi-cura-urbana\\\/#primaryimage\"},\"thumbnailUrl\":\"https:\\\/\\\/www.ledizioni.it\\\/stag\\\/wp-content\\\/uploads\\\/2017\\\/10\\\/cover_3D-4.jpg\",\"datePublished\":\"2017-10-19T10:45:11+00:00\",\"dateModified\":\"2021-06-07T15:36:14+00:00\",\"description\":\"Ledizioni - Innovative Publishing. Casa editrice universitaria. Open Access. eBook, ePub. Creative Commons.\",\"breadcrumb\":{\"@id\":\"https:\\\/\\\/www.ledizioni.it\\\/prodotto\\\/g-nuvolati-m-bernardi-cura-urbana\\\/#breadcrumb\"},\"inLanguage\":\"en-GB\",\"potentialAction\":[{\"@type\":\"ReadAction\",\"target\":[\"https:\\\/\\\/www.ledizioni.it\\\/prodotto\\\/g-nuvolati-m-bernardi-cura-urbana\\\/\"]}]},{\"@type\":\"ImageObject\",\"inLanguage\":\"en-GB\",\"@id\":\"https:\\\/\\\/www.ledizioni.it\\\/prodotto\\\/g-nuvolati-m-bernardi-cura-urbana\\\/#primaryimage\",\"url\":\"https:\\\/\\\/www.ledizioni.it\\\/stag\\\/wp-content\\\/uploads\\\/2017\\\/10\\\/cover_3D-4.jpg\",\"contentUrl\":\"https:\\\/\\\/www.ledizioni.it\\\/stag\\\/wp-content\\\/uploads\\\/2017\\\/10\\\/cover_3D-4.jpg\",\"width\":1474,\"height\":1950},{\"@type\":\"BreadcrumbList\",\"@id\":\"https:\\\/\\\/www.ledizioni.it\\\/prodotto\\\/g-nuvolati-m-bernardi-cura-urbana\\\/#breadcrumb\",\"itemListElement\":[{\"@type\":\"ListItem\",\"position\":1,\"name\":\"Shop\",\"item\":\"https:\\\/\\\/www.ledizioni.it\\\/shop-2\\\/\"},{\"@type\":\"ListItem\",\"position\":2,\"name\":\"URBANA\"}]},{\"@type\":\"WebSite\",\"@id\":\"https:\\\/\\\/www.ledizioni.it\\\/#website\",\"url\":\"https:\\\/\\\/www.ledizioni.it\\\/\",\"name\":\"Ledizioni\",\"description\":\"The Innovative LediPublishing Company - Casa Editrice Universitaria\",\"publisher\":{\"@id\":\"https:\\\/\\\/www.ledizioni.it\\\/#organization\"},\"potentialAction\":[{\"@type\":\"SearchAction\",\"target\":{\"@type\":\"EntryPoint\",\"urlTemplate\":\"https:\\\/\\\/www.ledizioni.it\\\/?s={search_term_string}\"},\"query-input\":{\"@type\":\"PropertyValueSpecification\",\"valueRequired\":true,\"valueName\":\"search_term_string\"}}],\"inLanguage\":\"en-GB\"},{\"@type\":\"Organization\",\"@id\":\"https:\\\/\\\/www.ledizioni.it\\\/#organization\",\"name\":\"Ledizioni\",\"url\":\"https:\\\/\\\/www.ledizioni.it\\\/\",\"logo\":{\"@type\":\"ImageObject\",\"inLanguage\":\"en-GB\",\"@id\":\"https:\\\/\\\/www.ledizioni.it\\\/#\\\/schema\\\/logo\\\/image\\\/\",\"url\":\"https:\\\/\\\/www.ledizioni.it\\\/stag\\\/wp-content\\\/uploads\\\/2023\\\/10\\\/newlogoledizioni500x110_2-1.jpg\",\"contentUrl\":\"https:\\\/\\\/www.ledizioni.it\\\/stag\\\/wp-content\\\/uploads\\\/2023\\\/10\\\/newlogoledizioni500x110_2-1.jpg\",\"width\":354,\"height\":87,\"caption\":\"Ledizioni\"},\"image\":{\"@id\":\"https:\\\/\\\/www.ledizioni.it\\\/#\\\/schema\\\/logo\\\/image\\\/\"},\"sameAs\":[\"https:\\\/\\\/www.facebook.com\\\/pages\\\/Ledizioni-LediPublishing\\\/109120559173329\",\"https:\\\/\\\/x.com\\\/ledizioni\"]}]}<\/script>\n<!-- \/ Yoast SEO plugin. -->","yoast_head_json":{"title":"URBANA -","description":"Ledizioni - Innovative Publishing. Casa editrice universitaria. Open Access. eBook, ePub. Creative Commons.","robots":{"index":"index","follow":"follow","max-snippet":"max-snippet:-1","max-image-preview":"max-image-preview:large","max-video-preview":"max-video-preview:-1"},"canonical":"https:\/\/www.ledizioni.it\/en\/product\/g-nuvolati-m-bernardi-cura-urbana\/","og_locale":"en_GB","og_type":"article","og_title":"URBANA -","og_description":"Ledizioni - Innovative Publishing. Casa editrice universitaria. Open Access. eBook, ePub. Creative Commons.","og_url":"https:\/\/www.ledizioni.it\/en\/product\/g-nuvolati-m-bernardi-cura-urbana\/","og_site_name":"Ledizioni","article_publisher":"https:\/\/www.facebook.com\/pages\/Ledizioni-LediPublishing\/109120559173329","article_modified_time":"2021-06-07T15:36:14+00:00","og_image":[{"width":1474,"height":1950,"url":"https:\/\/www.ledizioni.it\/stag\/wp-content\/uploads\/2017\/10\/cover_3D-4.jpg","type":"image\/jpeg"}],"twitter_card":"summary_large_image","twitter_site":"@ledizioni","twitter_misc":{"Estimated reading time":"1 minute"},"schema":{"@context":"https:\/\/schema.org","@graph":[{"@type":"WebPage","@id":"https:\/\/www.ledizioni.it\/prodotto\/g-nuvolati-m-bernardi-cura-urbana\/","url":"https:\/\/www.ledizioni.it\/prodotto\/g-nuvolati-m-bernardi-cura-urbana\/","name":"URBANA -","isPartOf":{"@id":"https:\/\/www.ledizioni.it\/#website"},"primaryImageOfPage":{"@id":"https:\/\/www.ledizioni.it\/prodotto\/g-nuvolati-m-bernardi-cura-urbana\/#primaryimage"},"image":{"@id":"https:\/\/www.ledizioni.it\/prodotto\/g-nuvolati-m-bernardi-cura-urbana\/#primaryimage"},"thumbnailUrl":"https:\/\/www.ledizioni.it\/stag\/wp-content\/uploads\/2017\/10\/cover_3D-4.jpg","datePublished":"2017-10-19T10:45:11+00:00","dateModified":"2021-06-07T15:36:14+00:00","description":"Ledizioni - Innovative Publishing. Casa editrice universitaria. Open Access. eBook, ePub. Creative Commons.","breadcrumb":{"@id":"https:\/\/www.ledizioni.it\/prodotto\/g-nuvolati-m-bernardi-cura-urbana\/#breadcrumb"},"inLanguage":"en-GB","potentialAction":[{"@type":"ReadAction","target":["https:\/\/www.ledizioni.it\/prodotto\/g-nuvolati-m-bernardi-cura-urbana\/"]}]},{"@type":"ImageObject","inLanguage":"en-GB","@id":"https:\/\/www.ledizioni.it\/prodotto\/g-nuvolati-m-bernardi-cura-urbana\/#primaryimage","url":"https:\/\/www.ledizioni.it\/stag\/wp-content\/uploads\/2017\/10\/cover_3D-4.jpg","contentUrl":"https:\/\/www.ledizioni.it\/stag\/wp-content\/uploads\/2017\/10\/cover_3D-4.jpg","width":1474,"height":1950},{"@type":"BreadcrumbList","@id":"https:\/\/www.ledizioni.it\/prodotto\/g-nuvolati-m-bernardi-cura-urbana\/#breadcrumb","itemListElement":[{"@type":"ListItem","position":1,"name":"Shop","item":"https:\/\/www.ledizioni.it\/shop-2\/"},{"@type":"ListItem","position":2,"name":"URBANA"}]},{"@type":"WebSite","@id":"https:\/\/www.ledizioni.it\/#website","url":"https:\/\/www.ledizioni.it\/","name":"Ledizioni","description":"The Innovative LediPublishing Company - Casa Editrice Universitaria","publisher":{"@id":"https:\/\/www.ledizioni.it\/#organization"},"potentialAction":[{"@type":"SearchAction","target":{"@type":"EntryPoint","urlTemplate":"https:\/\/www.ledizioni.it\/?s={search_term_string}"},"query-input":{"@type":"PropertyValueSpecification","valueRequired":true,"valueName":"search_term_string"}}],"inLanguage":"en-GB"},{"@type":"Organization","@id":"https:\/\/www.ledizioni.it\/#organization","name":"Ledizioni","url":"https:\/\/www.ledizioni.it\/","logo":{"@type":"ImageObject","inLanguage":"en-GB","@id":"https:\/\/www.ledizioni.it\/#\/schema\/logo\/image\/","url":"https:\/\/www.ledizioni.it\/stag\/wp-content\/uploads\/2023\/10\/newlogoledizioni500x110_2-1.jpg","contentUrl":"https:\/\/www.ledizioni.it\/stag\/wp-content\/uploads\/2023\/10\/newlogoledizioni500x110_2-1.jpg","width":354,"height":87,"caption":"Ledizioni"},"image":{"@id":"https:\/\/www.ledizioni.it\/#\/schema\/logo\/image\/"},"sameAs":["https:\/\/www.facebook.com\/pages\/Ledizioni-LediPublishing\/109120559173329","https:\/\/x.com\/ledizioni"]}]}},"jetpack_sharing_enabled":true,"_links":{"self":[{"href":"https:\/\/www.ledizioni.it\/en\/wp-json\/wp\/v2\/product\/18175","targetHints":{"allow":["GET"]}}],"collection":[{"href":"https:\/\/www.ledizioni.it\/en\/wp-json\/wp\/v2\/product"}],"about":[{"href":"https:\/\/www.ledizioni.it\/en\/wp-json\/wp\/v2\/types\/product"}],"replies":[{"embeddable":true,"href":"https:\/\/www.ledizioni.it\/en\/wp-json\/wp\/v2\/comments?post=18175"}],"version-history":[{"count":1,"href":"https:\/\/www.ledizioni.it\/en\/wp-json\/wp\/v2\/product\/18175\/revisions"}],"predecessor-version":[{"id":18177,"href":"https:\/\/www.ledizioni.it\/en\/wp-json\/wp\/v2\/product\/18175\/revisions\/18177"}],"wp:featuredmedia":[{"embeddable":true,"href":"https:\/\/www.ledizioni.it\/en\/wp-json\/wp\/v2\/media\/18176"}],"wp:attachment":[{"href":"https:\/\/www.ledizioni.it\/en\/wp-json\/wp\/v2\/media?parent=18175"}],"wp:term":[{"taxonomy":"product_brand","embeddable":true,"href":"https:\/\/www.ledizioni.it\/en\/wp-json\/wp\/v2\/product_brand?post=18175"},{"taxonomy":"product_cat","embeddable":true,"href":"https:\/\/www.ledizioni.it\/en\/wp-json\/wp\/v2\/product_cat?post=18175"},{"taxonomy":"product_tag","embeddable":true,"href":"https:\/\/www.ledizioni.it\/en\/wp-json\/wp\/v2\/product_tag?post=18175"}],"curies":[{"name":"wp","href":"https:\/\/api.w.org\/{rel}","templated":true}]}}